{"id":14281,"date":"2025-05-25T23:26:58","date_gmt":"2025-05-25T23:26:58","guid":{"rendered":"https:\/\/tipicino.ch\/apfelspare\/?post_type=product&#038;p=14281"},"modified":"2026-02-15T07:17:10","modified_gmt":"2026-02-15T07:17:10","slug":"a1321-akku-fur-macbook-pro-15-a1286-mitte-2009-mitte-2010","status":"publish","type":"product","link":"https:\/\/tipicino.ch\/apfelspare\/de\/prodotto\/batteria-a1321-per-macbook-pro-15-a1286-mid-2009-mid-2010\/","title":{"rendered":"A1321 Batterie f\u00fcr MacBook Pro 15\u2033 A1286 (Mid 2009 - Mid 2010)"},"content":{"rendered":"<div class=\"aps-pdp\">\n<section class=\"aps-card\">\n<header class=\"aps-card__head\">\n<h2 class=\"aps-h\">A1321 Batterie f\u00fcr MacBook Pro 15\" A1286 (2009 - 2010)<\/h2>\n<p class=\"aps-sub\">Neuer Ersatz, um die Akkulaufzeit Ihres Macs wieder auf den urspr\u00fcnglichen Stand zu bringen.<\/p>\n<\/header>\n<p>\n      Wenn sich die Batterie Ihres MacBook Pro 15\u2033 zu schnell entl\u00e4dt, sich pl\u00f6tzlich abschaltet oder der Computer nur noch funktioniert, wenn er an das Netzteil angeschlossen ist, ist der Austausch gegen dieses neue Teil m\u00f6glicherweise die richtige Wahl. Solche Probleme treten h\u00e4ufig auf, wenn die Zellen aufgrund der im Laufe der Jahre angesammelten W\u00e4rme altern oder wenn die maximale Anzahl der Ladezyklen \u00fcberschritten wird. Wenn Sie ein neues Ersatzteil einbauen, k\u00f6nnen Sie Ihren Computer wieder so uneingeschr\u00e4nkt nutzen, wie Sie ihn gekauft haben.\n    <\/p>\n<p class=\"aps-note\">\n      <span class=\"aps-note__ico\">!<\/span><br \/>\n      <span class=\"aps-note__txt\"><strong>Achtung bei der Kompatibilit\u00e4t:<\/strong> Dieses Teil wurde speziell f\u00fcr Modelle hergestellt, die zwischen 2009 und Mitte 2010 produziert wurden. <strong>Nicht gut<\/strong> f\u00fcr 15\u2033 MacBook Pros, die zwischen 2011 und 2012 hergestellt wurden (erfordern A1382), noch f\u00fcr Modelle von 2008 oder Anfang 2009 (MacBookPro5.1).<\/span>\n    <\/p>\n<\/section>\n<section class=\"aps-card\">\n<header class=\"aps-card__head\">\n<h2 class=\"aps-h\">Unterst\u00fctzte Modelle<\/h2>\n<p class=\"aps-sub\">\u00dcberpr\u00fcfen Sie Ihre Modellkennung in den Einstellungen des Mac.<\/p>\n<\/header>\n<ul class=\"aps-check\">\n<li><strong>MacBook Pro 15\" A1286 (Mid 2010)<\/strong><br \/>\n        <span class=\"aps-badge\">MacBookPro6.2<\/span>\n      <\/li>\n<li><strong>MacBook Pro 15\" A1286 (Mid 2009)<\/strong><br \/>\n        <span class=\"aps-badge\">MacBookPro5.3<\/span><br \/>\n        <span class=\"aps-badge\">MacBookPro5.4<\/span>\n      <\/li>\n<\/ul>\n<\/section>\n<section class=\"aps-card\">\n<header class=\"aps-card__head\">\n<h2 class=\"aps-h\">Technische Eigenschaften<\/h2>\n<p class=\"aps-sub\">Ersatzteildaten.<\/p>\n<\/header>\n<div class=\"aps-specgrid\">\n<div class=\"aps-spec\">\n<div><span>Akkucode<\/span><strong>A1321<\/strong><\/div>\n<\/div>\n<div class=\"aps-spec\">\n<div><span>Typ<\/span><strong>Interner wiederaufladbarer Akku<\/strong><\/div>\n<\/div>\n<div class=\"aps-spec\">\n<div><span>Technologie<\/span><strong>Li-Polymer (Lithium-Polymer)<\/strong><\/div>\n<\/div>\n<div class=\"aps-spec\">\n<div><span>Zustand<\/span><strong>Neu<\/strong><\/div>\n<\/div><\/div>\n<p style=\"margin-top:15px; font-size: 0.85em; color: #555;\">\n      * Hinweis: Wir empfehlen, nach dem Einbau der Batterie eine Erstkalibrierung (einen vollst\u00e4ndigen Lade- und Entladezyklus) durchzuf\u00fchren.\n    <\/p>\n<\/section>\n<section class=\"aps-card aps-callout aps-callout--warn\">\n<header class=\"aps-card__head\">\n<h2 class=\"aps-h\">Installation und Hinweise<\/h2>\n<p class=\"aps-sub\">Ein Vorgang, der Aufmerksamkeit und die richtigen Werkzeuge erfordert.<\/p>\n<\/header>\n<p>\n      Um den Akku auszutauschen, m\u00fcssen Sie den Computer \u00f6ffnen und die internen Anschl\u00fcsse mit Vorsicht behandeln. Wenn Sie nicht vorsichtig sind, besteht die Gefahr, dass die kleinen Anschl\u00fcsse oder Schrauben im Geh\u00e4use besch\u00e4digt werden. Aus diesem Grund empfehlen wir Ihnen, die Arbeit von einem erfahrenen Techniker durchf\u00fchren zu lassen, damit Sie sicher sein k\u00f6nnen, dass die Installation ohne Gefahr f\u00fcr Ihr Ger\u00e4t erfolgt.\n    <\/p>\n<\/section>\n<section class=\"aps-card aps-callout aps-callout--info\">\n<header class=\"aps-card__head\">\n<h2 class=\"aps-h\">Haben Sie Zweifel an der Ersetzung?<\/h2>\n<p class=\"aps-sub\">Schreiben Sie uns und wir werden Ihnen helfen.<\/p>\n<\/header>\n<div class=\"aps-cta\">\n      <a class=\"aps-btn\" href=\"mailto:info@apfelspare.ch\">info@apfelspare.ch<\/a><br \/>\n      <span class=\"aps-cta__hint\">Sie k\u00f6nnen uns gerne die Seriennummer Ihres Macs f\u00fcr eine sofortige \u00dcberpr\u00fcfung schicken.<\/span>\n    <\/div>\n<\/section>\n<\/div>","protected":false},"excerpt":{"rendered":"<p>Interne Batterie A1321 kompatibel mit MacBook Pro 15\u2033 A1286 (2009-2010). Ideal f\u00fcr die L\u00f6sung von Laufzeitproblemen<\/p>","protected":false},"featured_media":14282,"comment_status":"closed","ping_status":"closed","template":"","meta":{"_acf_changed":false,"_et_pb_use_builder":"","_et_pb_old_content":"","_et_gb_content_width":""},"product_brand":[],"product_cat":[185,17,96,95],"product_tag":[],"class_list":{"0":"post-14281","1":"product","2":"type-product","3":"status-publish","4":"has-post-thumbnail","6":"product_cat-batterie","7":"product_cat-category-macbook-pro","8":"product_cat-macbook-pro-15-mid-2010-a1286","9":"product_cat-macbook-pro-15-mid-2009-a1286","11":"first","12":"onbackorder","13":"shipping-taxable","14":"purchasable","15":"product-type-simple"},"acf":[],"yoast_head":"<!-- This site is optimized with the Yoast SEO plugin v27.4 - https:\/\/yoast.com\/product\/yoast-seo-wordpress\/ -->\n<title>Batteria A1321 per MacBook Pro 15&quot; A1286 (Mid 2009 \u2013 Mid 2010)<\/title>\n<meta name=\"description\" content=\"Batteria A1321 per MacBook Pro 15&quot; A1286 (Mid 2009 \u2013 Mid 2010) \u2013 Ricambio per ripristinare l&#039;autonomia del tuo MacBook con spedizione in Svizzera\" \/>\n<meta name=\"robots\" content=\"index, follow, max-snippet:-1, max-image-preview:large, max-video-preview:-1\" \/>\n<link rel=\"canonical\" href=\"https:\/\/tipicino.ch\/apfelspare\/de\/product\/a1321-akku-fur-macbook-pro-15-a1286-mitte-2009-mitte-2010\/\" \/>\n<meta property=\"og:locale\" content=\"de_DE\" \/>\n<meta property=\"og:type\" content=\"article\" \/>\n<meta property=\"og:title\" content=\"Batteria A1321 per MacBook Pro 15&quot; A1286 (Mid 2009 \u2013 Mid 2010)\" \/>\n<meta property=\"og:description\" content=\"Batteria A1321 per MacBook Pro 15&quot; A1286 (Mid 2009 \u2013 Mid 2010) \u2013 Ricambio per ripristinare l&#039;autonomia del tuo MacBook con spedizione in Svizzera\" \/>\n<meta property=\"og:url\" content=\"https:\/\/tipicino.ch\/apfelspare\/de\/product\/a1321-akku-fur-macbook-pro-15-a1286-mitte-2009-mitte-2010\/\" \/>\n<meta property=\"og:site_name\" content=\"Ricambi MacBook Pro, MacBook Air e iMac in Svizzera \u2013 Display, Tastiere, Batterie, Trackpad\" \/>\n<meta property=\"article:modified_time\" content=\"2026-02-15T07:17:10+00:00\" \/>\n<meta property=\"og:image\" content=\"https:\/\/tipicino.ch\/apfelspare\/wp-content\/uploads\/2025\/05\/batteria-a1321-macbook-pro-15-a1286.webp\" \/>\n\t<meta property=\"og:image:width\" content=\"1000\" \/>\n\t<meta property=\"og:image:height\" content=\"1000\" \/>\n\t<meta property=\"og:image:type\" content=\"image\/webp\" \/>\n<meta name=\"twitter:card\" content=\"summary_large_image\" \/>\n<meta name=\"twitter:label1\" content=\"Gesch\u00e4tzte Lesezeit\" \/>\n\t<meta name=\"twitter:data1\" content=\"2\u00a0Minuten\" \/>\n<!-- \/ Yoast SEO plugin. -->","yoast_head_json":{"title":"A1321 Batterie f\u00fcr MacBook Pro 15\" A1286 (Mid 2009 - Mid 2010)","description":"A1321 Batterie f\u00fcr MacBook Pro 15\" A1286 (Mid 2009 - Mid 2010) - Ersatzbatterie zur Wiederherstellung der Batterielebensdauer Ihres MacBook mit Versand in die Schweiz","robots":{"index":"index","follow":"follow","max-snippet":"max-snippet:-1","max-image-preview":"max-image-preview:large","max-video-preview":"max-video-preview:-1"},"canonical":"https:\/\/tipicino.ch\/apfelspare\/de\/product\/a1321-akku-fur-macbook-pro-15-a1286-mitte-2009-mitte-2010\/","og_locale":"de_DE","og_type":"article","og_title":"Batteria A1321 per MacBook Pro 15\" A1286 (Mid 2009 \u2013 Mid 2010)","og_description":"Batteria A1321 per MacBook Pro 15\" A1286 (Mid 2009 \u2013 Mid 2010) \u2013 Ricambio per ripristinare l'autonomia del tuo MacBook con spedizione in Svizzera","og_url":"https:\/\/tipicino.ch\/apfelspare\/de\/product\/a1321-akku-fur-macbook-pro-15-a1286-mitte-2009-mitte-2010\/","og_site_name":"Ricambi MacBook Pro, MacBook Air e iMac in Svizzera \u2013 Display, Tastiere, Batterie, Trackpad","article_modified_time":"2026-02-15T07:17:10+00:00","og_image":[{"width":1000,"height":1000,"url":"https:\/\/tipicino.ch\/apfelspare\/wp-content\/uploads\/2025\/05\/batteria-a1321-macbook-pro-15-a1286.webp","type":"image\/webp"}],"twitter_card":"summary_large_image","twitter_misc":{"Gesch\u00e4tzte Lesezeit":"2\u00a0Minuten"},"schema":{"@context":"https:\/\/schema.org","@graph":[{"@type":"WebPage","@id":"https:\/\/tipicino.ch\/apfelspare\/de\/prodotto\/batteria-a1321-per-macbook-pro-15-a1286-mid-2009-mid-2010\/","url":"https:\/\/tipicino.ch\/apfelspare\/de\/prodotto\/batteria-a1321-per-macbook-pro-15-a1286-mid-2009-mid-2010\/","name":"A1321 Batterie f\u00fcr MacBook Pro 15\" A1286 (Mid 2009 - Mid 2010)","isPartOf":{"@id":"https:\/\/tipicino.ch\/apfelspare\/de\/#website"},"primaryImageOfPage":{"@id":"https:\/\/tipicino.ch\/apfelspare\/de\/prodotto\/batteria-a1321-per-macbook-pro-15-a1286-mid-2009-mid-2010\/#primaryimage"},"image":{"@id":"https:\/\/tipicino.ch\/apfelspare\/de\/prodotto\/batteria-a1321-per-macbook-pro-15-a1286-mid-2009-mid-2010\/#primaryimage"},"thumbnailUrl":"https:\/\/tipicino.ch\/apfelspare\/wp-content\/uploads\/2025\/05\/batteria-a1321-macbook-pro-15-a1286.webp","datePublished":"2025-05-25T23:26:58+00:00","dateModified":"2026-02-15T07:17:10+00:00","description":"A1321 Batterie f\u00fcr MacBook Pro 15\" A1286 (Mid 2009 - Mid 2010) - Ersatzbatterie zur Wiederherstellung der Batterielebensdauer Ihres MacBook mit Versand in die Schweiz","breadcrumb":{"@id":"https:\/\/tipicino.ch\/apfelspare\/de\/prodotto\/batteria-a1321-per-macbook-pro-15-a1286-mid-2009-mid-2010\/#breadcrumb"},"inLanguage":"de-CH","potentialAction":[{"@type":"ReadAction","target":["https:\/\/tipicino.ch\/apfelspare\/de\/prodotto\/batteria-a1321-per-macbook-pro-15-a1286-mid-2009-mid-2010\/"]}]},{"@type":"ImageObject","inLanguage":"de-CH","@id":"https:\/\/tipicino.ch\/apfelspare\/de\/prodotto\/batteria-a1321-per-macbook-pro-15-a1286-mid-2009-mid-2010\/#primaryimage","url":"https:\/\/tipicino.ch\/apfelspare\/wp-content\/uploads\/2025\/05\/batteria-a1321-macbook-pro-15-a1286.webp","contentUrl":"https:\/\/tipicino.ch\/apfelspare\/wp-content\/uploads\/2025\/05\/batteria-a1321-macbook-pro-15-a1286.webp","width":1000,"height":1000,"caption":"Batteria A1321 per MacBook Pro 15\" A1286 (2008\u20132010)"},{"@type":"BreadcrumbList","@id":"https:\/\/tipicino.ch\/apfelspare\/de\/prodotto\/batteria-a1321-per-macbook-pro-15-a1286-mid-2009-mid-2010\/#breadcrumb","itemListElement":[{"@type":"ListItem","position":1,"name":"Home","item":"https:\/\/tipicino.ch\/apfelspare\/de\/"},{"@type":"ListItem","position":2,"name":"Shop","item":"https:\/\/tipicino.ch\/apfelspare\/de\/shop\/"},{"@type":"ListItem","position":3,"name":"Batteria A1321 per MacBook Pro 15&#8243; A1286 (Mid 2009 \u2013 Mid 2010)"}]},{"@type":"WebSite","@id":"https:\/\/tipicino.ch\/apfelspare\/de\/#website","url":"https:\/\/tipicino.ch\/apfelspare\/de\/","name":"Ersatzteile f\u00fcr MacBook Pro, MacBook Air und iMac in der Schweiz \u2013 Display, Tastaturen, Batterien, Trackpads","description":"","publisher":{"@id":"https:\/\/tipicino.ch\/apfelspare\/de\/#organization"},"potentialAction":[{"@type":"SearchAction","target":{"@type":"EntryPoint","urlTemplate":"https:\/\/tipicino.ch\/apfelspare\/de\/?s={search_term_string}"},"query-input":{"@type":"PropertyValueSpecification","valueRequired":true,"valueName":"search_term_string"}}],"inLanguage":"de-CH"},{"@type":"Organization","@id":"https:\/\/tipicino.ch\/apfelspare\/de\/#organization","name":"tipicino.ch\/apfelspare","url":"https:\/\/tipicino.ch\/apfelspare\/de\/","logo":{"@type":"ImageObject","inLanguage":"de-CH","@id":"https:\/\/tipicino.ch\/apfelspare\/de\/#\/schema\/logo\/image\/","url":"https:\/\/tipicino.ch\/apfelspare\/wp-content\/uploads\/2025\/08\/cropped-FAVICON-tipicino.ch\/apfelspare_.png","contentUrl":"https:\/\/tipicino.ch\/apfelspare\/wp-content\/uploads\/2025\/08\/cropped-FAVICON-tipicino.ch\/apfelspare_.png","width":512,"height":512,"caption":"tipicino.ch\/apfelspare"},"image":{"@id":"https:\/\/tipicino.ch\/apfelspare\/de\/#\/schema\/logo\/image\/"}}]}},"_links":{"self":[{"href":"https:\/\/tipicino.ch\/apfelspare\/de\/wp-json\/wp\/v2\/product\/14281","targetHints":{"allow":["GET"]}}],"collection":[{"href":"https:\/\/tipicino.ch\/apfelspare\/de\/wp-json\/wp\/v2\/product"}],"about":[{"href":"https:\/\/tipicino.ch\/apfelspare\/de\/wp-json\/wp\/v2\/types\/product"}],"replies":[{"embeddable":true,"href":"https:\/\/tipicino.ch\/apfelspare\/de\/wp-json\/wp\/v2\/comments?post=14281"}],"wp:featuredmedia":[{"embeddable":true,"href":"https:\/\/tipicino.ch\/apfelspare\/de\/wp-json\/wp\/v2\/media\/14282"}],"wp:attachment":[{"href":"https:\/\/tipicino.ch\/apfelspare\/de\/wp-json\/wp\/v2\/media?parent=14281"}],"wp:term":[{"taxonomy":"product_brand","embeddable":true,"href":"https:\/\/tipicino.ch\/apfelspare\/de\/wp-json\/wp\/v2\/product_brand?post=14281"},{"taxonomy":"product_cat","embeddable":true,"href":"https:\/\/tipicino.ch\/apfelspare\/de\/wp-json\/wp\/v2\/product_cat?post=14281"},{"taxonomy":"product_tag","embeddable":true,"href":"https:\/\/tipicino.ch\/apfelspare\/de\/wp-json\/wp\/v2\/product_tag?post=14281"}],"curies":[{"name":"wp","href":"https:\/\/api.w.org\/{rel}","templated":true}]}}