{"id":14480,"date":"2025-05-30T05:53:06","date_gmt":"2025-05-30T05:53:06","guid":{"rendered":"https:\/\/tipicino.ch\/apfelspare\/?post_type=product&#038;p=14480"},"modified":"2026-03-15T23:21:38","modified_gmt":"2026-03-15T23:21:38","slug":"trackpad-fur-macbook-pro-13-a1278-und-15-a1286-mitte-2009-mitte-2012","status":"publish","type":"product","link":"https:\/\/tipicino.ch\/apfelspare\/de\/prodotto\/trackpad-per-macbook-pro-13-a1278-e-15-a1286-mid-2009-mid-2012\/","title":{"rendered":"Trackpad f\u00fcr MacBook Pro 13\u2033 A1278 und 15\u2033 A1286 (Mid 2009 - Mid 2012)"},"content":{"rendered":"<div class=\"aps-pdp\">\n<section class=\"aps-card\">\n<header class=\"aps-card__head\">\n<h2 class=\"aps-h\">Trackpad f\u00fcr MacBook Pro 13\" A1278 und 15\" A1286 (2009 - 2012)<\/h2>\n<p class=\"aps-sub\">Neue Komponente zur Wiederherstellung des physischen Klicks und der Pr\u00e4zision der klassischen Unibody-Modelle.<\/p>\n<\/header>\n<p>\n      Wenn das Trackpad Ihres MacBook Pro Unibody mit Erm\u00fcdung reagiert, wenn das obere Glas gesprungen ist oder wenn der Klickmechanismus \u201cschwammig\u201d geworden ist und nicht mehr reagiert, ist der Austausch des Teils gegen dieses neue Ersatzteil der beste Schritt, um die Lebensdauer Ihres Macs zu verl\u00e4ngern. Bei Ger\u00e4ten dieser Generation ist das Trackpad ein mechanisches Element, das durch strukturelle Abnutzung, kleine St\u00f6\u00dfe oder Druck durch leicht angeschwollene Batterien beeintr\u00e4chtigt werden kann. Durch den Einbau eines neuen Ersatzteils k\u00f6nnen Sie die urspr\u00fcngliche Leichtg\u00e4ngigkeit und das klare, taktile Feedback wiederherstellen.\n    <\/p>\n<p class=\"aps-note\">\n      <span class=\"aps-note__ico\">!<\/span><br \/>\n      <span class=\"aps-note__txt\"><strong>Wichtige \u00dcberpr\u00fcfung:<\/strong> Dieses Teil ist mit den Modellen 2009 bis 2012 kompatibel. <strong>Es kann nicht verwendet werden<\/strong> auf MacBook Pro 15\u2033 von 2008 oder Anfang 2009 (Kennung MacBookPro5.1), da diese eine andere Befestigungsstruktur verwenden.<\/span>\n    <\/p>\n<\/section>\n<section class=\"aps-card\">\n<header class=\"aps-card__head\">\n<h2 class=\"aps-h\">Unterst\u00fctzte Modelle<\/h2>\n<p class=\"aps-sub\">\u00dcberpr\u00fcfen Sie die Modellkennung in den Systeminformationen Ihres Macs.<\/p>\n<\/header>\n<ul class=\"aps-check\">\n<li><strong>MacBook Pro 13\" A1278 (Mid 2012)<\/strong> <span class=\"aps-badge\">MacBookPro9.2<\/span><\/li>\n<li><strong>MacBook Pro 13\" A1278 (Late 2011)<\/strong> <span class=\"aps-badge\">MacBookPro8.1<\/span><\/li>\n<li><strong>MacBook Pro 13\" A1278 (Early 2011)<\/strong> <span class=\"aps-badge\">MacBookPro8.1<\/span><\/li>\n<li><strong>MacBook Pro 13\" A1278 (Mid 2010)<\/strong> <span class=\"aps-badge\">MacBookPro7.1<\/span><\/li>\n<li><strong>MacBook Pro 13\" A1278 (Mid 2009)<\/strong> <span class=\"aps-badge\">MacBookPro5.5<\/span><\/li>\n<li><strong>MacBook Pro 15\" A1286 (Mid 2012)<\/strong> <span class=\"aps-badge\">MacBookPro9.1<\/span><\/li>\n<li><strong>MacBook Pro 15\" A1286 (Late 2011)<\/strong> <span class=\"aps-badge\">MacBookPro8.2<\/span><\/li>\n<li><strong>MacBook Pro 15\" A1286 (Early 2011)<\/strong> <span class=\"aps-badge\">MacBookPro8.2<\/span><\/li>\n<li><strong>MacBook Pro 15\" A1286 (Mid 2010)<\/strong> <span class=\"aps-badge\">MacBookPro6.2<\/span><\/li>\n<li><strong>MacBook Pro 15\" A1286 (Mid 2009)<\/strong> <span class=\"aps-badge\">MacBookPro5.3<\/span><\/li>\n<li><strong>MacBook Pro 15\" A1286 (Mid 2009)<\/strong> <span class=\"aps-badge\">MacBookPro5.4<\/span><\/li>\n<\/ul>\n<\/section>\n<section class=\"aps-card\">\n<header class=\"aps-card__head\">\n<h2 class=\"aps-h\">Technische Eigenschaften<\/h2>\n<p class=\"aps-sub\">Ersatzteildaten.<\/p>\n<\/header>\n<div class=\"aps-specgrid\">\n<div class=\"aps-spec\">\n<div><span>Typ<\/span><strong>Trackpad<\/strong><\/div>\n<\/div>\n<div class=\"aps-spec\">\n<div><span>Technologie<\/span><strong>Kapazitiv<\/strong><\/div>\n<\/div>\n<div class=\"aps-spec\">\n<div><span>Farbe<\/span><strong>Silver (Silber)<\/strong><\/div>\n<\/div>\n<div class=\"aps-spec\">\n<div><span>Zustand<\/span><strong>Neu<\/strong><\/div>\n<\/div>\n<div class=\"aps-spec\">\n<div><span>Verbindungskabel<\/span><strong>NICHT enthalten<\/strong><\/div>\n<\/div><\/div>\n<\/section>\n<section class=\"aps-card aps-callout aps-callout--warn\">\n<header class=\"aps-card__head\">\n<h2 class=\"aps-h\">Installation und Hinweise<\/h2>\n<p class=\"aps-sub\">Ein mechanischer Vorgang, der Pr\u00e4zision und die richtigen Werkzeuge erfordert.<\/p>\n<\/header>\n<p>\n      Um an das Trackpad zu gelangen, muss die interne Batterie entfernt werden (wof\u00fcr ein spezieller Dreifl\u00fcgelschraubendreher erforderlich ist). Es ist wichtig, die zentrale Spannschraube bei der Montage korrekt einzustellen, um die Intensit\u00e4t des physischen Klicks zu kalibrieren. Aufgrund der Empfindlichkeit der Anschl\u00fcsse auf der Logikplatine und der f\u00fcr die Ausrichtung erforderlichen Pr\u00e4zision empfehlen wir, diese Arbeit einem erfahrenen Techniker zu \u00fcberlassen, um eine sichere und dauerhafte Installation zu gew\u00e4hrleisten.\n    <\/p>\n<\/section>\n<section class=\"aps-card aps-callout aps-callout--info\">\n<header class=\"aps-card__head\">\n<h2 class=\"aps-h\">Sind Sie unsicher, ob dieses Ersatzteil das richtige ist?<\/h2>\n<p class=\"aps-sub\">Kontaktieren Sie uns vor dem Kauf, wir werden Ihnen helfen.<\/p>\n<\/header>\n<div class=\"aps-cta\">\n      <a class=\"aps-btn\" href=\"mailto:info@apfelspare.ch\">info@apfelspare.ch<\/a><br \/>\n      <span class=\"aps-cta__hint\">Senden Sie uns die Seriennummer Ihres Macs und wir werden die Kompatibilit\u00e4t in wenigen Augenblicken \u00fcberpr\u00fcfen.<\/span>\n    <\/div>\n<\/section>\n<\/div>","protected":false},"excerpt":{"rendered":"<p>Trackpad f\u00fcr MacBook Pro 13\u2033 und 15\u2033 (2009-2012), Farbe silber<\/p>","protected":false},"featured_media":14481,"comment_status":"closed","ping_status":"closed","template":"","meta":{"_acf_changed":false,"_et_pb_use_builder":"","_et_pb_old_content":"","_et_gb_content_width":""},"product_brand":[],"product_cat":[180,17,99,104,98,103,97,102,96,101,95,100],"product_tag":[],"class_list":{"0":"post-14480","1":"product","2":"type-product","3":"status-publish","4":"has-post-thumbnail","6":"product_cat-trackpad","7":"product_cat-category-macbook-pro","8":"product_cat-macbook-pro-15-mid-2012-a1286","9":"product_cat-macbook-pro-13-mid-2012-a1278","10":"product_cat-macbook-pro-15-late-2011-a1286","11":"product_cat-macbook-pro-13-late-2011-a1278","12":"product_cat-macbook-pro-15-early-2011-a1286","13":"product_cat-macbook-pro-13-early-2011-a1278","14":"product_cat-macbook-pro-15-mid-2010-a1286","15":"product_cat-macbook-pro-13-mid-2010-a1278","16":"product_cat-macbook-pro-15-mid-2009-a1286","17":"product_cat-macbook-pro-13-mid-2009-a1278","19":"first","20":"instock","21":"shipping-taxable","22":"purchasable","23":"product-type-simple"},"acf":[],"yoast_head":"<!-- This site is optimized with the Yoast SEO plugin v27.4 - https:\/\/yoast.com\/product\/yoast-seo-wordpress\/ -->\n<title>Trackpad MacBook Pro 13&quot; A1278 e 15&quot; A1286 (Mid 2009 \u2013 Mid 2012)<\/title>\n<meta name=\"description\" content=\"Trackpad per MacBook Pro 13&quot; e 15&quot; (2009\u20132012)\" \/>\n<meta name=\"robots\" content=\"index, follow, max-snippet:-1, max-image-preview:large, max-video-preview:-1\" \/>\n<link rel=\"canonical\" href=\"https:\/\/tipicino.ch\/apfelspare\/de\/product\/trackpad-fur-macbook-pro-13-a1278-und-15-a1286-mitte-2009-mitte-2012\/\" \/>\n<meta property=\"og:locale\" content=\"de_DE\" \/>\n<meta property=\"og:type\" content=\"article\" \/>\n<meta property=\"og:title\" content=\"Trackpad MacBook Pro 13&quot; A1278 e 15&quot; A1286 (Mid 2009 \u2013 Mid 2012)\" \/>\n<meta property=\"og:description\" content=\"Trackpad per MacBook Pro 13&quot; e 15&quot; (2009\u20132012)\" \/>\n<meta property=\"og:url\" content=\"https:\/\/tipicino.ch\/apfelspare\/de\/product\/trackpad-fur-macbook-pro-13-a1278-und-15-a1286-mitte-2009-mitte-2012\/\" \/>\n<meta property=\"og:site_name\" content=\"Ricambi MacBook Pro, MacBook Air e iMac in Svizzera \u2013 Display, Tastiere, Batterie, Trackpad\" \/>\n<meta property=\"article:modified_time\" content=\"2026-03-15T23:21:38+00:00\" \/>\n<meta property=\"og:image\" content=\"https:\/\/tipicino.ch\/apfelspare\/wp-content\/uploads\/2025\/05\/trackpad-macbook-pro-a1278-a1286-2009-2012.png\" \/>\n\t<meta property=\"og:image:width\" content=\"1000\" \/>\n\t<meta property=\"og:image:height\" content=\"1000\" \/>\n\t<meta property=\"og:image:type\" content=\"image\/png\" \/>\n<meta name=\"twitter:card\" content=\"summary_large_image\" \/>\n<meta name=\"twitter:label1\" content=\"Gesch\u00e4tzte Lesezeit\" \/>\n\t<meta name=\"twitter:data1\" content=\"3\u00a0Minuten\" \/>\n<!-- \/ Yoast SEO plugin. -->","yoast_head_json":{"title":"Trackpad MacBook Pro 13\" A1278 und 15\" A1286 (Mid 2009 - Mid 2012)","description":"Trackpad f\u00fcr MacBook Pro 13\" und 15\" (2009-2012)","robots":{"index":"index","follow":"follow","max-snippet":"max-snippet:-1","max-image-preview":"max-image-preview:large","max-video-preview":"max-video-preview:-1"},"canonical":"https:\/\/tipicino.ch\/apfelspare\/de\/product\/trackpad-fur-macbook-pro-13-a1278-und-15-a1286-mitte-2009-mitte-2012\/","og_locale":"de_DE","og_type":"article","og_title":"Trackpad MacBook Pro 13\" A1278 e 15\" A1286 (Mid 2009 \u2013 Mid 2012)","og_description":"Trackpad per MacBook Pro 13\" e 15\" (2009\u20132012)","og_url":"https:\/\/tipicino.ch\/apfelspare\/de\/product\/trackpad-fur-macbook-pro-13-a1278-und-15-a1286-mitte-2009-mitte-2012\/","og_site_name":"Ricambi MacBook Pro, MacBook Air e iMac in Svizzera \u2013 Display, Tastiere, Batterie, Trackpad","article_modified_time":"2026-03-15T23:21:38+00:00","og_image":[{"width":1000,"height":1000,"url":"https:\/\/tipicino.ch\/apfelspare\/wp-content\/uploads\/2025\/05\/trackpad-macbook-pro-a1278-a1286-2009-2012.png","type":"image\/png"}],"twitter_card":"summary_large_image","twitter_misc":{"Gesch\u00e4tzte Lesezeit":"3\u00a0Minuten"},"schema":{"@context":"https:\/\/schema.org","@graph":[{"@type":"WebPage","@id":"https:\/\/tipicino.ch\/apfelspare\/de\/prodotto\/trackpad-per-macbook-pro-13-a1278-e-15-a1286-mid-2009-mid-2012\/","url":"https:\/\/tipicino.ch\/apfelspare\/de\/prodotto\/trackpad-per-macbook-pro-13-a1278-e-15-a1286-mid-2009-mid-2012\/","name":"Trackpad MacBook Pro 13\" A1278 und 15\" A1286 (Mid 2009 - Mid 2012)","isPartOf":{"@id":"https:\/\/tipicino.ch\/apfelspare\/de\/#website"},"primaryImageOfPage":{"@id":"https:\/\/tipicino.ch\/apfelspare\/de\/prodotto\/trackpad-per-macbook-pro-13-a1278-e-15-a1286-mid-2009-mid-2012\/#primaryimage"},"image":{"@id":"https:\/\/tipicino.ch\/apfelspare\/de\/prodotto\/trackpad-per-macbook-pro-13-a1278-e-15-a1286-mid-2009-mid-2012\/#primaryimage"},"thumbnailUrl":"https:\/\/tipicino.ch\/apfelspare\/wp-content\/uploads\/2025\/05\/trackpad-macbook-pro-a1278-a1286-2009-2012.png","datePublished":"2025-05-30T05:53:06+00:00","dateModified":"2026-03-15T23:21:38+00:00","description":"Trackpad f\u00fcr MacBook Pro 13\" und 15\" (2009-2012)","breadcrumb":{"@id":"https:\/\/tipicino.ch\/apfelspare\/de\/prodotto\/trackpad-per-macbook-pro-13-a1278-e-15-a1286-mid-2009-mid-2012\/#breadcrumb"},"inLanguage":"de-CH","potentialAction":[{"@type":"ReadAction","target":["https:\/\/tipicino.ch\/apfelspare\/de\/prodotto\/trackpad-per-macbook-pro-13-a1278-e-15-a1286-mid-2009-mid-2012\/"]}]},{"@type":"ImageObject","inLanguage":"de-CH","@id":"https:\/\/tipicino.ch\/apfelspare\/de\/prodotto\/trackpad-per-macbook-pro-13-a1278-e-15-a1286-mid-2009-mid-2012\/#primaryimage","url":"https:\/\/tipicino.ch\/apfelspare\/wp-content\/uploads\/2025\/05\/trackpad-macbook-pro-a1278-a1286-2009-2012.png","contentUrl":"https:\/\/tipicino.ch\/apfelspare\/wp-content\/uploads\/2025\/05\/trackpad-macbook-pro-a1278-a1286-2009-2012.png","width":1000,"height":1000,"caption":"rackpad MacBook Pro A1278 A1286 2009\u20132012"},{"@type":"BreadcrumbList","@id":"https:\/\/tipicino.ch\/apfelspare\/de\/prodotto\/trackpad-per-macbook-pro-13-a1278-e-15-a1286-mid-2009-mid-2012\/#breadcrumb","itemListElement":[{"@type":"ListItem","position":1,"name":"Home","item":"https:\/\/tipicino.ch\/apfelspare\/de\/"},{"@type":"ListItem","position":2,"name":"Shop","item":"https:\/\/tipicino.ch\/apfelspare\/de\/shop\/"},{"@type":"ListItem","position":3,"name":"Trackpad per MacBook Pro 13&#8243; A1278 e 15&#8243; A1286 (Mid 2009 \u2013 Mid 2012)"}]},{"@type":"WebSite","@id":"https:\/\/tipicino.ch\/apfelspare\/de\/#website","url":"https:\/\/tipicino.ch\/apfelspare\/de\/","name":"Ersatzteile f\u00fcr MacBook Pro, MacBook Air und iMac in der Schweiz \u2013 Display, Tastaturen, Batterien, Trackpads","description":"","publisher":{"@id":"https:\/\/tipicino.ch\/apfelspare\/de\/#organization"},"potentialAction":[{"@type":"SearchAction","target":{"@type":"EntryPoint","urlTemplate":"https:\/\/tipicino.ch\/apfelspare\/de\/?s={search_term_string}"},"query-input":{"@type":"PropertyValueSpecification","valueRequired":true,"valueName":"search_term_string"}}],"inLanguage":"de-CH"},{"@type":"Organization","@id":"https:\/\/tipicino.ch\/apfelspare\/de\/#organization","name":"tipicino.ch\/apfelspare","url":"https:\/\/tipicino.ch\/apfelspare\/de\/","logo":{"@type":"ImageObject","inLanguage":"de-CH","@id":"https:\/\/tipicino.ch\/apfelspare\/de\/#\/schema\/logo\/image\/","url":"https:\/\/tipicino.ch\/apfelspare\/wp-content\/uploads\/2025\/08\/cropped-FAVICON-tipicino.ch\/apfelspare_.png","contentUrl":"https:\/\/tipicino.ch\/apfelspare\/wp-content\/uploads\/2025\/08\/cropped-FAVICON-tipicino.ch\/apfelspare_.png","width":512,"height":512,"caption":"tipicino.ch\/apfelspare"},"image":{"@id":"https:\/\/tipicino.ch\/apfelspare\/de\/#\/schema\/logo\/image\/"}}]}},"_links":{"self":[{"href":"https:\/\/tipicino.ch\/apfelspare\/de\/wp-json\/wp\/v2\/product\/14480","targetHints":{"allow":["GET"]}}],"collection":[{"href":"https:\/\/tipicino.ch\/apfelspare\/de\/wp-json\/wp\/v2\/product"}],"about":[{"href":"https:\/\/tipicino.ch\/apfelspare\/de\/wp-json\/wp\/v2\/types\/product"}],"replies":[{"embeddable":true,"href":"https:\/\/tipicino.ch\/apfelspare\/de\/wp-json\/wp\/v2\/comments?post=14480"}],"wp:featuredmedia":[{"embeddable":true,"href":"https:\/\/tipicino.ch\/apfelspare\/de\/wp-json\/wp\/v2\/media\/14481"}],"wp:attachment":[{"href":"https:\/\/tipicino.ch\/apfelspare\/de\/wp-json\/wp\/v2\/media?parent=14480"}],"wp:term":[{"taxonomy":"product_brand","embeddable":true,"href":"https:\/\/tipicino.ch\/apfelspare\/de\/wp-json\/wp\/v2\/product_brand?post=14480"},{"taxonomy":"product_cat","embeddable":true,"href":"https:\/\/tipicino.ch\/apfelspare\/de\/wp-json\/wp\/v2\/product_cat?post=14480"},{"taxonomy":"product_tag","embeddable":true,"href":"https:\/\/tipicino.ch\/apfelspare\/de\/wp-json\/wp\/v2\/product_tag?post=14480"}],"curies":[{"name":"wp","href":"https:\/\/api.w.org\/{rel}","templated":true}]}}