{"id":14875,"date":"2025-06-09T05:36:10","date_gmt":"2025-06-09T05:36:10","guid":{"rendered":"https:\/\/tipicino.ch\/apfelspare\/?post_type=product&#038;p=14875"},"modified":"2026-03-19T09:34:03","modified_gmt":"2026-03-19T09:34:03","slug":"rechts-lufter-fur-macbook-pro-13-a1989-a1706-2016-2019","status":"publish","type":"product","link":"https:\/\/tipicino.ch\/apfelspare\/de\/prodotto\/ventola-di-raffreddamento-destra-per-macbook-pro-13-a1989-a1706-2016-2019\/","title":{"rendered":"L\u00fcfter rechts f\u00fcr MacBook Pro 13\u2033 A1989 A1706 (2016-2019)"},"content":{"rendered":"<div class=\"aps-pdp\">\n<section class=\"aps-card\">\n<header class=\"aps-card__head\">\n<h2 class=\"aps-h\">Rechtsseitiger L\u00fcfter f\u00fcr MacBook Pro 13\" A1989 - A1706 (2016-2019)<\/h2>\n<p class=\"aps-sub\">Spezifische thermische Komponente f\u00fcr das W\u00e4rmemanagement in MacBook Pro 13\u2033 Modellen mit Touch Bar.<\/p>\n<\/header>\n<p>\n      \u00dcberhitzung, mechanisches Brummen und pl\u00f6tzliche Systemverlangsamungen sind typische Anzeichen f\u00fcr einen verstopften oder verschlissenen L\u00fcfter. Diese Ersatzheit f\u00fcr die rechte Position, im Neuzustand geliefert, ist darauf ausgelegt, den korrekten W\u00e4rmeaustausch im Geh\u00e4use wiederherzustellen und sicherzustellen, dass die Prozessoren und die Schaltkreise des Logicboards innerhalb der Sicherheitsgrenzen arbeiten. Ein rechtzeitiger Austausch eines lauten oder ineffizienten Moduls ist entscheidend, um schwere Sch\u00e4den durch hohe Temperaturen bei intensivster Arbeitslast zu vermeiden.\n    <\/p>\n<div class=\"aps-note aps-note--warn\">\n      <span class=\"aps-note__ico\">!<\/span><br \/>\n      <span class=\"aps-note__txt\"><strong>KOMPATIBILIT\u00c4TSHINWEIS:<\/strong> Dieses Ersatzteil ist ausschliesslich kompatibel mit den Modellen mit <strong>Touch Bar<\/strong> (A1706 und A1989). <strong>NICHT<\/strong> ist mit den Funktionstastenversionen (A1708) oder dem Modell A2159 kompatibel. Pr\u00fcfen Sie vor dem Kauf immer die Modellbezeichnung.<\/span>\n    <\/div>\n<\/section>\n<section class=\"aps-card\">\n<header class=\"aps-card__head\">\n<h2 class=\"aps-h\">Unterst\u00fctzte Modelle<\/h2>\n<p class=\"aps-sub\">Liste der MacBook Pro 13\u2033 Versionen, die mit diesem spezifischen rechten L\u00fcftungsmodul kompatibel sind.<\/p>\n<\/header>\n<ul class=\"aps-check\">\n<li><strong>MacBook Pro 13\" A1989 (Mitte 2019)<\/strong> <span class=\"aps-badge\">MacBookPro15.2<\/span><\/li>\n<li><strong>MacBook Pro 13\" A1989 (Mitte 2018)<\/strong> <span class=\"aps-badge\">MacBookPro15.2<\/span><\/li>\n<li><strong>MacBook Pro 13\" A1706 (Mitte 2017)<\/strong> <span class=\"aps-badge\">MacBookPro14.2<\/span><\/li>\n<li><strong>MacBook Pro 13\" A1706 (Ende 2016)<\/strong> <span class=\"aps-badge\">MacBookPro13.2<\/span><\/li>\n<\/ul>\n<\/section>\n<section class=\"aps-card\">\n<header class=\"aps-card__head\">\n<h2 class=\"aps-h\">Technische Eigenschaften<\/h2>\n<p class=\"aps-sub\">Details zum L\u00fcftungsmodul und zur internen Position.<\/p>\n<\/header>\n<div class=\"aps-specgrid\">\n<div class=\"aps-spec\">\n<div><span>Typ<\/span><strong>Rechter L\u00fcfter<\/strong><\/div>\n<\/div>\n<div class=\"aps-spec\">\n<div><span>Position<\/span><strong>RECHTS (wenn man das ge\u00f6ffnete und demontierte MacBook betrachtet, wobei die Batterie zu einem hin gerichtet ist)<\/strong><\/div>\n<\/div>\n<div class=\"aps-spec\">\n<div><span>Zustand<\/span><strong>Neu<\/strong><\/div>\n<\/div>\n<div class=\"aps-spec\">\n<div><span>Kompatibilit\u00e4t<\/span><strong>Exklusiv f\u00fcr Modelle mit Touch Bar<\/strong><\/div>\n<\/div><\/div>\n<\/section>\n<section class=\"aps-card aps-callout aps-callout--warn\">\n<header class=\"aps-card__head\">\n<h2 class=\"aps-h\">Installation und Hinweise<\/h2>\n<p class=\"aps-sub\">Technische Hinweise f\u00fcr einen sicheren Austausch von Hardware-Komponenten.<\/p>\n<\/header>\n<p>\n      Die Installation des L\u00fcfters erfordert Aufmerksamkeit und geeignete Werkzeuge. Es wird empfohlen, einen qualifizierten Techniker hinzuzuziehen, um Sch\u00e4den an den internen Komponenten zu vermeiden und einen effektiven Austausch zu gew\u00e4hrleisten. Es ist von grundlegender Bedeutung, den Batteriestecker vom Logicboard abzuklemmen, bevor Sie mit dem Entfernen des alten Moduls fortfahren, um potenzielle versehentliche Kurzschl\u00fcsse w\u00e4hrend der Handhabung der flexiblen Kabel zu vermeiden.\n    <\/p>\n<\/section>\n<section class=\"aps-card aps-callout aps-callout--info\">\n<header class=\"aps-card__head\">\n<h2 class=\"aps-h\">Zweifel an der Kompatibilit\u00e4t?<\/h2>\n<p class=\"aps-sub\">Kontaktieren Sie uns f\u00fcr Unterst\u00fctzung bei der Auswahl des passenden Ersatzteils f\u00fcr Ihr Ger\u00e4t.<\/p>\n<\/header>\n<div class=\"aps-cta\">\n      <a class=\"aps-btn\" href=\"mailto:info@apfelspare.ch\">info@apfelspare.ch<\/a><br \/>\n      <span class=\"aps-cta__hint\">Senden Sie uns die Seriennummer Ihres MacBook Pro: Wir pr\u00fcfen die Kompatibilit\u00e4t des Bauteils schnellstm\u00f6glich.<\/span>\n    <\/div>\n<\/section>\n<\/div>","protected":false},"excerpt":{"rendered":"<p>L\u00fcfter f\u00fcr MacBook Pro 13\u2033 A1989 A1706 (2016-2019) - rechte Seite. Kompatibel mit Modellen mit Touch Bar<\/p>","protected":false},"featured_media":14877,"comment_status":"closed","ping_status":"closed","template":"","meta":{"_acf_changed":false,"_et_pb_use_builder":"","_et_pb_old_content":"","_et_gb_content_width":""},"product_brand":[],"product_cat":[182,17,75,333,79,78],"product_tag":[],"class_list":{"0":"post-14875","1":"product","2":"type-product","3":"status-publish","4":"has-post-thumbnail","6":"product_cat-ventole-dissipatori","7":"product_cat-category-macbook-pro","8":"product_cat-macbook-pro-13-mid-2019-a1989","9":"product_cat-macbook-pro-13-mid-2018-a1989","10":"product_cat-macbook-pro-13-mid-2017-a1706","11":"product_cat-macbook-pro-13-late-2016-a1706","13":"first","14":"instock","15":"shipping-taxable","16":"purchasable","17":"product-type-variable"},"acf":[],"yoast_head":"<!-- This site is optimized with the Yoast SEO plugin v27.4 - https:\/\/yoast.com\/product\/yoast-seo-wordpress\/ -->\n<title>Ventola raffreddamento destra MacBook Pro 13&quot; A1989 A1706 (2016\u20132019)<\/title>\n<meta name=\"description\" content=\"Ventola destra per MacBook Pro 13&quot; A1989 e A1706 (2016\u20132019) con Touch Bar. Ideale per sostituire una ventola rumorosa o guasta. Spedizione in Svizzera\" \/>\n<meta name=\"robots\" content=\"index, follow, max-snippet:-1, max-image-preview:large, max-video-preview:-1\" \/>\n<link rel=\"canonical\" href=\"https:\/\/tipicino.ch\/apfelspare\/de\/product\/rechts-lufter-fur-macbook-pro-13-a1989-a1706-2016-2019\/\" \/>\n<meta property=\"og:locale\" content=\"de_DE\" \/>\n<meta property=\"og:type\" content=\"article\" \/>\n<meta property=\"og:title\" content=\"Ventola raffreddamento destra MacBook Pro 13&quot; A1989 A1706 (2016\u20132019)\" \/>\n<meta property=\"og:description\" content=\"Ventola destra per MacBook Pro 13&quot; A1989 e A1706 (2016\u20132019) con Touch Bar. Ideale per sostituire una ventola rumorosa o guasta. Spedizione in Svizzera\" \/>\n<meta property=\"og:url\" content=\"https:\/\/tipicino.ch\/apfelspare\/de\/product\/rechts-lufter-fur-macbook-pro-13-a1989-a1706-2016-2019\/\" \/>\n<meta property=\"og:site_name\" content=\"Ricambi MacBook Pro, MacBook Air e iMac in Svizzera \u2013 Display, Tastiere, Batterie, Trackpad\" \/>\n<meta property=\"article:modified_time\" content=\"2026-03-19T09:34:03+00:00\" \/>\n<meta property=\"og:image\" content=\"https:\/\/tipicino.ch\/apfelspare\/wp-content\/uploads\/2025\/06\/ventola-raffreddamento-destra-a1989-a1706-dx.png\" \/>\n\t<meta property=\"og:image:width\" content=\"1000\" \/>\n\t<meta property=\"og:image:height\" content=\"1000\" \/>\n\t<meta property=\"og:image:type\" content=\"image\/png\" \/>\n<meta name=\"twitter:card\" content=\"summary_large_image\" \/>\n<meta name=\"twitter:label1\" content=\"Gesch\u00e4tzte Lesezeit\" \/>\n\t<meta name=\"twitter:data1\" content=\"2\u00a0Minuten\" \/>\n<!-- \/ Yoast SEO plugin. -->","yoast_head_json":{"title":"L\u00fcfter rechts MacBook Pro 13\" A1989 A1706 (2016-2019)","description":"L\u00fcfter rechts f\u00fcr MacBook Pro 13\" A1989 und A1706 (2016-2019) mit Touch Bar. Ideal zum Ersetzen eines lauten oder defekten L\u00fcfters. Versand in die Schweiz","robots":{"index":"index","follow":"follow","max-snippet":"max-snippet:-1","max-image-preview":"max-image-preview:large","max-video-preview":"max-video-preview:-1"},"canonical":"https:\/\/tipicino.ch\/apfelspare\/de\/product\/rechts-lufter-fur-macbook-pro-13-a1989-a1706-2016-2019\/","og_locale":"de_DE","og_type":"article","og_title":"Ventola raffreddamento destra MacBook Pro 13\" A1989 A1706 (2016\u20132019)","og_description":"Ventola destra per MacBook Pro 13\" A1989 e A1706 (2016\u20132019) con Touch Bar. Ideale per sostituire una ventola rumorosa o guasta. Spedizione in Svizzera","og_url":"https:\/\/tipicino.ch\/apfelspare\/de\/product\/rechts-lufter-fur-macbook-pro-13-a1989-a1706-2016-2019\/","og_site_name":"Ricambi MacBook Pro, MacBook Air e iMac in Svizzera \u2013 Display, Tastiere, Batterie, Trackpad","article_modified_time":"2026-03-19T09:34:03+00:00","og_image":[{"width":1000,"height":1000,"url":"https:\/\/tipicino.ch\/apfelspare\/wp-content\/uploads\/2025\/06\/ventola-raffreddamento-destra-a1989-a1706-dx.png","type":"image\/png"}],"twitter_card":"summary_large_image","twitter_misc":{"Gesch\u00e4tzte Lesezeit":"2\u00a0Minuten"},"schema":{"@context":"https:\/\/schema.org","@graph":[{"@type":"WebPage","@id":"https:\/\/tipicino.ch\/apfelspare\/de\/prodotto\/ventola-di-raffreddamento-destra-per-macbook-pro-13-a1989-a1706-2016-2019\/","url":"https:\/\/tipicino.ch\/apfelspare\/de\/prodotto\/ventola-di-raffreddamento-destra-per-macbook-pro-13-a1989-a1706-2016-2019\/","name":"L\u00fcfter rechts MacBook Pro 13\" A1989 A1706 (2016-2019)","isPartOf":{"@id":"https:\/\/tipicino.ch\/apfelspare\/de\/#website"},"primaryImageOfPage":{"@id":"https:\/\/tipicino.ch\/apfelspare\/de\/prodotto\/ventola-di-raffreddamento-destra-per-macbook-pro-13-a1989-a1706-2016-2019\/#primaryimage"},"image":{"@id":"https:\/\/tipicino.ch\/apfelspare\/de\/prodotto\/ventola-di-raffreddamento-destra-per-macbook-pro-13-a1989-a1706-2016-2019\/#primaryimage"},"thumbnailUrl":"https:\/\/tipicino.ch\/apfelspare\/wp-content\/uploads\/2025\/06\/ventola-raffreddamento-destra-a1989-a1706-dx.png","datePublished":"2025-06-09T05:36:10+00:00","dateModified":"2026-03-19T09:34:03+00:00","description":"L\u00fcfter rechts f\u00fcr MacBook Pro 13\" A1989 und A1706 (2016-2019) mit Touch Bar. Ideal zum Ersetzen eines lauten oder defekten L\u00fcfters. Versand in die Schweiz","breadcrumb":{"@id":"https:\/\/tipicino.ch\/apfelspare\/de\/prodotto\/ventola-di-raffreddamento-destra-per-macbook-pro-13-a1989-a1706-2016-2019\/#breadcrumb"},"inLanguage":"de-CH","potentialAction":[{"@type":"ReadAction","target":["https:\/\/tipicino.ch\/apfelspare\/de\/prodotto\/ventola-di-raffreddamento-destra-per-macbook-pro-13-a1989-a1706-2016-2019\/"]}]},{"@type":"ImageObject","inLanguage":"de-CH","@id":"https:\/\/tipicino.ch\/apfelspare\/de\/prodotto\/ventola-di-raffreddamento-destra-per-macbook-pro-13-a1989-a1706-2016-2019\/#primaryimage","url":"https:\/\/tipicino.ch\/apfelspare\/wp-content\/uploads\/2025\/06\/ventola-raffreddamento-destra-a1989-a1706-dx.png","contentUrl":"https:\/\/tipicino.ch\/apfelspare\/wp-content\/uploads\/2025\/06\/ventola-raffreddamento-destra-a1989-a1706-dx.png","width":1000,"height":1000,"caption":"Ventola di raffreddamento destra MacBook Pro 13\" A1989 A1706 (2016\u20132019)"},{"@type":"BreadcrumbList","@id":"https:\/\/tipicino.ch\/apfelspare\/de\/prodotto\/ventola-di-raffreddamento-destra-per-macbook-pro-13-a1989-a1706-2016-2019\/#breadcrumb","itemListElement":[{"@type":"ListItem","position":1,"name":"Home","item":"https:\/\/tipicino.ch\/apfelspare\/de\/"},{"@type":"ListItem","position":2,"name":"Shop","item":"https:\/\/tipicino.ch\/apfelspare\/de\/shop\/"},{"@type":"ListItem","position":3,"name":"Ventola di raffreddamento destra per MacBook Pro 13&#8243; A1989 A1706 (2016\u20132019)"}]},{"@type":"WebSite","@id":"https:\/\/tipicino.ch\/apfelspare\/de\/#website","url":"https:\/\/tipicino.ch\/apfelspare\/de\/","name":"Ersatzteile f\u00fcr MacBook Pro, MacBook Air und iMac in der Schweiz \u2013 Display, Tastaturen, Batterien, Trackpads","description":"","publisher":{"@id":"https:\/\/tipicino.ch\/apfelspare\/de\/#organization"},"potentialAction":[{"@type":"SearchAction","target":{"@type":"EntryPoint","urlTemplate":"https:\/\/tipicino.ch\/apfelspare\/de\/?s={search_term_string}"},"query-input":{"@type":"PropertyValueSpecification","valueRequired":true,"valueName":"search_term_string"}}],"inLanguage":"de-CH"},{"@type":"Organization","@id":"https:\/\/tipicino.ch\/apfelspare\/de\/#organization","name":"tipicino.ch\/apfelspare","url":"https:\/\/tipicino.ch\/apfelspare\/de\/","logo":{"@type":"ImageObject","inLanguage":"de-CH","@id":"https:\/\/tipicino.ch\/apfelspare\/de\/#\/schema\/logo\/image\/","url":"https:\/\/tipicino.ch\/apfelspare\/wp-content\/uploads\/2025\/08\/cropped-FAVICON-tipicino.ch\/apfelspare_.png","contentUrl":"https:\/\/tipicino.ch\/apfelspare\/wp-content\/uploads\/2025\/08\/cropped-FAVICON-tipicino.ch\/apfelspare_.png","width":512,"height":512,"caption":"tipicino.ch\/apfelspare"},"image":{"@id":"https:\/\/tipicino.ch\/apfelspare\/de\/#\/schema\/logo\/image\/"}}]}},"_links":{"self":[{"href":"https:\/\/tipicino.ch\/apfelspare\/de\/wp-json\/wp\/v2\/product\/14875","targetHints":{"allow":["GET"]}}],"collection":[{"href":"https:\/\/tipicino.ch\/apfelspare\/de\/wp-json\/wp\/v2\/product"}],"about":[{"href":"https:\/\/tipicino.ch\/apfelspare\/de\/wp-json\/wp\/v2\/types\/product"}],"replies":[{"embeddable":true,"href":"https:\/\/tipicino.ch\/apfelspare\/de\/wp-json\/wp\/v2\/comments?post=14875"}],"wp:featuredmedia":[{"embeddable":true,"href":"https:\/\/tipicino.ch\/apfelspare\/de\/wp-json\/wp\/v2\/media\/14877"}],"wp:attachment":[{"href":"https:\/\/tipicino.ch\/apfelspare\/de\/wp-json\/wp\/v2\/media?parent=14875"}],"wp:term":[{"taxonomy":"product_brand","embeddable":true,"href":"https:\/\/tipicino.ch\/apfelspare\/de\/wp-json\/wp\/v2\/product_brand?post=14875"},{"taxonomy":"product_cat","embeddable":true,"href":"https:\/\/tipicino.ch\/apfelspare\/de\/wp-json\/wp\/v2\/product_cat?post=14875"},{"taxonomy":"product_tag","embeddable":true,"href":"https:\/\/tipicino.ch\/apfelspare\/de\/wp-json\/wp\/v2\/product_tag?post=14875"}],"curies":[{"name":"wp","href":"https:\/\/api.w.org\/{rel}","templated":true}]}}