{"id":14888,"date":"2025-06-09T08:16:27","date_gmt":"2025-06-09T08:16:27","guid":{"rendered":"https:\/\/tipicino.ch\/apfelspare\/?post_type=product&#038;p=14888"},"modified":"2026-04-17T08:04:14","modified_gmt":"2026-04-17T08:04:14","slug":"links-lufter-fur-macbook-pro-15-a1398-2013-2015-gebraucht","status":"publish","type":"product","link":"https:\/\/tipicino.ch\/apfelspare\/de\/prodotto\/ventola-raffreddamento-sinistra-per-macbook-pro-15-a1398-2013-2015-usata\/","title":{"rendered":"L\u00fcfter links f\u00fcr MacBook Pro 15\u2033 A1398 (Late 2013 - Mid 2015)"},"content":{"rendered":"<div class=\"aps-pdp\">\n<section class=\"aps-card\">\n<header class=\"aps-card__head\">\n<h2 class=\"aps-h\">Linker L\u00fcfter f\u00fcr MacBook Pro 15\" A1398 (Ende 2013 - Mitte 2015)<\/h2>\n<p class=\"aps-sub\">Thermische Komponente f\u00fcr die MacBook Pro 15\u2033 Retina Modelle mit Intel Core i7 Prozessoren.<\/p>\n<\/header>\n<p>\n      Das K\u00fchlsystem ist ein lebenswichtiges Element, um die Leistung Ihres MacBook Pro auf h\u00f6chstem Niveau zu halten, Thermal Throttling zu verhindern und die internen Komponenten zu sch\u00fctzen. Dieser Ersatzl\u00fcfter f\u00fcr die linke Position ist die richtige Wahl, um Fehlfunktionen im Zusammenhang mit Vibrationen, Brummen oder einer im Laufe der Zeit verringerten Ableitungseffizienz zu beheben. Obwohl es sich um ein Refurbishedteil handelt, wurde jede Einheit einzeln gepr\u00fcft, um eine leise Rotation und die volle Unterst\u00fctzung der Drehzahlsteuerung \u00fcber die Sensoren des Motherboards sicherzustellen.\n    <\/p>\n<div class=\"aps-note aps-note--warn\">\n      <span class=\"aps-note__ico\">!<\/span><br \/>\n      <span class=\"aps-note__txt\"><strong>KOMPATIBILIT\u00c4TSHINWEIS:<\/strong> Dieses Ersatzteil <strong>NICHT<\/strong> kompatibel mit den MacBook Pro 15\u2033 A1398 Modellen, die zwischen 2012 und Anfang 2013 produziert wurden (Modellidentifizierung MacBookPro 10,1). F\u00fcr diese Versionen muss das spezifische L\u00fcftungsmodul erworben werden.<\/span>\n    <\/div>\n<\/section>\n<section class=\"aps-card\">\n<header class=\"aps-card__head\">\n<h2 class=\"aps-h\">Unterst\u00fctzte Modelle<\/h2>\n<p class=\"aps-sub\">Liste der MacBook Pro 15\u2033 Retina Versionen, die mit diesem L\u00fcftungsmodul kompatibel sind.<\/p>\n<\/header>\n<ul class=\"aps-check\">\n<li><strong>MacBook Pro 15\" A1398 (Mitte 2015)<\/strong> <span class=\"aps-badge\">MacBookPro11.4<\/span> <span class=\"aps-badge\">MacBookPro11.5<\/span><\/li>\n<li><strong>MacBook Pro 15\" A1398 (Mitte 2014)<\/strong> <span class=\"aps-badge\">MacBookPro11.2<\/span> <span class=\"aps-badge\">MacBookPro11.3<\/span><\/li>\n<li><strong>MacBook Pro 15\" A1398 (Ende 2013)<\/strong> <span class=\"aps-badge\">MacBookPro11.2<\/span> <span class=\"aps-badge\">MacBookPro11.3<\/span><\/li>\n<\/ul>\n<\/section>\n<section class=\"aps-card\">\n<header class=\"aps-card__head\">\n<h2 class=\"aps-h\">Technische Eigenschaften<\/h2>\n<p class=\"aps-sub\">Spezifikationen des L\u00fcftungsmoduls und interne Positionierung.<\/p>\n<\/header>\n<div class=\"aps-specgrid\">\n<div class=\"aps-spec\">\n<div><span>Typ<\/span><strong>Linker L\u00fcfter<\/strong><\/div>\n<\/div>\n<div class=\"aps-spec\">\n<div><span>Position<\/span><strong>LINKS (wenn man das ge\u00f6ffnete und demontierte MacBook betrachtet, wobei die Batterie zu einem hin gerichtet ist)<\/strong><\/div>\n<\/div>\n<div class=\"aps-spec\">\n<div><span>Zustand<\/span><strong>Refurbished \u2013 getestet und funktionsf\u00e4hig<\/strong><\/div>\n<\/div>\n<div class=\"aps-spec\">\n<div><span>Kompatibilit\u00e4t<\/span><strong>Exklusiv f\u00fcr die angegebenen Modelle<\/strong><\/div>\n<\/div><\/div>\n<p class=\"aps-note\">\n      <span class=\"aps-note__ico\">i<\/span><br \/>\n      <span class=\"aps-note__txt\">Dieser L\u00fcfter ist in zwei \u00e4sthetischen Varianten erh\u00e4ltlich (schwarzes oder silbernes Mittelteil), die nach dem Zufallsprinzip versendet werden. Falls Sie eine spezifische Version w\u00fcnschen, geben Sie dies bitte in den Anmerkungen w\u00e4hrend des Bestellvorgangs an.<\/span>\n    <\/p>\n<\/section>\n<section class=\"aps-card aps-callout aps-callout--warn\">\n<header class=\"aps-card__head\">\n<h2 class=\"aps-h\">Installation und Hinweise<\/h2>\n<p class=\"aps-sub\">Informationen f\u00fcr den sicheren Austausch von Hardware-Komponenten.<\/p>\n<\/header>\n<p>\n      Es wird empfohlen, den Austausch nur mit geeigneten Werkzeugen durchzuf\u00fchren. Ein erfahrener Techniker kann eine korrekte Installation gew\u00e4hrleisten, ohne das Ger\u00e4t zu besch\u00e4digen. Der L\u00fcfter muss korrekt positioniert werden, um einen optimalen Luftstrom sicherzustellen. Denken Sie daran, immer den Batteriestecker abzuklemmen, bevor Sie an den internen Schaltkreisen des MacBooks arbeiten.\n    <\/p>\n<\/section>\n<section class=\"aps-card aps-callout aps-callout--info\">\n<header class=\"aps-card__head\">\n<h2 class=\"aps-h\">Zweifel an der Kompatibilit\u00e4t?<\/h2>\n<p class=\"aps-sub\">Kontaktieren Sie uns f\u00fcr Unterst\u00fctzung bei der Auswahl des passenden Ersatzteils f\u00fcr Ihr Ger\u00e4t.<\/p>\n<\/header>\n<div class=\"aps-cta\">\n      <a class=\"aps-btn\" href=\"mailto:info@apfelspare.ch\">info@apfelspare.ch<\/a><br \/>\n      <span class=\"aps-cta__hint\">Senden Sie uns die Seriennummer Ihres MacBooks: Wir werden die Kompatibilit\u00e4t der Komponente schnellstm\u00f6glich \u00fcberpr\u00fcfen.<\/span>\n    <\/div>\n<\/section>\n<\/div>","protected":false},"excerpt":{"rendered":"<p>L\u00fcfter f\u00fcr MacBook Pro 15\u2033 A1398 (Late 2013 - Mid 2015) - linke Seite. Ideal f\u00fcr Temperaturprobleme oder \u00fcberm\u00e4ssigen L\u00e4rm<br \/>\n<br \/><em>REFURBISHED, getestetes und voll funktionsf\u00e4higes Ersatzteil<\/em><\/p>","protected":false},"featured_media":14889,"comment_status":"closed","ping_status":"closed","template":"","meta":{"_acf_changed":false,"_et_pb_use_builder":"","_et_pb_old_content":"","_et_gb_content_width":""},"product_brand":[],"product_cat":[182,17,19,87,86,85],"product_tag":[],"class_list":{"0":"post-14888","1":"product","2":"type-product","3":"status-publish","4":"has-post-thumbnail","6":"product_cat-ventole-dissipatori","7":"product_cat-category-macbook-pro","8":"product_cat-parti-ricambio-seconda-mano","9":"product_cat-macbook-pro-15-mid-2015-a1398","10":"product_cat-macbook-pro-15-mid-2014-a1398","11":"product_cat-macbook-pro-15-late-2013-a1398","12":"product_shipping_class-1-2-disponibili","14":"first","15":"instock","16":"shipping-taxable","17":"purchasable","18":"product-type-simple"},"acf":[],"yoast_head":"<!-- This site is optimized with the Yoast SEO plugin v27.4 - https:\/\/yoast.com\/product\/yoast-seo-wordpress\/ -->\n<title>Ventola raffreddamento sinistra MacBook Pro 15&quot; A1398 (Late 2013 \u2013 Mid 2015)<\/title>\n<meta name=\"description\" content=\"Ventola sinistra Ricondizionata per MacBook Pro 15&quot; A1398 (Late 2013 \u2013 Mid 2015), perfetta per sostituire componenti rumorosi. Spedizione in Svizzera\" \/>\n<meta name=\"robots\" content=\"index, follow, max-snippet:-1, max-image-preview:large, max-video-preview:-1\" \/>\n<link rel=\"canonical\" href=\"https:\/\/tipicino.ch\/apfelspare\/de\/product\/links-lufter-fur-macbook-pro-15-a1398-2013-2015-gebraucht\/\" \/>\n<meta property=\"og:locale\" content=\"de_DE\" \/>\n<meta property=\"og:type\" content=\"article\" \/>\n<meta property=\"og:title\" content=\"Ventola raffreddamento sinistra MacBook Pro 15&quot; A1398 (Late 2013 \u2013 Mid 2015)\" \/>\n<meta property=\"og:description\" content=\"Ventola sinistra Ricondizionata per MacBook Pro 15&quot; A1398 (Late 2013 \u2013 Mid 2015), perfetta per sostituire componenti rumorosi. Spedizione in Svizzera\" \/>\n<meta property=\"og:url\" content=\"https:\/\/tipicino.ch\/apfelspare\/de\/product\/links-lufter-fur-macbook-pro-15-a1398-2013-2015-gebraucht\/\" \/>\n<meta property=\"og:site_name\" content=\"Ricambi MacBook Pro, MacBook Air e iMac in Svizzera \u2013 Display, Tastiere, Batterie, Trackpad\" \/>\n<meta property=\"article:modified_time\" content=\"2026-04-17T08:04:14+00:00\" \/>\n<meta property=\"og:image\" content=\"https:\/\/tipicino.ch\/apfelspare\/wp-content\/uploads\/2025\/06\/ventola-raffreddamento-sinistra-a1398-usata.png\" \/>\n\t<meta property=\"og:image:width\" content=\"1000\" \/>\n\t<meta property=\"og:image:height\" content=\"1000\" \/>\n\t<meta property=\"og:image:type\" content=\"image\/png\" \/>\n<meta name=\"twitter:card\" content=\"summary_large_image\" \/>\n<meta name=\"twitter:label1\" content=\"Gesch\u00e4tzte Lesezeit\" \/>\n\t<meta name=\"twitter:data1\" content=\"3\u00a0Minuten\" \/>\n<!-- \/ Yoast SEO plugin. -->","yoast_head_json":{"title":"L\u00fcfter links f\u00fcr MacBook Pro 15\u2033 A1398 (Late 2013 - Mid 2015)","description":"Refurbished linker L\u00fcfter f\u00fcr MacBook Pro 15\" A1398 (Late 2013 \u2013 Mid 2015), ideal als Ersatz f\u00fcr laute Komponenten. Versand in der Schweiz.","robots":{"index":"index","follow":"follow","max-snippet":"max-snippet:-1","max-image-preview":"max-image-preview:large","max-video-preview":"max-video-preview:-1"},"canonical":"https:\/\/tipicino.ch\/apfelspare\/de\/product\/links-lufter-fur-macbook-pro-15-a1398-2013-2015-gebraucht\/","og_locale":"de_DE","og_type":"article","og_title":"Ventola raffreddamento sinistra MacBook Pro 15\" A1398 (Late 2013 \u2013 Mid 2015)","og_description":"Ventola sinistra Ricondizionata per MacBook Pro 15\" A1398 (Late 2013 \u2013 Mid 2015), perfetta per sostituire componenti rumorosi. Spedizione in Svizzera","og_url":"https:\/\/tipicino.ch\/apfelspare\/de\/product\/links-lufter-fur-macbook-pro-15-a1398-2013-2015-gebraucht\/","og_site_name":"Ricambi MacBook Pro, MacBook Air e iMac in Svizzera \u2013 Display, Tastiere, Batterie, Trackpad","article_modified_time":"2026-04-17T08:04:14+00:00","og_image":[{"width":1000,"height":1000,"url":"https:\/\/tipicino.ch\/apfelspare\/wp-content\/uploads\/2025\/06\/ventola-raffreddamento-sinistra-a1398-usata.png","type":"image\/png"}],"twitter_card":"summary_large_image","twitter_misc":{"Gesch\u00e4tzte Lesezeit":"3\u00a0Minuten"},"schema":{"@context":"https:\/\/schema.org","@graph":[{"@type":"WebPage","@id":"https:\/\/tipicino.ch\/apfelspare\/de\/prodotto\/ventola-raffreddamento-sinistra-per-macbook-pro-15-a1398-2013-2015-usata\/","url":"https:\/\/tipicino.ch\/apfelspare\/de\/prodotto\/ventola-raffreddamento-sinistra-per-macbook-pro-15-a1398-2013-2015-usata\/","name":"L\u00fcfter links f\u00fcr MacBook Pro 15\u2033 A1398 (Late 2013 - Mid 2015)","isPartOf":{"@id":"https:\/\/tipicino.ch\/apfelspare\/de\/#website"},"primaryImageOfPage":{"@id":"https:\/\/tipicino.ch\/apfelspare\/de\/prodotto\/ventola-raffreddamento-sinistra-per-macbook-pro-15-a1398-2013-2015-usata\/#primaryimage"},"image":{"@id":"https:\/\/tipicino.ch\/apfelspare\/de\/prodotto\/ventola-raffreddamento-sinistra-per-macbook-pro-15-a1398-2013-2015-usata\/#primaryimage"},"thumbnailUrl":"https:\/\/tipicino.ch\/apfelspare\/wp-content\/uploads\/2025\/06\/ventola-raffreddamento-sinistra-a1398-usata.png","datePublished":"2025-06-09T08:16:27+00:00","dateModified":"2026-04-17T08:04:14+00:00","description":"Refurbished linker L\u00fcfter f\u00fcr MacBook Pro 15\" A1398 (Late 2013 \u2013 Mid 2015), ideal als Ersatz f\u00fcr laute Komponenten. Versand in der Schweiz.","breadcrumb":{"@id":"https:\/\/tipicino.ch\/apfelspare\/de\/prodotto\/ventola-raffreddamento-sinistra-per-macbook-pro-15-a1398-2013-2015-usata\/#breadcrumb"},"inLanguage":"de-CH","potentialAction":[{"@type":"ReadAction","target":["https:\/\/tipicino.ch\/apfelspare\/de\/prodotto\/ventola-raffreddamento-sinistra-per-macbook-pro-15-a1398-2013-2015-usata\/"]}]},{"@type":"ImageObject","inLanguage":"de-CH","@id":"https:\/\/tipicino.ch\/apfelspare\/de\/prodotto\/ventola-raffreddamento-sinistra-per-macbook-pro-15-a1398-2013-2015-usata\/#primaryimage","url":"https:\/\/tipicino.ch\/apfelspare\/wp-content\/uploads\/2025\/06\/ventola-raffreddamento-sinistra-a1398-usata.png","contentUrl":"https:\/\/tipicino.ch\/apfelspare\/wp-content\/uploads\/2025\/06\/ventola-raffreddamento-sinistra-a1398-usata.png","width":1000,"height":1000,"caption":"Ventola di raffreddamento sinistra MacBook Pro 15\" A1398 (2013\u20132015) USATA"},{"@type":"BreadcrumbList","@id":"https:\/\/tipicino.ch\/apfelspare\/de\/prodotto\/ventola-raffreddamento-sinistra-per-macbook-pro-15-a1398-2013-2015-usata\/#breadcrumb","itemListElement":[{"@type":"ListItem","position":1,"name":"Home","item":"https:\/\/tipicino.ch\/apfelspare\/de\/"},{"@type":"ListItem","position":2,"name":"Shop","item":"https:\/\/tipicino.ch\/apfelspare\/de\/shop\/"},{"@type":"ListItem","position":3,"name":"Ventola di raffreddamento sinistra per MacBook Pro 15&#8243; A1398 (Late 2013 \u2013 Mid 2015)"}]},{"@type":"WebSite","@id":"https:\/\/tipicino.ch\/apfelspare\/de\/#website","url":"https:\/\/tipicino.ch\/apfelspare\/de\/","name":"Ersatzteile f\u00fcr MacBook Pro, MacBook Air und iMac in der Schweiz \u2013 Display, Tastaturen, Batterien, Trackpads","description":"","publisher":{"@id":"https:\/\/tipicino.ch\/apfelspare\/de\/#organization"},"potentialAction":[{"@type":"SearchAction","target":{"@type":"EntryPoint","urlTemplate":"https:\/\/tipicino.ch\/apfelspare\/de\/?s={search_term_string}"},"query-input":{"@type":"PropertyValueSpecification","valueRequired":true,"valueName":"search_term_string"}}],"inLanguage":"de-CH"},{"@type":"Organization","@id":"https:\/\/tipicino.ch\/apfelspare\/de\/#organization","name":"tipicino.ch\/apfelspare","url":"https:\/\/tipicino.ch\/apfelspare\/de\/","logo":{"@type":"ImageObject","inLanguage":"de-CH","@id":"https:\/\/tipicino.ch\/apfelspare\/de\/#\/schema\/logo\/image\/","url":"https:\/\/tipicino.ch\/apfelspare\/wp-content\/uploads\/2025\/08\/cropped-FAVICON-tipicino.ch\/apfelspare_.png","contentUrl":"https:\/\/tipicino.ch\/apfelspare\/wp-content\/uploads\/2025\/08\/cropped-FAVICON-tipicino.ch\/apfelspare_.png","width":512,"height":512,"caption":"tipicino.ch\/apfelspare"},"image":{"@id":"https:\/\/tipicino.ch\/apfelspare\/de\/#\/schema\/logo\/image\/"}}]}},"_links":{"self":[{"href":"https:\/\/tipicino.ch\/apfelspare\/de\/wp-json\/wp\/v2\/product\/14888","targetHints":{"allow":["GET"]}}],"collection":[{"href":"https:\/\/tipicino.ch\/apfelspare\/de\/wp-json\/wp\/v2\/product"}],"about":[{"href":"https:\/\/tipicino.ch\/apfelspare\/de\/wp-json\/wp\/v2\/types\/product"}],"replies":[{"embeddable":true,"href":"https:\/\/tipicino.ch\/apfelspare\/de\/wp-json\/wp\/v2\/comments?post=14888"}],"wp:featuredmedia":[{"embeddable":true,"href":"https:\/\/tipicino.ch\/apfelspare\/de\/wp-json\/wp\/v2\/media\/14889"}],"wp:attachment":[{"href":"https:\/\/tipicino.ch\/apfelspare\/de\/wp-json\/wp\/v2\/media?parent=14888"}],"wp:term":[{"taxonomy":"product_brand","embeddable":true,"href":"https:\/\/tipicino.ch\/apfelspare\/de\/wp-json\/wp\/v2\/product_brand?post=14888"},{"taxonomy":"product_cat","embeddable":true,"href":"https:\/\/tipicino.ch\/apfelspare\/de\/wp-json\/wp\/v2\/product_cat?post=14888"},{"taxonomy":"product_tag","embeddable":true,"href":"https:\/\/tipicino.ch\/apfelspare\/de\/wp-json\/wp\/v2\/product_tag?post=14888"}],"curies":[{"name":"wp","href":"https:\/\/api.w.org\/{rel}","templated":true}]}}