{"id":14902,"date":"2025-06-09T09:05:34","date_gmt":"2025-06-09T09:05:34","guid":{"rendered":"https:\/\/tipicino.ch\/apfelspare\/?post_type=product&#038;p=14902"},"modified":"2026-03-15T23:05:38","modified_gmt":"2026-03-15T23:05:38","slug":"rechts-lufter-fur-macbook-pro-13-a1425-ende-2012-anfang-2013-gebraucht","status":"publish","type":"product","link":"https:\/\/tipicino.ch\/apfelspare\/de\/prodotto\/ventola-raffreddamento-destra-per-macbook-pro-13-a1425-late-2012-early-2013-usata\/","title":{"rendered":"L\u00fcfter rechts f\u00fcr MacBook Pro 13\u2033 A1425 (Late 2012 - Early 2013)"},"content":{"rendered":"<div class=\"aps-pdp\">\n<section class=\"aps-card\">\n<header class=\"aps-card__head\">\n<h2 class=\"aps-h\">Rechter L\u00fcfter f\u00fcr MacBook Pro 13\" Retina A1425 (2012\u20132013)<\/h2>\n<p class=\"aps-sub\">K\u00fchlmodul f\u00fcr die erste Generation des MacBook Pro 13 Zoll mit Retina-Display.<\/p>\n<\/header>\n<p>\n      Das K\u00fchlsystem der ersten 13\u2033 MacBook Pro Retina-Modelle ist entscheidend, um die hohe Pixeldichte und die Prozessorleistung in einem kompakten Geh\u00e4use zu bew\u00e4ltigen. Dieser refurbished rechte Ersatzl\u00fcfter ist die ideale L\u00f6sung, um st\u00f6rende Brummger\u00e4usche, Vibrationen oder \u00dcberhitzungen zu beseitigen, die das System verlangsamen k\u00f6nnen. Obwohl es sich um eine REFURBISHEDE Komponente handelt, wurde jede Einheit in unseren Labors streng getestet, um eine reibungslose und leise Rotation zu gew\u00e4hrleisten und die thermische Effizienz wiederherzustellen, die zum Schutz des Logicboards erforderlich ist.\n    <\/p>\n<div class=\"aps-note aps-note--warn\">\n      <span class=\"aps-note__ico\">!<\/span><br \/>\n      <span class=\"aps-note__txt\"><strong>KOMPATIBILIT\u00c4TSHINWEIS:<\/strong> Dieses Ersatzteil ist spezifisch f\u00fcr das Modell A1425 geeignet. Es ist nicht mit den Modellen A1502 (sp\u00e4tere Retina-Modelle) oder A1278 (Unibody-Modelle) kompatibel. \u00dcberpr\u00fcfen Sie vor dem Kauf die Identifizierung Ihres Macs (MacBookPro10,2).<\/span>\n    <\/div>\n<\/section>\n<section class=\"aps-card\">\n<header class=\"aps-card__head\">\n<h2 class=\"aps-h\">Unterst\u00fctzte Modelle<\/h2>\n<p class=\"aps-sub\">Mit diesem rechten L\u00fcftermodul kompatible MacBook Pro 13\u2033 Retina-Versionen.<\/p>\n<\/header>\n<ul class=\"aps-check\">\n<li><strong>MacBook Pro 13\" A1425 (Anfang 2013)<\/strong> \u2013 <span class=\"aps-badge\">MacBookPro10.2<\/span><\/li>\n<li><strong>MacBook Pro 13\" A1425 (Ende 2012)<\/strong> \u2013 <span class=\"aps-badge\">MacBookPro10.2<\/span><\/li>\n<\/ul>\n<\/section>\n<section class=\"aps-card\">\n<header class=\"aps-card__head\">\n<h2 class=\"aps-h\">Technische Eigenschaften<\/h2>\n<p class=\"aps-sub\">Spezifikationen des L\u00fcftermoduls und interne Ausrichtung.<\/p>\n<\/header>\n<div class=\"aps-specgrid\">\n<div class=\"aps-spec\">\n<div><span>Typ<\/span><strong>Rechter L\u00fcfter<\/strong><\/div>\n<\/div>\n<div class=\"aps-spec\">\n<div><span>Position<\/span><strong>RECHTS (mit Blick auf den ge\u00f6ffneten und zerlegten Mac, wobei die Batterie zu Ihnen zeigt)<\/strong><\/div>\n<\/div>\n<div class=\"aps-spec\">\n<div><span>Zustand<\/span><strong>Refurbished (getestet und voll funktionsf\u00e4hig)<\/strong><\/div>\n<\/div>\n<div class=\"aps-spec\">\n<div><span>Kompatibilit\u00e4t<\/span><strong>Exklusiv f\u00fcr die angegebenen Modelle<\/strong><\/div>\n<\/div><\/div>\n<\/section>\n<section class=\"aps-card aps-callout aps-callout--warn\">\n<header class=\"aps-card__head\">\n<h2 class=\"aps-h\">Installation und Hinweise<\/h2>\n<p class=\"aps-sub\">Technische Hinweise f\u00fcr einen sicheren Austausch von Hardware-Komponenten.<\/p>\n<\/header>\n<p>\n      Die Installation dieser Komponente erfordert das \u00d6ffnen des Geh\u00e4uses mit Pentalobe-Schraubendrehern und den Umgang mit empfindlichen Steckverbindern. Es wird empfohlen, einen erfahrenen Techniker hinzuzuziehen, um die korrekte Positionierung des Ersatzteils zu gew\u00e4hrleisten. Es ist von grundlegender Bedeutung, die Batterie abzuklemmen, bevor der alte L\u00fcfter entfernt wird, um versehentliche Kurzschl\u00fcsse zu vermeiden, die die Hintergrundbeleuchtung oder die Schaltkreise des Motherboards besch\u00e4digen k\u00f6nnten.\n    <\/p>\n<\/section>\n<section class=\"aps-card aps-callout aps-callout--info\">\n<header class=\"aps-card__head\">\n<h2 class=\"aps-h\">Zweifel an der Kompatibilit\u00e4t?<\/h2>\n<p class=\"aps-sub\">Kontaktieren Sie uns f\u00fcr Unterst\u00fctzung bei der Auswahl des passenden Ersatzteils f\u00fcr Ihr Ger\u00e4t.<\/p>\n<\/header>\n<div class=\"aps-cta\">\n      <a class=\"aps-btn\" href=\"mailto:info@apfelspare.ch\">info@apfelspare.ch<\/a><br \/>\n      <span class=\"aps-cta__hint\">Senden Sie uns die Seriennummer Ihres MacBook Pro: Wir pr\u00fcfen die Kompatibilit\u00e4t des Bauteils schnellstm\u00f6glich.<\/span>\n    <\/div>\n<\/section>\n<\/div>","protected":false},"excerpt":{"rendered":"<p>L\u00fcfter rechts f\u00fcr MacBook Pro 13\u2033 A1425 (Late 2012 - Early 2013). REFURBISHED Ersatz getestet und funktioniert<\/p>","protected":false},"featured_media":14903,"comment_status":"closed","ping_status":"closed","template":"","meta":{"_acf_changed":false,"_et_pb_use_builder":"","_et_pb_old_content":"","_et_gb_content_width":""},"product_brand":[],"product_cat":[182,17,19,92,91],"product_tag":[],"class_list":{"0":"post-14902","1":"product","2":"type-product","3":"status-publish","4":"has-post-thumbnail","6":"product_cat-ventole-dissipatori","7":"product_cat-category-macbook-pro","8":"product_cat-parti-ricambio-seconda-mano","9":"product_cat-macbook-pro-13-early-2013-a1425","10":"product_cat-macbook-pro-13-late-2012-a1425","12":"first","13":"onbackorder","14":"shipping-taxable","15":"purchasable","16":"product-type-simple"},"acf":[],"yoast_head":"<!-- This site is optimized with the Yoast SEO plugin v27.4 - https:\/\/yoast.com\/product\/yoast-seo-wordpress\/ -->\n<title>Ventola raffreddamento destra MacBook Pro 13&quot; A1425 (Late 2012 \u2013 Early 2013)<\/title>\n<meta name=\"description\" content=\"Ventola di raffreddamento destra usata per MacBook Pro 13&quot; A1425 (Late 2012 \u2013 Early 2013), testata e funzionante. Spedizione in Svizzera\" \/>\n<meta name=\"robots\" content=\"index, follow, max-snippet:-1, max-image-preview:large, max-video-preview:-1\" \/>\n<link rel=\"canonical\" href=\"https:\/\/tipicino.ch\/apfelspare\/de\/product\/rechts-lufter-fur-macbook-pro-13-a1425-ende-2012-anfang-2013-gebraucht\/\" \/>\n<meta property=\"og:locale\" content=\"de_DE\" \/>\n<meta property=\"og:type\" content=\"article\" \/>\n<meta property=\"og:title\" content=\"Ventola raffreddamento destra MacBook Pro 13&quot; A1425 (Late 2012 \u2013 Early 2013)\" \/>\n<meta property=\"og:description\" content=\"Ventola di raffreddamento destra usata per MacBook Pro 13&quot; A1425 (Late 2012 \u2013 Early 2013), testata e funzionante. Spedizione in Svizzera\" \/>\n<meta property=\"og:url\" content=\"https:\/\/tipicino.ch\/apfelspare\/de\/product\/rechts-lufter-fur-macbook-pro-13-a1425-ende-2012-anfang-2013-gebraucht\/\" \/>\n<meta property=\"og:site_name\" content=\"Ricambi MacBook Pro, MacBook Air e iMac in Svizzera \u2013 Display, Tastiere, Batterie, Trackpad\" \/>\n<meta property=\"article:modified_time\" content=\"2026-03-15T23:05:38+00:00\" \/>\n<meta property=\"og:image\" content=\"https:\/\/tipicino.ch\/apfelspare\/wp-content\/uploads\/2025\/06\/ventola-raffreddamento-destra-a1425-usato.png\" \/>\n\t<meta property=\"og:image:width\" content=\"1000\" \/>\n\t<meta property=\"og:image:height\" content=\"1000\" \/>\n\t<meta property=\"og:image:type\" content=\"image\/png\" \/>\n<meta name=\"twitter:card\" content=\"summary_large_image\" \/>\n<meta name=\"twitter:label1\" content=\"Gesch\u00e4tzte Lesezeit\" \/>\n\t<meta name=\"twitter:data1\" content=\"2\u00a0Minuten\" \/>\n<!-- \/ Yoast SEO plugin. -->","yoast_head_json":{"title":"L\u00fcfter rechts f\u00fcr MacBook Pro 13\u2033 A1425 (Late 2012 - Early 2013)","description":"Gebrauchter rechter L\u00fcfter f\u00fcr MacBook Pro 13\" A1425 (Late 2012 - Early 2013), getestet und funktionsf\u00e4hig. Versand in die Schweiz","robots":{"index":"index","follow":"follow","max-snippet":"max-snippet:-1","max-image-preview":"max-image-preview:large","max-video-preview":"max-video-preview:-1"},"canonical":"https:\/\/tipicino.ch\/apfelspare\/de\/product\/rechts-lufter-fur-macbook-pro-13-a1425-ende-2012-anfang-2013-gebraucht\/","og_locale":"de_DE","og_type":"article","og_title":"Ventola raffreddamento destra MacBook Pro 13\" A1425 (Late 2012 \u2013 Early 2013)","og_description":"Ventola di raffreddamento destra usata per MacBook Pro 13\" A1425 (Late 2012 \u2013 Early 2013), testata e funzionante. Spedizione in Svizzera","og_url":"https:\/\/tipicino.ch\/apfelspare\/de\/product\/rechts-lufter-fur-macbook-pro-13-a1425-ende-2012-anfang-2013-gebraucht\/","og_site_name":"Ricambi MacBook Pro, MacBook Air e iMac in Svizzera \u2013 Display, Tastiere, Batterie, Trackpad","article_modified_time":"2026-03-15T23:05:38+00:00","og_image":[{"width":1000,"height":1000,"url":"https:\/\/tipicino.ch\/apfelspare\/wp-content\/uploads\/2025\/06\/ventola-raffreddamento-destra-a1425-usato.png","type":"image\/png"}],"twitter_card":"summary_large_image","twitter_misc":{"Gesch\u00e4tzte Lesezeit":"2\u00a0Minuten"},"schema":{"@context":"https:\/\/schema.org","@graph":[{"@type":"WebPage","@id":"https:\/\/tipicino.ch\/apfelspare\/de\/prodotto\/ventola-raffreddamento-destra-per-macbook-pro-13-a1425-late-2012-early-2013-usata\/","url":"https:\/\/tipicino.ch\/apfelspare\/de\/prodotto\/ventola-raffreddamento-destra-per-macbook-pro-13-a1425-late-2012-early-2013-usata\/","name":"L\u00fcfter rechts f\u00fcr MacBook Pro 13\u2033 A1425 (Late 2012 - Early 2013)","isPartOf":{"@id":"https:\/\/tipicino.ch\/apfelspare\/de\/#website"},"primaryImageOfPage":{"@id":"https:\/\/tipicino.ch\/apfelspare\/de\/prodotto\/ventola-raffreddamento-destra-per-macbook-pro-13-a1425-late-2012-early-2013-usata\/#primaryimage"},"image":{"@id":"https:\/\/tipicino.ch\/apfelspare\/de\/prodotto\/ventola-raffreddamento-destra-per-macbook-pro-13-a1425-late-2012-early-2013-usata\/#primaryimage"},"thumbnailUrl":"https:\/\/tipicino.ch\/apfelspare\/wp-content\/uploads\/2025\/06\/ventola-raffreddamento-destra-a1425-usato.png","datePublished":"2025-06-09T09:05:34+00:00","dateModified":"2026-03-15T23:05:38+00:00","description":"Gebrauchter rechter L\u00fcfter f\u00fcr MacBook Pro 13\" A1425 (Late 2012 - Early 2013), getestet und funktionsf\u00e4hig. Versand in die Schweiz","breadcrumb":{"@id":"https:\/\/tipicino.ch\/apfelspare\/de\/prodotto\/ventola-raffreddamento-destra-per-macbook-pro-13-a1425-late-2012-early-2013-usata\/#breadcrumb"},"inLanguage":"de-CH","potentialAction":[{"@type":"ReadAction","target":["https:\/\/tipicino.ch\/apfelspare\/de\/prodotto\/ventola-raffreddamento-destra-per-macbook-pro-13-a1425-late-2012-early-2013-usata\/"]}]},{"@type":"ImageObject","inLanguage":"de-CH","@id":"https:\/\/tipicino.ch\/apfelspare\/de\/prodotto\/ventola-raffreddamento-destra-per-macbook-pro-13-a1425-late-2012-early-2013-usata\/#primaryimage","url":"https:\/\/tipicino.ch\/apfelspare\/wp-content\/uploads\/2025\/06\/ventola-raffreddamento-destra-a1425-usato.png","contentUrl":"https:\/\/tipicino.ch\/apfelspare\/wp-content\/uploads\/2025\/06\/ventola-raffreddamento-destra-a1425-usato.png","width":1000,"height":1000,"caption":"Ventola di raffreddamento destra MacBook Pro 13\" A1425 (Late 2012 \u2013 Early 2013) USATA"},{"@type":"BreadcrumbList","@id":"https:\/\/tipicino.ch\/apfelspare\/de\/prodotto\/ventola-raffreddamento-destra-per-macbook-pro-13-a1425-late-2012-early-2013-usata\/#breadcrumb","itemListElement":[{"@type":"ListItem","position":1,"name":"Home","item":"https:\/\/tipicino.ch\/apfelspare\/de\/"},{"@type":"ListItem","position":2,"name":"Shop","item":"https:\/\/tipicino.ch\/apfelspare\/de\/shop\/"},{"@type":"ListItem","position":3,"name":"Ventola di raffreddamento destra per MacBook Pro 13&#8243; A1425 (Late 2012 \u2013 Early 2013)"}]},{"@type":"WebSite","@id":"https:\/\/tipicino.ch\/apfelspare\/de\/#website","url":"https:\/\/tipicino.ch\/apfelspare\/de\/","name":"Ersatzteile f\u00fcr MacBook Pro, MacBook Air und iMac in der Schweiz \u2013 Display, Tastaturen, Batterien, Trackpads","description":"","publisher":{"@id":"https:\/\/tipicino.ch\/apfelspare\/de\/#organization"},"potentialAction":[{"@type":"SearchAction","target":{"@type":"EntryPoint","urlTemplate":"https:\/\/tipicino.ch\/apfelspare\/de\/?s={search_term_string}"},"query-input":{"@type":"PropertyValueSpecification","valueRequired":true,"valueName":"search_term_string"}}],"inLanguage":"de-CH"},{"@type":"Organization","@id":"https:\/\/tipicino.ch\/apfelspare\/de\/#organization","name":"tipicino.ch\/apfelspare","url":"https:\/\/tipicino.ch\/apfelspare\/de\/","logo":{"@type":"ImageObject","inLanguage":"de-CH","@id":"https:\/\/tipicino.ch\/apfelspare\/de\/#\/schema\/logo\/image\/","url":"https:\/\/tipicino.ch\/apfelspare\/wp-content\/uploads\/2025\/08\/cropped-FAVICON-tipicino.ch\/apfelspare_.png","contentUrl":"https:\/\/tipicino.ch\/apfelspare\/wp-content\/uploads\/2025\/08\/cropped-FAVICON-tipicino.ch\/apfelspare_.png","width":512,"height":512,"caption":"tipicino.ch\/apfelspare"},"image":{"@id":"https:\/\/tipicino.ch\/apfelspare\/de\/#\/schema\/logo\/image\/"}}]}},"_links":{"self":[{"href":"https:\/\/tipicino.ch\/apfelspare\/de\/wp-json\/wp\/v2\/product\/14902","targetHints":{"allow":["GET"]}}],"collection":[{"href":"https:\/\/tipicino.ch\/apfelspare\/de\/wp-json\/wp\/v2\/product"}],"about":[{"href":"https:\/\/tipicino.ch\/apfelspare\/de\/wp-json\/wp\/v2\/types\/product"}],"replies":[{"embeddable":true,"href":"https:\/\/tipicino.ch\/apfelspare\/de\/wp-json\/wp\/v2\/comments?post=14902"}],"wp:featuredmedia":[{"embeddable":true,"href":"https:\/\/tipicino.ch\/apfelspare\/de\/wp-json\/wp\/v2\/media\/14903"}],"wp:attachment":[{"href":"https:\/\/tipicino.ch\/apfelspare\/de\/wp-json\/wp\/v2\/media?parent=14902"}],"wp:term":[{"taxonomy":"product_brand","embeddable":true,"href":"https:\/\/tipicino.ch\/apfelspare\/de\/wp-json\/wp\/v2\/product_brand?post=14902"},{"taxonomy":"product_cat","embeddable":true,"href":"https:\/\/tipicino.ch\/apfelspare\/de\/wp-json\/wp\/v2\/product_cat?post=14902"},{"taxonomy":"product_tag","embeddable":true,"href":"https:\/\/tipicino.ch\/apfelspare\/de\/wp-json\/wp\/v2\/product_tag?post=14902"}],"curies":[{"name":"wp","href":"https:\/\/api.w.org\/{rel}","templated":true}]}}