{"id":14916,"date":"2025-06-09T10:34:12","date_gmt":"2025-06-09T10:34:12","guid":{"rendered":"https:\/\/tipicino.ch\/apfelspare\/?post_type=product&#038;p=14916"},"modified":"2026-03-07T07:59:20","modified_gmt":"2026-03-07T07:59:20","slug":"linker-lufter-fur-macbook-pro-17-a1297-anfang-2009-ende-2011","status":"publish","type":"product","link":"https:\/\/tipicino.ch\/apfelspare\/de\/prodotto\/ventola-di-raffreddamento-sinistra-per-macbook-pro-17-a1297-early-2009-late-2011\/","title":{"rendered":"L\u00fcfter links f\u00fcr MacBook Pro 17\u2033 A1297 A1286 (Early 2009 - Late 2011)"},"content":{"rendered":"<div class=\"aps-pdp\">\n<section class=\"aps-card\">\n<header class=\"aps-card__head\">\n<h2 class=\"aps-h\">Linker L\u00fcfter f\u00fcr MacBook Pro 17\" A1297 und 15\" A1286 (2009-2011)<\/h2>\n<p class=\"aps-sub\">Thermische K\u00fchleinheit f\u00fcr grossformatige MacBook Pro Unibody-Modelle.<\/p>\n<\/header>\n<p>\n      Die Aufrechterhaltung eines korrekten thermischen Gleichgewichts ist f\u00fcr die Leistung der 17-Zoll-MacBook-Pro-Modelle und der spezifischen 15-Zoll-Variante mit einzelnem L\u00fcfter essenziell. Diese Ersatzeinheit f\u00fcr die linke Position wurde entwickelt, um g\u00e4ngige Probleme wie Geh\u00e4usevibrationen, mechanisches Brummen oder Effizienzeinbussen im Luftstrom zu beheben. Obwohl es sich um ein GENERALREFURBISHEDES Ersatzteil handelt, wurde jeder L\u00fcfter sorgf\u00e4ltig getestet, um eine reibungslose und leise Rotation zu gew\u00e4hrleisten. Dies erm\u00f6glicht es dem K\u00fchlsystem, die lebenswichtigen Komponenten des Logic Boards auch unter professionellen Arbeitsbelastungen zu sch\u00fctzen.\n    <\/p>\n<div class=\"aps-note aps-note--warn\">\n      <span class=\"aps-note__ico\">!<\/span><br \/>\n      <span class=\"aps-note__txt\"><strong>KOMPATIBILIT\u00c4TSHINWEIS:<\/strong> F\u00fcr die MacBook Pro 15\u2033 A1286-Modelle ist dieses Ersatzteil AUSSCHLIESSLICH mit der Mid 2009-Version (Identifikationsmerkmal 5.4) kompatibel, die mit einem einzelnen L\u00fcfter ausgestattet ist. Es ist nicht mit anderen A1286-Versionen kompatibel, die ein duales L\u00fcftersystem verwenden. \u00dcberpr\u00fcfen Sie vor dem Kauf Ihre Modellidentifikation.<\/span>\n    <\/div>\n<\/section>\n<section class=\"aps-card\">\n<header class=\"aps-card__head\">\n<h2 class=\"aps-h\">Unterst\u00fctzte Modelle<\/h2>\n<p class=\"aps-sub\">Liste der Varianten, die mit diesem linken L\u00fcftermodul kompatibel sind.<\/p>\n<\/header>\n<ul class=\"aps-check\">\n<li><strong>MacBook Pro 17\" A1297 (Ende 2011)<\/strong> <span class=\"aps-badge\">MacBookPro8.3<\/span><\/li>\n<li><strong>MacBook Pro 17\" A1297 (Anfang 2011)<\/strong> <span class=\"aps-badge\">MacBookPro8.3<\/span><\/li>\n<li><strong>MacBook Pro 17\" A1297 (Mitte 2010)<\/strong> <span class=\"aps-badge\">MacBookPro6.1<\/span><\/li>\n<li><strong>MacBook Pro 17\" A1297 (Mitte 2009)<\/strong> <span class=\"aps-badge\">MacBookPro5.2<\/span><\/li>\n<li><strong>MacBook Pro 17\" A1297 (Anfang 2009)<\/strong> <span class=\"aps-badge\">MacBookPro5.2<\/span><\/li>\n<li><strong>MacBook Pro 15\" A1286* (Mitte 2009)<\/strong> <span class=\"aps-badge\">MacBookPro5.4<\/span><\/li>\n<\/ul>\n<p class=\"aps-cta__hint\">* Hinweis: Beim Modell A1286 (MacBookPro5,4) ist dies der einzige im System vorhandene L\u00fcfter.<\/p>\n<\/section>\n<section class=\"aps-card\">\n<header class=\"aps-card__head\">\n<h2 class=\"aps-h\">Technische Eigenschaften<\/h2>\n<p class=\"aps-sub\">Details zum L\u00fcftermodul und zur internen Ausrichtung.<\/p>\n<\/header>\n<div class=\"aps-specgrid\">\n<div class=\"aps-spec\">\n<div><span>Typ<\/span><strong>Linker L\u00fcfter<\/strong><\/div>\n<\/div>\n<div class=\"aps-spec\">\n<div><span>Position<\/span><strong>LINKS (mit Blick auf den ge\u00f6ffneten und zerlegten Mac, wobei die Batterie zu Ihnen zeigt)<\/strong><\/div>\n<\/div>\n<div class=\"aps-spec\">\n<div><span>Zustand<\/span><strong>Refurbished (getestet und funktionsf\u00e4hig)<\/strong><\/div>\n<\/div>\n<div class=\"aps-spec\">\n<div><span>Kompatibilit\u00e4t<\/span><strong>Exklusiv f\u00fcr die angegebenen Modelle<\/strong><\/div>\n<\/div><\/div>\n<\/section>\n<section class=\"aps-card aps-callout aps-callout--warn\">\n<header class=\"aps-card__head\">\n<h2 class=\"aps-h\">Installation und Hinweise<\/h2>\n<p class=\"aps-sub\">Technische Hinweise f\u00fcr einen sicheren Austausch von Hardware-Komponenten.<\/p>\n<\/header>\n<p>\n      Die Installation des L\u00fcfters erfordert Aufmerksamkeit und geeignete Pr\u00e4zisionswerkzeuge. Es wird empfohlen, einen qualifizierten Techniker beizuziehen, um Sch\u00e4den an internen Komponenten zu vermeiden und einen effektiven Austausch zu gew\u00e4hrleisten. Es ist von entscheidender Bedeutung, sicherzustellen, dass der Batteriestecker vom Motherboard getrennt wurde, bevor Sie mit dem Ausbau des alten Moduls fortfahren, um potenzielle versehentliche Kurzschl\u00fcsse w\u00e4hrend der Handhabung der Komponenten zu vermeiden.\n    <\/p>\n<\/section>\n<section class=\"aps-card aps-callout aps-callout--info\">\n<header class=\"aps-card__head\">\n<h2 class=\"aps-h\">Zweifel an der Kompatibilit\u00e4t?<\/h2>\n<p class=\"aps-sub\">Kontaktieren Sie uns f\u00fcr Unterst\u00fctzung bei der Auswahl des passenden Ersatzteils f\u00fcr Ihr Ger\u00e4t.<\/p>\n<\/header>\n<div class=\"aps-cta\">\n      <a class=\"aps-btn\" href=\"mailto:info@apfelspare.ch\">info@apfelspare.ch<\/a><br \/>\n      <span class=\"aps-cta__hint\">Senden Sie uns die Seriennummer Ihres MacBook Pro: Wir pr\u00fcfen die Kompatibilit\u00e4t des Bauteils schnellstm\u00f6glich.<\/span>\n    <\/div>\n<\/section>\n<\/div>","protected":false},"excerpt":{"rendered":"<p>Linker L\u00fcfter f\u00fcr MacBook Pro 17\u2033 A1297 A1286 (2009-2011). Leise, effizient und einfach zu installieren<\/p>","protected":false},"featured_media":22563,"comment_status":"closed","ping_status":"closed","template":"","meta":{"_acf_changed":false,"_et_pb_use_builder":"","_et_pb_old_content":"","_et_gb_content_width":""},"product_brand":[],"product_cat":[182,17,19,109,108,107,106,95,105],"product_tag":[],"class_list":{"0":"post-14916","1":"product","2":"type-product","3":"status-publish","4":"has-post-thumbnail","6":"product_cat-ventole-dissipatori","7":"product_cat-category-macbook-pro","8":"product_cat-parti-ricambio-seconda-mano","9":"product_cat-macbook-pro-17-late-2011-a1297","10":"product_cat-macbook-pro-17-early-2011-a1297","11":"product_cat-macbook-pro-17-mid-2010-a1297","12":"product_cat-macbook-pro-17-mid-2009-a1297","13":"product_cat-macbook-pro-15-mid-2009-a1286","14":"product_cat-macbook-pro-17-early-2009-a1297","16":"first","17":"instock","18":"shipping-taxable","19":"purchasable","20":"product-type-simple"},"acf":[],"yoast_head":"<!-- This site is optimized with the Yoast SEO plugin v27.4 - https:\/\/yoast.com\/product\/yoast-seo-wordpress\/ -->\n<title>Ventola raffreddamento sinistra MacBook Pro 17&quot; A1297 A1286 (2009\u20132011)<\/title>\n<meta name=\"description\" content=\"Ventola sinistra per MacBook Pro 17&quot; A1297 (2009\u20132011). Ideale per sostituire ventole rumorose o difettose. Spedizione in Svizzera\" \/>\n<meta name=\"robots\" content=\"index, follow, max-snippet:-1, max-image-preview:large, max-video-preview:-1\" \/>\n<link rel=\"canonical\" href=\"https:\/\/tipicino.ch\/apfelspare\/de\/product\/linker-lufter-fur-macbook-pro-17-a1297-anfang-2009-ende-2011\/\" \/>\n<meta property=\"og:locale\" content=\"de_DE\" \/>\n<meta property=\"og:type\" content=\"article\" \/>\n<meta property=\"og:title\" content=\"Ventola raffreddamento sinistra MacBook Pro 17&quot; A1297 A1286 (2009\u20132011)\" \/>\n<meta property=\"og:description\" content=\"Ventola sinistra per MacBook Pro 17&quot; A1297 (2009\u20132011). Ideale per sostituire ventole rumorose o difettose. Spedizione in Svizzera\" \/>\n<meta property=\"og:url\" content=\"https:\/\/tipicino.ch\/apfelspare\/de\/product\/linker-lufter-fur-macbook-pro-17-a1297-anfang-2009-ende-2011\/\" \/>\n<meta property=\"og:site_name\" content=\"Ricambi MacBook Pro, MacBook Air e iMac in Svizzera \u2013 Display, Tastiere, Batterie, Trackpad\" \/>\n<meta property=\"article:modified_time\" content=\"2026-03-07T07:59:20+00:00\" \/>\n<meta property=\"og:image\" content=\"https:\/\/tipicino.ch\/apfelspare\/wp-content\/uploads\/2025\/06\/Ventola-di-raffreddamento-sinistra-MacBook-Pro-1722-A1297-2009\u20132011.jpg\" \/>\n\t<meta property=\"og:image:width\" content=\"800\" \/>\n\t<meta property=\"og:image:height\" content=\"788\" \/>\n\t<meta property=\"og:image:type\" content=\"image\/jpeg\" \/>\n<meta name=\"twitter:card\" content=\"summary_large_image\" \/>\n<meta name=\"twitter:label1\" content=\"Gesch\u00e4tzte Lesezeit\" \/>\n\t<meta name=\"twitter:data1\" content=\"3\u00a0Minuten\" \/>\n<!-- \/ Yoast SEO plugin. -->","yoast_head_json":{"title":"L\u00fcfter links MacBook Pro 17\" A1297 A1286 (2009-2011)","description":"Linksseitiger L\u00fcfter f\u00fcr MacBook Pro 17\" A1297 (2009-2011). Ideal als Ersatz f\u00fcr laute oder defekte L\u00fcfter. Versand in die Schweiz","robots":{"index":"index","follow":"follow","max-snippet":"max-snippet:-1","max-image-preview":"max-image-preview:large","max-video-preview":"max-video-preview:-1"},"canonical":"https:\/\/tipicino.ch\/apfelspare\/de\/product\/linker-lufter-fur-macbook-pro-17-a1297-anfang-2009-ende-2011\/","og_locale":"de_DE","og_type":"article","og_title":"Ventola raffreddamento sinistra MacBook Pro 17\" A1297 A1286 (2009\u20132011)","og_description":"Ventola sinistra per MacBook Pro 17\" A1297 (2009\u20132011). Ideale per sostituire ventole rumorose o difettose. Spedizione in Svizzera","og_url":"https:\/\/tipicino.ch\/apfelspare\/de\/product\/linker-lufter-fur-macbook-pro-17-a1297-anfang-2009-ende-2011\/","og_site_name":"Ricambi MacBook Pro, MacBook Air e iMac in Svizzera \u2013 Display, Tastiere, Batterie, Trackpad","article_modified_time":"2026-03-07T07:59:20+00:00","og_image":[{"width":800,"height":788,"url":"https:\/\/tipicino.ch\/apfelspare\/wp-content\/uploads\/2025\/06\/Ventola-di-raffreddamento-sinistra-MacBook-Pro-1722-A1297-2009\u20132011.jpg","type":"image\/jpeg"}],"twitter_card":"summary_large_image","twitter_misc":{"Gesch\u00e4tzte Lesezeit":"3\u00a0Minuten"},"schema":{"@context":"https:\/\/schema.org","@graph":[{"@type":"WebPage","@id":"https:\/\/tipicino.ch\/apfelspare\/de\/prodotto\/ventola-di-raffreddamento-sinistra-per-macbook-pro-17-a1297-early-2009-late-2011\/","url":"https:\/\/tipicino.ch\/apfelspare\/de\/prodotto\/ventola-di-raffreddamento-sinistra-per-macbook-pro-17-a1297-early-2009-late-2011\/","name":"L\u00fcfter links MacBook Pro 17\" A1297 A1286 (2009-2011)","isPartOf":{"@id":"https:\/\/tipicino.ch\/apfelspare\/de\/#website"},"primaryImageOfPage":{"@id":"https:\/\/tipicino.ch\/apfelspare\/de\/prodotto\/ventola-di-raffreddamento-sinistra-per-macbook-pro-17-a1297-early-2009-late-2011\/#primaryimage"},"image":{"@id":"https:\/\/tipicino.ch\/apfelspare\/de\/prodotto\/ventola-di-raffreddamento-sinistra-per-macbook-pro-17-a1297-early-2009-late-2011\/#primaryimage"},"thumbnailUrl":"https:\/\/tipicino.ch\/apfelspare\/wp-content\/uploads\/2025\/06\/Ventola-di-raffreddamento-sinistra-MacBook-Pro-1722-A1297-2009\u20132011.jpg","datePublished":"2025-06-09T10:34:12+00:00","dateModified":"2026-03-07T07:59:20+00:00","description":"Linksseitiger L\u00fcfter f\u00fcr MacBook Pro 17\" A1297 (2009-2011). Ideal als Ersatz f\u00fcr laute oder defekte L\u00fcfter. Versand in die Schweiz","breadcrumb":{"@id":"https:\/\/tipicino.ch\/apfelspare\/de\/prodotto\/ventola-di-raffreddamento-sinistra-per-macbook-pro-17-a1297-early-2009-late-2011\/#breadcrumb"},"inLanguage":"de-CH","potentialAction":[{"@type":"ReadAction","target":["https:\/\/tipicino.ch\/apfelspare\/de\/prodotto\/ventola-di-raffreddamento-sinistra-per-macbook-pro-17-a1297-early-2009-late-2011\/"]}]},{"@type":"ImageObject","inLanguage":"de-CH","@id":"https:\/\/tipicino.ch\/apfelspare\/de\/prodotto\/ventola-di-raffreddamento-sinistra-per-macbook-pro-17-a1297-early-2009-late-2011\/#primaryimage","url":"https:\/\/tipicino.ch\/apfelspare\/wp-content\/uploads\/2025\/06\/Ventola-di-raffreddamento-sinistra-MacBook-Pro-1722-A1297-2009\u20132011.jpg","contentUrl":"https:\/\/tipicino.ch\/apfelspare\/wp-content\/uploads\/2025\/06\/Ventola-di-raffreddamento-sinistra-MacBook-Pro-1722-A1297-2009\u20132011.jpg","width":800,"height":788,"caption":"Ventola di raffreddamento sinistra MacBook Pro 17\" A1297 (2009\u20132011)"},{"@type":"BreadcrumbList","@id":"https:\/\/tipicino.ch\/apfelspare\/de\/prodotto\/ventola-di-raffreddamento-sinistra-per-macbook-pro-17-a1297-early-2009-late-2011\/#breadcrumb","itemListElement":[{"@type":"ListItem","position":1,"name":"Home","item":"https:\/\/tipicino.ch\/apfelspare\/de\/"},{"@type":"ListItem","position":2,"name":"Shop","item":"https:\/\/tipicino.ch\/apfelspare\/de\/shop\/"},{"@type":"ListItem","position":3,"name":"Ventola di raffreddamento sinistra per MacBook Pro 17&#8243; A1297 A1286 (Early 2009 \u2013 Late 2011)"}]},{"@type":"WebSite","@id":"https:\/\/tipicino.ch\/apfelspare\/de\/#website","url":"https:\/\/tipicino.ch\/apfelspare\/de\/","name":"Ersatzteile f\u00fcr MacBook Pro, MacBook Air und iMac in der Schweiz \u2013 Display, Tastaturen, Batterien, Trackpads","description":"","publisher":{"@id":"https:\/\/tipicino.ch\/apfelspare\/de\/#organization"},"potentialAction":[{"@type":"SearchAction","target":{"@type":"EntryPoint","urlTemplate":"https:\/\/tipicino.ch\/apfelspare\/de\/?s={search_term_string}"},"query-input":{"@type":"PropertyValueSpecification","valueRequired":true,"valueName":"search_term_string"}}],"inLanguage":"de-CH"},{"@type":"Organization","@id":"https:\/\/tipicino.ch\/apfelspare\/de\/#organization","name":"tipicino.ch\/apfelspare","url":"https:\/\/tipicino.ch\/apfelspare\/de\/","logo":{"@type":"ImageObject","inLanguage":"de-CH","@id":"https:\/\/tipicino.ch\/apfelspare\/de\/#\/schema\/logo\/image\/","url":"https:\/\/tipicino.ch\/apfelspare\/wp-content\/uploads\/2025\/08\/cropped-FAVICON-tipicino.ch\/apfelspare_.png","contentUrl":"https:\/\/tipicino.ch\/apfelspare\/wp-content\/uploads\/2025\/08\/cropped-FAVICON-tipicino.ch\/apfelspare_.png","width":512,"height":512,"caption":"tipicino.ch\/apfelspare"},"image":{"@id":"https:\/\/tipicino.ch\/apfelspare\/de\/#\/schema\/logo\/image\/"}}]}},"_links":{"self":[{"href":"https:\/\/tipicino.ch\/apfelspare\/de\/wp-json\/wp\/v2\/product\/14916","targetHints":{"allow":["GET"]}}],"collection":[{"href":"https:\/\/tipicino.ch\/apfelspare\/de\/wp-json\/wp\/v2\/product"}],"about":[{"href":"https:\/\/tipicino.ch\/apfelspare\/de\/wp-json\/wp\/v2\/types\/product"}],"replies":[{"embeddable":true,"href":"https:\/\/tipicino.ch\/apfelspare\/de\/wp-json\/wp\/v2\/comments?post=14916"}],"wp:featuredmedia":[{"embeddable":true,"href":"https:\/\/tipicino.ch\/apfelspare\/de\/wp-json\/wp\/v2\/media\/22563"}],"wp:attachment":[{"href":"https:\/\/tipicino.ch\/apfelspare\/de\/wp-json\/wp\/v2\/media?parent=14916"}],"wp:term":[{"taxonomy":"product_brand","embeddable":true,"href":"https:\/\/tipicino.ch\/apfelspare\/de\/wp-json\/wp\/v2\/product_brand?post=14916"},{"taxonomy":"product_cat","embeddable":true,"href":"https:\/\/tipicino.ch\/apfelspare\/de\/wp-json\/wp\/v2\/product_cat?post=14916"},{"taxonomy":"product_tag","embeddable":true,"href":"https:\/\/tipicino.ch\/apfelspare\/de\/wp-json\/wp\/v2\/product_tag?post=14916"}],"curies":[{"name":"wp","href":"https:\/\/api.w.org\/{rel}","templated":true}]}}