{"id":15262,"date":"2025-06-14T23:47:15","date_gmt":"2025-06-14T23:47:15","guid":{"rendered":"https:\/\/tipicino.ch\/apfelspare\/?post_type=product&#038;p=15262"},"modified":"2026-02-17T16:40:13","modified_gmt":"2026-02-17T16:40:13","slug":"trackpad-kabel-macbook-pro-15-a1286-anfang-2009-mitte-2012","status":"publish","type":"product","link":"https:\/\/tipicino.ch\/apfelspare\/de\/prodotto\/cavo-trackpad-macbook-pro-15-a1286-early-2009-mid-2012\/","title":{"rendered":"Trackpad-Kabel f\u00fcr MacBook Pro 15\u2033 A1286 (Early 2009 - Mid 2012)"},"content":{"rendered":"<div class=\"aps-pdp\">\n<section class=\"aps-card\">\n<header class=\"aps-card__head\">\n<h2 class=\"aps-h\">Trackpad-Flexkabel f\u00fcr MacBook Pro 15\" A1286 (2009-2012)<\/h2>\n<p class=\"aps-sub\">Datenverbindungskomponente f\u00fcr die Standard MacBook Pro 15 Unibody Serie.<\/p>\n<\/header>\n<p>\n      Das MacBook Pro 15\u2033 Unibody (A1286) ist ein Arbeitstier f\u00fcr Profis, aber im Laufe der Jahre kann das Trackpad-Flexkabel aufgrund von thermischem Verschlei\u00df oder Batteriedruck ausfallen. Dieses flache Kabel ist f\u00fcr die \u00dcbertragung jeder Ber\u00fchrung, jedes Gleitens und jedes Klicks an die Hauptplatine verantwortlich. Wenn sich der Cursor abnormal verh\u00e4lt, springt oder nicht mehr reagiert, sollten Sie diese Komponente austauschen (sie wird im Zustand <strong>NEU<\/strong>) ist oft die ultimative L\u00f6sung, um die Fl\u00fcssigkeit und Genauigkeit des Eingabesystems wiederherzustellen.\n    <\/p>\n<div class=\"aps-note aps-note--warn\">\n      <span class=\"aps-note__ico\">!<\/span><br \/>\n      <span class=\"aps-note__txt\"><strong>KOMPATIBILIT\u00c4TSHINWEIS:<\/strong> Dieses Kabel ist ausschlie\u00dflich f\u00fcr MacBook Pro 15\u2033 Modelle bestimmt, die zwischen Early 2009 und Mid 2012 hergestellt wurden. Bitte beachten Sie, dass dieser Ersatz NICHT mit dem 2008 MacBook Pro 15\u2033 Late Modell (MacBookPro5,1) kompatibel ist; obwohl beide den A1286 Geh\u00e4usecode teilen, verf\u00fcgt die 2008 Version \u00fcber eine herausnehmbare Batterie und eine andere interne Architektur, die ein spezielles Kabel erfordert.<\/span>\n    <\/div>\n<\/section>\n<section class=\"aps-card\">\n<header class=\"aps-card__head\">\n<h2 class=\"aps-h\">Unterst\u00fctzte Modelle<\/h2>\n<p class=\"aps-sub\">Die MacBook Pro 15\u2033 Unibody-Serie ist mit diesem Flexkabel kompatibel.<\/p>\n<\/header>\n<ul class=\"aps-check\">\n<li><strong>MacBook Pro 15\" A1286 (Mid 2012)<\/strong> <span class=\"aps-badge\">MacBookPro9.1<\/span><\/li>\n<li><strong>MacBook Pro 15\" A1286 (Late 2011)<\/strong> <span class=\"aps-badge\">MacBookPro8.2<\/span><\/li>\n<li><strong>MacBook Pro 15\" A1286 (Early 2011)<\/strong> <span class=\"aps-badge\">MacBookPro8.2<\/span><\/li>\n<li><strong>MacBook Pro 15\" A1286 (Mid 2010)<\/strong> <span class=\"aps-badge\">MacBookPro6.2<\/span><\/li>\n<li><strong>MacBook Pro 15\" A1286 (Mid 2009)<\/strong> <span class=\"aps-badge\">MacBookPro5.3<\/span> <span class=\"aps-badge\">MacBookPro5.4<\/span><\/li>\n<li><strong>MacBook Pro 15\" A1286 (Early 2009)<\/strong> <span class=\"aps-badge\">MacBookPro5.1<\/span><\/li>\n<\/ul>\n<\/section>\n<section class=\"aps-card\">\n<header class=\"aps-card__head\">\n<h2 class=\"aps-h\">Technische Eigenschaften<\/h2>\n<p class=\"aps-sub\">Hardware-Spezifikationen und Ersatzteildetails.<\/p>\n<\/header>\n<div class=\"aps-specgrid\">\n<div class=\"aps-spec\">\n<div><span>Komponententyp<\/span><strong>Flexkabel (Flex Cable)<\/strong><\/div>\n<\/div>\n<div class=\"aps-spec\">\n<div><span>Zustand<\/span><strong>Neu<\/strong><\/div>\n<\/div>\n<div class=\"aps-spec\">\n<div><span>Kompatibilit\u00e4t<\/span><strong>MacBook Pro 15\u2033 A1286 (2009-2012)<\/strong><\/div>\n<\/div>\n<div class=\"aps-spec\">\n<div><span>Funktion<\/span><strong>Trackpad-Anschluss - Logikkarte<\/strong><\/div>\n<\/div><\/div>\n<\/section>\n<section class=\"aps-card aps-callout aps-callout--warn\">\n<header class=\"aps-card__head\">\n<h2 class=\"aps-h\">Installation und Hinweise<\/h2>\n<p class=\"aps-sub\">Sicherheitshinweise f\u00fcr pr\u00e4zise technische Eingriffe.<\/p>\n<\/header>\n<p>\n      F\u00fcr die Installation muss die Bodenplatte (Kreuzschlitzschrauben) und dann die interne Batterie entfernt werden, um an den Trackpad-Anschluss zu gelangen. Es wird empfohlen, Kunststoffwerkzeuge (Spudger) zu verwenden, um die Anschl\u00fcsse anzuheben und darauf zu achten, dass das neue Kabel beim Einstecken nicht zu stark gebogen wird. Es ist wichtig, dass <strong>den Batterieanschluss zu trennen<\/strong> von der Hauptplatine, bevor Sie andere Komponenten ber\u00fchren, um Kurzschl\u00fcsse zu vermeiden.\n    <\/p>\n<\/section>\n<section class=\"aps-card aps-callout aps-callout--info\">\n<header class=\"aps-card__head\">\n<h2 class=\"aps-h\">Sind Sie unsicher, ob dieses Ersatzteil das richtige ist?<\/h2>\n<p class=\"aps-sub\">Kontaktieren Sie uns f\u00fcr Unterst\u00fctzung bei der Auswahl des passenden Ersatzteils f\u00fcr Ihr Ger\u00e4t.<\/p>\n<\/header>\n<div class=\"aps-cta\">\n      <a class=\"aps-btn\" href=\"mailto:info@apfelspare.ch\">info@apfelspare.ch<\/a><br \/>\n      <span class=\"aps-cta__hint\">Senden Sie uns die Seriennummer Ihres MacBook Pro: Wir \u00fcberpr\u00fcfen die Kompatibilit\u00e4t des Kabels schnellstm\u00f6glich.<\/span>\n    <\/div>\n<\/section>\n<\/div>","protected":false},"excerpt":{"rendered":"<p>Flachkabel f\u00fcr MacBook Pro 15\u2033 A1286 (2009 - 2012), ideal zur Wiederherstellung der Trackpad-Verbindung<br \/>\n<em>NICHT KOMPATIBEL mit MacBook Pro 15\u2033 A1286 (Late 2008)<\/em><\/p>","protected":false},"featured_media":15263,"comment_status":"closed","ping_status":"closed","template":"","meta":{"_acf_changed":false,"_et_pb_use_builder":"","_et_pb_old_content":"","_et_gb_content_width":""},"product_brand":[],"product_cat":[180,187,17,99,98,97,96,95,94],"product_tag":[],"class_list":{"0":"post-15262","1":"product","2":"type-product","3":"status-publish","4":"has-post-thumbnail","6":"product_cat-trackpad","7":"product_cat-cavi-connettori","8":"product_cat-category-macbook-pro","9":"product_cat-macbook-pro-15-mid-2012-a1286","10":"product_cat-macbook-pro-15-late-2011-a1286","11":"product_cat-macbook-pro-15-early-2011-a1286","12":"product_cat-macbook-pro-15-mid-2010-a1286","13":"product_cat-macbook-pro-15-mid-2009-a1286","14":"product_cat-macbook-pro-15-early-2009-a1286","16":"first","17":"onbackorder","18":"shipping-taxable","19":"purchasable","20":"product-type-simple"},"acf":[],"yoast_head":"<!-- This site is optimized with the Yoast SEO plugin v27.4 - https:\/\/yoast.com\/product\/yoast-seo-wordpress\/ -->\n<title>Cavo trackpad per MacBook Pro 15&quot; A1286 (Early 2009 \u2013 Mid 2012)<\/title>\n<meta name=\"description\" content=\"Cavo trackpad per MacBook Pro 15&quot; A1286 (2009 \u2013 2012), non compatibile con il modello Late 2008 \u2013 Ricambio nuovo e pronto all\u2019uso\" \/>\n<meta name=\"robots\" content=\"index, follow, max-snippet:-1, max-image-preview:large, max-video-preview:-1\" \/>\n<link rel=\"canonical\" href=\"https:\/\/tipicino.ch\/apfelspare\/de\/product\/trackpad-kabel-macbook-pro-15-a1286-anfang-2009-mitte-2012\/\" \/>\n<meta property=\"og:locale\" content=\"de_DE\" \/>\n<meta property=\"og:type\" content=\"article\" \/>\n<meta property=\"og:title\" content=\"Cavo trackpad per MacBook Pro 15&quot; A1286 (Early 2009 \u2013 Mid 2012)\" \/>\n<meta property=\"og:description\" content=\"Cavo trackpad per MacBook Pro 15&quot; A1286 (2009 \u2013 2012), non compatibile con il modello Late 2008 \u2013 Ricambio nuovo e pronto all\u2019uso\" \/>\n<meta property=\"og:url\" content=\"https:\/\/tipicino.ch\/apfelspare\/de\/product\/trackpad-kabel-macbook-pro-15-a1286-anfang-2009-mitte-2012\/\" \/>\n<meta property=\"og:site_name\" content=\"Ricambi MacBook Pro, MacBook Air e iMac in Svizzera \u2013 Display, Tastiere, Batterie, Trackpad\" \/>\n<meta property=\"article:modified_time\" content=\"2026-02-17T16:40:13+00:00\" \/>\n<meta property=\"og:image\" content=\"https:\/\/tipicino.ch\/apfelspare\/wp-content\/uploads\/2025\/06\/cavo-trackpad-macbookpro15-a1286-2009-2012.png\" \/>\n\t<meta property=\"og:image:width\" content=\"1000\" \/>\n\t<meta property=\"og:image:height\" content=\"1000\" \/>\n\t<meta property=\"og:image:type\" content=\"image\/png\" \/>\n<meta name=\"twitter:card\" content=\"summary_large_image\" \/>\n<meta name=\"twitter:label1\" content=\"Gesch\u00e4tzte Lesezeit\" \/>\n\t<meta name=\"twitter:data1\" content=\"3\u00a0Minuten\" \/>\n<!-- \/ Yoast SEO plugin. -->","yoast_head_json":{"title":"Trackpad-Kabel f\u00fcr MacBook Pro 15\" A1286 (Early 2009 - Mid 2012)","description":"Trackpad-Kabel f\u00fcr MacBook Pro 15\" A1286 (2009 - 2012), nicht kompatibel mit 2008er Modell Late - Neues und sofort einsatzbereites Ersatzteil","robots":{"index":"index","follow":"follow","max-snippet":"max-snippet:-1","max-image-preview":"max-image-preview:large","max-video-preview":"max-video-preview:-1"},"canonical":"https:\/\/tipicino.ch\/apfelspare\/de\/product\/trackpad-kabel-macbook-pro-15-a1286-anfang-2009-mitte-2012\/","og_locale":"de_DE","og_type":"article","og_title":"Cavo trackpad per MacBook Pro 15\" A1286 (Early 2009 \u2013 Mid 2012)","og_description":"Cavo trackpad per MacBook Pro 15\" A1286 (2009 \u2013 2012), non compatibile con il modello Late 2008 \u2013 Ricambio nuovo e pronto all\u2019uso","og_url":"https:\/\/tipicino.ch\/apfelspare\/de\/product\/trackpad-kabel-macbook-pro-15-a1286-anfang-2009-mitte-2012\/","og_site_name":"Ricambi MacBook Pro, MacBook Air e iMac in Svizzera \u2013 Display, Tastiere, Batterie, Trackpad","article_modified_time":"2026-02-17T16:40:13+00:00","og_image":[{"width":1000,"height":1000,"url":"https:\/\/tipicino.ch\/apfelspare\/wp-content\/uploads\/2025\/06\/cavo-trackpad-macbookpro15-a1286-2009-2012.png","type":"image\/png"}],"twitter_card":"summary_large_image","twitter_misc":{"Gesch\u00e4tzte Lesezeit":"3\u00a0Minuten"},"schema":{"@context":"https:\/\/schema.org","@graph":[{"@type":"WebPage","@id":"https:\/\/tipicino.ch\/apfelspare\/de\/prodotto\/cavo-trackpad-macbook-pro-15-a1286-early-2009-mid-2012\/","url":"https:\/\/tipicino.ch\/apfelspare\/de\/prodotto\/cavo-trackpad-macbook-pro-15-a1286-early-2009-mid-2012\/","name":"Trackpad-Kabel f\u00fcr MacBook Pro 15\" A1286 (Early 2009 - Mid 2012)","isPartOf":{"@id":"https:\/\/tipicino.ch\/apfelspare\/de\/#website"},"primaryImageOfPage":{"@id":"https:\/\/tipicino.ch\/apfelspare\/de\/prodotto\/cavo-trackpad-macbook-pro-15-a1286-early-2009-mid-2012\/#primaryimage"},"image":{"@id":"https:\/\/tipicino.ch\/apfelspare\/de\/prodotto\/cavo-trackpad-macbook-pro-15-a1286-early-2009-mid-2012\/#primaryimage"},"thumbnailUrl":"https:\/\/tipicino.ch\/apfelspare\/wp-content\/uploads\/2025\/06\/cavo-trackpad-macbookpro15-a1286-2009-2012.png","datePublished":"2025-06-14T23:47:15+00:00","dateModified":"2026-02-17T16:40:13+00:00","description":"Trackpad-Kabel f\u00fcr MacBook Pro 15\" A1286 (2009 - 2012), nicht kompatibel mit 2008er Modell Late - Neues und sofort einsatzbereites Ersatzteil","breadcrumb":{"@id":"https:\/\/tipicino.ch\/apfelspare\/de\/prodotto\/cavo-trackpad-macbook-pro-15-a1286-early-2009-mid-2012\/#breadcrumb"},"inLanguage":"de-CH","potentialAction":[{"@type":"ReadAction","target":["https:\/\/tipicino.ch\/apfelspare\/de\/prodotto\/cavo-trackpad-macbook-pro-15-a1286-early-2009-mid-2012\/"]}]},{"@type":"ImageObject","inLanguage":"de-CH","@id":"https:\/\/tipicino.ch\/apfelspare\/de\/prodotto\/cavo-trackpad-macbook-pro-15-a1286-early-2009-mid-2012\/#primaryimage","url":"https:\/\/tipicino.ch\/apfelspare\/wp-content\/uploads\/2025\/06\/cavo-trackpad-macbookpro15-a1286-2009-2012.png","contentUrl":"https:\/\/tipicino.ch\/apfelspare\/wp-content\/uploads\/2025\/06\/cavo-trackpad-macbookpro15-a1286-2009-2012.png","width":1000,"height":1000,"caption":"Cavo trackpad per MacBook Pro 15\" A1286 (Early 2009 \u2013 Mid 2012)"},{"@type":"BreadcrumbList","@id":"https:\/\/tipicino.ch\/apfelspare\/de\/prodotto\/cavo-trackpad-macbook-pro-15-a1286-early-2009-mid-2012\/#breadcrumb","itemListElement":[{"@type":"ListItem","position":1,"name":"Home","item":"https:\/\/tipicino.ch\/apfelspare\/de\/"},{"@type":"ListItem","position":2,"name":"Shop","item":"https:\/\/tipicino.ch\/apfelspare\/de\/shop\/"},{"@type":"ListItem","position":3,"name":"Cavo trackpad per MacBook Pro 15&#8243; A1286 (Early 2009 \u2013 Mid 2012)"}]},{"@type":"WebSite","@id":"https:\/\/tipicino.ch\/apfelspare\/de\/#website","url":"https:\/\/tipicino.ch\/apfelspare\/de\/","name":"Ersatzteile f\u00fcr MacBook Pro, MacBook Air und iMac in der Schweiz \u2013 Display, Tastaturen, Batterien, Trackpads","description":"","publisher":{"@id":"https:\/\/tipicino.ch\/apfelspare\/de\/#organization"},"potentialAction":[{"@type":"SearchAction","target":{"@type":"EntryPoint","urlTemplate":"https:\/\/tipicino.ch\/apfelspare\/de\/?s={search_term_string}"},"query-input":{"@type":"PropertyValueSpecification","valueRequired":true,"valueName":"search_term_string"}}],"inLanguage":"de-CH"},{"@type":"Organization","@id":"https:\/\/tipicino.ch\/apfelspare\/de\/#organization","name":"tipicino.ch\/apfelspare","url":"https:\/\/tipicino.ch\/apfelspare\/de\/","logo":{"@type":"ImageObject","inLanguage":"de-CH","@id":"https:\/\/tipicino.ch\/apfelspare\/de\/#\/schema\/logo\/image\/","url":"https:\/\/tipicino.ch\/apfelspare\/wp-content\/uploads\/2025\/08\/cropped-FAVICON-tipicino.ch\/apfelspare_.png","contentUrl":"https:\/\/tipicino.ch\/apfelspare\/wp-content\/uploads\/2025\/08\/cropped-FAVICON-tipicino.ch\/apfelspare_.png","width":512,"height":512,"caption":"tipicino.ch\/apfelspare"},"image":{"@id":"https:\/\/tipicino.ch\/apfelspare\/de\/#\/schema\/logo\/image\/"}}]}},"_links":{"self":[{"href":"https:\/\/tipicino.ch\/apfelspare\/de\/wp-json\/wp\/v2\/product\/15262","targetHints":{"allow":["GET"]}}],"collection":[{"href":"https:\/\/tipicino.ch\/apfelspare\/de\/wp-json\/wp\/v2\/product"}],"about":[{"href":"https:\/\/tipicino.ch\/apfelspare\/de\/wp-json\/wp\/v2\/types\/product"}],"replies":[{"embeddable":true,"href":"https:\/\/tipicino.ch\/apfelspare\/de\/wp-json\/wp\/v2\/comments?post=15262"}],"wp:featuredmedia":[{"embeddable":true,"href":"https:\/\/tipicino.ch\/apfelspare\/de\/wp-json\/wp\/v2\/media\/15263"}],"wp:attachment":[{"href":"https:\/\/tipicino.ch\/apfelspare\/de\/wp-json\/wp\/v2\/media?parent=15262"}],"wp:term":[{"taxonomy":"product_brand","embeddable":true,"href":"https:\/\/tipicino.ch\/apfelspare\/de\/wp-json\/wp\/v2\/product_brand?post=15262"},{"taxonomy":"product_cat","embeddable":true,"href":"https:\/\/tipicino.ch\/apfelspare\/de\/wp-json\/wp\/v2\/product_cat?post=15262"},{"taxonomy":"product_tag","embeddable":true,"href":"https:\/\/tipicino.ch\/apfelspare\/de\/wp-json\/wp\/v2\/product_tag?post=15262"}],"curies":[{"name":"wp","href":"https:\/\/api.w.org\/{rel}","templated":true}]}}