{"id":15270,"date":"2025-06-15T20:23:39","date_gmt":"2025-06-15T20:23:39","guid":{"rendered":"https:\/\/tipicino.ch\/apfelspare\/?post_type=product&#038;p=15270"},"modified":"2026-03-13T15:15:36","modified_gmt":"2026-03-13T15:15:36","slug":"trackpad-kabel-macbook-air-13-a1466-mitte-2013-mitte-2017","status":"publish","type":"product","link":"https:\/\/tipicino.ch\/apfelspare\/de\/prodotto\/cavo-trackpad-macbook-air-13-a1466-mid-2013-mid-2017\/","title":{"rendered":"Trackpad-Kabel f\u00fcr MacBook Air 13\u2033 A1466 (Mid 2013 - Mid 2017)"},"content":{"rendered":"<div class=\"aps-pdp\">\n<section class=\"aps-card\">\n<header class=\"aps-card__head\">\n<h2 class=\"aps-h\">Trackpad-Flexkabel f\u00fcr MacBook Air 13\" A1466 (2013-2017)<\/h2>\n<p class=\"aps-sub\">Datenverbindungskomponente f\u00fcr das Touchpad in MacBook Air 13-Zoll Modellen mit Intel Haswell und Broadwell Architektur.<\/p>\n<\/header>\n<p>\n      In der erfolgreichen MacBook Air Serie, die zwischen 2013 und 2017 produziert wurde, dient das Trackpad-Flexkabel als wichtige Ader f\u00fcr die \u00dcbertragung von Multi-Touch-Signalen und Eingabesteuerungen. Da es sich um eine Komponente handelt, die direkt unter der Batterie untergebracht ist, kann es durch eine leicht aufgequollene Batterie, Oberfl\u00e4chenoxidation oder mechanische Beanspruchung bei internen Reinigungsvorg\u00e4ngen besch\u00e4digt werden. Der Austausch mit diesem Ersatzteil, geliefert in <strong>REFURBISHED<\/strong>, ist die L\u00f6sung zur Beseitigung von Problemen wie einem \u201ceingefrorenen\u201d Zeiger, keiner Klickreaktion oder der Nichterkennung des Ger\u00e4ts in den Systemeinstellungen. Es besteht aus hochflexiblen Materialien und gew\u00e4hrleistet eine stabile und lang anhaltende elektrische Leitf\u00e4higkeit.\n    <\/p>\n<div class=\"aps-note aps-note--warn\">\n      <span class=\"aps-note__ico\">!<\/span><br \/>\n      <span class=\"aps-note__txt\"><strong>KOMPATIBILIT\u00c4TSHINWEIS:<\/strong> Dieses spezielle Kabel (Teilenummer 593-1604-B) ist f\u00fcr die Versionen von 2013 bis 2017 konzipiert. <strong>NICHT kompatibel<\/strong> mit dem 2012er Modell Mid (MacBookAir5.2), das eine andere Pinbelegung erfordert. Bitte \u00fcberpr\u00fcfen Sie vor dem Kauf die Kennung Ihres MacBooks in den Systeminformationen.<\/span>\n    <\/div>\n<\/section>\n<section class=\"aps-card\">\n<header class=\"aps-card__head\">\n<h2 class=\"aps-h\">Unterst\u00fctzte Modelle<\/h2>\n<p class=\"aps-sub\">Die MacBook Air 13\u2033-Serie ist mit diesem speziellen Anschlussmodul kompatibel.<\/p>\n<\/header>\n<ul class=\"aps-check\">\n<li><strong>MacBook Air 13\" A1466 (Mid 2017)<\/strong> <span class=\"aps-badge\">MacBookAir7.2<\/span><\/li>\n<li><strong>MacBook Air 13\" A1466 (Early 2015)<\/strong> <span class=\"aps-badge\">MacBookAir7.2<\/span><\/li>\n<li><strong>MacBook Air 13\" A1466 (Early 2014)<\/strong> <span class=\"aps-badge\">MacBookAir6.2<\/span><\/li>\n<li><strong>MacBook Air 13\" A1466 (Mid 2013)<\/strong> <span class=\"aps-badge\">MacBookAir6.2<\/span><\/li>\n<\/ul>\n<\/section>\n<section class=\"aps-card\">\n<header class=\"aps-card__head\">\n<h2 class=\"aps-h\">Technische Eigenschaften<\/h2>\n<p class=\"aps-sub\">Hardware-Spezifikationen und Identifikationsreferenzen des Flachbandkabels.<\/p>\n<\/header>\n<div class=\"aps-specgrid\">\n<div class=\"aps-spec\">\n<div><span>Komponententyp<\/span><strong>Flexkabel (Flex Cable)<\/strong><\/div>\n<\/div>\n<div class=\"aps-spec\">\n<div><span>Part Number<\/span><strong>593-1604-B<\/strong><\/div>\n<\/div>\n<div class=\"aps-spec\">\n<div><span>Zustand<\/span><strong>Refurbished<\/strong><\/div>\n<\/div>\n<div class=\"aps-spec\">\n<div><span>Funktion<\/span><strong>Trackpad-zu-Logikplatinen-Verbindung<\/strong><\/div>\n<\/div><\/div>\n<\/section>\n<section class=\"aps-card aps-callout aps-callout--warn\">\n<header class=\"aps-card__head\">\n<h2 class=\"aps-h\">Installation und Hinweise<\/h2>\n<p class=\"aps-sub\">Technische Hinweise zur sicheren Wiederherstellung von Eingangsfunktionen.<\/p>\n<\/header>\n<p>\n      Das Kabel befindet sich direkt unter dem Akku. Die Installation erfordert die Demontage des hinteren Geh\u00e4uses und die vollst\u00e4ndige Entfernung des Akkus, um an die Anschl\u00fcsse des Trackpads und der Hauptplatine zu gelangen. Es wird empfohlen, nur antistatische Kunststoffwerkzeuge zu verwenden, um Kratzer oder Kurzschl\u00fcsse zu vermeiden. Es ist wichtig, dass <strong>die Batterie abzuklemmen,<\/strong> vor jeder Operation, um in v\u00f6lliger Abwesenheit von elektrischer Spannung zu arbeiten. Ein falsches Biegen des Kabels bei der Montage k\u00f6nnte die Mikroleiter beeintr\u00e4chtigen; daher wird die Unterst\u00fctzung durch einen qualifizierten Techniker empfohlen.\n    <\/p>\n<\/section>\n<section class=\"aps-card aps-callout aps-callout--info\">\n<header class=\"aps-card__head\">\n<h2 class=\"aps-h\">Sind Sie unsicher, ob dieses Ersatzteil das richtige ist?<\/h2>\n<p class=\"aps-sub\">Kontaktieren Sie uns f\u00fcr Unterst\u00fctzung bei der Auswahl des passenden Ersatzteils f\u00fcr Ihr Ger\u00e4t.<\/p>\n<\/header>\n<div class=\"aps-cta\">\n      <a class=\"aps-btn\" href=\"mailto:info@apfelspare.ch\">info@apfelspare.ch<\/a><br \/>\n      <span class=\"aps-cta__hint\">Senden Sie uns die Seriennummer Ihres MacBook Air: Wir pr\u00fcfen die Kompatibilit\u00e4t des Bauteils schnellstm\u00f6glich.<\/span>\n    <\/div>\n<\/section>\n<\/div>","protected":false},"excerpt":{"rendered":"<p>Flachkabel zum Anschluss des Trackpads am MacBook Air 13\u2033 A1466 (Mid 2013 - Mid 2017), Teilenummer 593-1604-B<\/p>","protected":false},"featured_media":15271,"comment_status":"closed","ping_status":"closed","template":"","meta":{"_acf_changed":false,"_et_pb_use_builder":"","_et_pb_old_content":"","_et_gb_content_width":""},"product_brand":[],"product_cat":[180,187,122,121,120,119,20,19],"product_tag":[],"class_list":{"0":"post-15270","1":"product","2":"type-product","3":"status-publish","4":"has-post-thumbnail","6":"product_cat-trackpad","7":"product_cat-cavi-connettori","8":"product_cat-macbook-air-13-mid-2017-a1466","9":"product_cat-macbook-air-13-early-2015-a1466","10":"product_cat-macbook-air-13-early-2014-a1466","11":"product_cat-macbook-air-13-mid-2013-a1466","12":"product_cat-category-macbook-air","13":"product_cat-parti-ricambio-seconda-mano","15":"first","16":"instock","17":"shipping-taxable","18":"purchasable","19":"product-type-simple"},"acf":[],"yoast_head":"<!-- This site is optimized with the Yoast SEO plugin v27.4 - https:\/\/yoast.com\/product\/yoast-seo-wordpress\/ -->\n<title>Cavo trackpad per MacBook Air 13&quot; A1466 (Mid 2013 \u2013 Mid 2017)<\/title>\n<meta name=\"description\" content=\"Cavo trackpad per MacBook Air 13&quot; A1466 (2013\u20132017), part number 593-1604-B. Non compatibile con il modello Mid 2012\" \/>\n<meta name=\"robots\" content=\"index, follow, max-snippet:-1, max-image-preview:large, max-video-preview:-1\" \/>\n<link rel=\"canonical\" href=\"https:\/\/tipicino.ch\/apfelspare\/de\/product\/trackpad-kabel-macbook-air-13-a1466-mitte-2013-mitte-2017\/\" \/>\n<meta property=\"og:locale\" content=\"de_DE\" \/>\n<meta property=\"og:type\" content=\"article\" \/>\n<meta property=\"og:title\" content=\"Cavo trackpad per MacBook Air 13&quot; A1466 (Mid 2013 \u2013 Mid 2017)\" \/>\n<meta property=\"og:description\" content=\"Cavo trackpad per MacBook Air 13&quot; A1466 (2013\u20132017), part number 593-1604-B. Non compatibile con il modello Mid 2012\" \/>\n<meta property=\"og:url\" content=\"https:\/\/tipicino.ch\/apfelspare\/de\/product\/trackpad-kabel-macbook-air-13-a1466-mitte-2013-mitte-2017\/\" \/>\n<meta property=\"og:site_name\" content=\"Ricambi MacBook Pro, MacBook Air e iMac in Svizzera \u2013 Display, Tastiere, Batterie, Trackpad\" \/>\n<meta property=\"article:modified_time\" content=\"2026-03-13T15:15:36+00:00\" \/>\n<meta property=\"og:image\" content=\"https:\/\/tipicino.ch\/apfelspare\/wp-content\/uploads\/2025\/06\/cavo-trackpad-MacBook-Air-1322-A1466-trackpad-cable-593-1604-B-2013-2014-2015-2017.png\" \/>\n\t<meta property=\"og:image:width\" content=\"1000\" \/>\n\t<meta property=\"og:image:height\" content=\"1000\" \/>\n\t<meta property=\"og:image:type\" content=\"image\/png\" \/>\n<meta name=\"twitter:card\" content=\"summary_large_image\" \/>\n<meta name=\"twitter:label1\" content=\"Gesch\u00e4tzte Lesezeit\" \/>\n\t<meta name=\"twitter:data1\" content=\"3\u00a0Minuten\" \/>\n<!-- \/ Yoast SEO plugin. -->","yoast_head_json":{"title":"Trackpad-Kabel f\u00fcr MacBook Air 13\" A1466 (Mid 2013 - Mid 2017)","description":"Trackpad-Kabel f\u00fcr MacBook Air 13\" A1466 (2013-2017), Teilenummer 593-1604-B. Nicht kompatibel mit 2012 Modell Mid","robots":{"index":"index","follow":"follow","max-snippet":"max-snippet:-1","max-image-preview":"max-image-preview:large","max-video-preview":"max-video-preview:-1"},"canonical":"https:\/\/tipicino.ch\/apfelspare\/de\/product\/trackpad-kabel-macbook-air-13-a1466-mitte-2013-mitte-2017\/","og_locale":"de_DE","og_type":"article","og_title":"Cavo trackpad per MacBook Air 13\" A1466 (Mid 2013 \u2013 Mid 2017)","og_description":"Cavo trackpad per MacBook Air 13\" A1466 (2013\u20132017), part number 593-1604-B. Non compatibile con il modello Mid 2012","og_url":"https:\/\/tipicino.ch\/apfelspare\/de\/product\/trackpad-kabel-macbook-air-13-a1466-mitte-2013-mitte-2017\/","og_site_name":"Ricambi MacBook Pro, MacBook Air e iMac in Svizzera \u2013 Display, Tastiere, Batterie, Trackpad","article_modified_time":"2026-03-13T15:15:36+00:00","og_image":[{"width":1000,"height":1000,"url":"https:\/\/tipicino.ch\/apfelspare\/wp-content\/uploads\/2025\/06\/cavo-trackpad-MacBook-Air-1322-A1466-trackpad-cable-593-1604-B-2013-2014-2015-2017.png","type":"image\/png"}],"twitter_card":"summary_large_image","twitter_misc":{"Gesch\u00e4tzte Lesezeit":"3\u00a0Minuten"},"schema":{"@context":"https:\/\/schema.org","@graph":[{"@type":"WebPage","@id":"https:\/\/tipicino.ch\/apfelspare\/de\/prodotto\/cavo-trackpad-macbook-air-13-a1466-mid-2013-mid-2017\/","url":"https:\/\/tipicino.ch\/apfelspare\/de\/prodotto\/cavo-trackpad-macbook-air-13-a1466-mid-2013-mid-2017\/","name":"Trackpad-Kabel f\u00fcr MacBook Air 13\" A1466 (Mid 2013 - Mid 2017)","isPartOf":{"@id":"https:\/\/tipicino.ch\/apfelspare\/de\/#website"},"primaryImageOfPage":{"@id":"https:\/\/tipicino.ch\/apfelspare\/de\/prodotto\/cavo-trackpad-macbook-air-13-a1466-mid-2013-mid-2017\/#primaryimage"},"image":{"@id":"https:\/\/tipicino.ch\/apfelspare\/de\/prodotto\/cavo-trackpad-macbook-air-13-a1466-mid-2013-mid-2017\/#primaryimage"},"thumbnailUrl":"https:\/\/tipicino.ch\/apfelspare\/wp-content\/uploads\/2025\/06\/cavo-trackpad-MacBook-Air-1322-A1466-trackpad-cable-593-1604-B-2013-2014-2015-2017.png","datePublished":"2025-06-15T20:23:39+00:00","dateModified":"2026-03-13T15:15:36+00:00","description":"Trackpad-Kabel f\u00fcr MacBook Air 13\" A1466 (2013-2017), Teilenummer 593-1604-B. Nicht kompatibel mit 2012 Modell Mid","breadcrumb":{"@id":"https:\/\/tipicino.ch\/apfelspare\/de\/prodotto\/cavo-trackpad-macbook-air-13-a1466-mid-2013-mid-2017\/#breadcrumb"},"inLanguage":"de-CH","potentialAction":[{"@type":"ReadAction","target":["https:\/\/tipicino.ch\/apfelspare\/de\/prodotto\/cavo-trackpad-macbook-air-13-a1466-mid-2013-mid-2017\/"]}]},{"@type":"ImageObject","inLanguage":"de-CH","@id":"https:\/\/tipicino.ch\/apfelspare\/de\/prodotto\/cavo-trackpad-macbook-air-13-a1466-mid-2013-mid-2017\/#primaryimage","url":"https:\/\/tipicino.ch\/apfelspare\/wp-content\/uploads\/2025\/06\/cavo-trackpad-MacBook-Air-1322-A1466-trackpad-cable-593-1604-B-2013-2014-2015-2017.png","contentUrl":"https:\/\/tipicino.ch\/apfelspare\/wp-content\/uploads\/2025\/06\/cavo-trackpad-MacBook-Air-1322-A1466-trackpad-cable-593-1604-B-2013-2014-2015-2017.png","width":1000,"height":1000,"caption":"Cavo trackpad per MacBook Air 13\" A1466 (2013\u20132017)"},{"@type":"BreadcrumbList","@id":"https:\/\/tipicino.ch\/apfelspare\/de\/prodotto\/cavo-trackpad-macbook-air-13-a1466-mid-2013-mid-2017\/#breadcrumb","itemListElement":[{"@type":"ListItem","position":1,"name":"Home","item":"https:\/\/tipicino.ch\/apfelspare\/de\/"},{"@type":"ListItem","position":2,"name":"Shop","item":"https:\/\/tipicino.ch\/apfelspare\/de\/shop\/"},{"@type":"ListItem","position":3,"name":"Cavo trackpad per MacBook Air 13&#8243; A1466 (Mid 2013 \u2013 Mid 2017)"}]},{"@type":"WebSite","@id":"https:\/\/tipicino.ch\/apfelspare\/de\/#website","url":"https:\/\/tipicino.ch\/apfelspare\/de\/","name":"Ersatzteile f\u00fcr MacBook Pro, MacBook Air und iMac in der Schweiz \u2013 Display, Tastaturen, Batterien, Trackpads","description":"","publisher":{"@id":"https:\/\/tipicino.ch\/apfelspare\/de\/#organization"},"potentialAction":[{"@type":"SearchAction","target":{"@type":"EntryPoint","urlTemplate":"https:\/\/tipicino.ch\/apfelspare\/de\/?s={search_term_string}"},"query-input":{"@type":"PropertyValueSpecification","valueRequired":true,"valueName":"search_term_string"}}],"inLanguage":"de-CH"},{"@type":"Organization","@id":"https:\/\/tipicino.ch\/apfelspare\/de\/#organization","name":"tipicino.ch\/apfelspare","url":"https:\/\/tipicino.ch\/apfelspare\/de\/","logo":{"@type":"ImageObject","inLanguage":"de-CH","@id":"https:\/\/tipicino.ch\/apfelspare\/de\/#\/schema\/logo\/image\/","url":"https:\/\/tipicino.ch\/apfelspare\/wp-content\/uploads\/2025\/08\/cropped-FAVICON-tipicino.ch\/apfelspare_.png","contentUrl":"https:\/\/tipicino.ch\/apfelspare\/wp-content\/uploads\/2025\/08\/cropped-FAVICON-tipicino.ch\/apfelspare_.png","width":512,"height":512,"caption":"tipicino.ch\/apfelspare"},"image":{"@id":"https:\/\/tipicino.ch\/apfelspare\/de\/#\/schema\/logo\/image\/"}}]}},"_links":{"self":[{"href":"https:\/\/tipicino.ch\/apfelspare\/de\/wp-json\/wp\/v2\/product\/15270","targetHints":{"allow":["GET"]}}],"collection":[{"href":"https:\/\/tipicino.ch\/apfelspare\/de\/wp-json\/wp\/v2\/product"}],"about":[{"href":"https:\/\/tipicino.ch\/apfelspare\/de\/wp-json\/wp\/v2\/types\/product"}],"replies":[{"embeddable":true,"href":"https:\/\/tipicino.ch\/apfelspare\/de\/wp-json\/wp\/v2\/comments?post=15270"}],"wp:featuredmedia":[{"embeddable":true,"href":"https:\/\/tipicino.ch\/apfelspare\/de\/wp-json\/wp\/v2\/media\/15271"}],"wp:attachment":[{"href":"https:\/\/tipicino.ch\/apfelspare\/de\/wp-json\/wp\/v2\/media?parent=15270"}],"wp:term":[{"taxonomy":"product_brand","embeddable":true,"href":"https:\/\/tipicino.ch\/apfelspare\/de\/wp-json\/wp\/v2\/product_brand?post=15270"},{"taxonomy":"product_cat","embeddable":true,"href":"https:\/\/tipicino.ch\/apfelspare\/de\/wp-json\/wp\/v2\/product_cat?post=15270"},{"taxonomy":"product_tag","embeddable":true,"href":"https:\/\/tipicino.ch\/apfelspare\/de\/wp-json\/wp\/v2\/product_tag?post=15270"}],"curies":[{"name":"wp","href":"https:\/\/api.w.org\/{rel}","templated":true}]}}