{"id":15298,"date":"2025-06-16T13:28:03","date_gmt":"2025-06-16T13:28:03","guid":{"rendered":"https:\/\/tipicino.ch\/apfelspare\/?post_type=product&#038;p=15298"},"modified":"2026-03-15T08:57:38","modified_gmt":"2026-03-15T08:57:38","slug":"linken-lautsprecher-macbook-pro-13-a1706-ende-2016-mitte-2017","status":"publish","type":"product","link":"https:\/\/tipicino.ch\/apfelspare\/de\/prodotto\/altoparlante-sinistro-macbook-pro-13-a1706-late-2016-mid-2017\/","title":{"rendered":"Linker Lautsprecher f\u00fcr MacBook Pro 13\u2033 A1706 (Late 2016 - Mid 2017)"},"content":{"rendered":"<div class=\"aps-pdp\">\n<section class=\"aps-card\">\n<header class=\"aps-card__head\">\n<h2 class=\"aps-h\">Linker Lautsprecher f\u00fcr MacBook Pro 13\" A1706 (Late 2016 - Mid 2017)<\/h2>\n<p class=\"aps-sub\">Linksseitiges Soundmodul komplett mit Aufkleber f\u00fcr MacBook Pro 13 Zoll mit Touch Bar.<\/p>\n<\/header>\n<p>\n      Dieser Austausch dient dazu, den linken Lautsprecher Ihres MacBook Pro 13\u2033 A1706 zu ersetzen. Wenn Sie h\u00f6ren, dass der Ton knistert, schwach geworden ist oder Sie \u00fcberhaupt nichts von der linken Seite h\u00f6ren k\u00f6nnen, kann die Fehlfunktion auf diese Komponente zur\u00fcckzuf\u00fchren sein, die gebrochen oder abgenutzt sein kann. Wenn Sie den Lautsprecher durch dieses neue Teil ersetzen, k\u00f6nnen Sie das Problem l\u00f6sen und wieder einen klaren Ton h\u00f6ren. Das Ersatzteil ist bereits mit dem Aufkleber versehen, um es zu reparieren.\n    <\/p>\n<div class=\"aps-note aps-note--warn\">\n      <span class=\"aps-note__ico\">!<\/span><br \/>\n      <span class=\"aps-note__txt\"><strong>KOMPATIBILIT\u00c4TSHINWEIS:<\/strong> Dieser Lautsprecher passt nur in das Modell A1706 (mit Touch Bar). Wir empfehlen Ihnen, vor dem Kauf auf die Teilenummer auf der Unterseite Ihres Macs zu achten, da das Modell A1708 (ohne Touch Bar) andere, nicht kompatible Lautsprecher verwendet.<\/span>\n    <\/div>\n<\/section>\n<section class=\"aps-card\">\n<header class=\"aps-card__head\">\n<h2 class=\"aps-h\">Unterst\u00fctzte Modelle<\/h2>\n<p class=\"aps-sub\">Liste der kompatiblen MacBook Pro 13\u2033 Modelle.<\/p>\n<\/header>\n<ul class=\"aps-check\">\n<li><strong>MacBook Pro 13\" A1706 (Mid 2017)<\/strong> - MacBookPro 14.2<\/li>\n<li><strong>MacBook Pro 13\" A1706 (Late 2016)<\/strong> - MacBookPro 13.2<\/li>\n<\/ul>\n<\/section>\n<section class=\"aps-card\">\n<header class=\"aps-card__head\">\n<h2 class=\"aps-h\">Technische Eigenschaften<\/h2>\n<p class=\"aps-sub\">Details zur Audio-Komponente.<\/p>\n<\/header>\n<div class=\"aps-specgrid\">\n<div class=\"aps-spec\">\n<div><span>Komponententyp<\/span><strong>Interner Lautsprecher<\/strong><\/div>\n<\/div>\n<div class=\"aps-spec\">\n<div><span>Seite<\/span><strong>Links (die Seite ist ausgehend von einem ge\u00f6ffneten und zerlegten Mac zu verstehen, mit der Batterie zu Ihnen ausgerichtet)<\/strong><\/div>\n<\/div>\n<div class=\"aps-spec\">\n<div><span>Zustand<\/span><strong>Neu<\/strong><\/div>\n<\/div>\n<div class=\"aps-spec\">\n<div><span>Kleber<\/span><strong>Inbegriffen<\/strong><\/div>\n<\/div><\/div>\n<\/section>\n<section class=\"aps-card aps-callout aps-callout--warn\">\n<header class=\"aps-card__head\">\n<h2 class=\"aps-h\">Installation und Hinweise<\/h2>\n<p class=\"aps-sub\">Tipps f\u00fcr die Montage.<\/p>\n<\/header>\n<p>\n      Um diesen Lautsprecher auszutauschen, m\u00fcssen Sie das MacBook \u00f6ffnen und die Abdeckung darunter entfernen. Sie m\u00fcssen sehr vorsichtig sein, da die Anschl\u00fcsse und Kabel im Inneren klein sind und leicht abbrechen k\u00f6nnen. Denken Sie immer daran, die Batterie abzuklemmen, bevor Sie irgendetwas auf der Hauptplatine anfassen. Wenn Sie nicht \u00fcber das richtige Werkzeug verf\u00fcgen oder es noch nie gemacht haben, empfehlen wir Ihnen, einen Techniker um Hilfe zu bitten.\n    <\/p>\n<\/section>\n<section class=\"aps-card aps-callout aps-callout--info\">\n<header class=\"aps-card__head\">\n<h2 class=\"aps-h\">Sind Sie unsicher, ob dieses Ersatzteil das richtige ist?<\/h2>\n<p class=\"aps-sub\">Kontaktieren Sie uns f\u00fcr Unterst\u00fctzung bei der Auswahl des passenden Ersatzteils f\u00fcr Ihr Ger\u00e4t.<\/p>\n<\/header>\n<div class=\"aps-cta\">\n      <a class=\"aps-btn\" href=\"mailto:info@apfelspare.ch\">info@apfelspare.ch<\/a><br \/>\n      <span class=\"aps-cta__hint\">Senden Sie uns die Seriennummer Ihres MacBook Pro: Wir pr\u00fcfen die Kompatibilit\u00e4t schnell f\u00fcr Sie.<\/span>\n    <\/div>\n<\/section>\n<\/div>","protected":false},"excerpt":{"rendered":"<p>Linker Lautsprecher f\u00fcr MacBook Pro 13\u2033 A1706 (Late 2016 - Mid 2017), ideal bei verzerrtem oder fehlendem Ton. Aufkleber inklusive<\/p>","protected":false},"featured_media":15299,"comment_status":"closed","ping_status":"closed","template":"","meta":{"_acf_changed":false,"_et_pb_use_builder":"","_et_pb_old_content":"","_et_gb_content_width":""},"product_brand":[],"product_cat":[183,17,79,78],"product_tag":[],"class_list":{"0":"post-15298","1":"product","2":"type-product","3":"status-publish","4":"has-post-thumbnail","6":"product_cat-altoparlanti","7":"product_cat-category-macbook-pro","8":"product_cat-macbook-pro-13-mid-2017-a1706","9":"product_cat-macbook-pro-13-late-2016-a1706","11":"first","12":"instock","13":"shipping-taxable","14":"purchasable","15":"product-type-simple"},"acf":[],"yoast_head":"<!-- This site is optimized with the Yoast SEO plugin v27.4 - https:\/\/yoast.com\/product\/yoast-seo-wordpress\/ -->\n<title>Altoparlante sinistro MacBook Pro 13&quot; A1706 (Late 2016 \u2013 Mid 2017)<\/title>\n<meta name=\"description\" content=\"Altoparlante sinistro per MacBook Pro 13&quot; A1706 (Late 2016 \u2013 Mid 2017) con adesivo incluso per risolvere problemi audio\" \/>\n<meta name=\"robots\" content=\"index, follow, max-snippet:-1, max-image-preview:large, max-video-preview:-1\" \/>\n<link rel=\"canonical\" href=\"https:\/\/tipicino.ch\/apfelspare\/de\/product\/linken-lautsprecher-macbook-pro-13-a1706-ende-2016-mitte-2017\/\" \/>\n<meta property=\"og:locale\" content=\"de_DE\" \/>\n<meta property=\"og:type\" content=\"article\" \/>\n<meta property=\"og:title\" content=\"Altoparlante sinistro MacBook Pro 13&quot; A1706 (Late 2016 \u2013 Mid 2017)\" \/>\n<meta property=\"og:description\" content=\"Altoparlante sinistro per MacBook Pro 13&quot; A1706 (Late 2016 \u2013 Mid 2017) con adesivo incluso per risolvere problemi audio\" \/>\n<meta property=\"og:url\" content=\"https:\/\/tipicino.ch\/apfelspare\/de\/product\/linken-lautsprecher-macbook-pro-13-a1706-ende-2016-mitte-2017\/\" \/>\n<meta property=\"og:site_name\" content=\"Ricambi MacBook Pro, MacBook Air e iMac in Svizzera \u2013 Display, Tastiere, Batterie, Trackpad\" \/>\n<meta property=\"article:modified_time\" content=\"2026-03-15T08:57:38+00:00\" \/>\n<meta property=\"og:image\" content=\"https:\/\/tipicino.ch\/apfelspare\/wp-content\/uploads\/2025\/06\/altoparlante-sinistro-macbook-pro-13-a1706.png\" \/>\n\t<meta property=\"og:image:width\" content=\"1000\" \/>\n\t<meta property=\"og:image:height\" content=\"1000\" \/>\n\t<meta property=\"og:image:type\" content=\"image\/png\" \/>\n<meta name=\"twitter:card\" content=\"summary_large_image\" \/>\n<meta name=\"twitter:label1\" content=\"Gesch\u00e4tzte Lesezeit\" \/>\n\t<meta name=\"twitter:data1\" content=\"2\u00a0Minuten\" \/>\n<!-- \/ Yoast SEO plugin. -->","yoast_head_json":{"title":"Linker Lautsprecher MacBook Pro 13\" A1706 (Late 2016 - Mid 2017)","description":"Linker Lautsprecher f\u00fcr MacBook Pro 13\" A1706 (Late 2016 - Mid 2017) mit mitgeliefertem Aufkleber zur L\u00f6sung von Audioproblemen","robots":{"index":"index","follow":"follow","max-snippet":"max-snippet:-1","max-image-preview":"max-image-preview:large","max-video-preview":"max-video-preview:-1"},"canonical":"https:\/\/tipicino.ch\/apfelspare\/de\/product\/linken-lautsprecher-macbook-pro-13-a1706-ende-2016-mitte-2017\/","og_locale":"de_DE","og_type":"article","og_title":"Altoparlante sinistro MacBook Pro 13\" A1706 (Late 2016 \u2013 Mid 2017)","og_description":"Altoparlante sinistro per MacBook Pro 13\" A1706 (Late 2016 \u2013 Mid 2017) con adesivo incluso per risolvere problemi audio","og_url":"https:\/\/tipicino.ch\/apfelspare\/de\/product\/linken-lautsprecher-macbook-pro-13-a1706-ende-2016-mitte-2017\/","og_site_name":"Ricambi MacBook Pro, MacBook Air e iMac in Svizzera \u2013 Display, Tastiere, Batterie, Trackpad","article_modified_time":"2026-03-15T08:57:38+00:00","og_image":[{"width":1000,"height":1000,"url":"https:\/\/tipicino.ch\/apfelspare\/wp-content\/uploads\/2025\/06\/altoparlante-sinistro-macbook-pro-13-a1706.png","type":"image\/png"}],"twitter_card":"summary_large_image","twitter_misc":{"Gesch\u00e4tzte Lesezeit":"2\u00a0Minuten"},"schema":{"@context":"https:\/\/schema.org","@graph":[{"@type":"WebPage","@id":"https:\/\/tipicino.ch\/apfelspare\/de\/prodotto\/altoparlante-sinistro-macbook-pro-13-a1706-late-2016-mid-2017\/","url":"https:\/\/tipicino.ch\/apfelspare\/de\/prodotto\/altoparlante-sinistro-macbook-pro-13-a1706-late-2016-mid-2017\/","name":"Linker Lautsprecher MacBook Pro 13\" A1706 (Late 2016 - Mid 2017)","isPartOf":{"@id":"https:\/\/tipicino.ch\/apfelspare\/de\/#website"},"primaryImageOfPage":{"@id":"https:\/\/tipicino.ch\/apfelspare\/de\/prodotto\/altoparlante-sinistro-macbook-pro-13-a1706-late-2016-mid-2017\/#primaryimage"},"image":{"@id":"https:\/\/tipicino.ch\/apfelspare\/de\/prodotto\/altoparlante-sinistro-macbook-pro-13-a1706-late-2016-mid-2017\/#primaryimage"},"thumbnailUrl":"https:\/\/tipicino.ch\/apfelspare\/wp-content\/uploads\/2025\/06\/altoparlante-sinistro-macbook-pro-13-a1706.png","datePublished":"2025-06-16T13:28:03+00:00","dateModified":"2026-03-15T08:57:38+00:00","description":"Linker Lautsprecher f\u00fcr MacBook Pro 13\" A1706 (Late 2016 - Mid 2017) mit mitgeliefertem Aufkleber zur L\u00f6sung von Audioproblemen","breadcrumb":{"@id":"https:\/\/tipicino.ch\/apfelspare\/de\/prodotto\/altoparlante-sinistro-macbook-pro-13-a1706-late-2016-mid-2017\/#breadcrumb"},"inLanguage":"de-CH","potentialAction":[{"@type":"ReadAction","target":["https:\/\/tipicino.ch\/apfelspare\/de\/prodotto\/altoparlante-sinistro-macbook-pro-13-a1706-late-2016-mid-2017\/"]}]},{"@type":"ImageObject","inLanguage":"de-CH","@id":"https:\/\/tipicino.ch\/apfelspare\/de\/prodotto\/altoparlante-sinistro-macbook-pro-13-a1706-late-2016-mid-2017\/#primaryimage","url":"https:\/\/tipicino.ch\/apfelspare\/wp-content\/uploads\/2025\/06\/altoparlante-sinistro-macbook-pro-13-a1706.png","contentUrl":"https:\/\/tipicino.ch\/apfelspare\/wp-content\/uploads\/2025\/06\/altoparlante-sinistro-macbook-pro-13-a1706.png","width":1000,"height":1000,"caption":"Altoparlante sinistro per MacBook Pro 13\" A1706 (Late 2016 \u2013 Mid 2017)"},{"@type":"BreadcrumbList","@id":"https:\/\/tipicino.ch\/apfelspare\/de\/prodotto\/altoparlante-sinistro-macbook-pro-13-a1706-late-2016-mid-2017\/#breadcrumb","itemListElement":[{"@type":"ListItem","position":1,"name":"Home","item":"https:\/\/tipicino.ch\/apfelspare\/de\/"},{"@type":"ListItem","position":2,"name":"Shop","item":"https:\/\/tipicino.ch\/apfelspare\/de\/shop\/"},{"@type":"ListItem","position":3,"name":"Altoparlante sinistro per MacBook Pro 13&#8243; A1706 (Late 2016 \u2013 Mid 2017)"}]},{"@type":"WebSite","@id":"https:\/\/tipicino.ch\/apfelspare\/de\/#website","url":"https:\/\/tipicino.ch\/apfelspare\/de\/","name":"Ersatzteile f\u00fcr MacBook Pro, MacBook Air und iMac in der Schweiz \u2013 Display, Tastaturen, Batterien, Trackpads","description":"","publisher":{"@id":"https:\/\/tipicino.ch\/apfelspare\/de\/#organization"},"potentialAction":[{"@type":"SearchAction","target":{"@type":"EntryPoint","urlTemplate":"https:\/\/tipicino.ch\/apfelspare\/de\/?s={search_term_string}"},"query-input":{"@type":"PropertyValueSpecification","valueRequired":true,"valueName":"search_term_string"}}],"inLanguage":"de-CH"},{"@type":"Organization","@id":"https:\/\/tipicino.ch\/apfelspare\/de\/#organization","name":"tipicino.ch\/apfelspare","url":"https:\/\/tipicino.ch\/apfelspare\/de\/","logo":{"@type":"ImageObject","inLanguage":"de-CH","@id":"https:\/\/tipicino.ch\/apfelspare\/de\/#\/schema\/logo\/image\/","url":"https:\/\/tipicino.ch\/apfelspare\/wp-content\/uploads\/2025\/08\/cropped-FAVICON-tipicino.ch\/apfelspare_.png","contentUrl":"https:\/\/tipicino.ch\/apfelspare\/wp-content\/uploads\/2025\/08\/cropped-FAVICON-tipicino.ch\/apfelspare_.png","width":512,"height":512,"caption":"tipicino.ch\/apfelspare"},"image":{"@id":"https:\/\/tipicino.ch\/apfelspare\/de\/#\/schema\/logo\/image\/"}}]}},"_links":{"self":[{"href":"https:\/\/tipicino.ch\/apfelspare\/de\/wp-json\/wp\/v2\/product\/15298","targetHints":{"allow":["GET"]}}],"collection":[{"href":"https:\/\/tipicino.ch\/apfelspare\/de\/wp-json\/wp\/v2\/product"}],"about":[{"href":"https:\/\/tipicino.ch\/apfelspare\/de\/wp-json\/wp\/v2\/types\/product"}],"replies":[{"embeddable":true,"href":"https:\/\/tipicino.ch\/apfelspare\/de\/wp-json\/wp\/v2\/comments?post=15298"}],"wp:featuredmedia":[{"embeddable":true,"href":"https:\/\/tipicino.ch\/apfelspare\/de\/wp-json\/wp\/v2\/media\/15299"}],"wp:attachment":[{"href":"https:\/\/tipicino.ch\/apfelspare\/de\/wp-json\/wp\/v2\/media?parent=15298"}],"wp:term":[{"taxonomy":"product_brand","embeddable":true,"href":"https:\/\/tipicino.ch\/apfelspare\/de\/wp-json\/wp\/v2\/product_brand?post=15298"},{"taxonomy":"product_cat","embeddable":true,"href":"https:\/\/tipicino.ch\/apfelspare\/de\/wp-json\/wp\/v2\/product_cat?post=15298"},{"taxonomy":"product_tag","embeddable":true,"href":"https:\/\/tipicino.ch\/apfelspare\/de\/wp-json\/wp\/v2\/product_tag?post=15298"}],"curies":[{"name":"wp","href":"https:\/\/api.w.org\/{rel}","templated":true}]}}