{"id":15323,"date":"2025-06-16T22:35:25","date_gmt":"2025-06-16T22:35:25","guid":{"rendered":"https:\/\/tipicino.ch\/apfelspare\/?post_type=product&#038;p=15323"},"modified":"2026-03-14T15:26:32","modified_gmt":"2026-03-14T15:26:32","slug":"linker-lautsprecher-macbook-pro-13-a2289-a2338-mitte-2020-mitte-2022","status":"publish","type":"product","link":"https:\/\/tipicino.ch\/apfelspare\/de\/prodotto\/altoparlante-sinistro-macbook-pro-13-a2289-a2338-mid-2020-mid-2022\/","title":{"rendered":"Linker Lautsprecher f\u00fcr MacBook Pro 13\u2033 A2289 A2338 (Mid 2020 - Mid 2022)"},"content":{"rendered":"<div class=\"aps-pdp\">\n<section class=\"aps-card\">\n<header class=\"aps-card__head\">\n<h2 class=\"aps-h\">Linker Lautsprecher f\u00fcr MacBook Pro 13\" A2289 A2338 (Mid 2020 - Mid 2022)<\/h2>\n<p class=\"aps-sub\">Linksseitiges Soundmodul f\u00fcr MacBook Pro 13 Zoll mit 2 Thunderbolt-Anschl\u00fcssen.<\/p>\n<\/header>\n<p>\n      Dieser Ersatz wird verwendet, um den linken Lautsprecher in dem angegebenen MacBook Pro 13\u2033 zu ersetzen. Wenn Sie feststellen, dass der Ton verzerrt ist, Sie klappernde Ger\u00e4usche h\u00f6ren oder kein Ton aus der linken Seite kommt, kann das Problem an dieser Komponente liegen, die durch den Gebrauch besch\u00e4digt worden sein kann. Durch den Austausch des Lautsprechers k\u00f6nnen Sie die St\u00f6rung m\u00f6glicherweise beheben und wieder Musik und Videos in der richtigen Qualit\u00e4t h\u00f6ren.\n    <\/p>\n<div class=\"aps-note aps-note--warn\">\n      <span class=\"aps-note__ico\">!<\/span><br \/>\n      <span class=\"aps-note__txt\"><strong>KOMPATIBILIT\u00c4TSHINWEIS:<\/strong> Dieser Lautsprecher ist speziell f\u00fcr MacBook Pro 13\u2033 Modelle mit zwei Thunderbolt-Anschl\u00fcssen mit den Teilenummern A2289 (Intel 2020) und A2338 (M1 2020 \/ M2 2022). Bitte seien Sie vorsichtig, da er weder mit dem Modell A2251 (mit 4 Thunderbolt-Anschl\u00fcssen) noch mit fr\u00fcheren Modellen A1989 oder A1706 kompatibel ist, die anders geformte Lautsprecher verwenden.<\/span>\n    <\/div>\n<\/section>\n<section class=\"aps-card\">\n<header class=\"aps-card__head\">\n<h2 class=\"aps-h\">Unterst\u00fctzte Modelle<\/h2>\n<p class=\"aps-sub\">Liste der kompatiblen MacBook Pro 13\u2033 Modelle.<\/p>\n<\/header>\n<ul class=\"aps-check\">\n<li><strong>MacBook Pro 13\" A2338 (Mid 2022)<\/strong> <span class=\"aps-badge\">Mac14.7<\/span><\/li>\n<li><strong>MacBook Pro 13\" A2338 (Late 2020)<\/strong> <span class=\"aps-badge\">MacBookPro17.1<\/span><\/li>\n<li><strong>MacBook Pro 13\" A2289 (Mid 2020)<\/strong> <span class=\"aps-badge\">MacBookPro16.3<\/span><\/li>\n<\/ul>\n<\/section>\n<section class=\"aps-card\">\n<header class=\"aps-card__head\">\n<h2 class=\"aps-h\">Technische Eigenschaften<\/h2>\n<p class=\"aps-sub\">Details zur Audio-Komponente.<\/p>\n<\/header>\n<div class=\"aps-specgrid\">\n<div class=\"aps-spec\">\n<div><span>Komponententyp<\/span><strong>Interner Lautsprecher<\/strong><\/div>\n<\/div>\n<div class=\"aps-spec\">\n<div><span>Seite<\/span><strong>Links (die Seite ist ausgehend von einem ge\u00f6ffneten und zerlegten Mac zu verstehen, mit der Batterie zu Ihnen ausgerichtet)<\/strong><\/div>\n<\/div>\n<div class=\"aps-spec\">\n<div><span>Zustand<\/span><strong>Neu<\/strong><\/div>\n<\/div><\/div>\n<\/section>\n<section class=\"aps-card aps-callout aps-callout--warn\">\n<header class=\"aps-card__head\">\n<h2 class=\"aps-h\">Installation und Hinweise<\/h2>\n<p class=\"aps-sub\">Tipps f\u00fcr die Montage.<\/p>\n<\/header>\n<p>\n      Der Einbau dieser Komponente erfordert Pr\u00e4zision. Es ist notwendig, das Ger\u00e4t zu \u00f6ffnen und einige interne Teile zu entfernen, um an das Lautsprechergeh\u00e4use zu gelangen. Denken Sie immer daran, die Batterie abzuklemmen, bevor Sie die Hauptplatine ber\u00fchren. Wenn Sie nicht \u00fcber das entsprechende Werkzeug oder die n\u00f6tige Erfahrung verf\u00fcgen, empfehlen wir Ihnen, die Arbeit von einem Techniker durchf\u00fchren zu lassen.\n    <\/p>\n<\/section>\n<section class=\"aps-card aps-callout aps-callout--info\">\n<header class=\"aps-card__head\">\n<h2 class=\"aps-h\">Sind Sie unsicher, ob dieses Ersatzteil das richtige ist?<\/h2>\n<p class=\"aps-sub\">Kontaktieren Sie uns f\u00fcr Unterst\u00fctzung bei der Auswahl des passenden Ersatzteils f\u00fcr Ihr Ger\u00e4t.<\/p>\n<\/header>\n<div class=\"aps-cta\">\n      <a class=\"aps-btn\" href=\"mailto:info@apfelspare.ch\">info@apfelspare.ch<\/a><br \/>\n      <span class=\"aps-cta__hint\">Senden Sie uns die Seriennummer Ihres MacBook Pro: Wir pr\u00fcfen die Kompatibilit\u00e4t schnell f\u00fcr Sie.<\/span>\n    <\/div>\n<\/section>\n<\/div>","protected":false},"excerpt":{"rendered":"<p>Links Lautsprecher f\u00fcr MacBook Pro 13\u2033 A2289 A2338. Neuer Ersatz f\u00fcr die Modelle Mid 2020 - Mid 2022<\/p>","protected":false},"featured_media":15324,"comment_status":"closed","ping_status":"closed","template":"","meta":{"_acf_changed":false,"_et_pb_use_builder":"","_et_pb_old_content":"","_et_gb_content_width":""},"product_brand":[],"product_cat":[183,66,17,82,71],"product_tag":[],"class_list":{"0":"post-15323","1":"product","2":"type-product","3":"status-publish","4":"has-post-thumbnail","6":"product_cat-altoparlanti","7":"product_cat-macbook-pro-13-mid-2022-a2338","8":"product_cat-category-macbook-pro","9":"product_cat-macbook-pro-13-late-2020-a2338","10":"product_cat-macbook-pro-13-mid-2020-a2289","12":"first","13":"instock","14":"shipping-taxable","15":"purchasable","16":"product-type-simple"},"acf":[],"yoast_head":"<!-- This site is optimized with the Yoast SEO plugin v27.4 - https:\/\/yoast.com\/product\/yoast-seo-wordpress\/ -->\n<title>Altoparlante sinistro per MacBook Pro 13&quot; A2289 A2338 (Mid 2020 \u2013 Mid 2022)<\/title>\n<meta name=\"description\" content=\"Altoparlante sinistro per MacBook Pro 13&quot; A2289 A2338. Ricambio audio interno per modelli Mid 2020, Late 2020 e Mid 2022\" \/>\n<meta name=\"robots\" content=\"index, follow, max-snippet:-1, max-image-preview:large, max-video-preview:-1\" \/>\n<link rel=\"canonical\" href=\"https:\/\/tipicino.ch\/apfelspare\/de\/product\/linker-lautsprecher-macbook-pro-13-a2289-a2338-mitte-2020-mitte-2022\/\" \/>\n<meta property=\"og:locale\" content=\"de_DE\" \/>\n<meta property=\"og:type\" content=\"article\" \/>\n<meta property=\"og:title\" content=\"Altoparlante sinistro per MacBook Pro 13&quot; A2289 A2338 (Mid 2020 \u2013 Mid 2022)\" \/>\n<meta property=\"og:description\" content=\"Altoparlante sinistro per MacBook Pro 13&quot; A2289 A2338. Ricambio audio interno per modelli Mid 2020, Late 2020 e Mid 2022\" \/>\n<meta property=\"og:url\" content=\"https:\/\/tipicino.ch\/apfelspare\/de\/product\/linker-lautsprecher-macbook-pro-13-a2289-a2338-mitte-2020-mitte-2022\/\" \/>\n<meta property=\"og:site_name\" content=\"Ricambi MacBook Pro, MacBook Air e iMac in Svizzera \u2013 Display, Tastiere, Batterie, Trackpad\" \/>\n<meta property=\"article:modified_time\" content=\"2026-03-14T15:26:32+00:00\" \/>\n<meta property=\"og:image\" content=\"https:\/\/tipicino.ch\/apfelspare\/wp-content\/uploads\/2025\/06\/altoparlante-sinistro-macbook-pro-13-a2289-a2338.png\" \/>\n\t<meta property=\"og:image:width\" content=\"1000\" \/>\n\t<meta property=\"og:image:height\" content=\"1000\" \/>\n\t<meta property=\"og:image:type\" content=\"image\/png\" \/>\n<meta name=\"twitter:card\" content=\"summary_large_image\" \/>\n<meta name=\"twitter:label1\" content=\"Gesch\u00e4tzte Lesezeit\" \/>\n\t<meta name=\"twitter:data1\" content=\"2\u00a0Minuten\" \/>\n<!-- \/ Yoast SEO plugin. -->","yoast_head_json":{"title":"Linker Lautsprecher f\u00fcr MacBook Pro 13\" A2289 A2338 (Mid 2020 - Mid 2022)","description":"Linker Lautsprecher f\u00fcr MacBook Pro 13\" A2289 A2338. Interner Audioersatz f\u00fcr die Modelle Mid 2020, Late 2020 und Mid 2022","robots":{"index":"index","follow":"follow","max-snippet":"max-snippet:-1","max-image-preview":"max-image-preview:large","max-video-preview":"max-video-preview:-1"},"canonical":"https:\/\/tipicino.ch\/apfelspare\/de\/product\/linker-lautsprecher-macbook-pro-13-a2289-a2338-mitte-2020-mitte-2022\/","og_locale":"de_DE","og_type":"article","og_title":"Altoparlante sinistro per MacBook Pro 13\" A2289 A2338 (Mid 2020 \u2013 Mid 2022)","og_description":"Altoparlante sinistro per MacBook Pro 13\" A2289 A2338. Ricambio audio interno per modelli Mid 2020, Late 2020 e Mid 2022","og_url":"https:\/\/tipicino.ch\/apfelspare\/de\/product\/linker-lautsprecher-macbook-pro-13-a2289-a2338-mitte-2020-mitte-2022\/","og_site_name":"Ricambi MacBook Pro, MacBook Air e iMac in Svizzera \u2013 Display, Tastiere, Batterie, Trackpad","article_modified_time":"2026-03-14T15:26:32+00:00","og_image":[{"width":1000,"height":1000,"url":"https:\/\/tipicino.ch\/apfelspare\/wp-content\/uploads\/2025\/06\/altoparlante-sinistro-macbook-pro-13-a2289-a2338.png","type":"image\/png"}],"twitter_card":"summary_large_image","twitter_misc":{"Gesch\u00e4tzte Lesezeit":"2\u00a0Minuten"},"schema":{"@context":"https:\/\/schema.org","@graph":[{"@type":"WebPage","@id":"https:\/\/tipicino.ch\/apfelspare\/de\/prodotto\/altoparlante-sinistro-macbook-pro-13-a2289-a2338-mid-2020-mid-2022\/","url":"https:\/\/tipicino.ch\/apfelspare\/de\/prodotto\/altoparlante-sinistro-macbook-pro-13-a2289-a2338-mid-2020-mid-2022\/","name":"Linker Lautsprecher f\u00fcr MacBook Pro 13\" A2289 A2338 (Mid 2020 - Mid 2022)","isPartOf":{"@id":"https:\/\/tipicino.ch\/apfelspare\/de\/#website"},"primaryImageOfPage":{"@id":"https:\/\/tipicino.ch\/apfelspare\/de\/prodotto\/altoparlante-sinistro-macbook-pro-13-a2289-a2338-mid-2020-mid-2022\/#primaryimage"},"image":{"@id":"https:\/\/tipicino.ch\/apfelspare\/de\/prodotto\/altoparlante-sinistro-macbook-pro-13-a2289-a2338-mid-2020-mid-2022\/#primaryimage"},"thumbnailUrl":"https:\/\/tipicino.ch\/apfelspare\/wp-content\/uploads\/2025\/06\/altoparlante-sinistro-macbook-pro-13-a2289-a2338.png","datePublished":"2025-06-16T22:35:25+00:00","dateModified":"2026-03-14T15:26:32+00:00","description":"Linker Lautsprecher f\u00fcr MacBook Pro 13\" A2289 A2338. Interner Audioersatz f\u00fcr die Modelle Mid 2020, Late 2020 und Mid 2022","breadcrumb":{"@id":"https:\/\/tipicino.ch\/apfelspare\/de\/prodotto\/altoparlante-sinistro-macbook-pro-13-a2289-a2338-mid-2020-mid-2022\/#breadcrumb"},"inLanguage":"de-CH","potentialAction":[{"@type":"ReadAction","target":["https:\/\/tipicino.ch\/apfelspare\/de\/prodotto\/altoparlante-sinistro-macbook-pro-13-a2289-a2338-mid-2020-mid-2022\/"]}]},{"@type":"ImageObject","inLanguage":"de-CH","@id":"https:\/\/tipicino.ch\/apfelspare\/de\/prodotto\/altoparlante-sinistro-macbook-pro-13-a2289-a2338-mid-2020-mid-2022\/#primaryimage","url":"https:\/\/tipicino.ch\/apfelspare\/wp-content\/uploads\/2025\/06\/altoparlante-sinistro-macbook-pro-13-a2289-a2338.png","contentUrl":"https:\/\/tipicino.ch\/apfelspare\/wp-content\/uploads\/2025\/06\/altoparlante-sinistro-macbook-pro-13-a2289-a2338.png","width":1000,"height":1000,"caption":"Altoparlante sinistro per MacBook Pro 13\" A2289 A2338"},{"@type":"BreadcrumbList","@id":"https:\/\/tipicino.ch\/apfelspare\/de\/prodotto\/altoparlante-sinistro-macbook-pro-13-a2289-a2338-mid-2020-mid-2022\/#breadcrumb","itemListElement":[{"@type":"ListItem","position":1,"name":"Home","item":"https:\/\/tipicino.ch\/apfelspare\/de\/"},{"@type":"ListItem","position":2,"name":"Shop","item":"https:\/\/tipicino.ch\/apfelspare\/de\/shop\/"},{"@type":"ListItem","position":3,"name":"Altoparlante sinistro per MacBook Pro 13&#8243; A2289 A2338 (Mid 2020 \u2013 Mid 2022)"}]},{"@type":"WebSite","@id":"https:\/\/tipicino.ch\/apfelspare\/de\/#website","url":"https:\/\/tipicino.ch\/apfelspare\/de\/","name":"Ersatzteile f\u00fcr MacBook Pro, MacBook Air und iMac in der Schweiz \u2013 Display, Tastaturen, Batterien, Trackpads","description":"","publisher":{"@id":"https:\/\/tipicino.ch\/apfelspare\/de\/#organization"},"potentialAction":[{"@type":"SearchAction","target":{"@type":"EntryPoint","urlTemplate":"https:\/\/tipicino.ch\/apfelspare\/de\/?s={search_term_string}"},"query-input":{"@type":"PropertyValueSpecification","valueRequired":true,"valueName":"search_term_string"}}],"inLanguage":"de-CH"},{"@type":"Organization","@id":"https:\/\/tipicino.ch\/apfelspare\/de\/#organization","name":"tipicino.ch\/apfelspare","url":"https:\/\/tipicino.ch\/apfelspare\/de\/","logo":{"@type":"ImageObject","inLanguage":"de-CH","@id":"https:\/\/tipicino.ch\/apfelspare\/de\/#\/schema\/logo\/image\/","url":"https:\/\/tipicino.ch\/apfelspare\/wp-content\/uploads\/2025\/08\/cropped-FAVICON-tipicino.ch\/apfelspare_.png","contentUrl":"https:\/\/tipicino.ch\/apfelspare\/wp-content\/uploads\/2025\/08\/cropped-FAVICON-tipicino.ch\/apfelspare_.png","width":512,"height":512,"caption":"tipicino.ch\/apfelspare"},"image":{"@id":"https:\/\/tipicino.ch\/apfelspare\/de\/#\/schema\/logo\/image\/"}}]}},"_links":{"self":[{"href":"https:\/\/tipicino.ch\/apfelspare\/de\/wp-json\/wp\/v2\/product\/15323","targetHints":{"allow":["GET"]}}],"collection":[{"href":"https:\/\/tipicino.ch\/apfelspare\/de\/wp-json\/wp\/v2\/product"}],"about":[{"href":"https:\/\/tipicino.ch\/apfelspare\/de\/wp-json\/wp\/v2\/types\/product"}],"replies":[{"embeddable":true,"href":"https:\/\/tipicino.ch\/apfelspare\/de\/wp-json\/wp\/v2\/comments?post=15323"}],"wp:featuredmedia":[{"embeddable":true,"href":"https:\/\/tipicino.ch\/apfelspare\/de\/wp-json\/wp\/v2\/media\/15324"}],"wp:attachment":[{"href":"https:\/\/tipicino.ch\/apfelspare\/de\/wp-json\/wp\/v2\/media?parent=15323"}],"wp:term":[{"taxonomy":"product_brand","embeddable":true,"href":"https:\/\/tipicino.ch\/apfelspare\/de\/wp-json\/wp\/v2\/product_brand?post=15323"},{"taxonomy":"product_cat","embeddable":true,"href":"https:\/\/tipicino.ch\/apfelspare\/de\/wp-json\/wp\/v2\/product_cat?post=15323"},{"taxonomy":"product_tag","embeddable":true,"href":"https:\/\/tipicino.ch\/apfelspare\/de\/wp-json\/wp\/v2\/product_tag?post=15323"}],"curies":[{"name":"wp","href":"https:\/\/api.w.org\/{rel}","templated":true}]}}