{"id":15343,"date":"2025-06-17T07:46:32","date_gmt":"2025-06-17T07:46:32","guid":{"rendered":"https:\/\/tipicino.ch\/apfelspare\/?post_type=product&#038;p=15343"},"modified":"2026-04-21T14:18:05","modified_gmt":"2026-04-21T14:18:05","slug":"linker-lautsprecher-macbook-pro-15-a1398-mitte-2012-mitte-2015","status":"publish","type":"product","link":"https:\/\/tipicino.ch\/apfelspare\/de\/prodotto\/altoparlante-sinistro-macbook-pro-15-a1398-mid-2012-mid-2015\/","title":{"rendered":"Linker Lautsprecher f\u00fcr MacBook Pro 15\u2033 A1398 (Mid 2012 - Mid 2015)"},"content":{"rendered":"<div class=\"aps-pdp\">\n<section class=\"aps-card\">\n<header class=\"aps-card__head\">\n<h2 class=\"aps-h\">Linker Lautsprecher f\u00fcr MacBook Pro 15\" A1398 (2012-2015)<\/h2>\n<p class=\"aps-sub\">Linkes Audio-Modul f\u00fcr MacBook Pro 15 Zoll Retina.<\/p>\n<\/header>\n<p>\n      Gibt der Ton Ihres MacBook Pro 15\u2033 Retina verzerrte Ger\u00e4usche von sich oder ist er auf der linken Seite vollst\u00e4ndig ausgefallen? Diese Fehlfunktion kann durch den originalen Lautsprecher verursacht werden, der sich im Laufe der Jahre abnutzt. Durch den Austausch des Bauteils mit diesem neuen Ersatzteil k\u00f6nnen Knisterger\u00e4usche und st\u00f6rende Vibrationen behoben werden, sodass Sie Musik und Filme wieder mit klarer und sauberer Klangqualit\u00e4t geniessen k\u00f6nnen, genau wie im Neuzustand des Macs.\n    <\/p>\n<div class=\"aps-note aps-note--warn\">\n      <span class=\"aps-note__ico\">!<\/span><br \/>\n      <span class=\"aps-note__txt\"><strong>KOMPATIBILIT\u00c4TSHINWEIS:<\/strong> Dieses Bauteil ist speziell f\u00fcr das Retina Modell A1398 vorgesehen. Wir empfehlen Ihnen, den auf der Unterseite des Geh\u00e4uses eingravierten Code \u201eA1398\u201c sorgf\u00e4ltig zu \u00fcberpr\u00fcfen, da fr\u00fchere oder sp\u00e4tere Modelle Bauteile mit unterschiedlichen Formen und Anschl\u00fcssen verwenden.<\/span>\n    <\/div>\n<\/section>\n<section class=\"aps-card\">\n<header class=\"aps-card__head\">\n<h2 class=\"aps-h\">Unterst\u00fctzte Modelle<\/h2>\n<p class=\"aps-sub\">Liste der kompatiblen MacBook Pro 15\u2033 Retina Versionen.<\/p>\n<\/header>\n<ul class=\"aps-check\">\n<li><strong>MacBook Pro 15\u2033 A1398 (Mid 2015)<\/strong> \u2013 <span class=\"aps-badge\">MacBookPro11.5<\/span> <span class=\"aps-badge\">MacBookPro11.4<\/span><\/li>\n<li><strong>MacBook Pro 15\u2033 A1398 (Mid 2014)<\/strong> \u2013 <span class=\"aps-badge\">MacBookPro11.3<\/span> <span class=\"aps-badge\">MacBookPro11.2<\/span><\/li>\n<li><strong>MacBook Pro 15\u2033 A1398 (Late 2013)<\/strong> \u2013 <span class=\"aps-badge\">MacBookPro11.3<\/span> <span class=\"aps-badge\">MacBookPro11.2<\/span><\/li>\n<li><strong>MacBook Pro 15\u2033 A1398 (Early 2013)<\/strong> \u2013 <span class=\"aps-badge\">MacBookPro10.1<\/span><\/li>\n<li><strong>MacBook Pro 15\u2033 A1398 (Mid 2012)<\/strong> \u2013 <span class=\"aps-badge\">MacBookPro10.1<\/span><\/li>\n<\/ul>\n<\/section>\n<section class=\"aps-card\">\n<header class=\"aps-card__head\">\n<h2 class=\"aps-h\">Technische Eigenschaften<\/h2>\n<p class=\"aps-sub\">Technische Spezifikationen des Audio-Ersatzteils.<\/p>\n<\/header>\n<div class=\"aps-specgrid\">\n<div class=\"aps-spec\">\n<div><span>Komponententyp<\/span><strong>Interner Lautsprecher<\/strong><\/div>\n<\/div>\n<div class=\"aps-spec\">\n<div><span>Seite<\/span><strong>Links (die Seite ist ausgehend von einem ge\u00f6ffneten und zerlegten Mac zu verstehen, mit der Batterie zu Ihnen ausgerichtet)<\/strong><\/div>\n<\/div>\n<div class=\"aps-spec\">\n<div><span>Zustand<\/span><strong>Neu<\/strong><\/div>\n<\/div><\/div>\n<\/section>\n<section class=\"aps-card aps-callout aps-callout--warn\">\n<header class=\"aps-card__head\">\n<h2 class=\"aps-h\">Installation und Hinweise<\/h2>\n<p class=\"aps-sub\">Tipps f\u00fcr die Montage.<\/p>\n<\/header>\n<p>\n      F\u00fcr den Austausch des linken Lautsprechers muss die untere Abdeckung des MacBooks entfernt werden. Der Vorgang erfordert Pr\u00e4zision, da in der N\u00e4he empfindlicher Komponenten wie Flachbandkabel und L\u00fcfter gearbeitet werden muss. Denken Sie immer daran, die Batterie als ersten Schritt zu trennen, um in vollst\u00e4ndiger Sicherheit zu arbeiten. Wenn Sie wenig Erfahrung mit Hardware-Reparaturen haben, empfehlen wir, die Unterst\u00fctzung eines erfahrenen Technikers in Anspruch zu nehmen, um unbeabsichtigte Sch\u00e4den zu vermeiden.\n    <\/p>\n<\/section>\n<section class=\"aps-card aps-callout aps-callout--info\">\n<header class=\"aps-card__head\">\n<h2 class=\"aps-h\">Sind Sie unsicher, ob dieses Ersatzteil das richtige ist?<\/h2>\n<p class=\"aps-sub\">Kontaktieren Sie uns f\u00fcr Unterst\u00fctzung bei der Auswahl des passenden Ersatzteils f\u00fcr Ihr Ger\u00e4t.<\/p>\n<\/header>\n<div class=\"aps-cta\">\n      <a class=\"aps-btn\" href=\"mailto:info@apfelspare.ch\">info@apfelspare.ch<\/a><br \/>\n      <span class=\"aps-cta__hint\">Senden Sie uns die Seriennummer Ihres MacBook Pro: Wir \u00fcberpr\u00fcfen die Kompatibilit\u00e4t in k\u00fcrzester Zeit.<\/span>\n    <\/div>\n<\/section>\n<\/div>","protected":false},"excerpt":{"rendered":"<p>Linker Seitenlautsprecher f\u00fcr MacBook Pro 15\u2033 A1398 (Mid 2012 - Mid 2015). Neuer Ersatz<\/p>","protected":false},"featured_media":15345,"comment_status":"closed","ping_status":"closed","template":"","meta":{"_acf_changed":false,"_et_pb_use_builder":"","_et_pb_old_content":"","_et_gb_content_width":""},"product_brand":[],"product_cat":[183,17,87,86,85,84,83],"product_tag":[],"class_list":{"0":"post-15343","1":"product","2":"type-product","3":"status-publish","4":"has-post-thumbnail","6":"product_cat-altoparlanti","7":"product_cat-category-macbook-pro","8":"product_cat-macbook-pro-15-mid-2015-a1398","9":"product_cat-macbook-pro-15-mid-2014-a1398","10":"product_cat-macbook-pro-15-late-2013-a1398","11":"product_cat-macbook-pro-15-early-2013-a1398","12":"product_cat-macbook-pro-15-mid-2012-a1398","13":"product_shipping_class-14-giorni","15":"first","16":"onbackorder","17":"shipping-taxable","18":"purchasable","19":"product-type-simple"},"acf":[],"yoast_head":"<!-- This site is optimized with the Yoast SEO plugin v27.4 - https:\/\/yoast.com\/product\/yoast-seo-wordpress\/ -->\n<title>Altoparlante sinistro per MacBook Pro 15&quot; A1398 (Mid 2012 \u2013 Mid 2015)<\/title>\n<meta name=\"description\" content=\"Altoparlante sinistro per MacBook Pro 15&quot; A1398 Mid 2012 \u2013 Mid 2015. Ricambio nuovo compatibile con tutti i modelli Retina A1398\" \/>\n<meta name=\"robots\" content=\"index, follow, max-snippet:-1, max-image-preview:large, max-video-preview:-1\" \/>\n<link rel=\"canonical\" href=\"https:\/\/tipicino.ch\/apfelspare\/de\/product\/linker-lautsprecher-macbook-pro-15-a1398-mitte-2012-mitte-2015\/\" \/>\n<meta property=\"og:locale\" content=\"de_DE\" \/>\n<meta property=\"og:type\" content=\"article\" \/>\n<meta property=\"og:title\" content=\"Altoparlante sinistro per MacBook Pro 15&quot; A1398 (Mid 2012 \u2013 Mid 2015)\" \/>\n<meta property=\"og:description\" content=\"Altoparlante sinistro per MacBook Pro 15&quot; A1398 Mid 2012 \u2013 Mid 2015. Ricambio nuovo compatibile con tutti i modelli Retina A1398\" \/>\n<meta property=\"og:url\" content=\"https:\/\/tipicino.ch\/apfelspare\/de\/product\/linker-lautsprecher-macbook-pro-15-a1398-mitte-2012-mitte-2015\/\" \/>\n<meta property=\"og:site_name\" content=\"Ricambi MacBook Pro, MacBook Air e iMac in Svizzera \u2013 Display, Tastiere, Batterie, Trackpad\" \/>\n<meta property=\"article:modified_time\" content=\"2026-04-21T14:18:05+00:00\" \/>\n<meta property=\"og:image\" content=\"https:\/\/tipicino.ch\/apfelspare\/wp-content\/uploads\/2025\/06\/altoparlante-sinistro-macbook-pro-15-a1398.png\" \/>\n\t<meta property=\"og:image:width\" content=\"1000\" \/>\n\t<meta property=\"og:image:height\" content=\"1000\" \/>\n\t<meta property=\"og:image:type\" content=\"image\/png\" \/>\n<meta name=\"twitter:card\" content=\"summary_large_image\" \/>\n<meta name=\"twitter:label1\" content=\"Gesch\u00e4tzte Lesezeit\" \/>\n\t<meta name=\"twitter:data1\" content=\"2\u00a0Minuten\" \/>\n<!-- \/ Yoast SEO plugin. -->","yoast_head_json":{"title":"Linker Lautsprecher f\u00fcr MacBook Pro 15\" A1398 (Mid 2012 - Mid 2015)","description":"Linker Lautsprecher f\u00fcr MacBook Pro 15\" A1398 Mid 2012 - Mid 2015. Neuer Ersatz kompatibel mit allen A1398 Retina Modellen","robots":{"index":"index","follow":"follow","max-snippet":"max-snippet:-1","max-image-preview":"max-image-preview:large","max-video-preview":"max-video-preview:-1"},"canonical":"https:\/\/tipicino.ch\/apfelspare\/de\/product\/linker-lautsprecher-macbook-pro-15-a1398-mitte-2012-mitte-2015\/","og_locale":"de_DE","og_type":"article","og_title":"Altoparlante sinistro per MacBook Pro 15\" A1398 (Mid 2012 \u2013 Mid 2015)","og_description":"Altoparlante sinistro per MacBook Pro 15\" A1398 Mid 2012 \u2013 Mid 2015. Ricambio nuovo compatibile con tutti i modelli Retina A1398","og_url":"https:\/\/tipicino.ch\/apfelspare\/de\/product\/linker-lautsprecher-macbook-pro-15-a1398-mitte-2012-mitte-2015\/","og_site_name":"Ricambi MacBook Pro, MacBook Air e iMac in Svizzera \u2013 Display, Tastiere, Batterie, Trackpad","article_modified_time":"2026-04-21T14:18:05+00:00","og_image":[{"width":1000,"height":1000,"url":"https:\/\/tipicino.ch\/apfelspare\/wp-content\/uploads\/2025\/06\/altoparlante-sinistro-macbook-pro-15-a1398.png","type":"image\/png"}],"twitter_card":"summary_large_image","twitter_misc":{"Gesch\u00e4tzte Lesezeit":"2\u00a0Minuten"},"schema":{"@context":"https:\/\/schema.org","@graph":[{"@type":"WebPage","@id":"https:\/\/tipicino.ch\/apfelspare\/de\/prodotto\/altoparlante-sinistro-macbook-pro-15-a1398-mid-2012-mid-2015\/","url":"https:\/\/tipicino.ch\/apfelspare\/de\/prodotto\/altoparlante-sinistro-macbook-pro-15-a1398-mid-2012-mid-2015\/","name":"Linker Lautsprecher f\u00fcr MacBook Pro 15\" A1398 (Mid 2012 - Mid 2015)","isPartOf":{"@id":"https:\/\/tipicino.ch\/apfelspare\/de\/#website"},"primaryImageOfPage":{"@id":"https:\/\/tipicino.ch\/apfelspare\/de\/prodotto\/altoparlante-sinistro-macbook-pro-15-a1398-mid-2012-mid-2015\/#primaryimage"},"image":{"@id":"https:\/\/tipicino.ch\/apfelspare\/de\/prodotto\/altoparlante-sinistro-macbook-pro-15-a1398-mid-2012-mid-2015\/#primaryimage"},"thumbnailUrl":"https:\/\/tipicino.ch\/apfelspare\/wp-content\/uploads\/2025\/06\/altoparlante-sinistro-macbook-pro-15-a1398.png","datePublished":"2025-06-17T07:46:32+00:00","dateModified":"2026-04-21T14:18:05+00:00","description":"Linker Lautsprecher f\u00fcr MacBook Pro 15\" A1398 Mid 2012 - Mid 2015. Neuer Ersatz kompatibel mit allen A1398 Retina Modellen","breadcrumb":{"@id":"https:\/\/tipicino.ch\/apfelspare\/de\/prodotto\/altoparlante-sinistro-macbook-pro-15-a1398-mid-2012-mid-2015\/#breadcrumb"},"inLanguage":"de-CH","potentialAction":[{"@type":"ReadAction","target":["https:\/\/tipicino.ch\/apfelspare\/de\/prodotto\/altoparlante-sinistro-macbook-pro-15-a1398-mid-2012-mid-2015\/"]}]},{"@type":"ImageObject","inLanguage":"de-CH","@id":"https:\/\/tipicino.ch\/apfelspare\/de\/prodotto\/altoparlante-sinistro-macbook-pro-15-a1398-mid-2012-mid-2015\/#primaryimage","url":"https:\/\/tipicino.ch\/apfelspare\/wp-content\/uploads\/2025\/06\/altoparlante-sinistro-macbook-pro-15-a1398.png","contentUrl":"https:\/\/tipicino.ch\/apfelspare\/wp-content\/uploads\/2025\/06\/altoparlante-sinistro-macbook-pro-15-a1398.png","width":1000,"height":1000,"caption":"Altoparlante sinistro per MacBook Pro 15\" A1398"},{"@type":"BreadcrumbList","@id":"https:\/\/tipicino.ch\/apfelspare\/de\/prodotto\/altoparlante-sinistro-macbook-pro-15-a1398-mid-2012-mid-2015\/#breadcrumb","itemListElement":[{"@type":"ListItem","position":1,"name":"Home","item":"https:\/\/tipicino.ch\/apfelspare\/de\/"},{"@type":"ListItem","position":2,"name":"Shop","item":"https:\/\/tipicino.ch\/apfelspare\/de\/shop\/"},{"@type":"ListItem","position":3,"name":"Altoparlante sinistro per MacBook Pro 15&#8243; A1398 (Mid 2012 \u2013 Mid 2015)"}]},{"@type":"WebSite","@id":"https:\/\/tipicino.ch\/apfelspare\/de\/#website","url":"https:\/\/tipicino.ch\/apfelspare\/de\/","name":"Ersatzteile f\u00fcr MacBook Pro, MacBook Air und iMac in der Schweiz \u2013 Display, Tastaturen, Batterien, Trackpads","description":"","publisher":{"@id":"https:\/\/tipicino.ch\/apfelspare\/de\/#organization"},"potentialAction":[{"@type":"SearchAction","target":{"@type":"EntryPoint","urlTemplate":"https:\/\/tipicino.ch\/apfelspare\/de\/?s={search_term_string}"},"query-input":{"@type":"PropertyValueSpecification","valueRequired":true,"valueName":"search_term_string"}}],"inLanguage":"de-CH"},{"@type":"Organization","@id":"https:\/\/tipicino.ch\/apfelspare\/de\/#organization","name":"tipicino.ch\/apfelspare","url":"https:\/\/tipicino.ch\/apfelspare\/de\/","logo":{"@type":"ImageObject","inLanguage":"de-CH","@id":"https:\/\/tipicino.ch\/apfelspare\/de\/#\/schema\/logo\/image\/","url":"https:\/\/tipicino.ch\/apfelspare\/wp-content\/uploads\/2025\/08\/cropped-FAVICON-tipicino.ch\/apfelspare_.png","contentUrl":"https:\/\/tipicino.ch\/apfelspare\/wp-content\/uploads\/2025\/08\/cropped-FAVICON-tipicino.ch\/apfelspare_.png","width":512,"height":512,"caption":"tipicino.ch\/apfelspare"},"image":{"@id":"https:\/\/tipicino.ch\/apfelspare\/de\/#\/schema\/logo\/image\/"}}]}},"_links":{"self":[{"href":"https:\/\/tipicino.ch\/apfelspare\/de\/wp-json\/wp\/v2\/product\/15343","targetHints":{"allow":["GET"]}}],"collection":[{"href":"https:\/\/tipicino.ch\/apfelspare\/de\/wp-json\/wp\/v2\/product"}],"about":[{"href":"https:\/\/tipicino.ch\/apfelspare\/de\/wp-json\/wp\/v2\/types\/product"}],"replies":[{"embeddable":true,"href":"https:\/\/tipicino.ch\/apfelspare\/de\/wp-json\/wp\/v2\/comments?post=15343"}],"wp:featuredmedia":[{"embeddable":true,"href":"https:\/\/tipicino.ch\/apfelspare\/de\/wp-json\/wp\/v2\/media\/15345"}],"wp:attachment":[{"href":"https:\/\/tipicino.ch\/apfelspare\/de\/wp-json\/wp\/v2\/media?parent=15343"}],"wp:term":[{"taxonomy":"product_brand","embeddable":true,"href":"https:\/\/tipicino.ch\/apfelspare\/de\/wp-json\/wp\/v2\/product_brand?post=15343"},{"taxonomy":"product_cat","embeddable":true,"href":"https:\/\/tipicino.ch\/apfelspare\/de\/wp-json\/wp\/v2\/product_cat?post=15343"},{"taxonomy":"product_tag","embeddable":true,"href":"https:\/\/tipicino.ch\/apfelspare\/de\/wp-json\/wp\/v2\/product_tag?post=15343"}],"curies":[{"name":"wp","href":"https:\/\/api.w.org\/{rel}","templated":true}]}}