{"id":15360,"date":"2025-06-17T12:09:08","date_gmt":"2025-06-17T12:09:08","guid":{"rendered":"https:\/\/tipicino.ch\/apfelspare\/?post_type=product&#038;p=15360"},"modified":"2026-02-18T06:44:07","modified_gmt":"2026-02-18T06:44:07","slug":"lautsprecher-links-macbook-pro-15-a1286-2008-2009-gebraucht","status":"publish","type":"product","link":"https:\/\/tipicino.ch\/apfelspare\/de\/prodotto\/altoparlante-sinistro-macbook-pro-15-a1286-2008-2009-usato\/","title":{"rendered":"Linker Lautsprecher f\u00fcr MacBook Pro 15\u2033 A1286 (Late 2008 - Mid 2009)- REFURBISHED"},"content":{"rendered":"<div class=\"aps-pdp\">\n<section class=\"aps-card\">\n<header class=\"aps-card__head\">\n<h2 class=\"aps-h\">Linker Lautsprecher f\u00fcr MacBook Pro 15\" A1286 (Late 2008 - Mid 2009) - REFURBISHED<\/h2>\n<p class=\"aps-sub\">Getesteter originaler interner Lautsprecher f\u00fcr MacBook Pro 15 Zoll Unibody Modelle.<\/p>\n<\/header>\n<p>\n      Gibt Ihr MacBook Pro 15\u2033 auf der linken Seite ungew\u00f6hnliche St\u00f6rger\u00e4usche von sich oder ist der Ton vollst\u00e4ndig ausgefallen? Dieses originale REFURBISHEDE Ersatzteil wurde sorgf\u00e4ltig ausgew\u00e4hlt und getestet, um Ihnen eine zuverl\u00e4ssige und kosteng\u00fcnstige Alternative zum Austausch des gesamten Computers zu bieten. Bei Unibody-Modellen dieser Generation kann die Lautsprechermembran durch nat\u00fcrlichen Verschleiss besch\u00e4digt werden und metallische Vibrationen verursachen. Durch den Einbau dieses Bauteils k\u00f6nnen Sie das Klanggleichgewicht Ihres Macs wiederherstellen und Musik sowie Filme erneut in klarer Qualit\u00e4t geniessen.\n    <\/p>\n<div class=\"aps-note aps-note--warn\">\n      <span class=\"aps-note__ico\">!<\/span><br \/>\n      <span class=\"aps-note__txt\"><strong>KOMPATIBILIT\u00c4TSHINWEIS:<\/strong> Dieser Lautsprecher ist speziell f\u00fcr die A1286 Modelle mit herausnehmbarer Batterie (Late 2008) oder f\u00fcr die ersten Modelle mit integrierter Batterie (Early\/Mid 2009) vorgesehen. Wir empfehlen Ihnen, zu pr\u00fcfen, ob Ihre Modellkennung mit den aufgef\u00fchrten \u00fcbereinstimmt, da die Versionen ab 2010 nicht kompatible Lautsprecher verbauen.<\/span>\n    <\/div>\n<\/section>\n<section class=\"aps-card\">\n<header class=\"aps-card__head\">\n<h2 class=\"aps-h\">Unterst\u00fctzte Modelle<\/h2>\n<p class=\"aps-sub\">Kompatible MacBook Pro 15\u2033 Unibody Versionen f\u00fcr dieses Bauteil.<\/p>\n<\/header>\n<ul class=\"aps-check\">\n<li><strong>MacBook Pro 15\" A1286 (Mid 2009)<\/strong> <span class=\"aps-badge\">MacBookPro5.4<\/span> <span class=\"aps-badge\">MacBookPro5.3<\/span><\/li>\n<li><strong>MacBook Pro 15\" A1286 (Early 2009)<\/strong> <span class=\"aps-badge\">MacBookPro5.1<\/span><\/li>\n<li><strong>MacBook Pro 15\" A1286 (Late 2008)<\/strong> <span class=\"aps-badge\">MacBookPro5.1<\/span><\/li>\n<\/ul>\n<\/section>\n<section class=\"aps-card\">\n<header class=\"aps-card__head\">\n<h2 class=\"aps-h\">Technische Eigenschaften<\/h2>\n<p class=\"aps-sub\">Details zur Audio-Komponente.<\/p>\n<\/header>\n<div class=\"aps-specgrid\">\n<div class=\"aps-spec\">\n<div><span>Komponententyp<\/span><strong>Interner Lautsprecher<\/strong><\/div>\n<\/div>\n<div class=\"aps-spec\">\n<div><span>Seite<\/span><strong>Links (die Seite ist ausgehend von einem ge\u00f6ffneten und zerlegten Mac zu verstehen, mit der Batterie zu Ihnen ausgerichtet)<\/strong><\/div>\n<\/div>\n<div class=\"aps-spec\">\n<div><span>Zustand<\/span><strong>REFURBISHED (getestet und einwandfrei funktionierend)<\/strong><\/div>\n<\/div><\/div>\n<\/section>\n<section class=\"aps-card aps-callout aps-callout--warn\">\n<header class=\"aps-card__head\">\n<h2 class=\"aps-h\">Installation und Hinweise<\/h2>\n<p class=\"aps-sub\">Tipps f\u00fcr die DIY-Montage.<\/p>\n<\/header>\n<p>\n      F\u00fcr den Austausch des linken Lautsprechers muss die untere Abdeckung des MacBooks entfernt werden. Der Vorgang erfordert Ruhe sowie den Einsatz von Pr\u00e4zisionsschraubendrehern, um die kleinen internen Schrauben nicht zu besch\u00e4digen. Denken Sie immer daran, den Batterieanschluss zu trennen, bevor Sie Komponenten auf dem Logic Board handhaben. Wenn Sie keine Erfahrung mit elektronischen Reparaturen haben, empfehlen wir, die Unterst\u00fctzung eines erfahrenen Technikers in Anspruch zu nehmen.\n    <\/p>\n<\/section>\n<section class=\"aps-card aps-callout aps-callout--info\">\n<header class=\"aps-card__head\">\n<h2 class=\"aps-h\">Sind Sie unsicher, ob dieses Ersatzteil das richtige ist?<\/h2>\n<p class=\"aps-sub\">Kontaktieren Sie uns f\u00fcr Unterst\u00fctzung bei der Auswahl des passenden Ersatzteils f\u00fcr Ihr Ger\u00e4t.<\/p>\n<\/header>\n<div class=\"aps-cta\">\n      <a class=\"aps-btn\" href=\"mailto:info@apfelspare.ch\">info@apfelspare.ch<\/a><br \/>\n      <span class=\"aps-cta__hint\">Senden Sie uns die Seriennummer Ihres MacBook Pro: Wir pr\u00fcfen die Kompatibilit\u00e4t f\u00fcr Sie.<\/span>\n    <\/div>\n<\/section>\n<\/div>","protected":false},"excerpt":{"rendered":"<p>Linker Lautsprecher f\u00fcr MacBook Pro 15\u2033 A1286 (Late 2008 - Mid 2009).<br \/>\n<br \/><em>REFURBISHED, getestetes und voll funktionsf\u00e4higes Ersatzteil<\/em><\/p>","protected":false},"featured_media":15361,"comment_status":"closed","ping_status":"closed","template":"","meta":{"_acf_changed":false,"_et_pb_use_builder":"","_et_pb_old_content":"","_et_gb_content_width":""},"product_brand":[],"product_cat":[183,17,19,95,94,93],"product_tag":[],"class_list":{"0":"post-15360","1":"product","2":"type-product","3":"status-publish","4":"has-post-thumbnail","6":"product_cat-altoparlanti","7":"product_cat-category-macbook-pro","8":"product_cat-parti-ricambio-seconda-mano","9":"product_cat-macbook-pro-15-mid-2009-a1286","10":"product_cat-macbook-pro-15-early-2009-a1286","11":"product_cat-macbook-pro-15-late-2008-a1286","13":"first","14":"onbackorder","15":"shipping-taxable","16":"purchasable","17":"product-type-simple"},"acf":[],"yoast_head":"<!-- This site is optimized with the Yoast SEO plugin v27.4 - https:\/\/yoast.com\/product\/yoast-seo-wordpress\/ -->\n<title>Altoparlante sinistro MacBook Pro 15&quot; A1286 (Late 2008 \u2013 Mid 2009) USATO<\/title>\n<meta name=\"description\" content=\"Altoparlante sinistro usato e testato per MacBook Pro 15&quot; A1286 (2008\u20132009), ideale per sostituire il componente danneggiato\" \/>\n<meta name=\"robots\" content=\"index, follow, max-snippet:-1, max-image-preview:large, max-video-preview:-1\" \/>\n<link rel=\"canonical\" href=\"https:\/\/tipicino.ch\/apfelspare\/de\/product\/lautsprecher-links-macbook-pro-15-a1286-2008-2009-gebraucht\/\" \/>\n<meta property=\"og:locale\" content=\"de_DE\" \/>\n<meta property=\"og:type\" content=\"article\" \/>\n<meta property=\"og:title\" content=\"Altoparlante sinistro MacBook Pro 15&quot; A1286 (Late 2008 \u2013 Mid 2009) USATO\" \/>\n<meta property=\"og:description\" content=\"Altoparlante sinistro usato e testato per MacBook Pro 15&quot; A1286 (2008\u20132009), ideale per sostituire il componente danneggiato\" \/>\n<meta property=\"og:url\" content=\"https:\/\/tipicino.ch\/apfelspare\/de\/product\/lautsprecher-links-macbook-pro-15-a1286-2008-2009-gebraucht\/\" \/>\n<meta property=\"og:site_name\" content=\"Ricambi MacBook Pro, MacBook Air e iMac in Svizzera \u2013 Display, Tastiere, Batterie, Trackpad\" \/>\n<meta property=\"article:modified_time\" content=\"2026-02-18T06:44:07+00:00\" \/>\n<meta property=\"og:image\" content=\"https:\/\/tipicino.ch\/apfelspare\/wp-content\/uploads\/2025\/06\/altoparlante-sinistro-macbook-pro-15-a1286-usato.png\" \/>\n\t<meta property=\"og:image:width\" content=\"1000\" \/>\n\t<meta property=\"og:image:height\" content=\"1000\" \/>\n\t<meta property=\"og:image:type\" content=\"image\/png\" \/>\n<meta name=\"twitter:card\" content=\"summary_large_image\" \/>\n<meta name=\"twitter:label1\" content=\"Gesch\u00e4tzte Lesezeit\" \/>\n\t<meta name=\"twitter:data1\" content=\"2\u00a0Minuten\" \/>\n<!-- \/ Yoast SEO plugin. -->","yoast_head_json":{"title":"Linker Lautsprecher MacBook Pro 15\" A1286 (Late 2008 - Mid 2009) USED","description":"Gebrauchter und getesteter linker Lautsprecher f\u00fcr MacBook Pro 15\" A1286 (2008-2009), ideal als Ersatz f\u00fcr eine besch\u00e4digte Komponente","robots":{"index":"index","follow":"follow","max-snippet":"max-snippet:-1","max-image-preview":"max-image-preview:large","max-video-preview":"max-video-preview:-1"},"canonical":"https:\/\/tipicino.ch\/apfelspare\/de\/product\/lautsprecher-links-macbook-pro-15-a1286-2008-2009-gebraucht\/","og_locale":"de_DE","og_type":"article","og_title":"Altoparlante sinistro MacBook Pro 15\" A1286 (Late 2008 \u2013 Mid 2009) USATO","og_description":"Altoparlante sinistro usato e testato per MacBook Pro 15\" A1286 (2008\u20132009), ideale per sostituire il componente danneggiato","og_url":"https:\/\/tipicino.ch\/apfelspare\/de\/product\/lautsprecher-links-macbook-pro-15-a1286-2008-2009-gebraucht\/","og_site_name":"Ricambi MacBook Pro, MacBook Air e iMac in Svizzera \u2013 Display, Tastiere, Batterie, Trackpad","article_modified_time":"2026-02-18T06:44:07+00:00","og_image":[{"width":1000,"height":1000,"url":"https:\/\/tipicino.ch\/apfelspare\/wp-content\/uploads\/2025\/06\/altoparlante-sinistro-macbook-pro-15-a1286-usato.png","type":"image\/png"}],"twitter_card":"summary_large_image","twitter_misc":{"Gesch\u00e4tzte Lesezeit":"2\u00a0Minuten"},"schema":{"@context":"https:\/\/schema.org","@graph":[{"@type":"WebPage","@id":"https:\/\/tipicino.ch\/apfelspare\/de\/prodotto\/altoparlante-sinistro-macbook-pro-15-a1286-2008-2009-usato\/","url":"https:\/\/tipicino.ch\/apfelspare\/de\/prodotto\/altoparlante-sinistro-macbook-pro-15-a1286-2008-2009-usato\/","name":"Linker Lautsprecher MacBook Pro 15\" A1286 (Late 2008 - Mid 2009) USED","isPartOf":{"@id":"https:\/\/tipicino.ch\/apfelspare\/de\/#website"},"primaryImageOfPage":{"@id":"https:\/\/tipicino.ch\/apfelspare\/de\/prodotto\/altoparlante-sinistro-macbook-pro-15-a1286-2008-2009-usato\/#primaryimage"},"image":{"@id":"https:\/\/tipicino.ch\/apfelspare\/de\/prodotto\/altoparlante-sinistro-macbook-pro-15-a1286-2008-2009-usato\/#primaryimage"},"thumbnailUrl":"https:\/\/tipicino.ch\/apfelspare\/wp-content\/uploads\/2025\/06\/altoparlante-sinistro-macbook-pro-15-a1286-usato.png","datePublished":"2025-06-17T12:09:08+00:00","dateModified":"2026-02-18T06:44:07+00:00","description":"Gebrauchter und getesteter linker Lautsprecher f\u00fcr MacBook Pro 15\" A1286 (2008-2009), ideal als Ersatz f\u00fcr eine besch\u00e4digte Komponente","breadcrumb":{"@id":"https:\/\/tipicino.ch\/apfelspare\/de\/prodotto\/altoparlante-sinistro-macbook-pro-15-a1286-2008-2009-usato\/#breadcrumb"},"inLanguage":"de-CH","potentialAction":[{"@type":"ReadAction","target":["https:\/\/tipicino.ch\/apfelspare\/de\/prodotto\/altoparlante-sinistro-macbook-pro-15-a1286-2008-2009-usato\/"]}]},{"@type":"ImageObject","inLanguage":"de-CH","@id":"https:\/\/tipicino.ch\/apfelspare\/de\/prodotto\/altoparlante-sinistro-macbook-pro-15-a1286-2008-2009-usato\/#primaryimage","url":"https:\/\/tipicino.ch\/apfelspare\/wp-content\/uploads\/2025\/06\/altoparlante-sinistro-macbook-pro-15-a1286-usato.png","contentUrl":"https:\/\/tipicino.ch\/apfelspare\/wp-content\/uploads\/2025\/06\/altoparlante-sinistro-macbook-pro-15-a1286-usato.png","width":1000,"height":1000,"caption":"Altoparlante sinistro usato per MacBook Pro 15\" A1286 (2008\u20132009)"},{"@type":"BreadcrumbList","@id":"https:\/\/tipicino.ch\/apfelspare\/de\/prodotto\/altoparlante-sinistro-macbook-pro-15-a1286-2008-2009-usato\/#breadcrumb","itemListElement":[{"@type":"ListItem","position":1,"name":"Home","item":"https:\/\/tipicino.ch\/apfelspare\/de\/"},{"@type":"ListItem","position":2,"name":"Shop","item":"https:\/\/tipicino.ch\/apfelspare\/de\/shop\/"},{"@type":"ListItem","position":3,"name":"Altoparlante sinistro per MacBook Pro 15&#8243; A1286 (Late 2008 \u2013 Mid 2009)- RICONDIZIONATO"}]},{"@type":"WebSite","@id":"https:\/\/tipicino.ch\/apfelspare\/de\/#website","url":"https:\/\/tipicino.ch\/apfelspare\/de\/","name":"Ersatzteile f\u00fcr MacBook Pro, MacBook Air und iMac in der Schweiz \u2013 Display, Tastaturen, Batterien, Trackpads","description":"","publisher":{"@id":"https:\/\/tipicino.ch\/apfelspare\/de\/#organization"},"potentialAction":[{"@type":"SearchAction","target":{"@type":"EntryPoint","urlTemplate":"https:\/\/tipicino.ch\/apfelspare\/de\/?s={search_term_string}"},"query-input":{"@type":"PropertyValueSpecification","valueRequired":true,"valueName":"search_term_string"}}],"inLanguage":"de-CH"},{"@type":"Organization","@id":"https:\/\/tipicino.ch\/apfelspare\/de\/#organization","name":"tipicino.ch\/apfelspare","url":"https:\/\/tipicino.ch\/apfelspare\/de\/","logo":{"@type":"ImageObject","inLanguage":"de-CH","@id":"https:\/\/tipicino.ch\/apfelspare\/de\/#\/schema\/logo\/image\/","url":"https:\/\/tipicino.ch\/apfelspare\/wp-content\/uploads\/2025\/08\/cropped-FAVICON-tipicino.ch\/apfelspare_.png","contentUrl":"https:\/\/tipicino.ch\/apfelspare\/wp-content\/uploads\/2025\/08\/cropped-FAVICON-tipicino.ch\/apfelspare_.png","width":512,"height":512,"caption":"tipicino.ch\/apfelspare"},"image":{"@id":"https:\/\/tipicino.ch\/apfelspare\/de\/#\/schema\/logo\/image\/"}}]}},"_links":{"self":[{"href":"https:\/\/tipicino.ch\/apfelspare\/de\/wp-json\/wp\/v2\/product\/15360","targetHints":{"allow":["GET"]}}],"collection":[{"href":"https:\/\/tipicino.ch\/apfelspare\/de\/wp-json\/wp\/v2\/product"}],"about":[{"href":"https:\/\/tipicino.ch\/apfelspare\/de\/wp-json\/wp\/v2\/types\/product"}],"replies":[{"embeddable":true,"href":"https:\/\/tipicino.ch\/apfelspare\/de\/wp-json\/wp\/v2\/comments?post=15360"}],"wp:featuredmedia":[{"embeddable":true,"href":"https:\/\/tipicino.ch\/apfelspare\/de\/wp-json\/wp\/v2\/media\/15361"}],"wp:attachment":[{"href":"https:\/\/tipicino.ch\/apfelspare\/de\/wp-json\/wp\/v2\/media?parent=15360"}],"wp:term":[{"taxonomy":"product_brand","embeddable":true,"href":"https:\/\/tipicino.ch\/apfelspare\/de\/wp-json\/wp\/v2\/product_brand?post=15360"},{"taxonomy":"product_cat","embeddable":true,"href":"https:\/\/tipicino.ch\/apfelspare\/de\/wp-json\/wp\/v2\/product_cat?post=15360"},{"taxonomy":"product_tag","embeddable":true,"href":"https:\/\/tipicino.ch\/apfelspare\/de\/wp-json\/wp\/v2\/product_tag?post=15360"}],"curies":[{"name":"wp","href":"https:\/\/api.w.org\/{rel}","templated":true}]}}