{"id":15370,"date":"2025-06-17T12:56:17","date_gmt":"2025-06-17T12:56:17","guid":{"rendered":"https:\/\/tipicino.ch\/apfelspare\/?post_type=product&#038;p=15370"},"modified":"2026-02-18T06:38:49","modified_gmt":"2026-02-18T06:38:49","slug":"rechter-lautsprecher-macbook-pro-13-a1278-mitte-2009-mitte-2010-kopie","status":"publish","type":"product","link":"https:\/\/tipicino.ch\/apfelspare\/de\/prodotto\/altoparlante-destro-macbook-pro-13-a1278-mid-2009-mid-2010-copia\/","title":{"rendered":"Rechter Lautsprecher f\u00fcr MacBook Pro 13\u2033 A1278 (Mid 2009 - Mid 2010)"},"content":{"rendered":"<div class=\"aps-pdp\">\n<section class=\"aps-card\">\n<header class=\"aps-card__head\">\n<h2 class=\"aps-h\">Rechter Lautsprecher f\u00fcr MacBook Pro 13\" A1278 (Mid 2009 - Mid 2010)<\/h2>\n<p class=\"aps-sub\">Interne Audio-Ersatzkomponente f\u00fcr MacBook Pro 13 Zoll Unibody.<\/p>\n<\/header>\n<p>\n      Knistert der Ton Ihres MacBook Pro 13\u2033 auf der rechten Seite oder klingt er verzerrt? Wenn Sie st\u00f6rende Vibrationen wahrnehmen oder gar kein Ton mehr ausgegeben wird, kann die Ursache ein abgenutzter oder besch\u00e4digter originaler Lautsprecher sein. Durch den Einbau dieses neuen Ersatzteils k\u00f6nnen Sie die urspr\u00fcngliche Klangqualit\u00e4t Ihres Ger\u00e4ts wiederherstellen und Videos sowie Musik wieder ungest\u00f6rt geniessen.\n    <\/p>\n<div class=\"aps-note aps-note--warn\">\n      <span class=\"aps-note__ico\">!<\/span><br \/>\n      <span class=\"aps-note__txt\"><strong>KOMPATIBILIT\u00c4TSHINWEIS:<\/strong> Dieser Lautsprecher ist speziell f\u00fcr die Versionen 2009 und 2010 vorgesehen. Obwohl der \u00e4sthetische Code des Macs \u201eA1278\u201c lautet, verwenden sp\u00e4tere Modelle (ab 2011) Lautsprecher mit einer anderen Form. Wir empfehlen Ihnen, vor dem Kauf das Produktionsjahr Ihres Macs zu \u00fcberpr\u00fcfen.<\/span>\n    <\/div>\n<\/section>\n<section class=\"aps-card\">\n<header class=\"aps-card__head\">\n<h2 class=\"aps-h\">Unterst\u00fctzte Modelle<\/h2>\n<p class=\"aps-sub\">Liste der kompatiblen MacBook Pro 13\u2033 Unibody Modelle.<\/p>\n<\/header>\n<ul class=\"aps-check\">\n<li><strong>MacBook Pro 13\" A1278 (Mid 2010)<\/strong> <span class=\"aps-badge\">MacBookPro7.1<\/span><\/li>\n<li><strong>MacBook Pro 13\" A1278 (Mid 2009)<\/strong> <span class=\"aps-badge\">MacBookPro5.5<\/span><\/li>\n<\/ul>\n<\/section>\n<section class=\"aps-card\">\n<header class=\"aps-card__head\">\n<h2 class=\"aps-h\">Technische Eigenschaften<\/h2>\n<p class=\"aps-sub\">Technische Spezifikationen des Audio-Ersatzteils.<\/p>\n<\/header>\n<div class=\"aps-specgrid\">\n<div class=\"aps-spec\">\n<div><span>Komponententyp<\/span><strong>Interner Lautsprecher<\/strong><\/div>\n<\/div>\n<div class=\"aps-spec\">\n<div><span>Seite<\/span><strong>Rechts (die Seite ist ausgehend von einem ge\u00f6ffneten und zerlegten Mac zu verstehen, mit der Batterie zu Ihnen ausgerichtet)<\/strong><\/div>\n<\/div>\n<div class=\"aps-spec\">\n<div><span>Zustand<\/span><strong>Neu<\/strong><\/div>\n<\/div><\/div>\n<\/section>\n<section class=\"aps-card aps-callout aps-callout--warn\">\n<header class=\"aps-card__head\">\n<h2 class=\"aps-h\">Installation und Hinweise<\/h2>\n<p class=\"aps-sub\">Tipps f\u00fcr die Montage.<\/p>\n<\/header>\n<p>\n      Der Austausch des Lautsprechers bei diesem Modell erfordert das \u00d6ffnen der unteren Geh\u00e4useabdeckung. Es handelt sich um ein Bauteil, das \u00fcber einen kleinen Steckverbinder mit dem Logic Board verbunden ist und daher vorsichtig gehandhabt werden muss, um die Kontakte nicht zu besch\u00e4digen. Es ist unerl\u00e4sslich, vor dem Eingriff die Batterie zu trennen. Wenn Sie keine Erfahrung im Umgang mit elektronischen Komponenten haben, empfehlen wir Ihnen, sich an einen Techniker zu wenden.\n    <\/p>\n<\/section>\n<section class=\"aps-card aps-callout aps-callout--info\">\n<header class=\"aps-card__head\">\n<h2 class=\"aps-h\">Sind Sie unsicher, ob dieses Ersatzteil das richtige ist?<\/h2>\n<p class=\"aps-sub\">Kontaktieren Sie uns f\u00fcr Unterst\u00fctzung bei der Auswahl des passenden Ersatzteils f\u00fcr Ihr Ger\u00e4t.<\/p>\n<\/header>\n<div class=\"aps-cta\">\n      <a class=\"aps-btn\" href=\"mailto:info@apfelspare.ch\">info@apfelspare.ch<\/a><br \/>\n      <span class=\"aps-cta__hint\">Senden Sie uns die Seriennummer Ihres MacBook Pro: Wir pr\u00fcfen die Kompatibilit\u00e4t schnell f\u00fcr Sie.<\/span>\n    <\/div>\n<\/section>\n<\/div>","protected":false},"excerpt":{"rendered":"<p>Rechter Lautsprecher f\u00fcr MacBook Pro 13\u2033 A1278 (Mid 2009 - Mid 2010). Neuer Ersatz f\u00fcr klaren, ausgewogenen Klang<\/p>","protected":false},"featured_media":15371,"comment_status":"closed","ping_status":"closed","template":"","meta":{"_acf_changed":false,"_et_pb_use_builder":"","_et_pb_old_content":"","_et_gb_content_width":""},"product_brand":[],"product_cat":[183,17,101,100],"product_tag":[],"class_list":{"0":"post-15370","1":"product","2":"type-product","3":"status-publish","4":"has-post-thumbnail","6":"product_cat-altoparlanti","7":"product_cat-category-macbook-pro","8":"product_cat-macbook-pro-13-mid-2010-a1278","9":"product_cat-macbook-pro-13-mid-2009-a1278","11":"first","12":"onbackorder","13":"shipping-taxable","14":"purchasable","15":"product-type-simple"},"acf":[],"yoast_head":"<!-- This site is optimized with the Yoast SEO plugin v27.4 - https:\/\/yoast.com\/product\/yoast-seo-wordpress\/ -->\n<title>Altoparlante destro MacBook Pro 13&quot; A1278 (Mid 2009 \u2013 Mid 2010)<\/title>\n<meta name=\"description\" content=\"Altoparlante destro nuovo per MacBook Pro 13&quot; A1278 (2009\u20132010), perfetto per ripristinare l\u2019audio originale\" \/>\n<meta name=\"robots\" content=\"index, follow, max-snippet:-1, max-image-preview:large, max-video-preview:-1\" \/>\n<link rel=\"canonical\" href=\"https:\/\/tipicino.ch\/apfelspare\/de\/product\/rechter-lautsprecher-macbook-pro-13-a1278-mitte-2009-mitte-2010-kopie\/\" \/>\n<meta property=\"og:locale\" content=\"de_DE\" \/>\n<meta property=\"og:type\" content=\"article\" \/>\n<meta property=\"og:title\" content=\"Altoparlante destro MacBook Pro 13&quot; A1278 (Mid 2009 \u2013 Mid 2010)\" \/>\n<meta property=\"og:description\" content=\"Altoparlante destro nuovo per MacBook Pro 13&quot; A1278 (2009\u20132010), perfetto per ripristinare l\u2019audio originale\" \/>\n<meta property=\"og:url\" content=\"https:\/\/tipicino.ch\/apfelspare\/de\/product\/rechter-lautsprecher-macbook-pro-13-a1278-mitte-2009-mitte-2010-kopie\/\" \/>\n<meta property=\"og:site_name\" content=\"Ricambi MacBook Pro, MacBook Air e iMac in Svizzera \u2013 Display, Tastiere, Batterie, Trackpad\" \/>\n<meta property=\"article:modified_time\" content=\"2026-02-18T06:38:49+00:00\" \/>\n<meta property=\"og:image\" content=\"https:\/\/tipicino.ch\/apfelspare\/wp-content\/uploads\/2025\/06\/altoparlante-destro-macbook-pro-13-a1278-2009.png\" \/>\n\t<meta property=\"og:image:width\" content=\"1000\" \/>\n\t<meta property=\"og:image:height\" content=\"1000\" \/>\n\t<meta property=\"og:image:type\" content=\"image\/png\" \/>\n<meta name=\"twitter:card\" content=\"summary_large_image\" \/>\n<meta name=\"twitter:label1\" content=\"Gesch\u00e4tzte Lesezeit\" \/>\n\t<meta name=\"twitter:data1\" content=\"2\u00a0Minuten\" \/>\n<!-- \/ Yoast SEO plugin. -->","yoast_head_json":{"title":"Rechter Lautsprecher MacBook Pro 13\" A1278 (Mid 2009 - Mid 2010)","description":"Neuer rechter Lautsprecher f\u00fcr MacBook Pro 13\" A1278 (2009-2010), perfekt zur Wiederherstellung des Originalklangs","robots":{"index":"index","follow":"follow","max-snippet":"max-snippet:-1","max-image-preview":"max-image-preview:large","max-video-preview":"max-video-preview:-1"},"canonical":"https:\/\/tipicino.ch\/apfelspare\/de\/product\/rechter-lautsprecher-macbook-pro-13-a1278-mitte-2009-mitte-2010-kopie\/","og_locale":"de_DE","og_type":"article","og_title":"Altoparlante destro MacBook Pro 13\" A1278 (Mid 2009 \u2013 Mid 2010)","og_description":"Altoparlante destro nuovo per MacBook Pro 13\" A1278 (2009\u20132010), perfetto per ripristinare l\u2019audio originale","og_url":"https:\/\/tipicino.ch\/apfelspare\/de\/product\/rechter-lautsprecher-macbook-pro-13-a1278-mitte-2009-mitte-2010-kopie\/","og_site_name":"Ricambi MacBook Pro, MacBook Air e iMac in Svizzera \u2013 Display, Tastiere, Batterie, Trackpad","article_modified_time":"2026-02-18T06:38:49+00:00","og_image":[{"width":1000,"height":1000,"url":"https:\/\/tipicino.ch\/apfelspare\/wp-content\/uploads\/2025\/06\/altoparlante-destro-macbook-pro-13-a1278-2009.png","type":"image\/png"}],"twitter_card":"summary_large_image","twitter_misc":{"Gesch\u00e4tzte Lesezeit":"2\u00a0Minuten"},"schema":{"@context":"https:\/\/schema.org","@graph":[{"@type":"WebPage","@id":"https:\/\/tipicino.ch\/apfelspare\/de\/prodotto\/altoparlante-destro-macbook-pro-13-a1278-mid-2009-mid-2010-copia\/","url":"https:\/\/tipicino.ch\/apfelspare\/de\/prodotto\/altoparlante-destro-macbook-pro-13-a1278-mid-2009-mid-2010-copia\/","name":"Rechter Lautsprecher MacBook Pro 13\" A1278 (Mid 2009 - Mid 2010)","isPartOf":{"@id":"https:\/\/tipicino.ch\/apfelspare\/de\/#website"},"primaryImageOfPage":{"@id":"https:\/\/tipicino.ch\/apfelspare\/de\/prodotto\/altoparlante-destro-macbook-pro-13-a1278-mid-2009-mid-2010-copia\/#primaryimage"},"image":{"@id":"https:\/\/tipicino.ch\/apfelspare\/de\/prodotto\/altoparlante-destro-macbook-pro-13-a1278-mid-2009-mid-2010-copia\/#primaryimage"},"thumbnailUrl":"https:\/\/tipicino.ch\/apfelspare\/wp-content\/uploads\/2025\/06\/altoparlante-destro-macbook-pro-13-a1278-2009.png","datePublished":"2025-06-17T12:56:17+00:00","dateModified":"2026-02-18T06:38:49+00:00","description":"Neuer rechter Lautsprecher f\u00fcr MacBook Pro 13\" A1278 (2009-2010), perfekt zur Wiederherstellung des Originalklangs","breadcrumb":{"@id":"https:\/\/tipicino.ch\/apfelspare\/de\/prodotto\/altoparlante-destro-macbook-pro-13-a1278-mid-2009-mid-2010-copia\/#breadcrumb"},"inLanguage":"de-CH","potentialAction":[{"@type":"ReadAction","target":["https:\/\/tipicino.ch\/apfelspare\/de\/prodotto\/altoparlante-destro-macbook-pro-13-a1278-mid-2009-mid-2010-copia\/"]}]},{"@type":"ImageObject","inLanguage":"de-CH","@id":"https:\/\/tipicino.ch\/apfelspare\/de\/prodotto\/altoparlante-destro-macbook-pro-13-a1278-mid-2009-mid-2010-copia\/#primaryimage","url":"https:\/\/tipicino.ch\/apfelspare\/wp-content\/uploads\/2025\/06\/altoparlante-destro-macbook-pro-13-a1278-2009.png","contentUrl":"https:\/\/tipicino.ch\/apfelspare\/wp-content\/uploads\/2025\/06\/altoparlante-destro-macbook-pro-13-a1278-2009.png","width":1000,"height":1000,"caption":"Altoparlante destro per MacBook Pro 13\" A1278 (Mid 2009 \u2013 Mid 2010)"},{"@type":"BreadcrumbList","@id":"https:\/\/tipicino.ch\/apfelspare\/de\/prodotto\/altoparlante-destro-macbook-pro-13-a1278-mid-2009-mid-2010-copia\/#breadcrumb","itemListElement":[{"@type":"ListItem","position":1,"name":"Home","item":"https:\/\/tipicino.ch\/apfelspare\/de\/"},{"@type":"ListItem","position":2,"name":"Shop","item":"https:\/\/tipicino.ch\/apfelspare\/de\/shop\/"},{"@type":"ListItem","position":3,"name":"Altoparlante destro per MacBook Pro 13&#8243; A1278 (Mid 2009 \u2013 Mid 2010)"}]},{"@type":"WebSite","@id":"https:\/\/tipicino.ch\/apfelspare\/de\/#website","url":"https:\/\/tipicino.ch\/apfelspare\/de\/","name":"Ersatzteile f\u00fcr MacBook Pro, MacBook Air und iMac in der Schweiz \u2013 Display, Tastaturen, Batterien, Trackpads","description":"","publisher":{"@id":"https:\/\/tipicino.ch\/apfelspare\/de\/#organization"},"potentialAction":[{"@type":"SearchAction","target":{"@type":"EntryPoint","urlTemplate":"https:\/\/tipicino.ch\/apfelspare\/de\/?s={search_term_string}"},"query-input":{"@type":"PropertyValueSpecification","valueRequired":true,"valueName":"search_term_string"}}],"inLanguage":"de-CH"},{"@type":"Organization","@id":"https:\/\/tipicino.ch\/apfelspare\/de\/#organization","name":"tipicino.ch\/apfelspare","url":"https:\/\/tipicino.ch\/apfelspare\/de\/","logo":{"@type":"ImageObject","inLanguage":"de-CH","@id":"https:\/\/tipicino.ch\/apfelspare\/de\/#\/schema\/logo\/image\/","url":"https:\/\/tipicino.ch\/apfelspare\/wp-content\/uploads\/2025\/08\/cropped-FAVICON-tipicino.ch\/apfelspare_.png","contentUrl":"https:\/\/tipicino.ch\/apfelspare\/wp-content\/uploads\/2025\/08\/cropped-FAVICON-tipicino.ch\/apfelspare_.png","width":512,"height":512,"caption":"tipicino.ch\/apfelspare"},"image":{"@id":"https:\/\/tipicino.ch\/apfelspare\/de\/#\/schema\/logo\/image\/"}}]}},"_links":{"self":[{"href":"https:\/\/tipicino.ch\/apfelspare\/de\/wp-json\/wp\/v2\/product\/15370","targetHints":{"allow":["GET"]}}],"collection":[{"href":"https:\/\/tipicino.ch\/apfelspare\/de\/wp-json\/wp\/v2\/product"}],"about":[{"href":"https:\/\/tipicino.ch\/apfelspare\/de\/wp-json\/wp\/v2\/types\/product"}],"replies":[{"embeddable":true,"href":"https:\/\/tipicino.ch\/apfelspare\/de\/wp-json\/wp\/v2\/comments?post=15370"}],"wp:featuredmedia":[{"embeddable":true,"href":"https:\/\/tipicino.ch\/apfelspare\/de\/wp-json\/wp\/v2\/media\/15371"}],"wp:attachment":[{"href":"https:\/\/tipicino.ch\/apfelspare\/de\/wp-json\/wp\/v2\/media?parent=15370"}],"wp:term":[{"taxonomy":"product_brand","embeddable":true,"href":"https:\/\/tipicino.ch\/apfelspare\/de\/wp-json\/wp\/v2\/product_brand?post=15370"},{"taxonomy":"product_cat","embeddable":true,"href":"https:\/\/tipicino.ch\/apfelspare\/de\/wp-json\/wp\/v2\/product_cat?post=15370"},{"taxonomy":"product_tag","embeddable":true,"href":"https:\/\/tipicino.ch\/apfelspare\/de\/wp-json\/wp\/v2\/product_tag?post=15370"}],"curies":[{"name":"wp","href":"https:\/\/api.w.org\/{rel}","templated":true}]}}