{"id":15380,"date":"2025-06-17T14:26:27","date_gmt":"2025-06-17T14:26:27","guid":{"rendered":"https:\/\/tipicino.ch\/apfelspare\/?post_type=product&#038;p=15380"},"modified":"2026-02-18T12:15:34","modified_gmt":"2026-02-18T12:15:34","slug":"rechter-lautsprecher-fur-gebrauchtes-macbook-pro-17-a1297-mid-2010","status":"publish","type":"product","link":"https:\/\/tipicino.ch\/apfelspare\/de\/prodotto\/altoparlante-destro-per-macbook-pro-17-a1297-mid-2010-usato\/","title":{"rendered":"Rechter Lautsprecher f\u00fcr MacBook Pro 17\u2033 A1297 (Mid 2010) - REFURBISHED"},"content":{"rendered":"<div class=\"aps-pdp\">\n<section class=\"aps-card\">\n<header class=\"aps-card__head\">\n<h2 class=\"aps-h\">Rechter Lautsprecher f\u00fcr MacBook Pro 17\" A1297 (Mid 2010) - RECONDITIONED<\/h2>\n<p class=\"aps-sub\">Original Soundmodul f\u00fcr die rechte Seite des MacBook Pro 17 Zoll Unibody.<\/p>\n<\/header>\n<p>\n      Ist der Ton Ihres 17\u2033 MacBook Pro verzerrt oder fehlt er auf der rechten Seite ganz? Diese Fehlfunktion k\u00f6nnte dadurch verursacht werden, dass der Original-Lautsprecher das Ende seines Lebenszyklus erreicht hat. Da es sich um ein originales REFURBISHED-Ersatzteil handelt, wurde die Komponente gr\u00fcndlich getestet, um eine optimale Klangleistung zu gew\u00e4hrleisten. Durch den Einbau dieses Teils k\u00f6nnen Sie das Problem des Knackens l\u00f6sen und wieder Filme und Musik mit sauberem Klang genie\u00dfen.\n    <\/p>\n<div class=\"aps-note aps-note--warn\">\n      <span class=\"aps-note__ico\">!<\/span><br \/>\n      <span class=\"aps-note__txt\"><strong>WICHTIGER HINWEIS:<\/strong> Dieser Ersatz beinhaltet nicht das interne Mikrofon. Wenn Ihr Mikrofon ebenfalls defekt ist, empfehlen wir Ihnen, es separat in unserem Shop zu kaufen.<\/span>\n    <\/div>\n<\/section>\n<section class=\"aps-card\">\n<header class=\"aps-card__head\">\n<h2 class=\"aps-h\">Unterst\u00fctzte Modelle<\/h2>\n<p class=\"aps-sub\">MacBook Pro 17\u2033 Version kompatibel mit diesem Ersatz.<\/p>\n<\/header>\n<ul class=\"aps-check\">\n<li><strong>MacBook Pro 17\u2033 A1297 (Mid 2010)<\/strong> <span class=\"aps-badge\">MacBookPro6.1<\/span><\/li>\n<\/ul>\n<\/section>\n<section class=\"aps-card\">\n<header class=\"aps-card__head\">\n<h2 class=\"aps-h\">Technische Daten<\/h2>\n<p class=\"aps-sub\">Spezifikationen der Audiokomponenten.<\/p>\n<\/header>\n<div class=\"aps-specgrid\">\n<div class=\"aps-spec\">\n<div><span>Komponententyp<\/span><strong>Interner Lautsprecher<\/strong><\/div>\n<\/div>\n<div class=\"aps-spec\">\n<div><span>Seite<\/span><strong>Rechts (die Seite ist ausgehend von einem ge\u00f6ffneten und zerlegten Mac zu verstehen, mit der Batterie zu Ihnen ausgerichtet)<\/strong><\/div>\n<\/div>\n<div class=\"aps-spec\">\n<div><span>Zustand<\/span><strong>Refurbished und getestet<\/strong><\/div>\n<\/div>\n<div class=\"aps-spec\">\n<div><span>Mikrofon<\/span><strong>Nicht enthalten<\/strong><\/div>\n<\/div><\/div>\n<\/section>\n<section class=\"aps-card aps-callout aps-callout--warn\">\n<header class=\"aps-card__head\">\n<h2 class=\"aps-h\">Installation und Warnhinweise<\/h2>\n<p class=\"aps-sub\">Tipps f\u00fcr die Montage.<\/p>\n<\/header>\n<p>\n      Um den Lautsprecher auszutauschen, muss die untere Abdeckung des Macs entfernt werden. Der Vorgang erfordert Pr\u00e4zision, da Sie in der N\u00e4he von empfindlichen Bauteilen arbeiten m\u00fcssen. Denken Sie immer daran, als ersten Schritt den Akku abzuklemmen, um sicher zu arbeiten. Wenn Sie mit dem Zerlegen von elektronischen Bauteilen nicht vertraut sind, empfehlen wir Ihnen, sich von einem erfahrenen Techniker helfen zu lassen, um versehentliche Sch\u00e4den zu vermeiden.\n    <\/p>\n<\/section>\n<section class=\"aps-card aps-callout aps-callout--info\">\n<header class=\"aps-card__head\">\n<h2 class=\"aps-h\">Sind Sie unsicher, ob dieses Ersatzteil das richtige ist?<\/h2>\n<p class=\"aps-sub\">Kontaktieren Sie uns f\u00fcr Unterst\u00fctzung bei der Auswahl des passenden Ersatzteils f\u00fcr Ihr Ger\u00e4t.<\/p>\n<\/header>\n<div class=\"aps-cta\">\n      <a class=\"aps-btn\" href=\"mailto:info@apfelspare.ch\">info@apfelspare.ch<\/a><br \/>\n      <span class=\"aps-cta__hint\">Schicken Sie uns die Seriennummer Ihres MacBook Pro und wir werden die genaue Kompatibilit\u00e4t so schnell wie m\u00f6glich \u00fcberpr\u00fcfen.<\/span>\n    <\/div>\n<\/section>\n<\/div>","protected":false},"excerpt":{"rendered":"<p>Refurbished rechter Lautsprecher f\u00fcr MacBook Pro 17\u2033 A1297 (Mid 2010)<\/p>","protected":false},"featured_media":15382,"comment_status":"closed","ping_status":"closed","template":"","meta":{"_acf_changed":false,"_et_pb_use_builder":"","_et_pb_old_content":"","_et_gb_content_width":""},"product_brand":[],"product_cat":[183,17,19,107],"product_tag":[],"class_list":{"0":"post-15380","1":"product","2":"type-product","3":"status-publish","4":"has-post-thumbnail","6":"product_cat-altoparlanti","7":"product_cat-category-macbook-pro","8":"product_cat-parti-ricambio-seconda-mano","9":"product_cat-macbook-pro-17-mid-2010-a1297","11":"first","12":"onbackorder","13":"shipping-taxable","14":"purchasable","15":"product-type-simple"},"acf":[],"yoast_head":"<!-- This site is optimized with the Yoast SEO plugin v27.4 - https:\/\/yoast.com\/product\/yoast-seo-wordpress\/ -->\n<title>Altoparlante destro per MacBook Pro 17&quot; A1297 (Mid 2010) \u2013 RICONDIZIONATO<\/title>\n<meta name=\"description\" content=\"Altoparlante destro usato per MacBook Pro 17&quot; A1297 (Mid 2010). Ricambio testato.\" \/>\n<meta name=\"robots\" content=\"index, follow, max-snippet:-1, max-image-preview:large, max-video-preview:-1\" \/>\n<link rel=\"canonical\" href=\"https:\/\/tipicino.ch\/apfelspare\/de\/product\/rechter-lautsprecher-fur-gebrauchtes-macbook-pro-17-a1297-mid-2010\/\" \/>\n<meta property=\"og:locale\" content=\"de_DE\" \/>\n<meta property=\"og:type\" content=\"article\" \/>\n<meta property=\"og:title\" content=\"Altoparlante destro per MacBook Pro 17&quot; A1297 (Mid 2010) \u2013 RICONDIZIONATO\" \/>\n<meta property=\"og:description\" content=\"Altoparlante destro usato per MacBook Pro 17&quot; A1297 (Mid 2010). Ricambio testato.\" \/>\n<meta property=\"og:url\" content=\"https:\/\/tipicino.ch\/apfelspare\/de\/product\/rechter-lautsprecher-fur-gebrauchtes-macbook-pro-17-a1297-mid-2010\/\" \/>\n<meta property=\"og:site_name\" content=\"Ricambi MacBook Pro, MacBook Air e iMac in Svizzera \u2013 Display, Tastiere, Batterie, Trackpad\" \/>\n<meta property=\"article:modified_time\" content=\"2026-02-18T12:15:34+00:00\" \/>\n<meta property=\"og:image\" content=\"https:\/\/tipicino.ch\/apfelspare\/wp-content\/uploads\/2025\/06\/Altoparlante-destro-usato-per-MacBook-Pro-1722-A1297-2009-2010.png\" \/>\n\t<meta property=\"og:image:width\" content=\"1000\" \/>\n\t<meta property=\"og:image:height\" content=\"1000\" \/>\n\t<meta property=\"og:image:type\" content=\"image\/png\" \/>\n<meta name=\"twitter:card\" content=\"summary_large_image\" \/>\n<meta name=\"twitter:label1\" content=\"Gesch\u00e4tzte Lesezeit\" \/>\n\t<meta name=\"twitter:data1\" content=\"1\u00a0Minute\" \/>\n<!-- \/ Yoast SEO plugin. -->","yoast_head_json":{"title":"Rechter Lautsprecher f\u00fcr MacBook Pro 17\" A1297 (Mid 2010) - REFURBISHED","description":"Gebrauchter rechter Lautsprecher f\u00fcr MacBook Pro 17\" A1297 (Mid 2010). Getesteter Ersatz.","robots":{"index":"index","follow":"follow","max-snippet":"max-snippet:-1","max-image-preview":"max-image-preview:large","max-video-preview":"max-video-preview:-1"},"canonical":"https:\/\/tipicino.ch\/apfelspare\/de\/product\/rechter-lautsprecher-fur-gebrauchtes-macbook-pro-17-a1297-mid-2010\/","og_locale":"de_DE","og_type":"article","og_title":"Altoparlante destro per MacBook Pro 17\" A1297 (Mid 2010) \u2013 RICONDIZIONATO","og_description":"Altoparlante destro usato per MacBook Pro 17\" A1297 (Mid 2010). Ricambio testato.","og_url":"https:\/\/tipicino.ch\/apfelspare\/de\/product\/rechter-lautsprecher-fur-gebrauchtes-macbook-pro-17-a1297-mid-2010\/","og_site_name":"Ricambi MacBook Pro, MacBook Air e iMac in Svizzera \u2013 Display, Tastiere, Batterie, Trackpad","article_modified_time":"2026-02-18T12:15:34+00:00","og_image":[{"width":1000,"height":1000,"url":"https:\/\/tipicino.ch\/apfelspare\/wp-content\/uploads\/2025\/06\/Altoparlante-destro-usato-per-MacBook-Pro-1722-A1297-2009-2010.png","type":"image\/png"}],"twitter_card":"summary_large_image","twitter_misc":{"Gesch\u00e4tzte Lesezeit":"1\u00a0Minute"},"schema":{"@context":"https:\/\/schema.org","@graph":[{"@type":"WebPage","@id":"https:\/\/tipicino.ch\/apfelspare\/de\/prodotto\/altoparlante-destro-per-macbook-pro-17-a1297-mid-2010-usato\/","url":"https:\/\/tipicino.ch\/apfelspare\/de\/prodotto\/altoparlante-destro-per-macbook-pro-17-a1297-mid-2010-usato\/","name":"Rechter Lautsprecher f\u00fcr MacBook Pro 17\" A1297 (Mid 2010) - REFURBISHED","isPartOf":{"@id":"https:\/\/tipicino.ch\/apfelspare\/de\/#website"},"primaryImageOfPage":{"@id":"https:\/\/tipicino.ch\/apfelspare\/de\/prodotto\/altoparlante-destro-per-macbook-pro-17-a1297-mid-2010-usato\/#primaryimage"},"image":{"@id":"https:\/\/tipicino.ch\/apfelspare\/de\/prodotto\/altoparlante-destro-per-macbook-pro-17-a1297-mid-2010-usato\/#primaryimage"},"thumbnailUrl":"https:\/\/tipicino.ch\/apfelspare\/wp-content\/uploads\/2025\/06\/Altoparlante-destro-usato-per-MacBook-Pro-1722-A1297-2009-2010.png","datePublished":"2025-06-17T14:26:27+00:00","dateModified":"2026-02-18T12:15:34+00:00","description":"Gebrauchter rechter Lautsprecher f\u00fcr MacBook Pro 17\" A1297 (Mid 2010). Getesteter Ersatz.","breadcrumb":{"@id":"https:\/\/tipicino.ch\/apfelspare\/de\/prodotto\/altoparlante-destro-per-macbook-pro-17-a1297-mid-2010-usato\/#breadcrumb"},"inLanguage":"de-CH","potentialAction":[{"@type":"ReadAction","target":["https:\/\/tipicino.ch\/apfelspare\/de\/prodotto\/altoparlante-destro-per-macbook-pro-17-a1297-mid-2010-usato\/"]}]},{"@type":"ImageObject","inLanguage":"de-CH","@id":"https:\/\/tipicino.ch\/apfelspare\/de\/prodotto\/altoparlante-destro-per-macbook-pro-17-a1297-mid-2010-usato\/#primaryimage","url":"https:\/\/tipicino.ch\/apfelspare\/wp-content\/uploads\/2025\/06\/Altoparlante-destro-usato-per-MacBook-Pro-1722-A1297-2009-2010.png","contentUrl":"https:\/\/tipicino.ch\/apfelspare\/wp-content\/uploads\/2025\/06\/Altoparlante-destro-usato-per-MacBook-Pro-1722-A1297-2009-2010.png","width":1000,"height":1000,"caption":"Altoparlante destro usato per MacBook Pro 17\" A1297 (2009-2010)"},{"@type":"BreadcrumbList","@id":"https:\/\/tipicino.ch\/apfelspare\/de\/prodotto\/altoparlante-destro-per-macbook-pro-17-a1297-mid-2010-usato\/#breadcrumb","itemListElement":[{"@type":"ListItem","position":1,"name":"Home","item":"https:\/\/tipicino.ch\/apfelspare\/de\/"},{"@type":"ListItem","position":2,"name":"Shop","item":"https:\/\/tipicino.ch\/apfelspare\/de\/shop\/"},{"@type":"ListItem","position":3,"name":"Altoparlante destro per MacBook Pro 17&#8243; A1297 (Mid 2010) \u2013 RICONDIZIONATO"}]},{"@type":"WebSite","@id":"https:\/\/tipicino.ch\/apfelspare\/de\/#website","url":"https:\/\/tipicino.ch\/apfelspare\/de\/","name":"Ersatzteile f\u00fcr MacBook Pro, MacBook Air und iMac in der Schweiz \u2013 Display, Tastaturen, Batterien, Trackpads","description":"","publisher":{"@id":"https:\/\/tipicino.ch\/apfelspare\/de\/#organization"},"potentialAction":[{"@type":"SearchAction","target":{"@type":"EntryPoint","urlTemplate":"https:\/\/tipicino.ch\/apfelspare\/de\/?s={search_term_string}"},"query-input":{"@type":"PropertyValueSpecification","valueRequired":true,"valueName":"search_term_string"}}],"inLanguage":"de-CH"},{"@type":"Organization","@id":"https:\/\/tipicino.ch\/apfelspare\/de\/#organization","name":"tipicino.ch\/apfelspare","url":"https:\/\/tipicino.ch\/apfelspare\/de\/","logo":{"@type":"ImageObject","inLanguage":"de-CH","@id":"https:\/\/tipicino.ch\/apfelspare\/de\/#\/schema\/logo\/image\/","url":"https:\/\/tipicino.ch\/apfelspare\/wp-content\/uploads\/2025\/08\/cropped-FAVICON-tipicino.ch\/apfelspare_.png","contentUrl":"https:\/\/tipicino.ch\/apfelspare\/wp-content\/uploads\/2025\/08\/cropped-FAVICON-tipicino.ch\/apfelspare_.png","width":512,"height":512,"caption":"tipicino.ch\/apfelspare"},"image":{"@id":"https:\/\/tipicino.ch\/apfelspare\/de\/#\/schema\/logo\/image\/"}}]}},"_links":{"self":[{"href":"https:\/\/tipicino.ch\/apfelspare\/de\/wp-json\/wp\/v2\/product\/15380","targetHints":{"allow":["GET"]}}],"collection":[{"href":"https:\/\/tipicino.ch\/apfelspare\/de\/wp-json\/wp\/v2\/product"}],"about":[{"href":"https:\/\/tipicino.ch\/apfelspare\/de\/wp-json\/wp\/v2\/types\/product"}],"replies":[{"embeddable":true,"href":"https:\/\/tipicino.ch\/apfelspare\/de\/wp-json\/wp\/v2\/comments?post=15380"}],"wp:featuredmedia":[{"embeddable":true,"href":"https:\/\/tipicino.ch\/apfelspare\/de\/wp-json\/wp\/v2\/media\/15382"}],"wp:attachment":[{"href":"https:\/\/tipicino.ch\/apfelspare\/de\/wp-json\/wp\/v2\/media?parent=15380"}],"wp:term":[{"taxonomy":"product_brand","embeddable":true,"href":"https:\/\/tipicino.ch\/apfelspare\/de\/wp-json\/wp\/v2\/product_brand?post=15380"},{"taxonomy":"product_cat","embeddable":true,"href":"https:\/\/tipicino.ch\/apfelspare\/de\/wp-json\/wp\/v2\/product_cat?post=15380"},{"taxonomy":"product_tag","embeddable":true,"href":"https:\/\/tipicino.ch\/apfelspare\/de\/wp-json\/wp\/v2\/product_tag?post=15380"}],"curies":[{"name":"wp","href":"https:\/\/api.w.org\/{rel}","templated":true}]}}