{"id":15391,"date":"2025-06-17T15:38:19","date_gmt":"2025-06-17T15:38:19","guid":{"rendered":"https:\/\/tipicino.ch\/apfelspare\/?post_type=product&#038;p=15391"},"modified":"2026-03-12T14:51:31","modified_gmt":"2026-03-12T14:51:31","slug":"lautsprecher-links-macbook-air-15-a3114-a2941-2024-2023","status":"publish","type":"product","link":"https:\/\/tipicino.ch\/apfelspare\/de\/prodotto\/altoparlante-sinistro-macbook-air-15-a3114-a2941-2024-2023\/","title":{"rendered":"Linker Lautsprecher f\u00fcr MacBook Air 15\u2033 A3114 A2941 (Mid 2023 - Early 2024)"},"content":{"rendered":"<div class=\"aps-pdp\">\n<section class=\"aps-card\">\n<header class=\"aps-card__head\">\n<h2 class=\"aps-h\">Linker Lautsprecher f\u00fcr MacBook Air 15\" A2941 A3114 (2023-2024)<\/h2>\n<p class=\"aps-sub\">Internes Ersatz-Soundmodul f\u00fcr das 15-Zoll MacBook Air mit Apple Silicon.<\/p>\n<\/header>\n<p>\n      Das Soundsystem Ihres 15\u2033 MacBook Air ist so konzipiert, dass es ein beeindruckendes Klangerlebnis bietet, aber ein Fehler im linken Modul k\u00f6nnte die Klangbalance beeintr\u00e4chtigen. Wenn Sie ein Knistern h\u00f6ren oder der Klang dumpf geworden ist, k\u00f6nnte das Problem durch den abgenutzten Originallautsprecher verursacht werden. Wenn Sie das Teil durch dieses neue Ersatzteil ersetzen, k\u00f6nnen Sie die urspr\u00fcngliche klare und tiefe Klangqualit\u00e4t wiederherstellen und st\u00f6rende Verzerrungen beim Musikh\u00f6ren oder Telefonieren beseitigen.\n    <\/p>\n<div class=\"aps-note aps-note--warn\">\n      <span class=\"aps-note__ico\">!<\/span><br \/>\n      <span class=\"aps-note__txt\"><strong>KOMPATIBILIT\u00c4TSHINWEIS:<\/strong> Dieser Lautsprecher ist speziell f\u00fcr die 15-Zoll-Serie. Wir empfehlen Ihnen, den auf der Unterseite Ihres MacBooks eingravierten Code \u201cA2941\u201d oder \u201cA3114\u201d zu \u00fcberpr\u00fcfen, da die Komponenten f\u00fcr das 13-Zoll-Modell aufgrund der unterschiedlichen Abmessungen nicht kompatibel sind.<\/span>\n    <\/div>\n<\/section>\n<section class=\"aps-card\">\n<header class=\"aps-card__head\">\n<h2 class=\"aps-h\">Unterst\u00fctzte Modelle<\/h2>\n<p class=\"aps-sub\">Liste der MacBook Air 15\u2033 Versionen, die mit diesem Ersatz kompatibel sind.<\/p>\n<\/header>\n<ul class=\"aps-check\">\n<li><strong>MacBook Air 15\u2033 A3114 (Early 2024)<\/strong> <span class=\"aps-badge\">Mac15.13<\/span><\/li>\n<li><strong>MacBook Air 15\u2033 A2941 (Mid 2023)<\/strong> <span class=\"aps-badge\">Mac14.15<\/span><\/li>\n<\/ul>\n<\/section>\n<section class=\"aps-card\">\n<header class=\"aps-card__head\">\n<h2 class=\"aps-h\">Technische Eigenschaften<\/h2>\n<p class=\"aps-sub\">Technische Spezifikationen des Audio-Ersatzteils.<\/p>\n<\/header>\n<div class=\"aps-specgrid\">\n<div class=\"aps-spec\">\n<div><span>Komponententyp<\/span><strong>Interner Lautsprecher<\/strong><\/div>\n<\/div>\n<div class=\"aps-spec\">\n<div><span>Zustand<\/span><strong>Neu<\/strong><\/div>\n<\/div>\n<div class=\"aps-spec\">\n<div><span>Seite<\/span><strong>Links (die Seite ist ausgehend von einem ge\u00f6ffneten und zerlegten Mac zu verstehen, mit der Batterie zu Ihnen ausgerichtet)<\/strong><\/div>\n<\/div><\/div>\n<\/section>\n<section class=\"aps-card aps-callout aps-callout--warn\">\n<header class=\"aps-card__head\">\n<h2 class=\"aps-h\">Installation und Hinweise<\/h2>\n<p class=\"aps-sub\">Tipps f\u00fcr eine sichere Montage.<\/p>\n<\/header>\n<p>\n      Um diese Komponente zu ersetzen, muss die untere Abdeckung des MacBook entfernt werden. Da es sich um ein sehr d\u00fcnnes Modell handelt, sind die internen Kabel und Anschl\u00fcsse \u00e4u\u00dferst empfindlich. Denken Sie unbedingt daran, die Batterie abzuklemmen, um sicher arbeiten zu k\u00f6nnen. Wenn Sie nicht viel Erfahrung mit Hardware-Reparaturen haben, empfehlen wir Ihnen, einen erfahrenen Techniker um Hilfe zu bitten, um nicht zu riskieren, dass die Hauptplatine oder benachbarte Komponenten besch\u00e4digt werden.\n    <\/p>\n<\/section>\n<section class=\"aps-card aps-callout aps-callout--info\">\n<header class=\"aps-card__head\">\n<h2 class=\"aps-h\">Sind Sie unsicher, ob dieses Ersatzteil das richtige ist?<\/h2>\n<p class=\"aps-sub\">Kontaktieren Sie uns f\u00fcr Unterst\u00fctzung bei der Auswahl des passenden Ersatzteils f\u00fcr Ihr Ger\u00e4t.<\/p>\n<\/header>\n<div class=\"aps-cta\">\n      <a class=\"aps-btn\" href=\"mailto:info@apfelspare.ch\">info@apfelspare.ch<\/a><br \/>\n      <span class=\"aps-cta__hint\">Senden Sie uns die Seriennummer Ihres MacBook Air und wir werden die Kompatibilit\u00e4t schnell f\u00fcr Sie pr\u00fcfen.<\/span>\n    <\/div>\n<\/section>\n<\/div>","protected":false},"excerpt":{"rendered":"<p>Linker Lautsprecher f\u00fcr MacBook Air 15\u2033 A3114 A2941 (Mid 2023 - Early 2024). Qualit\u00e4t Ersatz, bereit zu installieren<\/p>","protected":false},"featured_media":15392,"comment_status":"closed","ping_status":"closed","template":"","meta":{"_acf_changed":false,"_et_pb_use_builder":"","_et_pb_old_content":"","_et_gb_content_width":""},"product_brand":[],"product_cat":[110,112,183,20],"product_tag":[],"class_list":{"0":"post-15391","1":"product","2":"type-product","3":"status-publish","4":"has-post-thumbnail","6":"product_cat-macbook-air-15-early-2024-a3114","7":"product_cat-macbook-air-15-mid-2023-a2941","8":"product_cat-altoparlanti","9":"product_cat-category-macbook-air","10":"product_shipping_class-14-giorni","12":"first","13":"instock","14":"shipping-taxable","15":"purchasable","16":"product-type-simple"},"acf":[],"yoast_head":"<!-- This site is optimized with the Yoast SEO plugin v27.4 - https:\/\/yoast.com\/product\/yoast-seo-wordpress\/ -->\n<title>Altoparlante sinistro per MacBook Air 15&quot; A3114 A2941 (Mid 2023 - Early 2024)<\/title>\n<meta name=\"description\" content=\"Altoparlante sinistro per MacBook Air 15&quot; A3114 e A2941, perfetto per problemi audio lato sinistro\" \/>\n<meta name=\"robots\" content=\"index, follow, max-snippet:-1, max-image-preview:large, max-video-preview:-1\" \/>\n<link rel=\"canonical\" href=\"https:\/\/tipicino.ch\/apfelspare\/de\/product\/lautsprecher-links-macbook-air-15-a3114-a2941-2024-2023\/\" \/>\n<meta property=\"og:locale\" content=\"de_DE\" \/>\n<meta property=\"og:type\" content=\"article\" \/>\n<meta property=\"og:title\" content=\"Altoparlante sinistro per MacBook Air 15&quot; A3114 A2941 (Mid 2023 - Early 2024)\" \/>\n<meta property=\"og:description\" content=\"Altoparlante sinistro per MacBook Air 15&quot; A3114 e A2941, perfetto per problemi audio lato sinistro\" \/>\n<meta property=\"og:url\" content=\"https:\/\/tipicino.ch\/apfelspare\/de\/product\/lautsprecher-links-macbook-air-15-a3114-a2941-2024-2023\/\" \/>\n<meta property=\"og:site_name\" content=\"Ricambi MacBook Pro, MacBook Air e iMac in Svizzera \u2013 Display, Tastiere, Batterie, Trackpad\" \/>\n<meta property=\"article:modified_time\" content=\"2026-03-12T14:51:31+00:00\" \/>\n<meta property=\"og:image\" content=\"https:\/\/tipicino.ch\/apfelspare\/wp-content\/uploads\/2025\/06\/altoparlante-sinistro-macbook-air-15-a3114.png\" \/>\n\t<meta property=\"og:image:width\" content=\"1000\" \/>\n\t<meta property=\"og:image:height\" content=\"1000\" \/>\n\t<meta property=\"og:image:type\" content=\"image\/png\" \/>\n<meta name=\"twitter:card\" content=\"summary_large_image\" \/>\n<meta name=\"twitter:label1\" content=\"Gesch\u00e4tzte Lesezeit\" \/>\n\t<meta name=\"twitter:data1\" content=\"2\u00a0Minuten\" \/>\n<!-- \/ Yoast SEO plugin. -->","yoast_head_json":{"title":"Linker Lautsprecher f\u00fcr MacBook Air 15\" A3114 A2941 (Mid 2023 - Early 2024)","description":"Linker Lautsprecher f\u00fcr MacBook Air 15\" A3114 und A2941, perfekt f\u00fcr linksseitige Audioprobleme","robots":{"index":"index","follow":"follow","max-snippet":"max-snippet:-1","max-image-preview":"max-image-preview:large","max-video-preview":"max-video-preview:-1"},"canonical":"https:\/\/tipicino.ch\/apfelspare\/de\/product\/lautsprecher-links-macbook-air-15-a3114-a2941-2024-2023\/","og_locale":"de_DE","og_type":"article","og_title":"Altoparlante sinistro per MacBook Air 15\" A3114 A2941 (Mid 2023 - Early 2024)","og_description":"Altoparlante sinistro per MacBook Air 15\" A3114 e A2941, perfetto per problemi audio lato sinistro","og_url":"https:\/\/tipicino.ch\/apfelspare\/de\/product\/lautsprecher-links-macbook-air-15-a3114-a2941-2024-2023\/","og_site_name":"Ricambi MacBook Pro, MacBook Air e iMac in Svizzera \u2013 Display, Tastiere, Batterie, Trackpad","article_modified_time":"2026-03-12T14:51:31+00:00","og_image":[{"width":1000,"height":1000,"url":"https:\/\/tipicino.ch\/apfelspare\/wp-content\/uploads\/2025\/06\/altoparlante-sinistro-macbook-air-15-a3114.png","type":"image\/png"}],"twitter_card":"summary_large_image","twitter_misc":{"Gesch\u00e4tzte Lesezeit":"2\u00a0Minuten"},"schema":{"@context":"https:\/\/schema.org","@graph":[{"@type":"WebPage","@id":"https:\/\/tipicino.ch\/apfelspare\/de\/prodotto\/altoparlante-sinistro-macbook-air-15-a3114-a2941-2024-2023\/","url":"https:\/\/tipicino.ch\/apfelspare\/de\/prodotto\/altoparlante-sinistro-macbook-air-15-a3114-a2941-2024-2023\/","name":"Linker Lautsprecher f\u00fcr MacBook Air 15\" A3114 A2941 (Mid 2023 - Early 2024)","isPartOf":{"@id":"https:\/\/tipicino.ch\/apfelspare\/de\/#website"},"primaryImageOfPage":{"@id":"https:\/\/tipicino.ch\/apfelspare\/de\/prodotto\/altoparlante-sinistro-macbook-air-15-a3114-a2941-2024-2023\/#primaryimage"},"image":{"@id":"https:\/\/tipicino.ch\/apfelspare\/de\/prodotto\/altoparlante-sinistro-macbook-air-15-a3114-a2941-2024-2023\/#primaryimage"},"thumbnailUrl":"https:\/\/tipicino.ch\/apfelspare\/wp-content\/uploads\/2025\/06\/altoparlante-sinistro-macbook-air-15-a3114.png","datePublished":"2025-06-17T15:38:19+00:00","dateModified":"2026-03-12T14:51:31+00:00","description":"Linker Lautsprecher f\u00fcr MacBook Air 15\" A3114 und A2941, perfekt f\u00fcr linksseitige Audioprobleme","breadcrumb":{"@id":"https:\/\/tipicino.ch\/apfelspare\/de\/prodotto\/altoparlante-sinistro-macbook-air-15-a3114-a2941-2024-2023\/#breadcrumb"},"inLanguage":"de-CH","potentialAction":[{"@type":"ReadAction","target":["https:\/\/tipicino.ch\/apfelspare\/de\/prodotto\/altoparlante-sinistro-macbook-air-15-a3114-a2941-2024-2023\/"]}]},{"@type":"ImageObject","inLanguage":"de-CH","@id":"https:\/\/tipicino.ch\/apfelspare\/de\/prodotto\/altoparlante-sinistro-macbook-air-15-a3114-a2941-2024-2023\/#primaryimage","url":"https:\/\/tipicino.ch\/apfelspare\/wp-content\/uploads\/2025\/06\/altoparlante-sinistro-macbook-air-15-a3114.png","contentUrl":"https:\/\/tipicino.ch\/apfelspare\/wp-content\/uploads\/2025\/06\/altoparlante-sinistro-macbook-air-15-a3114.png","width":1000,"height":1000,"caption":"Altoparlante sinistro MacBook Air 15\" A3114 (Early 2024)"},{"@type":"BreadcrumbList","@id":"https:\/\/tipicino.ch\/apfelspare\/de\/prodotto\/altoparlante-sinistro-macbook-air-15-a3114-a2941-2024-2023\/#breadcrumb","itemListElement":[{"@type":"ListItem","position":1,"name":"Home","item":"https:\/\/tipicino.ch\/apfelspare\/de\/"},{"@type":"ListItem","position":2,"name":"Shop","item":"https:\/\/tipicino.ch\/apfelspare\/de\/shop\/"},{"@type":"ListItem","position":3,"name":"Altoparlante sinistro per MacBook Air 15&#8243; A3114 A2941 (Mid 2023 &#8211; Early 2024)"}]},{"@type":"WebSite","@id":"https:\/\/tipicino.ch\/apfelspare\/de\/#website","url":"https:\/\/tipicino.ch\/apfelspare\/de\/","name":"Ersatzteile f\u00fcr MacBook Pro, MacBook Air und iMac in der Schweiz \u2013 Display, Tastaturen, Batterien, Trackpads","description":"","publisher":{"@id":"https:\/\/tipicino.ch\/apfelspare\/de\/#organization"},"potentialAction":[{"@type":"SearchAction","target":{"@type":"EntryPoint","urlTemplate":"https:\/\/tipicino.ch\/apfelspare\/de\/?s={search_term_string}"},"query-input":{"@type":"PropertyValueSpecification","valueRequired":true,"valueName":"search_term_string"}}],"inLanguage":"de-CH"},{"@type":"Organization","@id":"https:\/\/tipicino.ch\/apfelspare\/de\/#organization","name":"tipicino.ch\/apfelspare","url":"https:\/\/tipicino.ch\/apfelspare\/de\/","logo":{"@type":"ImageObject","inLanguage":"de-CH","@id":"https:\/\/tipicino.ch\/apfelspare\/de\/#\/schema\/logo\/image\/","url":"https:\/\/tipicino.ch\/apfelspare\/wp-content\/uploads\/2025\/08\/cropped-FAVICON-tipicino.ch\/apfelspare_.png","contentUrl":"https:\/\/tipicino.ch\/apfelspare\/wp-content\/uploads\/2025\/08\/cropped-FAVICON-tipicino.ch\/apfelspare_.png","width":512,"height":512,"caption":"tipicino.ch\/apfelspare"},"image":{"@id":"https:\/\/tipicino.ch\/apfelspare\/de\/#\/schema\/logo\/image\/"}}]}},"_links":{"self":[{"href":"https:\/\/tipicino.ch\/apfelspare\/de\/wp-json\/wp\/v2\/product\/15391","targetHints":{"allow":["GET"]}}],"collection":[{"href":"https:\/\/tipicino.ch\/apfelspare\/de\/wp-json\/wp\/v2\/product"}],"about":[{"href":"https:\/\/tipicino.ch\/apfelspare\/de\/wp-json\/wp\/v2\/types\/product"}],"replies":[{"embeddable":true,"href":"https:\/\/tipicino.ch\/apfelspare\/de\/wp-json\/wp\/v2\/comments?post=15391"}],"wp:featuredmedia":[{"embeddable":true,"href":"https:\/\/tipicino.ch\/apfelspare\/de\/wp-json\/wp\/v2\/media\/15392"}],"wp:attachment":[{"href":"https:\/\/tipicino.ch\/apfelspare\/de\/wp-json\/wp\/v2\/media?parent=15391"}],"wp:term":[{"taxonomy":"product_brand","embeddable":true,"href":"https:\/\/tipicino.ch\/apfelspare\/de\/wp-json\/wp\/v2\/product_brand?post=15391"},{"taxonomy":"product_cat","embeddable":true,"href":"https:\/\/tipicino.ch\/apfelspare\/de\/wp-json\/wp\/v2\/product_cat?post=15391"},{"taxonomy":"product_tag","embeddable":true,"href":"https:\/\/tipicino.ch\/apfelspare\/de\/wp-json\/wp\/v2\/product_tag?post=15391"}],"curies":[{"name":"wp","href":"https:\/\/api.w.org\/{rel}","templated":true}]}}