{"id":15393,"date":"2025-06-17T15:40:18","date_gmt":"2025-06-17T15:40:18","guid":{"rendered":"https:\/\/tipicino.ch\/apfelspare\/?post_type=product&#038;p=15393"},"modified":"2026-03-13T12:24:38","modified_gmt":"2026-03-13T12:24:38","slug":"rechter-lautsprecher-fur-macbook-air-15-a3114-a2941-2024-2023","status":"publish","type":"product","link":"https:\/\/tipicino.ch\/apfelspare\/de\/prodotto\/altoparlante-destro-per-macbook-air-15-a3114-a2941-2024-2023\/","title":{"rendered":"Rechter Lautsprecher f\u00fcr MacBook Air 15\u2033 A3114 A2941 (Mid 2023 - Early 2024)"},"content":{"rendered":"<div class=\"aps-pdp\">\n<section class=\"aps-card\">\n<header class=\"aps-card__head\">\n<h2 class=\"aps-h\">Rechter Lautsprecher f\u00fcr MacBook Air 15\" A2941 A3114 (2023-2024)<\/h2>\n<p class=\"aps-sub\">Internes Ersatz-Soundmodul f\u00fcr das 15-Zoll MacBook Air mit Apple Silicon.<\/p>\n<\/header>\n<p>\n      Das Sechs-Lautsprecher-System Ihres 15\u2033 MacBook Air ist eine seiner St\u00e4rken, aber es braucht nur ein defektes Modul, um die gesamte Klangqualit\u00e4t zu ruinieren. Wenn Sie ein Knistern von der rechten Seite h\u00f6ren oder die Lautst\u00e4rke pl\u00f6tzlich schwach geworden ist, k\u00f6nnte das Problem durch den besch\u00e4digten Originallautsprecher verursacht werden. Wenn Sie das Teil durch dieses neue Ersatzteil ersetzen, k\u00f6nnen Sie die kristallklare, ausgewogene Klangqualit\u00e4t Ihres Macs wiederherstellen und Verzerrungen und st\u00f6rende Vibrationen beseitigen.\n    <\/p>\n<div class=\"aps-note aps-note--warn\">\n      <span class=\"aps-note__ico\">!<\/span><br \/>\n      <span class=\"aps-note__txt\"><strong>KOMPATIBILIT\u00c4TSHINWEIS:<\/strong> Dieser Lautsprecher ist f\u00fcr das ultraflache Design der 15-Zoll-Serie konzipiert. Pr\u00fcfen Sie vor dem Kauf sorgf\u00e4ltig den Code \u201cA2941\u201d oder \u201cA3114\u201d, der auf der Unterseite Ihres MacBook eingraviert ist, da die 13-Zoll-Versionen andere Komponenten verwenden.<\/span>\n    <\/div>\n<\/section>\n<section class=\"aps-card\">\n<header class=\"aps-card__head\">\n<h2 class=\"aps-h\">Unterst\u00fctzte Modelle<\/h2>\n<p class=\"aps-sub\">Liste der MacBook Air 15\u2033 Versionen, die mit diesem Ersatz kompatibel sind.<\/p>\n<\/header>\n<ul class=\"aps-check\">\n<li><strong>MacBook Air 15\u2033 A3114 (Early 2024)<\/strong> <span class=\"aps-badge\">Mac15.13<\/span><\/li>\n<li><strong>MacBook Air 15\u2033 A2941 (Mid 2023)<\/strong> <span class=\"aps-badge\">Mac14.15<\/span><\/li>\n<\/ul>\n<\/section>\n<section class=\"aps-card\">\n<header class=\"aps-card__head\">\n<h2 class=\"aps-h\">Technische Eigenschaften<\/h2>\n<p class=\"aps-sub\">Technische Spezifikationen des Audio-Ersatzteils.<\/p>\n<\/header>\n<div class=\"aps-specgrid\">\n<div class=\"aps-spec\">\n<div><span>Komponententyp<\/span><strong>Interner Lautsprecher<\/strong><\/div>\n<\/div>\n<div class=\"aps-spec\">\n<div><span>Seite<\/span><strong>Rechts (die Seite ist ausgehend von einem ge\u00f6ffneten und zerlegten Mac zu verstehen, mit der Batterie zu Ihnen ausgerichtet)<\/strong><\/div>\n<\/div>\n<div class=\"aps-spec\">\n<div><span>Zustand<\/span><strong>Neu<\/strong><\/div>\n<\/div><\/div>\n<\/section>\n<section class=\"aps-card aps-callout aps-callout--warn\">\n<header class=\"aps-card__head\">\n<h2 class=\"aps-h\">Installation und Hinweise<\/h2>\n<p class=\"aps-sub\">Tipps f\u00fcr eine sichere Montage.<\/p>\n<\/header>\n<p>\n      Um diese Komponente zu ersetzen, muss die Bodenplatte des MacBook entfernt werden. Da es sich um ein neueres Modell mit einer sehr kompakten internen Struktur handelt, erfordert der Vorgang Pr\u00e4zision und die Verwendung von Spezialwerkzeug. Denken Sie unbedingt daran, als ersten Schritt die Batterie abzuklemmen. Wenn Sie mit der Demontage solch d\u00fcnner elektronischer Teile nicht vertraut sind, empfehlen wir Ihnen, einen erfahrenen Techniker um Hilfe zu bitten, um nicht zu riskieren, dass das Logic Board oder die umliegenden Flachkabel besch\u00e4digt werden.\n    <\/p>\n<\/section>\n<section class=\"aps-card aps-callout aps-callout--info\">\n<header class=\"aps-card__head\">\n<h2 class=\"aps-h\">Sind Sie unsicher, ob dieses Ersatzteil das richtige ist?<\/h2>\n<p class=\"aps-sub\">Kontaktieren Sie uns f\u00fcr Unterst\u00fctzung bei der Auswahl des passenden Ersatzteils f\u00fcr Ihr Ger\u00e4t.<\/p>\n<\/header>\n<div class=\"aps-cta\">\n      <a class=\"aps-btn\" href=\"mailto:info@apfelspare.ch\">info@apfelspare.ch<\/a><br \/>\n      <span class=\"aps-cta__hint\">Senden Sie uns die Seriennummer Ihres MacBook Air und wir werden die Kompatibilit\u00e4t schnell f\u00fcr Sie pr\u00fcfen.<\/span>\n    <\/div>\n<\/section>\n<\/div>","protected":false},"excerpt":{"rendered":"<p>Rechter Lautsprecher f\u00fcr MacBook Air 15\u2033 A3114 A2941 (Mid 2023 - Early 2024). Qualit\u00e4t Ersatz, bereit zu installieren<\/p>","protected":false},"featured_media":15394,"comment_status":"closed","ping_status":"closed","template":"","meta":{"_acf_changed":false,"_et_pb_use_builder":"","_et_pb_old_content":"","_et_gb_content_width":""},"product_brand":[],"product_cat":[110,112,183,20],"product_tag":[],"class_list":{"0":"post-15393","1":"product","2":"type-product","3":"status-publish","4":"has-post-thumbnail","6":"product_cat-macbook-air-15-early-2024-a3114","7":"product_cat-macbook-air-15-mid-2023-a2941","8":"product_cat-altoparlanti","9":"product_cat-category-macbook-air","10":"product_shipping_class-14-giorni","12":"first","13":"onbackorder","14":"shipping-taxable","15":"purchasable","16":"product-type-simple"},"acf":[],"yoast_head":"<!-- This site is optimized with the Yoast SEO plugin v27.4 - https:\/\/yoast.com\/product\/yoast-seo-wordpress\/ -->\n<title>Altoparlante destro per MacBook Air 15&quot; A3114 A2941 (Mid 2023 - Early 2024)<\/title>\n<meta name=\"description\" content=\"Altoparlante destro per MacBook Air 15&quot; A3114 e A2941, perfetto per problemi audio lato destro\" \/>\n<meta name=\"robots\" content=\"index, follow, max-snippet:-1, max-image-preview:large, max-video-preview:-1\" \/>\n<link rel=\"canonical\" href=\"https:\/\/tipicino.ch\/apfelspare\/de\/product\/rechter-lautsprecher-fur-macbook-air-15-a3114-a2941-2024-2023\/\" \/>\n<meta property=\"og:locale\" content=\"de_DE\" \/>\n<meta property=\"og:type\" content=\"article\" \/>\n<meta property=\"og:title\" content=\"Altoparlante destro per MacBook Air 15&quot; A3114 A2941 (Mid 2023 - Early 2024)\" \/>\n<meta property=\"og:description\" content=\"Altoparlante destro per MacBook Air 15&quot; A3114 e A2941, perfetto per problemi audio lato destro\" \/>\n<meta property=\"og:url\" content=\"https:\/\/tipicino.ch\/apfelspare\/de\/product\/rechter-lautsprecher-fur-macbook-air-15-a3114-a2941-2024-2023\/\" \/>\n<meta property=\"og:site_name\" content=\"Ricambi MacBook Pro, MacBook Air e iMac in Svizzera \u2013 Display, Tastiere, Batterie, Trackpad\" \/>\n<meta property=\"article:modified_time\" content=\"2026-03-13T12:24:38+00:00\" \/>\n<meta property=\"og:image\" content=\"https:\/\/tipicino.ch\/apfelspare\/wp-content\/uploads\/2025\/06\/altoparlante-destro-macbook-air-15-a3114.png\" \/>\n\t<meta property=\"og:image:width\" content=\"1000\" \/>\n\t<meta property=\"og:image:height\" content=\"1000\" \/>\n\t<meta property=\"og:image:type\" content=\"image\/png\" \/>\n<meta name=\"twitter:card\" content=\"summary_large_image\" \/>\n<meta name=\"twitter:label1\" content=\"Gesch\u00e4tzte Lesezeit\" \/>\n\t<meta name=\"twitter:data1\" content=\"2\u00a0Minuten\" \/>\n<!-- \/ Yoast SEO plugin. -->","yoast_head_json":{"title":"Rechter Lautsprecher f\u00fcr MacBook Air 15\" A3114 A2941 (Mid 2023 - Early 2024)","description":"Rechter Lautsprecher f\u00fcr MacBook Air 15\" A3114 und A2941, perfekt f\u00fcr rechtsseitige Audioprobleme","robots":{"index":"index","follow":"follow","max-snippet":"max-snippet:-1","max-image-preview":"max-image-preview:large","max-video-preview":"max-video-preview:-1"},"canonical":"https:\/\/tipicino.ch\/apfelspare\/de\/product\/rechter-lautsprecher-fur-macbook-air-15-a3114-a2941-2024-2023\/","og_locale":"de_DE","og_type":"article","og_title":"Altoparlante destro per MacBook Air 15\" A3114 A2941 (Mid 2023 - Early 2024)","og_description":"Altoparlante destro per MacBook Air 15\" A3114 e A2941, perfetto per problemi audio lato destro","og_url":"https:\/\/tipicino.ch\/apfelspare\/de\/product\/rechter-lautsprecher-fur-macbook-air-15-a3114-a2941-2024-2023\/","og_site_name":"Ricambi MacBook Pro, MacBook Air e iMac in Svizzera \u2013 Display, Tastiere, Batterie, Trackpad","article_modified_time":"2026-03-13T12:24:38+00:00","og_image":[{"width":1000,"height":1000,"url":"https:\/\/tipicino.ch\/apfelspare\/wp-content\/uploads\/2025\/06\/altoparlante-destro-macbook-air-15-a3114.png","type":"image\/png"}],"twitter_card":"summary_large_image","twitter_misc":{"Gesch\u00e4tzte Lesezeit":"2\u00a0Minuten"},"schema":{"@context":"https:\/\/schema.org","@graph":[{"@type":"WebPage","@id":"https:\/\/tipicino.ch\/apfelspare\/de\/prodotto\/altoparlante-destro-per-macbook-air-15-a3114-a2941-2024-2023\/","url":"https:\/\/tipicino.ch\/apfelspare\/de\/prodotto\/altoparlante-destro-per-macbook-air-15-a3114-a2941-2024-2023\/","name":"Rechter Lautsprecher f\u00fcr MacBook Air 15\" A3114 A2941 (Mid 2023 - Early 2024)","isPartOf":{"@id":"https:\/\/tipicino.ch\/apfelspare\/de\/#website"},"primaryImageOfPage":{"@id":"https:\/\/tipicino.ch\/apfelspare\/de\/prodotto\/altoparlante-destro-per-macbook-air-15-a3114-a2941-2024-2023\/#primaryimage"},"image":{"@id":"https:\/\/tipicino.ch\/apfelspare\/de\/prodotto\/altoparlante-destro-per-macbook-air-15-a3114-a2941-2024-2023\/#primaryimage"},"thumbnailUrl":"https:\/\/tipicino.ch\/apfelspare\/wp-content\/uploads\/2025\/06\/altoparlante-destro-macbook-air-15-a3114.png","datePublished":"2025-06-17T15:40:18+00:00","dateModified":"2026-03-13T12:24:38+00:00","description":"Rechter Lautsprecher f\u00fcr MacBook Air 15\" A3114 und A2941, perfekt f\u00fcr rechtsseitige Audioprobleme","breadcrumb":{"@id":"https:\/\/tipicino.ch\/apfelspare\/de\/prodotto\/altoparlante-destro-per-macbook-air-15-a3114-a2941-2024-2023\/#breadcrumb"},"inLanguage":"de-CH","potentialAction":[{"@type":"ReadAction","target":["https:\/\/tipicino.ch\/apfelspare\/de\/prodotto\/altoparlante-destro-per-macbook-air-15-a3114-a2941-2024-2023\/"]}]},{"@type":"ImageObject","inLanguage":"de-CH","@id":"https:\/\/tipicino.ch\/apfelspare\/de\/prodotto\/altoparlante-destro-per-macbook-air-15-a3114-a2941-2024-2023\/#primaryimage","url":"https:\/\/tipicino.ch\/apfelspare\/wp-content\/uploads\/2025\/06\/altoparlante-destro-macbook-air-15-a3114.png","contentUrl":"https:\/\/tipicino.ch\/apfelspare\/wp-content\/uploads\/2025\/06\/altoparlante-destro-macbook-air-15-a3114.png","width":1000,"height":1000,"caption":"Altoparlante destro MacBook Air 15\" A3114 (Early 2024)"},{"@type":"BreadcrumbList","@id":"https:\/\/tipicino.ch\/apfelspare\/de\/prodotto\/altoparlante-destro-per-macbook-air-15-a3114-a2941-2024-2023\/#breadcrumb","itemListElement":[{"@type":"ListItem","position":1,"name":"Home","item":"https:\/\/tipicino.ch\/apfelspare\/de\/"},{"@type":"ListItem","position":2,"name":"Shop","item":"https:\/\/tipicino.ch\/apfelspare\/de\/shop\/"},{"@type":"ListItem","position":3,"name":"Altoparlante destro per MacBook Air 15&#8243; A3114 A2941 (Mid 2023 &#8211; Early 2024)"}]},{"@type":"WebSite","@id":"https:\/\/tipicino.ch\/apfelspare\/de\/#website","url":"https:\/\/tipicino.ch\/apfelspare\/de\/","name":"Ersatzteile f\u00fcr MacBook Pro, MacBook Air und iMac in der Schweiz \u2013 Display, Tastaturen, Batterien, Trackpads","description":"","publisher":{"@id":"https:\/\/tipicino.ch\/apfelspare\/de\/#organization"},"potentialAction":[{"@type":"SearchAction","target":{"@type":"EntryPoint","urlTemplate":"https:\/\/tipicino.ch\/apfelspare\/de\/?s={search_term_string}"},"query-input":{"@type":"PropertyValueSpecification","valueRequired":true,"valueName":"search_term_string"}}],"inLanguage":"de-CH"},{"@type":"Organization","@id":"https:\/\/tipicino.ch\/apfelspare\/de\/#organization","name":"tipicino.ch\/apfelspare","url":"https:\/\/tipicino.ch\/apfelspare\/de\/","logo":{"@type":"ImageObject","inLanguage":"de-CH","@id":"https:\/\/tipicino.ch\/apfelspare\/de\/#\/schema\/logo\/image\/","url":"https:\/\/tipicino.ch\/apfelspare\/wp-content\/uploads\/2025\/08\/cropped-FAVICON-tipicino.ch\/apfelspare_.png","contentUrl":"https:\/\/tipicino.ch\/apfelspare\/wp-content\/uploads\/2025\/08\/cropped-FAVICON-tipicino.ch\/apfelspare_.png","width":512,"height":512,"caption":"tipicino.ch\/apfelspare"},"image":{"@id":"https:\/\/tipicino.ch\/apfelspare\/de\/#\/schema\/logo\/image\/"}}]}},"_links":{"self":[{"href":"https:\/\/tipicino.ch\/apfelspare\/de\/wp-json\/wp\/v2\/product\/15393","targetHints":{"allow":["GET"]}}],"collection":[{"href":"https:\/\/tipicino.ch\/apfelspare\/de\/wp-json\/wp\/v2\/product"}],"about":[{"href":"https:\/\/tipicino.ch\/apfelspare\/de\/wp-json\/wp\/v2\/types\/product"}],"replies":[{"embeddable":true,"href":"https:\/\/tipicino.ch\/apfelspare\/de\/wp-json\/wp\/v2\/comments?post=15393"}],"wp:featuredmedia":[{"embeddable":true,"href":"https:\/\/tipicino.ch\/apfelspare\/de\/wp-json\/wp\/v2\/media\/15394"}],"wp:attachment":[{"href":"https:\/\/tipicino.ch\/apfelspare\/de\/wp-json\/wp\/v2\/media?parent=15393"}],"wp:term":[{"taxonomy":"product_brand","embeddable":true,"href":"https:\/\/tipicino.ch\/apfelspare\/de\/wp-json\/wp\/v2\/product_brand?post=15393"},{"taxonomy":"product_cat","embeddable":true,"href":"https:\/\/tipicino.ch\/apfelspare\/de\/wp-json\/wp\/v2\/product_cat?post=15393"},{"taxonomy":"product_tag","embeddable":true,"href":"https:\/\/tipicino.ch\/apfelspare\/de\/wp-json\/wp\/v2\/product_tag?post=15393"}],"curies":[{"name":"wp","href":"https:\/\/api.w.org\/{rel}","templated":true}]}}