{"id":15407,"date":"2025-06-17T21:06:55","date_gmt":"2025-06-17T21:06:55","guid":{"rendered":"https:\/\/tipicino.ch\/apfelspare\/?post_type=product&#038;p=15407"},"modified":"2026-03-13T14:20:15","modified_gmt":"2026-03-13T14:20:15","slug":"rechter-lautsprecher-fur-macbook-air-13-a2179-anfang-2020","status":"publish","type":"product","link":"https:\/\/tipicino.ch\/apfelspare\/de\/prodotto\/altoparlante-destro-per-macbook-air-13-a2179-early-2020\/","title":{"rendered":"Rechter Lautsprecher f\u00fcr MacBook Air 13\u2033 A2179 (Early 2020)"},"content":{"rendered":"<div class=\"aps-pdp\">\n<section class=\"aps-card\">\n<header class=\"aps-card__head\">\n<h2 class=\"aps-h\">Rechter Lautsprecher f\u00fcr MacBook Air 13\" A2179 (Early 2020)<\/h2>\n<p class=\"aps-sub\">Internes Soundmodul rechts f\u00fcr MacBook Air Retina 13 Zoll.<\/p>\n<\/header>\n<p>\n      Hat der Ton Ihres 13\u2033 MacBook Air auf der rechten Seite angefangen zu knistern oder verzerrt zu klingen? Diese Fehlfunktion k\u00f6nnte durch Abnutzung der Original-Lautsprechermembran verursacht werden. Da es sich um ein sehr d\u00fcnnes Bauteil handelt, k\u00f6nnen Staub oder kleine Verunreinigungen die Qualit\u00e4t mit der Zeit beeintr\u00e4chtigen. Wenn Sie das Teil durch dieses neue Ersatzteil ersetzen, k\u00f6nnen Sie die Klangfehler beheben und wieder Musik und Filme mit klarem Klang h\u00f6ren. Das Bauteil enth\u00e4lt bereits den notwendigen Klebstoff, um eine stabile und brummfreie Befestigung zu gew\u00e4hrleisten.\n    <\/p>\n<div class=\"aps-note aps-note--warn\">\n      <span class=\"aps-note__ico\">!<\/span><br \/>\n      <span class=\"aps-note__txt\"><strong>KOMPATIBILIT\u00c4TSHINWEIS:<\/strong> Dieser Lautsprecher ist speziell f\u00fcr das Modell A2179 (Early 2020 mit Magic Keyboard). Er ist nicht kompatibel mit fr\u00fcheren (A1932) oder sp\u00e4teren Modellen mit Apple Silicon Chip (A2337). Bitte \u00fcberpr\u00fcfen Sie den Code \u201cA2179\u201d, der auf der Unterseite des Computers eingraviert ist.<\/span>\n    <\/div>\n<\/section>\n<section class=\"aps-card\">\n<header class=\"aps-card__head\">\n<h2 class=\"aps-h\">Unterst\u00fctzte Modelle<\/h2>\n<p class=\"aps-sub\">Liste der MacBook Air 13\u2033 Retina kompatiblen Version.<\/p>\n<\/header>\n<ul class=\"aps-check\">\n<li><strong>MacBook Air 13\" A2179 (Early 2020)<\/strong> <span class=\"aps-badge\">MacBookAir9.1<\/span><\/li>\n<\/ul>\n<\/section>\n<section class=\"aps-card\">\n<header class=\"aps-card__head\">\n<h2 class=\"aps-h\">Technische Eigenschaften<\/h2>\n<p class=\"aps-sub\">Technische Spezifikationen des Audio-Ersatzteils.<\/p>\n<\/header>\n<div class=\"aps-specgrid\">\n<div class=\"aps-spec\">\n<div><span>Komponententyp<\/span><strong>Interner Lautsprecher<\/strong><\/div>\n<\/div>\n<div class=\"aps-spec\">\n<div><span>Seite<\/span><strong>Rechts (die Seite ist ausgehend von einem ge\u00f6ffneten und zerlegten Mac zu verstehen, mit der Batterie zu Ihnen ausgerichtet)<\/strong><\/div>\n<\/div>\n<div class=\"aps-spec\">\n<div><span>Zustand<\/span><strong>Neu<\/strong><\/div>\n<\/div>\n<div class=\"aps-spec\">\n<div><span>Befestigungsaufkleber<\/span><strong>Inbegriffen<\/strong><\/div>\n<\/div><\/div>\n<\/section>\n<section class=\"aps-card aps-callout aps-callout--warn\">\n<header class=\"aps-card__head\">\n<h2 class=\"aps-h\">Installation und Hinweise<\/h2>\n<p class=\"aps-sub\">Tipps f\u00fcr die Montage.<\/p>\n<\/header>\n<p>\n      Um den rechten Lautsprecher auszutauschen, muss die hintere Abdeckung des MacBook entfernt werden. Der Vorgang erfordert Pr\u00e4zision, da die internen Anschl\u00fcsse sehr klein und empfindlich sind. Denken Sie unbedingt daran, die Batterie abzuklemmen, um sicher zu arbeiten. Wenn Sie mit dem Zerlegen von elektronischen Bauteilen nicht vertraut sind, empfehlen wir Ihnen, einen erfahrenen Techniker zu Rate zu ziehen, um eine Besch\u00e4digung der Hauptplatine zu vermeiden.\n    <\/p>\n<\/section>\n<section class=\"aps-card aps-callout aps-callout--info\">\n<header class=\"aps-card__head\">\n<h2 class=\"aps-h\">Sind Sie unsicher, ob dieses Ersatzteil das richtige ist?<\/h2>\n<p class=\"aps-sub\">Kontaktieren Sie uns f\u00fcr Unterst\u00fctzung bei der Auswahl des passenden Ersatzteils f\u00fcr Ihr Ger\u00e4t.<\/p>\n<\/header>\n<div class=\"aps-cta\">\n      <a class=\"aps-btn\" href=\"mailto:info@apfelspare.ch\">info@apfelspare.ch<\/a><br \/>\n      <span class=\"aps-cta__hint\">Senden Sie uns die Seriennummer Ihres MacBook Air und wir werden die Kompatibilit\u00e4t schnell f\u00fcr Sie pr\u00fcfen.<\/span>\n    <\/div>\n<\/section>\n<\/div>","protected":false},"excerpt":{"rendered":"<p>Rechter Lautsprecher f\u00fcr MacBook Air 13\u2033 A2179 (Early 2020). Qualit\u00e4t Ersatz, mit Klebstoff enthalten, bereit zu installieren<\/p>","protected":false},"featured_media":15408,"comment_status":"closed","ping_status":"closed","template":"","meta":{"_acf_changed":false,"_et_pb_use_builder":"","_et_pb_old_content":"","_et_gb_content_width":""},"product_brand":[],"product_cat":[115,183,20],"product_tag":[],"class_list":{"0":"post-15407","1":"product","2":"type-product","3":"status-publish","4":"has-post-thumbnail","6":"product_cat-macbook-air-13-early-2020-a2179","7":"product_cat-altoparlanti","8":"product_cat-category-macbook-air","10":"first","11":"onbackorder","12":"shipping-taxable","13":"purchasable","14":"product-type-simple"},"acf":[],"yoast_head":"<!-- This site is optimized with the Yoast SEO plugin v27.4 - https:\/\/yoast.com\/product\/yoast-seo-wordpress\/ -->\n<title>Altoparlante destro per MacBook Air 13&quot; A2179 (Early 2020)<\/title>\n<meta name=\"description\" content=\"Altoparlante destro per MacBook Air 13&quot; A2179, ideale per problemi audio. Ricambio testato, con adesivo incluso, pronto all\u2019installazione\" \/>\n<meta name=\"robots\" content=\"index, follow, max-snippet:-1, max-image-preview:large, max-video-preview:-1\" \/>\n<link rel=\"canonical\" href=\"https:\/\/tipicino.ch\/apfelspare\/de\/product\/rechter-lautsprecher-fur-macbook-air-13-a2179-anfang-2020\/\" \/>\n<meta property=\"og:locale\" content=\"de_DE\" \/>\n<meta property=\"og:type\" content=\"article\" \/>\n<meta property=\"og:title\" content=\"Altoparlante destro per MacBook Air 13&quot; A2179 (Early 2020)\" \/>\n<meta property=\"og:description\" content=\"Altoparlante destro per MacBook Air 13&quot; A2179, ideale per problemi audio. Ricambio testato, con adesivo incluso, pronto all\u2019installazione\" \/>\n<meta property=\"og:url\" content=\"https:\/\/tipicino.ch\/apfelspare\/de\/product\/rechter-lautsprecher-fur-macbook-air-13-a2179-anfang-2020\/\" \/>\n<meta property=\"og:site_name\" content=\"Ricambi MacBook Pro, MacBook Air e iMac in Svizzera \u2013 Display, Tastiere, Batterie, Trackpad\" \/>\n<meta property=\"article:modified_time\" content=\"2026-03-13T14:20:15+00:00\" \/>\n<meta property=\"og:image\" content=\"https:\/\/tipicino.ch\/apfelspare\/wp-content\/uploads\/2025\/06\/altoparlante-destro-macbook-air-13-a2179.png\" \/>\n\t<meta property=\"og:image:width\" content=\"1000\" \/>\n\t<meta property=\"og:image:height\" content=\"1000\" \/>\n\t<meta property=\"og:image:type\" content=\"image\/png\" \/>\n<meta name=\"twitter:card\" content=\"summary_large_image\" \/>\n<meta name=\"twitter:label1\" content=\"Gesch\u00e4tzte Lesezeit\" \/>\n\t<meta name=\"twitter:data1\" content=\"2\u00a0Minuten\" \/>\n<!-- \/ Yoast SEO plugin. -->","yoast_head_json":{"title":"Rechter Lautsprecher f\u00fcr MacBook Air 13\" A2179 (Early 2020)","description":"Rechter Lautsprecher f\u00fcr MacBook Air 13\" A2179, ideal bei Audioproblemen. Getesteter Ersatz, inklusive Aufkleber, fertig zur Installation","robots":{"index":"index","follow":"follow","max-snippet":"max-snippet:-1","max-image-preview":"max-image-preview:large","max-video-preview":"max-video-preview:-1"},"canonical":"https:\/\/tipicino.ch\/apfelspare\/de\/product\/rechter-lautsprecher-fur-macbook-air-13-a2179-anfang-2020\/","og_locale":"de_DE","og_type":"article","og_title":"Altoparlante destro per MacBook Air 13\" A2179 (Early 2020)","og_description":"Altoparlante destro per MacBook Air 13\" A2179, ideale per problemi audio. Ricambio testato, con adesivo incluso, pronto all\u2019installazione","og_url":"https:\/\/tipicino.ch\/apfelspare\/de\/product\/rechter-lautsprecher-fur-macbook-air-13-a2179-anfang-2020\/","og_site_name":"Ricambi MacBook Pro, MacBook Air e iMac in Svizzera \u2013 Display, Tastiere, Batterie, Trackpad","article_modified_time":"2026-03-13T14:20:15+00:00","og_image":[{"width":1000,"height":1000,"url":"https:\/\/tipicino.ch\/apfelspare\/wp-content\/uploads\/2025\/06\/altoparlante-destro-macbook-air-13-a2179.png","type":"image\/png"}],"twitter_card":"summary_large_image","twitter_misc":{"Gesch\u00e4tzte Lesezeit":"2\u00a0Minuten"},"schema":{"@context":"https:\/\/schema.org","@graph":[{"@type":"WebPage","@id":"https:\/\/tipicino.ch\/apfelspare\/de\/prodotto\/altoparlante-destro-per-macbook-air-13-a2179-early-2020\/","url":"https:\/\/tipicino.ch\/apfelspare\/de\/prodotto\/altoparlante-destro-per-macbook-air-13-a2179-early-2020\/","name":"Rechter Lautsprecher f\u00fcr MacBook Air 13\" A2179 (Early 2020)","isPartOf":{"@id":"https:\/\/tipicino.ch\/apfelspare\/de\/#website"},"primaryImageOfPage":{"@id":"https:\/\/tipicino.ch\/apfelspare\/de\/prodotto\/altoparlante-destro-per-macbook-air-13-a2179-early-2020\/#primaryimage"},"image":{"@id":"https:\/\/tipicino.ch\/apfelspare\/de\/prodotto\/altoparlante-destro-per-macbook-air-13-a2179-early-2020\/#primaryimage"},"thumbnailUrl":"https:\/\/tipicino.ch\/apfelspare\/wp-content\/uploads\/2025\/06\/altoparlante-destro-macbook-air-13-a2179.png","datePublished":"2025-06-17T21:06:55+00:00","dateModified":"2026-03-13T14:20:15+00:00","description":"Rechter Lautsprecher f\u00fcr MacBook Air 13\" A2179, ideal bei Audioproblemen. Getesteter Ersatz, inklusive Aufkleber, fertig zur Installation","breadcrumb":{"@id":"https:\/\/tipicino.ch\/apfelspare\/de\/prodotto\/altoparlante-destro-per-macbook-air-13-a2179-early-2020\/#breadcrumb"},"inLanguage":"de-CH","potentialAction":[{"@type":"ReadAction","target":["https:\/\/tipicino.ch\/apfelspare\/de\/prodotto\/altoparlante-destro-per-macbook-air-13-a2179-early-2020\/"]}]},{"@type":"ImageObject","inLanguage":"de-CH","@id":"https:\/\/tipicino.ch\/apfelspare\/de\/prodotto\/altoparlante-destro-per-macbook-air-13-a2179-early-2020\/#primaryimage","url":"https:\/\/tipicino.ch\/apfelspare\/wp-content\/uploads\/2025\/06\/altoparlante-destro-macbook-air-13-a2179.png","contentUrl":"https:\/\/tipicino.ch\/apfelspare\/wp-content\/uploads\/2025\/06\/altoparlante-destro-macbook-air-13-a2179.png","width":1000,"height":1000,"caption":"Altoparlante destro per MacBook Air 13\" A2179 (Early 2020)"},{"@type":"BreadcrumbList","@id":"https:\/\/tipicino.ch\/apfelspare\/de\/prodotto\/altoparlante-destro-per-macbook-air-13-a2179-early-2020\/#breadcrumb","itemListElement":[{"@type":"ListItem","position":1,"name":"Home","item":"https:\/\/tipicino.ch\/apfelspare\/de\/"},{"@type":"ListItem","position":2,"name":"Shop","item":"https:\/\/tipicino.ch\/apfelspare\/de\/shop\/"},{"@type":"ListItem","position":3,"name":"Altoparlante destro per MacBook Air 13&#8243; A2179 (Early 2020)"}]},{"@type":"WebSite","@id":"https:\/\/tipicino.ch\/apfelspare\/de\/#website","url":"https:\/\/tipicino.ch\/apfelspare\/de\/","name":"Ersatzteile f\u00fcr MacBook Pro, MacBook Air und iMac in der Schweiz \u2013 Display, Tastaturen, Batterien, Trackpads","description":"","publisher":{"@id":"https:\/\/tipicino.ch\/apfelspare\/de\/#organization"},"potentialAction":[{"@type":"SearchAction","target":{"@type":"EntryPoint","urlTemplate":"https:\/\/tipicino.ch\/apfelspare\/de\/?s={search_term_string}"},"query-input":{"@type":"PropertyValueSpecification","valueRequired":true,"valueName":"search_term_string"}}],"inLanguage":"de-CH"},{"@type":"Organization","@id":"https:\/\/tipicino.ch\/apfelspare\/de\/#organization","name":"tipicino.ch\/apfelspare","url":"https:\/\/tipicino.ch\/apfelspare\/de\/","logo":{"@type":"ImageObject","inLanguage":"de-CH","@id":"https:\/\/tipicino.ch\/apfelspare\/de\/#\/schema\/logo\/image\/","url":"https:\/\/tipicino.ch\/apfelspare\/wp-content\/uploads\/2025\/08\/cropped-FAVICON-tipicino.ch\/apfelspare_.png","contentUrl":"https:\/\/tipicino.ch\/apfelspare\/wp-content\/uploads\/2025\/08\/cropped-FAVICON-tipicino.ch\/apfelspare_.png","width":512,"height":512,"caption":"tipicino.ch\/apfelspare"},"image":{"@id":"https:\/\/tipicino.ch\/apfelspare\/de\/#\/schema\/logo\/image\/"}}]}},"_links":{"self":[{"href":"https:\/\/tipicino.ch\/apfelspare\/de\/wp-json\/wp\/v2\/product\/15407","targetHints":{"allow":["GET"]}}],"collection":[{"href":"https:\/\/tipicino.ch\/apfelspare\/de\/wp-json\/wp\/v2\/product"}],"about":[{"href":"https:\/\/tipicino.ch\/apfelspare\/de\/wp-json\/wp\/v2\/types\/product"}],"replies":[{"embeddable":true,"href":"https:\/\/tipicino.ch\/apfelspare\/de\/wp-json\/wp\/v2\/comments?post=15407"}],"wp:featuredmedia":[{"embeddable":true,"href":"https:\/\/tipicino.ch\/apfelspare\/de\/wp-json\/wp\/v2\/media\/15408"}],"wp:attachment":[{"href":"https:\/\/tipicino.ch\/apfelspare\/de\/wp-json\/wp\/v2\/media?parent=15407"}],"wp:term":[{"taxonomy":"product_brand","embeddable":true,"href":"https:\/\/tipicino.ch\/apfelspare\/de\/wp-json\/wp\/v2\/product_brand?post=15407"},{"taxonomy":"product_cat","embeddable":true,"href":"https:\/\/tipicino.ch\/apfelspare\/de\/wp-json\/wp\/v2\/product_cat?post=15407"},{"taxonomy":"product_tag","embeddable":true,"href":"https:\/\/tipicino.ch\/apfelspare\/de\/wp-json\/wp\/v2\/product_tag?post=15407"}],"curies":[{"name":"wp","href":"https:\/\/api.w.org\/{rel}","templated":true}]}}