{"id":15432,"date":"2025-06-18T16:13:32","date_gmt":"2025-06-18T16:13:32","guid":{"rendered":"https:\/\/tipicino.ch\/apfelspare\/?post_type=product&#038;p=15432"},"modified":"2026-03-15T08:58:43","modified_gmt":"2026-03-15T08:58:43","slug":"mikrofon-macbook-pro-13-a1706-ende-2016-mitte-2017","status":"publish","type":"product","link":"https:\/\/tipicino.ch\/apfelspare\/de\/prodotto\/microfono-macbook-pro-13-a1706-late-2016-mid-2017\/","title":{"rendered":"Mikrofon f\u00fcr MacBook Pro 13\u2033 A1706 (Late 2016 - Mid 2017)"},"content":{"rendered":"<div class=\"aps-pdp\">\n<section class=\"aps-card\">\n<header class=\"aps-card__head\">\n<h2 class=\"aps-h\">Mikrofon f\u00fcr MacBook Pro 13\u2033 A1706 (2016-2017)<\/h2>\n<p class=\"aps-sub\">Interne Ersatzkomponente zur Wiederherstellung der Audioaufnahme- und Siri-Funktionen.<\/p>\n<\/header>\n<p>\n      Hat Ihr MacBook Pro Probleme bei der Aufnahme Ihrer Stimme oder h\u00f6ren die Zuh\u00f6rer entfernte, knisternde Ger\u00e4usche? Diese Audio-Fehlfunktion k\u00f6nnte durch ein defektes Mikrofonmodul verursacht werden. Oft k\u00f6nnen Feuchtigkeit oder kleine Staubansammlungen die Sensoren verstopfen und eine klare Kommunikation unm\u00f6glich machen. Wenn Sie das Teil durch dieses neue Ersatzteil ersetzen, kann das Problem behoben werden, sodass Sie wieder Sprachbefehle verwenden und an Videoanrufen mit klarer Tonqualit\u00e4t teilnehmen k\u00f6nnen.\n    <\/p>\n<div class=\"aps-note aps-note--warn\">\n      <span class=\"aps-note__ico\">!<\/span><br \/>\n      <span class=\"aps-note__txt\"><strong>KOMPATIBILIT\u00c4TSHINWEIS:<\/strong> Dieses Mikrofon ist speziell f\u00fcr das A1706 mit Touch Bar. Wenn Sie die Version ohne Touch Bar (A1708) besitzen, wird dieses Ersatzteil nicht kompatibel sein. Wir empfehlen Ihnen, vor dem Kauf die auf der Unterseite Ihres MacBook eingravierte Teilenummer zu \u00fcberpr\u00fcfen.<\/span>\n    <\/div>\n<\/section>\n<section class=\"aps-card\">\n<header class=\"aps-card__head\">\n<h2 class=\"aps-h\">Unterst\u00fctzte Modelle<\/h2>\n<p class=\"aps-sub\">Mit diesem Ersatzteil kompatible MacBook Pro 13\u2033-Versionen.<\/p>\n<\/header>\n<ul class=\"aps-check\">\n<li><strong>MacBook Pro 13\u2033 A1706 (Mid 2017)<\/strong> <span class=\"aps-badge\">MacBookPro14.2<\/span><\/li>\n<li><strong>MacBook Pro 13\u2033 A1706 (Late 2016)<\/strong> <span class=\"aps-badge\">MacBookPro13.2<\/span><\/li>\n<\/ul>\n<\/section>\n<section class=\"aps-card\">\n<header class=\"aps-card__head\">\n<h2 class=\"aps-h\">Technische Eigenschaften<\/h2>\n<p class=\"aps-sub\">Details zum Ersatzmodul.<\/p>\n<\/header>\n<div class=\"aps-specgrid\">\n<div class=\"aps-spec\">\n<div><span>Ersatzteiltyp<\/span><strong>Internes Mikrofon<\/strong><\/div>\n<\/div>\n<div class=\"aps-spec\">\n<div><span>Zustand<\/span><strong>Neu<\/strong><\/div>\n<\/div><\/div>\n<\/section>\n<section class=\"aps-card aps-callout aps-callout--warn\">\n<header class=\"aps-card__head\">\n<h2 class=\"aps-h\">Installation und Hinweise<\/h2>\n<p class=\"aps-sub\">Tipps f\u00fcr eine sichere Montage.<\/p>\n<\/header>\n<p>\n      Um das Mikrofon auszutauschen, muss die hintere Abdeckung Ihres MacBook entfernt werden. Da Sie an sehr kleinen elektronischen Bauteilen und empfindlichen Flachkabeln arbeiten, empfehlen wir Ihnen, mit \u00e4u\u00dferster Vorsicht vorzugehen. Denken Sie unbedingt daran, als ersten Schritt die Batterie abzuklemmen, um sicher arbeiten zu k\u00f6nnen. Wenn Sie mit dieser Art von Reparatur nicht vertraut sind, kann die Hilfe eines erfahrenen Technikers hilfreich sein, um versehentliche Sch\u00e4den an der Hauptplatine oder den Anschl\u00fcssen zu vermeiden.\n    <\/p>\n<\/section>\n<section class=\"aps-card aps-callout aps-callout--info\">\n<header class=\"aps-card__head\">\n<h2 class=\"aps-h\">Sind Sie unsicher, ob dieses Ersatzteil das richtige ist?<\/h2>\n<p class=\"aps-sub\">Kontaktieren Sie uns f\u00fcr Unterst\u00fctzung bei der Auswahl des passenden Ersatzteils f\u00fcr Ihr Ger\u00e4t.<\/p>\n<\/header>\n<div class=\"aps-cta\">\n      <a class=\"aps-btn\" href=\"mailto:info@apfelspare.ch\">info@apfelspare.ch<\/a><br \/>\n      <span class=\"aps-cta__hint\">Senden Sie uns die Seriennummer Ihres MacBook: Wir pr\u00fcfen die genaue Kompatibilit\u00e4t zeitnah f\u00fcr Sie.<\/span>\n    <\/div>\n<\/section>\n<\/div>","protected":false},"excerpt":{"rendered":"<p>Mikrofon f\u00fcr MacBook Pro 13\u2033 A1706 (Late 2016 - Mid 2017). Qualit\u00e4t Ersatz, bereit zu installieren<\/p>","protected":false},"featured_media":15433,"comment_status":"closed","ping_status":"closed","template":"","meta":{"_acf_changed":false,"_et_pb_use_builder":"","_et_pb_old_content":"","_et_gb_content_width":""},"product_brand":[],"product_cat":[183,187,17,79,78],"product_tag":[],"class_list":{"0":"post-15432","1":"product","2":"type-product","3":"status-publish","4":"has-post-thumbnail","6":"product_cat-altoparlanti","7":"product_cat-cavi-connettori","8":"product_cat-category-macbook-pro","9":"product_cat-macbook-pro-13-mid-2017-a1706","10":"product_cat-macbook-pro-13-late-2016-a1706","12":"first","13":"onbackorder","14":"shipping-taxable","15":"purchasable","16":"product-type-simple"},"acf":[],"yoast_head":"<!-- This site is optimized with the Yoast SEO plugin v27.4 - https:\/\/yoast.com\/product\/yoast-seo-wordpress\/ -->\n<title>Microfono per MacBook Pro 13&quot; A1706 (Late 2016 \u2013 Mid 2017)<\/title>\n<meta name=\"description\" content=\"Microfono per MacBook Pro 13&quot; A1706, ideale per problemi di registrazione o comandi vocali. Ricambio testato e pronto all\u2019installazione\" \/>\n<meta name=\"robots\" content=\"index, follow, max-snippet:-1, max-image-preview:large, max-video-preview:-1\" \/>\n<link rel=\"canonical\" href=\"https:\/\/tipicino.ch\/apfelspare\/de\/product\/mikrofon-macbook-pro-13-a1706-ende-2016-mitte-2017\/\" \/>\n<meta property=\"og:locale\" content=\"de_DE\" \/>\n<meta property=\"og:type\" content=\"article\" \/>\n<meta property=\"og:title\" content=\"Microfono per MacBook Pro 13&quot; A1706 (Late 2016 \u2013 Mid 2017)\" \/>\n<meta property=\"og:description\" content=\"Microfono per MacBook Pro 13&quot; A1706, ideale per problemi di registrazione o comandi vocali. Ricambio testato e pronto all\u2019installazione\" \/>\n<meta property=\"og:url\" content=\"https:\/\/tipicino.ch\/apfelspare\/de\/product\/mikrofon-macbook-pro-13-a1706-ende-2016-mitte-2017\/\" \/>\n<meta property=\"og:site_name\" content=\"Ricambi MacBook Pro, MacBook Air e iMac in Svizzera \u2013 Display, Tastiere, Batterie, Trackpad\" \/>\n<meta property=\"article:modified_time\" content=\"2026-03-15T08:58:43+00:00\" \/>\n<meta property=\"og:image\" content=\"https:\/\/tipicino.ch\/apfelspare\/wp-content\/uploads\/2025\/06\/microfono-macbook-pro-13-a1706.png\" \/>\n\t<meta property=\"og:image:width\" content=\"1000\" \/>\n\t<meta property=\"og:image:height\" content=\"1000\" \/>\n\t<meta property=\"og:image:type\" content=\"image\/png\" \/>\n<meta name=\"twitter:card\" content=\"summary_large_image\" \/>\n<meta name=\"twitter:label1\" content=\"Gesch\u00e4tzte Lesezeit\" \/>\n\t<meta name=\"twitter:data1\" content=\"2\u00a0Minuten\" \/>\n<!-- \/ Yoast SEO plugin. -->","yoast_head_json":{"title":"Mikrofon f\u00fcr MacBook Pro 13\" A1706 (Late 2016 - Mid 2017)","description":"Mikrofon f\u00fcr MacBook Pro 13\" A1706, ideal f\u00fcr die Aufnahme von Problemen oder Sprachbefehlen. Ersatzteil getestet und fertig zum Einbau","robots":{"index":"index","follow":"follow","max-snippet":"max-snippet:-1","max-image-preview":"max-image-preview:large","max-video-preview":"max-video-preview:-1"},"canonical":"https:\/\/tipicino.ch\/apfelspare\/de\/product\/mikrofon-macbook-pro-13-a1706-ende-2016-mitte-2017\/","og_locale":"de_DE","og_type":"article","og_title":"Microfono per MacBook Pro 13\" A1706 (Late 2016 \u2013 Mid 2017)","og_description":"Microfono per MacBook Pro 13\" A1706, ideale per problemi di registrazione o comandi vocali. Ricambio testato e pronto all\u2019installazione","og_url":"https:\/\/tipicino.ch\/apfelspare\/de\/product\/mikrofon-macbook-pro-13-a1706-ende-2016-mitte-2017\/","og_site_name":"Ricambi MacBook Pro, MacBook Air e iMac in Svizzera \u2013 Display, Tastiere, Batterie, Trackpad","article_modified_time":"2026-03-15T08:58:43+00:00","og_image":[{"width":1000,"height":1000,"url":"https:\/\/tipicino.ch\/apfelspare\/wp-content\/uploads\/2025\/06\/microfono-macbook-pro-13-a1706.png","type":"image\/png"}],"twitter_card":"summary_large_image","twitter_misc":{"Gesch\u00e4tzte Lesezeit":"2\u00a0Minuten"},"schema":{"@context":"https:\/\/schema.org","@graph":[{"@type":"WebPage","@id":"https:\/\/tipicino.ch\/apfelspare\/de\/prodotto\/microfono-macbook-pro-13-a1706-late-2016-mid-2017\/","url":"https:\/\/tipicino.ch\/apfelspare\/de\/prodotto\/microfono-macbook-pro-13-a1706-late-2016-mid-2017\/","name":"Mikrofon f\u00fcr MacBook Pro 13\" A1706 (Late 2016 - Mid 2017)","isPartOf":{"@id":"https:\/\/tipicino.ch\/apfelspare\/de\/#website"},"primaryImageOfPage":{"@id":"https:\/\/tipicino.ch\/apfelspare\/de\/prodotto\/microfono-macbook-pro-13-a1706-late-2016-mid-2017\/#primaryimage"},"image":{"@id":"https:\/\/tipicino.ch\/apfelspare\/de\/prodotto\/microfono-macbook-pro-13-a1706-late-2016-mid-2017\/#primaryimage"},"thumbnailUrl":"https:\/\/tipicino.ch\/apfelspare\/wp-content\/uploads\/2025\/06\/microfono-macbook-pro-13-a1706.png","datePublished":"2025-06-18T16:13:32+00:00","dateModified":"2026-03-15T08:58:43+00:00","description":"Mikrofon f\u00fcr MacBook Pro 13\" A1706, ideal f\u00fcr die Aufnahme von Problemen oder Sprachbefehlen. Ersatzteil getestet und fertig zum Einbau","breadcrumb":{"@id":"https:\/\/tipicino.ch\/apfelspare\/de\/prodotto\/microfono-macbook-pro-13-a1706-late-2016-mid-2017\/#breadcrumb"},"inLanguage":"de-CH","potentialAction":[{"@type":"ReadAction","target":["https:\/\/tipicino.ch\/apfelspare\/de\/prodotto\/microfono-macbook-pro-13-a1706-late-2016-mid-2017\/"]}]},{"@type":"ImageObject","inLanguage":"de-CH","@id":"https:\/\/tipicino.ch\/apfelspare\/de\/prodotto\/microfono-macbook-pro-13-a1706-late-2016-mid-2017\/#primaryimage","url":"https:\/\/tipicino.ch\/apfelspare\/wp-content\/uploads\/2025\/06\/microfono-macbook-pro-13-a1706.png","contentUrl":"https:\/\/tipicino.ch\/apfelspare\/wp-content\/uploads\/2025\/06\/microfono-macbook-pro-13-a1706.png","width":1000,"height":1000,"caption":"Microfono per MacBook Pro 13\" A1706 (Late 2016 \u2013 Mid 2017)"},{"@type":"BreadcrumbList","@id":"https:\/\/tipicino.ch\/apfelspare\/de\/prodotto\/microfono-macbook-pro-13-a1706-late-2016-mid-2017\/#breadcrumb","itemListElement":[{"@type":"ListItem","position":1,"name":"Home","item":"https:\/\/tipicino.ch\/apfelspare\/de\/"},{"@type":"ListItem","position":2,"name":"Shop","item":"https:\/\/tipicino.ch\/apfelspare\/de\/shop\/"},{"@type":"ListItem","position":3,"name":"Microfono per MacBook Pro 13&#8243; A1706 (Late 2016 \u2013 Mid 2017)"}]},{"@type":"WebSite","@id":"https:\/\/tipicino.ch\/apfelspare\/de\/#website","url":"https:\/\/tipicino.ch\/apfelspare\/de\/","name":"Ersatzteile f\u00fcr MacBook Pro, MacBook Air und iMac in der Schweiz \u2013 Display, Tastaturen, Batterien, Trackpads","description":"","publisher":{"@id":"https:\/\/tipicino.ch\/apfelspare\/de\/#organization"},"potentialAction":[{"@type":"SearchAction","target":{"@type":"EntryPoint","urlTemplate":"https:\/\/tipicino.ch\/apfelspare\/de\/?s={search_term_string}"},"query-input":{"@type":"PropertyValueSpecification","valueRequired":true,"valueName":"search_term_string"}}],"inLanguage":"de-CH"},{"@type":"Organization","@id":"https:\/\/tipicino.ch\/apfelspare\/de\/#organization","name":"tipicino.ch\/apfelspare","url":"https:\/\/tipicino.ch\/apfelspare\/de\/","logo":{"@type":"ImageObject","inLanguage":"de-CH","@id":"https:\/\/tipicino.ch\/apfelspare\/de\/#\/schema\/logo\/image\/","url":"https:\/\/tipicino.ch\/apfelspare\/wp-content\/uploads\/2025\/08\/cropped-FAVICON-tipicino.ch\/apfelspare_.png","contentUrl":"https:\/\/tipicino.ch\/apfelspare\/wp-content\/uploads\/2025\/08\/cropped-FAVICON-tipicino.ch\/apfelspare_.png","width":512,"height":512,"caption":"tipicino.ch\/apfelspare"},"image":{"@id":"https:\/\/tipicino.ch\/apfelspare\/de\/#\/schema\/logo\/image\/"}}]}},"_links":{"self":[{"href":"https:\/\/tipicino.ch\/apfelspare\/de\/wp-json\/wp\/v2\/product\/15432","targetHints":{"allow":["GET"]}}],"collection":[{"href":"https:\/\/tipicino.ch\/apfelspare\/de\/wp-json\/wp\/v2\/product"}],"about":[{"href":"https:\/\/tipicino.ch\/apfelspare\/de\/wp-json\/wp\/v2\/types\/product"}],"replies":[{"embeddable":true,"href":"https:\/\/tipicino.ch\/apfelspare\/de\/wp-json\/wp\/v2\/comments?post=15432"}],"wp:featuredmedia":[{"embeddable":true,"href":"https:\/\/tipicino.ch\/apfelspare\/de\/wp-json\/wp\/v2\/media\/15433"}],"wp:attachment":[{"href":"https:\/\/tipicino.ch\/apfelspare\/de\/wp-json\/wp\/v2\/media?parent=15432"}],"wp:term":[{"taxonomy":"product_brand","embeddable":true,"href":"https:\/\/tipicino.ch\/apfelspare\/de\/wp-json\/wp\/v2\/product_brand?post=15432"},{"taxonomy":"product_cat","embeddable":true,"href":"https:\/\/tipicino.ch\/apfelspare\/de\/wp-json\/wp\/v2\/product_cat?post=15432"},{"taxonomy":"product_tag","embeddable":true,"href":"https:\/\/tipicino.ch\/apfelspare\/de\/wp-json\/wp\/v2\/product_tag?post=15432"}],"curies":[{"name":"wp","href":"https:\/\/api.w.org\/{rel}","templated":true}]}}