{"id":15454,"date":"2025-06-18T21:07:15","date_gmt":"2025-06-18T21:07:15","guid":{"rendered":"https:\/\/tipicino.ch\/apfelspare\/?post_type=product&#038;p=15454"},"modified":"2026-03-15T06:14:35","modified_gmt":"2026-03-15T06:14:35","slug":"mikrofon-macbook-pro-13-a2159-mitte-2019","status":"publish","type":"product","link":"https:\/\/tipicino.ch\/apfelspare\/de\/prodotto\/microfono-macbook-pro-13-a2159-mid-2019\/","title":{"rendered":"Mikrofon f\u00fcr MacBook Pro 13\u2033 A2159 (Mid 2019)"},"content":{"rendered":"<div class=\"aps-pdp\">\n<section class=\"aps-card\">\n<header class=\"aps-card__head\">\n<h2 class=\"aps-h\">Mikrofon f\u00fcr MacBook Pro 13\u2033 A2159 (Mid 2019)<\/h2>\n<p class=\"aps-sub\">Ersatzkomponente zur Wiederherstellung der Audioaufnahme- und Sprachfunktionen.<\/p>\n<\/header>\n<p>\n      K\u00f6nnen Ihre Gespr\u00e4chspartner Sie bei Videogespr\u00e4chen nur schwer verstehen oder ist Ihre Stimme ged\u00e4mpft zu h\u00f6ren? Dieses Tonproblem k\u00f6nnte durch ein defektes internes Mikrofon verursacht werden. Bei t\u00e4glichem Gebrauch kann sich in den kleinen Spalten des Geh\u00e4uses Staub oder Feuchtigkeit angesammelt haben, wodurch die Empfindlichkeit des Originalteils beeintr\u00e4chtigt wurde. Wenn Sie das Teil durch dieses neue Ersatzteil ersetzen, kann die Fehlfunktion dauerhaft behoben werden, sodass Sie Siri wieder verwenden und Audio in klarer Qualit\u00e4t aufnehmen k\u00f6nnen.\n    <\/p>\n<div class=\"aps-note aps-note--warn\">\n      <span class=\"aps-note__ico\">!<\/span><br \/>\n      <span class=\"aps-note__txt\"><strong>KOMPATIBILIT\u00c4TSHINWEIS:<\/strong> Dieses Mikrofon ist spezifisch f\u00fcr das Modell A2159 (zwei Thunderbolt-Anschl\u00fcsse). Wir empfehlen Ihnen, vor dem Kauf die auf der Unterseite Ihres MacBook eingravierte Teilenummer zu \u00fcberpr\u00fcfen, um sicherzustellen, dass es sich um den richtigen Ersatz handelt.<\/span>\n    <\/div>\n<\/section>\n<section class=\"aps-card\">\n<header class=\"aps-card__head\">\n<h2 class=\"aps-h\">Unterst\u00fctzte Modelle<\/h2>\n<p class=\"aps-sub\">Mit diesem Ersatzteil kompatible MacBook Pro 13\u2033-Version.<\/p>\n<\/header>\n<ul class=\"aps-check\">\n<li><strong>MacBook Pro 13\u2033 A2159 (Mid 2019)<\/strong> <span class=\"aps-badge\">MacBookPro15.4<\/span><\/li>\n<\/ul>\n<\/section>\n<section class=\"aps-card\">\n<header class=\"aps-card__head\">\n<h2 class=\"aps-h\">Technische Eigenschaften<\/h2>\n<p class=\"aps-sub\">Spezifikationen des Ersatzmoduls.<\/p>\n<\/header>\n<div class=\"aps-specgrid\">\n<div class=\"aps-spec\">\n<div><span>Ersatzteiltyp<\/span><strong>Internes Mikrofon<\/strong><\/div>\n<\/div>\n<div class=\"aps-spec\">\n<div><span>Zustand<\/span><strong>Neu<\/strong><\/div>\n<\/div><\/div>\n<\/section>\n<section class=\"aps-card aps-callout aps-callout--warn\">\n<header class=\"aps-card__head\">\n<h2 class=\"aps-h\">Installation und Hinweise<\/h2>\n<p class=\"aps-sub\">Tipps f\u00fcr eine sichere Montage.<\/p>\n<\/header>\n<p>\n      Um das Mikrofon auszutauschen, muss die hintere Abdeckung Ihres MacBook entfernt werden. Da Sie an sehr kleinen elektronischen Bauteilen und empfindlichen Flachkabeln arbeiten, empfehlen wir Ihnen, mit \u00e4u\u00dferster Vorsicht vorzugehen. Denken Sie immer daran, als ersten Schritt die Batterie abzuklemmen, um sicher zu arbeiten. Wenn Sie mit dieser Art von Reparatur nicht vertraut sind, kann die Hilfe eines erfahrenen Technikers hilfreich sein, um versehentliche Sch\u00e4den an der Hauptplatine zu vermeiden.\n    <\/p>\n<\/section>\n<section class=\"aps-card aps-callout aps-callout--info\">\n<header class=\"aps-card__head\">\n<h2 class=\"aps-h\">Sind Sie unsicher, ob dieses Ersatzteil das richtige ist?<\/h2>\n<p class=\"aps-sub\">Kontaktieren Sie uns f\u00fcr Unterst\u00fctzung bei der Auswahl des passenden Ersatzteils f\u00fcr Ihr Ger\u00e4t.<\/p>\n<\/header>\n<div class=\"aps-cta\">\n      <a class=\"aps-btn\" href=\"mailto:info@apfelspare.ch\">info@apfelspare.ch<\/a><br \/>\n      <span class=\"aps-cta__hint\">Senden Sie uns die Seriennummer Ihres MacBook: Wir pr\u00fcfen die genaue Kompatibilit\u00e4t zeitnah f\u00fcr Sie.<\/span>\n    <\/div>\n<\/section>\n<\/div>","protected":false},"excerpt":{"rendered":"<p>Mikrofon f\u00fcr MacBook Pro 13\u2033 A2159 (Mid 2019). Qualit\u00e4t Ersatz, bereit zu installieren<\/p>","protected":false},"featured_media":15455,"comment_status":"closed","ping_status":"closed","template":"","meta":{"_acf_changed":false,"_et_pb_use_builder":"","_et_pb_old_content":"","_et_gb_content_width":""},"product_brand":[],"product_cat":[183,187,17,72],"product_tag":[],"class_list":{"0":"post-15454","1":"product","2":"type-product","3":"status-publish","4":"has-post-thumbnail","6":"product_cat-altoparlanti","7":"product_cat-cavi-connettori","8":"product_cat-category-macbook-pro","9":"product_cat-macbook-pro-13-mid-2019-a2159","11":"first","12":"onbackorder","13":"shipping-taxable","14":"purchasable","15":"product-type-simple"},"acf":[],"yoast_head":"<!-- This site is optimized with the Yoast SEO plugin v27.4 - https:\/\/yoast.com\/product\/yoast-seo-wordpress\/ -->\n<title>Microfono per MacBook Pro 13&quot; A2159 (Mid 2019)<\/title>\n<meta name=\"description\" content=\"Microfono per MacBook Pro 13&quot; A2159, ideale per problemi di registrazione o comandi vocali. Ricambio testato e pronto all\u2019installazione\" \/>\n<meta name=\"robots\" content=\"index, follow, max-snippet:-1, max-image-preview:large, max-video-preview:-1\" \/>\n<link rel=\"canonical\" href=\"https:\/\/tipicino.ch\/apfelspare\/de\/product\/mikrofon-macbook-pro-13-a2159-mitte-2019\/\" \/>\n<meta property=\"og:locale\" content=\"de_DE\" \/>\n<meta property=\"og:type\" content=\"article\" \/>\n<meta property=\"og:title\" content=\"Microfono per MacBook Pro 13&quot; A2159 (Mid 2019)\" \/>\n<meta property=\"og:description\" content=\"Microfono per MacBook Pro 13&quot; A2159, ideale per problemi di registrazione o comandi vocali. Ricambio testato e pronto all\u2019installazione\" \/>\n<meta property=\"og:url\" content=\"https:\/\/tipicino.ch\/apfelspare\/de\/product\/mikrofon-macbook-pro-13-a2159-mitte-2019\/\" \/>\n<meta property=\"og:site_name\" content=\"Ricambi MacBook Pro, MacBook Air e iMac in Svizzera \u2013 Display, Tastiere, Batterie, Trackpad\" \/>\n<meta property=\"article:modified_time\" content=\"2026-03-15T06:14:35+00:00\" \/>\n<meta property=\"og:image\" content=\"https:\/\/tipicino.ch\/apfelspare\/wp-content\/uploads\/2025\/06\/microfono-macbook-pro-13-a2159.png\" \/>\n\t<meta property=\"og:image:width\" content=\"1000\" \/>\n\t<meta property=\"og:image:height\" content=\"1000\" \/>\n\t<meta property=\"og:image:type\" content=\"image\/png\" \/>\n<meta name=\"twitter:card\" content=\"summary_large_image\" \/>\n<meta name=\"twitter:label1\" content=\"Gesch\u00e4tzte Lesezeit\" \/>\n\t<meta name=\"twitter:data1\" content=\"2\u00a0Minuten\" \/>\n<!-- \/ Yoast SEO plugin. -->","yoast_head_json":{"title":"Mikrofon f\u00fcr MacBook Pro 13\" A2159 (Mid 2019)","description":"Mikrofon f\u00fcr MacBook Pro 13\" A2159, ideal f\u00fcr die Aufnahme von Problemen oder Sprachbefehlen. Ersatzteil getestet und bereit zu installieren","robots":{"index":"index","follow":"follow","max-snippet":"max-snippet:-1","max-image-preview":"max-image-preview:large","max-video-preview":"max-video-preview:-1"},"canonical":"https:\/\/tipicino.ch\/apfelspare\/de\/product\/mikrofon-macbook-pro-13-a2159-mitte-2019\/","og_locale":"de_DE","og_type":"article","og_title":"Microfono per MacBook Pro 13\" A2159 (Mid 2019)","og_description":"Microfono per MacBook Pro 13\" A2159, ideale per problemi di registrazione o comandi vocali. Ricambio testato e pronto all\u2019installazione","og_url":"https:\/\/tipicino.ch\/apfelspare\/de\/product\/mikrofon-macbook-pro-13-a2159-mitte-2019\/","og_site_name":"Ricambi MacBook Pro, MacBook Air e iMac in Svizzera \u2013 Display, Tastiere, Batterie, Trackpad","article_modified_time":"2026-03-15T06:14:35+00:00","og_image":[{"width":1000,"height":1000,"url":"https:\/\/tipicino.ch\/apfelspare\/wp-content\/uploads\/2025\/06\/microfono-macbook-pro-13-a2159.png","type":"image\/png"}],"twitter_card":"summary_large_image","twitter_misc":{"Gesch\u00e4tzte Lesezeit":"2\u00a0Minuten"},"schema":{"@context":"https:\/\/schema.org","@graph":[{"@type":"WebPage","@id":"https:\/\/tipicino.ch\/apfelspare\/de\/prodotto\/microfono-macbook-pro-13-a2159-mid-2019\/","url":"https:\/\/tipicino.ch\/apfelspare\/de\/prodotto\/microfono-macbook-pro-13-a2159-mid-2019\/","name":"Mikrofon f\u00fcr MacBook Pro 13\" A2159 (Mid 2019)","isPartOf":{"@id":"https:\/\/tipicino.ch\/apfelspare\/de\/#website"},"primaryImageOfPage":{"@id":"https:\/\/tipicino.ch\/apfelspare\/de\/prodotto\/microfono-macbook-pro-13-a2159-mid-2019\/#primaryimage"},"image":{"@id":"https:\/\/tipicino.ch\/apfelspare\/de\/prodotto\/microfono-macbook-pro-13-a2159-mid-2019\/#primaryimage"},"thumbnailUrl":"https:\/\/tipicino.ch\/apfelspare\/wp-content\/uploads\/2025\/06\/microfono-macbook-pro-13-a2159.png","datePublished":"2025-06-18T21:07:15+00:00","dateModified":"2026-03-15T06:14:35+00:00","description":"Mikrofon f\u00fcr MacBook Pro 13\" A2159, ideal f\u00fcr die Aufnahme von Problemen oder Sprachbefehlen. Ersatzteil getestet und bereit zu installieren","breadcrumb":{"@id":"https:\/\/tipicino.ch\/apfelspare\/de\/prodotto\/microfono-macbook-pro-13-a2159-mid-2019\/#breadcrumb"},"inLanguage":"de-CH","potentialAction":[{"@type":"ReadAction","target":["https:\/\/tipicino.ch\/apfelspare\/de\/prodotto\/microfono-macbook-pro-13-a2159-mid-2019\/"]}]},{"@type":"ImageObject","inLanguage":"de-CH","@id":"https:\/\/tipicino.ch\/apfelspare\/de\/prodotto\/microfono-macbook-pro-13-a2159-mid-2019\/#primaryimage","url":"https:\/\/tipicino.ch\/apfelspare\/wp-content\/uploads\/2025\/06\/microfono-macbook-pro-13-a2159.png","contentUrl":"https:\/\/tipicino.ch\/apfelspare\/wp-content\/uploads\/2025\/06\/microfono-macbook-pro-13-a2159.png","width":1000,"height":1000,"caption":"Microfono per MacBook Pro 13\" A2159 (Mid 2019)"},{"@type":"BreadcrumbList","@id":"https:\/\/tipicino.ch\/apfelspare\/de\/prodotto\/microfono-macbook-pro-13-a2159-mid-2019\/#breadcrumb","itemListElement":[{"@type":"ListItem","position":1,"name":"Home","item":"https:\/\/tipicino.ch\/apfelspare\/de\/"},{"@type":"ListItem","position":2,"name":"Shop","item":"https:\/\/tipicino.ch\/apfelspare\/de\/shop\/"},{"@type":"ListItem","position":3,"name":"Microfono per MacBook Pro 13&#8243; A2159 (Mid 2019)"}]},{"@type":"WebSite","@id":"https:\/\/tipicino.ch\/apfelspare\/de\/#website","url":"https:\/\/tipicino.ch\/apfelspare\/de\/","name":"Ersatzteile f\u00fcr MacBook Pro, MacBook Air und iMac in der Schweiz \u2013 Display, Tastaturen, Batterien, Trackpads","description":"","publisher":{"@id":"https:\/\/tipicino.ch\/apfelspare\/de\/#organization"},"potentialAction":[{"@type":"SearchAction","target":{"@type":"EntryPoint","urlTemplate":"https:\/\/tipicino.ch\/apfelspare\/de\/?s={search_term_string}"},"query-input":{"@type":"PropertyValueSpecification","valueRequired":true,"valueName":"search_term_string"}}],"inLanguage":"de-CH"},{"@type":"Organization","@id":"https:\/\/tipicino.ch\/apfelspare\/de\/#organization","name":"tipicino.ch\/apfelspare","url":"https:\/\/tipicino.ch\/apfelspare\/de\/","logo":{"@type":"ImageObject","inLanguage":"de-CH","@id":"https:\/\/tipicino.ch\/apfelspare\/de\/#\/schema\/logo\/image\/","url":"https:\/\/tipicino.ch\/apfelspare\/wp-content\/uploads\/2025\/08\/cropped-FAVICON-tipicino.ch\/apfelspare_.png","contentUrl":"https:\/\/tipicino.ch\/apfelspare\/wp-content\/uploads\/2025\/08\/cropped-FAVICON-tipicino.ch\/apfelspare_.png","width":512,"height":512,"caption":"tipicino.ch\/apfelspare"},"image":{"@id":"https:\/\/tipicino.ch\/apfelspare\/de\/#\/schema\/logo\/image\/"}}]}},"_links":{"self":[{"href":"https:\/\/tipicino.ch\/apfelspare\/de\/wp-json\/wp\/v2\/product\/15454","targetHints":{"allow":["GET"]}}],"collection":[{"href":"https:\/\/tipicino.ch\/apfelspare\/de\/wp-json\/wp\/v2\/product"}],"about":[{"href":"https:\/\/tipicino.ch\/apfelspare\/de\/wp-json\/wp\/v2\/types\/product"}],"replies":[{"embeddable":true,"href":"https:\/\/tipicino.ch\/apfelspare\/de\/wp-json\/wp\/v2\/comments?post=15454"}],"wp:featuredmedia":[{"embeddable":true,"href":"https:\/\/tipicino.ch\/apfelspare\/de\/wp-json\/wp\/v2\/media\/15455"}],"wp:attachment":[{"href":"https:\/\/tipicino.ch\/apfelspare\/de\/wp-json\/wp\/v2\/media?parent=15454"}],"wp:term":[{"taxonomy":"product_brand","embeddable":true,"href":"https:\/\/tipicino.ch\/apfelspare\/de\/wp-json\/wp\/v2\/product_brand?post=15454"},{"taxonomy":"product_cat","embeddable":true,"href":"https:\/\/tipicino.ch\/apfelspare\/de\/wp-json\/wp\/v2\/product_cat?post=15454"},{"taxonomy":"product_tag","embeddable":true,"href":"https:\/\/tipicino.ch\/apfelspare\/de\/wp-json\/wp\/v2\/product_tag?post=15454"}],"curies":[{"name":"wp","href":"https:\/\/api.w.org\/{rel}","templated":true}]}}