{"id":15458,"date":"2025-06-18T22:10:18","date_gmt":"2025-06-18T22:10:18","guid":{"rendered":"https:\/\/tipicino.ch\/apfelspare\/?post_type=product&#038;p=15458"},"modified":"2026-02-18T12:28:58","modified_gmt":"2026-02-18T12:28:58","slug":"mikrofon-imac-21-5-27-a1418-a1419-ende-2012-mitte-2015","status":"publish","type":"product","link":"https:\/\/tipicino.ch\/apfelspare\/de\/prodotto\/microfono-imac-21-5-27-a1418-a1419-late-2012-mid-2015\/","title":{"rendered":"Mikrofon f\u00fcr iMac 21.5\u2033 27\u2033 A1418 A1419 (Late 2012 - Mid 2015)"},"content":{"rendered":"<div class=\"aps-pdp\">\n<section class=\"aps-card\">\n<header class=\"aps-card__head\">\n<h2 class=\"aps-h\">Mikrofon f\u00fcr iMac 21.5\u2033 27\u2033 A1418 A1419 (2012-2015)<\/h2>\n<p class=\"aps-sub\">Interne Komponente zur Wiederherstellung von Audioaufnahmen und Sprachbefehlen.<\/p>\n<\/header>\n<p>\n      H\u00f6rt Ihr iMac Ihre Stimme nicht mehr? Wenn Ihre Anrufer bei Zoom- oder Skype-Anrufen kein Signal erhalten oder Siri nicht mehr antwortet, k\u00f6nnte das Problem durch ein defektes internes Mikrofon verursacht werden. Da es sich um ein empfindliches Bauteil handelt, k\u00f6nnten Feuchtigkeit oder Staubansammlungen im Laufe der Jahre seine Funktionsf\u00e4higkeit beeintr\u00e4chtigt haben. Dieses Ersatzmikrofon ist zwar \u00fcberholt, wurde aber getestet, um eine saubere Audioaufnahme zu gew\u00e4hrleisten, sodass Sie wieder kommunizieren k\u00f6nnen, ohne auf externe Mikrofone zur\u00fcckgreifen zu m\u00fcssen.\n    <\/p>\n<div class=\"aps-note aps-note--warn\">\n      <span class=\"aps-note__ico\">!<\/span><br \/>\n      <span class=\"aps-note__txt\"><strong>KOMPATIBILIT\u00c4TSHINWEIS:<\/strong> Dieses Mikrofon ist f\u00fcr verschiedene Generationen von iMacs (A1418 und A1419) geeignet. Wir empfehlen Ihnen, Ihre Modell-ID (z. B. iMac14.2) im Men\u00fc \u201c\u00dcber diesen Mac\u201d zu \u00fcberpr\u00fcfen, bevor Sie mit dem Kauf fortfahren.<\/span>\n    <\/div>\n<\/section>\n<section class=\"aps-card\">\n<header class=\"aps-card__head\">\n<h2 class=\"aps-h\">Unterst\u00fctzte Modelle<\/h2>\n<p class=\"aps-sub\">iMac-Versionen, die mit diesem Ersatzteil kompatibel sind.<\/p>\n<\/header>\n<ul class=\"aps-check\">\n<li><strong>iMac 27\u2033 A1419 (Mid 2015 5K)<\/strong> <span class=\"aps-badge\">iMac15.1<\/span><\/li>\n<li><strong>iMac 27\u2033 A1419 (Late 2014 5K)<\/strong> <span class=\"aps-badge\">iMac15.1<\/span><\/li>\n<li><strong>iMac 27\u2033 A1419 (Late 2013)<\/strong> <span class=\"aps-badge\">iMac14.2<\/span><\/li>\n<li><strong>iMac 27\u2033 A1419 (Late 2012)<\/strong> <span class=\"aps-badge\">iMac13.2<\/span><\/li>\n<li><strong>iMac 21,5\u2033 A1418 (Mid 2014)<\/strong> <span class=\"aps-badge\">iMac14.4<\/span><\/li>\n<li><strong>iMac 21,5\u2033 A1418 (Late 2013)<\/strong> <span class=\"aps-badge\">iMac14.3<\/span><\/li>\n<li><strong>iMac 21,5\u2033 A1418 (Late 2013)<\/strong> <span class=\"aps-badge\">iMac14.1<\/span><\/li>\n<li><strong>iMac 21,5\u2033 A1418 (Early 2013)<\/strong> <span class=\"aps-badge\">iMac13.1<\/span><\/li>\n<li><strong>iMac 21,5\u2033 A1418 (Late 2012)<\/strong> <span class=\"aps-badge\">iMac13.1<\/span><\/li>\n<\/ul>\n<\/section>\n<section class=\"aps-card\">\n<header class=\"aps-card__head\">\n<h2 class=\"aps-h\">Technische Eigenschaften<\/h2>\n<p class=\"aps-sub\">Spezifikationen des Ersatzmoduls.<\/p>\n<\/header>\n<div class=\"aps-specgrid\">\n<div class=\"aps-spec\">\n<div><span>Ersatzteiltyp<\/span><strong>Internes Mikrofon<\/strong><\/div>\n<\/div>\n<div class=\"aps-spec\">\n<div><span>Zustand<\/span><strong>Refurbished<\/strong><\/div>\n<\/div><\/div>\n<\/section>\n<section class=\"aps-card aps-callout aps-callout--warn\">\n<header class=\"aps-card__head\">\n<h2 class=\"aps-h\">Installation und Hinweise<\/h2>\n<p class=\"aps-sub\">Tipps f\u00fcr eine sichere Reparatur.<\/p>\n<\/header>\n<p>\n      Um an das Mikrofon zu gelangen, muss das Bildschirmglas entfernt werden, das bei diesen Modellen mit dem Geh\u00e4use verklebt ist. Dieser Vorgang erfordert Geduld und Spezialwerkzeug, um den urspr\u00fcnglichen Klebstoff zu durchtrennen, ohne das LCD-Display zu besch\u00e4digen. Wenn Sie mit dieser Art von Reparatur nicht vertraut sind, kann die Hilfe eines erfahrenen Technikers hilfreich sein, um sehr kostspielige Sch\u00e4den am Display zu vermeiden. Denken Sie daran, Ihr neues Aufkleber-Kit mitzubringen, um Ihren iMac nach der Reparatur wieder ordnungsgem\u00e4\u00df zu versiegeln.\n    <\/p>\n<\/section>\n<section class=\"aps-card aps-callout aps-callout--info\">\n<header class=\"aps-card__head\">\n<h2 class=\"aps-h\">Sind Sie unsicher, ob dieses Ersatzteil das richtige ist?<\/h2>\n<p class=\"aps-sub\">Kontaktieren Sie uns f\u00fcr Unterst\u00fctzung bei der Auswahl des passenden Ersatzteils f\u00fcr Ihr Ger\u00e4t.<\/p>\n<\/header>\n<div class=\"aps-cta\">\n      <a class=\"aps-btn\" href=\"mailto:info@apfelspare.ch\">info@apfelspare.ch<\/a><br \/>\n      <span class=\"aps-cta__hint\">Senden Sie uns die Seriennummer Ihres iMac: Wir werden die Kompatibilit\u00e4t schnell f\u00fcr Sie pr\u00fcfen.<\/span>\n    <\/div>\n<\/section>\n<\/div>","protected":false},"excerpt":{"rendered":"<p>Mikrofon f\u00fcr iMac 21.5\u2033 27\u2033 A1418 A1419 (Late 2012 - Mid 2015). Qualit\u00e4t Ersatz, bereit zu installieren<\/p>","protected":false},"featured_media":15459,"comment_status":"closed","ping_status":"closed","template":"","meta":{"_acf_changed":false,"_et_pb_use_builder":"","_et_pb_old_content":"","_et_gb_content_width":""},"product_brand":[],"product_cat":[183,187,147,146,22,153,19,145,152,151,144,150],"product_tag":[],"class_list":{"0":"post-15458","1":"product","2":"type-product","3":"status-publish","4":"has-post-thumbnail","6":"product_cat-altoparlanti","7":"product_cat-cavi-connettori","8":"product_cat-imac-27-mid-2015-5k-a1419","9":"product_cat-imac-27-late-2014-5k-a1419","10":"product_cat-category-imac","11":"product_cat-imac-21-5-mid-2014-a1418","12":"product_cat-parti-ricambio-seconda-mano","13":"product_cat-imac-27-late-2013-a1419","14":"product_cat-imac-21-5-late-2013-a1418","15":"product_cat-imac-21-5-early-2013-a1418","16":"product_cat-imac-27-late-2012-a1419","17":"product_cat-imac-21-5-late-2012-a1418","19":"first","20":"instock","21":"shipping-taxable","22":"purchasable","23":"product-type-simple"},"acf":[],"yoast_head":"<!-- This site is optimized with the Yoast SEO plugin v27.4 - https:\/\/yoast.com\/product\/yoast-seo-wordpress\/ -->\n<title>Microfono per iMac 21.5&quot; 27&quot; A1418 A1419 (Late 2012 \u2013 Mid 2015)<\/title>\n<meta name=\"description\" content=\"Microfono per iMac 21.5&quot; 27&quot; A1418 A1419, ideale per problemi di registrazione o comandi vocali. Ricambio testato e pronto all\u2019installazione\" \/>\n<meta name=\"robots\" content=\"index, follow, max-snippet:-1, max-image-preview:large, max-video-preview:-1\" \/>\n<link rel=\"canonical\" href=\"https:\/\/tipicino.ch\/apfelspare\/de\/product\/mikrofon-imac-21-5-27-a1418-a1419-ende-2012-mitte-2015\/\" \/>\n<meta property=\"og:locale\" content=\"de_DE\" \/>\n<meta property=\"og:type\" content=\"article\" \/>\n<meta property=\"og:title\" content=\"Microfono per iMac 21.5&quot; 27&quot; A1418 A1419 (Late 2012 \u2013 Mid 2015)\" \/>\n<meta property=\"og:description\" content=\"Microfono per iMac 21.5&quot; 27&quot; A1418 A1419, ideale per problemi di registrazione o comandi vocali. Ricambio testato e pronto all\u2019installazione\" \/>\n<meta property=\"og:url\" content=\"https:\/\/tipicino.ch\/apfelspare\/de\/product\/mikrofon-imac-21-5-27-a1418-a1419-ende-2012-mitte-2015\/\" \/>\n<meta property=\"og:site_name\" content=\"Ricambi MacBook Pro, MacBook Air e iMac in Svizzera \u2013 Display, Tastiere, Batterie, Trackpad\" \/>\n<meta property=\"article:modified_time\" content=\"2026-02-18T12:28:58+00:00\" \/>\n<meta property=\"og:image\" content=\"https:\/\/tipicino.ch\/apfelspare\/wp-content\/uploads\/2025\/06\/microfono-imac-21-5-27-a1418-a1419.png\" \/>\n\t<meta property=\"og:image:width\" content=\"1000\" \/>\n\t<meta property=\"og:image:height\" content=\"1000\" \/>\n\t<meta property=\"og:image:type\" content=\"image\/png\" \/>\n<meta name=\"twitter:card\" content=\"summary_large_image\" \/>\n<meta name=\"twitter:label1\" content=\"Gesch\u00e4tzte Lesezeit\" \/>\n\t<meta name=\"twitter:data1\" content=\"2\u00a0Minuten\" \/>\n<!-- \/ Yoast SEO plugin. -->","yoast_head_json":{"title":"Mikrofon f\u00fcr iMac 21,5\" 27\" A1418 A1419 (Late 2012 - Mid 2015)","description":"Mikrofon f\u00fcr iMac 21,5\" 27\" A1418 A1419, ideal f\u00fcr die Aufnahme von Problemen oder Sprachbefehlen. Ersatzteil getestet und fertig zum Einbau","robots":{"index":"index","follow":"follow","max-snippet":"max-snippet:-1","max-image-preview":"max-image-preview:large","max-video-preview":"max-video-preview:-1"},"canonical":"https:\/\/tipicino.ch\/apfelspare\/de\/product\/mikrofon-imac-21-5-27-a1418-a1419-ende-2012-mitte-2015\/","og_locale":"de_DE","og_type":"article","og_title":"Microfono per iMac 21.5\" 27\" A1418 A1419 (Late 2012 \u2013 Mid 2015)","og_description":"Microfono per iMac 21.5\" 27\" A1418 A1419, ideale per problemi di registrazione o comandi vocali. Ricambio testato e pronto all\u2019installazione","og_url":"https:\/\/tipicino.ch\/apfelspare\/de\/product\/mikrofon-imac-21-5-27-a1418-a1419-ende-2012-mitte-2015\/","og_site_name":"Ricambi MacBook Pro, MacBook Air e iMac in Svizzera \u2013 Display, Tastiere, Batterie, Trackpad","article_modified_time":"2026-02-18T12:28:58+00:00","og_image":[{"width":1000,"height":1000,"url":"https:\/\/tipicino.ch\/apfelspare\/wp-content\/uploads\/2025\/06\/microfono-imac-21-5-27-a1418-a1419.png","type":"image\/png"}],"twitter_card":"summary_large_image","twitter_misc":{"Gesch\u00e4tzte Lesezeit":"2\u00a0Minuten"},"schema":{"@context":"https:\/\/schema.org","@graph":[{"@type":"WebPage","@id":"https:\/\/tipicino.ch\/apfelspare\/de\/prodotto\/microfono-imac-21-5-27-a1418-a1419-late-2012-mid-2015\/","url":"https:\/\/tipicino.ch\/apfelspare\/de\/prodotto\/microfono-imac-21-5-27-a1418-a1419-late-2012-mid-2015\/","name":"Mikrofon f\u00fcr iMac 21,5\" 27\" A1418 A1419 (Late 2012 - Mid 2015)","isPartOf":{"@id":"https:\/\/tipicino.ch\/apfelspare\/de\/#website"},"primaryImageOfPage":{"@id":"https:\/\/tipicino.ch\/apfelspare\/de\/prodotto\/microfono-imac-21-5-27-a1418-a1419-late-2012-mid-2015\/#primaryimage"},"image":{"@id":"https:\/\/tipicino.ch\/apfelspare\/de\/prodotto\/microfono-imac-21-5-27-a1418-a1419-late-2012-mid-2015\/#primaryimage"},"thumbnailUrl":"https:\/\/tipicino.ch\/apfelspare\/wp-content\/uploads\/2025\/06\/microfono-imac-21-5-27-a1418-a1419.png","datePublished":"2025-06-18T22:10:18+00:00","dateModified":"2026-02-18T12:28:58+00:00","description":"Mikrofon f\u00fcr iMac 21,5\" 27\" A1418 A1419, ideal f\u00fcr die Aufnahme von Problemen oder Sprachbefehlen. Ersatzteil getestet und fertig zum Einbau","breadcrumb":{"@id":"https:\/\/tipicino.ch\/apfelspare\/de\/prodotto\/microfono-imac-21-5-27-a1418-a1419-late-2012-mid-2015\/#breadcrumb"},"inLanguage":"de-CH","potentialAction":[{"@type":"ReadAction","target":["https:\/\/tipicino.ch\/apfelspare\/de\/prodotto\/microfono-imac-21-5-27-a1418-a1419-late-2012-mid-2015\/"]}]},{"@type":"ImageObject","inLanguage":"de-CH","@id":"https:\/\/tipicino.ch\/apfelspare\/de\/prodotto\/microfono-imac-21-5-27-a1418-a1419-late-2012-mid-2015\/#primaryimage","url":"https:\/\/tipicino.ch\/apfelspare\/wp-content\/uploads\/2025\/06\/microfono-imac-21-5-27-a1418-a1419.png","contentUrl":"https:\/\/tipicino.ch\/apfelspare\/wp-content\/uploads\/2025\/06\/microfono-imac-21-5-27-a1418-a1419.png","width":1000,"height":1000,"caption":"Microfono per iMac 21.5\" 27\" A1418 A1419 (Late 2012 \u2013 Mid 2015)"},{"@type":"BreadcrumbList","@id":"https:\/\/tipicino.ch\/apfelspare\/de\/prodotto\/microfono-imac-21-5-27-a1418-a1419-late-2012-mid-2015\/#breadcrumb","itemListElement":[{"@type":"ListItem","position":1,"name":"Home","item":"https:\/\/tipicino.ch\/apfelspare\/de\/"},{"@type":"ListItem","position":2,"name":"Shop","item":"https:\/\/tipicino.ch\/apfelspare\/de\/shop\/"},{"@type":"ListItem","position":3,"name":"Microfono per iMac 21.5&#8243; 27&#8243; A1418 A1419 (Late 2012 \u2013 Mid 2015)"}]},{"@type":"WebSite","@id":"https:\/\/tipicino.ch\/apfelspare\/de\/#website","url":"https:\/\/tipicino.ch\/apfelspare\/de\/","name":"Ersatzteile f\u00fcr MacBook Pro, MacBook Air und iMac in der Schweiz \u2013 Display, Tastaturen, Batterien, Trackpads","description":"","publisher":{"@id":"https:\/\/tipicino.ch\/apfelspare\/de\/#organization"},"potentialAction":[{"@type":"SearchAction","target":{"@type":"EntryPoint","urlTemplate":"https:\/\/tipicino.ch\/apfelspare\/de\/?s={search_term_string}"},"query-input":{"@type":"PropertyValueSpecification","valueRequired":true,"valueName":"search_term_string"}}],"inLanguage":"de-CH"},{"@type":"Organization","@id":"https:\/\/tipicino.ch\/apfelspare\/de\/#organization","name":"tipicino.ch\/apfelspare","url":"https:\/\/tipicino.ch\/apfelspare\/de\/","logo":{"@type":"ImageObject","inLanguage":"de-CH","@id":"https:\/\/tipicino.ch\/apfelspare\/de\/#\/schema\/logo\/image\/","url":"https:\/\/tipicino.ch\/apfelspare\/wp-content\/uploads\/2025\/08\/cropped-FAVICON-tipicino.ch\/apfelspare_.png","contentUrl":"https:\/\/tipicino.ch\/apfelspare\/wp-content\/uploads\/2025\/08\/cropped-FAVICON-tipicino.ch\/apfelspare_.png","width":512,"height":512,"caption":"tipicino.ch\/apfelspare"},"image":{"@id":"https:\/\/tipicino.ch\/apfelspare\/de\/#\/schema\/logo\/image\/"}}]}},"_links":{"self":[{"href":"https:\/\/tipicino.ch\/apfelspare\/de\/wp-json\/wp\/v2\/product\/15458","targetHints":{"allow":["GET"]}}],"collection":[{"href":"https:\/\/tipicino.ch\/apfelspare\/de\/wp-json\/wp\/v2\/product"}],"about":[{"href":"https:\/\/tipicino.ch\/apfelspare\/de\/wp-json\/wp\/v2\/types\/product"}],"replies":[{"embeddable":true,"href":"https:\/\/tipicino.ch\/apfelspare\/de\/wp-json\/wp\/v2\/comments?post=15458"}],"wp:featuredmedia":[{"embeddable":true,"href":"https:\/\/tipicino.ch\/apfelspare\/de\/wp-json\/wp\/v2\/media\/15459"}],"wp:attachment":[{"href":"https:\/\/tipicino.ch\/apfelspare\/de\/wp-json\/wp\/v2\/media?parent=15458"}],"wp:term":[{"taxonomy":"product_brand","embeddable":true,"href":"https:\/\/tipicino.ch\/apfelspare\/de\/wp-json\/wp\/v2\/product_brand?post=15458"},{"taxonomy":"product_cat","embeddable":true,"href":"https:\/\/tipicino.ch\/apfelspare\/de\/wp-json\/wp\/v2\/product_cat?post=15458"},{"taxonomy":"product_tag","embeddable":true,"href":"https:\/\/tipicino.ch\/apfelspare\/de\/wp-json\/wp\/v2\/product_tag?post=15458"}],"curies":[{"name":"wp","href":"https:\/\/api.w.org\/{rel}","templated":true}]}}