{"id":15518,"date":"2025-06-19T11:49:10","date_gmt":"2025-06-19T11:49:10","guid":{"rendered":"https:\/\/tipicino.ch\/apfelspare\/?post_type=product&#038;p=15518"},"modified":"2026-02-18T14:17:55","modified_gmt":"2026-02-18T14:17:55","slug":"audio-kopfhoreranschluss-macbook-pro-15-a1990-16-a2141-mitte-2018-ende-2019","status":"publish","type":"product","link":"https:\/\/tipicino.ch\/apfelspare\/de\/prodotto\/jack-audio-cuffie-macbook-pro-15-a1990-16-a2141-mid-2018-late-2019\/","title":{"rendered":"Audio-Jack f\u00fcr MacBook Pro 15\u2033 A1990 und 16\u2033 A2141 (Mid 2018 - Late 2019)"},"content":{"rendered":"<div class=\"aps-pdp\">\n<section class=\"aps-card\">\n<header class=\"aps-card__head\">\n<h2 class=\"aps-h\">Audio-Kopfh\u00f6rerbuchse f\u00fcr MacBook Pro 15\u2033 A1990 und 16\u2033 A2141 (2018\u20132019)<\/h2>\n<p class=\"aps-sub\">Internes Ersatzteil zur Wiederherstellung des 3,5-mm-Anschlusses.<\/p>\n<\/header>\n<p>\n      Wird Ihr Kopfh\u00f6rer nicht mehr erkannt oder h\u00f6ren Sie beim H\u00f6ren st\u00f6rende Ger\u00e4usche? Diese Audio-Fehlfunktion k\u00f6nnte durch einen abgenutzten internen Klinkenstecker verursacht werden. Mit der Zeit k\u00f6nnen h\u00e4ufiges Einstecken des Steckers oder die Ansammlung von Schmutz die elektrischen Kontakte im Anschluss ruinieren. Wenn Sie das Teil durch dieses \u00fcberholte Ersatzteil ersetzen, kann das Problem behoben werden und Sie k\u00f6nnen wieder Musik und Videos mit einer stabilen Verbindung und klarer Klangqualit\u00e4t h\u00f6ren.\n    <\/p>\n<div class=\"aps-note aps-note--warn\">\n      <span class=\"aps-note__ico\">!<\/span><br \/>\n      <span class=\"aps-note__txt\"><strong>KOMPATIBILIT\u00c4TSHINWEIS:<\/strong> Dieses Modul ist f\u00fcr die 15- und 16-Zoll-Modelle mit Touch Bar aus den Produktionsjahren 2018 und 2019 ausgelegt. Wir empfehlen, den auf der Unterseite Ihres MacBook eingravierten Code (A1990 oder A2141) vor dem Kauf zu \u00fcberpr\u00fcfen, um sicherzustellen, dass es sich um die korrekte Version handelt.<\/span>\n    <\/div>\n<\/section>\n<section class=\"aps-card\">\n<header class=\"aps-card__head\">\n<h2 class=\"aps-h\">Unterst\u00fctzte Modelle<\/h2>\n<p class=\"aps-sub\">Liste der mit dieser Audiobuchse kompatiblen MacBook-Pro-Modelle.<\/p>\n<\/header>\n<ul class=\"aps-check\">\n<li><strong>MacBook Pro 16\u2033 A2141 (Late 2019)<\/strong> <span class=\"aps-badge\">MacBookPro16.4<\/span> <span class=\"aps-badge\">MacBookPro16.1<\/span><\/li>\n<li><strong>MacBook Pro 15\u2033 A1990 (Mid 2019)<\/strong> <span class=\"aps-badge\">MacBookPro15.3<\/span> <span class=\"aps-badge\">MacBookPro15.1<\/span><\/li>\n<li><strong>MacBook Pro 15\u2033 A1990 (Mid 2018)<\/strong> <span class=\"aps-badge\">MacBookPro15.3<\/span> <span class=\"aps-badge\">MacBookPro15.1<\/span><\/li>\n<\/ul>\n<\/section>\n<section class=\"aps-card\">\n<header class=\"aps-card__head\">\n<h2 class=\"aps-h\">Technische Eigenschaften<\/h2>\n<p class=\"aps-sub\">Details zum Ersatzmodul.<\/p>\n<\/header>\n<div class=\"aps-specgrid\">\n<div class=\"aps-spec\">\n<div><span>Ersatzteiltyp<\/span><strong>Audio-Jack<\/strong><\/div>\n<\/div>\n<div class=\"aps-spec\">\n<div><span>Zustand<\/span><strong>Neu oder refurbished<\/strong><\/div>\n<\/div><\/div>\n<\/section>\n<section class=\"aps-card aps-callout aps-callout--warn\">\n<header class=\"aps-card__head\">\n<h2 class=\"aps-h\">Installation und Hinweise<\/h2>\n<p class=\"aps-sub\">Hinweise f\u00fcr eine sichere Reparatur.<\/p>\n<\/header>\n<p>\n      Der Austausch der Audiobuchse erfordert das \u00d6ffnen der unteren Geh\u00e4useschale des MacBook. Da die internen Komponenten dieser Modelle sehr kompakt angeordnet sind und die Steckverbinder empfindlich sind, empfehlen wir, mit \u00e4usserster Vorsicht vorzugehen. Es ist zwingend erforderlich, die Batterie als ersten Schritt zu trennen, um die Hauptplatine vor m\u00f6glichen elektrischen Sch\u00e4den zu sch\u00fctzen. Wenn Sie wenig Erfahrung mit der Demontage so filigraner elektronischer Bauteile haben, kann die Unterst\u00fctzung durch einen spezialisierten Techniker hilfreich sein, um den Eingriff ohne Risiken abzuschliessen.\n    <\/p>\n<\/section>\n<section class=\"aps-card aps-callout aps-callout--info\">\n<header class=\"aps-card__head\">\n<h2 class=\"aps-h\">Sind Sie unsicher, ob dieses Ersatzteil das richtige ist?<\/h2>\n<p class=\"aps-sub\">Kontaktieren Sie uns f\u00fcr Unterst\u00fctzung bei der Auswahl des passenden Ersatzteils f\u00fcr Ihr Ger\u00e4t.<\/p>\n<\/header>\n<div class=\"aps-cta\">\n      <a class=\"aps-btn\" href=\"mailto:info@apfelspare.ch\">info@apfelspare.ch<\/a><br \/>\n      <span class=\"aps-cta__hint\">Senden Sie uns die Seriennummer Ihres MacBook: Wir pr\u00fcfen die genaue Kompatibilit\u00e4t zeitnah f\u00fcr Sie.<\/span>\n    <\/div>\n<\/section>\n<\/div>","protected":false},"excerpt":{"rendered":"<p>Audio-Jack f\u00fcr MacBook Pro 15\u2033 A1990 und 16\u2033 A2141 (Mid 2018 - Late 2019). Qualit\u00e4t Ersatz, bereit zu installieren<\/p>","protected":false},"featured_media":15519,"comment_status":"closed","ping_status":"closed","template":"","meta":{"_acf_changed":false,"_et_pb_use_builder":"","_et_pb_old_content":"","_et_gb_content_width":""},"product_brand":[],"product_cat":[183,187,17,69,74,73],"product_tag":[],"class_list":{"0":"post-15518","1":"product","2":"type-product","3":"status-publish","4":"has-post-thumbnail","6":"product_cat-altoparlanti","7":"product_cat-cavi-connettori","8":"product_cat-category-macbook-pro","9":"product_cat-macbook-pro-16-late-2019-a2141","10":"product_cat-macbook-pro-15-mid-2019-a1990","11":"product_cat-macbook-pro-15-mid-2018-a1990","12":"product_shipping_class-14-giorni","14":"first","15":"instock","16":"shipping-taxable","17":"purchasable","18":"product-type-variable"},"acf":[],"yoast_head":"<!-- This site is optimized with the Yoast SEO plugin v27.4 - https:\/\/yoast.com\/product\/yoast-seo-wordpress\/ -->\n<title>Jack audio cuffie per MacBook Pro 15&quot; A1990 e 16&quot; A2141 (Mid 2018 \u2013 Late 2019)<\/title>\n<meta name=\"description\" content=\"Jack audio cuffie per MacBook Pro 15&quot; A1990 e 16&quot; A2141, utile per problemi di suono o connessione cuffie. Ricambio pronto all\u2019installazione\" \/>\n<meta name=\"robots\" content=\"index, follow, max-snippet:-1, max-image-preview:large, max-video-preview:-1\" \/>\n<link rel=\"canonical\" href=\"https:\/\/tipicino.ch\/apfelspare\/de\/product\/audio-kopfhoreranschluss-macbook-pro-15-a1990-16-a2141-mitte-2018-ende-2019\/\" \/>\n<meta property=\"og:locale\" content=\"de_DE\" \/>\n<meta property=\"og:type\" content=\"article\" \/>\n<meta property=\"og:title\" content=\"Jack audio cuffie per MacBook Pro 15&quot; A1990 e 16&quot; A2141 (Mid 2018 \u2013 Late 2019)\" \/>\n<meta property=\"og:description\" content=\"Jack audio cuffie per MacBook Pro 15&quot; A1990 e 16&quot; A2141, utile per problemi di suono o connessione cuffie. Ricambio pronto all\u2019installazione\" \/>\n<meta property=\"og:url\" content=\"https:\/\/tipicino.ch\/apfelspare\/de\/product\/audio-kopfhoreranschluss-macbook-pro-15-a1990-16-a2141-mitte-2018-ende-2019\/\" \/>\n<meta property=\"og:site_name\" content=\"Ricambi MacBook Pro, MacBook Air e iMac in Svizzera \u2013 Display, Tastiere, Batterie, Trackpad\" \/>\n<meta property=\"article:modified_time\" content=\"2026-02-18T14:17:55+00:00\" \/>\n<meta property=\"og:image\" content=\"https:\/\/tipicino.ch\/apfelspare\/wp-content\/uploads\/2025\/06\/jack-audio-cuffie-macbook-pro-15-a1990-16-a2141-mid-2018-late-2019.png\" \/>\n\t<meta property=\"og:image:width\" content=\"1000\" \/>\n\t<meta property=\"og:image:height\" content=\"1000\" \/>\n\t<meta property=\"og:image:type\" content=\"image\/png\" \/>\n<meta name=\"twitter:card\" content=\"summary_large_image\" \/>\n<meta name=\"twitter:label1\" content=\"Gesch\u00e4tzte Lesezeit\" \/>\n\t<meta name=\"twitter:data1\" content=\"2\u00a0Minuten\" \/>\n<!-- \/ Yoast SEO plugin. -->","yoast_head_json":{"title":"Audio-Jack f\u00fcr MacBook Pro 15\" A1990 und 16\" A2141 (Mid 2018 - Late 2019)","description":"Audio-Kopfh\u00f6reranschluss f\u00fcr MacBook Pro 15\" A1990 und 16\" A2141, n\u00fctzlich bei Ton- oder Kopfh\u00f6reranschlussproblemen. Einbaufertiges Ersatzteil.","robots":{"index":"index","follow":"follow","max-snippet":"max-snippet:-1","max-image-preview":"max-image-preview:large","max-video-preview":"max-video-preview:-1"},"canonical":"https:\/\/tipicino.ch\/apfelspare\/de\/product\/audio-kopfhoreranschluss-macbook-pro-15-a1990-16-a2141-mitte-2018-ende-2019\/","og_locale":"de_DE","og_type":"article","og_title":"Jack audio cuffie per MacBook Pro 15\" A1990 e 16\" A2141 (Mid 2018 \u2013 Late 2019)","og_description":"Jack audio cuffie per MacBook Pro 15\" A1990 e 16\" A2141, utile per problemi di suono o connessione cuffie. Ricambio pronto all\u2019installazione","og_url":"https:\/\/tipicino.ch\/apfelspare\/de\/product\/audio-kopfhoreranschluss-macbook-pro-15-a1990-16-a2141-mitte-2018-ende-2019\/","og_site_name":"Ricambi MacBook Pro, MacBook Air e iMac in Svizzera \u2013 Display, Tastiere, Batterie, Trackpad","article_modified_time":"2026-02-18T14:17:55+00:00","og_image":[{"width":1000,"height":1000,"url":"https:\/\/tipicino.ch\/apfelspare\/wp-content\/uploads\/2025\/06\/jack-audio-cuffie-macbook-pro-15-a1990-16-a2141-mid-2018-late-2019.png","type":"image\/png"}],"twitter_card":"summary_large_image","twitter_misc":{"Gesch\u00e4tzte Lesezeit":"2\u00a0Minuten"},"schema":{"@context":"https:\/\/schema.org","@graph":[{"@type":"WebPage","@id":"https:\/\/tipicino.ch\/apfelspare\/de\/prodotto\/jack-audio-cuffie-macbook-pro-15-a1990-16-a2141-mid-2018-late-2019\/","url":"https:\/\/tipicino.ch\/apfelspare\/de\/prodotto\/jack-audio-cuffie-macbook-pro-15-a1990-16-a2141-mid-2018-late-2019\/","name":"Audio-Jack f\u00fcr MacBook Pro 15\" A1990 und 16\" A2141 (Mid 2018 - Late 2019)","isPartOf":{"@id":"https:\/\/tipicino.ch\/apfelspare\/de\/#website"},"primaryImageOfPage":{"@id":"https:\/\/tipicino.ch\/apfelspare\/de\/prodotto\/jack-audio-cuffie-macbook-pro-15-a1990-16-a2141-mid-2018-late-2019\/#primaryimage"},"image":{"@id":"https:\/\/tipicino.ch\/apfelspare\/de\/prodotto\/jack-audio-cuffie-macbook-pro-15-a1990-16-a2141-mid-2018-late-2019\/#primaryimage"},"thumbnailUrl":"https:\/\/tipicino.ch\/apfelspare\/wp-content\/uploads\/2025\/06\/jack-audio-cuffie-macbook-pro-15-a1990-16-a2141-mid-2018-late-2019.png","datePublished":"2025-06-19T11:49:10+00:00","dateModified":"2026-02-18T14:17:55+00:00","description":"Audio-Kopfh\u00f6reranschluss f\u00fcr MacBook Pro 15\" A1990 und 16\" A2141, n\u00fctzlich bei Ton- oder Kopfh\u00f6reranschlussproblemen. Einbaufertiges Ersatzteil.","breadcrumb":{"@id":"https:\/\/tipicino.ch\/apfelspare\/de\/prodotto\/jack-audio-cuffie-macbook-pro-15-a1990-16-a2141-mid-2018-late-2019\/#breadcrumb"},"inLanguage":"de-CH","potentialAction":[{"@type":"ReadAction","target":["https:\/\/tipicino.ch\/apfelspare\/de\/prodotto\/jack-audio-cuffie-macbook-pro-15-a1990-16-a2141-mid-2018-late-2019\/"]}]},{"@type":"ImageObject","inLanguage":"de-CH","@id":"https:\/\/tipicino.ch\/apfelspare\/de\/prodotto\/jack-audio-cuffie-macbook-pro-15-a1990-16-a2141-mid-2018-late-2019\/#primaryimage","url":"https:\/\/tipicino.ch\/apfelspare\/wp-content\/uploads\/2025\/06\/jack-audio-cuffie-macbook-pro-15-a1990-16-a2141-mid-2018-late-2019.png","contentUrl":"https:\/\/tipicino.ch\/apfelspare\/wp-content\/uploads\/2025\/06\/jack-audio-cuffie-macbook-pro-15-a1990-16-a2141-mid-2018-late-2019.png","width":1000,"height":1000,"caption":"Jack audio cuffie per MacBook Pro 15\" A1990 e 16\" A2141 (Mid 2018 \u2013 Late 2019)"},{"@type":"BreadcrumbList","@id":"https:\/\/tipicino.ch\/apfelspare\/de\/prodotto\/jack-audio-cuffie-macbook-pro-15-a1990-16-a2141-mid-2018-late-2019\/#breadcrumb","itemListElement":[{"@type":"ListItem","position":1,"name":"Home","item":"https:\/\/tipicino.ch\/apfelspare\/de\/"},{"@type":"ListItem","position":2,"name":"Shop","item":"https:\/\/tipicino.ch\/apfelspare\/de\/shop\/"},{"@type":"ListItem","position":3,"name":"Jack audio cuffie per MacBook Pro 15&#8243; A1990 e 16&#8243; A2141 (Mid 2018 \u2013 Late 2019)"}]},{"@type":"WebSite","@id":"https:\/\/tipicino.ch\/apfelspare\/de\/#website","url":"https:\/\/tipicino.ch\/apfelspare\/de\/","name":"Ersatzteile f\u00fcr MacBook Pro, MacBook Air und iMac in der Schweiz \u2013 Display, Tastaturen, Batterien, Trackpads","description":"","publisher":{"@id":"https:\/\/tipicino.ch\/apfelspare\/de\/#organization"},"potentialAction":[{"@type":"SearchAction","target":{"@type":"EntryPoint","urlTemplate":"https:\/\/tipicino.ch\/apfelspare\/de\/?s={search_term_string}"},"query-input":{"@type":"PropertyValueSpecification","valueRequired":true,"valueName":"search_term_string"}}],"inLanguage":"de-CH"},{"@type":"Organization","@id":"https:\/\/tipicino.ch\/apfelspare\/de\/#organization","name":"tipicino.ch\/apfelspare","url":"https:\/\/tipicino.ch\/apfelspare\/de\/","logo":{"@type":"ImageObject","inLanguage":"de-CH","@id":"https:\/\/tipicino.ch\/apfelspare\/de\/#\/schema\/logo\/image\/","url":"https:\/\/tipicino.ch\/apfelspare\/wp-content\/uploads\/2025\/08\/cropped-FAVICON-tipicino.ch\/apfelspare_.png","contentUrl":"https:\/\/tipicino.ch\/apfelspare\/wp-content\/uploads\/2025\/08\/cropped-FAVICON-tipicino.ch\/apfelspare_.png","width":512,"height":512,"caption":"tipicino.ch\/apfelspare"},"image":{"@id":"https:\/\/tipicino.ch\/apfelspare\/de\/#\/schema\/logo\/image\/"}}]}},"_links":{"self":[{"href":"https:\/\/tipicino.ch\/apfelspare\/de\/wp-json\/wp\/v2\/product\/15518","targetHints":{"allow":["GET"]}}],"collection":[{"href":"https:\/\/tipicino.ch\/apfelspare\/de\/wp-json\/wp\/v2\/product"}],"about":[{"href":"https:\/\/tipicino.ch\/apfelspare\/de\/wp-json\/wp\/v2\/types\/product"}],"replies":[{"embeddable":true,"href":"https:\/\/tipicino.ch\/apfelspare\/de\/wp-json\/wp\/v2\/comments?post=15518"}],"wp:featuredmedia":[{"embeddable":true,"href":"https:\/\/tipicino.ch\/apfelspare\/de\/wp-json\/wp\/v2\/media\/15519"}],"wp:attachment":[{"href":"https:\/\/tipicino.ch\/apfelspare\/de\/wp-json\/wp\/v2\/media?parent=15518"}],"wp:term":[{"taxonomy":"product_brand","embeddable":true,"href":"https:\/\/tipicino.ch\/apfelspare\/de\/wp-json\/wp\/v2\/product_brand?post=15518"},{"taxonomy":"product_cat","embeddable":true,"href":"https:\/\/tipicino.ch\/apfelspare\/de\/wp-json\/wp\/v2\/product_cat?post=15518"},{"taxonomy":"product_tag","embeddable":true,"href":"https:\/\/tipicino.ch\/apfelspare\/de\/wp-json\/wp\/v2\/product_tag?post=15518"}],"curies":[{"name":"wp","href":"https:\/\/api.w.org\/{rel}","templated":true}]}}