{"id":15530,"date":"2025-06-19T13:39:36","date_gmt":"2025-06-19T13:39:36","guid":{"rendered":"https:\/\/tipicino.ch\/apfelspare\/?post_type=product&#038;p=15530"},"modified":"2026-03-13T16:28:19","modified_gmt":"2026-03-13T16:28:19","slug":"power-card-dc-jack-audio-usb-macbook-air-13-a1466-mid-2012-gebraucht","status":"publish","type":"product","link":"https:\/\/tipicino.ch\/apfelspare\/de\/prodotto\/scheda-power-dc-jack-audio-usb-macbook-air-13-a1466-mid-2012-usato\/","title":{"rendered":"DC-Stromanschluss - Audio-Jack - USB f\u00fcr MacBook Air 13\u2033 A1466 (Mid 2012) - REFURBISHED"},"content":{"rendered":"<div class=\"aps-pdp\">\n<section class=\"aps-card\">\n<header class=\"aps-card__head\">\n<h2 class=\"aps-h\">DC-Stromanschluss - Audio-Jack - USB f\u00fcr MacBook Air 13\u2033 A1466 (Mid 2012) - REFURBISHED<\/h2>\n<p class=\"aps-sub\">Seitliches I\/O-Modul mit MagSafe 2-Ladeanschluss, USB-Port und Audio-Klinkenanschluss.<\/p>\n<\/header>\n<p>\n      L\u00e4dt Ihr MacBook Air nicht mehr oder reagieren die Anschl\u00fcsse auf der rechten Seite nicht mehr? Diese Fehlfunktion kann durch eine besch\u00e4digte Power-DC-Platine verursacht werden. Als Anschlussstelle f\u00fcr Stromversorgung und Zubeh\u00f6r ist dieses Bauteil h\u00e4ufig Abnutzung, Oxidation oder Sch\u00e4den durch Spannungsschwankungen ausgesetzt. Durch den Austausch des Moduls mit diesem refurbishedn und sorgf\u00e4ltig getesteten Ersatzteil kann das Problem behoben werden, wodurch eine stabile Ladefunktion und die volle Funktionalit\u00e4t der externen Anschl\u00fcsse wiederhergestellt werden.\n    <\/p>\n<div class=\"aps-note aps-note--warn\">\n      <span class=\"aps-note__ico\">!<\/span><br \/>\n      <span class=\"aps-note__txt\"><strong>KOMPATIBILIT\u00c4TSHINWEIS:<\/strong> Diese Platine ist speziell f\u00fcr das Modell A1466 aus dem Jahr 2012. Obwohl das Aussehen den neueren Modellen (2013\u20132017) \u00e4hnelt, ist der interne Anschluss unterschiedlich und nicht kompatibel. Bitte \u00fcberpr\u00fcfen Sie vor dem Kauf das Baujahr Ihres Mac.<\/span>\n    <\/div>\n<\/section>\n<section class=\"aps-card\">\n<header class=\"aps-card__head\">\n<h2 class=\"aps-h\">Unterst\u00fctzte Modelle<\/h2>\n<p class=\"aps-sub\">Mit diesem Bauteil kompatible MacBook Air 13\u2033-Version.<\/p>\n<\/header>\n<ul class=\"aps-check\">\n<li><strong>MacBook Air 13\u2033 A1466 (Mid 2012)<\/strong> <span class=\"aps-badge\">MacBookAir5.2<\/span><\/li>\n<\/ul>\n<\/section>\n<section class=\"aps-card\">\n<header class=\"aps-card__head\">\n<h2 class=\"aps-h\">Technische Eigenschaften<\/h2>\n<p class=\"aps-sub\">Details zum Ersatzmodul.<\/p>\n<\/header>\n<div class=\"aps-specgrid\">\n<div class=\"aps-spec\">\n<div><span>Ersatzteiltyp<\/span><strong>Power-DC-\/USB-\/Audio-Platinenmodul<\/strong><\/div>\n<\/div>\n<div class=\"aps-spec\">\n<div><span>Zustand<\/span><strong>Refurbished und getestet<\/strong><\/div>\n<\/div>\n<div class=\"aps-spec\">\n<div><span>Ladeanschluss<\/span><strong>MagSafe 2<\/strong><\/div>\n<\/div><\/div>\n<\/section>\n<section class=\"aps-card aps-callout aps-callout--warn\">\n<header class=\"aps-card__head\">\n<h2 class=\"aps-h\">Installation und Hinweise<\/h2>\n<p class=\"aps-sub\">Tipps f\u00fcr eine sichere Reparatur.<\/p>\n<\/header>\n<p>\n      Die Installation erfordert das \u00d6ffnen des Ger\u00e4ts sowie das Entfernen der Logic-Platine oder das Abtrennen des Haupt-Flachbandkabels. Wir empfehlen, die kleinen Steckverbinder mit \u00e4usserster Vorsicht zu handhaben, um Besch\u00e4digungen zu vermeiden. Es ist zwingend erforderlich, die Batterie als ersten Schritt zu trennen, um die internen Schaltkreise vor m\u00f6glichen Sch\u00e4den zu sch\u00fctzen. Wenn Sie wenig Erfahrung mit der Demontage so filigraner elektronischer Bauteile haben, kann die Unterst\u00fctzung durch einen spezialisierten Techniker sinnvoll sein, um den Eingriff risikofrei abzuschliessen.\n    <\/p>\n<\/section>\n<section class=\"aps-card aps-callout aps-callout--info\">\n<header class=\"aps-card__head\">\n<h2 class=\"aps-h\">Sind Sie unsicher, ob dieses Ersatzteil das richtige ist?<\/h2>\n<p class=\"aps-sub\">Kontaktieren Sie uns f\u00fcr Unterst\u00fctzung bei der Auswahl des passenden Ersatzteils f\u00fcr Ihr Ger\u00e4t.<\/p>\n<\/header>\n<div class=\"aps-cta\">\n      <a class=\"aps-btn\" href=\"mailto:info@apfelspare.ch\">info@apfelspare.ch<\/a><br \/>\n      <span class=\"aps-cta__hint\">Senden Sie uns die Seriennummer Ihres MacBook: Wir pr\u00fcfen die genaue Kompatibilit\u00e4t zeitnah f\u00fcr Sie.<\/span>\n    <\/div>\n<\/section>\n<\/div>","protected":false},"excerpt":{"rendered":"<p>DC-Stromanschluss Card - Audio Jack - USB f\u00fcr MacBook Air 13\u2033 A1466 (Mid 2012). Getestetes refurbished Ersatzteil, bereit zum Einbau<\/p>","protected":false},"featured_media":22566,"comment_status":"closed","ping_status":"closed","template":"","meta":{"_acf_changed":false,"_et_pb_use_builder":"","_et_pb_old_content":"","_et_gb_content_width":""},"product_brand":[],"product_cat":[183,187,20,118,19],"product_tag":[],"class_list":{"0":"post-15530","1":"product","2":"type-product","3":"status-publish","4":"has-post-thumbnail","6":"product_cat-altoparlanti","7":"product_cat-cavi-connettori","8":"product_cat-category-macbook-air","9":"product_cat-macbook-air-13-mid-2012-a1466","10":"product_cat-parti-ricambio-seconda-mano","12":"first","13":"onbackorder","14":"shipping-taxable","15":"purchasable","16":"product-type-simple"},"acf":[],"yoast_head":"<!-- This site is optimized with the Yoast SEO plugin v27.4 - https:\/\/yoast.com\/product\/yoast-seo-wordpress\/ -->\n<title>Scheda Power DC \u2013 Jack audio \u2013 USB per MacBook Air 13&quot; A1466 (Mid 2012) \u2013 RICONDIZIONATO<\/title>\n<meta name=\"description\" content=\"Scheda Power DC con jack audio e USB per MacBook Air 13&quot; A1466. Ricambio usato testato, utile per problemi di ricarica, audio o USB. Pronto all\u2019installazione\" \/>\n<meta name=\"robots\" content=\"index, follow, max-snippet:-1, max-image-preview:large, max-video-preview:-1\" \/>\n<link rel=\"canonical\" href=\"https:\/\/tipicino.ch\/apfelspare\/de\/product\/power-card-dc-jack-audio-usb-macbook-air-13-a1466-mid-2012-gebraucht\/\" \/>\n<meta property=\"og:locale\" content=\"de_DE\" \/>\n<meta property=\"og:type\" content=\"article\" \/>\n<meta property=\"og:title\" content=\"Scheda Power DC \u2013 Jack audio \u2013 USB per MacBook Air 13&quot; A1466 (Mid 2012) \u2013 RICONDIZIONATO\" \/>\n<meta property=\"og:description\" content=\"Scheda Power DC con jack audio e USB per MacBook Air 13&quot; A1466. Ricambio usato testato, utile per problemi di ricarica, audio o USB. Pronto all\u2019installazione\" \/>\n<meta property=\"og:url\" content=\"https:\/\/tipicino.ch\/apfelspare\/de\/product\/power-card-dc-jack-audio-usb-macbook-air-13-a1466-mid-2012-gebraucht\/\" \/>\n<meta property=\"og:site_name\" content=\"Ricambi MacBook Pro, MacBook Air e iMac in Svizzera \u2013 Display, Tastiere, Batterie, Trackpad\" \/>\n<meta property=\"article:modified_time\" content=\"2026-03-13T16:28:19+00:00\" \/>\n<meta property=\"og:image\" content=\"https:\/\/tipicino.ch\/apfelspare\/wp-content\/uploads\/2025\/06\/Scheda-Power-DC-\u2013-Jack-audio-\u2013-USB-per-MacBook-Air-1322-A1466-Mid-2012-\u2013-USATO-e1762213810581.png\" \/>\n\t<meta property=\"og:image:width\" content=\"1156\" \/>\n\t<meta property=\"og:image:height\" content=\"1470\" \/>\n\t<meta property=\"og:image:type\" content=\"image\/png\" \/>\n<meta name=\"twitter:card\" content=\"summary_large_image\" \/>\n<meta name=\"twitter:label1\" content=\"Gesch\u00e4tzte Lesezeit\" \/>\n\t<meta name=\"twitter:data1\" content=\"2\u00a0Minuten\" \/>\n<!-- \/ Yoast SEO plugin. -->","yoast_head_json":{"title":"DC-Stromanschluss - Audio-Jack - USB f\u00fcr MacBook Air 13\" A1466 (Mid 2012) - REFURBISHED","description":"Power DC-Karte mit Audio- und USB-Anschluss f\u00fcr MacBook Air 13\" A1466. Gepr\u00fcfter gebrauchter Ersatz, n\u00fctzlich bei Lade-, Audio- oder USB-Problemen. Bereit zu installieren","robots":{"index":"index","follow":"follow","max-snippet":"max-snippet:-1","max-image-preview":"max-image-preview:large","max-video-preview":"max-video-preview:-1"},"canonical":"https:\/\/tipicino.ch\/apfelspare\/de\/product\/power-card-dc-jack-audio-usb-macbook-air-13-a1466-mid-2012-gebraucht\/","og_locale":"de_DE","og_type":"article","og_title":"Scheda Power DC \u2013 Jack audio \u2013 USB per MacBook Air 13\" A1466 (Mid 2012) \u2013 RICONDIZIONATO","og_description":"Scheda Power DC con jack audio e USB per MacBook Air 13\" A1466. Ricambio usato testato, utile per problemi di ricarica, audio o USB. Pronto all\u2019installazione","og_url":"https:\/\/tipicino.ch\/apfelspare\/de\/product\/power-card-dc-jack-audio-usb-macbook-air-13-a1466-mid-2012-gebraucht\/","og_site_name":"Ricambi MacBook Pro, MacBook Air e iMac in Svizzera \u2013 Display, Tastiere, Batterie, Trackpad","article_modified_time":"2026-03-13T16:28:19+00:00","og_image":[{"width":1156,"height":1470,"url":"https:\/\/tipicino.ch\/apfelspare\/wp-content\/uploads\/2025\/06\/Scheda-Power-DC-\u2013-Jack-audio-\u2013-USB-per-MacBook-Air-1322-A1466-Mid-2012-\u2013-USATO-e1762213810581.png","type":"image\/png"}],"twitter_card":"summary_large_image","twitter_misc":{"Gesch\u00e4tzte Lesezeit":"2\u00a0Minuten"},"schema":{"@context":"https:\/\/schema.org","@graph":[{"@type":"WebPage","@id":"https:\/\/tipicino.ch\/apfelspare\/de\/prodotto\/scheda-power-dc-jack-audio-usb-macbook-air-13-a1466-mid-2012-usato\/","url":"https:\/\/tipicino.ch\/apfelspare\/de\/prodotto\/scheda-power-dc-jack-audio-usb-macbook-air-13-a1466-mid-2012-usato\/","name":"DC-Stromanschluss - Audio-Jack - USB f\u00fcr MacBook Air 13\" A1466 (Mid 2012) - REFURBISHED","isPartOf":{"@id":"https:\/\/tipicino.ch\/apfelspare\/de\/#website"},"primaryImageOfPage":{"@id":"https:\/\/tipicino.ch\/apfelspare\/de\/prodotto\/scheda-power-dc-jack-audio-usb-macbook-air-13-a1466-mid-2012-usato\/#primaryimage"},"image":{"@id":"https:\/\/tipicino.ch\/apfelspare\/de\/prodotto\/scheda-power-dc-jack-audio-usb-macbook-air-13-a1466-mid-2012-usato\/#primaryimage"},"thumbnailUrl":"https:\/\/tipicino.ch\/apfelspare\/wp-content\/uploads\/2025\/06\/Scheda-Power-DC-\u2013-Jack-audio-\u2013-USB-per-MacBook-Air-1322-A1466-Mid-2012-\u2013-USATO-e1762213810581.png","datePublished":"2025-06-19T13:39:36+00:00","dateModified":"2026-03-13T16:28:19+00:00","description":"Power DC-Karte mit Audio- und USB-Anschluss f\u00fcr MacBook Air 13\" A1466. Gepr\u00fcfter gebrauchter Ersatz, n\u00fctzlich bei Lade-, Audio- oder USB-Problemen. Bereit zu installieren","breadcrumb":{"@id":"https:\/\/tipicino.ch\/apfelspare\/de\/prodotto\/scheda-power-dc-jack-audio-usb-macbook-air-13-a1466-mid-2012-usato\/#breadcrumb"},"inLanguage":"de-CH","potentialAction":[{"@type":"ReadAction","target":["https:\/\/tipicino.ch\/apfelspare\/de\/prodotto\/scheda-power-dc-jack-audio-usb-macbook-air-13-a1466-mid-2012-usato\/"]}]},{"@type":"ImageObject","inLanguage":"de-CH","@id":"https:\/\/tipicino.ch\/apfelspare\/de\/prodotto\/scheda-power-dc-jack-audio-usb-macbook-air-13-a1466-mid-2012-usato\/#primaryimage","url":"https:\/\/tipicino.ch\/apfelspare\/wp-content\/uploads\/2025\/06\/Scheda-Power-DC-\u2013-Jack-audio-\u2013-USB-per-MacBook-Air-1322-A1466-Mid-2012-\u2013-USATO-e1762213810581.png","contentUrl":"https:\/\/tipicino.ch\/apfelspare\/wp-content\/uploads\/2025\/06\/Scheda-Power-DC-\u2013-Jack-audio-\u2013-USB-per-MacBook-Air-1322-A1466-Mid-2012-\u2013-USATO-e1762213810581.png","width":1156,"height":1470,"caption":"Scheda Power DC \u2013 Jack audio \u2013 USB per MacBook Air 13\" A1466 (Mid 2012) \u2013 USATO"},{"@type":"BreadcrumbList","@id":"https:\/\/tipicino.ch\/apfelspare\/de\/prodotto\/scheda-power-dc-jack-audio-usb-macbook-air-13-a1466-mid-2012-usato\/#breadcrumb","itemListElement":[{"@type":"ListItem","position":1,"name":"Home","item":"https:\/\/tipicino.ch\/apfelspare\/de\/"},{"@type":"ListItem","position":2,"name":"Shop","item":"https:\/\/tipicino.ch\/apfelspare\/de\/shop\/"},{"@type":"ListItem","position":3,"name":"Scheda Power DC \u2013 Jack audio \u2013 USB per MacBook Air 13&#8243; A1466 (Mid 2012) \u2013 RICONDIZIONATO"}]},{"@type":"WebSite","@id":"https:\/\/tipicino.ch\/apfelspare\/de\/#website","url":"https:\/\/tipicino.ch\/apfelspare\/de\/","name":"Ersatzteile f\u00fcr MacBook Pro, MacBook Air und iMac in der Schweiz \u2013 Display, Tastaturen, Batterien, Trackpads","description":"","publisher":{"@id":"https:\/\/tipicino.ch\/apfelspare\/de\/#organization"},"potentialAction":[{"@type":"SearchAction","target":{"@type":"EntryPoint","urlTemplate":"https:\/\/tipicino.ch\/apfelspare\/de\/?s={search_term_string}"},"query-input":{"@type":"PropertyValueSpecification","valueRequired":true,"valueName":"search_term_string"}}],"inLanguage":"de-CH"},{"@type":"Organization","@id":"https:\/\/tipicino.ch\/apfelspare\/de\/#organization","name":"tipicino.ch\/apfelspare","url":"https:\/\/tipicino.ch\/apfelspare\/de\/","logo":{"@type":"ImageObject","inLanguage":"de-CH","@id":"https:\/\/tipicino.ch\/apfelspare\/de\/#\/schema\/logo\/image\/","url":"https:\/\/tipicino.ch\/apfelspare\/wp-content\/uploads\/2025\/08\/cropped-FAVICON-tipicino.ch\/apfelspare_.png","contentUrl":"https:\/\/tipicino.ch\/apfelspare\/wp-content\/uploads\/2025\/08\/cropped-FAVICON-tipicino.ch\/apfelspare_.png","width":512,"height":512,"caption":"tipicino.ch\/apfelspare"},"image":{"@id":"https:\/\/tipicino.ch\/apfelspare\/de\/#\/schema\/logo\/image\/"}}]}},"_links":{"self":[{"href":"https:\/\/tipicino.ch\/apfelspare\/de\/wp-json\/wp\/v2\/product\/15530","targetHints":{"allow":["GET"]}}],"collection":[{"href":"https:\/\/tipicino.ch\/apfelspare\/de\/wp-json\/wp\/v2\/product"}],"about":[{"href":"https:\/\/tipicino.ch\/apfelspare\/de\/wp-json\/wp\/v2\/types\/product"}],"replies":[{"embeddable":true,"href":"https:\/\/tipicino.ch\/apfelspare\/de\/wp-json\/wp\/v2\/comments?post=15530"}],"wp:featuredmedia":[{"embeddable":true,"href":"https:\/\/tipicino.ch\/apfelspare\/de\/wp-json\/wp\/v2\/media\/22566"}],"wp:attachment":[{"href":"https:\/\/tipicino.ch\/apfelspare\/de\/wp-json\/wp\/v2\/media?parent=15530"}],"wp:term":[{"taxonomy":"product_brand","embeddable":true,"href":"https:\/\/tipicino.ch\/apfelspare\/de\/wp-json\/wp\/v2\/product_brand?post=15530"},{"taxonomy":"product_cat","embeddable":true,"href":"https:\/\/tipicino.ch\/apfelspare\/de\/wp-json\/wp\/v2\/product_cat?post=15530"},{"taxonomy":"product_tag","embeddable":true,"href":"https:\/\/tipicino.ch\/apfelspare\/de\/wp-json\/wp\/v2\/product_tag?post=15530"}],"curies":[{"name":"wp","href":"https:\/\/api.w.org\/{rel}","templated":true}]}}