{"id":15628,"date":"2025-06-20T13:12:14","date_gmt":"2025-06-20T13:12:14","guid":{"rendered":"https:\/\/tipicino.ch\/apfelspare\/?post_type=product&#038;p=15628"},"modified":"2026-02-18T15:07:37","modified_gmt":"2026-02-18T15:07:37","slug":"karte-usb-hdmi-sd-leser-macbook-pro-15-a1398-mitte-2012-anfang-2013","status":"publish","type":"product","link":"https:\/\/tipicino.ch\/apfelspare\/de\/prodotto\/scheda-usb-hdmi-lettore-sd-macbook-pro-15-a1398-mid-2012-early-2013\/","title":{"rendered":"USB - HDMI - SD Karte f\u00fcr MacBook Pro 15\u2033 A1398 (Mid 2012 - Early 2013) - REFURBISHED"},"content":{"rendered":"<div class=\"aps-pdp\">\n<section class=\"aps-card\">\n<header class=\"aps-card__head\">\n<h2 class=\"aps-h\">USB-Karte \u2013 HDMI \u2013 SD-Kartenleser f\u00fcr MacBook Pro 15\u2033 A1398 (2012\u20132013)<\/h2>\n<p class=\"aps-sub\">Sekund\u00e4res Ersatz-I\/O-Modul f\u00fcr die Verwaltung der Daten- und Videoanschl\u00fcsse.<\/p>\n<\/header>\n<p>\n      Erkennt der SD-Player keine Karten mehr oder \u00fcbertr\u00e4gt der HDMI-Ausgang das Videosignal nicht mehr? Diese Probleme k\u00f6nnten durch eine defekte sekund\u00e4re E\/A-Karte verursacht werden. Diese Schaltung ist nicht nur f\u00fcr USB- und HDMI-Verbindungen wichtig, sondern dient auch als Schnittstelle f\u00fcr einige LCD-Panel-Signale. Durch den Austausch des Teils mit diesem \u00fcberholten Teil wird die volle Funktionsf\u00e4higkeit der externen Anschl\u00fcsse wiederhergestellt, was eine stabile Daten\u00fcbertragung und eine korrekte Anzeige auf externen Monitoren gew\u00e4hrleistet.\n    <\/p>\n<div class=\"aps-note aps-note--warn\">\n      <span class=\"aps-note__ico\">!<\/span><br \/>\n      <span class=\"aps-note__txt\"><strong>KOMPATIBILIT\u00c4TSHINWEIS:<\/strong> Diese Karte (P\/N 820-3071-A) ist ausschliesslich f\u00fcr die ersten Retina-Modelle mit 15\u2033 (Mid 2012 und Early 2013) konzipiert. Wir empfehlen Ihnen, das Jahr Ihres MacBook Pro in den Systeminformationen zu \u00fcberpr\u00fcfen, bevor Sie den Kauf abschliessen, da die ab Ende 2013 produzierten Modelle unterschiedliche Komponenten verwenden, die mit dieser Version nicht kompatibel sind.<\/span>\n    <\/div>\n<\/section>\n<section class=\"aps-card\">\n<header class=\"aps-card__head\">\n<h2 class=\"aps-h\">Unterst\u00fctzte Modelle<\/h2>\n<p class=\"aps-sub\">MacBook Pro 15\u2033 Retina-Versionen, die mit diesem Ersatzteil kompatibel sind.<\/p>\n<\/header>\n<ul class=\"aps-check\">\n<li><strong>MacBook Pro 15\u2033 A1398 (Early 2013)<\/strong> <span class=\"aps-badge\">MacBookPro10.1<\/span><\/li>\n<li><strong>MacBook Pro 15\u2033 A1398 (Mid 2012)<\/strong> <span class=\"aps-badge\">MacBookPro10.1<\/span><\/li>\n<\/ul>\n<\/section>\n<section class=\"aps-card\">\n<header class=\"aps-card__head\">\n<h2 class=\"aps-h\">Technische Eigenschaften<\/h2>\n<p class=\"aps-sub\">Spezifikationen des Erweiterungsmoduls.<\/p>\n<\/header>\n<div class=\"aps-specgrid\">\n<div class=\"aps-spec\">\n<div><span>Ersatzteiltyp<\/span><strong>USB-Karte \/ HDMI \/ SD<\/strong><\/div>\n<\/div>\n<div class=\"aps-spec\">\n<div><span>Part Number<\/span><strong>820-3071-A<\/strong><\/div>\n<\/div>\n<div class=\"aps-spec\">\n<div><span>Zustand<\/span><strong>Neu<\/strong><\/div>\n<\/div><\/div>\n<\/section>\n<section class=\"aps-card aps-callout aps-callout--warn\">\n<header class=\"aps-card__head\">\n<h2 class=\"aps-h\">Installation und Hinweise<\/h2>\n<p class=\"aps-sub\">Hinweise f\u00fcr eine sichere Reparatur.<\/p>\n<\/header>\n<p>\n      Die Installation erfordert das \u00d6ffnen der Geh\u00e4useunterseite des MacBook Pro. Da die Karte \u00fcber empfindliche Flachbandkabel mit dem Logic Board verbunden ist, empfehlen wir Ihnen, mit grosser Vorsicht vorzugehen, um die Anschl\u00fcsse oder die umliegenden Komponenten nicht zu besch\u00e4digen. Es ist zwingend erforderlich, als ersten Schritt die Batterie abzuklemmen, um den Computer vor eventuellen Kurzschl\u00fcssen zu sch\u00fctzen. Wenn Sie keine Erfahrung mit der Demontage von Innenteilen haben, k\u00f6nnte der Einsatz eines qualifizierten Technikers hilfreich sein, um versehentliche Sch\u00e4den am Display oder am Logic Board zu vermeiden.\n    <\/p>\n<\/section>\n<section class=\"aps-card aps-callout aps-callout--info\">\n<header class=\"aps-card__head\">\n<h2 class=\"aps-h\">Sind Sie unsicher, ob dieses Ersatzteil das richtige ist?<\/h2>\n<p class=\"aps-sub\">Kontaktieren Sie uns f\u00fcr Unterst\u00fctzung bei der Auswahl des passenden Ersatzteils f\u00fcr Ihr Ger\u00e4t.<\/p>\n<\/header>\n<div class=\"aps-cta\">\n      <a class=\"aps-btn\" href=\"mailto:info@apfelspare.ch\">info@apfelspare.ch<\/a><br \/>\n      <span class=\"aps-cta__hint\">Senden Sie uns die Seriennummer Ihres MacBook: Wir pr\u00fcfen die genaue Kompatibilit\u00e4t zeitnah f\u00fcr Sie.<\/span>\n    <\/div>\n<\/section>\n<\/div>","protected":false},"excerpt":{"rendered":"<p>USB - HDMI - SD Karte f\u00fcr MacBook Pro 15\u2033 A1398 (Mid 2012 - Early 2013). Getestetes refurbished Ersatzteil, bereit zum Einbau<\/p>","protected":false},"featured_media":15629,"comment_status":"closed","ping_status":"closed","template":"","meta":{"_acf_changed":false,"_et_pb_use_builder":"","_et_pb_old_content":"","_et_gb_content_width":""},"product_brand":[],"product_cat":[187,17,19,84,83],"product_tag":[],"class_list":{"0":"post-15628","1":"product","2":"type-product","3":"status-publish","4":"has-post-thumbnail","6":"product_cat-cavi-connettori","7":"product_cat-category-macbook-pro","8":"product_cat-parti-ricambio-seconda-mano","9":"product_cat-macbook-pro-15-early-2013-a1398","10":"product_cat-macbook-pro-15-mid-2012-a1398","12":"first","13":"onbackorder","14":"shipping-taxable","15":"purchasable","16":"product-type-simple"},"acf":[],"yoast_head":"<!-- This site is optimized with the Yoast SEO plugin v27.4 - https:\/\/yoast.com\/product\/yoast-seo-wordpress\/ -->\n<title>Scheda USB - HDMI - Lettore SD per MacBook Pro 15&quot; A1398 (Mid 2012 \u2013 Early 2013) \u2013 RICONDIZIONATO<\/title>\n<meta name=\"description\" content=\"Scheda USB - HDMI - Lettore SD per MacBook Pro 15&quot; A1398. Ricambio usato testato per ripristinare le connessioni esterne\" \/>\n<meta name=\"robots\" content=\"index, follow, max-snippet:-1, max-image-preview:large, max-video-preview:-1\" \/>\n<link rel=\"canonical\" href=\"https:\/\/tipicino.ch\/apfelspare\/de\/product\/karte-usb-hdmi-sd-leser-macbook-pro-15-a1398-mitte-2012-anfang-2013\/\" \/>\n<meta property=\"og:locale\" content=\"de_DE\" \/>\n<meta property=\"og:type\" content=\"article\" \/>\n<meta property=\"og:title\" content=\"Scheda USB - HDMI - Lettore SD per MacBook Pro 15&quot; A1398 (Mid 2012 \u2013 Early 2013) \u2013 RICONDIZIONATO\" \/>\n<meta property=\"og:description\" content=\"Scheda USB - HDMI - Lettore SD per MacBook Pro 15&quot; A1398. Ricambio usato testato per ripristinare le connessioni esterne\" \/>\n<meta property=\"og:url\" content=\"https:\/\/tipicino.ch\/apfelspare\/de\/product\/karte-usb-hdmi-sd-leser-macbook-pro-15-a1398-mitte-2012-anfang-2013\/\" \/>\n<meta property=\"og:site_name\" content=\"Ricambi MacBook Pro, MacBook Air e iMac in Svizzera \u2013 Display, Tastiere, Batterie, Trackpad\" \/>\n<meta property=\"article:modified_time\" content=\"2026-02-18T15:07:37+00:00\" \/>\n<meta property=\"og:image\" content=\"https:\/\/tipicino.ch\/apfelspare\/wp-content\/uploads\/2025\/06\/scheda-usb-hdmi-sd-macbook-pro-15-a1398-mid-2012-early-2013-usato.png\" \/>\n\t<meta property=\"og:image:width\" content=\"1000\" \/>\n\t<meta property=\"og:image:height\" content=\"1000\" \/>\n\t<meta property=\"og:image:type\" content=\"image\/png\" \/>\n<meta name=\"twitter:card\" content=\"summary_large_image\" \/>\n<meta name=\"twitter:label1\" content=\"Gesch\u00e4tzte Lesezeit\" \/>\n\t<meta name=\"twitter:data1\" content=\"2\u00a0Minuten\" \/>\n<!-- \/ Yoast SEO plugin. -->","yoast_head_json":{"title":"USB - HDMI - SD Karte f\u00fcr MacBook Pro 15\" A1398 (Mid 2012 - Early 2013) - REFURBISHED","description":"USB - HDMI - SD Karte f\u00fcr MacBook Pro 15\" A1398. Gebrauchte Ersatz getestet, um externe Verbindungen wiederherzustellen","robots":{"index":"index","follow":"follow","max-snippet":"max-snippet:-1","max-image-preview":"max-image-preview:large","max-video-preview":"max-video-preview:-1"},"canonical":"https:\/\/tipicino.ch\/apfelspare\/de\/product\/karte-usb-hdmi-sd-leser-macbook-pro-15-a1398-mitte-2012-anfang-2013\/","og_locale":"de_DE","og_type":"article","og_title":"Scheda USB - HDMI - Lettore SD per MacBook Pro 15\" A1398 (Mid 2012 \u2013 Early 2013) \u2013 RICONDIZIONATO","og_description":"Scheda USB - HDMI - Lettore SD per MacBook Pro 15\" A1398. Ricambio usato testato per ripristinare le connessioni esterne","og_url":"https:\/\/tipicino.ch\/apfelspare\/de\/product\/karte-usb-hdmi-sd-leser-macbook-pro-15-a1398-mitte-2012-anfang-2013\/","og_site_name":"Ricambi MacBook Pro, MacBook Air e iMac in Svizzera \u2013 Display, Tastiere, Batterie, Trackpad","article_modified_time":"2026-02-18T15:07:37+00:00","og_image":[{"width":1000,"height":1000,"url":"https:\/\/tipicino.ch\/apfelspare\/wp-content\/uploads\/2025\/06\/scheda-usb-hdmi-sd-macbook-pro-15-a1398-mid-2012-early-2013-usato.png","type":"image\/png"}],"twitter_card":"summary_large_image","twitter_misc":{"Gesch\u00e4tzte Lesezeit":"2\u00a0Minuten"},"schema":{"@context":"https:\/\/schema.org","@graph":[{"@type":"WebPage","@id":"https:\/\/tipicino.ch\/apfelspare\/de\/prodotto\/scheda-usb-hdmi-lettore-sd-macbook-pro-15-a1398-mid-2012-early-2013\/","url":"https:\/\/tipicino.ch\/apfelspare\/de\/prodotto\/scheda-usb-hdmi-lettore-sd-macbook-pro-15-a1398-mid-2012-early-2013\/","name":"USB - HDMI - SD Karte f\u00fcr MacBook Pro 15\" A1398 (Mid 2012 - Early 2013) - REFURBISHED","isPartOf":{"@id":"https:\/\/tipicino.ch\/apfelspare\/de\/#website"},"primaryImageOfPage":{"@id":"https:\/\/tipicino.ch\/apfelspare\/de\/prodotto\/scheda-usb-hdmi-lettore-sd-macbook-pro-15-a1398-mid-2012-early-2013\/#primaryimage"},"image":{"@id":"https:\/\/tipicino.ch\/apfelspare\/de\/prodotto\/scheda-usb-hdmi-lettore-sd-macbook-pro-15-a1398-mid-2012-early-2013\/#primaryimage"},"thumbnailUrl":"https:\/\/tipicino.ch\/apfelspare\/wp-content\/uploads\/2025\/06\/scheda-usb-hdmi-sd-macbook-pro-15-a1398-mid-2012-early-2013-usato.png","datePublished":"2025-06-20T13:12:14+00:00","dateModified":"2026-02-18T15:07:37+00:00","description":"USB - HDMI - SD Karte f\u00fcr MacBook Pro 15\" A1398. Gebrauchte Ersatz getestet, um externe Verbindungen wiederherzustellen","breadcrumb":{"@id":"https:\/\/tipicino.ch\/apfelspare\/de\/prodotto\/scheda-usb-hdmi-lettore-sd-macbook-pro-15-a1398-mid-2012-early-2013\/#breadcrumb"},"inLanguage":"de-CH","potentialAction":[{"@type":"ReadAction","target":["https:\/\/tipicino.ch\/apfelspare\/de\/prodotto\/scheda-usb-hdmi-lettore-sd-macbook-pro-15-a1398-mid-2012-early-2013\/"]}]},{"@type":"ImageObject","inLanguage":"de-CH","@id":"https:\/\/tipicino.ch\/apfelspare\/de\/prodotto\/scheda-usb-hdmi-lettore-sd-macbook-pro-15-a1398-mid-2012-early-2013\/#primaryimage","url":"https:\/\/tipicino.ch\/apfelspare\/wp-content\/uploads\/2025\/06\/scheda-usb-hdmi-sd-macbook-pro-15-a1398-mid-2012-early-2013-usato.png","contentUrl":"https:\/\/tipicino.ch\/apfelspare\/wp-content\/uploads\/2025\/06\/scheda-usb-hdmi-sd-macbook-pro-15-a1398-mid-2012-early-2013-usato.png","width":1000,"height":1000,"caption":"Scheda USB - HDMI - Lettore SD per MacBook Pro 15\" A1398 (Mid 2012 \u2013 Early 2013) \u2013 USATO"},{"@type":"BreadcrumbList","@id":"https:\/\/tipicino.ch\/apfelspare\/de\/prodotto\/scheda-usb-hdmi-lettore-sd-macbook-pro-15-a1398-mid-2012-early-2013\/#breadcrumb","itemListElement":[{"@type":"ListItem","position":1,"name":"Home","item":"https:\/\/tipicino.ch\/apfelspare\/de\/"},{"@type":"ListItem","position":2,"name":"Shop","item":"https:\/\/tipicino.ch\/apfelspare\/de\/shop\/"},{"@type":"ListItem","position":3,"name":"Scheda USB &#8211; HDMI &#8211; Lettore SD per MacBook Pro 15&#8243; A1398 (Mid 2012 \u2013 Early 2013) \u2013 RICONDIZIONATO"}]},{"@type":"WebSite","@id":"https:\/\/tipicino.ch\/apfelspare\/de\/#website","url":"https:\/\/tipicino.ch\/apfelspare\/de\/","name":"Ersatzteile f\u00fcr MacBook Pro, MacBook Air und iMac in der Schweiz \u2013 Display, Tastaturen, Batterien, Trackpads","description":"","publisher":{"@id":"https:\/\/tipicino.ch\/apfelspare\/de\/#organization"},"potentialAction":[{"@type":"SearchAction","target":{"@type":"EntryPoint","urlTemplate":"https:\/\/tipicino.ch\/apfelspare\/de\/?s={search_term_string}"},"query-input":{"@type":"PropertyValueSpecification","valueRequired":true,"valueName":"search_term_string"}}],"inLanguage":"de-CH"},{"@type":"Organization","@id":"https:\/\/tipicino.ch\/apfelspare\/de\/#organization","name":"tipicino.ch\/apfelspare","url":"https:\/\/tipicino.ch\/apfelspare\/de\/","logo":{"@type":"ImageObject","inLanguage":"de-CH","@id":"https:\/\/tipicino.ch\/apfelspare\/de\/#\/schema\/logo\/image\/","url":"https:\/\/tipicino.ch\/apfelspare\/wp-content\/uploads\/2025\/08\/cropped-FAVICON-tipicino.ch\/apfelspare_.png","contentUrl":"https:\/\/tipicino.ch\/apfelspare\/wp-content\/uploads\/2025\/08\/cropped-FAVICON-tipicino.ch\/apfelspare_.png","width":512,"height":512,"caption":"tipicino.ch\/apfelspare"},"image":{"@id":"https:\/\/tipicino.ch\/apfelspare\/de\/#\/schema\/logo\/image\/"}}]}},"_links":{"self":[{"href":"https:\/\/tipicino.ch\/apfelspare\/de\/wp-json\/wp\/v2\/product\/15628","targetHints":{"allow":["GET"]}}],"collection":[{"href":"https:\/\/tipicino.ch\/apfelspare\/de\/wp-json\/wp\/v2\/product"}],"about":[{"href":"https:\/\/tipicino.ch\/apfelspare\/de\/wp-json\/wp\/v2\/types\/product"}],"replies":[{"embeddable":true,"href":"https:\/\/tipicino.ch\/apfelspare\/de\/wp-json\/wp\/v2\/comments?post=15628"}],"wp:featuredmedia":[{"embeddable":true,"href":"https:\/\/tipicino.ch\/apfelspare\/de\/wp-json\/wp\/v2\/media\/15629"}],"wp:attachment":[{"href":"https:\/\/tipicino.ch\/apfelspare\/de\/wp-json\/wp\/v2\/media?parent=15628"}],"wp:term":[{"taxonomy":"product_brand","embeddable":true,"href":"https:\/\/tipicino.ch\/apfelspare\/de\/wp-json\/wp\/v2\/product_brand?post=15628"},{"taxonomy":"product_cat","embeddable":true,"href":"https:\/\/tipicino.ch\/apfelspare\/de\/wp-json\/wp\/v2\/product_cat?post=15628"},{"taxonomy":"product_tag","embeddable":true,"href":"https:\/\/tipicino.ch\/apfelspare\/de\/wp-json\/wp\/v2\/product_tag?post=15628"}],"curies":[{"name":"wp","href":"https:\/\/api.w.org\/{rel}","templated":true}]}}