{"id":15630,"date":"2025-06-20T13:23:18","date_gmt":"2025-06-20T13:23:18","guid":{"rendered":"https:\/\/tipicino.ch\/apfelspare\/?post_type=product&#038;p=15630"},"modified":"2026-02-18T15:06:26","modified_gmt":"2026-02-18T15:06:26","slug":"karte-usb-hdmi-sd-macbook-pro-15-a1398-ende-2013-mitte-2014-gebraucht","status":"publish","type":"product","link":"https:\/\/tipicino.ch\/apfelspare\/de\/prodotto\/scheda-usb-hdmi-sd-macbook-pro-15-a1398-late-2013-mid-2014-usato\/","title":{"rendered":"USB - HDMI - SD Karte f\u00fcr MacBook Pro 15\u2033 A1398 (Late 2013 - Mid 2014) - REFURBISHED"},"content":{"rendered":"<div class=\"aps-pdp\">\n<section class=\"aps-card\">\n<header class=\"aps-card__head\">\n<h2 class=\"aps-h\">USB-Karte \u2013 HDMI \u2013 SD-Kartenleser f\u00fcr MacBook Pro 15\u2033 A1398 (2013\u20132014)<\/h2>\n<p class=\"aps-sub\">Sekund\u00e4res Ersatz-I\/O-Modul f\u00fcr die Verwaltung der Daten- und Videoanschl\u00fcsse.<\/p>\n<\/header>\n<p>\n      Liest der SD-Kartenleser keine Karten mehr oder \u00fcbertr\u00e4gt der HDMI-Ausgang kein Signal mehr an den Monitor? Diese Probleme k\u00f6nnten durch eine defekte sekund\u00e4re I\/O-Karte verursacht werden. Dieses Modul ist nicht nur f\u00fcr die USB-, HDMI- und SD-Anschl\u00fcsse essenziell, sondern dient auch als Br\u00fccke f\u00fcr einige Signale des LCD-Panels. Durch den Austausch des Teils gegen dieses refurbished und garantierte Ersatzteil w\u00fcrde die volle Funktionsf\u00e4higkeit der externen Anschl\u00fcsse wiederhergestellt, was die Stabilit\u00e4t bei der Daten\u00fcbertragung und der Video\u00fcbermittlung gew\u00e4hrleistet.\n    <\/p>\n<div class=\"aps-note aps-note--warn\">\n      <span class=\"aps-note__ico\">!<\/span><br \/>\n      <span class=\"aps-note__txt\"><strong>KOMPATIBILIT\u00c4TSHINWEIS:<\/strong> Diese Karte (P\/N 820-3547-A) ist ausschliesslich f\u00fcr die Modelle Late 2013 und Mid 2014 konzipiert. Wir empfehlen Ihnen, das Jahr Ihres MacBook Pro in den Systeminformationen zu \u00fcberpr\u00fcfen, da die Modelle von 2012 und 2015 unterschiedliche Karten verwenden, die nicht mit diesem spezifischen Schaltkreis kompatibel sind.<\/span>\n    <\/div>\n<\/section>\n<section class=\"aps-card\">\n<header class=\"aps-card__head\">\n<h2 class=\"aps-h\">Unterst\u00fctzte Modelle<\/h2>\n<p class=\"aps-sub\">MacBook Pro 15\u2033 Retina-Versionen, die mit diesem Ersatzteil kompatibel sind.<\/p>\n<\/header>\n<ul class=\"aps-check\">\n<li><strong>MacBook Pro 15\u2033 A1398 (Mid 2014)<\/strong> <span class=\"aps-badge\">MacBookPro11.2 \/ 11.3<\/span><\/li>\n<li><strong>MacBook Pro 15\u2033 A1398 (Late 2013)<\/strong> <span class=\"aps-badge\">MacBookPro11.2 \/ 11.3<\/span><\/li>\n<\/ul>\n<\/section>\n<section class=\"aps-card\">\n<header class=\"aps-card__head\">\n<h2 class=\"aps-h\">Technische Eigenschaften<\/h2>\n<p class=\"aps-sub\">Spezifikationen des Erweiterungsmoduls.<\/p>\n<\/header>\n<div class=\"aps-specgrid\">\n<div class=\"aps-spec\">\n<div><span>Ersatzteiltyp<\/span><strong>USB-Karte \/ HDMI \/ SD<\/strong><\/div>\n<\/div>\n<div class=\"aps-spec\">\n<div><span>Part Number<\/span><strong>820-3547-A<\/strong><\/div>\n<\/div>\n<div class=\"aps-spec\">\n<div><span>Zustand<\/span><strong>Refurbished, gepr\u00fcft<\/strong><\/div>\n<\/div><\/div>\n<\/section>\n<section class=\"aps-card aps-callout aps-callout--warn\">\n<header class=\"aps-card__head\">\n<h2 class=\"aps-h\">Installation und Hinweise<\/h2>\n<p class=\"aps-sub\">Hinweise f\u00fcr eine sichere Reparatur.<\/p>\n<\/header>\n<p>\n      Die Installation erfordert das \u00d6ffnen der Geh\u00e4useunterseite des MacBooks. Da die Karte \u00fcber empfindliche Flachbandkabel verbunden ist, empfehlen wir Ihnen, mit \u00e4usserster Vorsicht vorzugehen, um die Anschl\u00fcsse auf dem Logic Board nicht zu besch\u00e4digen. Es ist zwingend erforderlich, als ersten Schritt die Batterie abzuklemmen, um das Ger\u00e4t vor m\u00f6glichen Kurzschl\u00fcssen zu sch\u00fctzen. Wenn Sie keine Erfahrung mit der Demontage von Innenteilen haben, k\u00f6nnte der Einsatz eines erfahrenen Technikers hilfreich sein, um versehentliche Sch\u00e4den am Display oder an anderen kritischen Komponenten zu vermeiden.\n    <\/p>\n<\/section>\n<section class=\"aps-card aps-callout aps-callout--info\">\n<header class=\"aps-card__head\">\n<h2 class=\"aps-h\">Sind Sie unsicher, ob dieses Ersatzteil das richtige ist?<\/h2>\n<p class=\"aps-sub\">Kontaktieren Sie uns f\u00fcr Unterst\u00fctzung bei der Auswahl des passenden Ersatzteils f\u00fcr Ihr Ger\u00e4t.<\/p>\n<\/header>\n<div class=\"aps-cta\">\n      <a class=\"aps-btn\" href=\"mailto:info@apfelspare.ch\">info@apfelspare.ch<\/a><br \/>\n      <span class=\"aps-cta__hint\">Senden Sie uns die Seriennummer Ihres MacBook: Wir pr\u00fcfen die genaue Kompatibilit\u00e4t zeitnah f\u00fcr Sie.<\/span>\n    <\/div>\n<\/section>\n<\/div>","protected":false},"excerpt":{"rendered":"<p>USB - HDMI - SD Karte f\u00fcr MacBook Pro 15\u2033 A1398 (Late 2013 - Mid 2014). Getestetes refurbished Ersatzteil, bereit zum Einbau<\/p>","protected":false},"featured_media":15631,"comment_status":"closed","ping_status":"closed","template":"","meta":{"_acf_changed":false,"_et_pb_use_builder":"","_et_pb_old_content":"","_et_gb_content_width":""},"product_brand":[],"product_cat":[187,17,19,86,85],"product_tag":[],"class_list":{"0":"post-15630","1":"product","2":"type-product","3":"status-publish","4":"has-post-thumbnail","6":"product_cat-cavi-connettori","7":"product_cat-category-macbook-pro","8":"product_cat-parti-ricambio-seconda-mano","9":"product_cat-macbook-pro-15-mid-2014-a1398","10":"product_cat-macbook-pro-15-late-2013-a1398","12":"first","13":"onbackorder","14":"shipping-taxable","15":"purchasable","16":"product-type-simple"},"acf":[],"yoast_head":"<!-- This site is optimized with the Yoast SEO plugin v27.4 - https:\/\/yoast.com\/product\/yoast-seo-wordpress\/ -->\n<title>Scheda USB - HDMI - Lettore SD per MacBook Pro 15&quot; A1398 (Late 2013 \u2013 Mid 2014) \u2013 RICONDIZIONATO<\/title>\n<meta name=\"description\" content=\"Scheda USB - HDMI - Lettore SD per MacBook Pro 15&quot; A1398. Ricambio usato testato per ripristinare le connessioni esterne\" \/>\n<meta name=\"robots\" content=\"index, follow, max-snippet:-1, max-image-preview:large, max-video-preview:-1\" \/>\n<link rel=\"canonical\" href=\"https:\/\/tipicino.ch\/apfelspare\/de\/product\/karte-usb-hdmi-sd-macbook-pro-15-a1398-ende-2013-mitte-2014-gebraucht\/\" \/>\n<meta property=\"og:locale\" content=\"de_DE\" \/>\n<meta property=\"og:type\" content=\"article\" \/>\n<meta property=\"og:title\" content=\"Scheda USB - HDMI - Lettore SD per MacBook Pro 15&quot; A1398 (Late 2013 \u2013 Mid 2014) \u2013 RICONDIZIONATO\" \/>\n<meta property=\"og:description\" content=\"Scheda USB - HDMI - Lettore SD per MacBook Pro 15&quot; A1398. Ricambio usato testato per ripristinare le connessioni esterne\" \/>\n<meta property=\"og:url\" content=\"https:\/\/tipicino.ch\/apfelspare\/de\/product\/karte-usb-hdmi-sd-macbook-pro-15-a1398-ende-2013-mitte-2014-gebraucht\/\" \/>\n<meta property=\"og:site_name\" content=\"Ricambi MacBook Pro, MacBook Air e iMac in Svizzera \u2013 Display, Tastiere, Batterie, Trackpad\" \/>\n<meta property=\"article:modified_time\" content=\"2026-02-18T15:06:26+00:00\" \/>\n<meta property=\"og:image\" content=\"https:\/\/tipicino.ch\/apfelspare\/wp-content\/uploads\/2025\/06\/scheda-usb-hdmi-sd-macbook-pro-15-a1398-late-2013-mid-2014-usato.png\" \/>\n\t<meta property=\"og:image:width\" content=\"1000\" \/>\n\t<meta property=\"og:image:height\" content=\"1000\" \/>\n\t<meta property=\"og:image:type\" content=\"image\/png\" \/>\n<meta name=\"twitter:card\" content=\"summary_large_image\" \/>\n<meta name=\"twitter:label1\" content=\"Gesch\u00e4tzte Lesezeit\" \/>\n\t<meta name=\"twitter:data1\" content=\"2\u00a0Minuten\" \/>\n<!-- \/ Yoast SEO plugin. -->","yoast_head_json":{"title":"USB - HDMI - SD Karte f\u00fcr MacBook Pro 15\" A1398 (Late 2013 - Mid 2014) - REFURBISHED","description":"USB - HDMI - SD Karte f\u00fcr MacBook Pro 15\" A1398. Gebrauchte Ersatz getestet, um externe Verbindungen wiederherzustellen","robots":{"index":"index","follow":"follow","max-snippet":"max-snippet:-1","max-image-preview":"max-image-preview:large","max-video-preview":"max-video-preview:-1"},"canonical":"https:\/\/tipicino.ch\/apfelspare\/de\/product\/karte-usb-hdmi-sd-macbook-pro-15-a1398-ende-2013-mitte-2014-gebraucht\/","og_locale":"de_DE","og_type":"article","og_title":"Scheda USB - HDMI - Lettore SD per MacBook Pro 15\" A1398 (Late 2013 \u2013 Mid 2014) \u2013 RICONDIZIONATO","og_description":"Scheda USB - HDMI - Lettore SD per MacBook Pro 15\" A1398. Ricambio usato testato per ripristinare le connessioni esterne","og_url":"https:\/\/tipicino.ch\/apfelspare\/de\/product\/karte-usb-hdmi-sd-macbook-pro-15-a1398-ende-2013-mitte-2014-gebraucht\/","og_site_name":"Ricambi MacBook Pro, MacBook Air e iMac in Svizzera \u2013 Display, Tastiere, Batterie, Trackpad","article_modified_time":"2026-02-18T15:06:26+00:00","og_image":[{"width":1000,"height":1000,"url":"https:\/\/tipicino.ch\/apfelspare\/wp-content\/uploads\/2025\/06\/scheda-usb-hdmi-sd-macbook-pro-15-a1398-late-2013-mid-2014-usato.png","type":"image\/png"}],"twitter_card":"summary_large_image","twitter_misc":{"Gesch\u00e4tzte Lesezeit":"2\u00a0Minuten"},"schema":{"@context":"https:\/\/schema.org","@graph":[{"@type":"WebPage","@id":"https:\/\/tipicino.ch\/apfelspare\/de\/prodotto\/scheda-usb-hdmi-sd-macbook-pro-15-a1398-late-2013-mid-2014-usato\/","url":"https:\/\/tipicino.ch\/apfelspare\/de\/prodotto\/scheda-usb-hdmi-sd-macbook-pro-15-a1398-late-2013-mid-2014-usato\/","name":"USB - HDMI - SD Karte f\u00fcr MacBook Pro 15\" A1398 (Late 2013 - Mid 2014) - REFURBISHED","isPartOf":{"@id":"https:\/\/tipicino.ch\/apfelspare\/de\/#website"},"primaryImageOfPage":{"@id":"https:\/\/tipicino.ch\/apfelspare\/de\/prodotto\/scheda-usb-hdmi-sd-macbook-pro-15-a1398-late-2013-mid-2014-usato\/#primaryimage"},"image":{"@id":"https:\/\/tipicino.ch\/apfelspare\/de\/prodotto\/scheda-usb-hdmi-sd-macbook-pro-15-a1398-late-2013-mid-2014-usato\/#primaryimage"},"thumbnailUrl":"https:\/\/tipicino.ch\/apfelspare\/wp-content\/uploads\/2025\/06\/scheda-usb-hdmi-sd-macbook-pro-15-a1398-late-2013-mid-2014-usato.png","datePublished":"2025-06-20T13:23:18+00:00","dateModified":"2026-02-18T15:06:26+00:00","description":"USB - HDMI - SD Karte f\u00fcr MacBook Pro 15\" A1398. Gebrauchte Ersatz getestet, um externe Verbindungen wiederherzustellen","breadcrumb":{"@id":"https:\/\/tipicino.ch\/apfelspare\/de\/prodotto\/scheda-usb-hdmi-sd-macbook-pro-15-a1398-late-2013-mid-2014-usato\/#breadcrumb"},"inLanguage":"de-CH","potentialAction":[{"@type":"ReadAction","target":["https:\/\/tipicino.ch\/apfelspare\/de\/prodotto\/scheda-usb-hdmi-sd-macbook-pro-15-a1398-late-2013-mid-2014-usato\/"]}]},{"@type":"ImageObject","inLanguage":"de-CH","@id":"https:\/\/tipicino.ch\/apfelspare\/de\/prodotto\/scheda-usb-hdmi-sd-macbook-pro-15-a1398-late-2013-mid-2014-usato\/#primaryimage","url":"https:\/\/tipicino.ch\/apfelspare\/wp-content\/uploads\/2025\/06\/scheda-usb-hdmi-sd-macbook-pro-15-a1398-late-2013-mid-2014-usato.png","contentUrl":"https:\/\/tipicino.ch\/apfelspare\/wp-content\/uploads\/2025\/06\/scheda-usb-hdmi-sd-macbook-pro-15-a1398-late-2013-mid-2014-usato.png","width":1000,"height":1000,"caption":"Scheda USB - HDMI - Lettore SD per MacBook Pro 15\" A1398 (Late 2013 \u2013 Mid 2014) \u2013 USATO"},{"@type":"BreadcrumbList","@id":"https:\/\/tipicino.ch\/apfelspare\/de\/prodotto\/scheda-usb-hdmi-sd-macbook-pro-15-a1398-late-2013-mid-2014-usato\/#breadcrumb","itemListElement":[{"@type":"ListItem","position":1,"name":"Home","item":"https:\/\/tipicino.ch\/apfelspare\/de\/"},{"@type":"ListItem","position":2,"name":"Shop","item":"https:\/\/tipicino.ch\/apfelspare\/de\/shop\/"},{"@type":"ListItem","position":3,"name":"Scheda USB &#8211; HDMI &#8211; Lettore SD per MacBook Pro 15&#8243; A1398 (Late 2013 \u2013 Mid 2014) \u2013 RICONDIZIONATO"}]},{"@type":"WebSite","@id":"https:\/\/tipicino.ch\/apfelspare\/de\/#website","url":"https:\/\/tipicino.ch\/apfelspare\/de\/","name":"Ersatzteile f\u00fcr MacBook Pro, MacBook Air und iMac in der Schweiz \u2013 Display, Tastaturen, Batterien, Trackpads","description":"","publisher":{"@id":"https:\/\/tipicino.ch\/apfelspare\/de\/#organization"},"potentialAction":[{"@type":"SearchAction","target":{"@type":"EntryPoint","urlTemplate":"https:\/\/tipicino.ch\/apfelspare\/de\/?s={search_term_string}"},"query-input":{"@type":"PropertyValueSpecification","valueRequired":true,"valueName":"search_term_string"}}],"inLanguage":"de-CH"},{"@type":"Organization","@id":"https:\/\/tipicino.ch\/apfelspare\/de\/#organization","name":"tipicino.ch\/apfelspare","url":"https:\/\/tipicino.ch\/apfelspare\/de\/","logo":{"@type":"ImageObject","inLanguage":"de-CH","@id":"https:\/\/tipicino.ch\/apfelspare\/de\/#\/schema\/logo\/image\/","url":"https:\/\/tipicino.ch\/apfelspare\/wp-content\/uploads\/2025\/08\/cropped-FAVICON-tipicino.ch\/apfelspare_.png","contentUrl":"https:\/\/tipicino.ch\/apfelspare\/wp-content\/uploads\/2025\/08\/cropped-FAVICON-tipicino.ch\/apfelspare_.png","width":512,"height":512,"caption":"tipicino.ch\/apfelspare"},"image":{"@id":"https:\/\/tipicino.ch\/apfelspare\/de\/#\/schema\/logo\/image\/"}}]}},"_links":{"self":[{"href":"https:\/\/tipicino.ch\/apfelspare\/de\/wp-json\/wp\/v2\/product\/15630","targetHints":{"allow":["GET"]}}],"collection":[{"href":"https:\/\/tipicino.ch\/apfelspare\/de\/wp-json\/wp\/v2\/product"}],"about":[{"href":"https:\/\/tipicino.ch\/apfelspare\/de\/wp-json\/wp\/v2\/types\/product"}],"replies":[{"embeddable":true,"href":"https:\/\/tipicino.ch\/apfelspare\/de\/wp-json\/wp\/v2\/comments?post=15630"}],"wp:featuredmedia":[{"embeddable":true,"href":"https:\/\/tipicino.ch\/apfelspare\/de\/wp-json\/wp\/v2\/media\/15631"}],"wp:attachment":[{"href":"https:\/\/tipicino.ch\/apfelspare\/de\/wp-json\/wp\/v2\/media?parent=15630"}],"wp:term":[{"taxonomy":"product_brand","embeddable":true,"href":"https:\/\/tipicino.ch\/apfelspare\/de\/wp-json\/wp\/v2\/product_brand?post=15630"},{"taxonomy":"product_cat","embeddable":true,"href":"https:\/\/tipicino.ch\/apfelspare\/de\/wp-json\/wp\/v2\/product_cat?post=15630"},{"taxonomy":"product_tag","embeddable":true,"href":"https:\/\/tipicino.ch\/apfelspare\/de\/wp-json\/wp\/v2\/product_tag?post=15630"}],"curies":[{"name":"wp","href":"https:\/\/api.w.org\/{rel}","templated":true}]}}