{"id":15771,"date":"2025-06-25T12:23:25","date_gmt":"2025-06-25T12:23:25","guid":{"rendered":"https:\/\/tipicino.ch\/apfelspare\/?post_type=product&#038;p=15771"},"modified":"2026-04-07T14:30:33","modified_gmt":"2026-04-07T14:30:33","slug":"display-kabel-macbook-pro-15-16-a1707-a1990-a2141-ende-2016-ende-2019","status":"publish","type":"product","link":"https:\/\/tipicino.ch\/apfelspare\/de\/prodotto\/cavo-display-macbook-pro-15-16-a1707-a1990-a2141-late-2016-late-2019\/","title":{"rendered":"Displaykabel f\u00fcr MacBook Pro 15\u2033 16\u2033 A1707 A1990 A2141 (Late 2016 - Late 2019)"},"content":{"rendered":"<div class=\"aps-pdp\">\n<section class=\"aps-card\">\n<header class=\"aps-card__head\">\n<h2 class=\"aps-h\">Display-Kabel f\u00fcr MacBook Pro 15\u2033 16\u2033 A1707 A1990 A2141 (2016-2019)<\/h2>\n<p class=\"aps-sub\">Retina Video-Signalkabel (eDP) f\u00fcr MacBook Pro 15\u2033 und 16\u2033 Intel Modelle.<\/p>\n<\/header>\n<p>\n      Zeigt Ihr MacBook Pro einen schwarzen Bildschirm, wenn Sie es \u00fcber einen bestimmten Winkel hinaus \u00f6ffnen? Oder bemerken Sie farbige Linien, Flackern oder das pl\u00f6tzliche Verschwinden des Videosignals? Diese Fehlfunktion k\u00f6nnte durch ein abgenutztes oder besch\u00e4digtes Displaykabel (Video Flex) verursacht werden. Bei 15\u2033- und 16\u2033-Modellen, die zwischen 2016 und 2019 hergestellt wurden, ist das Kabel w\u00e4hrend der Scharnierbewegung einer erheblichen mechanischen Belastung ausgesetzt, ein Ph\u00e4nomen, das oft als \u201cFlexgate\u201d bezeichnet wird. Der Austausch des Teils durch dieses \u00fcberholte Ersatzteil kann die perfekte Videosignal\u00fcbertragung wiederherstellen, visuelle M\u00e4ngel beseitigen und die volle Funktionsf\u00e4higkeit des Retina-Panels wiederherstellen.\n    <\/p>\n<div class=\"aps-note aps-note--warn\">\n      <span class=\"aps-note__ico\">!<\/span><br \/>\n      <span class=\"aps-note__txt\"><strong>KOMPATIBILIT\u00c4TSHINWEIS:<\/strong> Dieses Kabel ist f\u00fcr A1707, A1990 und A2141 Geh\u00e4use konzipiert. Wir empfehlen Ihnen, die auf der Unterseite Ihres MacBooks eingravierte Modellnummer vor dem Kauf sorgf\u00e4ltig zu \u00fcberpr\u00fcfen, da 13\u2033-Versionen oder sp\u00e4tere Modelle mit Apple Silicon-Chips Anschl\u00fcsse mit unterschiedlichen L\u00e4ngen und Spezifikationen verwenden, die nicht kompatibel sind.<\/span>\n    <\/div>\n<\/section>\n<section class=\"aps-card\">\n<header class=\"aps-card__head\">\n<h2 class=\"aps-h\">Unterst\u00fctzte Modelle<\/h2>\n<p class=\"aps-sub\">MacBook Pro-Versionen, die mit diesem speziellen Signalkabel kompatibel sind.<\/p>\n<\/header>\n<ul class=\"aps-check\">\n<li><strong>MacBook Pro 16\u2033 A2141 (Late 2019)<\/strong> <span class=\"aps-badge\">MacBookPro16.1<\/span> <span class=\"aps-badge\">MacBookPro16.4<\/span><\/li>\n<li><strong>MacBook Pro 15\u2033 A1990 (Mid 2018 - 2019)<\/strong> <span class=\"aps-badge\">MacBookPro15.1<\/span> <span class=\"aps-badge\">MacBookPro15.3<\/span><\/li>\n<li><strong>MacBook Pro 15\u2033 A1707 (Mid 2017)<\/strong> <span class=\"aps-badge\">MacBookPro14.3<\/span><\/li>\n<li><strong>MacBook Pro 15\u2033 A1707 (Late 2016)<\/strong> <span class=\"aps-badge\">MacBookPro13.3<\/span><\/li>\n<\/ul>\n<\/section>\n<section class=\"aps-card\">\n<header class=\"aps-card__head\">\n<h2 class=\"aps-h\">Technische Eigenschaften<\/h2>\n<p class=\"aps-sub\">Details zum Ersatzteil.<\/p>\n<\/header>\n<div class=\"aps-specgrid\">\n<div class=\"aps-spec\">\n<div><span>Ersatzteiltyp<\/span><strong>Displaykabel (Video-Flex)<\/strong><\/div>\n<\/div>\n<div class=\"aps-spec\">\n<div><span>Schnittstelle<\/span><strong>eDP-Retina<\/strong><\/div>\n<\/div>\n<div class=\"aps-spec\">\n<div><span>Zustand<\/span><strong>Neu<\/strong><\/div>\n<\/div><\/div>\n<\/section>\n<section class=\"aps-card aps-callout aps-callout--warn\">\n<header class=\"aps-card__head\">\n<h2 class=\"aps-h\">Installation und Hinweise<\/h2>\n<p class=\"aps-sub\">Technische Hinweise f\u00fcr eine sichere Reparatur.<\/p>\n<\/header>\n<p>\n      Die Installation des Display-Kabels erfordert die Demontage des unteren Geh\u00e4uses und die vollst\u00e4ndige Entfernung des LCD-Display-Moduls, um den Kabelweg durch das Scharnier richtig zug\u00e4nglich zu machen. Wir raten Ihnen, dem Anschluss auf der Logikkarte besondere Aufmerksamkeit zu schenken: Die Stifte sind mikroskopisch klein und eine falsche Ausrichtung w\u00e4hrend des Einpressens k\u00f6nnte zu dauerhaften Sch\u00e4den an der Hauptplatine f\u00fchren. Als erster Schritt muss die Batterie abgeklemmt werden. Angesichts der Komplexit\u00e4t des Vorgangs kann die Hilfe eines erfahrenen Technikers hilfreich sein, um versehentliche Sch\u00e4den an internen Komponenten oder der Hintergrundbeleuchtung zu vermeiden.\n    <\/p>\n<\/section>\n<section class=\"aps-card aps-callout aps-callout--info\">\n<header class=\"aps-card__head\">\n<h2 class=\"aps-h\">Sind Sie unsicher, ob dieses Ersatzteil das richtige ist?<\/h2>\n<p class=\"aps-sub\">Kontaktieren Sie uns f\u00fcr Unterst\u00fctzung bei der Auswahl des passenden Ersatzteils f\u00fcr Ihr Ger\u00e4t.<\/p>\n<\/header>\n<div class=\"aps-cta\">\n      <a class=\"aps-btn\" href=\"mailto:info@apfelspare.ch\">info@apfelspare.ch<\/a><br \/>\n      <span class=\"aps-cta__hint\">Senden Sie uns die Seriennummer Ihres MacBook Pro: Wir \u00fcberpr\u00fcfen die exakte Kompatibilit\u00e4t kurzfristig f\u00fcr Sie.<\/span>\n    <\/div>\n<\/section>\n<\/div>","protected":false},"excerpt":{"rendered":"<p>Displaykabel f\u00fcr MacBook Pro 15\u2033 16\u2033 A1707 A1990 A2141 (Late 2016 - Late 2019)<\/p>","protected":false},"featured_media":15772,"comment_status":"closed","ping_status":"closed","template":"","meta":{"_acf_changed":false,"_et_pb_use_builder":"","_et_pb_old_content":"","_et_gb_content_width":""},"product_brand":[],"product_cat":[179,187,17,69,74,73,77,76],"product_tag":[],"class_list":{"0":"post-15771","1":"product","2":"type-product","3":"status-publish","4":"has-post-thumbnail","6":"product_cat-display","7":"product_cat-cavi-connettori","8":"product_cat-category-macbook-pro","9":"product_cat-macbook-pro-16-late-2019-a2141","10":"product_cat-macbook-pro-15-mid-2019-a1990","11":"product_cat-macbook-pro-15-mid-2018-a1990","12":"product_cat-macbook-pro-15-mid-2017-a1707","13":"product_cat-macbook-pro-15-late-2016-a1707","14":"product_shipping_class-1-2-disponibili","16":"first","17":"instock","18":"shipping-taxable","19":"purchasable","20":"product-type-variable"},"acf":[],"yoast_head":"<!-- This site is optimized with the Yoast SEO plugin v27.4 - https:\/\/yoast.com\/product\/yoast-seo-wordpress\/ -->\n<title>Cavo display per MacBook Pro 15&quot; 16&quot; A1707 A1990 A2141 (Late 2016 \u2013 Late 2019)<\/title>\n<meta name=\"description\" content=\"Cavo display per MacBook Pro 15&quot; 16&quot; A1707 A1990 A2141 (Late 2016 \u2013 Late 2019)\" \/>\n<meta name=\"robots\" content=\"index, follow, max-snippet:-1, max-image-preview:large, max-video-preview:-1\" \/>\n<link rel=\"canonical\" href=\"https:\/\/tipicino.ch\/apfelspare\/de\/product\/display-kabel-macbook-pro-15-16-a1707-a1990-a2141-ende-2016-ende-2019\/\" \/>\n<meta property=\"og:locale\" content=\"de_DE\" \/>\n<meta property=\"og:type\" content=\"article\" \/>\n<meta property=\"og:title\" content=\"Cavo display per MacBook Pro 15&quot; 16&quot; A1707 A1990 A2141 (Late 2016 \u2013 Late 2019)\" \/>\n<meta property=\"og:description\" content=\"Cavo display per MacBook Pro 15&quot; 16&quot; A1707 A1990 A2141 (Late 2016 \u2013 Late 2019)\" \/>\n<meta property=\"og:url\" content=\"https:\/\/tipicino.ch\/apfelspare\/de\/product\/display-kabel-macbook-pro-15-16-a1707-a1990-a2141-ende-2016-ende-2019\/\" \/>\n<meta property=\"og:site_name\" content=\"Ricambi MacBook Pro, MacBook Air e iMac in Svizzera \u2013 Display, Tastiere, Batterie, Trackpad\" \/>\n<meta property=\"article:modified_time\" content=\"2026-04-07T14:30:33+00:00\" \/>\n<meta property=\"og:image\" content=\"https:\/\/tipicino.ch\/apfelspare\/wp-content\/uploads\/2025\/06\/cavo-display-macbook-pro-15-16-a1707-a1990-a2141-late-2016-late-2019.png\" \/>\n\t<meta property=\"og:image:width\" content=\"1000\" \/>\n\t<meta property=\"og:image:height\" content=\"1000\" \/>\n\t<meta property=\"og:image:type\" content=\"image\/png\" \/>\n<meta name=\"twitter:card\" content=\"summary_large_image\" \/>\n<meta name=\"twitter:label1\" content=\"Gesch\u00e4tzte Lesezeit\" \/>\n\t<meta name=\"twitter:data1\" content=\"3\u00a0Minuten\" \/>\n<!-- \/ Yoast SEO plugin. -->","yoast_head_json":{"title":"Displaykabel f\u00fcr MacBook Pro 15\" 16\" A1707 A1990 A2141 (Late 2016 - Late 2019)","description":"Displaykabel f\u00fcr MacBook Pro 15\" 16\" A1707 A1990 A2141 (Late 2016 - Late 2019)","robots":{"index":"index","follow":"follow","max-snippet":"max-snippet:-1","max-image-preview":"max-image-preview:large","max-video-preview":"max-video-preview:-1"},"canonical":"https:\/\/tipicino.ch\/apfelspare\/de\/product\/display-kabel-macbook-pro-15-16-a1707-a1990-a2141-ende-2016-ende-2019\/","og_locale":"de_DE","og_type":"article","og_title":"Cavo display per MacBook Pro 15\" 16\" A1707 A1990 A2141 (Late 2016 \u2013 Late 2019)","og_description":"Cavo display per MacBook Pro 15\" 16\" A1707 A1990 A2141 (Late 2016 \u2013 Late 2019)","og_url":"https:\/\/tipicino.ch\/apfelspare\/de\/product\/display-kabel-macbook-pro-15-16-a1707-a1990-a2141-ende-2016-ende-2019\/","og_site_name":"Ricambi MacBook Pro, MacBook Air e iMac in Svizzera \u2013 Display, Tastiere, Batterie, Trackpad","article_modified_time":"2026-04-07T14:30:33+00:00","og_image":[{"width":1000,"height":1000,"url":"https:\/\/tipicino.ch\/apfelspare\/wp-content\/uploads\/2025\/06\/cavo-display-macbook-pro-15-16-a1707-a1990-a2141-late-2016-late-2019.png","type":"image\/png"}],"twitter_card":"summary_large_image","twitter_misc":{"Gesch\u00e4tzte Lesezeit":"3\u00a0Minuten"},"schema":{"@context":"https:\/\/schema.org","@graph":[{"@type":"WebPage","@id":"https:\/\/tipicino.ch\/apfelspare\/de\/prodotto\/cavo-display-macbook-pro-15-16-a1707-a1990-a2141-late-2016-late-2019\/","url":"https:\/\/tipicino.ch\/apfelspare\/de\/prodotto\/cavo-display-macbook-pro-15-16-a1707-a1990-a2141-late-2016-late-2019\/","name":"Displaykabel f\u00fcr MacBook Pro 15\" 16\" A1707 A1990 A2141 (Late 2016 - Late 2019)","isPartOf":{"@id":"https:\/\/tipicino.ch\/apfelspare\/de\/#website"},"primaryImageOfPage":{"@id":"https:\/\/tipicino.ch\/apfelspare\/de\/prodotto\/cavo-display-macbook-pro-15-16-a1707-a1990-a2141-late-2016-late-2019\/#primaryimage"},"image":{"@id":"https:\/\/tipicino.ch\/apfelspare\/de\/prodotto\/cavo-display-macbook-pro-15-16-a1707-a1990-a2141-late-2016-late-2019\/#primaryimage"},"thumbnailUrl":"https:\/\/tipicino.ch\/apfelspare\/wp-content\/uploads\/2025\/06\/cavo-display-macbook-pro-15-16-a1707-a1990-a2141-late-2016-late-2019.png","datePublished":"2025-06-25T12:23:25+00:00","dateModified":"2026-04-07T14:30:33+00:00","description":"Displaykabel f\u00fcr MacBook Pro 15\" 16\" A1707 A1990 A2141 (Late 2016 - Late 2019)","breadcrumb":{"@id":"https:\/\/tipicino.ch\/apfelspare\/de\/prodotto\/cavo-display-macbook-pro-15-16-a1707-a1990-a2141-late-2016-late-2019\/#breadcrumb"},"inLanguage":"de-CH","potentialAction":[{"@type":"ReadAction","target":["https:\/\/tipicino.ch\/apfelspare\/de\/prodotto\/cavo-display-macbook-pro-15-16-a1707-a1990-a2141-late-2016-late-2019\/"]}]},{"@type":"ImageObject","inLanguage":"de-CH","@id":"https:\/\/tipicino.ch\/apfelspare\/de\/prodotto\/cavo-display-macbook-pro-15-16-a1707-a1990-a2141-late-2016-late-2019\/#primaryimage","url":"https:\/\/tipicino.ch\/apfelspare\/wp-content\/uploads\/2025\/06\/cavo-display-macbook-pro-15-16-a1707-a1990-a2141-late-2016-late-2019.png","contentUrl":"https:\/\/tipicino.ch\/apfelspare\/wp-content\/uploads\/2025\/06\/cavo-display-macbook-pro-15-16-a1707-a1990-a2141-late-2016-late-2019.png","width":1000,"height":1000,"caption":"Cavo display per MacBook Pro 15\" 16\" A1707 A1990 A2141 (Late 2016 \u2013 Late 2019)"},{"@type":"BreadcrumbList","@id":"https:\/\/tipicino.ch\/apfelspare\/de\/prodotto\/cavo-display-macbook-pro-15-16-a1707-a1990-a2141-late-2016-late-2019\/#breadcrumb","itemListElement":[{"@type":"ListItem","position":1,"name":"Home","item":"https:\/\/tipicino.ch\/apfelspare\/de\/"},{"@type":"ListItem","position":2,"name":"Shop","item":"https:\/\/tipicino.ch\/apfelspare\/de\/shop\/"},{"@type":"ListItem","position":3,"name":"Cavo display per MacBook Pro 15&#8243; 16&#8243; A1707 A1990 A2141 (Late 2016 \u2013 Late 2019)"}]},{"@type":"WebSite","@id":"https:\/\/tipicino.ch\/apfelspare\/de\/#website","url":"https:\/\/tipicino.ch\/apfelspare\/de\/","name":"Ersatzteile f\u00fcr MacBook Pro, MacBook Air und iMac in der Schweiz \u2013 Display, Tastaturen, Batterien, Trackpads","description":"","publisher":{"@id":"https:\/\/tipicino.ch\/apfelspare\/de\/#organization"},"potentialAction":[{"@type":"SearchAction","target":{"@type":"EntryPoint","urlTemplate":"https:\/\/tipicino.ch\/apfelspare\/de\/?s={search_term_string}"},"query-input":{"@type":"PropertyValueSpecification","valueRequired":true,"valueName":"search_term_string"}}],"inLanguage":"de-CH"},{"@type":"Organization","@id":"https:\/\/tipicino.ch\/apfelspare\/de\/#organization","name":"tipicino.ch\/apfelspare","url":"https:\/\/tipicino.ch\/apfelspare\/de\/","logo":{"@type":"ImageObject","inLanguage":"de-CH","@id":"https:\/\/tipicino.ch\/apfelspare\/de\/#\/schema\/logo\/image\/","url":"https:\/\/tipicino.ch\/apfelspare\/wp-content\/uploads\/2025\/08\/cropped-FAVICON-tipicino.ch\/apfelspare_.png","contentUrl":"https:\/\/tipicino.ch\/apfelspare\/wp-content\/uploads\/2025\/08\/cropped-FAVICON-tipicino.ch\/apfelspare_.png","width":512,"height":512,"caption":"tipicino.ch\/apfelspare"},"image":{"@id":"https:\/\/tipicino.ch\/apfelspare\/de\/#\/schema\/logo\/image\/"}}]}},"_links":{"self":[{"href":"https:\/\/tipicino.ch\/apfelspare\/de\/wp-json\/wp\/v2\/product\/15771","targetHints":{"allow":["GET"]}}],"collection":[{"href":"https:\/\/tipicino.ch\/apfelspare\/de\/wp-json\/wp\/v2\/product"}],"about":[{"href":"https:\/\/tipicino.ch\/apfelspare\/de\/wp-json\/wp\/v2\/types\/product"}],"replies":[{"embeddable":true,"href":"https:\/\/tipicino.ch\/apfelspare\/de\/wp-json\/wp\/v2\/comments?post=15771"}],"wp:featuredmedia":[{"embeddable":true,"href":"https:\/\/tipicino.ch\/apfelspare\/de\/wp-json\/wp\/v2\/media\/15772"}],"wp:attachment":[{"href":"https:\/\/tipicino.ch\/apfelspare\/de\/wp-json\/wp\/v2\/media?parent=15771"}],"wp:term":[{"taxonomy":"product_brand","embeddable":true,"href":"https:\/\/tipicino.ch\/apfelspare\/de\/wp-json\/wp\/v2\/product_brand?post=15771"},{"taxonomy":"product_cat","embeddable":true,"href":"https:\/\/tipicino.ch\/apfelspare\/de\/wp-json\/wp\/v2\/product_cat?post=15771"},{"taxonomy":"product_tag","embeddable":true,"href":"https:\/\/tipicino.ch\/apfelspare\/de\/wp-json\/wp\/v2\/product_tag?post=15771"}],"curies":[{"name":"wp","href":"https:\/\/api.w.org\/{rel}","templated":true}]}}