{"id":15786,"date":"2025-06-25T13:58:13","date_gmt":"2025-06-25T13:58:13","guid":{"rendered":"https:\/\/tipicino.ch\/apfelspare\/?post_type=product&#038;p=15786"},"modified":"2026-03-14T22:32:50","modified_gmt":"2026-03-14T22:32:50","slug":"wifi-antenne-macbook-pro-13-a1706-a1989-a2251-ende-2016-mitte-2020","status":"publish","type":"product","link":"https:\/\/tipicino.ch\/apfelspare\/de\/prodotto\/antenna-wifi-macbook-pro-13-a1706-a1989-a2251-late-2016-mid-2020\/","title":{"rendered":"Wi-Fi Antenne f\u00fcr MacBook Pro 13\u2033 A1706 A1989 A2251 (Late 2016 - Mid 2020) - REFURBISHED"},"content":{"rendered":"<div class=\"aps-pdp\">\n<section class=\"aps-card\">\n<header class=\"aps-card__head\">\n<h2 class=\"aps-h\">Wi-Fi Antenne f\u00fcr MacBook Pro 13\u2033 A1706 A1989 A2251 (2016-2020)<\/h2>\n<p class=\"aps-sub\">Internes Antennenmodul zur Wiederherstellung der Wireless- und Bluetooth-Konnektivit\u00e4t bei Intel-Modellen mit 4 Thunderbolt-Anschl\u00fcssen.<\/p>\n<\/header>\n<p>\n      Hat Ihr 13\u2033 MacBook Pro Schwierigkeiten, Wi-Fi-Netzwerke zu finden, h\u00e4ufige Verbindungsabbr\u00fcche oder eine sehr begrenzte Bluetooth-Reichweite? Diese Fehlfunktion k\u00f6nnte durch eine besch\u00e4digte interne Antenne oder Abnutzung der Koaxialkabel im Scharnier verursacht werden. Da diese MacBook Pro Serie auf maximale Mobilit\u00e4t ausgelegt ist, ist eine effiziente Antenne f\u00fcr Funktionen wie AirDrop, Handoff und Hochgeschwindigkeitsnavigation unerl\u00e4sslich. Durch den Austausch des Teils mit diesem refurbishedn und getesteten Ersatzteil kann der volle Signalempfang und die Stabilit\u00e4t der urspr\u00fcnglichen drahtlosen Verbindungen wiederhergestellt werden.\n    <\/p>\n<div class=\"aps-note aps-note--warn\">\n      <span class=\"aps-note__ico\">!<\/span><br \/>\n      <span class=\"aps-note__txt\"><strong>KOMPATIBILIT\u00c4TSHINWEIS:<\/strong> Dieses Modul (P\/N 817-1717 \/ 817-02780) ist f\u00fcr Modelle mit Touch Bar und vier Thunderbolt-Anschl\u00fcssen konzipiert. Wir empfehlen Ihnen, vor dem Kauf die auf der Unterseite Ihres MacBook eingravierte Modellnummer zu \u00fcberpr\u00fcfen, da \u201cFunction Key\u201d-Versionen (A1708) oder sp\u00e4tere Modelle mit Apple Silicon-Chips andere, nicht kompatible Antennen verwenden.<\/span>\n    <\/div>\n<\/section>\n<section class=\"aps-card\">\n<header class=\"aps-card__head\">\n<h2 class=\"aps-h\">Unterst\u00fctzte Modelle<\/h2>\n<p class=\"aps-sub\">MacBook Pro 13\u2033 Versionen, die mit dieser speziellen Antenne kompatibel sind.<\/p>\n<\/header>\n<ul class=\"aps-check\">\n<li><strong>MacBook Pro 13\u2033 A2251 (Mid 2020)<\/strong> <span class=\"aps-badge\">MacBookPro16.2<\/span><\/li>\n<li><strong>MacBook Pro 13\u2033 A1989 (Mid 2018 - 2019)<\/strong> <span class=\"aps-badge\">MacBookPro15.2<\/span><\/li>\n<li><strong>MacBook Pro 13\u2033 A1706 (Mid 2017)<\/strong> <span class=\"aps-badge\">MacBookPro14.2<\/span><\/li>\n<li><strong>MacBook Pro 13\u2033 A1706 (Late 2016)<\/strong> <span class=\"aps-badge\">MacBookPro13.2<\/span><\/li>\n<\/ul>\n<\/section>\n<section class=\"aps-card\">\n<header class=\"aps-card__head\">\n<h2 class=\"aps-h\">Technische Eigenschaften<\/h2>\n<p class=\"aps-sub\">Details zum Ersatzteil.<\/p>\n<\/header>\n<div class=\"aps-specgrid\">\n<div class=\"aps-spec\">\n<div><span>Ersatzteiltyp<\/span><strong>Wi-Fi-Antenne \/ Bluetooth<\/strong><\/div>\n<\/div>\n<div class=\"aps-spec\">\n<div><span>Part Number<\/span><strong>817-1717 \/ 817-02780<\/strong><\/div>\n<\/div>\n<div class=\"aps-spec\">\n<div><span>Zustand<\/span><strong>Refurbished, gepr\u00fcft<\/strong><\/div>\n<\/div><\/div>\n<\/section>\n<section class=\"aps-card aps-callout aps-callout--warn\">\n<header class=\"aps-card__head\">\n<h2 class=\"aps-h\">Installation und Hinweise<\/h2>\n<p class=\"aps-sub\">Technische Hinweise f\u00fcr einen professionellen Austausch.<\/p>\n<\/header>\n<p>\n      Die Installation der Wi-Fi-Antenne erfordert die Demontage des unteren Geh\u00e4uses und die F\u00fchrung der Kabel durch den Scharniermechanismus des Displays. Wir empfehlen Ihnen, beim Anschlie\u00dfen der kleinen IPEX-Stecker auf der Logikplatine sehr vorsichtig zu sein: Sie sind \u00e4u\u00dferst zerbrechlich und k\u00f6nnen besch\u00e4digt werden, wenn sie nicht perfekt ausgerichtet sind, bevor Druck ausge\u00fcbt wird. Um die Schaltkreise vor m\u00f6glichen Lichtb\u00f6gen zu sch\u00fctzen, ist es zwingend erforderlich, zun\u00e4chst die Batterie abzuklemmen. Wenn Sie nicht mit der vollst\u00e4ndigen Demontage der Display-Baugruppe vertraut sind, kann die Hilfe eines erfahrenen Technikers hilfreich sein, um Sch\u00e4den an den empfindlichen flachen Videokabeln zu vermeiden.\n    <\/p>\n<\/section>\n<section class=\"aps-card aps-callout aps-callout--info\">\n<header class=\"aps-card__head\">\n<h2 class=\"aps-h\">Sind Sie unsicher, ob dieses Ersatzteil das richtige ist?<\/h2>\n<p class=\"aps-sub\">Kontaktieren Sie uns f\u00fcr Unterst\u00fctzung bei der Auswahl des passenden Ersatzteils f\u00fcr Ihr Ger\u00e4t.<\/p>\n<\/header>\n<div class=\"aps-cta\">\n      <a class=\"aps-btn\" href=\"mailto:info@apfelspare.ch\">info@apfelspare.ch<\/a><br \/>\n      <span class=\"aps-cta__hint\">Senden Sie uns die Seriennummer Ihres MacBook: Wir pr\u00fcfen die genaue Kompatibilit\u00e4t zeitnah f\u00fcr Sie.<\/span>\n    <\/div>\n<\/section>\n<\/div>","protected":false},"excerpt":{"rendered":"<p>Wi-Fi Antenne f\u00fcr MacBook Pro 13\u2033 A1706 A1989 A2251 (Late 2016 - Mid 2020), kompatibel mit MacBookPro13.2, 14.2, 15.2, 16.2<\/p>","protected":false},"featured_media":15787,"comment_status":"closed","ping_status":"closed","template":"","meta":{"_acf_changed":false,"_et_pb_use_builder":"","_et_pb_old_content":"","_et_gb_content_width":""},"product_brand":[],"product_cat":[190,187,17,70,19,75,333,79,78],"product_tag":[],"class_list":{"0":"post-15786","1":"product","2":"type-product","3":"status-publish","4":"has-post-thumbnail","6":"product_cat-wifi-antenne","7":"product_cat-cavi-connettori","8":"product_cat-category-macbook-pro","9":"product_cat-macbook-pro-13-mid-2020-a2251","10":"product_cat-parti-ricambio-seconda-mano","11":"product_cat-macbook-pro-13-mid-2019-a1989","12":"product_cat-macbook-pro-13-mid-2018-a1989","13":"product_cat-macbook-pro-13-mid-2017-a1706","14":"product_cat-macbook-pro-13-late-2016-a1706","16":"first","17":"onbackorder","18":"shipping-taxable","19":"purchasable","20":"product-type-simple"},"acf":[],"yoast_head":"<!-- This site is optimized with the Yoast SEO plugin v27.4 - https:\/\/yoast.com\/product\/yoast-seo-wordpress\/ -->\n<title>Antenna Wi-Fi per MacBook Pro 13&quot; A1706 A1989 A2251 (Late 2016 \u2013 Mid 2020)<\/title>\n<meta name=\"description\" content=\"Antenna Wi-Fi per MacBook Pro 13&quot; A1706 A1989 A2251 (Late 2016 \u2013 Mid 2020), compatibile con MacBookPro13.2, 14.2, 15.2, 16.2. Part number 817-1717 \/ 817-02780\" \/>\n<meta name=\"robots\" content=\"index, follow, max-snippet:-1, max-image-preview:large, max-video-preview:-1\" \/>\n<link rel=\"canonical\" href=\"https:\/\/tipicino.ch\/apfelspare\/de\/product\/wifi-antenne-macbook-pro-13-a1706-a1989-a2251-ende-2016-mitte-2020\/\" \/>\n<meta property=\"og:locale\" content=\"de_DE\" \/>\n<meta property=\"og:type\" content=\"article\" \/>\n<meta property=\"og:title\" content=\"Antenna Wi-Fi per MacBook Pro 13&quot; A1706 A1989 A2251 (Late 2016 \u2013 Mid 2020)\" \/>\n<meta property=\"og:description\" content=\"Antenna Wi-Fi per MacBook Pro 13&quot; A1706 A1989 A2251 (Late 2016 \u2013 Mid 2020), compatibile con MacBookPro13.2, 14.2, 15.2, 16.2. Part number 817-1717 \/ 817-02780\" \/>\n<meta property=\"og:url\" content=\"https:\/\/tipicino.ch\/apfelspare\/de\/product\/wifi-antenne-macbook-pro-13-a1706-a1989-a2251-ende-2016-mitte-2020\/\" \/>\n<meta property=\"og:site_name\" content=\"Ricambi MacBook Pro, MacBook Air e iMac in Svizzera \u2013 Display, Tastiere, Batterie, Trackpad\" \/>\n<meta property=\"article:modified_time\" content=\"2026-03-14T22:32:50+00:00\" \/>\n<meta property=\"og:image\" content=\"https:\/\/tipicino.ch\/apfelspare\/wp-content\/uploads\/2025\/06\/antenna-wifi-macbook-pro-13-a1989-mid-2018-mid-2019.png\" \/>\n\t<meta property=\"og:image:width\" content=\"1000\" \/>\n\t<meta property=\"og:image:height\" content=\"1000\" \/>\n\t<meta property=\"og:image:type\" content=\"image\/png\" \/>\n<meta name=\"twitter:card\" content=\"summary_large_image\" \/>\n<meta name=\"twitter:label1\" content=\"Gesch\u00e4tzte Lesezeit\" \/>\n\t<meta name=\"twitter:data1\" content=\"3\u00a0Minuten\" \/>\n<!-- \/ Yoast SEO plugin. -->","yoast_head_json":{"title":"Wi-Fi Antenne f\u00fcr MacBook Pro 13\" A1706 A1989 A2251 (Late 2016 - Mid 2020)","description":"Wi-Fi Antenne f\u00fcr MacBook Pro 13\" A1706 A1989 A2251 (Late 2016 - Mid 2020), kompatibel mit MacBookPro13.2, 14.2, 15.2, 16.2. Artikelnummer 817-1717 \/ 817-02780","robots":{"index":"index","follow":"follow","max-snippet":"max-snippet:-1","max-image-preview":"max-image-preview:large","max-video-preview":"max-video-preview:-1"},"canonical":"https:\/\/tipicino.ch\/apfelspare\/de\/product\/wifi-antenne-macbook-pro-13-a1706-a1989-a2251-ende-2016-mitte-2020\/","og_locale":"de_DE","og_type":"article","og_title":"Antenna Wi-Fi per MacBook Pro 13\" A1706 A1989 A2251 (Late 2016 \u2013 Mid 2020)","og_description":"Antenna Wi-Fi per MacBook Pro 13\" A1706 A1989 A2251 (Late 2016 \u2013 Mid 2020), compatibile con MacBookPro13.2, 14.2, 15.2, 16.2. Part number 817-1717 \/ 817-02780","og_url":"https:\/\/tipicino.ch\/apfelspare\/de\/product\/wifi-antenne-macbook-pro-13-a1706-a1989-a2251-ende-2016-mitte-2020\/","og_site_name":"Ricambi MacBook Pro, MacBook Air e iMac in Svizzera \u2013 Display, Tastiere, Batterie, Trackpad","article_modified_time":"2026-03-14T22:32:50+00:00","og_image":[{"width":1000,"height":1000,"url":"https:\/\/tipicino.ch\/apfelspare\/wp-content\/uploads\/2025\/06\/antenna-wifi-macbook-pro-13-a1989-mid-2018-mid-2019.png","type":"image\/png"}],"twitter_card":"summary_large_image","twitter_misc":{"Gesch\u00e4tzte Lesezeit":"3\u00a0Minuten"},"schema":{"@context":"https:\/\/schema.org","@graph":[{"@type":"WebPage","@id":"https:\/\/tipicino.ch\/apfelspare\/de\/prodotto\/antenna-wifi-macbook-pro-13-a1706-a1989-a2251-late-2016-mid-2020\/","url":"https:\/\/tipicino.ch\/apfelspare\/de\/prodotto\/antenna-wifi-macbook-pro-13-a1706-a1989-a2251-late-2016-mid-2020\/","name":"Wi-Fi Antenne f\u00fcr MacBook Pro 13\" A1706 A1989 A2251 (Late 2016 - Mid 2020)","isPartOf":{"@id":"https:\/\/tipicino.ch\/apfelspare\/de\/#website"},"primaryImageOfPage":{"@id":"https:\/\/tipicino.ch\/apfelspare\/de\/prodotto\/antenna-wifi-macbook-pro-13-a1706-a1989-a2251-late-2016-mid-2020\/#primaryimage"},"image":{"@id":"https:\/\/tipicino.ch\/apfelspare\/de\/prodotto\/antenna-wifi-macbook-pro-13-a1706-a1989-a2251-late-2016-mid-2020\/#primaryimage"},"thumbnailUrl":"https:\/\/tipicino.ch\/apfelspare\/wp-content\/uploads\/2025\/06\/antenna-wifi-macbook-pro-13-a1989-mid-2018-mid-2019.png","datePublished":"2025-06-25T13:58:13+00:00","dateModified":"2026-03-14T22:32:50+00:00","description":"Wi-Fi Antenne f\u00fcr MacBook Pro 13\" A1706 A1989 A2251 (Late 2016 - Mid 2020), kompatibel mit MacBookPro13.2, 14.2, 15.2, 16.2. Artikelnummer 817-1717 \/ 817-02780","breadcrumb":{"@id":"https:\/\/tipicino.ch\/apfelspare\/de\/prodotto\/antenna-wifi-macbook-pro-13-a1706-a1989-a2251-late-2016-mid-2020\/#breadcrumb"},"inLanguage":"de-CH","potentialAction":[{"@type":"ReadAction","target":["https:\/\/tipicino.ch\/apfelspare\/de\/prodotto\/antenna-wifi-macbook-pro-13-a1706-a1989-a2251-late-2016-mid-2020\/"]}]},{"@type":"ImageObject","inLanguage":"de-CH","@id":"https:\/\/tipicino.ch\/apfelspare\/de\/prodotto\/antenna-wifi-macbook-pro-13-a1706-a1989-a2251-late-2016-mid-2020\/#primaryimage","url":"https:\/\/tipicino.ch\/apfelspare\/wp-content\/uploads\/2025\/06\/antenna-wifi-macbook-pro-13-a1989-mid-2018-mid-2019.png","contentUrl":"https:\/\/tipicino.ch\/apfelspare\/wp-content\/uploads\/2025\/06\/antenna-wifi-macbook-pro-13-a1989-mid-2018-mid-2019.png","width":1000,"height":1000,"caption":"Antenna Wi-Fi per MacBook Pro 13\" A1989 (Mid 2018 \u2013 Mid 2019)"},{"@type":"BreadcrumbList","@id":"https:\/\/tipicino.ch\/apfelspare\/de\/prodotto\/antenna-wifi-macbook-pro-13-a1706-a1989-a2251-late-2016-mid-2020\/#breadcrumb","itemListElement":[{"@type":"ListItem","position":1,"name":"Home","item":"https:\/\/tipicino.ch\/apfelspare\/de\/"},{"@type":"ListItem","position":2,"name":"Shop","item":"https:\/\/tipicino.ch\/apfelspare\/de\/shop\/"},{"@type":"ListItem","position":3,"name":"Antenna Wi-Fi per MacBook Pro 13&#8243; A1706 A1989 A2251 (Late 2016 \u2013 Mid 2020) \u2013 RICONDIZIONATO"}]},{"@type":"WebSite","@id":"https:\/\/tipicino.ch\/apfelspare\/de\/#website","url":"https:\/\/tipicino.ch\/apfelspare\/de\/","name":"Ersatzteile f\u00fcr MacBook Pro, MacBook Air und iMac in der Schweiz \u2013 Display, Tastaturen, Batterien, Trackpads","description":"","publisher":{"@id":"https:\/\/tipicino.ch\/apfelspare\/de\/#organization"},"potentialAction":[{"@type":"SearchAction","target":{"@type":"EntryPoint","urlTemplate":"https:\/\/tipicino.ch\/apfelspare\/de\/?s={search_term_string}"},"query-input":{"@type":"PropertyValueSpecification","valueRequired":true,"valueName":"search_term_string"}}],"inLanguage":"de-CH"},{"@type":"Organization","@id":"https:\/\/tipicino.ch\/apfelspare\/de\/#organization","name":"tipicino.ch\/apfelspare","url":"https:\/\/tipicino.ch\/apfelspare\/de\/","logo":{"@type":"ImageObject","inLanguage":"de-CH","@id":"https:\/\/tipicino.ch\/apfelspare\/de\/#\/schema\/logo\/image\/","url":"https:\/\/tipicino.ch\/apfelspare\/wp-content\/uploads\/2025\/08\/cropped-FAVICON-tipicino.ch\/apfelspare_.png","contentUrl":"https:\/\/tipicino.ch\/apfelspare\/wp-content\/uploads\/2025\/08\/cropped-FAVICON-tipicino.ch\/apfelspare_.png","width":512,"height":512,"caption":"tipicino.ch\/apfelspare"},"image":{"@id":"https:\/\/tipicino.ch\/apfelspare\/de\/#\/schema\/logo\/image\/"}}]}},"_links":{"self":[{"href":"https:\/\/tipicino.ch\/apfelspare\/de\/wp-json\/wp\/v2\/product\/15786","targetHints":{"allow":["GET"]}}],"collection":[{"href":"https:\/\/tipicino.ch\/apfelspare\/de\/wp-json\/wp\/v2\/product"}],"about":[{"href":"https:\/\/tipicino.ch\/apfelspare\/de\/wp-json\/wp\/v2\/types\/product"}],"replies":[{"embeddable":true,"href":"https:\/\/tipicino.ch\/apfelspare\/de\/wp-json\/wp\/v2\/comments?post=15786"}],"wp:featuredmedia":[{"embeddable":true,"href":"https:\/\/tipicino.ch\/apfelspare\/de\/wp-json\/wp\/v2\/media\/15787"}],"wp:attachment":[{"href":"https:\/\/tipicino.ch\/apfelspare\/de\/wp-json\/wp\/v2\/media?parent=15786"}],"wp:term":[{"taxonomy":"product_brand","embeddable":true,"href":"https:\/\/tipicino.ch\/apfelspare\/de\/wp-json\/wp\/v2\/product_brand?post=15786"},{"taxonomy":"product_cat","embeddable":true,"href":"https:\/\/tipicino.ch\/apfelspare\/de\/wp-json\/wp\/v2\/product_cat?post=15786"},{"taxonomy":"product_tag","embeddable":true,"href":"https:\/\/tipicino.ch\/apfelspare\/de\/wp-json\/wp\/v2\/product_tag?post=15786"}],"curies":[{"name":"wp","href":"https:\/\/api.w.org\/{rel}","templated":true}]}}