{"id":15933,"date":"2025-06-28T05:43:10","date_gmt":"2025-06-28T05:43:10","guid":{"rendered":"https:\/\/tipicino.ch\/apfelspare\/?post_type=product&#038;p=15933"},"modified":"2026-03-13T17:00:41","modified_gmt":"2026-03-13T17:00:41","slug":"stromkarte-dc-buchse-audio-usb-macbook-air-11-a1465-mitte-2013-anfang-2015","status":"publish","type":"product","link":"https:\/\/tipicino.ch\/apfelspare\/de\/prodotto\/cavo-scheda-power-dc-jack-audio-usb-macbook-air-11-a1465-mid-2013-early-2015\/","title":{"rendered":"Kabel DC-Stromanschluss - Audio Jack - USB f\u00fcr MacBook Air 11\u2033 A1465 (Mid 2013 - Early 2015)"},"content":{"rendered":"<div class=\"aps-pdp\">\n<section class=\"aps-card\">\n<header class=\"aps-card__head\">\n<h2 class=\"aps-h\">I\/O-Flexkabel f\u00fcr MacBook Air 11\u2033 A1465 (2013\u20132015)<\/h2>\n<p class=\"aps-sub\">Verbindungskabel zwischen Logic Board und Sekund\u00e4rplatine (Power DC-In \/ Audio \/ USB).<\/p>\n<\/header>\n<p>\n      Ihr MacBook Air 11\u2033 l\u00e4sst sich nicht mehr aufladen, erkennt die USB-Ger\u00e4te auf der rechten Seite nicht mehr oder der Audioanschluss gibt keinen Ton aus? In vielen F\u00e4llen k\u00f6nnte das Problem auf eine Fehlfunktion des Flachbandkabels der Verbindung zur\u00fcckzuf\u00fchren sein. Dieses Bauteil stellt die Kommunikation zwischen der Haupt-Logic-Board und dem sekund\u00e4ren I\/O-Board her; wenn das Kabel abgenutzt ist oder Mikrorisse aufweist, wird die Energie- und Daten\u00fcbertragung unterbrochen. Durch den Austausch mit diesem neuen Ersatzteil (P\/N 821-1721-A) kann die korrekte Funktion der MagSafe-Stromversorgung und aller Hilfsanschl\u00fcsse wiederhergestellt werden \u2013 kostspielige Eingriffe am Logic Board lassen sich so vermeiden.\n    <\/p>\n<div class=\"aps-note aps-note--warn\">\n      <span class=\"aps-note__ico\">!<\/span><br \/>\n      <span class=\"aps-note__txt\"><strong>KOMPATIBILIT\u00c4TSHINWEIS:<\/strong> Dieses Kabel ist spezifisch f\u00fcr die Serie A1465 ab 2013. Wir empfehlen Ihnen, sorgf\u00e4ltig zu \u00fcberpr\u00fcfen, dass Ihr Modell zu den unterst\u00fctzten geh\u00f6rt (MacBookAir6.1 oder 7.1): Das Modell von 2012 verwendet trotz desselben \u00e4sthetischen Codes A1465 ein Kabel mit einer anderen Pinbelegung, das nicht kompatibel w\u00e4re.<\/span>\n    <\/div>\n<\/section>\n<section class=\"aps-card\">\n<header class=\"aps-card__head\">\n<h2 class=\"aps-h\">Unterst\u00fctzte Modelle<\/h2>\n<p class=\"aps-sub\">MacBook Air 11\u2033 Versionen, die mit diesem spezifischen I\/O-Kabel kompatibel sind.<\/p>\n<\/header>\n<ul class=\"aps-check\">\n<li><strong>MacBook Air 11\u2033 A1465 (Early 2015)<\/strong> <span class=\"aps-badge\">MacBookAir7.1<\/span><\/li>\n<li><strong>MacBook Air 11\u2033 A1465 (Early 2014)<\/strong> <span class=\"aps-badge\">MacBookAir6.1<\/span><\/li>\n<li><strong>MacBook Air 11\u2033 A1465 (Mid 2013)<\/strong> <span class=\"aps-badge\">MacBookAir6.1<\/span><\/li>\n<\/ul>\n<\/section>\n<section class=\"aps-card\">\n<header class=\"aps-card__head\">\n<h2 class=\"aps-h\">Technische Eigenschaften<\/h2>\n<p class=\"aps-sub\">Details zum Ersatzteil.<\/p>\n<\/header>\n<div class=\"aps-specgrid\">\n<div class=\"aps-spec\">\n<div><span>Ersatzteiltyp<\/span><strong>I\/O-Board-Flexkabel<\/strong><\/div>\n<\/div>\n<div class=\"aps-spec\">\n<div><span>Part Number<\/span><strong>821-1721-A<\/strong><\/div>\n<\/div>\n<div class=\"aps-spec\">\n<div><span>Zustand<\/span><strong>Neu<\/strong><\/div>\n<\/div><\/div>\n<\/section>\n<section class=\"aps-card aps-callout aps-callout--warn\">\n<header class=\"aps-card__head\">\n<h2 class=\"aps-h\">Installation und Hinweise<\/h2>\n<p class=\"aps-sub\">Technische Hinweise f\u00fcr einen sicheren Austausch<\/p>\n<\/header>\n<p>\n      Der Einbau erfordert das \u00d6ffnen der unteren Geh\u00e4useschale und das L\u00f6sen der Druckanschl\u00fcsse auf dem Logic Board. Wir empfehlen Ihnen, das Flachbandkabel ausschliesslich mit antistatischen Werkzeugen zu handhaben und abruptes Knicken zu vermeiden, da dies die feinen inneren Kupferleiterbahnen unterbrechen k\u00f6nnte. Das Trennen der Batterie ist als erster Schritt zwingend erforderlich, um sicher arbeiten zu k\u00f6nnen. Aufgrund der Empfindlichkeit der kleinen Anschl\u00fcsse und der Notwendigkeit einer pr\u00e4zisen Positionierung kann die Unterst\u00fctzung durch einen qualifizierten Techniker hilfreich sein, um eine stabile Verbindung sicherzustellen und versehentliche Sch\u00e4den am Logic Board beim Zusammenbau zu vermeiden.\n    <\/p>\n<\/section>\n<section class=\"aps-card aps-callout aps-callout--info\">\n<header class=\"aps-card__head\">\n<h2 class=\"aps-h\">Sind Sie unsicher, ob dieses Ersatzteil das richtige ist?<\/h2>\n<p class=\"aps-sub\">Kontaktieren Sie uns f\u00fcr Unterst\u00fctzung bei der Auswahl des passenden Ersatzteils f\u00fcr Ihr Ger\u00e4t.<\/p>\n<\/header>\n<div class=\"aps-cta\">\n      <a class=\"aps-btn\" href=\"mailto:info@apfelspare.ch\">info@apfelspare.ch<\/a><br \/>\n      <span class=\"aps-cta__hint\">Senden Sie uns die Seriennummer Ihres MacBook Air: Wir werden die genaue Kompatibilit\u00e4t innerhalb kurzer Zeit f\u00fcr Sie pr\u00fcfen.<\/span>\n    <\/div>\n<\/section>\n<\/div>","protected":false},"excerpt":{"rendered":"<p>DC-Stromanschluss Kartenkabel - Audio Jack - USB f\u00fcr MacBook Air 11\u2033 A1465 (2013-2015), Teilenummer 821-1721-A. Kostenloser Versand innerhalb der Schweiz<\/p>","protected":false},"featured_media":15934,"comment_status":"closed","ping_status":"closed","template":"","meta":{"_acf_changed":false,"_et_pb_use_builder":"","_et_pb_old_content":"","_et_gb_content_width":""},"product_brand":[],"product_cat":[183,187,126,125,124,20],"product_tag":[],"class_list":{"0":"post-15933","1":"product","2":"type-product","3":"status-publish","4":"has-post-thumbnail","6":"product_cat-altoparlanti","7":"product_cat-cavi-connettori","8":"product_cat-macbook-air-11-early-2015-a1465","9":"product_cat-macbook-air-11-early-2014-a1465","10":"product_cat-macbook-air-11-mid-2013-a1465","11":"product_cat-category-macbook-air","13":"first","14":"onbackorder","15":"shipping-taxable","16":"purchasable","17":"product-type-simple"},"acf":[],"yoast_head":"<!-- This site is optimized with the Yoast SEO plugin v27.4 - https:\/\/yoast.com\/product\/yoast-seo-wordpress\/ -->\n<title>Cavo scheda Power DC \u2013 Jack audio \u2013 USB per MacBook Air 11&quot; A1465 (Mid 2013 \u2013 Early 2015)<\/title>\n<meta name=\"description\" content=\"Cavo scheda Power DC \u2013 Jack audio \u2013 USB per MacBook Air 11&quot; A1465 (2013\u20132015), part number 821-1721-A. Spedizioni gratuite in Svizzera\" \/>\n<meta name=\"robots\" content=\"index, follow, max-snippet:-1, max-image-preview:large, max-video-preview:-1\" \/>\n<link rel=\"canonical\" href=\"https:\/\/tipicino.ch\/apfelspare\/de\/product\/stromkarte-dc-buchse-audio-usb-macbook-air-11-a1465-mitte-2013-anfang-2015\/\" \/>\n<meta property=\"og:locale\" content=\"de_DE\" \/>\n<meta property=\"og:type\" content=\"article\" \/>\n<meta property=\"og:title\" content=\"Cavo scheda Power DC \u2013 Jack audio \u2013 USB per MacBook Air 11&quot; A1465 (Mid 2013 \u2013 Early 2015)\" \/>\n<meta property=\"og:description\" content=\"Cavo scheda Power DC \u2013 Jack audio \u2013 USB per MacBook Air 11&quot; A1465 (2013\u20132015), part number 821-1721-A. Spedizioni gratuite in Svizzera\" \/>\n<meta property=\"og:url\" content=\"https:\/\/tipicino.ch\/apfelspare\/de\/product\/stromkarte-dc-buchse-audio-usb-macbook-air-11-a1465-mitte-2013-anfang-2015\/\" \/>\n<meta property=\"og:site_name\" content=\"Ricambi MacBook Pro, MacBook Air e iMac in Svizzera \u2013 Display, Tastiere, Batterie, Trackpad\" \/>\n<meta property=\"article:modified_time\" content=\"2026-03-13T17:00:41+00:00\" \/>\n<meta property=\"og:image\" content=\"https:\/\/tipicino.ch\/apfelspare\/wp-content\/uploads\/2025\/06\/cavo-power-dc-jack-usb-macbook-air-11-a1465-2013-2015.png\" \/>\n\t<meta property=\"og:image:width\" content=\"1000\" \/>\n\t<meta property=\"og:image:height\" content=\"1000\" \/>\n\t<meta property=\"og:image:type\" content=\"image\/png\" \/>\n<meta name=\"twitter:card\" content=\"summary_large_image\" \/>\n<meta name=\"twitter:label1\" content=\"Gesch\u00e4tzte Lesezeit\" \/>\n\t<meta name=\"twitter:data1\" content=\"3\u00a0Minuten\" \/>\n<!-- \/ Yoast SEO plugin. -->","yoast_head_json":{"title":"Kabel DC-Stromanschluss - Audio Jack - USB f\u00fcr MacBook Air 11\" A1465 (Mid 2013 - Early 2015)","description":"Power-DC-Board-Kabel \u2013 Audiobuchse \u2013 USB f\u00fcr MacBook Air 11\" A1465 (2013\u20132015), Teilenummer 821-1721-A. Kostenloser Versand in der Schweiz","robots":{"index":"index","follow":"follow","max-snippet":"max-snippet:-1","max-image-preview":"max-image-preview:large","max-video-preview":"max-video-preview:-1"},"canonical":"https:\/\/tipicino.ch\/apfelspare\/de\/product\/stromkarte-dc-buchse-audio-usb-macbook-air-11-a1465-mitte-2013-anfang-2015\/","og_locale":"de_DE","og_type":"article","og_title":"Cavo scheda Power DC \u2013 Jack audio \u2013 USB per MacBook Air 11\" A1465 (Mid 2013 \u2013 Early 2015)","og_description":"Cavo scheda Power DC \u2013 Jack audio \u2013 USB per MacBook Air 11\" A1465 (2013\u20132015), part number 821-1721-A. Spedizioni gratuite in Svizzera","og_url":"https:\/\/tipicino.ch\/apfelspare\/de\/product\/stromkarte-dc-buchse-audio-usb-macbook-air-11-a1465-mitte-2013-anfang-2015\/","og_site_name":"Ricambi MacBook Pro, MacBook Air e iMac in Svizzera \u2013 Display, Tastiere, Batterie, Trackpad","article_modified_time":"2026-03-13T17:00:41+00:00","og_image":[{"width":1000,"height":1000,"url":"https:\/\/tipicino.ch\/apfelspare\/wp-content\/uploads\/2025\/06\/cavo-power-dc-jack-usb-macbook-air-11-a1465-2013-2015.png","type":"image\/png"}],"twitter_card":"summary_large_image","twitter_misc":{"Gesch\u00e4tzte Lesezeit":"3\u00a0Minuten"},"schema":{"@context":"https:\/\/schema.org","@graph":[{"@type":"WebPage","@id":"https:\/\/tipicino.ch\/apfelspare\/de\/prodotto\/cavo-scheda-power-dc-jack-audio-usb-macbook-air-11-a1465-mid-2013-early-2015\/","url":"https:\/\/tipicino.ch\/apfelspare\/de\/prodotto\/cavo-scheda-power-dc-jack-audio-usb-macbook-air-11-a1465-mid-2013-early-2015\/","name":"Kabel DC-Stromanschluss - Audio Jack - USB f\u00fcr MacBook Air 11\" A1465 (Mid 2013 - Early 2015)","isPartOf":{"@id":"https:\/\/tipicino.ch\/apfelspare\/de\/#website"},"primaryImageOfPage":{"@id":"https:\/\/tipicino.ch\/apfelspare\/de\/prodotto\/cavo-scheda-power-dc-jack-audio-usb-macbook-air-11-a1465-mid-2013-early-2015\/#primaryimage"},"image":{"@id":"https:\/\/tipicino.ch\/apfelspare\/de\/prodotto\/cavo-scheda-power-dc-jack-audio-usb-macbook-air-11-a1465-mid-2013-early-2015\/#primaryimage"},"thumbnailUrl":"https:\/\/tipicino.ch\/apfelspare\/wp-content\/uploads\/2025\/06\/cavo-power-dc-jack-usb-macbook-air-11-a1465-2013-2015.png","datePublished":"2025-06-28T05:43:10+00:00","dateModified":"2026-03-13T17:00:41+00:00","description":"Power-DC-Board-Kabel \u2013 Audiobuchse \u2013 USB f\u00fcr MacBook Air 11\" A1465 (2013\u20132015), Teilenummer 821-1721-A. Kostenloser Versand in der Schweiz","breadcrumb":{"@id":"https:\/\/tipicino.ch\/apfelspare\/de\/prodotto\/cavo-scheda-power-dc-jack-audio-usb-macbook-air-11-a1465-mid-2013-early-2015\/#breadcrumb"},"inLanguage":"de-CH","potentialAction":[{"@type":"ReadAction","target":["https:\/\/tipicino.ch\/apfelspare\/de\/prodotto\/cavo-scheda-power-dc-jack-audio-usb-macbook-air-11-a1465-mid-2013-early-2015\/"]}]},{"@type":"ImageObject","inLanguage":"de-CH","@id":"https:\/\/tipicino.ch\/apfelspare\/de\/prodotto\/cavo-scheda-power-dc-jack-audio-usb-macbook-air-11-a1465-mid-2013-early-2015\/#primaryimage","url":"https:\/\/tipicino.ch\/apfelspare\/wp-content\/uploads\/2025\/06\/cavo-power-dc-jack-usb-macbook-air-11-a1465-2013-2015.png","contentUrl":"https:\/\/tipicino.ch\/apfelspare\/wp-content\/uploads\/2025\/06\/cavo-power-dc-jack-usb-macbook-air-11-a1465-2013-2015.png","width":1000,"height":1000,"caption":"Cavo scheda Power DC \u2013 Jack audio \u2013 USB per MacBook Air 11\" A1465 (Mid 2013 \u2013 Early 2015)"},{"@type":"BreadcrumbList","@id":"https:\/\/tipicino.ch\/apfelspare\/de\/prodotto\/cavo-scheda-power-dc-jack-audio-usb-macbook-air-11-a1465-mid-2013-early-2015\/#breadcrumb","itemListElement":[{"@type":"ListItem","position":1,"name":"Home","item":"https:\/\/tipicino.ch\/apfelspare\/de\/"},{"@type":"ListItem","position":2,"name":"Shop","item":"https:\/\/tipicino.ch\/apfelspare\/de\/shop\/"},{"@type":"ListItem","position":3,"name":"Cavo scheda Power DC \u2013 Jack audio \u2013 USB per MacBook Air 11&#8243; A1465 (Mid 2013 \u2013 Early 2015)"}]},{"@type":"WebSite","@id":"https:\/\/tipicino.ch\/apfelspare\/de\/#website","url":"https:\/\/tipicino.ch\/apfelspare\/de\/","name":"Ersatzteile f\u00fcr MacBook Pro, MacBook Air und iMac in der Schweiz \u2013 Display, Tastaturen, Batterien, Trackpads","description":"","publisher":{"@id":"https:\/\/tipicino.ch\/apfelspare\/de\/#organization"},"potentialAction":[{"@type":"SearchAction","target":{"@type":"EntryPoint","urlTemplate":"https:\/\/tipicino.ch\/apfelspare\/de\/?s={search_term_string}"},"query-input":{"@type":"PropertyValueSpecification","valueRequired":true,"valueName":"search_term_string"}}],"inLanguage":"de-CH"},{"@type":"Organization","@id":"https:\/\/tipicino.ch\/apfelspare\/de\/#organization","name":"tipicino.ch\/apfelspare","url":"https:\/\/tipicino.ch\/apfelspare\/de\/","logo":{"@type":"ImageObject","inLanguage":"de-CH","@id":"https:\/\/tipicino.ch\/apfelspare\/de\/#\/schema\/logo\/image\/","url":"https:\/\/tipicino.ch\/apfelspare\/wp-content\/uploads\/2025\/08\/cropped-FAVICON-tipicino.ch\/apfelspare_.png","contentUrl":"https:\/\/tipicino.ch\/apfelspare\/wp-content\/uploads\/2025\/08\/cropped-FAVICON-tipicino.ch\/apfelspare_.png","width":512,"height":512,"caption":"tipicino.ch\/apfelspare"},"image":{"@id":"https:\/\/tipicino.ch\/apfelspare\/de\/#\/schema\/logo\/image\/"}}]}},"_links":{"self":[{"href":"https:\/\/tipicino.ch\/apfelspare\/de\/wp-json\/wp\/v2\/product\/15933","targetHints":{"allow":["GET"]}}],"collection":[{"href":"https:\/\/tipicino.ch\/apfelspare\/de\/wp-json\/wp\/v2\/product"}],"about":[{"href":"https:\/\/tipicino.ch\/apfelspare\/de\/wp-json\/wp\/v2\/types\/product"}],"replies":[{"embeddable":true,"href":"https:\/\/tipicino.ch\/apfelspare\/de\/wp-json\/wp\/v2\/comments?post=15933"}],"wp:featuredmedia":[{"embeddable":true,"href":"https:\/\/tipicino.ch\/apfelspare\/de\/wp-json\/wp\/v2\/media\/15934"}],"wp:attachment":[{"href":"https:\/\/tipicino.ch\/apfelspare\/de\/wp-json\/wp\/v2\/media?parent=15933"}],"wp:term":[{"taxonomy":"product_brand","embeddable":true,"href":"https:\/\/tipicino.ch\/apfelspare\/de\/wp-json\/wp\/v2\/product_brand?post=15933"},{"taxonomy":"product_cat","embeddable":true,"href":"https:\/\/tipicino.ch\/apfelspare\/de\/wp-json\/wp\/v2\/product_cat?post=15933"},{"taxonomy":"product_tag","embeddable":true,"href":"https:\/\/tipicino.ch\/apfelspare\/de\/wp-json\/wp\/v2\/product_tag?post=15933"}],"curies":[{"name":"wp","href":"https:\/\/api.w.org\/{rel}","templated":true}]}}