{"id":15935,"date":"2025-06-28T05:53:39","date_gmt":"2025-06-28T05:53:39","guid":{"rendered":"https:\/\/tipicino.ch\/apfelspare\/?post_type=product&#038;p=15935"},"modified":"2026-03-13T16:44:23","modified_gmt":"2026-03-13T16:44:23","slug":"strom-dc-buchse-usb-kabel-macbook-air-13-a1369-2010-gebraucht","status":"publish","type":"product","link":"https:\/\/tipicino.ch\/apfelspare\/de\/prodotto\/cavo-power-dc-jack-usb-macbook-air-13-a1369-2010-usato\/","title":{"rendered":"Kabel DC-Stromanschluss - Audio Jack - USB f\u00fcr MacBook Air 13\u2033 A1369 (Late 2010) - REFURBISHED"},"content":{"rendered":"<div class=\"aps-pdp\">\n<section class=\"aps-card\">\n<header class=\"aps-card__head\">\n<h2 class=\"aps-h\">I\/O-Flexkabel f\u00fcr MacBook Air 13\u2033 A1369 (Late 2010)<\/h2>\n<p class=\"aps-sub\">Verbindungskabel zwischen Logic Board und Sekund\u00e4rplatine (Power DC-In \/ Audio \/ USB).<\/p>\n<\/header>\n<p>\n      Ihr MacBook Air 13\u2033 hat Probleme beim Aufladen, erkennt die USB-Ger\u00e4te auf der rechten Seite nicht mehr oder der Audioanschluss gibt einen gest\u00f6rten Ton aus? Oft liegt die Ursache nicht an einem Defekt des Logic Boards, sondern an einer Verschlechterung des Flachbandkabels der Verbindung. Dieses Bauteil stellt die Kommunikation zwischen der Haupt-Logic-Board und dem sekund\u00e4ren I\/O-Board her; wenn das Kabel Abnutzungserscheinungen, Oxidation oder Mikrorisse aufweist, wird der Energie- und Datenfluss unterbrochen. Durch den Austausch mit diesem revidierten und gepr\u00fcften Ersatzteil (P\/N 821-1143-A) kann die korrekte Funktion der MagSafe-Stromversorgung und der Hilfsanschl\u00fcsse schnell und effizient wiederhergestellt werden.\n    <\/p>\n<div class=\"aps-note aps-note--warn\">\n      <span class=\"aps-note__ico\">!<\/span><br \/>\n      <span class=\"aps-note__txt\"><strong>KOMPATIBILIT\u00c4TSHINWEIS:<\/strong> Dieses Kabel ist spezifisch f\u00fcr die Serie A1369 des Jahrgangs 2010. Wir empfehlen Ihnen, sorgf\u00e4ltig zu \u00fcberpr\u00fcfen, dass Ihr Modell das MacBookAir3.2 ist: Die 2011 produzierte Version verwendet trotz desselben Geh\u00e4uses ein Kabel mit einer anderen Pinbelegung, das auf diesem Modell nicht korrekt installiert werden k\u00f6nnte.<\/span>\n    <\/div>\n<\/section>\n<section class=\"aps-card\">\n<header class=\"aps-card__head\">\n<h2 class=\"aps-h\">Unterst\u00fctztes Modell<\/h2>\n<p class=\"aps-sub\">MacBook Air 13\u2033 Version, die mit diesem spezifischen I\/O-Kabel kompatibel ist.<\/p>\n<\/header>\n<ul class=\"aps-check\">\n<li><strong>MacBook Air 13\u2033 A1369 (Late 2010)<\/strong> <span class=\"aps-badge\">MacBookAir3.2<\/span><\/li>\n<\/ul>\n<\/section>\n<section class=\"aps-card\">\n<header class=\"aps-card__head\">\n<h2 class=\"aps-h\">Technische Eigenschaften<\/h2>\n<p class=\"aps-sub\">Details zum Ersatzteil.<\/p>\n<\/header>\n<div class=\"aps-specgrid\">\n<div class=\"aps-spec\">\n<div><span>Ersatzteiltyp<\/span><strong>I\/O-Board-Flexkabel<\/strong><\/div>\n<\/div>\n<div class=\"aps-spec\">\n<div><span>Part Number<\/span><strong>821-1143-A<\/strong><\/div>\n<\/div>\n<div class=\"aps-spec\">\n<div><span>Zustand<\/span><strong>Refurbished, gepr\u00fcft<\/strong><\/div>\n<\/div><\/div>\n<\/section>\n<section class=\"aps-card aps-callout aps-callout--warn\">\n<header class=\"aps-card__head\">\n<h2 class=\"aps-h\">Installation und Hinweise<\/h2>\n<p class=\"aps-sub\">Technische Hinweise f\u00fcr einen sicheren Austausch<\/p>\n<\/header>\n<p>\n      Der Einbau erfordert das \u00d6ffnen der unteren Geh\u00e4useschale und das L\u00f6sen der Schnappanschl\u00fcsse auf dem Logic Board. Wir empfehlen Ihnen, das Flachbandkabel ausschliesslich mit antistatischen Werkzeugen zu handhaben und \u00fcberm\u00e4ssiges Knicken zu vermeiden, da dies die feinen inneren Kupferleiterbahnen unterbrechen k\u00f6nnte. Das Trennen der Batterie ist als erster Schritt zwingend erforderlich, um sicher arbeiten zu k\u00f6nnen. Aufgrund der Empfindlichkeit der kleinen Anschl\u00fcsse und der Notwendigkeit einer pr\u00e4zisen Positionierung unter dem L\u00fcfter kann die Unterst\u00fctzung durch einen qualifizierten Techniker hilfreich sein, um eine stabile Verbindung sicherzustellen und versehentliche Sch\u00e4den am Logic Board beim Zusammenbau zu vermeiden.\n    <\/p>\n<\/section>\n<section class=\"aps-card aps-callout aps-callout--info\">\n<header class=\"aps-card__head\">\n<h2 class=\"aps-h\">Sind Sie unsicher, ob dieses Ersatzteil das richtige ist?<\/h2>\n<p class=\"aps-sub\">Kontaktieren Sie uns f\u00fcr Unterst\u00fctzung bei der Auswahl des passenden Ersatzteils f\u00fcr Ihr Ger\u00e4t.<\/p>\n<\/header>\n<div class=\"aps-cta\">\n      <a class=\"aps-btn\" href=\"mailto:info@apfelspare.ch\">info@apfelspare.ch<\/a><br \/>\n      <span class=\"aps-cta__hint\">Senden Sie uns die Seriennummer Ihres MacBook Air: Wir werden die genaue Kompatibilit\u00e4t innerhalb kurzer Zeit f\u00fcr Sie pr\u00fcfen.<\/span>\n    <\/div>\n<\/section>\n<\/div>","protected":false},"excerpt":{"rendered":"<p>DC-Stromanschluss - Audio Jack - USB Kabel f\u00fcr MacBook Air 13\u2033 A1369 (2010), Teilenummer 821-1143-A. Garantiert refurbished Ersatzteil. Kostenloser Versand innerhalb der Schweiz<\/p>","protected":false},"featured_media":15936,"comment_status":"closed","ping_status":"closed","template":"","meta":{"_acf_changed":false,"_et_pb_use_builder":"","_et_pb_old_content":"","_et_gb_content_width":""},"product_brand":[],"product_cat":[183,187,20,19,127],"product_tag":[],"class_list":{"0":"post-15935","1":"product","2":"type-product","3":"status-publish","4":"has-post-thumbnail","6":"product_cat-altoparlanti","7":"product_cat-cavi-connettori","8":"product_cat-category-macbook-air","9":"product_cat-parti-ricambio-seconda-mano","10":"product_cat-macbook-air-13-late-2010-a1369","12":"first","13":"instock","14":"shipping-taxable","15":"purchasable","16":"product-type-simple"},"acf":[],"yoast_head":"<!-- This site is optimized with the Yoast SEO plugin v27.4 - https:\/\/yoast.com\/product\/yoast-seo-wordpress\/ -->\n<title>Cavo scheda Power DC \u2013 Jack audio \u2013 USB per MacBook Air 13&quot; A1369 (Late 2010) \u2013 RICONDIZIONATO<\/title>\n<meta name=\"description\" content=\"Cavo Power DC \u2013 Jack audio \u2013 USB per MacBook Air 13&quot; A1369 (2010), part number 821-1143-A. Ricambio usato garantito. Spedizioni gratuite in Svizzera\" \/>\n<meta name=\"robots\" content=\"index, follow, max-snippet:-1, max-image-preview:large, max-video-preview:-1\" \/>\n<link rel=\"canonical\" href=\"https:\/\/tipicino.ch\/apfelspare\/de\/product\/strom-dc-buchse-usb-kabel-macbook-air-13-a1369-2010-gebraucht\/\" \/>\n<meta property=\"og:locale\" content=\"de_DE\" \/>\n<meta property=\"og:type\" content=\"article\" \/>\n<meta property=\"og:title\" content=\"Cavo scheda Power DC \u2013 Jack audio \u2013 USB per MacBook Air 13&quot; A1369 (Late 2010) \u2013 RICONDIZIONATO\" \/>\n<meta property=\"og:description\" content=\"Cavo Power DC \u2013 Jack audio \u2013 USB per MacBook Air 13&quot; A1369 (2010), part number 821-1143-A. Ricambio usato garantito. Spedizioni gratuite in Svizzera\" \/>\n<meta property=\"og:url\" content=\"https:\/\/tipicino.ch\/apfelspare\/de\/product\/strom-dc-buchse-usb-kabel-macbook-air-13-a1369-2010-gebraucht\/\" \/>\n<meta property=\"og:site_name\" content=\"Ricambi MacBook Pro, MacBook Air e iMac in Svizzera \u2013 Display, Tastiere, Batterie, Trackpad\" \/>\n<meta property=\"article:modified_time\" content=\"2026-03-13T16:44:23+00:00\" \/>\n<meta property=\"og:image\" content=\"https:\/\/tipicino.ch\/apfelspare\/wp-content\/uploads\/2025\/06\/cavo-power-dc-jack-usb-macbook-air-13-a1369-2010-usato.png\" \/>\n\t<meta property=\"og:image:width\" content=\"1000\" \/>\n\t<meta property=\"og:image:height\" content=\"1000\" \/>\n\t<meta property=\"og:image:type\" content=\"image\/png\" \/>\n<meta name=\"twitter:card\" content=\"summary_large_image\" \/>\n<meta name=\"twitter:label1\" content=\"Gesch\u00e4tzte Lesezeit\" \/>\n\t<meta name=\"twitter:data1\" content=\"3\u00a0Minuten\" \/>\n<!-- \/ Yoast SEO plugin. -->","yoast_head_json":{"title":"Kabel DC-Stromanschluss - Audio Jack - USB f\u00fcr MacBook Air 13\" A1369 (Late 2010) - REFURBISHED","description":"Power-DC-Kabel \u2013 Audiobuchse \u2013 USB f\u00fcr MacBook Air 13\" A1369 (2010), Teilenummer 821-1143-A. Gebrauchtes Ersatzteil mit Garantie. Kostenloser Versand in der Schweiz","robots":{"index":"index","follow":"follow","max-snippet":"max-snippet:-1","max-image-preview":"max-image-preview:large","max-video-preview":"max-video-preview:-1"},"canonical":"https:\/\/tipicino.ch\/apfelspare\/de\/product\/strom-dc-buchse-usb-kabel-macbook-air-13-a1369-2010-gebraucht\/","og_locale":"de_DE","og_type":"article","og_title":"Cavo scheda Power DC \u2013 Jack audio \u2013 USB per MacBook Air 13\" A1369 (Late 2010) \u2013 RICONDIZIONATO","og_description":"Cavo Power DC \u2013 Jack audio \u2013 USB per MacBook Air 13\" A1369 (2010), part number 821-1143-A. Ricambio usato garantito. Spedizioni gratuite in Svizzera","og_url":"https:\/\/tipicino.ch\/apfelspare\/de\/product\/strom-dc-buchse-usb-kabel-macbook-air-13-a1369-2010-gebraucht\/","og_site_name":"Ricambi MacBook Pro, MacBook Air e iMac in Svizzera \u2013 Display, Tastiere, Batterie, Trackpad","article_modified_time":"2026-03-13T16:44:23+00:00","og_image":[{"width":1000,"height":1000,"url":"https:\/\/tipicino.ch\/apfelspare\/wp-content\/uploads\/2025\/06\/cavo-power-dc-jack-usb-macbook-air-13-a1369-2010-usato.png","type":"image\/png"}],"twitter_card":"summary_large_image","twitter_misc":{"Gesch\u00e4tzte Lesezeit":"3\u00a0Minuten"},"schema":{"@context":"https:\/\/schema.org","@graph":[{"@type":"WebPage","@id":"https:\/\/tipicino.ch\/apfelspare\/de\/prodotto\/cavo-power-dc-jack-usb-macbook-air-13-a1369-2010-usato\/","url":"https:\/\/tipicino.ch\/apfelspare\/de\/prodotto\/cavo-power-dc-jack-usb-macbook-air-13-a1369-2010-usato\/","name":"Kabel DC-Stromanschluss - Audio Jack - USB f\u00fcr MacBook Air 13\" A1369 (Late 2010) - REFURBISHED","isPartOf":{"@id":"https:\/\/tipicino.ch\/apfelspare\/de\/#website"},"primaryImageOfPage":{"@id":"https:\/\/tipicino.ch\/apfelspare\/de\/prodotto\/cavo-power-dc-jack-usb-macbook-air-13-a1369-2010-usato\/#primaryimage"},"image":{"@id":"https:\/\/tipicino.ch\/apfelspare\/de\/prodotto\/cavo-power-dc-jack-usb-macbook-air-13-a1369-2010-usato\/#primaryimage"},"thumbnailUrl":"https:\/\/tipicino.ch\/apfelspare\/wp-content\/uploads\/2025\/06\/cavo-power-dc-jack-usb-macbook-air-13-a1369-2010-usato.png","datePublished":"2025-06-28T05:53:39+00:00","dateModified":"2026-03-13T16:44:23+00:00","description":"Power-DC-Kabel \u2013 Audiobuchse \u2013 USB f\u00fcr MacBook Air 13\" A1369 (2010), Teilenummer 821-1143-A. Gebrauchtes Ersatzteil mit Garantie. Kostenloser Versand in der Schweiz","breadcrumb":{"@id":"https:\/\/tipicino.ch\/apfelspare\/de\/prodotto\/cavo-power-dc-jack-usb-macbook-air-13-a1369-2010-usato\/#breadcrumb"},"inLanguage":"de-CH","potentialAction":[{"@type":"ReadAction","target":["https:\/\/tipicino.ch\/apfelspare\/de\/prodotto\/cavo-power-dc-jack-usb-macbook-air-13-a1369-2010-usato\/"]}]},{"@type":"ImageObject","inLanguage":"de-CH","@id":"https:\/\/tipicino.ch\/apfelspare\/de\/prodotto\/cavo-power-dc-jack-usb-macbook-air-13-a1369-2010-usato\/#primaryimage","url":"https:\/\/tipicino.ch\/apfelspare\/wp-content\/uploads\/2025\/06\/cavo-power-dc-jack-usb-macbook-air-13-a1369-2010-usato.png","contentUrl":"https:\/\/tipicino.ch\/apfelspare\/wp-content\/uploads\/2025\/06\/cavo-power-dc-jack-usb-macbook-air-13-a1369-2010-usato.png","width":1000,"height":1000,"caption":"Cavo scheda Power DC \u2013 Jack audio \u2013 USB per MacBook Air 13\" A1369 (Late 2010) \u2013 USATO"},{"@type":"BreadcrumbList","@id":"https:\/\/tipicino.ch\/apfelspare\/de\/prodotto\/cavo-power-dc-jack-usb-macbook-air-13-a1369-2010-usato\/#breadcrumb","itemListElement":[{"@type":"ListItem","position":1,"name":"Home","item":"https:\/\/tipicino.ch\/apfelspare\/de\/"},{"@type":"ListItem","position":2,"name":"Shop","item":"https:\/\/tipicino.ch\/apfelspare\/de\/shop\/"},{"@type":"ListItem","position":3,"name":"Cavo scheda Power DC \u2013 Jack audio \u2013 USB per MacBook Air 13&#8243; A1369 (Late 2010) \u2013 RICONDIZIONATO"}]},{"@type":"WebSite","@id":"https:\/\/tipicino.ch\/apfelspare\/de\/#website","url":"https:\/\/tipicino.ch\/apfelspare\/de\/","name":"Ersatzteile f\u00fcr MacBook Pro, MacBook Air und iMac in der Schweiz \u2013 Display, Tastaturen, Batterien, Trackpads","description":"","publisher":{"@id":"https:\/\/tipicino.ch\/apfelspare\/de\/#organization"},"potentialAction":[{"@type":"SearchAction","target":{"@type":"EntryPoint","urlTemplate":"https:\/\/tipicino.ch\/apfelspare\/de\/?s={search_term_string}"},"query-input":{"@type":"PropertyValueSpecification","valueRequired":true,"valueName":"search_term_string"}}],"inLanguage":"de-CH"},{"@type":"Organization","@id":"https:\/\/tipicino.ch\/apfelspare\/de\/#organization","name":"tipicino.ch\/apfelspare","url":"https:\/\/tipicino.ch\/apfelspare\/de\/","logo":{"@type":"ImageObject","inLanguage":"de-CH","@id":"https:\/\/tipicino.ch\/apfelspare\/de\/#\/schema\/logo\/image\/","url":"https:\/\/tipicino.ch\/apfelspare\/wp-content\/uploads\/2025\/08\/cropped-FAVICON-tipicino.ch\/apfelspare_.png","contentUrl":"https:\/\/tipicino.ch\/apfelspare\/wp-content\/uploads\/2025\/08\/cropped-FAVICON-tipicino.ch\/apfelspare_.png","width":512,"height":512,"caption":"tipicino.ch\/apfelspare"},"image":{"@id":"https:\/\/tipicino.ch\/apfelspare\/de\/#\/schema\/logo\/image\/"}}]}},"_links":{"self":[{"href":"https:\/\/tipicino.ch\/apfelspare\/de\/wp-json\/wp\/v2\/product\/15935","targetHints":{"allow":["GET"]}}],"collection":[{"href":"https:\/\/tipicino.ch\/apfelspare\/de\/wp-json\/wp\/v2\/product"}],"about":[{"href":"https:\/\/tipicino.ch\/apfelspare\/de\/wp-json\/wp\/v2\/types\/product"}],"replies":[{"embeddable":true,"href":"https:\/\/tipicino.ch\/apfelspare\/de\/wp-json\/wp\/v2\/comments?post=15935"}],"wp:featuredmedia":[{"embeddable":true,"href":"https:\/\/tipicino.ch\/apfelspare\/de\/wp-json\/wp\/v2\/media\/15936"}],"wp:attachment":[{"href":"https:\/\/tipicino.ch\/apfelspare\/de\/wp-json\/wp\/v2\/media?parent=15935"}],"wp:term":[{"taxonomy":"product_brand","embeddable":true,"href":"https:\/\/tipicino.ch\/apfelspare\/de\/wp-json\/wp\/v2\/product_brand?post=15935"},{"taxonomy":"product_cat","embeddable":true,"href":"https:\/\/tipicino.ch\/apfelspare\/de\/wp-json\/wp\/v2\/product_cat?post=15935"},{"taxonomy":"product_tag","embeddable":true,"href":"https:\/\/tipicino.ch\/apfelspare\/de\/wp-json\/wp\/v2\/product_tag?post=15935"}],"curies":[{"name":"wp","href":"https:\/\/api.w.org\/{rel}","templated":true}]}}