{"id":15943,"date":"2025-06-30T05:27:30","date_gmt":"2025-06-30T05:27:30","guid":{"rendered":"https:\/\/tipicino.ch\/apfelspare\/?post_type=product&#038;p=15943"},"modified":"2026-03-13T23:51:45","modified_gmt":"2026-03-13T23:51:45","slug":"strom-dc-buchse-usb-kabel-macbook-air-11-a1370-2010-2011-gebraucht","status":"publish","type":"product","link":"https:\/\/tipicino.ch\/apfelspare\/de\/prodotto\/cavo-power-dc-jack-usb-macbook-air-11-a1370-2010-2011-usato\/","title":{"rendered":"Kabel DC-Stromanschluss - Audio Jack - USB f\u00fcr MacBook Air 11\u2033 A1370 (Late 2010 - Mid 2011) - REFURBISHED"},"content":{"rendered":"<div class=\"aps-pdp\">\n<section class=\"aps-card\">\n<header class=\"aps-card__head\">\n<h2 class=\"aps-h\">I\/O-Flexkabel f\u00fcr MacBook Air 11\u2033 A1370 (2010\u20132011)<\/h2>\n<p class=\"aps-sub\">Verbindungskabel zwischen Logic Board und Sekund\u00e4rplatine Power DC-In \/ Audio \/ USB.<\/p>\n<\/header>\n<p>\n      Ihr MacBook Air 11\u2033 l\u00e4sst sich nicht mehr aufladen, gibt keinen Ton \u00fcber den Kopfh\u00f6reranschluss aus oder der rechte USB-Anschluss funktioniert nicht mehr? H\u00e4ufig sind diese Probleme nicht auf das Logic Board zur\u00fcckzuf\u00fchren, sondern auf eine Fehlfunktion des Flachbandkabels der Verbindung. Dieses Bauteil stellt die Kommunikation zwischen dem Haupt-Logic-Board und dem I\/O-Board her, das f\u00fcr die Stromversorgung und die Hilfssignale zust\u00e4ndig ist; wenn das Kabel besch\u00e4digt, abgenutzt oder von Oxidationsspuren betroffen ist, kann die Daten- und Energie\u00fcbertragung unterbrochen werden. Durch den Austausch mit diesem revidierten und gepr\u00fcften Ersatzteil (P\/N 821-1340-A \/ 821-1104-A) kann die volle Funktionsf\u00e4higkeit der externen Anschl\u00fcsse und des Ladesystems wiederhergestellt werden.\n    <\/p>\n<div class=\"aps-note aps-note--warn\">\n      <span class=\"aps-note__ico\">!<\/span><br \/>\n      <span class=\"aps-note__txt\"><strong>KOMPATIBILIT\u00c4TSHINWEIS:<\/strong> Dieses Kabel ist spezifisch f\u00fcr die Serie A1370. Wir empfehlen Ihnen, die Modellkennung auf der Unterseite Ihres Mac sorgf\u00e4ltig zu \u00fcberpr\u00fcfen: Die ab 2012 produzierten Modelle A1465 verwenden andere Anschl\u00fcsse und sind mit diesem Bauteil nicht kompatibel.<\/span>\n    <\/div>\n<\/section>\n<section class=\"aps-card\">\n<header class=\"aps-card__head\">\n<h2 class=\"aps-h\">Unterst\u00fctzte Modelle<\/h2>\n<p class=\"aps-sub\">MacBook Air 11\u2033 Versionen, die mit diesem spezifischen I\/O-Kabel kompatibel sind.<\/p>\n<\/header>\n<ul class=\"aps-check\">\n<li><strong>MacBook Air 11\u2033 A1370 (Mid 2011)<\/strong> <span class=\"aps-badge\">MacBookAir4.1<\/span><\/li>\n<li><strong>MacBook Air 11\u2033 A1370 (Late 2010)<\/strong> <span class=\"aps-badge\">MacBookAir3.1<\/span><\/li>\n<\/ul>\n<\/section>\n<section class=\"aps-card\">\n<header class=\"aps-card__head\">\n<h2 class=\"aps-h\">Technische Eigenschaften<\/h2>\n<p class=\"aps-sub\">Details zum Ersatzteil.<\/p>\n<\/header>\n<div class=\"aps-specgrid\">\n<div class=\"aps-spec\">\n<div><span>Ersatzteiltyp<\/span><strong>I\/O-Board-Flexkabel<\/strong><\/div>\n<\/div>\n<div class=\"aps-spec\">\n<div><span>Part Number<\/span><strong>821-1340-A \/ 821-1104-A<\/strong><\/div>\n<\/div>\n<div class=\"aps-spec\">\n<div><span>Zustand<\/span><strong>Refurbished, gepr\u00fcft<\/strong><\/div>\n<\/div><\/div>\n<\/section>\n<section class=\"aps-card aps-callout aps-callout--warn\">\n<header class=\"aps-card__head\">\n<h2 class=\"aps-h\">Installation und Hinweise<\/h2>\n<p class=\"aps-sub\">Technische Hinweise f\u00fcr einen sicheren Austausch<\/p>\n<\/header>\n<p>\n      Der Einbau erfordert das \u00d6ffnen der unteren Geh\u00e4useschale des MacBook Air und das L\u00f6sen der Druckanschl\u00fcsse auf dem Logic Board. Wir empfehlen Ihnen, das Flachbandkabel mit \u00e4usserster Vorsicht zu handhaben und abruptes Knicken zu vermeiden, da dies die feinen inneren Kupferleiterbahnen brechen k\u00f6nnte. Das Trennen der Batterie ist als erster Schritt zwingend erforderlich, um sicher arbeiten zu k\u00f6nnen. Aufgrund der Empfindlichkeit der kleinen Anschl\u00fcsse und der erforderlichen Pr\u00e4zision bei der Ausrichtung kann die Unterst\u00fctzung durch einen qualifizierten Techniker hilfreich sein, um eine stabile Verbindung sicherzustellen und versehentliche Sch\u00e4den am Logic Board beim Zusammenbau zu vermeiden.\n    <\/p>\n<\/section>\n<section class=\"aps-card aps-callout aps-callout--info\">\n<header class=\"aps-card__head\">\n<h2 class=\"aps-h\">Sind Sie unsicher, ob dieses Ersatzteil das richtige ist?<\/h2>\n<p class=\"aps-sub\">Kontaktieren Sie uns f\u00fcr Unterst\u00fctzung bei der Auswahl des passenden Ersatzteils f\u00fcr Ihr Ger\u00e4t.<\/p>\n<\/header>\n<div class=\"aps-cta\">\n      <a class=\"aps-btn\" href=\"mailto:info@apfelspare.ch\">info@apfelspare.ch<\/a><br \/>\n      <span class=\"aps-cta__hint\">Senden Sie uns die Seriennummer Ihres MacBook Air: Wir werden die genaue Kompatibilit\u00e4t innerhalb kurzer Zeit f\u00fcr Sie pr\u00fcfen.<\/span>\n    <\/div>\n<\/section>\n<\/div>","protected":false},"excerpt":{"rendered":"<p>DC-Stromanschluss Adapter Kabel - Audio Jack - USB f\u00fcr MacBook Air 11\u2033 A1370 (2010-2011), Teilenummer 821-1340-A \/ 821-1104-A. Garantiert refurbished Ersatzteil. Kostenloser Versand innerhalb der Schweiz<\/p>","protected":false},"featured_media":15944,"comment_status":"closed","ping_status":"closed","template":"","meta":{"_acf_changed":false,"_et_pb_use_builder":"","_et_pb_old_content":"","_et_gb_content_width":""},"product_brand":[],"product_cat":[183,187,20,19,130,129],"product_tag":[],"class_list":{"0":"post-15943","1":"product","2":"type-product","3":"status-publish","4":"has-post-thumbnail","6":"product_cat-altoparlanti","7":"product_cat-cavi-connettori","8":"product_cat-category-macbook-air","9":"product_cat-parti-ricambio-seconda-mano","10":"product_cat-macbook-air-11-mid-2011-a1370","11":"product_cat-macbook-air-11-late-2010-a1370","13":"first","14":"instock","15":"shipping-taxable","16":"purchasable","17":"product-type-simple"},"acf":[],"yoast_head":"<!-- This site is optimized with the Yoast SEO plugin v27.4 - https:\/\/yoast.com\/product\/yoast-seo-wordpress\/ -->\n<title>Cavo scheda Power DC \u2013 Jack audio \u2013 USB per MacBook Air 11&quot; A1370 (Late 2010 \u2013 Mid 2011) \u2013 RICONDIZIONATO<\/title>\n<meta name=\"description\" content=\"Cavo scheda Power DC \u2013 Jack audio \u2013 USB per MacBook Air 11&quot; A1370 (2010\u20132011), part number 821-1340-A \/ 821-1104-A. Ricambio usato garantito. Spedizioni gratuite in Svizzera\" \/>\n<meta name=\"robots\" content=\"index, follow, max-snippet:-1, max-image-preview:large, max-video-preview:-1\" \/>\n<link rel=\"canonical\" href=\"https:\/\/tipicino.ch\/apfelspare\/de\/product\/strom-dc-buchse-usb-kabel-macbook-air-11-a1370-2010-2011-gebraucht\/\" \/>\n<meta property=\"og:locale\" content=\"de_DE\" \/>\n<meta property=\"og:type\" content=\"article\" \/>\n<meta property=\"og:title\" content=\"Cavo scheda Power DC \u2013 Jack audio \u2013 USB per MacBook Air 11&quot; A1370 (Late 2010 \u2013 Mid 2011) \u2013 RICONDIZIONATO\" \/>\n<meta property=\"og:description\" content=\"Cavo scheda Power DC \u2013 Jack audio \u2013 USB per MacBook Air 11&quot; A1370 (2010\u20132011), part number 821-1340-A \/ 821-1104-A. Ricambio usato garantito. Spedizioni gratuite in Svizzera\" \/>\n<meta property=\"og:url\" content=\"https:\/\/tipicino.ch\/apfelspare\/de\/product\/strom-dc-buchse-usb-kabel-macbook-air-11-a1370-2010-2011-gebraucht\/\" \/>\n<meta property=\"og:site_name\" content=\"Ricambi MacBook Pro, MacBook Air e iMac in Svizzera \u2013 Display, Tastiere, Batterie, Trackpad\" \/>\n<meta property=\"article:modified_time\" content=\"2026-03-13T23:51:45+00:00\" \/>\n<meta property=\"og:image\" content=\"https:\/\/tipicino.ch\/apfelspare\/wp-content\/uploads\/2025\/06\/cavo-power-dc-jack-usb-macbook-air-11-a1370-2010-2011-usato.png\" \/>\n\t<meta property=\"og:image:width\" content=\"1000\" \/>\n\t<meta property=\"og:image:height\" content=\"1000\" \/>\n\t<meta property=\"og:image:type\" content=\"image\/png\" \/>\n<meta name=\"twitter:card\" content=\"summary_large_image\" \/>\n<meta name=\"twitter:label1\" content=\"Gesch\u00e4tzte Lesezeit\" \/>\n\t<meta name=\"twitter:data1\" content=\"3\u00a0Minuten\" \/>\n<!-- \/ Yoast SEO plugin. -->","yoast_head_json":{"title":"Power-DC-Board-Kabel \u2013 Audiobuchse \u2013 USB f\u00fcr MacBook Air 11\" A1370 (Late 2010 \u2013 Mid 2011) \u2013 REFURBISHED","description":"Power-DC-Board-Kabel \u2013 Audiobuchse \u2013 USB f\u00fcr MacBook Air 11\" A1370 (2010\u20132011), Teilenummer 821-1340-A \/ 821-1104-A. Gebrauchtes Ersatzteil mit Garantie. Kostenloser Versand in der Schweiz","robots":{"index":"index","follow":"follow","max-snippet":"max-snippet:-1","max-image-preview":"max-image-preview:large","max-video-preview":"max-video-preview:-1"},"canonical":"https:\/\/tipicino.ch\/apfelspare\/de\/product\/strom-dc-buchse-usb-kabel-macbook-air-11-a1370-2010-2011-gebraucht\/","og_locale":"de_DE","og_type":"article","og_title":"Cavo scheda Power DC \u2013 Jack audio \u2013 USB per MacBook Air 11\" A1370 (Late 2010 \u2013 Mid 2011) \u2013 RICONDIZIONATO","og_description":"Cavo scheda Power DC \u2013 Jack audio \u2013 USB per MacBook Air 11\" A1370 (2010\u20132011), part number 821-1340-A \/ 821-1104-A. Ricambio usato garantito. Spedizioni gratuite in Svizzera","og_url":"https:\/\/tipicino.ch\/apfelspare\/de\/product\/strom-dc-buchse-usb-kabel-macbook-air-11-a1370-2010-2011-gebraucht\/","og_site_name":"Ricambi MacBook Pro, MacBook Air e iMac in Svizzera \u2013 Display, Tastiere, Batterie, Trackpad","article_modified_time":"2026-03-13T23:51:45+00:00","og_image":[{"width":1000,"height":1000,"url":"https:\/\/tipicino.ch\/apfelspare\/wp-content\/uploads\/2025\/06\/cavo-power-dc-jack-usb-macbook-air-11-a1370-2010-2011-usato.png","type":"image\/png"}],"twitter_card":"summary_large_image","twitter_misc":{"Gesch\u00e4tzte Lesezeit":"3\u00a0Minuten"},"schema":{"@context":"https:\/\/schema.org","@graph":[{"@type":"WebPage","@id":"https:\/\/tipicino.ch\/apfelspare\/de\/prodotto\/cavo-power-dc-jack-usb-macbook-air-11-a1370-2010-2011-usato\/","url":"https:\/\/tipicino.ch\/apfelspare\/de\/prodotto\/cavo-power-dc-jack-usb-macbook-air-11-a1370-2010-2011-usato\/","name":"Power-DC-Board-Kabel \u2013 Audiobuchse \u2013 USB f\u00fcr MacBook Air 11\" A1370 (Late 2010 \u2013 Mid 2011) \u2013 REFURBISHED","isPartOf":{"@id":"https:\/\/tipicino.ch\/apfelspare\/de\/#website"},"primaryImageOfPage":{"@id":"https:\/\/tipicino.ch\/apfelspare\/de\/prodotto\/cavo-power-dc-jack-usb-macbook-air-11-a1370-2010-2011-usato\/#primaryimage"},"image":{"@id":"https:\/\/tipicino.ch\/apfelspare\/de\/prodotto\/cavo-power-dc-jack-usb-macbook-air-11-a1370-2010-2011-usato\/#primaryimage"},"thumbnailUrl":"https:\/\/tipicino.ch\/apfelspare\/wp-content\/uploads\/2025\/06\/cavo-power-dc-jack-usb-macbook-air-11-a1370-2010-2011-usato.png","datePublished":"2025-06-30T05:27:30+00:00","dateModified":"2026-03-13T23:51:45+00:00","description":"Power-DC-Board-Kabel \u2013 Audiobuchse \u2013 USB f\u00fcr MacBook Air 11\" A1370 (2010\u20132011), Teilenummer 821-1340-A \/ 821-1104-A. Gebrauchtes Ersatzteil mit Garantie. Kostenloser Versand in der Schweiz","breadcrumb":{"@id":"https:\/\/tipicino.ch\/apfelspare\/de\/prodotto\/cavo-power-dc-jack-usb-macbook-air-11-a1370-2010-2011-usato\/#breadcrumb"},"inLanguage":"de-CH","potentialAction":[{"@type":"ReadAction","target":["https:\/\/tipicino.ch\/apfelspare\/de\/prodotto\/cavo-power-dc-jack-usb-macbook-air-11-a1370-2010-2011-usato\/"]}]},{"@type":"ImageObject","inLanguage":"de-CH","@id":"https:\/\/tipicino.ch\/apfelspare\/de\/prodotto\/cavo-power-dc-jack-usb-macbook-air-11-a1370-2010-2011-usato\/#primaryimage","url":"https:\/\/tipicino.ch\/apfelspare\/wp-content\/uploads\/2025\/06\/cavo-power-dc-jack-usb-macbook-air-11-a1370-2010-2011-usato.png","contentUrl":"https:\/\/tipicino.ch\/apfelspare\/wp-content\/uploads\/2025\/06\/cavo-power-dc-jack-usb-macbook-air-11-a1370-2010-2011-usato.png","width":1000,"height":1000,"caption":"Cavo scheda Power DC \u2013 Jack audio \u2013 USB per MacBook Air 11\" A1370 (Late 2010 \u2013 Mid 2011) \u2013 USATO"},{"@type":"BreadcrumbList","@id":"https:\/\/tipicino.ch\/apfelspare\/de\/prodotto\/cavo-power-dc-jack-usb-macbook-air-11-a1370-2010-2011-usato\/#breadcrumb","itemListElement":[{"@type":"ListItem","position":1,"name":"Home","item":"https:\/\/tipicino.ch\/apfelspare\/de\/"},{"@type":"ListItem","position":2,"name":"Shop","item":"https:\/\/tipicino.ch\/apfelspare\/de\/shop\/"},{"@type":"ListItem","position":3,"name":"Cavo scheda Power DC \u2013 Jack audio \u2013 USB per MacBook Air 11&#8243; A1370 (Late 2010 \u2013 Mid 2011) \u2013 RICONDIZIONATO"}]},{"@type":"WebSite","@id":"https:\/\/tipicino.ch\/apfelspare\/de\/#website","url":"https:\/\/tipicino.ch\/apfelspare\/de\/","name":"Ersatzteile f\u00fcr MacBook Pro, MacBook Air und iMac in der Schweiz \u2013 Display, Tastaturen, Batterien, Trackpads","description":"","publisher":{"@id":"https:\/\/tipicino.ch\/apfelspare\/de\/#organization"},"potentialAction":[{"@type":"SearchAction","target":{"@type":"EntryPoint","urlTemplate":"https:\/\/tipicino.ch\/apfelspare\/de\/?s={search_term_string}"},"query-input":{"@type":"PropertyValueSpecification","valueRequired":true,"valueName":"search_term_string"}}],"inLanguage":"de-CH"},{"@type":"Organization","@id":"https:\/\/tipicino.ch\/apfelspare\/de\/#organization","name":"tipicino.ch\/apfelspare","url":"https:\/\/tipicino.ch\/apfelspare\/de\/","logo":{"@type":"ImageObject","inLanguage":"de-CH","@id":"https:\/\/tipicino.ch\/apfelspare\/de\/#\/schema\/logo\/image\/","url":"https:\/\/tipicino.ch\/apfelspare\/wp-content\/uploads\/2025\/08\/cropped-FAVICON-tipicino.ch\/apfelspare_.png","contentUrl":"https:\/\/tipicino.ch\/apfelspare\/wp-content\/uploads\/2025\/08\/cropped-FAVICON-tipicino.ch\/apfelspare_.png","width":512,"height":512,"caption":"tipicino.ch\/apfelspare"},"image":{"@id":"https:\/\/tipicino.ch\/apfelspare\/de\/#\/schema\/logo\/image\/"}}]}},"_links":{"self":[{"href":"https:\/\/tipicino.ch\/apfelspare\/de\/wp-json\/wp\/v2\/product\/15943","targetHints":{"allow":["GET"]}}],"collection":[{"href":"https:\/\/tipicino.ch\/apfelspare\/de\/wp-json\/wp\/v2\/product"}],"about":[{"href":"https:\/\/tipicino.ch\/apfelspare\/de\/wp-json\/wp\/v2\/types\/product"}],"replies":[{"embeddable":true,"href":"https:\/\/tipicino.ch\/apfelspare\/de\/wp-json\/wp\/v2\/comments?post=15943"}],"wp:featuredmedia":[{"embeddable":true,"href":"https:\/\/tipicino.ch\/apfelspare\/de\/wp-json\/wp\/v2\/media\/15944"}],"wp:attachment":[{"href":"https:\/\/tipicino.ch\/apfelspare\/de\/wp-json\/wp\/v2\/media?parent=15943"}],"wp:term":[{"taxonomy":"product_brand","embeddable":true,"href":"https:\/\/tipicino.ch\/apfelspare\/de\/wp-json\/wp\/v2\/product_brand?post=15943"},{"taxonomy":"product_cat","embeddable":true,"href":"https:\/\/tipicino.ch\/apfelspare\/de\/wp-json\/wp\/v2\/product_cat?post=15943"},{"taxonomy":"product_tag","embeddable":true,"href":"https:\/\/tipicino.ch\/apfelspare\/de\/wp-json\/wp\/v2\/product_tag?post=15943"}],"curies":[{"name":"wp","href":"https:\/\/api.w.org\/{rel}","templated":true}]}}