{"id":15970,"date":"2025-07-01T11:57:21","date_gmt":"2025-07-01T11:57:21","guid":{"rendered":"https:\/\/tipicino.ch\/apfelspare\/?post_type=product&#038;p=15970"},"modified":"2026-03-15T22:48:26","modified_gmt":"2026-03-15T22:48:26","slug":"airport-karte-wifi-bluetooth-macbook-pro-a1398-a1502-2015-gebraucht","status":"publish","type":"product","link":"https:\/\/tipicino.ch\/apfelspare\/de\/prodotto\/scheda-airport-wifi-bluetooth-macbook-pro-a1398-a1502-2015-usato\/","title":{"rendered":"Airport Wi-Fi + Bluetooth Karte f\u00fcr MacBook Pro 13\u2033 15\u2033 A1398 A1502 (Early 2015 - Mid 2015) - REFURBISHED"},"content":{"rendered":"<div class=\"aps-pdp\">\n<section class=\"aps-card\">\n<header class=\"aps-card__head\">\n<h2 class=\"aps-h\">AirPort Wi-Fi 802.11ac und Bluetooth 4.2 Karte BCM943602CS f\u00fcr MacBook Pro Retina (2015)<\/h2>\n<p class=\"aps-sub\">Internes Hochgeschwindigkeits-Wireless-Kommunikationsmodul f\u00fcr die Retina-Modelle A1398 und A1502.<\/p>\n<\/header>\n<p>\n      Hat Ihr MacBook Pro Retina von 2015 Schwierigkeiten, die Wi-Fi-Verbindung aufrechtzuerhalten, zeigt es das durchgestrichene Wireless-Symbol an oder erkennt es keine Bluetooth-Ger\u00e4te wie die Magic Mouse oder AirPods mehr? Diese Symptome k\u00f6nnten auf einen Defekt des AirPort-Moduls Broadcom BCM943602CS hindeuten. Diese Karte ist die grundlegende Komponente f\u00fcr die Verwaltung des Wi-Fi-AC-Standards und von Bluetooth 4.2, die f\u00fcr das reibungslose Funktionieren von Continuity, Handoff und AirDrop erforderlich sind. Durch den Austausch des Originalmoduls k\u00f6nnten die vollen Kommunikationsf\u00e4higkeiten Ihres Laptops sofort wiederhergestellt werden, sodass das Ger\u00e4t wieder in seinen optimalen Betriebszustand versetzt wird.\n    <\/p>\n<div class=\"aps-note aps-note--warn\">\n      <span class=\"aps-note__ico\">!<\/span><br \/>\n      <span class=\"aps-note__txt\"><strong>TECHNISCHER HINWEIS:<\/strong> Die drei vergoldeten Mikro-Anschl\u00fcsse f\u00fcr die Antennen an diesem Modul sind extrem zerbrechlich. Wir empfehlen Ihnen, diese mit millimetergenauer Pr\u00e4zision auszurichten, bevor Sie einen leichten Druck zum Einrasten aus\u00fcben: Ein gewaltsames Einsetzen oder eine Fehlstellung der Pins k\u00f6nnte zu einem sehr schwachen Wi-Fi-Signalempfang oder der Unf\u00e4higkeit f\u00fchren, Bluetooth-Verbindungen zu stabilisieren.<\/span>\n    <\/div>\n<\/section>\n<section class=\"aps-card\">\n<header class=\"aps-card__head\">\n<h2 class=\"aps-h\">Unterst\u00fctzte Modelle<\/h2>\n<p class=\"aps-sub\">\u00dcberpr\u00fcfen Sie, ob Ihre Kennung in der Liste erscheint, um die Hardware-Kompatibilit\u00e4t zu gew\u00e4hrleisten.<\/p>\n<\/header>\n<ul class=\"aps-check\">\n<li><strong>MacBook Pro 15\u2033 A1398 (Mid 2015)<\/strong> <span class=\"aps-badge\">MacBookPro11.4<\/span><\/li>\n<li><strong>MacBook Pro 15\u2033 A1398 (Mid 2015)<\/strong> <span class=\"aps-badge\">MacBookPro11.5<\/span><\/li>\n<li><strong>MacBook Pro 13\u2033 A1502 (Early 2015)<\/strong> <span class=\"aps-badge\">MacBookPro12.1<\/span><\/li>\n<\/ul>\n<\/section>\n<section class=\"aps-card\">\n<header class=\"aps-card__head\">\n<h2 class=\"aps-h\">Technische Eigenschaften<\/h2>\n<p class=\"aps-sub\">Hardware-Spezifikationen des Wireless-Kommunikationsmoduls.<\/p>\n<\/header>\n<div class=\"aps-specgrid\">\n<div class=\"aps-spec\">\n<div><span>Ersatzteiltyp<\/span><strong>Airport-Karte<\/strong><\/div>\n<\/div>\n<div class=\"aps-spec\">\n<div><span>Modell<\/span><strong>BCM943602CS<\/strong><\/div>\n<\/div>\n<div class=\"aps-spec\">\n<div><span>Protokolle<\/span><strong>Wi-Fi 802.11ac \/ Bluetooth 4.2<\/strong><\/div>\n<\/div>\n<div class=\"aps-spec\">\n<div><span>Zustand<\/span><strong>Refurbished<\/strong><\/div>\n<\/div><\/div>\n<\/section>\n<section class=\"aps-card aps-callout aps-callout--warn\">\n<header class=\"aps-card__head\">\n<h2 class=\"aps-h\">Installationsanleitung und Hinweise<\/h2>\n<p class=\"aps-sub\">Betriebshinweise f\u00fcr einen sicheren und professionellen Austausch.<\/p>\n<\/header>\n<p>\n      Die Installation erfordert das \u00d6ffnen des Geh\u00e4uses mit einem Pentalobe-Schraubendreher P5. Sobald die untere Abdeckung entfernt ist, ist es von grundlegender Bedeutung, den Batteriestecker als allerersten Schritt vom Logic Board zu trennen, um dauerhafte elektrische Sch\u00e4den zu vermeiden. Die AirPort-Karte ist mit einer Torx-Schraube befestigt und mit drei Antennenkabeln verbunden. Wir empfehlen Ihnen, die Antennenanschl\u00fcsse vorsichtig mit einem antistatischen Kunststoffwerkzeug anzuheben, um Kratzer oder strukturelle Verformungen zu vermeiden. Aufgrund der extremen Komponentendichte in den Retina-Modellen k\u00f6nnte der Einsatz eines qualifizierten Technikers ratsam sein.\n    <\/p>\n<\/section>\n<section class=\"aps-card aps-callout aps-callout--info\">\n<header class=\"aps-card__head\">\n<h2 class=\"aps-h\">Sind Sie unsicher, ob dieses Ersatzteil das richtige ist?<\/h2>\n<p class=\"aps-sub\">Kontaktieren Sie uns f\u00fcr Unterst\u00fctzung bei der Auswahl des passenden Ersatzteils f\u00fcr Ihr Ger\u00e4t.<\/p>\n<\/header>\n<div class=\"aps-cta\">\n      <a class=\"aps-btn\" href=\"mailto:info@apfelspare.ch\">info@apfelspare.ch<\/a><br \/>\n      <span class=\"aps-cta__hint\">Senden Sie uns die Seriennummer Ihres MacBook Pro (auf der Unterseite des Geh\u00e4uses eingraviert): Wir werden die genaue Kompatibilit\u00e4t in wenigen Minuten f\u00fcr Sie pr\u00fcfen.<\/span>\n    <\/div>\n<\/section>\n<\/div>","protected":false},"excerpt":{"rendered":"<p>Wi-Fi + Bluetooth Karte f\u00fcr MacBook Pro A1398 A1502 (2015), Modell BCM943602CS. Garantiertes refurbisheds Ersatzteil. Kostenloser Versand innerhalb der Schweiz.<\/p>","protected":false},"featured_media":15971,"comment_status":"closed","ping_status":"closed","template":"","meta":{"_acf_changed":false,"_et_pb_use_builder":"","_et_pb_old_content":"","_et_gb_content_width":""},"product_brand":[],"product_cat":[190,187,17,19,87,90],"product_tag":[],"class_list":{"0":"post-15970","1":"product","2":"type-product","3":"status-publish","4":"has-post-thumbnail","6":"product_cat-wifi-antenne","7":"product_cat-cavi-connettori","8":"product_cat-category-macbook-pro","9":"product_cat-parti-ricambio-seconda-mano","10":"product_cat-macbook-pro-15-mid-2015-a1398","11":"product_cat-macbook-pro-13-early-2015-a1502","13":"first","14":"instock","15":"shipping-taxable","16":"purchasable","17":"product-type-simple"},"acf":[],"yoast_head":"<!-- This site is optimized with the Yoast SEO plugin v27.4 - https:\/\/yoast.com\/product\/yoast-seo-wordpress\/ -->\n<title>Scheda Airport Wi-Fi + Bluetooth per MacBook Pro 13&quot; 15&quot; A1398 A1502 (Early\u2013Mid 2015) \u2013 RICONDIZIONATO<\/title>\n<meta name=\"description\" content=\"Scheda Wi-Fi + Bluetooth per MacBook Pro A1398 A1502 (2015), modello BCM943602CS. Ricambio usato garantito. Spedizioni gratuite in Svizzera\" \/>\n<meta name=\"robots\" content=\"index, follow, max-snippet:-1, max-image-preview:large, max-video-preview:-1\" \/>\n<link rel=\"canonical\" href=\"https:\/\/tipicino.ch\/apfelspare\/de\/product\/airport-karte-wifi-bluetooth-macbook-pro-a1398-a1502-2015-gebraucht\/\" \/>\n<meta property=\"og:locale\" content=\"de_DE\" \/>\n<meta property=\"og:type\" content=\"article\" \/>\n<meta property=\"og:title\" content=\"Scheda Airport Wi-Fi + Bluetooth per MacBook Pro 13&quot; 15&quot; A1398 A1502 (Early\u2013Mid 2015) \u2013 RICONDIZIONATO\" \/>\n<meta property=\"og:description\" content=\"Scheda Wi-Fi + Bluetooth per MacBook Pro A1398 A1502 (2015), modello BCM943602CS. Ricambio usato garantito. Spedizioni gratuite in Svizzera\" \/>\n<meta property=\"og:url\" content=\"https:\/\/tipicino.ch\/apfelspare\/de\/product\/airport-karte-wifi-bluetooth-macbook-pro-a1398-a1502-2015-gebraucht\/\" \/>\n<meta property=\"og:site_name\" content=\"Ricambi MacBook Pro, MacBook Air e iMac in Svizzera \u2013 Display, Tastiere, Batterie, Trackpad\" \/>\n<meta property=\"article:modified_time\" content=\"2026-03-15T22:48:26+00:00\" \/>\n<meta property=\"og:image\" content=\"https:\/\/tipicino.ch\/apfelspare\/wp-content\/uploads\/2025\/07\/scheda-airport-wifi-bluetooth-macbook-pro-a1398-a1502-2015-usato.png\" \/>\n\t<meta property=\"og:image:width\" content=\"1000\" \/>\n\t<meta property=\"og:image:height\" content=\"1000\" \/>\n\t<meta property=\"og:image:type\" content=\"image\/png\" \/>\n<meta name=\"twitter:card\" content=\"summary_large_image\" \/>\n<meta name=\"twitter:label1\" content=\"Gesch\u00e4tzte Lesezeit\" \/>\n\t<meta name=\"twitter:data1\" content=\"3\u00a0Minuten\" \/>\n<!-- \/ Yoast SEO plugin. -->","yoast_head_json":{"title":"Airport Wi-Fi + Bluetooth Karte f\u00fcr MacBook Pro 13\" 15\" A1398 A1502 (Early-Mid 2015) - REFURBISHED","description":"Wi-Fi + Bluetooth Karte f\u00fcr MacBook Pro A1398 A1502 (2015), Modell BCM943602CS. Garantiert gebrauchtes Ersatzteil. Kostenloser Versand innerhalb der Schweiz","robots":{"index":"index","follow":"follow","max-snippet":"max-snippet:-1","max-image-preview":"max-image-preview:large","max-video-preview":"max-video-preview:-1"},"canonical":"https:\/\/tipicino.ch\/apfelspare\/de\/product\/airport-karte-wifi-bluetooth-macbook-pro-a1398-a1502-2015-gebraucht\/","og_locale":"de_DE","og_type":"article","og_title":"Scheda Airport Wi-Fi + Bluetooth per MacBook Pro 13\" 15\" A1398 A1502 (Early\u2013Mid 2015) \u2013 RICONDIZIONATO","og_description":"Scheda Wi-Fi + Bluetooth per MacBook Pro A1398 A1502 (2015), modello BCM943602CS. Ricambio usato garantito. Spedizioni gratuite in Svizzera","og_url":"https:\/\/tipicino.ch\/apfelspare\/de\/product\/airport-karte-wifi-bluetooth-macbook-pro-a1398-a1502-2015-gebraucht\/","og_site_name":"Ricambi MacBook Pro, MacBook Air e iMac in Svizzera \u2013 Display, Tastiere, Batterie, Trackpad","article_modified_time":"2026-03-15T22:48:26+00:00","og_image":[{"width":1000,"height":1000,"url":"https:\/\/tipicino.ch\/apfelspare\/wp-content\/uploads\/2025\/07\/scheda-airport-wifi-bluetooth-macbook-pro-a1398-a1502-2015-usato.png","type":"image\/png"}],"twitter_card":"summary_large_image","twitter_misc":{"Gesch\u00e4tzte Lesezeit":"3\u00a0Minuten"},"schema":{"@context":"https:\/\/schema.org","@graph":[{"@type":"WebPage","@id":"https:\/\/tipicino.ch\/apfelspare\/de\/prodotto\/scheda-airport-wifi-bluetooth-macbook-pro-a1398-a1502-2015-usato\/","url":"https:\/\/tipicino.ch\/apfelspare\/de\/prodotto\/scheda-airport-wifi-bluetooth-macbook-pro-a1398-a1502-2015-usato\/","name":"Airport Wi-Fi + Bluetooth Karte f\u00fcr MacBook Pro 13\" 15\" A1398 A1502 (Early-Mid 2015) - REFURBISHED","isPartOf":{"@id":"https:\/\/tipicino.ch\/apfelspare\/de\/#website"},"primaryImageOfPage":{"@id":"https:\/\/tipicino.ch\/apfelspare\/de\/prodotto\/scheda-airport-wifi-bluetooth-macbook-pro-a1398-a1502-2015-usato\/#primaryimage"},"image":{"@id":"https:\/\/tipicino.ch\/apfelspare\/de\/prodotto\/scheda-airport-wifi-bluetooth-macbook-pro-a1398-a1502-2015-usato\/#primaryimage"},"thumbnailUrl":"https:\/\/tipicino.ch\/apfelspare\/wp-content\/uploads\/2025\/07\/scheda-airport-wifi-bluetooth-macbook-pro-a1398-a1502-2015-usato.png","datePublished":"2025-07-01T11:57:21+00:00","dateModified":"2026-03-15T22:48:26+00:00","description":"Wi-Fi + Bluetooth Karte f\u00fcr MacBook Pro A1398 A1502 (2015), Modell BCM943602CS. Garantiert gebrauchtes Ersatzteil. Kostenloser Versand innerhalb der Schweiz","breadcrumb":{"@id":"https:\/\/tipicino.ch\/apfelspare\/de\/prodotto\/scheda-airport-wifi-bluetooth-macbook-pro-a1398-a1502-2015-usato\/#breadcrumb"},"inLanguage":"de-CH","potentialAction":[{"@type":"ReadAction","target":["https:\/\/tipicino.ch\/apfelspare\/de\/prodotto\/scheda-airport-wifi-bluetooth-macbook-pro-a1398-a1502-2015-usato\/"]}]},{"@type":"ImageObject","inLanguage":"de-CH","@id":"https:\/\/tipicino.ch\/apfelspare\/de\/prodotto\/scheda-airport-wifi-bluetooth-macbook-pro-a1398-a1502-2015-usato\/#primaryimage","url":"https:\/\/tipicino.ch\/apfelspare\/wp-content\/uploads\/2025\/07\/scheda-airport-wifi-bluetooth-macbook-pro-a1398-a1502-2015-usato.png","contentUrl":"https:\/\/tipicino.ch\/apfelspare\/wp-content\/uploads\/2025\/07\/scheda-airport-wifi-bluetooth-macbook-pro-a1398-a1502-2015-usato.png","width":1000,"height":1000,"caption":"Scheda Airport Wi-Fi + Bluetooth per MacBook Pro 13\" 15\" A1398 A1502 (Early\u2013Mid 2015) \u2013 USATO"},{"@type":"BreadcrumbList","@id":"https:\/\/tipicino.ch\/apfelspare\/de\/prodotto\/scheda-airport-wifi-bluetooth-macbook-pro-a1398-a1502-2015-usato\/#breadcrumb","itemListElement":[{"@type":"ListItem","position":1,"name":"Home","item":"https:\/\/tipicino.ch\/apfelspare\/de\/"},{"@type":"ListItem","position":2,"name":"Shop","item":"https:\/\/tipicino.ch\/apfelspare\/de\/shop\/"},{"@type":"ListItem","position":3,"name":"Scheda Airport Wi-Fi + Bluetooth per MacBook Pro 13&#8243; 15&#8243; A1398 A1502 (Early 2015 \u2013 Mid 2015) \u2013 RICONDIZIONATO"}]},{"@type":"WebSite","@id":"https:\/\/tipicino.ch\/apfelspare\/de\/#website","url":"https:\/\/tipicino.ch\/apfelspare\/de\/","name":"Ersatzteile f\u00fcr MacBook Pro, MacBook Air und iMac in der Schweiz \u2013 Display, Tastaturen, Batterien, Trackpads","description":"","publisher":{"@id":"https:\/\/tipicino.ch\/apfelspare\/de\/#organization"},"potentialAction":[{"@type":"SearchAction","target":{"@type":"EntryPoint","urlTemplate":"https:\/\/tipicino.ch\/apfelspare\/de\/?s={search_term_string}"},"query-input":{"@type":"PropertyValueSpecification","valueRequired":true,"valueName":"search_term_string"}}],"inLanguage":"de-CH"},{"@type":"Organization","@id":"https:\/\/tipicino.ch\/apfelspare\/de\/#organization","name":"tipicino.ch\/apfelspare","url":"https:\/\/tipicino.ch\/apfelspare\/de\/","logo":{"@type":"ImageObject","inLanguage":"de-CH","@id":"https:\/\/tipicino.ch\/apfelspare\/de\/#\/schema\/logo\/image\/","url":"https:\/\/tipicino.ch\/apfelspare\/wp-content\/uploads\/2025\/08\/cropped-FAVICON-tipicino.ch\/apfelspare_.png","contentUrl":"https:\/\/tipicino.ch\/apfelspare\/wp-content\/uploads\/2025\/08\/cropped-FAVICON-tipicino.ch\/apfelspare_.png","width":512,"height":512,"caption":"tipicino.ch\/apfelspare"},"image":{"@id":"https:\/\/tipicino.ch\/apfelspare\/de\/#\/schema\/logo\/image\/"}}]}},"_links":{"self":[{"href":"https:\/\/tipicino.ch\/apfelspare\/de\/wp-json\/wp\/v2\/product\/15970","targetHints":{"allow":["GET"]}}],"collection":[{"href":"https:\/\/tipicino.ch\/apfelspare\/de\/wp-json\/wp\/v2\/product"}],"about":[{"href":"https:\/\/tipicino.ch\/apfelspare\/de\/wp-json\/wp\/v2\/types\/product"}],"replies":[{"embeddable":true,"href":"https:\/\/tipicino.ch\/apfelspare\/de\/wp-json\/wp\/v2\/comments?post=15970"}],"wp:featuredmedia":[{"embeddable":true,"href":"https:\/\/tipicino.ch\/apfelspare\/de\/wp-json\/wp\/v2\/media\/15971"}],"wp:attachment":[{"href":"https:\/\/tipicino.ch\/apfelspare\/de\/wp-json\/wp\/v2\/media?parent=15970"}],"wp:term":[{"taxonomy":"product_brand","embeddable":true,"href":"https:\/\/tipicino.ch\/apfelspare\/de\/wp-json\/wp\/v2\/product_brand?post=15970"},{"taxonomy":"product_cat","embeddable":true,"href":"https:\/\/tipicino.ch\/apfelspare\/de\/wp-json\/wp\/v2\/product_cat?post=15970"},{"taxonomy":"product_tag","embeddable":true,"href":"https:\/\/tipicino.ch\/apfelspare\/de\/wp-json\/wp\/v2\/product_tag?post=15970"}],"curies":[{"name":"wp","href":"https:\/\/api.w.org\/{rel}","templated":true}]}}