{"id":15976,"date":"2025-07-01T12:54:49","date_gmt":"2025-07-01T12:54:49","guid":{"rendered":"https:\/\/tipicino.ch\/apfelspare\/?post_type=product&#038;p=15976"},"modified":"2026-03-19T14:29:05","modified_gmt":"2026-03-19T14:29:05","slug":"airport-karte-wifi-bluetooth-macbook-air-a1465-a1466-2013-2017-gebraucht","status":"publish","type":"product","link":"https:\/\/tipicino.ch\/apfelspare\/de\/prodotto\/scheda-airport-wifi-bluetooth-macbook-air-a1465-a1466-2013-2017-usato\/","title":{"rendered":"Airport Wi-Fi + Bluetooth Karte f\u00fcr MacBook Air 11\u2033 13\u2033 A1465 A1466 (Mid 2013 - Mid 2017) - REFURBISHED"},"content":{"rendered":"<div class=\"aps-pdp\">\n<section class=\"aps-card\">\n<header class=\"aps-card__head\">\n<h2 class=\"aps-h\">AirPort Wi-Fi 802.11ac und Bluetooth 4.0 Karte BCM94360CS2 f\u00fcr MacBook Air (2013-2017)<\/h2>\n<p class=\"aps-sub\">Internes Hochgeschwindigkeits-Wireless-Kommunikationsmodul f\u00fcr die Modelle A1465 und A1466.<\/p>\n<\/header>\n<p>\n      Zeigt Ihr MacBook Air das durchgestrichene Wi-Fi-Symbol an, erkennt es keine Netzwerke mehr oder wird Bluetooth als \u201eNicht verf\u00fcgbar\u201c angezeigt, was die Nutzung von AirDrop und Continuity verhindert? Diese Probleme k\u00f6nnten durch einen Defekt der AirPort-Karte Broadcom BCM94360CS2 verursacht werden. Dieses Modul verwaltet den ultraschnellen Wi-Fi-AC-Standard und Bluetooth 4.0, welche f\u00fcr das Apple-\u00d6kosystem von grundlegender Bedeutung sind. Durch den Austausch der Originalkarte k\u00f6nnten die volle Surfkapazit\u00e4t und die Synchronisation mit Ihren drahtlosen Ger\u00e4ten sofort wiederhergestellt werden, sodass der Laptop wieder in seinen normalen Betriebszustand versetzt wird.\n    <\/p>\n<div class=\"aps-note aps-note--warn\">\n      <span class=\"aps-note__ico\">!<\/span><br \/>\n      <span class=\"aps-note__txt\"><strong>TECHNISCHER HINWEIS:<\/strong> Die zwei miniaturisierten Antennenanschl\u00fcsse an diesem Modul sind extrem empfindlich. Wir empfehlen Ihnen, diese mit h\u00f6chster Pr\u00e4zision auszurichten, bevor Sie einen leichten Druck zum Einrasten aus\u00fcben: Ein gewaltsames Einsetzen oder eine Fehlstellung der Pins k\u00f6nnte zu einem sehr schwachen Wi-Fi-Signalempfang oder der Unf\u00e4higkeit f\u00fchren, Bluetooth-Verbindungen zu stabilisieren.<\/span>\n    <\/div>\n<\/section>\n<section class=\"aps-card\">\n<header class=\"aps-card__head\">\n<h2 class=\"aps-h\">Unterst\u00fctzte Modelle<\/h2>\n<p class=\"aps-sub\">\u00dcberpr\u00fcfen Sie, ob Ihre Kennung in der Liste erscheint, um die Hardware-Kompatibilit\u00e4t zu gew\u00e4hrleisten.<\/p>\n<\/header>\n<ul class=\"aps-check\">\n<li><strong>MacBook Air 13\u2033 A1466 (Mid 2013)<\/strong> <span class=\"aps-badge\">MacBookAir6.2<\/span><\/li>\n<li><strong>MacBook Air 13\u2033 A1466 (Early 2014)<\/strong> <span class=\"aps-badge\">MacBookAir6.2<\/span><\/li>\n<li><strong>MacBook Air 13\u2033 A1466 (Early 2015)<\/strong> <span class=\"aps-badge\">MacBookAir7.2<\/span><\/li>\n<li><strong>MacBook Air 13\u2033 A1466 (Mid 2017)<\/strong> <span class=\"aps-badge\">MacBookAir7.2<\/span><\/li>\n<li><strong>MacBook Air 11\u2033 A1465 (Mid 2013)<\/strong> <span class=\"aps-badge\">MacBookAir6.1<\/span><\/li>\n<li><strong>MacBook Air 11\u2033 A1465 (Early 2014)<\/strong> <span class=\"aps-badge\">MacBookAir6.1<\/span><\/li>\n<li><strong>MacBook Air 11\u2033 A1465 (Early 2015)<\/strong> <span class=\"aps-badge\">MacBookAir7.1<\/span><\/li>\n<\/ul>\n<\/section>\n<section class=\"aps-card\">\n<header class=\"aps-card__head\">\n<h2 class=\"aps-h\">Technische Eigenschaften<\/h2>\n<p class=\"aps-sub\">Hardware-Spezifikationen des Wireless-Kommunikationsmoduls.<\/p>\n<\/header>\n<div class=\"aps-specgrid\">\n<div class=\"aps-spec\">\n<div><span>Ersatzteiltyp<\/span><strong>Airport-Karte<\/strong><\/div>\n<\/div>\n<div class=\"aps-spec\">\n<div><span>Modell<\/span><strong>BCM94360CS2<\/strong><\/div>\n<\/div>\n<div class=\"aps-spec\">\n<div><span>Protokolle<\/span><strong>Wi-Fi 802.11ac \/ Bluetooth 4.0<\/strong><\/div>\n<\/div>\n<div class=\"aps-spec\">\n<div><span>Zustand<\/span><strong>Refurbished<\/strong><\/div>\n<\/div><\/div>\n<\/section>\n<section class=\"aps-card aps-callout aps-callout--warn\">\n<header class=\"aps-card__head\">\n<h2 class=\"aps-h\">Installationsanleitung und Hinweise<\/h2>\n<p class=\"aps-sub\">Betriebshinweise f\u00fcr einen sicheren und professionellen Austausch.<\/p>\n<\/header>\n<p>\n      Die Installation erfordert das \u00d6ffnen des Geh\u00e4uses mit einem Pentalobe-Schraubendreher P5. Sobald die untere Abdeckung entfernt ist, ist es von grundlegender Bedeutung, den Batteriestecker als allerersten Schritt vom Logic Board zu trennen, um dauerhafte elektrische Sch\u00e4den zu vermeiden. Das AirPort-Modul ist mit einer einzelnen Torx T5-Schraube befestigt und mit zwei Antennenkabeln verbunden. Wir empfehlen Ihnen, die Antennenanschl\u00fcsse vorsichtig mit einem antistatischen Kunststoffwerkzeug anzuheben, um Kratzer oder Verformungen zu vermeiden. Aufgrund der Miniaturisierung der Komponenten im MacBook Air k\u00f6nnte der Einsatz eines qualifizierten Technikers ratsam sein.\n    <\/p>\n<\/section>\n<section class=\"aps-card aps-callout aps-callout--info\">\n<header class=\"aps-card__head\">\n<h2 class=\"aps-h\">Sind Sie unsicher, ob dieses Ersatzteil das richtige ist?<\/h2>\n<p class=\"aps-sub\">Kontaktieren Sie uns f\u00fcr Unterst\u00fctzung bei der Auswahl des passenden Ersatzteils f\u00fcr Ihr Ger\u00e4t.<\/p>\n<\/header>\n<div class=\"aps-cta\">\n      <a class=\"aps-btn\" href=\"mailto:info@apfelspare.ch\">info@apfelspare.ch<\/a><br \/>\n      <span class=\"aps-cta__hint\">Senden Sie uns die Seriennummer Ihres MacBook Air (auf der Unterseite des Geh\u00e4uses eingraviert): Wir werden die exakte Kompatibilit\u00e4t innerhalb weniger Minuten f\u00fcr Sie pr\u00fcfen.<\/span>\n    <\/div>\n<\/section>\n<\/div>","protected":false},"excerpt":{"rendered":"<p>Wi-Fi + Bluetooth Karte f\u00fcr MacBook Air A1465 A1466 (2013\u20132017), Modell BCM94360CS2. Garantiertes refurbisheds Ersatzteil. Kostenloser Versand innerhalb der Schweiz.<\/p>","protected":false},"featured_media":15977,"comment_status":"closed","ping_status":"closed","template":"","meta":{"_acf_changed":false,"_et_pb_use_builder":"","_et_pb_old_content":"","_et_gb_content_width":""},"product_brand":[],"product_cat":[190,187,122,121,126,120,125,119,124,20,19],"product_tag":[],"class_list":{"0":"post-15976","1":"product","2":"type-product","3":"status-publish","4":"has-post-thumbnail","6":"product_cat-wifi-antenne","7":"product_cat-cavi-connettori","8":"product_cat-macbook-air-13-mid-2017-a1466","9":"product_cat-macbook-air-13-early-2015-a1466","10":"product_cat-macbook-air-11-early-2015-a1465","11":"product_cat-macbook-air-13-early-2014-a1466","12":"product_cat-macbook-air-11-early-2014-a1465","13":"product_cat-macbook-air-13-mid-2013-a1466","14":"product_cat-macbook-air-11-mid-2013-a1465","15":"product_cat-category-macbook-air","16":"product_cat-parti-ricambio-seconda-mano","18":"first","19":"instock","20":"shipping-taxable","21":"purchasable","22":"product-type-simple"},"acf":[],"yoast_head":"<!-- This site is optimized with the Yoast SEO plugin v27.4 - https:\/\/yoast.com\/product\/yoast-seo-wordpress\/ -->\n<title>Scheda Airport Wi-Fi + Bluetooth per MacBook Air 11&quot; 13&quot; A1465 A1466 (Mid 2013 \u2013 Mid 2017) \u2013 RICONDIZIONATO<\/title>\n<meta name=\"description\" content=\"Scheda Wi-Fi + Bluetooth per MacBook Air A1465 A1466 (2013\u20132017), modello BCM94360CS2. Ricambio usato garantito. Spedizioni gratuite in Svizzera\" \/>\n<meta name=\"robots\" content=\"index, follow, max-snippet:-1, max-image-preview:large, max-video-preview:-1\" \/>\n<link rel=\"canonical\" href=\"https:\/\/tipicino.ch\/apfelspare\/de\/product\/airport-karte-wifi-bluetooth-macbook-air-a1465-a1466-2013-2017-gebraucht\/\" \/>\n<meta property=\"og:locale\" content=\"de_DE\" \/>\n<meta property=\"og:type\" content=\"article\" \/>\n<meta property=\"og:title\" content=\"Scheda Airport Wi-Fi + Bluetooth per MacBook Air 11&quot; 13&quot; A1465 A1466 (Mid 2013 \u2013 Mid 2017) \u2013 RICONDIZIONATO\" \/>\n<meta property=\"og:description\" content=\"Scheda Wi-Fi + Bluetooth per MacBook Air A1465 A1466 (2013\u20132017), modello BCM94360CS2. Ricambio usato garantito. Spedizioni gratuite in Svizzera\" \/>\n<meta property=\"og:url\" content=\"https:\/\/tipicino.ch\/apfelspare\/de\/product\/airport-karte-wifi-bluetooth-macbook-air-a1465-a1466-2013-2017-gebraucht\/\" \/>\n<meta property=\"og:site_name\" content=\"Ricambi MacBook Pro, MacBook Air e iMac in Svizzera \u2013 Display, Tastiere, Batterie, Trackpad\" \/>\n<meta property=\"article:modified_time\" content=\"2026-03-19T14:29:05+00:00\" \/>\n<meta property=\"og:image\" content=\"https:\/\/tipicino.ch\/apfelspare\/wp-content\/uploads\/2025\/07\/scheda-airport-wifi-bluetooth-macbook-air-a1465-a1466-2013-2017-usato.png\" \/>\n\t<meta property=\"og:image:width\" content=\"1000\" \/>\n\t<meta property=\"og:image:height\" content=\"1000\" \/>\n\t<meta property=\"og:image:type\" content=\"image\/png\" \/>\n<meta name=\"twitter:card\" content=\"summary_large_image\" \/>\n<meta name=\"twitter:label1\" content=\"Gesch\u00e4tzte Lesezeit\" \/>\n\t<meta name=\"twitter:data1\" content=\"3\u00a0Minuten\" \/>\n<!-- \/ Yoast SEO plugin. -->","yoast_head_json":{"title":"Airport Wi-Fi + Bluetooth Karte f\u00fcr MacBook Air 11\" 13\" A1465 A1466 (Mid 2013 - Mid 2017) - REFURBISHED","description":"Wi-Fi + 1TP14Zahn Karte f\u00fcr MacBook Air A1465 A1466 (2013-2017), Modell BCM94360CS2. Garantiert gebrauchtes Ersatzteil. Kostenloser Versand innerhalb der Schweiz","robots":{"index":"index","follow":"follow","max-snippet":"max-snippet:-1","max-image-preview":"max-image-preview:large","max-video-preview":"max-video-preview:-1"},"canonical":"https:\/\/tipicino.ch\/apfelspare\/de\/product\/airport-karte-wifi-bluetooth-macbook-air-a1465-a1466-2013-2017-gebraucht\/","og_locale":"de_DE","og_type":"article","og_title":"Scheda Airport Wi-Fi + Bluetooth per MacBook Air 11\" 13\" A1465 A1466 (Mid 2013 \u2013 Mid 2017) \u2013 RICONDIZIONATO","og_description":"Scheda Wi-Fi + Bluetooth per MacBook Air A1465 A1466 (2013\u20132017), modello BCM94360CS2. Ricambio usato garantito. Spedizioni gratuite in Svizzera","og_url":"https:\/\/tipicino.ch\/apfelspare\/de\/product\/airport-karte-wifi-bluetooth-macbook-air-a1465-a1466-2013-2017-gebraucht\/","og_site_name":"Ricambi MacBook Pro, MacBook Air e iMac in Svizzera \u2013 Display, Tastiere, Batterie, Trackpad","article_modified_time":"2026-03-19T14:29:05+00:00","og_image":[{"width":1000,"height":1000,"url":"https:\/\/tipicino.ch\/apfelspare\/wp-content\/uploads\/2025\/07\/scheda-airport-wifi-bluetooth-macbook-air-a1465-a1466-2013-2017-usato.png","type":"image\/png"}],"twitter_card":"summary_large_image","twitter_misc":{"Gesch\u00e4tzte Lesezeit":"3\u00a0Minuten"},"schema":{"@context":"https:\/\/schema.org","@graph":[{"@type":"WebPage","@id":"https:\/\/tipicino.ch\/apfelspare\/de\/prodotto\/scheda-airport-wifi-bluetooth-macbook-air-a1465-a1466-2013-2017-usato\/","url":"https:\/\/tipicino.ch\/apfelspare\/de\/prodotto\/scheda-airport-wifi-bluetooth-macbook-air-a1465-a1466-2013-2017-usato\/","name":"Airport Wi-Fi + Bluetooth Karte f\u00fcr MacBook Air 11\" 13\" A1465 A1466 (Mid 2013 - Mid 2017) - REFURBISHED","isPartOf":{"@id":"https:\/\/tipicino.ch\/apfelspare\/de\/#website"},"primaryImageOfPage":{"@id":"https:\/\/tipicino.ch\/apfelspare\/de\/prodotto\/scheda-airport-wifi-bluetooth-macbook-air-a1465-a1466-2013-2017-usato\/#primaryimage"},"image":{"@id":"https:\/\/tipicino.ch\/apfelspare\/de\/prodotto\/scheda-airport-wifi-bluetooth-macbook-air-a1465-a1466-2013-2017-usato\/#primaryimage"},"thumbnailUrl":"https:\/\/tipicino.ch\/apfelspare\/wp-content\/uploads\/2025\/07\/scheda-airport-wifi-bluetooth-macbook-air-a1465-a1466-2013-2017-usato.png","datePublished":"2025-07-01T12:54:49+00:00","dateModified":"2026-03-19T14:29:05+00:00","description":"Wi-Fi + 1TP14Zahn Karte f\u00fcr MacBook Air A1465 A1466 (2013-2017), Modell BCM94360CS2. Garantiert gebrauchtes Ersatzteil. Kostenloser Versand innerhalb der Schweiz","breadcrumb":{"@id":"https:\/\/tipicino.ch\/apfelspare\/de\/prodotto\/scheda-airport-wifi-bluetooth-macbook-air-a1465-a1466-2013-2017-usato\/#breadcrumb"},"inLanguage":"de-CH","potentialAction":[{"@type":"ReadAction","target":["https:\/\/tipicino.ch\/apfelspare\/de\/prodotto\/scheda-airport-wifi-bluetooth-macbook-air-a1465-a1466-2013-2017-usato\/"]}]},{"@type":"ImageObject","inLanguage":"de-CH","@id":"https:\/\/tipicino.ch\/apfelspare\/de\/prodotto\/scheda-airport-wifi-bluetooth-macbook-air-a1465-a1466-2013-2017-usato\/#primaryimage","url":"https:\/\/tipicino.ch\/apfelspare\/wp-content\/uploads\/2025\/07\/scheda-airport-wifi-bluetooth-macbook-air-a1465-a1466-2013-2017-usato.png","contentUrl":"https:\/\/tipicino.ch\/apfelspare\/wp-content\/uploads\/2025\/07\/scheda-airport-wifi-bluetooth-macbook-air-a1465-a1466-2013-2017-usato.png","width":1000,"height":1000,"caption":"Scheda Airport Wi-Fi + Bluetooth per MacBook Air 11\" 13\" A1465 A1466 (Mid 2013 \u2013 Mid 2017) \u2013 USATO"},{"@type":"BreadcrumbList","@id":"https:\/\/tipicino.ch\/apfelspare\/de\/prodotto\/scheda-airport-wifi-bluetooth-macbook-air-a1465-a1466-2013-2017-usato\/#breadcrumb","itemListElement":[{"@type":"ListItem","position":1,"name":"Home","item":"https:\/\/tipicino.ch\/apfelspare\/de\/"},{"@type":"ListItem","position":2,"name":"Shop","item":"https:\/\/tipicino.ch\/apfelspare\/de\/shop\/"},{"@type":"ListItem","position":3,"name":"Scheda Airport Wi-Fi + Bluetooth per MacBook Air 11&#8243; 13&#8243; A1465 A1466 (Mid 2013 \u2013 Mid 2017) \u2013 RICONDIZIONATO"}]},{"@type":"WebSite","@id":"https:\/\/tipicino.ch\/apfelspare\/de\/#website","url":"https:\/\/tipicino.ch\/apfelspare\/de\/","name":"Ersatzteile f\u00fcr MacBook Pro, MacBook Air und iMac in der Schweiz \u2013 Display, Tastaturen, Batterien, Trackpads","description":"","publisher":{"@id":"https:\/\/tipicino.ch\/apfelspare\/de\/#organization"},"potentialAction":[{"@type":"SearchAction","target":{"@type":"EntryPoint","urlTemplate":"https:\/\/tipicino.ch\/apfelspare\/de\/?s={search_term_string}"},"query-input":{"@type":"PropertyValueSpecification","valueRequired":true,"valueName":"search_term_string"}}],"inLanguage":"de-CH"},{"@type":"Organization","@id":"https:\/\/tipicino.ch\/apfelspare\/de\/#organization","name":"tipicino.ch\/apfelspare","url":"https:\/\/tipicino.ch\/apfelspare\/de\/","logo":{"@type":"ImageObject","inLanguage":"de-CH","@id":"https:\/\/tipicino.ch\/apfelspare\/de\/#\/schema\/logo\/image\/","url":"https:\/\/tipicino.ch\/apfelspare\/wp-content\/uploads\/2025\/08\/cropped-FAVICON-tipicino.ch\/apfelspare_.png","contentUrl":"https:\/\/tipicino.ch\/apfelspare\/wp-content\/uploads\/2025\/08\/cropped-FAVICON-tipicino.ch\/apfelspare_.png","width":512,"height":512,"caption":"tipicino.ch\/apfelspare"},"image":{"@id":"https:\/\/tipicino.ch\/apfelspare\/de\/#\/schema\/logo\/image\/"}}]}},"_links":{"self":[{"href":"https:\/\/tipicino.ch\/apfelspare\/de\/wp-json\/wp\/v2\/product\/15976","targetHints":{"allow":["GET"]}}],"collection":[{"href":"https:\/\/tipicino.ch\/apfelspare\/de\/wp-json\/wp\/v2\/product"}],"about":[{"href":"https:\/\/tipicino.ch\/apfelspare\/de\/wp-json\/wp\/v2\/types\/product"}],"replies":[{"embeddable":true,"href":"https:\/\/tipicino.ch\/apfelspare\/de\/wp-json\/wp\/v2\/comments?post=15976"}],"wp:featuredmedia":[{"embeddable":true,"href":"https:\/\/tipicino.ch\/apfelspare\/de\/wp-json\/wp\/v2\/media\/15977"}],"wp:attachment":[{"href":"https:\/\/tipicino.ch\/apfelspare\/de\/wp-json\/wp\/v2\/media?parent=15976"}],"wp:term":[{"taxonomy":"product_brand","embeddable":true,"href":"https:\/\/tipicino.ch\/apfelspare\/de\/wp-json\/wp\/v2\/product_brand?post=15976"},{"taxonomy":"product_cat","embeddable":true,"href":"https:\/\/tipicino.ch\/apfelspare\/de\/wp-json\/wp\/v2\/product_cat?post=15976"},{"taxonomy":"product_tag","embeddable":true,"href":"https:\/\/tipicino.ch\/apfelspare\/de\/wp-json\/wp\/v2\/product_tag?post=15976"}],"curies":[{"name":"wp","href":"https:\/\/api.w.org\/{rel}","templated":true}]}}