{"id":15983,"date":"2025-07-01T15:41:36","date_gmt":"2025-07-01T15:41:36","guid":{"rendered":"https:\/\/tipicino.ch\/apfelspare\/?post_type=product&#038;p=15983"},"modified":"2026-02-19T07:24:31","modified_gmt":"2026-02-19T07:24:31","slug":"flughafenkarte-wifi-bluetooth-imac-a1418-a1419-2015-2017","status":"publish","type":"product","link":"https:\/\/tipicino.ch\/apfelspare\/de\/prodotto\/scheda-airport-wifi-bluetooth-imac-a1418-a1419-2015-2017\/","title":{"rendered":"Airport Wi-Fi + Bluetooth-Karte iMac 21.5\u2033 27\u2033 A1418 A1419 (Late 2015 - Mid 2017)"},"content":{"rendered":"<div class=\"aps-pdp\">\n<section class=\"aps-card\">\n<header class=\"aps-card__head\">\n<h2 class=\"aps-h\">AirPort Wi-Fi 802.11ac und Bluetooth 4.2 Karte BCM943602CDP f\u00fcr iMac (2015-2017)<\/h2>\n<p class=\"aps-sub\">Hochleistungs-internes Modul f\u00fcr die drahtlose Konnektivit\u00e4t der Modelle A1418 und A1419.<\/p>\n<\/header>\n<p>\n      Hat Ihr iMac aufgeh\u00f6rt, Wi-Fi-Netzwerke zu erkennen, zeigt er das Wireless-Symbol mit einem \u201eX\u201c an oder wird Bluetooth st\u00e4ndig als \u201eNicht verf\u00fcgbar\u201c angezeigt? Diese Probleme k\u00f6nnten durch den Defekt des AirPort-Moduls BCM943602CDP verursacht werden. Diese Karte ist das Herzst\u00fcck der drahtlosen Kommunikation Ihres Desktops und verwaltet sowohl das Hochgeschwindigkeits-Wi-Fi-AC-Protokoll als auch den Bluetooth 4.2-Standard. Durch den Austausch des Originalmoduls k\u00f6nnten die volle Surfkapazit\u00e4t und die Synchronisation mit Peripherieger\u00e4ten wie Magic Mouse, Tastaturen und kabellosen Kopfh\u00f6rern sofort wiederhergestellt werden, sodass der iMac wieder in seinen normalen Betriebszustand versetzt wird.\n    <\/p>\n<div class=\"aps-note aps-note--warn\">\n      <span class=\"aps-note__ico\">!<\/span><br \/>\n      <span class=\"aps-note__txt\"><strong>TECHNISCHER HINWEIS:<\/strong> Die kleinen MHF4-Antennenanschl\u00fcsse an diesem Modul sind extrem zerbrechlich. Wir empfehlen Ihnen, diese mit h\u00f6chster Pr\u00e4zision auszurichten, bevor Sie einen leichten Druck zum Einrasten aus\u00fcben: Ein gewaltsames Einsetzen oder eine Fehlbest\u00fcckung der vergoldeten Pins k\u00f6nnte zu einem sehr schwachen Wi-Fi-Signalempfang oder der Unf\u00e4higkeit f\u00fchren, Bluetooth-Verbindungen zu stabilisieren.<\/span>\n    <\/div>\n<\/section>\n<section class=\"aps-card\">\n<header class=\"aps-card__head\">\n<h2 class=\"aps-h\">Unterst\u00fctzte Modelle<\/h2>\n<p class=\"aps-sub\">\u00dcberpr\u00fcfen Sie, ob Ihre Kennung in der Liste erscheint, um die Hardware-Kompatibilit\u00e4t zu gew\u00e4hrleisten.<\/p>\n<\/header>\n<ul class=\"aps-check\">\n<li><strong>iMac 27\u2033 A1419 (Mid 2015 5K)<\/strong> <span class=\"aps-badge\">iMac15.1<\/span><\/li>\n<li><strong>iMac 27\u2033 A1419 (Late 2015 5K)<\/strong> <span class=\"aps-badge\">iMac17.1<\/span><\/li>\n<li><strong>iMac 27\u2033 A1419 (Mid 2017 5K)<\/strong> <span class=\"aps-badge\">iMac18.3<\/span><\/li>\n<li><strong>iMac 21,5\u2033 A1418 (Late 2015)<\/strong> <span class=\"aps-badge\">iMac16.1<\/span><\/li>\n<li><strong>iMac 21,5\u2033 A1418 (Late 2015)<\/strong> <span class=\"aps-badge\">iMac16.2<\/span><\/li>\n<li><strong>iMac 21,5\u2033 A1418 (Late 2015 4K)<\/strong> <span class=\"aps-badge\">iMac16.2<\/span><\/li>\n<li><strong>iMac 21,5\u2033 A1418 (Mid 2017)<\/strong> <span class=\"aps-badge\">iMac18.1<\/span><\/li>\n<li><strong>iMac 21,5\u2033 A1418 (Mid 2017 4K)<\/strong> <span class=\"aps-badge\">iMac18.2<\/span><\/li>\n<\/ul>\n<\/section>\n<section class=\"aps-card\">\n<header class=\"aps-card__head\">\n<h2 class=\"aps-h\">Technische Eigenschaften<\/h2>\n<p class=\"aps-sub\">Hardware-Spezifikationen des Wireless-Kommunikationsmoduls.<\/p>\n<\/header>\n<div class=\"aps-specgrid\">\n<div class=\"aps-spec\">\n<div><span>Ersatzteiltyp<\/span><strong>Airport-Karte<\/strong><\/div>\n<\/div>\n<div class=\"aps-spec\">\n<div><span>Modell<\/span><strong>BCM943602CDP<\/strong><\/div>\n<\/div>\n<div class=\"aps-spec\">\n<div><span>Protokolle<\/span><strong>Wi-Fi 802.11ac \/ Bluetooth 4.2<\/strong><\/div>\n<\/div>\n<div class=\"aps-spec\">\n<div><span>Zustand<\/span><strong>Neu<\/strong><\/div>\n<\/div><\/div>\n<\/section>\n<section class=\"aps-card aps-callout aps-callout--warn\">\n<header class=\"aps-card__head\">\n<h2 class=\"aps-h\">Installationsanleitung und Hinweise<\/h2>\n<p class=\"aps-sub\">Betriebshinweise f\u00fcr einen sicheren und professionellen Austausch.<\/p>\n<\/header>\n<p>\n      Der Zugriff auf die AirPort-Karte erfordert das L\u00f6sen des Retina-Displaypanels mit speziellen Schneider\u00e4dern.\nSobald das Display entfernt ist, befindet sich das Modul auf dem Logic Board.\nEs ist von grundlegender Bedeutung, das Netzkabel aus der Steckdose zu ziehen und zu warten, bis sich die Kondensatoren des Netzteils vollst\u00e4ndig entladen haben, bevor die internen Anschl\u00fcsse ber\u00fchrt werden.\nWir empfehlen Ihnen, die Position der Antennenkabel vor dem Abklemmen sorgf\u00e4ltig zu markieren, um eine optimale Wiederherstellung des Signals zu gew\u00e4hrleisten.\nAufgrund der Komplexit\u00e4t beim \u00d6ffnen und der Notwendigkeit, f\u00fcr das Verschlie\u00dfen neue strukturelle Klebestreifen aufzutragen, k\u00f6nnte der Einsatz eines qualifizierten Technikers ratsam sein.\n    <\/p>\n<\/section>\n<section class=\"aps-card aps-callout aps-callout--info\">\n<header class=\"aps-card__head\">\n<h2 class=\"aps-h\">Sind Sie unsicher, ob dieses Ersatzteil das richtige ist?<\/h2>\n<p class=\"aps-sub\">Kontaktieren Sie uns f\u00fcr Unterst\u00fctzung bei der Auswahl des passenden Ersatzteils f\u00fcr Ihr Ger\u00e4t.<\/p>\n<\/header>\n<div class=\"aps-cta\">\n      <a class=\"aps-btn\" href=\"mailto:info@apfelspare.ch\">info@apfelspare.ch<\/a><br \/>\n      <span class=\"aps-cta__hint\">Senden Sie uns die Seriennummer Ihres iMacs (eingraviert unter dem Metallstandfuss): Wir pr\u00fcfen die exakte Kompatibilit\u00e4t f\u00fcr Sie innerhalb weniger Minuten.<\/span>\n    <\/div>\n<\/section>\n<\/div>","protected":false},"excerpt":{"rendered":"<p>Airport Wi-Fi + Bluetooth Karte f\u00fcr iMac A1418 und A1419 (2015-2017), Modell BCM943602CDP. Kostenloser Versand innerhalb der Schweiz<\/p>","protected":false},"featured_media":15984,"comment_status":"closed","ping_status":"closed","template":"","meta":{"_acf_changed":false,"_et_pb_use_builder":"","_et_pb_old_content":"","_et_gb_content_width":""},"product_brand":[],"product_cat":[190,187,149,157,156,148,155,154,147,22],"product_tag":[],"class_list":{"0":"post-15983","1":"product","2":"type-product","3":"status-publish","4":"has-post-thumbnail","6":"product_cat-wifi-antenne","7":"product_cat-cavi-connettori","8":"product_cat-imac-27-mid-2017-5k-a1419","9":"product_cat-imac-21-5-mid-2017-4k-a1418","10":"product_cat-imac-21-5-mid-2017-a1418","11":"product_cat-imac-27-late-2015-5k-a1419","12":"product_cat-imac-21-5-late-2015-4k-a1418","13":"product_cat-imac-21-5-late-2015-a1418","14":"product_cat-imac-27-mid-2015-5k-a1419","15":"product_cat-category-imac","17":"first","18":"onbackorder","19":"shipping-taxable","20":"purchasable","21":"product-type-simple"},"acf":[],"yoast_head":"<!-- This site is optimized with the Yoast SEO plugin v27.4 - https:\/\/yoast.com\/product\/yoast-seo-wordpress\/ -->\n<title>Scheda Airport Wi-Fi + Bluetooth iMac A1418 A1419 (Late 2015 \u2013 Mid 2017)<\/title>\n<meta name=\"description\" content=\"Scheda Airport Wi-Fi + Bluetooth per iMac A1418 e A1419 (2015\u20132017), modello BCM943602CDP. Spedizioni gratuite in Svizzera\" \/>\n<meta name=\"robots\" content=\"index, follow, max-snippet:-1, max-image-preview:large, max-video-preview:-1\" \/>\n<link rel=\"canonical\" href=\"https:\/\/tipicino.ch\/apfelspare\/de\/product\/flughafenkarte-wifi-bluetooth-imac-a1418-a1419-2015-2017\/\" \/>\n<meta property=\"og:locale\" content=\"de_DE\" \/>\n<meta property=\"og:type\" content=\"article\" \/>\n<meta property=\"og:title\" content=\"Scheda Airport Wi-Fi + Bluetooth iMac A1418 A1419 (Late 2015 \u2013 Mid 2017)\" \/>\n<meta property=\"og:description\" content=\"Scheda Airport Wi-Fi + Bluetooth per iMac A1418 e A1419 (2015\u20132017), modello BCM943602CDP. Spedizioni gratuite in Svizzera\" \/>\n<meta property=\"og:url\" content=\"https:\/\/tipicino.ch\/apfelspare\/de\/product\/flughafenkarte-wifi-bluetooth-imac-a1418-a1419-2015-2017\/\" \/>\n<meta property=\"og:site_name\" content=\"Ricambi MacBook Pro, MacBook Air e iMac in Svizzera \u2013 Display, Tastiere, Batterie, Trackpad\" \/>\n<meta property=\"article:modified_time\" content=\"2026-02-19T07:24:31+00:00\" \/>\n<meta property=\"og:image\" content=\"https:\/\/tipicino.ch\/apfelspare\/wp-content\/uploads\/2025\/07\/scheda-airport-wifi-bluetooth-imac-a1418-a1419-2015-2017.png\" \/>\n\t<meta property=\"og:image:width\" content=\"1000\" \/>\n\t<meta property=\"og:image:height\" content=\"1000\" \/>\n\t<meta property=\"og:image:type\" content=\"image\/png\" \/>\n<meta name=\"twitter:card\" content=\"summary_large_image\" \/>\n<meta name=\"twitter:label1\" content=\"Gesch\u00e4tzte Lesezeit\" \/>\n\t<meta name=\"twitter:data1\" content=\"2\u00a0Minuten\" \/>\n<!-- \/ Yoast SEO plugin. -->","yoast_head_json":{"title":"Airport Wi-Fi + Bluetooth-Karte iMac 21.5\u2033 27\u2033 A1418 A1419 (Late 2015 - Mid 2017)","description":"Airport Wi-Fi + Bluetooth Karte f\u00fcr iMac A1418 und A1419 (2015-2017), Modell BCM943602CDP. Kostenloser Versand innerhalb der Schweiz","robots":{"index":"index","follow":"follow","max-snippet":"max-snippet:-1","max-image-preview":"max-image-preview:large","max-video-preview":"max-video-preview:-1"},"canonical":"https:\/\/tipicino.ch\/apfelspare\/de\/product\/flughafenkarte-wifi-bluetooth-imac-a1418-a1419-2015-2017\/","og_locale":"de_DE","og_type":"article","og_title":"Scheda Airport Wi-Fi + Bluetooth iMac A1418 A1419 (Late 2015 \u2013 Mid 2017)","og_description":"Scheda Airport Wi-Fi + Bluetooth per iMac A1418 e A1419 (2015\u20132017), modello BCM943602CDP. Spedizioni gratuite in Svizzera","og_url":"https:\/\/tipicino.ch\/apfelspare\/de\/product\/flughafenkarte-wifi-bluetooth-imac-a1418-a1419-2015-2017\/","og_site_name":"Ricambi MacBook Pro, MacBook Air e iMac in Svizzera \u2013 Display, Tastiere, Batterie, Trackpad","article_modified_time":"2026-02-19T07:24:31+00:00","og_image":[{"width":1000,"height":1000,"url":"https:\/\/tipicino.ch\/apfelspare\/wp-content\/uploads\/2025\/07\/scheda-airport-wifi-bluetooth-imac-a1418-a1419-2015-2017.png","type":"image\/png"}],"twitter_card":"summary_large_image","twitter_misc":{"Gesch\u00e4tzte Lesezeit":"2\u00a0Minuten"},"schema":{"@context":"https:\/\/schema.org","@graph":[{"@type":"WebPage","@id":"https:\/\/tipicino.ch\/apfelspare\/de\/prodotto\/scheda-airport-wifi-bluetooth-imac-a1418-a1419-2015-2017\/","url":"https:\/\/tipicino.ch\/apfelspare\/de\/prodotto\/scheda-airport-wifi-bluetooth-imac-a1418-a1419-2015-2017\/","name":"Airport Wi-Fi + Bluetooth-Karte iMac 21.5\u2033 27\u2033 A1418 A1419 (Late 2015 - Mid 2017)","isPartOf":{"@id":"https:\/\/tipicino.ch\/apfelspare\/de\/#website"},"primaryImageOfPage":{"@id":"https:\/\/tipicino.ch\/apfelspare\/de\/prodotto\/scheda-airport-wifi-bluetooth-imac-a1418-a1419-2015-2017\/#primaryimage"},"image":{"@id":"https:\/\/tipicino.ch\/apfelspare\/de\/prodotto\/scheda-airport-wifi-bluetooth-imac-a1418-a1419-2015-2017\/#primaryimage"},"thumbnailUrl":"https:\/\/tipicino.ch\/apfelspare\/wp-content\/uploads\/2025\/07\/scheda-airport-wifi-bluetooth-imac-a1418-a1419-2015-2017.png","datePublished":"2025-07-01T15:41:36+00:00","dateModified":"2026-02-19T07:24:31+00:00","description":"Airport Wi-Fi + Bluetooth Karte f\u00fcr iMac A1418 und A1419 (2015-2017), Modell BCM943602CDP. Kostenloser Versand innerhalb der Schweiz","breadcrumb":{"@id":"https:\/\/tipicino.ch\/apfelspare\/de\/prodotto\/scheda-airport-wifi-bluetooth-imac-a1418-a1419-2015-2017\/#breadcrumb"},"inLanguage":"de-CH","potentialAction":[{"@type":"ReadAction","target":["https:\/\/tipicino.ch\/apfelspare\/de\/prodotto\/scheda-airport-wifi-bluetooth-imac-a1418-a1419-2015-2017\/"]}]},{"@type":"ImageObject","inLanguage":"de-CH","@id":"https:\/\/tipicino.ch\/apfelspare\/de\/prodotto\/scheda-airport-wifi-bluetooth-imac-a1418-a1419-2015-2017\/#primaryimage","url":"https:\/\/tipicino.ch\/apfelspare\/wp-content\/uploads\/2025\/07\/scheda-airport-wifi-bluetooth-imac-a1418-a1419-2015-2017.png","contentUrl":"https:\/\/tipicino.ch\/apfelspare\/wp-content\/uploads\/2025\/07\/scheda-airport-wifi-bluetooth-imac-a1418-a1419-2015-2017.png","width":1000,"height":1000,"caption":"Scheda Airport Wi-Fi + Bluetooth iMac A1418 A1419 (Late 2015 \u2013 Mid 2017)"},{"@type":"BreadcrumbList","@id":"https:\/\/tipicino.ch\/apfelspare\/de\/prodotto\/scheda-airport-wifi-bluetooth-imac-a1418-a1419-2015-2017\/#breadcrumb","itemListElement":[{"@type":"ListItem","position":1,"name":"Home","item":"https:\/\/tipicino.ch\/apfelspare\/de\/"},{"@type":"ListItem","position":2,"name":"Shop","item":"https:\/\/tipicino.ch\/apfelspare\/de\/shop\/"},{"@type":"ListItem","position":3,"name":"Scheda Airport Wi-Fi + Bluetooth iMac 21.5&#8243; 27&#8243; A1418 A1419 (Late 2015 \u2013 Mid 2017)"}]},{"@type":"WebSite","@id":"https:\/\/tipicino.ch\/apfelspare\/de\/#website","url":"https:\/\/tipicino.ch\/apfelspare\/de\/","name":"Ersatzteile f\u00fcr MacBook Pro, MacBook Air und iMac in der Schweiz \u2013 Display, Tastaturen, Batterien, Trackpads","description":"","publisher":{"@id":"https:\/\/tipicino.ch\/apfelspare\/de\/#organization"},"potentialAction":[{"@type":"SearchAction","target":{"@type":"EntryPoint","urlTemplate":"https:\/\/tipicino.ch\/apfelspare\/de\/?s={search_term_string}"},"query-input":{"@type":"PropertyValueSpecification","valueRequired":true,"valueName":"search_term_string"}}],"inLanguage":"de-CH"},{"@type":"Organization","@id":"https:\/\/tipicino.ch\/apfelspare\/de\/#organization","name":"tipicino.ch\/apfelspare","url":"https:\/\/tipicino.ch\/apfelspare\/de\/","logo":{"@type":"ImageObject","inLanguage":"de-CH","@id":"https:\/\/tipicino.ch\/apfelspare\/de\/#\/schema\/logo\/image\/","url":"https:\/\/tipicino.ch\/apfelspare\/wp-content\/uploads\/2025\/08\/cropped-FAVICON-tipicino.ch\/apfelspare_.png","contentUrl":"https:\/\/tipicino.ch\/apfelspare\/wp-content\/uploads\/2025\/08\/cropped-FAVICON-tipicino.ch\/apfelspare_.png","width":512,"height":512,"caption":"tipicino.ch\/apfelspare"},"image":{"@id":"https:\/\/tipicino.ch\/apfelspare\/de\/#\/schema\/logo\/image\/"}}]}},"_links":{"self":[{"href":"https:\/\/tipicino.ch\/apfelspare\/de\/wp-json\/wp\/v2\/product\/15983","targetHints":{"allow":["GET"]}}],"collection":[{"href":"https:\/\/tipicino.ch\/apfelspare\/de\/wp-json\/wp\/v2\/product"}],"about":[{"href":"https:\/\/tipicino.ch\/apfelspare\/de\/wp-json\/wp\/v2\/types\/product"}],"replies":[{"embeddable":true,"href":"https:\/\/tipicino.ch\/apfelspare\/de\/wp-json\/wp\/v2\/comments?post=15983"}],"wp:featuredmedia":[{"embeddable":true,"href":"https:\/\/tipicino.ch\/apfelspare\/de\/wp-json\/wp\/v2\/media\/15984"}],"wp:attachment":[{"href":"https:\/\/tipicino.ch\/apfelspare\/de\/wp-json\/wp\/v2\/media?parent=15983"}],"wp:term":[{"taxonomy":"product_brand","embeddable":true,"href":"https:\/\/tipicino.ch\/apfelspare\/de\/wp-json\/wp\/v2\/product_brand?post=15983"},{"taxonomy":"product_cat","embeddable":true,"href":"https:\/\/tipicino.ch\/apfelspare\/de\/wp-json\/wp\/v2\/product_cat?post=15983"},{"taxonomy":"product_tag","embeddable":true,"href":"https:\/\/tipicino.ch\/apfelspare\/de\/wp-json\/wp\/v2\/product_tag?post=15983"}],"curies":[{"name":"wp","href":"https:\/\/api.w.org\/{rel}","templated":true}]}}