{"id":16009,"date":"2025-07-03T05:09:29","date_gmt":"2025-07-03T05:09:29","guid":{"rendered":"https:\/\/tipicino.ch\/apfelspare\/?post_type=product&#038;p=16009"},"modified":"2026-02-19T07:14:46","modified_gmt":"2026-02-19T07:14:46","slug":"hdd-ssd-kabel-fur-macbook-pro-15-a1286-mitte-2009-ende-2011","status":"publish","type":"product","link":"https:\/\/tipicino.ch\/apfelspare\/de\/prodotto\/cavo-hdd-ssd-per-macbook-pro-15-a1286-mid-2009-late-2011\/","title":{"rendered":"HDD SSD Kabel f\u00fcr MacBook Pro 15\u2033 A1286 (Mid 2009 - Late 2011)"},"content":{"rendered":"<div class=\"aps-pdp\">\n<section class=\"aps-card\">\n<header class=\"aps-card__head\">\n<h2 class=\"aps-h\">Cavo Hard Disk e SSD SATA per MacBook Pro 15\u2033 A1286 (2009-2011)<\/h2>\n<p class=\"aps-sub\">Daten- und Stromverbindungskomponente f\u00fcr 2,5\u2033-Einheiten (P\/N 821-1198-A \/ 821-0989-A).<\/p>\n<\/header>\n<p>\n      Zeigt Ihr MacBook Pro 15\u2033 beim Start das Ordnersymbol mit dem Fragezeichen an, leidet es unter pl\u00f6tzlichen Verlangsamungen oder erkennt es das Laufwerk nicht mehr? Diese Symptome werden oft durch eine Abnutzung des SATA-Flachbandkabels verursacht \u2013 eine Komponente, die bei dieser spezifischen Unibody-Serie empfindlich auf mechanische Belastungen und interne Hitze reagiert. Dieses Ersatzteil erm\u00f6glicht es, die volle Kommunikation zwischen der Speichereinheit (HDD oder SSD) und dem Logic Board wiederherzustellen. Der Austausch des Kabels kann Systemabst\u00fcrze dauerhaft beheben und eine stabile sowie sichere Daten\u00fcbertragung gew\u00e4hrleisten.\n    <\/p>\n<div class=\"aps-note aps-note--warn\">\n      <span class=\"aps-note__ico\">!<\/span><br \/>\n      <span class=\"aps-note__txt\"><strong>TECHNISCHER HINWEIS:<\/strong> Die SATA-Kabel f\u00fcr die zwischen 2009 und 2011 hergestellten Modelle sind sehr empfindlich. Wir empfehlen Ihnen, bei der Installation keine scharfen Knicke zu verursachen, da die internen Mikro-Leiter unterbrochen werden k\u00f6nnten. Wenn Sie eine SSD installieren, um Ihren Mac zu beschleunigen, ist ein unversehrtes Kabel unerl\u00e4sslich, damit der Datenbus ohne pl\u00f6tzliche Dateikorruption w\u00e4hrend der Schreibvorg\u00e4nge ordnungsgem\u00e4ss funktionieren kann.<\/span>\n    <\/div>\n<\/section>\n<section class=\"aps-card\">\n<header class=\"aps-card__head\">\n<h2 class=\"aps-h\">Unterst\u00fctzte Modelle<\/h2>\n<p class=\"aps-sub\">\u00dcberpr\u00fcfen Sie, ob Ihre Kennung in der Liste erscheint, um die Hardware-Kompatibilit\u00e4t zu gew\u00e4hrleisten.<\/p>\n<\/header>\n<ul class=\"aps-check\">\n<li><strong>MacBook Pro 15\u2033 A1286 (Mid 2009)<\/strong> <span class=\"aps-badge\">MacBookPro5.3<\/span><\/li>\n<li><strong>MacBook Pro 15\u2033 A1286 (Mid 2009)<\/strong> <span class=\"aps-badge\">MacBookPro5.4<\/span><\/li>\n<li><strong>MacBook Pro 15\u2033 A1286 (Mid 2010)<\/strong> <span class=\"aps-badge\">MacBookPro6.2<\/span><\/li>\n<li><strong>MacBook Pro 15\u2033 A1286 (Early 2011)<\/strong> <span class=\"aps-badge\">MacBookPro8.2<\/span><\/li>\n<li><strong>MacBook Pro 15\u2033 A1286 (Late 2011)<\/strong> <span class=\"aps-badge\">MacBookPro8.2<\/span><\/li>\n<\/ul>\n<\/section>\n<section class=\"aps-card\">\n<header class=\"aps-card__head\">\n<h2 class=\"aps-h\">Technische Eigenschaften<\/h2>\n<p class=\"aps-sub\">Technische Details und Identifikationscodes des Ersatzteils.<\/p>\n<\/header>\n<div class=\"aps-specgrid\">\n<div class=\"aps-spec\">\n<div><span>Ersatzteiltyp<\/span><strong>HDD\/SSD-Kabel<\/strong><\/div>\n<\/div>\n<div class=\"aps-spec\">\n<div><span>Part number<\/span><strong>821-1198-A \/ 821-0989-A<\/strong><\/div>\n<\/div>\n<div class=\"aps-spec\">\n<div><span>Schnittstelle<\/span><strong>SATA<\/strong><\/div>\n<\/div>\n<div class=\"aps-spec\">\n<div><span>Zustand<\/span><strong>Neu<\/strong><\/div>\n<\/div><\/div>\n<\/section>\n<section class=\"aps-card aps-callout aps-callout--warn\">\n<header class=\"aps-card__head\">\n<h2 class=\"aps-h\">Installationsanleitung und Hinweise<\/h2>\n<p class=\"aps-sub\">Betriebshinweise f\u00fcr einen sicheren und professionellen Austausch.<\/p>\n<\/header>\n<p>\n      Der Zugriff auf das Kabel beim MacBook Pro A1286 erfordert das Entfernen der Bodenabdeckung mit einem Phillips-Schraubendreher. Es ist von entscheidender Bedeutung, als allerersten Schritt den Batteriestecker zu trennen, um elektrische Sch\u00e4den am Logic Board zu vermeiden. Das SATA-Kabel verl\u00e4uft \u00fcber dem Batteriefach und ist \u00fcber einen Druckstecker mit dem Motherboard verbunden; wir empfehlen Ihnen, den alten Stecker mit einem antistatischen Kunststoffwerkzeug vertikal anzuheben. Stellen Sie sicher, dass das neue Kabel gut ausgerichtet ist und dass die flache Oberfl\u00e4che korrekt am Geh\u00e4use anliegt, bevor Sie die Halterung des Laufwerks wieder einsetzen. Aufgrund der erforderlichen Pr\u00e4zision k\u00f6nnte der Einsatz eines qualifizierten Technikers ratsam sein.\n    <\/p>\n<\/section>\n<section class=\"aps-card aps-callout aps-callout--info\">\n<header class=\"aps-card__head\">\n<h2 class=\"aps-h\">Sind Sie unsicher, ob dieses Ersatzteil das richtige ist?<\/h2>\n<p class=\"aps-sub\">Kontaktieren Sie uns f\u00fcr Unterst\u00fctzung bei der Auswahl des passenden Ersatzteils f\u00fcr Ihr Ger\u00e4t.<\/p>\n<\/header>\n<div class=\"aps-cta\">\n      <a class=\"aps-btn\" href=\"mailto:info@apfelspare.ch\">info@apfelspare.ch<\/a><br \/>\n      <span class=\"aps-cta__hint\">Senden Sie uns die Seriennummer Ihres MacBook Pros (eingraviert auf der Unterseite des Geh\u00e4uses): Wir pr\u00fcfen die genaue Kompatibilit\u00e4t f\u00fcr Sie innerhalb k\u00fcrzester Zeit.<\/span>\n    <\/div>\n<\/section>\n<\/div>","protected":false},"excerpt":{"rendered":"<p>HDD \/ SSD Kabel f\u00fcr MacBook Pro 15\u2033 A1286 (2009-2011), Teilenummer 821-1198-A \/ 821-09890. Kostenloser Versand innerhalb der Schweiz<\/p>","protected":false},"featured_media":16010,"comment_status":"closed","ping_status":"closed","template":"","meta":{"_acf_changed":false,"_et_pb_use_builder":"","_et_pb_old_content":"","_et_gb_content_width":""},"product_brand":[],"product_cat":[187,229,17,98,97,96,95],"product_tag":[],"class_list":{"0":"post-16009","1":"product","2":"type-product","3":"status-publish","4":"has-post-thumbnail","6":"product_cat-cavi-connettori","7":"product_cat-dischi-ssd","8":"product_cat-category-macbook-pro","9":"product_cat-macbook-pro-15-late-2011-a1286","10":"product_cat-macbook-pro-15-early-2011-a1286","11":"product_cat-macbook-pro-15-mid-2010-a1286","12":"product_cat-macbook-pro-15-mid-2009-a1286","14":"first","15":"onbackorder","16":"shipping-taxable","17":"purchasable","18":"product-type-simple"},"acf":[],"yoast_head":"<!-- This site is optimized with the Yoast SEO plugin v27.4 - https:\/\/yoast.com\/product\/yoast-seo-wordpress\/ -->\n<title>Cavo HDD SSD MacBook Pro 15&quot; A1286 (Mid 2009 \u2013 Late 2011)<\/title>\n<meta name=\"description\" content=\"Cavo per disco HDD o SSD MacBook Pro 15&quot; A1286 (2009\u20132011), part number 821-1198-A. Ricambio nuovo e pronto all\u2019uso. Spedizioni gratuite in Svizzera\" \/>\n<meta name=\"robots\" content=\"index, follow, max-snippet:-1, max-image-preview:large, max-video-preview:-1\" \/>\n<link rel=\"canonical\" href=\"https:\/\/tipicino.ch\/apfelspare\/de\/product\/hdd-ssd-kabel-fur-macbook-pro-15-a1286-mitte-2009-ende-2011\/\" \/>\n<meta property=\"og:locale\" content=\"de_DE\" \/>\n<meta property=\"og:type\" content=\"article\" \/>\n<meta property=\"og:title\" content=\"Cavo HDD SSD MacBook Pro 15&quot; A1286 (Mid 2009 \u2013 Late 2011)\" \/>\n<meta property=\"og:description\" content=\"Cavo per disco HDD o SSD MacBook Pro 15&quot; A1286 (2009\u20132011), part number 821-1198-A. Ricambio nuovo e pronto all\u2019uso. Spedizioni gratuite in Svizzera\" \/>\n<meta property=\"og:url\" content=\"https:\/\/tipicino.ch\/apfelspare\/de\/product\/hdd-ssd-kabel-fur-macbook-pro-15-a1286-mitte-2009-ende-2011\/\" \/>\n<meta property=\"og:site_name\" content=\"Ricambi MacBook Pro, MacBook Air e iMac in Svizzera \u2013 Display, Tastiere, Batterie, Trackpad\" \/>\n<meta property=\"article:modified_time\" content=\"2026-02-19T07:14:46+00:00\" \/>\n<meta property=\"og:image\" content=\"https:\/\/tipicino.ch\/apfelspare\/wp-content\/uploads\/2025\/07\/cavo-hdd-ssd-a1286.png\" \/>\n\t<meta property=\"og:image:width\" content=\"1000\" \/>\n\t<meta property=\"og:image:height\" content=\"1000\" \/>\n\t<meta property=\"og:image:type\" content=\"image\/png\" \/>\n<meta name=\"twitter:card\" content=\"summary_large_image\" \/>\n<meta name=\"twitter:label1\" content=\"Gesch\u00e4tzte Lesezeit\" \/>\n\t<meta name=\"twitter:data1\" content=\"2\u00a0Minuten\" \/>\n<!-- \/ Yoast SEO plugin. -->","yoast_head_json":{"title":"HDD SSD Kabel MacBook Pro 15\" A1286 (Mid 2009 - Late 2011)","description":"Kabel f\u00fcr HDD oder SSD Laufwerk MacBook Pro 15\" A1286 (2009-2011), Teilenummer 821-1198-A. Neues und sofort einsatzbereites Ersatzteil. Kostenloser Versand innerhalb der Schweiz","robots":{"index":"index","follow":"follow","max-snippet":"max-snippet:-1","max-image-preview":"max-image-preview:large","max-video-preview":"max-video-preview:-1"},"canonical":"https:\/\/tipicino.ch\/apfelspare\/de\/product\/hdd-ssd-kabel-fur-macbook-pro-15-a1286-mitte-2009-ende-2011\/","og_locale":"de_DE","og_type":"article","og_title":"Cavo HDD SSD MacBook Pro 15\" A1286 (Mid 2009 \u2013 Late 2011)","og_description":"Cavo per disco HDD o SSD MacBook Pro 15\" A1286 (2009\u20132011), part number 821-1198-A. Ricambio nuovo e pronto all\u2019uso. Spedizioni gratuite in Svizzera","og_url":"https:\/\/tipicino.ch\/apfelspare\/de\/product\/hdd-ssd-kabel-fur-macbook-pro-15-a1286-mitte-2009-ende-2011\/","og_site_name":"Ricambi MacBook Pro, MacBook Air e iMac in Svizzera \u2013 Display, Tastiere, Batterie, Trackpad","article_modified_time":"2026-02-19T07:14:46+00:00","og_image":[{"width":1000,"height":1000,"url":"https:\/\/tipicino.ch\/apfelspare\/wp-content\/uploads\/2025\/07\/cavo-hdd-ssd-a1286.png","type":"image\/png"}],"twitter_card":"summary_large_image","twitter_misc":{"Gesch\u00e4tzte Lesezeit":"2\u00a0Minuten"},"schema":{"@context":"https:\/\/schema.org","@graph":[{"@type":"WebPage","@id":"https:\/\/tipicino.ch\/apfelspare\/de\/prodotto\/cavo-hdd-ssd-per-macbook-pro-15-a1286-mid-2009-late-2011\/","url":"https:\/\/tipicino.ch\/apfelspare\/de\/prodotto\/cavo-hdd-ssd-per-macbook-pro-15-a1286-mid-2009-late-2011\/","name":"HDD SSD Kabel MacBook Pro 15\" A1286 (Mid 2009 - Late 2011)","isPartOf":{"@id":"https:\/\/tipicino.ch\/apfelspare\/de\/#website"},"primaryImageOfPage":{"@id":"https:\/\/tipicino.ch\/apfelspare\/de\/prodotto\/cavo-hdd-ssd-per-macbook-pro-15-a1286-mid-2009-late-2011\/#primaryimage"},"image":{"@id":"https:\/\/tipicino.ch\/apfelspare\/de\/prodotto\/cavo-hdd-ssd-per-macbook-pro-15-a1286-mid-2009-late-2011\/#primaryimage"},"thumbnailUrl":"https:\/\/tipicino.ch\/apfelspare\/wp-content\/uploads\/2025\/07\/cavo-hdd-ssd-a1286.png","datePublished":"2025-07-03T05:09:29+00:00","dateModified":"2026-02-19T07:14:46+00:00","description":"Kabel f\u00fcr HDD oder SSD Laufwerk MacBook Pro 15\" A1286 (2009-2011), Teilenummer 821-1198-A. Neues und sofort einsatzbereites Ersatzteil. Kostenloser Versand innerhalb der Schweiz","breadcrumb":{"@id":"https:\/\/tipicino.ch\/apfelspare\/de\/prodotto\/cavo-hdd-ssd-per-macbook-pro-15-a1286-mid-2009-late-2011\/#breadcrumb"},"inLanguage":"de-CH","potentialAction":[{"@type":"ReadAction","target":["https:\/\/tipicino.ch\/apfelspare\/de\/prodotto\/cavo-hdd-ssd-per-macbook-pro-15-a1286-mid-2009-late-2011\/"]}]},{"@type":"ImageObject","inLanguage":"de-CH","@id":"https:\/\/tipicino.ch\/apfelspare\/de\/prodotto\/cavo-hdd-ssd-per-macbook-pro-15-a1286-mid-2009-late-2011\/#primaryimage","url":"https:\/\/tipicino.ch\/apfelspare\/wp-content\/uploads\/2025\/07\/cavo-hdd-ssd-a1286.png","contentUrl":"https:\/\/tipicino.ch\/apfelspare\/wp-content\/uploads\/2025\/07\/cavo-hdd-ssd-a1286.png","width":1000,"height":1000,"caption":"Cavo HDD SSD MacBook Pro 15\" A1286 (Mid 2009 \u2013 Late 2011)"},{"@type":"BreadcrumbList","@id":"https:\/\/tipicino.ch\/apfelspare\/de\/prodotto\/cavo-hdd-ssd-per-macbook-pro-15-a1286-mid-2009-late-2011\/#breadcrumb","itemListElement":[{"@type":"ListItem","position":1,"name":"Home","item":"https:\/\/tipicino.ch\/apfelspare\/de\/"},{"@type":"ListItem","position":2,"name":"Shop","item":"https:\/\/tipicino.ch\/apfelspare\/de\/shop\/"},{"@type":"ListItem","position":3,"name":"Cavo HDD SSD per MacBook Pro 15&#8243; A1286 (Mid 2009 \u2013 Late 2011)"}]},{"@type":"WebSite","@id":"https:\/\/tipicino.ch\/apfelspare\/de\/#website","url":"https:\/\/tipicino.ch\/apfelspare\/de\/","name":"Ersatzteile f\u00fcr MacBook Pro, MacBook Air und iMac in der Schweiz \u2013 Display, Tastaturen, Batterien, Trackpads","description":"","publisher":{"@id":"https:\/\/tipicino.ch\/apfelspare\/de\/#organization"},"potentialAction":[{"@type":"SearchAction","target":{"@type":"EntryPoint","urlTemplate":"https:\/\/tipicino.ch\/apfelspare\/de\/?s={search_term_string}"},"query-input":{"@type":"PropertyValueSpecification","valueRequired":true,"valueName":"search_term_string"}}],"inLanguage":"de-CH"},{"@type":"Organization","@id":"https:\/\/tipicino.ch\/apfelspare\/de\/#organization","name":"tipicino.ch\/apfelspare","url":"https:\/\/tipicino.ch\/apfelspare\/de\/","logo":{"@type":"ImageObject","inLanguage":"de-CH","@id":"https:\/\/tipicino.ch\/apfelspare\/de\/#\/schema\/logo\/image\/","url":"https:\/\/tipicino.ch\/apfelspare\/wp-content\/uploads\/2025\/08\/cropped-FAVICON-tipicino.ch\/apfelspare_.png","contentUrl":"https:\/\/tipicino.ch\/apfelspare\/wp-content\/uploads\/2025\/08\/cropped-FAVICON-tipicino.ch\/apfelspare_.png","width":512,"height":512,"caption":"tipicino.ch\/apfelspare"},"image":{"@id":"https:\/\/tipicino.ch\/apfelspare\/de\/#\/schema\/logo\/image\/"}}]}},"_links":{"self":[{"href":"https:\/\/tipicino.ch\/apfelspare\/de\/wp-json\/wp\/v2\/product\/16009","targetHints":{"allow":["GET"]}}],"collection":[{"href":"https:\/\/tipicino.ch\/apfelspare\/de\/wp-json\/wp\/v2\/product"}],"about":[{"href":"https:\/\/tipicino.ch\/apfelspare\/de\/wp-json\/wp\/v2\/types\/product"}],"replies":[{"embeddable":true,"href":"https:\/\/tipicino.ch\/apfelspare\/de\/wp-json\/wp\/v2\/comments?post=16009"}],"wp:featuredmedia":[{"embeddable":true,"href":"https:\/\/tipicino.ch\/apfelspare\/de\/wp-json\/wp\/v2\/media\/16010"}],"wp:attachment":[{"href":"https:\/\/tipicino.ch\/apfelspare\/de\/wp-json\/wp\/v2\/media?parent=16009"}],"wp:term":[{"taxonomy":"product_brand","embeddable":true,"href":"https:\/\/tipicino.ch\/apfelspare\/de\/wp-json\/wp\/v2\/product_brand?post=16009"},{"taxonomy":"product_cat","embeddable":true,"href":"https:\/\/tipicino.ch\/apfelspare\/de\/wp-json\/wp\/v2\/product_cat?post=16009"},{"taxonomy":"product_tag","embeddable":true,"href":"https:\/\/tipicino.ch\/apfelspare\/de\/wp-json\/wp\/v2\/product_tag?post=16009"}],"curies":[{"name":"wp","href":"https:\/\/api.w.org\/{rel}","templated":true}]}}