{"id":16049,"date":"2025-07-03T15:18:21","date_gmt":"2025-07-03T15:18:21","guid":{"rendered":"https:\/\/tipicino.ch\/apfelspare\/?post_type=product&#038;p=16049"},"modified":"2026-03-13T14:03:59","modified_gmt":"2026-03-13T14:03:59","slug":"schwarzer-kopfhorer-soundkartenanschluss-fur-macbook-air-13-a2337-late-2020-weis","status":"publish","type":"product","link":"https:\/\/tipicino.ch\/apfelspare\/de\/prodotto\/jack-scheda-audio-cuffie-nero-per-macbook-air-13-a2337-late-2020-bianco\/","title":{"rendered":"Weisser Audio-Jack-Platine f\u00fcr MacBook Air 13\u2033 A2337 (Late 2020)"},"content":{"rendered":"<div class=\"aps-pdp\">\n<section class=\"aps-card\">\n<header class=\"aps-card__head\">\n<h2 class=\"aps-h\">Audio-Klinke und Kopfh\u00f6reranschluss-Platine f\u00fcr MacBook Air 13\u2033 A2337 (M1, 2020)<\/h2>\n<p class=\"aps-sub\">Original-Ersatzmodul zur Wiederherstellung des analogen 3,5-mm-Audioausgangs.<\/p>\n<\/header>\n<p>\n      Erkennt Ihr MacBook Air M1 das Einstecken von Kopfh\u00f6rern nicht mehr oder klingt die Audioausgabe verzerrt und sto\u00dfweise? Diese Probleme k\u00f6nnen durch Oxidation der internen Kontakte oder mechanische Besch\u00e4digung des Klinkenmoduls verursacht werden. Dieser spezielle Ersatz f\u00fcr das A2337 stellt die volle Funktionalit\u00e4t des Audioanschlusses wieder her. Da es sich um ein von der Hauptplatine getrenntes Modul handelt, k\u00f6nnen durch seinen Austausch Fehler im Zusammenhang mit der 3,5-mm-Klinkenbuchse dauerhaft behoben werden, ohne dass teurere Komponenten ben\u00f6tigt werden.\n    <\/p>\n<div class=\"aps-note aps-note--warn\">\n      <span class=\"aps-note__ico\">!<\/span><br \/>\n      <span class=\"aps-note__txt\"><strong>TECHNISCHER HINWEIS:<\/strong> Das Klinkenmodul im MacBook Air A2337 ist am Geh\u00e4use befestigt und \u00fcber ein empfindliches Flachbandkabel mit der Hauptplatine verbunden. Wir empfehlen Ihnen, beim Austausch den Druckanschluss mit \u00e4usserster Vorsicht zu handhaben: \u00dcberm\u00e4ssige Kraft oder eine falsche Ausrichtung k\u00f6nnten die Pins auf der Hauptplatine besch\u00e4digen.<\/span>\n    <\/div>\n<\/section>\n<section class=\"aps-card\">\n<header class=\"aps-card__head\">\n<h2 class=\"aps-h\">Unterst\u00fctzte Modelle<\/h2>\n<p class=\"aps-sub\">\u00dcberpr\u00fcfen Sie, ob Ihre Kennung in der Liste erscheint, um die Hardware-Kompatibilit\u00e4t zu gew\u00e4hrleisten.<\/p>\n<\/header>\n<ul class=\"aps-check\">\n<li><strong>MacBook Air 13\u2033 A2337 (Late 2020 - M1)<\/strong> <span class=\"aps-badge\">MacBookAir10.1<\/span><\/li>\n<\/ul>\n<\/section>\n<section class=\"aps-card\">\n<header class=\"aps-card__head\">\n<h2 class=\"aps-h\">Technische Eigenschaften<\/h2>\n<p class=\"aps-sub\">Spezifische Details des Audio-Anschlussmoduls.<\/p>\n<\/header>\n<div class=\"aps-specgrid\">\n<div class=\"aps-spec\">\n<div><span>Ersatzteiltyp<\/span><strong>Audio-Jack-Platine<\/strong><\/div>\n<\/div>\n<div class=\"aps-spec\">\n<div><span>Interne Farbe<\/span><strong>Weiss<\/strong><\/div>\n<\/div>\n<div class=\"aps-spec\">\n<div><span>Anschluss<\/span><strong>Jack 3,5 mm TRRS<\/strong><\/div>\n<\/div>\n<div class=\"aps-spec\">\n<div><span>Zustand<\/span><strong>Neu<\/strong><\/div>\n<\/div><\/div>\n<\/section>\n<section class=\"aps-card aps-callout aps-callout--warn\">\n<header class=\"aps-card__head\">\n<h2 class=\"aps-h\">Installationsanleitung und Hinweise<\/h2>\n<p class=\"aps-sub\">Anweisungen f\u00fcr eine sichere und professionelle Montage.<\/p>\n<\/header>\n<p>\n      Um an die Audio-Klinke zu gelangen, muss die untere Abdeckung des MacBook Air mit einem Pentalobe P5-Schraubendreher entfernt werden. Es ist zwingend erforderlich, den Batteriestecker als allerersten Schritt abzuziehen, um Kurzschl\u00fcsse auf der Hauptplatine zu vermeiden. Das Klinkenmodul ist mit Torx-Schrauben befestigt und wird von einigen Komponenten des passiven K\u00fchlsystems abgedeckt. Wir empfehlen Ihnen, antistatische Kunststoffwerkzeuge zum Anheben des Flachbandkabels zu verwenden und sicherzustellen, dass der Steckverbinder perfekt zum Loch im Geh\u00e4use ausgerichtet ist, bevor Sie die Schrauben festziehen. Aufgrund der winzigen Beschaffenheit der Anschl\u00fcsse k\u00f6nnte die Hilfe eines qualifizierten Technikers ratsam sein, um eine fachgerechte Montage zu gew\u00e4hrleisten.\n    <\/p>\n<\/section>\n<section class=\"aps-card aps-callout aps-callout--info\">\n<header class=\"aps-card__head\">\n<h2 class=\"aps-h\">Sind Sie unsicher, ob dieses Ersatzteil das richtige ist?<\/h2>\n<p class=\"aps-sub\">Kontaktieren Sie uns f\u00fcr Unterst\u00fctzung bei der Auswahl des passenden Ersatzteils f\u00fcr Ihr Ger\u00e4t.<\/p>\n<\/header>\n<div class=\"aps-cta\">\n      <a class=\"aps-btn\" href=\"mailto:info@apfelspare.ch\">info@apfelspare.ch<\/a><br \/>\n      <span class=\"aps-cta__hint\">Senden Sie uns die Seriennummer Ihres MacBooks (eingraviert auf der Geh\u00e4useunterseite): Wir pr\u00fcfen die exakte Kompatibilit\u00e4t f\u00fcr Sie innerhalb k\u00fcrzester Zeit.<\/span>\n    <\/div>\n<\/section>\n<\/div>","protected":false},"excerpt":{"rendered":"<p>Weisser Audio-Jack-Platine f\u00fcr MacBook Air 13\u2033 A2337 (Late 2020). Qualit\u00e4t Ersatz, bereit zu installieren<\/p>","protected":false},"featured_media":16050,"comment_status":"closed","ping_status":"closed","template":"","meta":{"_acf_changed":false,"_et_pb_use_builder":"","_et_pb_old_content":"","_et_gb_content_width":""},"product_brand":[],"product_cat":[114,183,187,20],"product_tag":[],"class_list":{"0":"post-16049","1":"product","2":"type-product","3":"status-publish","4":"has-post-thumbnail","6":"product_cat-macbook-air-13-late-2020-a2337","7":"product_cat-altoparlanti","8":"product_cat-cavi-connettori","9":"product_cat-category-macbook-air","11":"first","12":"onbackorder","13":"shipping-taxable","14":"purchasable","15":"product-type-simple"},"acf":[],"yoast_head":"<!-- This site is optimized with the Yoast SEO plugin v27.4 - https:\/\/yoast.com\/product\/yoast-seo-wordpress\/ -->\n<title>Jack scheda audio bianco cuffie per MacBook Air 13&quot; A2337 (Late 2020)<\/title>\n<meta name=\"description\" content=\"Jack scheda audio cuffie bianco per MacBook Air 13&quot; A2337, utile per problemi di suono o connessione cuffie. Ricambio nuovo, pronto all\u2019installazione\" \/>\n<meta name=\"robots\" content=\"index, follow, max-snippet:-1, max-image-preview:large, max-video-preview:-1\" \/>\n<link rel=\"canonical\" href=\"https:\/\/tipicino.ch\/apfelspare\/de\/product\/schwarzer-kopfhorer-soundkartenanschluss-fur-macbook-air-13-a2337-late-2020-weis\/\" \/>\n<meta property=\"og:locale\" content=\"de_DE\" \/>\n<meta property=\"og:type\" content=\"article\" \/>\n<meta property=\"og:title\" content=\"Jack scheda audio bianco cuffie per MacBook Air 13&quot; A2337 (Late 2020)\" \/>\n<meta property=\"og:description\" content=\"Jack scheda audio cuffie bianco per MacBook Air 13&quot; A2337, utile per problemi di suono o connessione cuffie. Ricambio nuovo, pronto all\u2019installazione\" \/>\n<meta property=\"og:url\" content=\"https:\/\/tipicino.ch\/apfelspare\/de\/product\/schwarzer-kopfhorer-soundkartenanschluss-fur-macbook-air-13-a2337-late-2020-weis\/\" \/>\n<meta property=\"og:site_name\" content=\"Ricambi MacBook Pro, MacBook Air e iMac in Svizzera \u2013 Display, Tastiere, Batterie, Trackpad\" \/>\n<meta property=\"article:modified_time\" content=\"2026-03-13T14:03:59+00:00\" \/>\n<meta property=\"og:image\" content=\"https:\/\/tipicino.ch\/apfelspare\/wp-content\/uploads\/2025\/07\/AAA-Recuperato-Recuperato-Recuperato-Recuperato.png\" \/>\n\t<meta property=\"og:image:width\" content=\"1000\" \/>\n\t<meta property=\"og:image:height\" content=\"1000\" \/>\n\t<meta property=\"og:image:type\" content=\"image\/png\" \/>\n<meta name=\"twitter:card\" content=\"summary_large_image\" \/>\n<meta name=\"twitter:label1\" content=\"Gesch\u00e4tzte Lesezeit\" \/>\n\t<meta name=\"twitter:data1\" content=\"3\u00a0Minuten\" \/>\n<!-- \/ Yoast SEO plugin. -->","yoast_head_json":{"title":"Weisser Audio-Jack-Platine f\u00fcr MacBook Air 13\u2033 A2337 (Late 2020)","description":"Weisser Audio-Jack-Platine f\u00fcr MacBook Air 13\" A2337, n\u00fctzlich bei Soundproblemen oder Audio-Jack. Neuer Ersatz, fertig zum Einbau","robots":{"index":"index","follow":"follow","max-snippet":"max-snippet:-1","max-image-preview":"max-image-preview:large","max-video-preview":"max-video-preview:-1"},"canonical":"https:\/\/tipicino.ch\/apfelspare\/de\/product\/schwarzer-kopfhorer-soundkartenanschluss-fur-macbook-air-13-a2337-late-2020-weis\/","og_locale":"de_DE","og_type":"article","og_title":"Jack scheda audio bianco cuffie per MacBook Air 13\" A2337 (Late 2020)","og_description":"Jack scheda audio cuffie bianco per MacBook Air 13\" A2337, utile per problemi di suono o connessione cuffie. Ricambio nuovo, pronto all\u2019installazione","og_url":"https:\/\/tipicino.ch\/apfelspare\/de\/product\/schwarzer-kopfhorer-soundkartenanschluss-fur-macbook-air-13-a2337-late-2020-weis\/","og_site_name":"Ricambi MacBook Pro, MacBook Air e iMac in Svizzera \u2013 Display, Tastiere, Batterie, Trackpad","article_modified_time":"2026-03-13T14:03:59+00:00","og_image":[{"width":1000,"height":1000,"url":"https:\/\/tipicino.ch\/apfelspare\/wp-content\/uploads\/2025\/07\/AAA-Recuperato-Recuperato-Recuperato-Recuperato.png","type":"image\/png"}],"twitter_card":"summary_large_image","twitter_misc":{"Gesch\u00e4tzte Lesezeit":"3\u00a0Minuten"},"schema":{"@context":"https:\/\/schema.org","@graph":[{"@type":"WebPage","@id":"https:\/\/tipicino.ch\/apfelspare\/de\/prodotto\/jack-scheda-audio-cuffie-nero-per-macbook-air-13-a2337-late-2020-bianco\/","url":"https:\/\/tipicino.ch\/apfelspare\/de\/prodotto\/jack-scheda-audio-cuffie-nero-per-macbook-air-13-a2337-late-2020-bianco\/","name":"Weisser Audio-Jack-Platine f\u00fcr MacBook Air 13\u2033 A2337 (Late 2020)","isPartOf":{"@id":"https:\/\/tipicino.ch\/apfelspare\/de\/#website"},"primaryImageOfPage":{"@id":"https:\/\/tipicino.ch\/apfelspare\/de\/prodotto\/jack-scheda-audio-cuffie-nero-per-macbook-air-13-a2337-late-2020-bianco\/#primaryimage"},"image":{"@id":"https:\/\/tipicino.ch\/apfelspare\/de\/prodotto\/jack-scheda-audio-cuffie-nero-per-macbook-air-13-a2337-late-2020-bianco\/#primaryimage"},"thumbnailUrl":"https:\/\/tipicino.ch\/apfelspare\/wp-content\/uploads\/2025\/07\/AAA-Recuperato-Recuperato-Recuperato-Recuperato.png","datePublished":"2025-07-03T15:18:21+00:00","dateModified":"2026-03-13T14:03:59+00:00","description":"Weisser Audio-Jack-Platine f\u00fcr MacBook Air 13\" A2337, n\u00fctzlich bei Soundproblemen oder Audio-Jack. Neuer Ersatz, fertig zum Einbau","breadcrumb":{"@id":"https:\/\/tipicino.ch\/apfelspare\/de\/prodotto\/jack-scheda-audio-cuffie-nero-per-macbook-air-13-a2337-late-2020-bianco\/#breadcrumb"},"inLanguage":"de-CH","potentialAction":[{"@type":"ReadAction","target":["https:\/\/tipicino.ch\/apfelspare\/de\/prodotto\/jack-scheda-audio-cuffie-nero-per-macbook-air-13-a2337-late-2020-bianco\/"]}]},{"@type":"ImageObject","inLanguage":"de-CH","@id":"https:\/\/tipicino.ch\/apfelspare\/de\/prodotto\/jack-scheda-audio-cuffie-nero-per-macbook-air-13-a2337-late-2020-bianco\/#primaryimage","url":"https:\/\/tipicino.ch\/apfelspare\/wp-content\/uploads\/2025\/07\/AAA-Recuperato-Recuperato-Recuperato-Recuperato.png","contentUrl":"https:\/\/tipicino.ch\/apfelspare\/wp-content\/uploads\/2025\/07\/AAA-Recuperato-Recuperato-Recuperato-Recuperato.png","width":1000,"height":1000,"caption":"Jack scheda audio cuffie per MacBook Air 13\" A2337 (Late 2020) Bianco"},{"@type":"BreadcrumbList","@id":"https:\/\/tipicino.ch\/apfelspare\/de\/prodotto\/jack-scheda-audio-cuffie-nero-per-macbook-air-13-a2337-late-2020-bianco\/#breadcrumb","itemListElement":[{"@type":"ListItem","position":1,"name":"Home","item":"https:\/\/tipicino.ch\/apfelspare\/de\/"},{"@type":"ListItem","position":2,"name":"Shop","item":"https:\/\/tipicino.ch\/apfelspare\/de\/shop\/"},{"@type":"ListItem","position":3,"name":"Jack scheda audio cuffie bianco per MacBook Air 13&#8243; A2337 (Late 2020)"}]},{"@type":"WebSite","@id":"https:\/\/tipicino.ch\/apfelspare\/de\/#website","url":"https:\/\/tipicino.ch\/apfelspare\/de\/","name":"Ersatzteile f\u00fcr MacBook Pro, MacBook Air und iMac in der Schweiz \u2013 Display, Tastaturen, Batterien, Trackpads","description":"","publisher":{"@id":"https:\/\/tipicino.ch\/apfelspare\/de\/#organization"},"potentialAction":[{"@type":"SearchAction","target":{"@type":"EntryPoint","urlTemplate":"https:\/\/tipicino.ch\/apfelspare\/de\/?s={search_term_string}"},"query-input":{"@type":"PropertyValueSpecification","valueRequired":true,"valueName":"search_term_string"}}],"inLanguage":"de-CH"},{"@type":"Organization","@id":"https:\/\/tipicino.ch\/apfelspare\/de\/#organization","name":"tipicino.ch\/apfelspare","url":"https:\/\/tipicino.ch\/apfelspare\/de\/","logo":{"@type":"ImageObject","inLanguage":"de-CH","@id":"https:\/\/tipicino.ch\/apfelspare\/de\/#\/schema\/logo\/image\/","url":"https:\/\/tipicino.ch\/apfelspare\/wp-content\/uploads\/2025\/08\/cropped-FAVICON-tipicino.ch\/apfelspare_.png","contentUrl":"https:\/\/tipicino.ch\/apfelspare\/wp-content\/uploads\/2025\/08\/cropped-FAVICON-tipicino.ch\/apfelspare_.png","width":512,"height":512,"caption":"tipicino.ch\/apfelspare"},"image":{"@id":"https:\/\/tipicino.ch\/apfelspare\/de\/#\/schema\/logo\/image\/"}}]}},"_links":{"self":[{"href":"https:\/\/tipicino.ch\/apfelspare\/de\/wp-json\/wp\/v2\/product\/16049","targetHints":{"allow":["GET"]}}],"collection":[{"href":"https:\/\/tipicino.ch\/apfelspare\/de\/wp-json\/wp\/v2\/product"}],"about":[{"href":"https:\/\/tipicino.ch\/apfelspare\/de\/wp-json\/wp\/v2\/types\/product"}],"replies":[{"embeddable":true,"href":"https:\/\/tipicino.ch\/apfelspare\/de\/wp-json\/wp\/v2\/comments?post=16049"}],"wp:featuredmedia":[{"embeddable":true,"href":"https:\/\/tipicino.ch\/apfelspare\/de\/wp-json\/wp\/v2\/media\/16050"}],"wp:attachment":[{"href":"https:\/\/tipicino.ch\/apfelspare\/de\/wp-json\/wp\/v2\/media?parent=16049"}],"wp:term":[{"taxonomy":"product_brand","embeddable":true,"href":"https:\/\/tipicino.ch\/apfelspare\/de\/wp-json\/wp\/v2\/product_brand?post=16049"},{"taxonomy":"product_cat","embeddable":true,"href":"https:\/\/tipicino.ch\/apfelspare\/de\/wp-json\/wp\/v2\/product_cat?post=16049"},{"taxonomy":"product_tag","embeddable":true,"href":"https:\/\/tipicino.ch\/apfelspare\/de\/wp-json\/wp\/v2\/product_tag?post=16049"}],"curies":[{"name":"wp","href":"https:\/\/api.w.org\/{rel}","templated":true}]}}