{"id":16096,"date":"2025-07-07T22:08:01","date_gmt":"2025-07-07T22:08:01","guid":{"rendered":"https:\/\/tipicino.ch\/apfelspare\/?post_type=product&#038;p=16096"},"modified":"2026-03-13T16:18:57","modified_gmt":"2026-03-13T16:18:57","slug":"logikkarte-macbook-air-13-a1466-mitte-2013","status":"publish","type":"product","link":"https:\/\/tipicino.ch\/apfelspare\/de\/prodotto\/scheda-logica-macbook-air-13-a1466-mid-2013\/","title":{"rendered":"Logic Board f\u00fcr MacBook Air 13\u2033 A1466 (Mid 2013)"},"content":{"rendered":"<div class=\"aps-pdp\">\n<section class=\"aps-card\">\n<header class=\"aps-card__head\">\n<h2 class=\"aps-h\">Logic Board Intel Core i5 \/ i7 f\u00fcr MacBook Air 13\u2033 A1466 (Mid 2013)<\/h2>\n<p class=\"aps-sub\">Original-Ersatzkomponente f\u00fcr MacBook Air 13\u2033 mit Haswell-Architektur (P\/N 820-3437-B).<\/p>\n<\/header>\n<p>\n      Startet Ihr MacBook Air 13\u2033 Mid 2013 nicht mehr, treten pl\u00f6tzliche Abst\u00fcrze auf oder gibt es Ladeprobleme \u00fcber den MagSafe 2 Anschluss? Diese Symptome k\u00f6nnten durch einen kritischen Defekt am Logic Board verursacht werden. Dieses Original-Logic Board ist die ideale L\u00f6sung, um die volle Funktionsf\u00e4higkeit Ihres Laptops wiederherzustellen. Es wurde f\u00fcr das A1466-Geh\u00e4use von 2013 entwickelt und integriert Intel Core i5 oder i7 Prozessoren der vierten Generation (Haswell) sowie Hocheffizienz-RAM-Speicher. Durch den Austausch des gesamten Moduls k\u00f6nnen Fehlfunktionen im Zusammenhang mit dem Energiemanagement, dem Laden der Batterie oder den Schaltkreisen f\u00fcr das LED-Display und die in dieser Serie eingef\u00fchrte 802.11ac Wi-Fi-Karte dauerhaft behoben werden.\n    <\/p>\n<div class=\"aps-note aps-note--warn\">\n      <span class=\"aps-note__ico\">!<\/span><br \/>\n      <span class=\"aps-note__txt\"><strong>TECHNISCHER HINWEIS:<\/strong> Dieses MacBook Air Modell verwendet einen propriet\u00e4ren SSD-Speicher auf PCIe-Basis (12+16-Pin-Anschluss), der sich von dem der 2012er Modelle unterscheidet. Wir empfehlen Ihnen, das SSD-Modul beim Transfer vom alten Logic Board mit \u00e4usserster Vorsicht zu handhaben, um elektrostatische Sch\u00e4den an den Daten oder am empfindlichen Steckplatz auf dem Board zu vermeiden.<\/span>\n    <\/div>\n<\/section>\n<section class=\"aps-card\">\n<header class=\"aps-card__head\">\n<h2 class=\"aps-h\">Unterst\u00fctztes Modell<\/h2>\n<p class=\"aps-sub\">Spezifische Kennung zur Gew\u00e4hrleistung der Stabilit\u00e4t und vollen Hardware-Kompatibilit\u00e4t.<\/p>\n<\/header>\n<ul class=\"aps-check\">\n<li><strong>MacBook Air 13\u2033 A1466 (Mid 2013)<\/strong> <span class=\"aps-badge\">MacBookAir6.2<\/span><\/li>\n<\/ul>\n<\/section>\n<section class=\"aps-card\">\n<header class=\"aps-card__head\">\n<h2 class=\"aps-h\">Technische Eigenschaften<\/h2>\n<p class=\"aps-sub\">Integrierte Hardware-Spezifikationen f\u00fcr die A1466-Serie von 2013.<\/p>\n<\/header>\n<div class=\"aps-specgrid\">\n<div class=\"aps-spec\">\n<div><span>Ersatzteiltyp<\/span><strong>Logicboard (Hauptplatine)<\/strong><\/div>\n<\/div>\n<div class=\"aps-spec\">\n<div><span>Prozessor<\/span><strong>Intel Core i5 \/ i7 (Integriert)<\/strong><\/div>\n<\/div>\n<div class=\"aps-spec\">\n<div><span>RAM-Speicher<\/span><strong>Integriertes LPDDR3<\/strong><\/div>\n<\/div>\n<div class=\"aps-spec\">\n<div><span>Grafik<\/span><strong>Intel HD Graphics 5000<\/strong><\/div>\n<\/div>\n<div class=\"aps-spec\">\n<div><span>Zustand<\/span><strong>Refurbished, gepr\u00fcft<\/strong><\/div>\n<\/div><\/div>\n<\/section>\n<section class=\"aps-card aps-callout aps-callout--warn\">\n<header class=\"aps-card__head\">\n<h2 class=\"aps-h\">Installation und Hinweise<\/h2>\n<p class=\"aps-sub\">Technische Hinweise f\u00fcr einen sicheren und professionellen Austausch.<\/p>\n<\/header>\n<p>\n      Der Austausch des Logic Boards bei einem MacBook Air A1466 erfordert die fast vollst\u00e4ndige Demontage des Ger\u00e4ts. Es ist unerl\u00e4sslich, den Batteriestecker als allerersten Schritt zu trennen, um versehentliche Kurzschl\u00fcsse zu vermeiden, die die integrierten Komponenten oder den SMC-Controller dauerhaft besch\u00e4digen k\u00f6nnten. Wir empfehlen Ihnen, die empfindlichen Flachbandkabel des Displays, der Tastatur und des I\/O-Boards (welches Audio und Stromversorgung steuert) mit \u00e4usserster Vorsicht unter ausschliesslicher Verwendung von antistatischen Kunststoffwerkzeugen zu handhaben. Vor dem Wiedereinbau des Bel\u00fcftungssystems ist es unerl\u00e4sslich, den Prozessor gr\u00fcndlich von alten R\u00fcckst\u00e4nden zu reinigen und hochwertige W\u00e4rmeleitpaste aufzutragen, um eine optimale K\u00fchlung zu gew\u00e4hrleisten. Aufgrund der Dichte der Komponenten und der Empfindlichkeit der internen Verbindungen k\u00f6nnte die Hilfe eines erfahrenen Technikers n\u00fctzlich sein, um eine korrekte Montage zu gew\u00e4hrleisten.\n    <\/p>\n<\/section>\n<section class=\"aps-card aps-callout aps-callout--info\">\n<header class=\"aps-card__head\">\n<h2 class=\"aps-h\">Sind Sie unsicher, ob dieses Ersatzteil das richtige ist?<\/h2>\n<p class=\"aps-sub\">Kontaktieren Sie uns f\u00fcr Unterst\u00fctzung bei der Auswahl des passenden Ersatzteils f\u00fcr Ihr Ger\u00e4t.<\/p>\n<\/header>\n<div class=\"aps-cta\">\n      <a class=\"aps-btn\" href=\"mailto:info@apfelspare.ch\">info@apfelspare.ch<\/a><br \/>\n      <span class=\"aps-cta__hint\">Senden Sie uns die Seriennummer Ihres MacBook Air: Wir werden die genaue Kompatibilit\u00e4t innerhalb kurzer Zeit f\u00fcr Sie pr\u00fcfen.<\/span>\n    <\/div>\n<\/section>\n<\/div>","protected":false},"excerpt":{"rendered":"<p>Logikkarte f\u00fcr MacBook Air 13\u2033 A1466 (Mid 2013). Kostenloser Versand in der Schweiz.<\/p>","protected":false},"featured_media":16088,"comment_status":"closed","ping_status":"closed","template":"","meta":{"_acf_changed":false,"_et_pb_use_builder":"","_et_pb_old_content":"","_et_gb_content_width":""},"product_brand":[],"product_cat":[181,119,20,19],"product_tag":[],"class_list":{"0":"post-16096","1":"product","2":"type-product","3":"status-publish","4":"has-post-thumbnail","6":"product_cat-schede-logiche","7":"product_cat-macbook-air-13-mid-2013-a1466","8":"product_cat-category-macbook-air","9":"product_cat-parti-ricambio-seconda-mano","11":"first","12":"onbackorder","13":"shipping-taxable","14":"purchasable","15":"product-type-variable"},"acf":[],"yoast_head":"<!-- This site is optimized with the Yoast SEO plugin v27.4 - https:\/\/yoast.com\/product\/yoast-seo-wordpress\/ -->\n<title>Scheda logica per MacBook Air 13&quot; A1466 (Mid 2013)<\/title>\n<meta name=\"description\" content=\"Scheda logica per MacBook Air 13&quot; A1466 (Mid 2013), usata e testata, pronta per essere installata\" \/>\n<meta name=\"robots\" content=\"index, follow, max-snippet:-1, max-image-preview:large, max-video-preview:-1\" \/>\n<link rel=\"canonical\" href=\"https:\/\/tipicino.ch\/apfelspare\/de\/product\/logikkarte-macbook-air-13-a1466-mitte-2013\/\" \/>\n<meta property=\"og:locale\" content=\"de_DE\" \/>\n<meta property=\"og:type\" content=\"article\" \/>\n<meta property=\"og:title\" content=\"Scheda logica per MacBook Air 13&quot; A1466 (Mid 2013)\" \/>\n<meta property=\"og:description\" content=\"Scheda logica per MacBook Air 13&quot; A1466 (Mid 2013), usata e testata, pronta per essere installata\" \/>\n<meta property=\"og:url\" content=\"https:\/\/tipicino.ch\/apfelspare\/de\/product\/logikkarte-macbook-air-13-a1466-mitte-2013\/\" \/>\n<meta property=\"og:site_name\" content=\"Ricambi MacBook Pro, MacBook Air e iMac in Svizzera \u2013 Display, Tastiere, Batterie, Trackpad\" \/>\n<meta property=\"article:modified_time\" content=\"2026-03-13T16:18:57+00:00\" \/>\n<meta property=\"og:image\" content=\"https:\/\/tipicino.ch\/apfelspare\/wp-content\/uploads\/2025\/07\/scheda-logica-i7-2-2ghz-8gb-macbook-air-13-a1466-early-2015.png\" \/>\n\t<meta property=\"og:image:width\" content=\"1000\" \/>\n\t<meta property=\"og:image:height\" content=\"1000\" \/>\n\t<meta property=\"og:image:type\" content=\"image\/png\" \/>\n<meta name=\"twitter:card\" content=\"summary_large_image\" \/>\n<meta name=\"twitter:label1\" content=\"Gesch\u00e4tzte Lesezeit\" \/>\n\t<meta name=\"twitter:data1\" content=\"3\u00a0Minuten\" \/>\n<!-- \/ Yoast SEO plugin. -->","yoast_head_json":{"title":"Logic Board f\u00fcr MacBook Air 13\u2033 A1466 (Mid 2013)","description":"Logic Board f\u00fcr MacBook Air 13\" A1466 (Mid 2013), gebraucht und getestet, einbaufertig","robots":{"index":"index","follow":"follow","max-snippet":"max-snippet:-1","max-image-preview":"max-image-preview:large","max-video-preview":"max-video-preview:-1"},"canonical":"https:\/\/tipicino.ch\/apfelspare\/de\/product\/logikkarte-macbook-air-13-a1466-mitte-2013\/","og_locale":"de_DE","og_type":"article","og_title":"Scheda logica per MacBook Air 13\" A1466 (Mid 2013)","og_description":"Scheda logica per MacBook Air 13\" A1466 (Mid 2013), usata e testata, pronta per essere installata","og_url":"https:\/\/tipicino.ch\/apfelspare\/de\/product\/logikkarte-macbook-air-13-a1466-mitte-2013\/","og_site_name":"Ricambi MacBook Pro, MacBook Air e iMac in Svizzera \u2013 Display, Tastiere, Batterie, Trackpad","article_modified_time":"2026-03-13T16:18:57+00:00","og_image":[{"width":1000,"height":1000,"url":"https:\/\/tipicino.ch\/apfelspare\/wp-content\/uploads\/2025\/07\/scheda-logica-i7-2-2ghz-8gb-macbook-air-13-a1466-early-2015.png","type":"image\/png"}],"twitter_card":"summary_large_image","twitter_misc":{"Gesch\u00e4tzte Lesezeit":"3\u00a0Minuten"},"schema":{"@context":"https:\/\/schema.org","@graph":[{"@type":"WebPage","@id":"https:\/\/tipicino.ch\/apfelspare\/de\/prodotto\/scheda-logica-macbook-air-13-a1466-mid-2013\/","url":"https:\/\/tipicino.ch\/apfelspare\/de\/prodotto\/scheda-logica-macbook-air-13-a1466-mid-2013\/","name":"Logic Board f\u00fcr MacBook Air 13\u2033 A1466 (Mid 2013)","isPartOf":{"@id":"https:\/\/tipicino.ch\/apfelspare\/de\/#website"},"primaryImageOfPage":{"@id":"https:\/\/tipicino.ch\/apfelspare\/de\/prodotto\/scheda-logica-macbook-air-13-a1466-mid-2013\/#primaryimage"},"image":{"@id":"https:\/\/tipicino.ch\/apfelspare\/de\/prodotto\/scheda-logica-macbook-air-13-a1466-mid-2013\/#primaryimage"},"thumbnailUrl":"https:\/\/tipicino.ch\/apfelspare\/wp-content\/uploads\/2025\/07\/scheda-logica-i7-2-2ghz-8gb-macbook-air-13-a1466-early-2015.png","datePublished":"2025-07-07T22:08:01+00:00","dateModified":"2026-03-13T16:18:57+00:00","description":"Logic Board f\u00fcr MacBook Air 13\" A1466 (Mid 2013), gebraucht und getestet, einbaufertig","breadcrumb":{"@id":"https:\/\/tipicino.ch\/apfelspare\/de\/prodotto\/scheda-logica-macbook-air-13-a1466-mid-2013\/#breadcrumb"},"inLanguage":"de-CH","potentialAction":[{"@type":"ReadAction","target":["https:\/\/tipicino.ch\/apfelspare\/de\/prodotto\/scheda-logica-macbook-air-13-a1466-mid-2013\/"]}]},{"@type":"ImageObject","inLanguage":"de-CH","@id":"https:\/\/tipicino.ch\/apfelspare\/de\/prodotto\/scheda-logica-macbook-air-13-a1466-mid-2013\/#primaryimage","url":"https:\/\/tipicino.ch\/apfelspare\/wp-content\/uploads\/2025\/07\/scheda-logica-i7-2-2ghz-8gb-macbook-air-13-a1466-early-2015.png","contentUrl":"https:\/\/tipicino.ch\/apfelspare\/wp-content\/uploads\/2025\/07\/scheda-logica-i7-2-2ghz-8gb-macbook-air-13-a1466-early-2015.png","width":1000,"height":1000,"caption":"Scheda logica i7 2.2GHz 8GB per MacBook Air 13\" A1466 (Early 2015)"},{"@type":"BreadcrumbList","@id":"https:\/\/tipicino.ch\/apfelspare\/de\/prodotto\/scheda-logica-macbook-air-13-a1466-mid-2013\/#breadcrumb","itemListElement":[{"@type":"ListItem","position":1,"name":"Home","item":"https:\/\/tipicino.ch\/apfelspare\/de\/"},{"@type":"ListItem","position":2,"name":"Shop","item":"https:\/\/tipicino.ch\/apfelspare\/de\/shop\/"},{"@type":"ListItem","position":3,"name":"Scheda logica per MacBook Air 13&#8243; A1466 (Mid 2013)"}]},{"@type":"WebSite","@id":"https:\/\/tipicino.ch\/apfelspare\/de\/#website","url":"https:\/\/tipicino.ch\/apfelspare\/de\/","name":"Ersatzteile f\u00fcr MacBook Pro, MacBook Air und iMac in der Schweiz \u2013 Display, Tastaturen, Batterien, Trackpads","description":"","publisher":{"@id":"https:\/\/tipicino.ch\/apfelspare\/de\/#organization"},"potentialAction":[{"@type":"SearchAction","target":{"@type":"EntryPoint","urlTemplate":"https:\/\/tipicino.ch\/apfelspare\/de\/?s={search_term_string}"},"query-input":{"@type":"PropertyValueSpecification","valueRequired":true,"valueName":"search_term_string"}}],"inLanguage":"de-CH"},{"@type":"Organization","@id":"https:\/\/tipicino.ch\/apfelspare\/de\/#organization","name":"tipicino.ch\/apfelspare","url":"https:\/\/tipicino.ch\/apfelspare\/de\/","logo":{"@type":"ImageObject","inLanguage":"de-CH","@id":"https:\/\/tipicino.ch\/apfelspare\/de\/#\/schema\/logo\/image\/","url":"https:\/\/tipicino.ch\/apfelspare\/wp-content\/uploads\/2025\/08\/cropped-FAVICON-tipicino.ch\/apfelspare_.png","contentUrl":"https:\/\/tipicino.ch\/apfelspare\/wp-content\/uploads\/2025\/08\/cropped-FAVICON-tipicino.ch\/apfelspare_.png","width":512,"height":512,"caption":"tipicino.ch\/apfelspare"},"image":{"@id":"https:\/\/tipicino.ch\/apfelspare\/de\/#\/schema\/logo\/image\/"}}]}},"_links":{"self":[{"href":"https:\/\/tipicino.ch\/apfelspare\/de\/wp-json\/wp\/v2\/product\/16096","targetHints":{"allow":["GET"]}}],"collection":[{"href":"https:\/\/tipicino.ch\/apfelspare\/de\/wp-json\/wp\/v2\/product"}],"about":[{"href":"https:\/\/tipicino.ch\/apfelspare\/de\/wp-json\/wp\/v2\/types\/product"}],"replies":[{"embeddable":true,"href":"https:\/\/tipicino.ch\/apfelspare\/de\/wp-json\/wp\/v2\/comments?post=16096"}],"wp:featuredmedia":[{"embeddable":true,"href":"https:\/\/tipicino.ch\/apfelspare\/de\/wp-json\/wp\/v2\/media\/16088"}],"wp:attachment":[{"href":"https:\/\/tipicino.ch\/apfelspare\/de\/wp-json\/wp\/v2\/media?parent=16096"}],"wp:term":[{"taxonomy":"product_brand","embeddable":true,"href":"https:\/\/tipicino.ch\/apfelspare\/de\/wp-json\/wp\/v2\/product_brand?post=16096"},{"taxonomy":"product_cat","embeddable":true,"href":"https:\/\/tipicino.ch\/apfelspare\/de\/wp-json\/wp\/v2\/product_cat?post=16096"},{"taxonomy":"product_tag","embeddable":true,"href":"https:\/\/tipicino.ch\/apfelspare\/de\/wp-json\/wp\/v2\/product_tag?post=16096"}],"curies":[{"name":"wp","href":"https:\/\/api.w.org\/{rel}","templated":true}]}}