{"id":16233,"date":"2025-07-09T04:45:25","date_gmt":"2025-07-09T04:45:25","guid":{"rendered":"https:\/\/tipicino.ch\/apfelspare\/?post_type=product&#038;p=16233"},"modified":"2026-02-19T05:50:31","modified_gmt":"2026-02-19T05:50:31","slug":"logikkarte-m1-pro-macbook-pro-16-a2485-ende-2021","status":"publish","type":"product","link":"https:\/\/tipicino.ch\/apfelspare\/de\/prodotto\/scheda-logica-m1-pro-macbook-pro-16-a2485-late-2021\/","title":{"rendered":"Logic Board M1 Pro f\u00fcr MacBook Pro 16\u2033 A2485 (Late 2021)"},"content":{"rendered":"<div class=\"aps-pdp\">\n<section class=\"aps-card\">\n<header class=\"aps-card__head\">\n<h2 class=\"aps-h\">Apple M1 Pro Logic Board mit Touch ID f\u00fcr MacBook Pro 16\u2033 A2485 (Late 2021)<\/h2>\n<p class=\"aps-sub\">Original-Ersatzteil f\u00fcr die MacBook Pro 16\u2033 Serie mit Apple Silicon (P\/N 820-02100-A).<\/p>\n<\/header>\n<p>\n      L\u00e4sst sich Ihr 16\u2033 MacBook Pro mit M1 Pro Chip nicht einschalten, hat es Probleme beim Laden \u00fcber MagSafe 3 oder ist die Hauptplatine besch\u00e4digt? Diese Symptome k\u00f6nnten auf einen kritischen Ausfall der zentralen Logikeinheit hinweisen. Diese originale Logikplatine ist die ultimative L\u00f6sung, um die gro\u00dfartige Leistung Ihres professionellen Laptops wiederherzustellen. Sie wurde f\u00fcr das 2021 A2485-Geh\u00e4use entwickelt und integriert die Silicon M1 Pro-Architektur von Apple mit einheitlichem Arbeitsspeicher und gel\u00f6tetem Hochgeschwindigkeits-SSD-Speicher. Der Austausch des gesamten Moduls kann Fehlfunktionen im Zusammenhang mit den Thunderbolt 4-Anschl\u00fcssen, der Energieverwaltung oder den Schaltkreisen, die das Liquid Retina XDR-Display steuern, dauerhaft beheben.\n    <\/p>\n<div class=\"aps-note aps-note--warn\">\n      <span class=\"aps-note__ico\">!<\/span><br \/>\n      <span class=\"aps-note__txt\"><strong>WICHTIG \u2013 TOUCH ID MODUL:<\/strong> Diese Karte wird mit dem originalen, werkseitig digital gepaarten Touch ID-Sensor unter Verwendung der Secure Enclave geliefert. Bitte beachten Sie, dass die Verwendung eines anderen als des mit der Karte gelieferten Sensors die biometrische Entsperrung und Apple Pay aus Gr\u00fcnden der Hardwaresicherheit verhindern w\u00fcrde.<\/span>\n    <\/div>\n<\/section>\n<section class=\"aps-card\">\n<header class=\"aps-card__head\">\n<h2 class=\"aps-h\">Unterst\u00fctzte Modelle<\/h2>\n<p class=\"aps-sub\">Spezifische Kennungen zur Gew\u00e4hrleistung der vollen Hardware-Kompatibilit\u00e4t.<\/p>\n<\/header>\n<ul class=\"aps-check\">\n<li><strong>MacBook Pro 16\u2033 A2485 (Late 2021)<\/strong> <span class=\"aps-badge\">MacBookPro18.1<\/span> <\/li>\n<li><strong>MacBook Pro 16\u2033 A2485 (Late 2021)<\/strong> <span class=\"aps-badge\">MacBookPro18.2<\/span> <\/li>\n<\/ul>\n<\/section>\n<section class=\"aps-card\">\n<header class=\"aps-card__head\">\n<h2 class=\"aps-h\">Technische Eigenschaften<\/h2>\n<p class=\"aps-sub\">Hardwarespezifikationen des Ersatzmoduls (P\/N 820-02100-A).<\/p>\n<\/header>\n<div class=\"aps-specgrid\">\n<div class=\"aps-spec\">\n<div><span>Ersatzteiltyp<\/span><strong>Logicboard (Apple Silicon)<\/strong><\/div>\n<\/div>\n<div class=\"aps-spec\">\n<div><span>Chip<\/span><strong>Apple M1 Pro<\/strong><\/div>\n<\/div>\n<div class=\"aps-spec\">\n<div><span>Part Number<\/span><strong>820-02100-A<\/strong><\/div>\n<\/div>\n<div class=\"aps-spec\">\n<div><span>Touch ID<\/span><strong>Inklusive und gekoppelt<\/strong><\/div>\n<\/div>\n<div class=\"aps-spec\">\n<div><span>K\u00fchlk\u00f6rper<\/span><strong>Nicht enthalten<\/strong><\/div>\n<\/div>\n<div class=\"aps-spec\">\n<div><span>Zustand<\/span><strong>Refurbished, gepr\u00fcft<\/strong><\/div>\n<\/div><\/div>\n<\/section>\n<section class=\"aps-card aps-callout aps-callout--warn\">\n<header class=\"aps-card__head\">\n<h2 class=\"aps-h\">Installation und Hinweise<\/h2>\n<p class=\"aps-sub\">Technische Hinweise f\u00fcr einen sicheren und professionellen Austausch.<\/p>\n<\/header>\n<p>\n      Der Austausch des Logicboards bei einem MacBook Pro A2485 ist ein Hochpr\u00e4zisionseingriff, der die fast vollst\u00e4ndige Demontage des Laptops erfordert. Es ist zwingend erforderlich, den Akku als allerersten Schritt \u00fcber die entsprechende Isolierlasche zu trennen, um fatale Kurzschl\u00fcsse an den Apple Silicon Komponenten zu vermeiden. Wir empfehlen Ihnen, beim Umgang mit den zahlreichen und empfindlichen Flachbandkabeln der Sensoren, des Displays und der Anschl\u00fcsse \u00e4usserste Vorsicht walten zu lassen. Da das Touch-ID-Modul mit dem Board gekoppelt ist, m\u00fcssen Sie auch die physische Taste auf der Tastatur ersetzen. Vor dem Wiedereinbau des Bel\u00fcftungssystems ist es unerl\u00e4sslich, hochwertige W\u00e4rmeleitpaste auf den M1 Pro Chip aufzutragen. Aufgrund der Komplexit\u00e4t der Verbindungen und des Vorhandenseins von Komponenten, die durch Software-Kalibrierungssysteme gesch\u00fctzt sind, kann die Hilfe eines erfahrenen Technikers sinnvoll sein, um eine korrekte Montage zu gew\u00e4hrleisten.\n    <\/p>\n<\/section>\n<section class=\"aps-card aps-callout aps-callout--info\">\n<header class=\"aps-card__head\">\n<h2 class=\"aps-h\">Sind Sie unsicher, ob dieses Ersatzteil das richtige ist?<\/h2>\n<p class=\"aps-sub\">Kontaktieren Sie uns f\u00fcr Unterst\u00fctzung bei der Auswahl des passenden Ersatzteils f\u00fcr Ihr Ger\u00e4t.<\/p>\n<\/header>\n<div class=\"aps-cta\">\n      <a class=\"aps-btn\" href=\"mailto:info@apfelspare.ch\">info@apfelspare.ch<\/a><br \/>\n      <span class=\"aps-cta__hint\">Senden Sie uns die Seriennummer Ihres MacBook Pro: Wir \u00fcberpr\u00fcfen die exakte Kompatibilit\u00e4t kurzfristig f\u00fcr Sie.<\/span>\n    <\/div>\n<\/section>\n<\/div>","protected":false},"excerpt":{"rendered":"<p>Logikkarte M1 Pro f\u00fcr MacBook Pro 16\u2033 A2485 (Late 2021). Kostenloser Versand in der Schweiz.<\/p>","protected":false},"featured_media":16234,"comment_status":"closed","ping_status":"closed","template":"","meta":{"_acf_changed":false,"_et_pb_use_builder":"","_et_pb_old_content":"","_et_gb_content_width":""},"product_brand":[],"product_cat":[181,67,17,19],"product_tag":[],"class_list":{"0":"post-16233","1":"product","2":"type-product","3":"status-publish","4":"has-post-thumbnail","6":"product_cat-schede-logiche","7":"product_cat-macbook-pro-16-late-2021-a2485","8":"product_cat-category-macbook-pro","9":"product_cat-parti-ricambio-seconda-mano","10":"product_shipping_class-14-giorni","12":"first","13":"onbackorder","14":"shipping-taxable","15":"purchasable","16":"product-type-variable"},"acf":[],"yoast_head":"<!-- This site is optimized with the Yoast SEO plugin v27.4 - https:\/\/yoast.com\/product\/yoast-seo-wordpress\/ -->\n<title>Scheda logica M1 Pro per MacBook Pro 16&quot; A2485 (Late 2021)<\/title>\n<meta name=\"description\" content=\"Scheda logica M1 Pro per MacBook Pro 16&quot; A2485 (Late 2021), part number 820-02100-A. Touch ID incluso, dissipatore escluso\" \/>\n<meta name=\"robots\" content=\"index, follow, max-snippet:-1, max-image-preview:large, max-video-preview:-1\" \/>\n<link rel=\"canonical\" href=\"https:\/\/tipicino.ch\/apfelspare\/de\/product\/logikkarte-m1-pro-macbook-pro-16-a2485-ende-2021\/\" \/>\n<meta property=\"og:locale\" content=\"de_DE\" \/>\n<meta property=\"og:type\" content=\"article\" \/>\n<meta property=\"og:title\" content=\"Scheda logica M1 Pro per MacBook Pro 16&quot; A2485 (Late 2021)\" \/>\n<meta property=\"og:description\" content=\"Scheda logica M1 Pro per MacBook Pro 16&quot; A2485 (Late 2021), part number 820-02100-A. Touch ID incluso, dissipatore escluso\" \/>\n<meta property=\"og:url\" content=\"https:\/\/tipicino.ch\/apfelspare\/de\/product\/logikkarte-m1-pro-macbook-pro-16-a2485-ende-2021\/\" \/>\n<meta property=\"og:site_name\" content=\"Ricambi MacBook Pro, MacBook Air e iMac in Svizzera \u2013 Display, Tastiere, Batterie, Trackpad\" \/>\n<meta property=\"article:modified_time\" content=\"2026-02-19T05:50:31+00:00\" \/>\n<meta property=\"og:image\" content=\"https:\/\/tipicino.ch\/apfelspare\/wp-content\/uploads\/2025\/07\/macbook-pro-16-a2485-late-2021.png\" \/>\n\t<meta property=\"og:image:width\" content=\"1000\" \/>\n\t<meta property=\"og:image:height\" content=\"1000\" \/>\n\t<meta property=\"og:image:type\" content=\"image\/png\" \/>\n<meta name=\"twitter:card\" content=\"summary_large_image\" \/>\n<meta name=\"twitter:label1\" content=\"Gesch\u00e4tzte Lesezeit\" \/>\n\t<meta name=\"twitter:data1\" content=\"3\u00a0Minuten\" \/>\n<!-- \/ Yoast SEO plugin. -->","yoast_head_json":{"title":"Logic Board M1 Pro f\u00fcr MacBook Pro 16\" A2485 (Late 2021)","description":"Logikkarte M1 Pro f\u00fcr MacBook Pro 16\" A2485 (Late 2021), Teilenummer 820-02100-A. Touch ID inklusive, K\u00fchlk\u00f6rper nicht enthalten.","robots":{"index":"index","follow":"follow","max-snippet":"max-snippet:-1","max-image-preview":"max-image-preview:large","max-video-preview":"max-video-preview:-1"},"canonical":"https:\/\/tipicino.ch\/apfelspare\/de\/product\/logikkarte-m1-pro-macbook-pro-16-a2485-ende-2021\/","og_locale":"de_DE","og_type":"article","og_title":"Scheda logica M1 Pro per MacBook Pro 16\" A2485 (Late 2021)","og_description":"Scheda logica M1 Pro per MacBook Pro 16\" A2485 (Late 2021), part number 820-02100-A. Touch ID incluso, dissipatore escluso","og_url":"https:\/\/tipicino.ch\/apfelspare\/de\/product\/logikkarte-m1-pro-macbook-pro-16-a2485-ende-2021\/","og_site_name":"Ricambi MacBook Pro, MacBook Air e iMac in Svizzera \u2013 Display, Tastiere, Batterie, Trackpad","article_modified_time":"2026-02-19T05:50:31+00:00","og_image":[{"width":1000,"height":1000,"url":"https:\/\/tipicino.ch\/apfelspare\/wp-content\/uploads\/2025\/07\/macbook-pro-16-a2485-late-2021.png","type":"image\/png"}],"twitter_card":"summary_large_image","twitter_misc":{"Gesch\u00e4tzte Lesezeit":"3\u00a0Minuten"},"schema":{"@context":"https:\/\/schema.org","@graph":[{"@type":"WebPage","@id":"https:\/\/tipicino.ch\/apfelspare\/de\/prodotto\/scheda-logica-m1-pro-macbook-pro-16-a2485-late-2021\/","url":"https:\/\/tipicino.ch\/apfelspare\/de\/prodotto\/scheda-logica-m1-pro-macbook-pro-16-a2485-late-2021\/","name":"Logic Board M1 Pro f\u00fcr MacBook Pro 16\" A2485 (Late 2021)","isPartOf":{"@id":"https:\/\/tipicino.ch\/apfelspare\/de\/#website"},"primaryImageOfPage":{"@id":"https:\/\/tipicino.ch\/apfelspare\/de\/prodotto\/scheda-logica-m1-pro-macbook-pro-16-a2485-late-2021\/#primaryimage"},"image":{"@id":"https:\/\/tipicino.ch\/apfelspare\/de\/prodotto\/scheda-logica-m1-pro-macbook-pro-16-a2485-late-2021\/#primaryimage"},"thumbnailUrl":"https:\/\/tipicino.ch\/apfelspare\/wp-content\/uploads\/2025\/07\/macbook-pro-16-a2485-late-2021.png","datePublished":"2025-07-09T04:45:25+00:00","dateModified":"2026-02-19T05:50:31+00:00","description":"Logikkarte M1 Pro f\u00fcr MacBook Pro 16\" A2485 (Late 2021), Teilenummer 820-02100-A. Touch ID inklusive, K\u00fchlk\u00f6rper nicht enthalten.","breadcrumb":{"@id":"https:\/\/tipicino.ch\/apfelspare\/de\/prodotto\/scheda-logica-m1-pro-macbook-pro-16-a2485-late-2021\/#breadcrumb"},"inLanguage":"de-CH","potentialAction":[{"@type":"ReadAction","target":["https:\/\/tipicino.ch\/apfelspare\/de\/prodotto\/scheda-logica-m1-pro-macbook-pro-16-a2485-late-2021\/"]}]},{"@type":"ImageObject","inLanguage":"de-CH","@id":"https:\/\/tipicino.ch\/apfelspare\/de\/prodotto\/scheda-logica-m1-pro-macbook-pro-16-a2485-late-2021\/#primaryimage","url":"https:\/\/tipicino.ch\/apfelspare\/wp-content\/uploads\/2025\/07\/macbook-pro-16-a2485-late-2021.png","contentUrl":"https:\/\/tipicino.ch\/apfelspare\/wp-content\/uploads\/2025\/07\/macbook-pro-16-a2485-late-2021.png","width":1000,"height":1000,"caption":"MacBook Pro 16\" A2485 (Late 2021)"},{"@type":"BreadcrumbList","@id":"https:\/\/tipicino.ch\/apfelspare\/de\/prodotto\/scheda-logica-m1-pro-macbook-pro-16-a2485-late-2021\/#breadcrumb","itemListElement":[{"@type":"ListItem","position":1,"name":"Home","item":"https:\/\/tipicino.ch\/apfelspare\/de\/"},{"@type":"ListItem","position":2,"name":"Shop","item":"https:\/\/tipicino.ch\/apfelspare\/de\/shop\/"},{"@type":"ListItem","position":3,"name":"Scheda logica M1 Pro per MacBook Pro 16&#8243; A2485 (Late 2021)"}]},{"@type":"WebSite","@id":"https:\/\/tipicino.ch\/apfelspare\/de\/#website","url":"https:\/\/tipicino.ch\/apfelspare\/de\/","name":"Ersatzteile f\u00fcr MacBook Pro, MacBook Air und iMac in der Schweiz \u2013 Display, Tastaturen, Batterien, Trackpads","description":"","publisher":{"@id":"https:\/\/tipicino.ch\/apfelspare\/de\/#organization"},"potentialAction":[{"@type":"SearchAction","target":{"@type":"EntryPoint","urlTemplate":"https:\/\/tipicino.ch\/apfelspare\/de\/?s={search_term_string}"},"query-input":{"@type":"PropertyValueSpecification","valueRequired":true,"valueName":"search_term_string"}}],"inLanguage":"de-CH"},{"@type":"Organization","@id":"https:\/\/tipicino.ch\/apfelspare\/de\/#organization","name":"tipicino.ch\/apfelspare","url":"https:\/\/tipicino.ch\/apfelspare\/de\/","logo":{"@type":"ImageObject","inLanguage":"de-CH","@id":"https:\/\/tipicino.ch\/apfelspare\/de\/#\/schema\/logo\/image\/","url":"https:\/\/tipicino.ch\/apfelspare\/wp-content\/uploads\/2025\/08\/cropped-FAVICON-tipicino.ch\/apfelspare_.png","contentUrl":"https:\/\/tipicino.ch\/apfelspare\/wp-content\/uploads\/2025\/08\/cropped-FAVICON-tipicino.ch\/apfelspare_.png","width":512,"height":512,"caption":"tipicino.ch\/apfelspare"},"image":{"@id":"https:\/\/tipicino.ch\/apfelspare\/de\/#\/schema\/logo\/image\/"}}]}},"_links":{"self":[{"href":"https:\/\/tipicino.ch\/apfelspare\/de\/wp-json\/wp\/v2\/product\/16233","targetHints":{"allow":["GET"]}}],"collection":[{"href":"https:\/\/tipicino.ch\/apfelspare\/de\/wp-json\/wp\/v2\/product"}],"about":[{"href":"https:\/\/tipicino.ch\/apfelspare\/de\/wp-json\/wp\/v2\/types\/product"}],"replies":[{"embeddable":true,"href":"https:\/\/tipicino.ch\/apfelspare\/de\/wp-json\/wp\/v2\/comments?post=16233"}],"wp:featuredmedia":[{"embeddable":true,"href":"https:\/\/tipicino.ch\/apfelspare\/de\/wp-json\/wp\/v2\/media\/16234"}],"wp:attachment":[{"href":"https:\/\/tipicino.ch\/apfelspare\/de\/wp-json\/wp\/v2\/media?parent=16233"}],"wp:term":[{"taxonomy":"product_brand","embeddable":true,"href":"https:\/\/tipicino.ch\/apfelspare\/de\/wp-json\/wp\/v2\/product_brand?post=16233"},{"taxonomy":"product_cat","embeddable":true,"href":"https:\/\/tipicino.ch\/apfelspare\/de\/wp-json\/wp\/v2\/product_cat?post=16233"},{"taxonomy":"product_tag","embeddable":true,"href":"https:\/\/tipicino.ch\/apfelspare\/de\/wp-json\/wp\/v2\/product_tag?post=16233"}],"curies":[{"name":"wp","href":"https:\/\/api.w.org\/{rel}","templated":true}]}}