{"id":16370,"date":"2025-07-10T06:00:21","date_gmt":"2025-07-10T06:00:21","guid":{"rendered":"https:\/\/tipicino.ch\/apfelspare\/?post_type=product&#038;p=16370"},"modified":"2026-02-14T18:20:27","modified_gmt":"2026-02-14T18:20:27","slug":"logikkarte-i5-1-4ghz-8gb-imac-21-5-a1418-mitte-2014-mf883ll-a","status":"publish","type":"product","link":"https:\/\/tipicino.ch\/apfelspare\/de\/prodotto\/scheda-logica-i5-1-4ghz-8gb-imac-21-5-a1418-mid-2014-mf883ll-a\/","title":{"rendered":"Logic Board f\u00fcr iMac 21,5\u2033 A1418 (Mid 2014)"},"content":{"rendered":"<div class=\"aps-pdp\">\n<section class=\"aps-card\">\n<header class=\"aps-card__head\">\n<h2 class=\"aps-h\">Logic Board f\u00fcr iMac 21,5\u2033 A1418 (Mid 2014)<\/h2>\n<p class=\"aps-sub\">Gepr\u00fcftes Original-Bauteil mit integrierter CPU und integriertem RAM. K\u00fchlk\u00f6rper ausgeschlossen.<\/p>\n<\/header>\n<p>\n      Falls Ihr 21,5-Zoll iMac von 2014 pl\u00f6tzliche Systemabst\u00fcrze, Startprobleme oder Fehler im Zusammenhang mit dem verl\u00f6teten Arbeitsspeicher aufweisen sollte, k\u00f6nnte der Austausch des Logic Boards die einzige endg\u00fcltige L\u00f6sung darstellen. Symptome dieser Art k\u00f6nnten auf einen Defekt der Hauptschaltkreise des urspr\u00fcnglichen Mainboards hindeuten; in diesen Situationen sollte der Einbau eines bereits gepr\u00fcften Ersatzteils es Ihnen erm\u00f6glichen, die volle Funktionsf\u00e4higkeit des Desktops wiederherzustellen. Diese Wahl ist ideal, um einen f\u00fcr allt\u00e4gliche Aufgaben immer noch zuverl\u00e4ssigen Computer zu retten und den Kauf einer neuen Maschine zu vermeiden.\n    <\/p>\n<p class=\"aps-note\">\n      <span class=\"aps-note__ico\">!<\/span><br \/>\n      <span class=\"aps-note__txt\"><strong>Achtung:<\/strong> Dieses Ersatzteil ist ausschliesslich mit dem Mid 2014-Modell (A1418) kompatibel. Es ist nicht mit Versionen kompatibel, die in anderen Jahren hergestellt wurden. \u00dcberpr\u00fcfen Sie, ob Ihre Kennung mit iMac14,4 \u00fcbereinstimmt.<\/span>\n    <\/p>\n<\/section>\n<section class=\"aps-card\">\n<header class=\"aps-card__head\">\n<h2 class=\"aps-h\">Unterst\u00fctztes Modell<\/h2>\n<p class=\"aps-sub\">\u00dcberpr\u00fcfen Sie die Kennung Ihres Macs, bevor Sie mit dem Kauf fortfahren.<\/p>\n<\/header>\n<ul class=\"aps-check\">\n<li><strong>iMac 21,5\" A1418 (Mid 2014)<\/strong> <span class=\"aps-badge\">iMac14.4<\/span><\/li>\n<\/ul>\n<\/section>\n<section class=\"aps-card\">\n<header class=\"aps-card__head\">\n<h2 class=\"aps-h\">Technische Konfiguration<\/h2>\n<p class=\"aps-sub\">In das Logic Board integrierte Hardware-Spezifikationen.<\/p>\n<\/header>\n<div style=\"border: 1px solid #ddd; padding: 15px; border-radius: 8px;\">\n<p><strong>MF883LL\/A<\/strong><\/p>\n<div class=\"aps-specgrid\">\n<div class=\"aps-spec\">\n<div><span>Prozessor<\/span><strong>Intel Core i5 1.4GHz<\/strong><\/div>\n<\/div>\n<div class=\"aps-spec\">\n<div><span>RAM<\/span><strong>8 GB (Integriert)<\/strong><\/div>\n<\/div>\n<div class=\"aps-spec\">\n<div><span>PCIe-Steckpl\u00e4tze<\/span><strong>Nicht verf\u00fcgbar<\/strong><\/div>\n<\/div>\n<div class=\"aps-spec\">\n<div><span>Zustand<\/span><strong>Refurbished und getestet<\/strong><\/div>\n<\/div>\n<div class=\"aps-spec\">\n<div><span>K\u00fchlk\u00f6rper<\/span><strong>Nicht enthalten<\/strong><\/div>\n<\/div>\n<div class=\"aps-spec\">\n<div><span>Konfiguration<\/span><strong>Mehrere Varianten verf\u00fcgbar<\/strong><\/div>\n<\/div><\/div>\n<\/p><\/div>\n<p style=\"margin-top:15px; font-size: 0.85em; color: #555;\">\n      * Hinweis: Die K\u00fchleinheit ist nicht vorhanden und muss von der alten Platine \u00fcbernommen werden. RAM und CPU sind fest verl\u00f6tet und k\u00f6nnen nicht einzeln erweitert oder ausgetauscht werden.\n    <\/p>\n<\/section>\n<section class=\"aps-card aps-callout aps-callout--warn\">\n<header class=\"aps-card__head\">\n<h2 class=\"aps-h\">Installation und Hinweise<\/h2>\n<p class=\"aps-sub\">Der Eingriff erfordert das \u00d6ffnen der Displayversiegelung.<\/p>\n<\/header>\n<p>\n      Der Austausch des Logic Boards bei diesem iMac erfordert das Abl\u00f6sen der Frontplatte und den Umgang mit sehr empfindlichen Sensorkabeln. Um nicht zu riskieren, das Display oder die internen Komponenten w\u00e4hrend der Montage zu besch\u00e4digen, wird dringend empfohlen, die Arbeit einem erfahrenen Techniker anzuvertrauen. Das Ersatzteil wird einbaubereit f\u00fcr die Installation im Originalgeh\u00e4use geliefert.\n    <\/p>\n<\/section>\n<section class=\"aps-card aps-callout aps-callout--info\">\n<header class=\"aps-card__head\">\n<h2 class=\"aps-h\">Zweifel an der Kompatibilit\u00e4t?<\/h2>\n<p class=\"aps-sub\">Wir helfen Ihnen dabei, das korrekte Ersatzteil zu finden.<\/p>\n<\/header>\n<div class=\"aps-cta\">\n      <a class=\"aps-btn\" href=\"mailto:info@apfelspare.ch\">info@apfelspare.ch<\/a><br \/>\n      <span class=\"aps-cta__hint\">Senden Sie uns die Seriennummer Ihres iMacs f\u00fcr eine sofortige technische \u00dcberpr\u00fcfung.<\/span>\n    <\/div>\n<\/section>\n<\/div>","protected":false},"excerpt":{"rendered":"<p>Logic Board i5 1.4GHz 8 GB f\u00fcr iMac 21.5\u2033 A1418 (Mid 2014), Modell MF883LL\/A. RAM integriert, K\u00fchlk\u00f6rper nicht enthalten. Kostenloser Versand innerhalb der Schweiz<\/p>","protected":false},"featured_media":16371,"comment_status":"closed","ping_status":"closed","template":"","meta":{"_acf_changed":false,"_et_pb_use_builder":"","_et_pb_old_content":"","_et_gb_content_width":""},"product_brand":[],"product_cat":[181,22,153,19],"product_tag":[],"class_list":{"0":"post-16370","1":"product","2":"type-product","3":"status-publish","4":"has-post-thumbnail","6":"product_cat-schede-logiche","7":"product_cat-category-imac","8":"product_cat-imac-21-5-mid-2014-a1418","9":"product_cat-parti-ricambio-seconda-mano","11":"first","12":"onbackorder","13":"shipping-taxable","14":"purchasable","15":"product-type-simple"},"acf":[],"yoast_head":"<!-- This site is optimized with the Yoast SEO plugin v27.4 - https:\/\/yoast.com\/product\/yoast-seo-wordpress\/ -->\n<title>Scheda logica i5 1.4GHz 8GB iMac 21.5&quot; A1418 (Mid 2014) \u2013 MF883LL\/A<\/title>\n<meta name=\"description\" content=\"Scheda logica i5 1.4GHz 8GB per iMac 21.5&quot; A1418 (Mid 2014), modello MF883LL\/A. RAM integrata, dissipatore non incluso. Spedizioni gratuite in Svizzera\" \/>\n<meta name=\"robots\" content=\"index, follow, max-snippet:-1, max-image-preview:large, max-video-preview:-1\" \/>\n<link rel=\"canonical\" href=\"https:\/\/tipicino.ch\/apfelspare\/de\/product\/logikkarte-i5-1-4ghz-8gb-imac-21-5-a1418-mitte-2014-mf883ll-a\/\" \/>\n<meta property=\"og:locale\" content=\"de_DE\" \/>\n<meta property=\"og:type\" content=\"article\" \/>\n<meta property=\"og:title\" content=\"Scheda logica i5 1.4GHz 8GB iMac 21.5&quot; A1418 (Mid 2014) \u2013 MF883LL\/A\" \/>\n<meta property=\"og:description\" content=\"Scheda logica i5 1.4GHz 8GB per iMac 21.5&quot; A1418 (Mid 2014), modello MF883LL\/A. RAM integrata, dissipatore non incluso. Spedizioni gratuite in Svizzera\" \/>\n<meta property=\"og:url\" content=\"https:\/\/tipicino.ch\/apfelspare\/de\/product\/logikkarte-i5-1-4ghz-8gb-imac-21-5-a1418-mitte-2014-mf883ll-a\/\" \/>\n<meta property=\"og:site_name\" content=\"Ricambi MacBook Pro, MacBook Air e iMac in Svizzera \u2013 Display, Tastiere, Batterie, Trackpad\" \/>\n<meta property=\"article:modified_time\" content=\"2026-02-14T18:20:27+00:00\" \/>\n<meta property=\"og:image\" content=\"https:\/\/tipicino.ch\/apfelspare\/wp-content\/uploads\/2025\/07\/iMac-A1418-Mid2014.png\" \/>\n\t<meta property=\"og:image:width\" content=\"1000\" \/>\n\t<meta property=\"og:image:height\" content=\"1000\" \/>\n\t<meta property=\"og:image:type\" content=\"image\/png\" \/>\n<meta name=\"twitter:card\" content=\"summary_large_image\" \/>\n<meta name=\"twitter:label1\" content=\"Gesch\u00e4tzte Lesezeit\" \/>\n\t<meta name=\"twitter:data1\" content=\"2\u00a0Minuten\" \/>\n<!-- \/ Yoast SEO plugin. -->","yoast_head_json":{"title":"Logic Board f\u00fcr iMac 21,5\u2033 A1418 (Mid 2014) - MF883LL\/A","description":"Logic Board i5 1.4GHz 8 GB f\u00fcr iMac 21.5\" A1418 (Mid 2014), Modell MF883LL\/A. RAM integriert, K\u00fchlk\u00f6rper nicht enthalten. Kostenloser Versand innerhalb der Schweiz","robots":{"index":"index","follow":"follow","max-snippet":"max-snippet:-1","max-image-preview":"max-image-preview:large","max-video-preview":"max-video-preview:-1"},"canonical":"https:\/\/tipicino.ch\/apfelspare\/de\/product\/logikkarte-i5-1-4ghz-8gb-imac-21-5-a1418-mitte-2014-mf883ll-a\/","og_locale":"de_DE","og_type":"article","og_title":"Scheda logica i5 1.4GHz 8GB iMac 21.5\" A1418 (Mid 2014) \u2013 MF883LL\/A","og_description":"Scheda logica i5 1.4GHz 8GB per iMac 21.5\" A1418 (Mid 2014), modello MF883LL\/A. RAM integrata, dissipatore non incluso. Spedizioni gratuite in Svizzera","og_url":"https:\/\/tipicino.ch\/apfelspare\/de\/product\/logikkarte-i5-1-4ghz-8gb-imac-21-5-a1418-mitte-2014-mf883ll-a\/","og_site_name":"Ricambi MacBook Pro, MacBook Air e iMac in Svizzera \u2013 Display, Tastiere, Batterie, Trackpad","article_modified_time":"2026-02-14T18:20:27+00:00","og_image":[{"width":1000,"height":1000,"url":"https:\/\/tipicino.ch\/apfelspare\/wp-content\/uploads\/2025\/07\/iMac-A1418-Mid2014.png","type":"image\/png"}],"twitter_card":"summary_large_image","twitter_misc":{"Gesch\u00e4tzte Lesezeit":"2\u00a0Minuten"},"schema":{"@context":"https:\/\/schema.org","@graph":[{"@type":"WebPage","@id":"https:\/\/tipicino.ch\/apfelspare\/de\/prodotto\/scheda-logica-i5-1-4ghz-8gb-imac-21-5-a1418-mid-2014-mf883ll-a\/","url":"https:\/\/tipicino.ch\/apfelspare\/de\/prodotto\/scheda-logica-i5-1-4ghz-8gb-imac-21-5-a1418-mid-2014-mf883ll-a\/","name":"Logic Board f\u00fcr iMac 21,5\u2033 A1418 (Mid 2014) - MF883LL\/A","isPartOf":{"@id":"https:\/\/tipicino.ch\/apfelspare\/de\/#website"},"primaryImageOfPage":{"@id":"https:\/\/tipicino.ch\/apfelspare\/de\/prodotto\/scheda-logica-i5-1-4ghz-8gb-imac-21-5-a1418-mid-2014-mf883ll-a\/#primaryimage"},"image":{"@id":"https:\/\/tipicino.ch\/apfelspare\/de\/prodotto\/scheda-logica-i5-1-4ghz-8gb-imac-21-5-a1418-mid-2014-mf883ll-a\/#primaryimage"},"thumbnailUrl":"https:\/\/tipicino.ch\/apfelspare\/wp-content\/uploads\/2025\/07\/iMac-A1418-Mid2014.png","datePublished":"2025-07-10T06:00:21+00:00","dateModified":"2026-02-14T18:20:27+00:00","description":"Logic Board i5 1.4GHz 8 GB f\u00fcr iMac 21.5\" A1418 (Mid 2014), Modell MF883LL\/A. RAM integriert, K\u00fchlk\u00f6rper nicht enthalten. Kostenloser Versand innerhalb der Schweiz","breadcrumb":{"@id":"https:\/\/tipicino.ch\/apfelspare\/de\/prodotto\/scheda-logica-i5-1-4ghz-8gb-imac-21-5-a1418-mid-2014-mf883ll-a\/#breadcrumb"},"inLanguage":"de-CH","potentialAction":[{"@type":"ReadAction","target":["https:\/\/tipicino.ch\/apfelspare\/de\/prodotto\/scheda-logica-i5-1-4ghz-8gb-imac-21-5-a1418-mid-2014-mf883ll-a\/"]}]},{"@type":"ImageObject","inLanguage":"de-CH","@id":"https:\/\/tipicino.ch\/apfelspare\/de\/prodotto\/scheda-logica-i5-1-4ghz-8gb-imac-21-5-a1418-mid-2014-mf883ll-a\/#primaryimage","url":"https:\/\/tipicino.ch\/apfelspare\/wp-content\/uploads\/2025\/07\/iMac-A1418-Mid2014.png","contentUrl":"https:\/\/tipicino.ch\/apfelspare\/wp-content\/uploads\/2025\/07\/iMac-A1418-Mid2014.png","width":1000,"height":1000,"caption":"iMac 21.5\" A1418 Mid 2014"},{"@type":"BreadcrumbList","@id":"https:\/\/tipicino.ch\/apfelspare\/de\/prodotto\/scheda-logica-i5-1-4ghz-8gb-imac-21-5-a1418-mid-2014-mf883ll-a\/#breadcrumb","itemListElement":[{"@type":"ListItem","position":1,"name":"Home","item":"https:\/\/tipicino.ch\/apfelspare\/de\/"},{"@type":"ListItem","position":2,"name":"Shop","item":"https:\/\/tipicino.ch\/apfelspare\/de\/shop\/"},{"@type":"ListItem","position":3,"name":"Scheda logica per iMac 21.5&#8243; A1418 (Mid 2014)"}]},{"@type":"WebSite","@id":"https:\/\/tipicino.ch\/apfelspare\/de\/#website","url":"https:\/\/tipicino.ch\/apfelspare\/de\/","name":"Ersatzteile f\u00fcr MacBook Pro, MacBook Air und iMac in der Schweiz \u2013 Display, Tastaturen, Batterien, Trackpads","description":"","publisher":{"@id":"https:\/\/tipicino.ch\/apfelspare\/de\/#organization"},"potentialAction":[{"@type":"SearchAction","target":{"@type":"EntryPoint","urlTemplate":"https:\/\/tipicino.ch\/apfelspare\/de\/?s={search_term_string}"},"query-input":{"@type":"PropertyValueSpecification","valueRequired":true,"valueName":"search_term_string"}}],"inLanguage":"de-CH"},{"@type":"Organization","@id":"https:\/\/tipicino.ch\/apfelspare\/de\/#organization","name":"tipicino.ch\/apfelspare","url":"https:\/\/tipicino.ch\/apfelspare\/de\/","logo":{"@type":"ImageObject","inLanguage":"de-CH","@id":"https:\/\/tipicino.ch\/apfelspare\/de\/#\/schema\/logo\/image\/","url":"https:\/\/tipicino.ch\/apfelspare\/wp-content\/uploads\/2025\/08\/cropped-FAVICON-tipicino.ch\/apfelspare_.png","contentUrl":"https:\/\/tipicino.ch\/apfelspare\/wp-content\/uploads\/2025\/08\/cropped-FAVICON-tipicino.ch\/apfelspare_.png","width":512,"height":512,"caption":"tipicino.ch\/apfelspare"},"image":{"@id":"https:\/\/tipicino.ch\/apfelspare\/de\/#\/schema\/logo\/image\/"}}]}},"_links":{"self":[{"href":"https:\/\/tipicino.ch\/apfelspare\/de\/wp-json\/wp\/v2\/product\/16370","targetHints":{"allow":["GET"]}}],"collection":[{"href":"https:\/\/tipicino.ch\/apfelspare\/de\/wp-json\/wp\/v2\/product"}],"about":[{"href":"https:\/\/tipicino.ch\/apfelspare\/de\/wp-json\/wp\/v2\/types\/product"}],"replies":[{"embeddable":true,"href":"https:\/\/tipicino.ch\/apfelspare\/de\/wp-json\/wp\/v2\/comments?post=16370"}],"wp:featuredmedia":[{"embeddable":true,"href":"https:\/\/tipicino.ch\/apfelspare\/de\/wp-json\/wp\/v2\/media\/16371"}],"wp:attachment":[{"href":"https:\/\/tipicino.ch\/apfelspare\/de\/wp-json\/wp\/v2\/media?parent=16370"}],"wp:term":[{"taxonomy":"product_brand","embeddable":true,"href":"https:\/\/tipicino.ch\/apfelspare\/de\/wp-json\/wp\/v2\/product_brand?post=16370"},{"taxonomy":"product_cat","embeddable":true,"href":"https:\/\/tipicino.ch\/apfelspare\/de\/wp-json\/wp\/v2\/product_cat?post=16370"},{"taxonomy":"product_tag","embeddable":true,"href":"https:\/\/tipicino.ch\/apfelspare\/de\/wp-json\/wp\/v2\/product_tag?post=16370"}],"curies":[{"name":"wp","href":"https:\/\/api.w.org\/{rel}","templated":true}]}}