{"id":16379,"date":"2025-07-10T07:57:44","date_gmt":"2025-07-10T07:57:44","guid":{"rendered":"https:\/\/tipicino.ch\/apfelspare\/?post_type=product&#038;p=16379"},"modified":"2026-02-14T18:12:24","modified_gmt":"2026-02-14T18:12:24","slug":"logikkarte-imac-21-5-a1418-ende-2015-2k","status":"publish","type":"product","link":"https:\/\/tipicino.ch\/apfelspare\/de\/prodotto\/scheda-logica-imac-21-5-a1418-late-2015-2k\/","title":{"rendered":"Logic Board f\u00fcr iMac 21,5\u2033 A1418 (Late 2015 2K)"},"content":{"rendered":"<div class=\"aps-pdp\">\n<section class=\"aps-card\">\n<header class=\"aps-card__head\">\n<h2 class=\"aps-h\">Logic Board f\u00fcr iMac 21,5\u2033 A1418 (Late 2015 2K)<\/h2>\n<p class=\"aps-sub\">Gepr\u00fcftes Original-Bauteil mit i5 2.8GHz CPU. K\u00fchlk\u00f6rper ausgeschlossen.<\/p>\n<\/header>\n<p>\n      Falls Ihr 21,5-Zoll iMac von 2015 (2K-Version) Symptome wie Systemabst\u00fcrze beim Start, Fehler am integrierten RAM aufweisen sollte oder gar kein Lebenszeichen mehr von sich gibt, k\u00f6nnte der Austausch des Mainboards die richtige L\u00f6sung sein. Solche Defekte k\u00f6nnten auf elektrischen Verschleiss oder Fehler an den verl\u00f6teten Komponenten zur\u00fcckzuf\u00fchren sein; in diesen F\u00e4llen sollte der Einbau eines bereits auf dem Pr\u00fcfstand getesteten Original-Ersatzteils es Ihnen erm\u00f6glichen, die volle Funktionsf\u00e4higkeit des Computers wiederherzustellen. Diese Wahl k\u00f6nnte ideal sein, um einen f\u00fcr allt\u00e4gliche Aufgaben immer noch sehr leistungsstarken Desktop nicht ausmustern zu m\u00fcssen.\n    <\/p>\n<p class=\"aps-note\">\n      <span class=\"aps-note__ico\">!<\/span><br \/>\n      <span class=\"aps-note__txt\"><strong>Achtung:<\/strong> Dieses Board ist spezifisch f\u00fcr die 2K-Variante der Kennung iMac16,2. Es ist weder mit der 4K-Version (iMac16,2) noch mit dem Modell iMac16,1 kompatibel.<\/span>\n    <\/p>\n<\/section>\n<section class=\"aps-card\">\n<header class=\"aps-card__head\">\n<h2 class=\"aps-h\">Unterst\u00fctztes Modell<\/h2>\n<p class=\"aps-sub\">\u00dcberpr\u00fcfen Sie vor dem Kauf die Modellidentifikation.<\/p>\n<\/header>\n<ul class=\"aps-check\">\n<li><strong>iMac 21,5\" A1418 (Late 2015 2K)<\/strong> <span class=\"aps-badge\">iMac16.2<\/span><\/li>\n<\/ul>\n<\/section>\n<section class=\"aps-card\">\n<header class=\"aps-card__head\">\n<h2 class=\"aps-h\">Technische Konfiguration<\/h2>\n<p class=\"aps-sub\">Spezifikationen des Logic Boards und verf\u00fcgbare Varianten.<\/p>\n<\/header>\n<div style=\"border: 1px solid #ddd; padding: 15px; border-radius: 8px;\">\n<p><strong>MK442LL\/A<\/strong><\/p>\n<div class=\"aps-specgrid\">\n<div class=\"aps-spec\">\n<div><span>Prozessor<\/span><strong>Intel Core i5 2.8GHz<\/strong><\/div>\n<\/div>\n<div class=\"aps-spec\">\n<div><span>RAM<\/span><strong>8GB \/ 16GB (integriert)<\/strong><\/div>\n<\/div>\n<div class=\"aps-spec\">\n<div><span>PCIe-Anschluss<\/span><strong>Nicht vorhanden<\/strong><\/div>\n<\/div>\n<div class=\"aps-spec\">\n<div><span>Part Number<\/span><strong>820-00431-A<\/strong><\/div>\n<\/div>\n<div class=\"aps-spec\">\n<div><span>Zustand<\/span><strong>Refurbished und getestet<\/strong><\/div>\n<\/div>\n<div class=\"aps-spec\">\n<div><span>Konfiguration<\/span><strong>Mehrere Varianten verf\u00fcgbar<\/strong><\/div>\n<\/div><\/div>\n<\/p><\/div>\n<p style=\"margin-top:15px; font-size: 0.85em; color: #555;\">\n      * Hinweis: Die K\u00fchleinheit ist nicht im Lieferumfang enthalten. Das Ersatzteil ist nur mit dem A1418-Geh\u00e4use und der 2K-Bildschirmkonfiguration kompatibel.\n    <\/p>\n<\/section>\n<section class=\"aps-card aps-callout aps-callout--warn\">\n<header class=\"aps-card__head\">\n<h2 class=\"aps-h\">Installation und Hinweise<\/h2>\n<p class=\"aps-sub\">Der Eingriff durch einen qualifizierten Techniker wird empfohlen.<\/p>\n<\/header>\n<p>\n      Der Austausch des Logic Boards bei diesem iMac erfordert das Abl\u00f6sen des Bildschirms und den Ausbau sehr empfindlicher interner Komponenten. Um nicht zu riskieren, das Display oder empfindliche Steckverbindungen zu besch\u00e4digen, sollte der Eingriff von einem erfahrenen Techniker durchgef\u00fchrt werden. Das Ersatzteil wird einbaubereit geliefert.\n    <\/p>\n<\/section>\n<section class=\"aps-card aps-callout aps-callout--info\">\n<header class=\"aps-card__head\">\n<h2 class=\"aps-h\">Zweifel an der Kompatibilit\u00e4t?<\/h2>\n<p class=\"aps-sub\">Wir helfen Ihnen dabei, das richtige Board zu identifizieren.<\/p>\n<\/header>\n<div class=\"aps-cta\">\n      <a class=\"aps-btn\" href=\"mailto:info@apfelspare.ch\">info@apfelspare.ch<\/a><br \/>\n      <span class=\"aps-cta__hint\">Senden Sie uns die Seriennummer Ihres iMacs f\u00fcr eine sofortige \u00dcberpr\u00fcfung.<\/span>\n    <\/div>\n<\/section>\n<\/div>","protected":false},"excerpt":{"rendered":"<p>Logikkarte iMac 21,5\u2033 A1418 (Late 2015 2K) mit i5 2,8 GHz und integriertem RAM. K\u00fchlk\u00f6rper nicht im Lieferumfang enthalten. Nicht kompatibel mit der 4K-Version. Kostenloser Versand in der Schweiz.<\/p>","protected":false},"featured_media":16378,"comment_status":"closed","ping_status":"closed","template":"","meta":{"_acf_changed":false,"_et_pb_use_builder":"","_et_pb_old_content":"","_et_gb_content_width":""},"product_brand":[],"product_cat":[181,154,22,19],"product_tag":[],"class_list":{"0":"post-16379","1":"product","2":"type-product","3":"status-publish","4":"has-post-thumbnail","6":"product_cat-schede-logiche","7":"product_cat-imac-21-5-late-2015-a1418","8":"product_cat-category-imac","9":"product_cat-parti-ricambio-seconda-mano","11":"first","12":"onbackorder","13":"shipping-taxable","14":"purchasable","15":"product-type-variable"},"acf":[],"yoast_head":"<!-- This site is optimized with the Yoast SEO plugin v27.4 - https:\/\/yoast.com\/product\/yoast-seo-wordpress\/ -->\n<title>Scheda logica i5 2.8GHz iMac 21.5&quot; A1418 (Late 2015 2K)<\/title>\n<meta name=\"description\" content=\"Scheda logica iMac 21.5&quot; A1418 (Late 2015 2K) con i5 2.8GHz e RAM integrata. Dissipatore non incluso. Spedizioni gratuite in Svizzera\" \/>\n<meta name=\"robots\" content=\"index, follow, max-snippet:-1, max-image-preview:large, max-video-preview:-1\" \/>\n<link rel=\"canonical\" href=\"https:\/\/tipicino.ch\/apfelspare\/de\/product\/logikkarte-imac-21-5-a1418-ende-2015-2k\/\" \/>\n<meta property=\"og:locale\" content=\"de_DE\" \/>\n<meta property=\"og:type\" content=\"article\" \/>\n<meta property=\"og:title\" content=\"Scheda logica i5 2.8GHz iMac 21.5&quot; A1418 (Late 2015 2K)\" \/>\n<meta property=\"og:description\" content=\"Scheda logica iMac 21.5&quot; A1418 (Late 2015 2K) con i5 2.8GHz e RAM integrata. Dissipatore non incluso. Spedizioni gratuite in Svizzera\" \/>\n<meta property=\"og:url\" content=\"https:\/\/tipicino.ch\/apfelspare\/de\/product\/logikkarte-imac-21-5-a1418-ende-2015-2k\/\" \/>\n<meta property=\"og:site_name\" content=\"Ricambi MacBook Pro, MacBook Air e iMac in Svizzera \u2013 Display, Tastiere, Batterie, Trackpad\" \/>\n<meta property=\"article:modified_time\" content=\"2026-02-14T18:12:24+00:00\" \/>\n<meta property=\"og:image\" content=\"https:\/\/tipicino.ch\/apfelspare\/wp-content\/uploads\/2025\/07\/iMac-A1418-Late2015-2K.png\" \/>\n\t<meta property=\"og:image:width\" content=\"1000\" \/>\n\t<meta property=\"og:image:height\" content=\"1000\" \/>\n\t<meta property=\"og:image:type\" content=\"image\/png\" \/>\n<meta name=\"twitter:card\" content=\"summary_large_image\" \/>\n<meta name=\"twitter:label1\" content=\"Gesch\u00e4tzte Lesezeit\" \/>\n\t<meta name=\"twitter:data1\" content=\"2\u00a0Minuten\" \/>\n<!-- \/ Yoast SEO plugin. -->","yoast_head_json":{"title":"Logic Board f\u00fcr iMac 21,5\u2033 A1418 (Late 2015 2K)","description":"Logikkarte iMac 21,5\" A1418 (Late 2015 2K) mit i5 2,8 GHz und integriertem RAM. K\u00fchlk\u00f6rper nicht enthalten. Kostenloser Versand in der Schweiz.","robots":{"index":"index","follow":"follow","max-snippet":"max-snippet:-1","max-image-preview":"max-image-preview:large","max-video-preview":"max-video-preview:-1"},"canonical":"https:\/\/tipicino.ch\/apfelspare\/de\/product\/logikkarte-imac-21-5-a1418-ende-2015-2k\/","og_locale":"de_DE","og_type":"article","og_title":"Scheda logica i5 2.8GHz iMac 21.5\" A1418 (Late 2015 2K)","og_description":"Scheda logica iMac 21.5\" A1418 (Late 2015 2K) con i5 2.8GHz e RAM integrata. Dissipatore non incluso. Spedizioni gratuite in Svizzera","og_url":"https:\/\/tipicino.ch\/apfelspare\/de\/product\/logikkarte-imac-21-5-a1418-ende-2015-2k\/","og_site_name":"Ricambi MacBook Pro, MacBook Air e iMac in Svizzera \u2013 Display, Tastiere, Batterie, Trackpad","article_modified_time":"2026-02-14T18:12:24+00:00","og_image":[{"width":1000,"height":1000,"url":"https:\/\/tipicino.ch\/apfelspare\/wp-content\/uploads\/2025\/07\/iMac-A1418-Late2015-2K.png","type":"image\/png"}],"twitter_card":"summary_large_image","twitter_misc":{"Gesch\u00e4tzte Lesezeit":"2\u00a0Minuten"},"schema":{"@context":"https:\/\/schema.org","@graph":[{"@type":"WebPage","@id":"https:\/\/tipicino.ch\/apfelspare\/de\/prodotto\/scheda-logica-imac-21-5-a1418-late-2015-2k\/","url":"https:\/\/tipicino.ch\/apfelspare\/de\/prodotto\/scheda-logica-imac-21-5-a1418-late-2015-2k\/","name":"Logic Board f\u00fcr iMac 21,5\u2033 A1418 (Late 2015 2K)","isPartOf":{"@id":"https:\/\/tipicino.ch\/apfelspare\/de\/#website"},"primaryImageOfPage":{"@id":"https:\/\/tipicino.ch\/apfelspare\/de\/prodotto\/scheda-logica-imac-21-5-a1418-late-2015-2k\/#primaryimage"},"image":{"@id":"https:\/\/tipicino.ch\/apfelspare\/de\/prodotto\/scheda-logica-imac-21-5-a1418-late-2015-2k\/#primaryimage"},"thumbnailUrl":"https:\/\/tipicino.ch\/apfelspare\/wp-content\/uploads\/2025\/07\/iMac-A1418-Late2015-2K.png","datePublished":"2025-07-10T07:57:44+00:00","dateModified":"2026-02-14T18:12:24+00:00","description":"Logikkarte iMac 21,5\" A1418 (Late 2015 2K) mit i5 2,8 GHz und integriertem RAM. K\u00fchlk\u00f6rper nicht enthalten. Kostenloser Versand in der Schweiz.","breadcrumb":{"@id":"https:\/\/tipicino.ch\/apfelspare\/de\/prodotto\/scheda-logica-imac-21-5-a1418-late-2015-2k\/#breadcrumb"},"inLanguage":"de-CH","potentialAction":[{"@type":"ReadAction","target":["https:\/\/tipicino.ch\/apfelspare\/de\/prodotto\/scheda-logica-imac-21-5-a1418-late-2015-2k\/"]}]},{"@type":"ImageObject","inLanguage":"de-CH","@id":"https:\/\/tipicino.ch\/apfelspare\/de\/prodotto\/scheda-logica-imac-21-5-a1418-late-2015-2k\/#primaryimage","url":"https:\/\/tipicino.ch\/apfelspare\/wp-content\/uploads\/2025\/07\/iMac-A1418-Late2015-2K.png","contentUrl":"https:\/\/tipicino.ch\/apfelspare\/wp-content\/uploads\/2025\/07\/iMac-A1418-Late2015-2K.png","width":1000,"height":1000,"caption":"iMac 21.5\" A1418 Late 2015 2K"},{"@type":"BreadcrumbList","@id":"https:\/\/tipicino.ch\/apfelspare\/de\/prodotto\/scheda-logica-imac-21-5-a1418-late-2015-2k\/#breadcrumb","itemListElement":[{"@type":"ListItem","position":1,"name":"Home","item":"https:\/\/tipicino.ch\/apfelspare\/de\/"},{"@type":"ListItem","position":2,"name":"Shop","item":"https:\/\/tipicino.ch\/apfelspare\/de\/shop\/"},{"@type":"ListItem","position":3,"name":"Scheda logica per iMac 21.5&#8243; A1418 (Late 2015 2K)"}]},{"@type":"WebSite","@id":"https:\/\/tipicino.ch\/apfelspare\/de\/#website","url":"https:\/\/tipicino.ch\/apfelspare\/de\/","name":"Ersatzteile f\u00fcr MacBook Pro, MacBook Air und iMac in der Schweiz \u2013 Display, Tastaturen, Batterien, Trackpads","description":"","publisher":{"@id":"https:\/\/tipicino.ch\/apfelspare\/de\/#organization"},"potentialAction":[{"@type":"SearchAction","target":{"@type":"EntryPoint","urlTemplate":"https:\/\/tipicino.ch\/apfelspare\/de\/?s={search_term_string}"},"query-input":{"@type":"PropertyValueSpecification","valueRequired":true,"valueName":"search_term_string"}}],"inLanguage":"de-CH"},{"@type":"Organization","@id":"https:\/\/tipicino.ch\/apfelspare\/de\/#organization","name":"tipicino.ch\/apfelspare","url":"https:\/\/tipicino.ch\/apfelspare\/de\/","logo":{"@type":"ImageObject","inLanguage":"de-CH","@id":"https:\/\/tipicino.ch\/apfelspare\/de\/#\/schema\/logo\/image\/","url":"https:\/\/tipicino.ch\/apfelspare\/wp-content\/uploads\/2025\/08\/cropped-FAVICON-tipicino.ch\/apfelspare_.png","contentUrl":"https:\/\/tipicino.ch\/apfelspare\/wp-content\/uploads\/2025\/08\/cropped-FAVICON-tipicino.ch\/apfelspare_.png","width":512,"height":512,"caption":"tipicino.ch\/apfelspare"},"image":{"@id":"https:\/\/tipicino.ch\/apfelspare\/de\/#\/schema\/logo\/image\/"}}]}},"_links":{"self":[{"href":"https:\/\/tipicino.ch\/apfelspare\/de\/wp-json\/wp\/v2\/product\/16379","targetHints":{"allow":["GET"]}}],"collection":[{"href":"https:\/\/tipicino.ch\/apfelspare\/de\/wp-json\/wp\/v2\/product"}],"about":[{"href":"https:\/\/tipicino.ch\/apfelspare\/de\/wp-json\/wp\/v2\/types\/product"}],"replies":[{"embeddable":true,"href":"https:\/\/tipicino.ch\/apfelspare\/de\/wp-json\/wp\/v2\/comments?post=16379"}],"wp:featuredmedia":[{"embeddable":true,"href":"https:\/\/tipicino.ch\/apfelspare\/de\/wp-json\/wp\/v2\/media\/16378"}],"wp:attachment":[{"href":"https:\/\/tipicino.ch\/apfelspare\/de\/wp-json\/wp\/v2\/media?parent=16379"}],"wp:term":[{"taxonomy":"product_brand","embeddable":true,"href":"https:\/\/tipicino.ch\/apfelspare\/de\/wp-json\/wp\/v2\/product_brand?post=16379"},{"taxonomy":"product_cat","embeddable":true,"href":"https:\/\/tipicino.ch\/apfelspare\/de\/wp-json\/wp\/v2\/product_cat?post=16379"},{"taxonomy":"product_tag","embeddable":true,"href":"https:\/\/tipicino.ch\/apfelspare\/de\/wp-json\/wp\/v2\/product_tag?post=16379"}],"curies":[{"name":"wp","href":"https:\/\/api.w.org\/{rel}","templated":true}]}}