{"id":16386,"date":"2025-07-10T08:53:51","date_gmt":"2025-07-10T08:53:51","guid":{"rendered":"https:\/\/tipicino.ch\/apfelspare\/?post_type=product&#038;p=16386"},"modified":"2026-02-14T18:07:13","modified_gmt":"2026-02-14T18:07:13","slug":"logikkarte-imac-21-5-a2116-anfang-2019","status":"publish","type":"product","link":"https:\/\/tipicino.ch\/apfelspare\/de\/prodotto\/scheda-logica-imac-21-5-a2116-early-2019\/","title":{"rendered":"Logic Board f\u00fcr iMac 21,5\u2033 A2116 (Early 2019 4K)"},"content":{"rendered":"<div class=\"aps-pdp\">\n<section class=\"aps-card\">\n<header class=\"aps-card__head\">\n<h2 class=\"aps-h\">Logic Board f\u00fcr iMac 21,5\u2033 A2116 (Early 2019 4K)<\/h2>\n<p class=\"aps-sub\">Gepr\u00fcftes Originalmodul. Prozessor, RAM und K\u00fchlk\u00f6rper ausgeschlossen.<\/p>\n<\/header>\n<p>\n      Falls Ihr 4K iMac von 2019 Grafikfehler, farbige Streifen oder Startprobleme aufweisen sollte, k\u00f6nnte der Austausch des Logic Boards die notwendige L\u00f6sung sein. Solche Defekte k\u00f6nnten auf den Verschleiss der GPU oder der integrierten Schaltkreise zur\u00fcckzuf\u00fchren sein; in diesen F\u00e4llen sollte der Einbau eines bereits gepr\u00fcften Ersatzteils es Ihnen erm\u00f6glichen, die Systemstabilit\u00e4t wiederherzustellen. Dieser Eingriff k\u00f6nnte der ideale Schritt sein, um nicht auf ein immer noch hervorragendes Retina-Display verzichten zu m\u00fcssen, und stellt die urspr\u00fcngliche Leistung Ihres Desktops wieder her.\n    <\/p>\n<p class=\"aps-note\">\n      <span class=\"aps-note__ico\">!<\/span><br \/>\n      <span class=\"aps-note__txt\"><strong>Achtung:<\/strong> Spezifisches Ersatzteil f\u00fcr die Serie A2116 (Early 2019). Vor dem Kauf sollten Sie \u00fcberpr\u00fcfen, ob die Kennung iMac19,2 entspricht.<\/span>\n    <\/p>\n<\/section>\n<section class=\"aps-card\">\n<header class=\"aps-card__head\">\n<h2 class=\"aps-h\">Unterst\u00fctztes Modell<\/h2>\n<p class=\"aps-sub\">\u00dcberpr\u00fcfen Sie vor dem Kauf die Modellidentifikation.<\/p>\n<\/header>\n<ul class=\"aps-check\">\n<li><strong>iMac 21,5\" A2116 (Early 2019 4K)<\/strong> <span class=\"aps-badge\">iMac19.2<\/span><\/li>\n<\/ul>\n<\/section>\n<section class=\"aps-card\">\n<header class=\"aps-card__head\">\n<h2 class=\"aps-h\">Technische Konfigurationen<\/h2>\n<p class=\"aps-sub\">W\u00e4hlen Sie die korrekte Variante basierend auf der Grafikkarte und der SSD.<\/p>\n<\/header>\n<div style=\"border: 1px solid #ddd; padding: 15px; border-radius: 8px; margin-bottom: 20px;\">\n<p><strong>MHK23LL\/A<\/strong><\/p>\n<div class=\"aps-specgrid\">\n<div class=\"aps-spec\">\n<div><span>Grafik<\/span><strong>AMD Radeon Pro 555X<\/strong><\/div>\n<\/div>\n<div class=\"aps-spec\">\n<div><span>PCIe-SSD-Anschluss<\/span><strong>Vorhanden<\/strong><\/div>\n<\/div>\n<div class=\"aps-spec\">\n<div><span>Part Number<\/span><strong>820-01237-A<\/strong><\/div>\n<\/div><\/div>\n<\/p><\/div>\n<div style=\"border: 1px solid #ddd; padding: 15px; border-radius: 8px; margin-bottom: 20px;\">\n<p><strong>MHK33LL\/A<\/strong><\/p>\n<div class=\"aps-specgrid\">\n<div class=\"aps-spec\">\n<div><span>Grafik<\/span><strong>AMD Radeon Pro 560X<\/strong><\/div>\n<\/div>\n<div class=\"aps-spec\">\n<div><span>PCIe-SSD-Anschluss<\/span><strong>Vorhanden<\/strong><\/div>\n<\/div>\n<div class=\"aps-spec\">\n<div><span>Part Number<\/span><strong>820-01237-A<\/strong><\/div>\n<\/div><\/div>\n<\/p><\/div>\n<div style=\"border: 1px solid #ddd; padding: 15px; border-radius: 8px;\">\n<p><strong>MRT42LL\/A<\/strong><\/p>\n<div class=\"aps-specgrid\">\n<div class=\"aps-spec\">\n<div><span>Grafik<\/span><strong>AMD Radeon Pro 560X<\/strong><\/div>\n<\/div>\n<div class=\"aps-spec\">\n<div><span>PCIe-SSD-Anschluss<\/span><strong>Nicht vorhanden<\/strong><\/div>\n<\/div>\n<div class=\"aps-spec\">\n<div><span>Part Number<\/span><strong>820-01237-A<\/strong><\/div>\n<\/div><\/div>\n<\/p><\/div>\n<p style=\"margin-top:15px; font-size: 0.85em; color: #555;\">\n      * Hinweis: CPU, RAM-Module und K\u00fchleinheit sind nicht im Lieferumfang enthalten. Diese m\u00fcssen von der urspr\u00fcnglichen Platine \u00fcbernommen werden.\n    <\/p>\n<\/section>\n<section class=\"aps-card aps-callout aps-callout--warn\">\n<header class=\"aps-card__head\">\n<h2 class=\"aps-h\">Installation und Hinweise<\/h2>\n<p class=\"aps-sub\">Der Eingriff durch einen qualifizierten Techniker wird empfohlen.<\/p>\n<\/header>\n<p>\n      Der Austausch des Mainboards bei einem iMac erfordert das Abl\u00f6sen des Displays und den Umgang mit sehr empfindlichen Sensorkabeln. Um nicht zu riskieren, das LCD-Panel oder das neue Board w\u00e4hrend der Montage zu besch\u00e4digen, sollte die Arbeit von einem erfahrenen Techniker durchgef\u00fchrt werden. Das Ersatzteil ist bereit f\u00fcr die Installation.\n    <\/p>\n<\/section>\n<section class=\"aps-card aps-callout aps-callout--info\">\n<header class=\"aps-card__head\">\n<h2 class=\"aps-h\">Zweifel an der Kompatibilit\u00e4t?<\/h2>\n<p class=\"aps-sub\">Wir helfen Ihnen dabei, das richtige Board zu identifizieren.<\/p>\n<\/header>\n<div class=\"aps-cta\">\n      <a class=\"aps-btn\" href=\"mailto:info@apfelspare.ch\">info@apfelspare.ch<\/a><br \/>\n      <span class=\"aps-cta__hint\">Senden Sie uns die Seriennummer Ihres iMacs f\u00fcr eine sofortige \u00dcberpr\u00fcfung.<\/span>\n    <\/div>\n<\/section>\n<\/div>","protected":false},"excerpt":{"rendered":"<p>Logikkarte iMac 21,5\u2033 A2116 (Early 2019 4K). CPU, RAM und K\u00fchlk\u00f6rper nicht enthalten. Kostenloser Versand in der Schweiz.<\/p>","protected":false},"featured_media":17336,"comment_status":"closed","ping_status":"closed","template":"","meta":{"_acf_changed":false,"_et_pb_use_builder":"","_et_pb_old_content":"","_et_gb_content_width":""},"product_brand":[],"product_cat":[143,181,22,19],"product_tag":[],"class_list":{"0":"post-16386","1":"product","2":"type-product","3":"status-publish","4":"has-post-thumbnail","6":"product_cat-imac-21-5-2019-4k-a2116","7":"product_cat-schede-logiche","8":"product_cat-category-imac","9":"product_cat-parti-ricambio-seconda-mano","11":"first","12":"onbackorder","13":"shipping-taxable","14":"purchasable","15":"product-type-variable"},"acf":[],"yoast_head":"<!-- This site is optimized with the Yoast SEO plugin v27.4 - https:\/\/yoast.com\/product\/yoast-seo-wordpress\/ -->\n<title>Scheda logica iMac 21.5&quot; A2116 (Early 2019 4K)<\/title>\n<meta name=\"description\" content=\"Scheda logica iMac 21.5&quot; A2116 (Early 2019 4K. CPU, RAM e dissipatore non inclusi. Spedizioni gratuite in Svizzera\" \/>\n<meta name=\"robots\" content=\"index, follow, max-snippet:-1, max-image-preview:large, max-video-preview:-1\" \/>\n<link rel=\"canonical\" href=\"https:\/\/tipicino.ch\/apfelspare\/de\/product\/logikkarte-imac-21-5-a2116-anfang-2019\/\" \/>\n<meta property=\"og:locale\" content=\"de_DE\" \/>\n<meta property=\"og:type\" content=\"article\" \/>\n<meta property=\"og:title\" content=\"Scheda logica iMac 21.5&quot; A2116 (Early 2019 4K)\" \/>\n<meta property=\"og:description\" content=\"Scheda logica iMac 21.5&quot; A2116 (Early 2019 4K. CPU, RAM e dissipatore non inclusi. Spedizioni gratuite in Svizzera\" \/>\n<meta property=\"og:url\" content=\"https:\/\/tipicino.ch\/apfelspare\/de\/product\/logikkarte-imac-21-5-a2116-anfang-2019\/\" \/>\n<meta property=\"og:site_name\" content=\"Ricambi MacBook Pro, MacBook Air e iMac in Svizzera \u2013 Display, Tastiere, Batterie, Trackpad\" \/>\n<meta property=\"article:modified_time\" content=\"2026-02-14T18:07:13+00:00\" \/>\n<meta property=\"og:image\" content=\"https:\/\/tipicino.ch\/apfelspare\/wp-content\/uploads\/2025\/07\/iMac-A2116-Early2019-4K-1-2.png\" \/>\n\t<meta property=\"og:image:width\" content=\"1000\" \/>\n\t<meta property=\"og:image:height\" content=\"1000\" \/>\n\t<meta property=\"og:image:type\" content=\"image\/png\" \/>\n<meta name=\"twitter:card\" content=\"summary_large_image\" \/>\n<meta name=\"twitter:label1\" content=\"Gesch\u00e4tzte Lesezeit\" \/>\n\t<meta name=\"twitter:data1\" content=\"2\u00a0Minuten\" \/>\n<!-- \/ Yoast SEO plugin. -->","yoast_head_json":{"title":"Logic Board f\u00fcr iMac 21,5\u2033 A2116 (Early 2019 4K)","description":"Logikkarte iMac 21,5\" A2116 (Early 2019 4K. CPU, RAM und K\u00fchlk\u00f6rper nicht enthalten. Kostenloser Versand in der Schweiz.","robots":{"index":"index","follow":"follow","max-snippet":"max-snippet:-1","max-image-preview":"max-image-preview:large","max-video-preview":"max-video-preview:-1"},"canonical":"https:\/\/tipicino.ch\/apfelspare\/de\/product\/logikkarte-imac-21-5-a2116-anfang-2019\/","og_locale":"de_DE","og_type":"article","og_title":"Scheda logica iMac 21.5\" A2116 (Early 2019 4K)","og_description":"Scheda logica iMac 21.5\" A2116 (Early 2019 4K. CPU, RAM e dissipatore non inclusi. Spedizioni gratuite in Svizzera","og_url":"https:\/\/tipicino.ch\/apfelspare\/de\/product\/logikkarte-imac-21-5-a2116-anfang-2019\/","og_site_name":"Ricambi MacBook Pro, MacBook Air e iMac in Svizzera \u2013 Display, Tastiere, Batterie, Trackpad","article_modified_time":"2026-02-14T18:07:13+00:00","og_image":[{"width":1000,"height":1000,"url":"https:\/\/tipicino.ch\/apfelspare\/wp-content\/uploads\/2025\/07\/iMac-A2116-Early2019-4K-1-2.png","type":"image\/png"}],"twitter_card":"summary_large_image","twitter_misc":{"Gesch\u00e4tzte Lesezeit":"2\u00a0Minuten"},"schema":{"@context":"https:\/\/schema.org","@graph":[{"@type":"WebPage","@id":"https:\/\/tipicino.ch\/apfelspare\/de\/prodotto\/scheda-logica-imac-21-5-a2116-early-2019\/","url":"https:\/\/tipicino.ch\/apfelspare\/de\/prodotto\/scheda-logica-imac-21-5-a2116-early-2019\/","name":"Logic Board f\u00fcr iMac 21,5\u2033 A2116 (Early 2019 4K)","isPartOf":{"@id":"https:\/\/tipicino.ch\/apfelspare\/de\/#website"},"primaryImageOfPage":{"@id":"https:\/\/tipicino.ch\/apfelspare\/de\/prodotto\/scheda-logica-imac-21-5-a2116-early-2019\/#primaryimage"},"image":{"@id":"https:\/\/tipicino.ch\/apfelspare\/de\/prodotto\/scheda-logica-imac-21-5-a2116-early-2019\/#primaryimage"},"thumbnailUrl":"https:\/\/tipicino.ch\/apfelspare\/wp-content\/uploads\/2025\/07\/iMac-A2116-Early2019-4K-1-2.png","datePublished":"2025-07-10T08:53:51+00:00","dateModified":"2026-02-14T18:07:13+00:00","description":"Logikkarte iMac 21,5\" A2116 (Early 2019 4K. CPU, RAM und K\u00fchlk\u00f6rper nicht enthalten. Kostenloser Versand in der Schweiz.","breadcrumb":{"@id":"https:\/\/tipicino.ch\/apfelspare\/de\/prodotto\/scheda-logica-imac-21-5-a2116-early-2019\/#breadcrumb"},"inLanguage":"de-CH","potentialAction":[{"@type":"ReadAction","target":["https:\/\/tipicino.ch\/apfelspare\/de\/prodotto\/scheda-logica-imac-21-5-a2116-early-2019\/"]}]},{"@type":"ImageObject","inLanguage":"de-CH","@id":"https:\/\/tipicino.ch\/apfelspare\/de\/prodotto\/scheda-logica-imac-21-5-a2116-early-2019\/#primaryimage","url":"https:\/\/tipicino.ch\/apfelspare\/wp-content\/uploads\/2025\/07\/iMac-A2116-Early2019-4K-1-2.png","contentUrl":"https:\/\/tipicino.ch\/apfelspare\/wp-content\/uploads\/2025\/07\/iMac-A2116-Early2019-4K-1-2.png","width":1000,"height":1000,"caption":"iMac 21.5\" A2116 Early 2019 4K"},{"@type":"BreadcrumbList","@id":"https:\/\/tipicino.ch\/apfelspare\/de\/prodotto\/scheda-logica-imac-21-5-a2116-early-2019\/#breadcrumb","itemListElement":[{"@type":"ListItem","position":1,"name":"Home","item":"https:\/\/tipicino.ch\/apfelspare\/de\/"},{"@type":"ListItem","position":2,"name":"Shop","item":"https:\/\/tipicino.ch\/apfelspare\/de\/shop\/"},{"@type":"ListItem","position":3,"name":"Scheda logica per iMac 21.5&#8243; A2116 (Early 2019 4K)"}]},{"@type":"WebSite","@id":"https:\/\/tipicino.ch\/apfelspare\/de\/#website","url":"https:\/\/tipicino.ch\/apfelspare\/de\/","name":"Ersatzteile f\u00fcr MacBook Pro, MacBook Air und iMac in der Schweiz \u2013 Display, Tastaturen, Batterien, Trackpads","description":"","publisher":{"@id":"https:\/\/tipicino.ch\/apfelspare\/de\/#organization"},"potentialAction":[{"@type":"SearchAction","target":{"@type":"EntryPoint","urlTemplate":"https:\/\/tipicino.ch\/apfelspare\/de\/?s={search_term_string}"},"query-input":{"@type":"PropertyValueSpecification","valueRequired":true,"valueName":"search_term_string"}}],"inLanguage":"de-CH"},{"@type":"Organization","@id":"https:\/\/tipicino.ch\/apfelspare\/de\/#organization","name":"tipicino.ch\/apfelspare","url":"https:\/\/tipicino.ch\/apfelspare\/de\/","logo":{"@type":"ImageObject","inLanguage":"de-CH","@id":"https:\/\/tipicino.ch\/apfelspare\/de\/#\/schema\/logo\/image\/","url":"https:\/\/tipicino.ch\/apfelspare\/wp-content\/uploads\/2025\/08\/cropped-FAVICON-tipicino.ch\/apfelspare_.png","contentUrl":"https:\/\/tipicino.ch\/apfelspare\/wp-content\/uploads\/2025\/08\/cropped-FAVICON-tipicino.ch\/apfelspare_.png","width":512,"height":512,"caption":"tipicino.ch\/apfelspare"},"image":{"@id":"https:\/\/tipicino.ch\/apfelspare\/de\/#\/schema\/logo\/image\/"}}]}},"_links":{"self":[{"href":"https:\/\/tipicino.ch\/apfelspare\/de\/wp-json\/wp\/v2\/product\/16386","targetHints":{"allow":["GET"]}}],"collection":[{"href":"https:\/\/tipicino.ch\/apfelspare\/de\/wp-json\/wp\/v2\/product"}],"about":[{"href":"https:\/\/tipicino.ch\/apfelspare\/de\/wp-json\/wp\/v2\/types\/product"}],"replies":[{"embeddable":true,"href":"https:\/\/tipicino.ch\/apfelspare\/de\/wp-json\/wp\/v2\/comments?post=16386"}],"wp:featuredmedia":[{"embeddable":true,"href":"https:\/\/tipicino.ch\/apfelspare\/de\/wp-json\/wp\/v2\/media\/17336"}],"wp:attachment":[{"href":"https:\/\/tipicino.ch\/apfelspare\/de\/wp-json\/wp\/v2\/media?parent=16386"}],"wp:term":[{"taxonomy":"product_brand","embeddable":true,"href":"https:\/\/tipicino.ch\/apfelspare\/de\/wp-json\/wp\/v2\/product_brand?post=16386"},{"taxonomy":"product_cat","embeddable":true,"href":"https:\/\/tipicino.ch\/apfelspare\/de\/wp-json\/wp\/v2\/product_cat?post=16386"},{"taxonomy":"product_tag","embeddable":true,"href":"https:\/\/tipicino.ch\/apfelspare\/de\/wp-json\/wp\/v2\/product_tag?post=16386"}],"curies":[{"name":"wp","href":"https:\/\/api.w.org\/{rel}","templated":true}]}}