{"id":16645,"date":"2025-07-14T00:14:04","date_gmt":"2025-07-14T00:14:04","guid":{"rendered":"https:\/\/tipicino.ch\/apfelspare\/?post_type=product&#038;p=16645"},"modified":"2026-03-14T22:13:52","modified_gmt":"2026-03-14T22:13:52","slug":"topcase-fur-macbook-pro-13-a2338-late-2020-space-gray","status":"publish","type":"product","link":"https:\/\/tipicino.ch\/apfelspare\/de\/prodotto\/top-case-per-macbook-pro-13-a2338-late-2020-space-gray\/","title":{"rendered":"TopCase Tastatur f\u00fcr MacBook Pro 13\u2033 A2338 (Late 2020) Space Gray"},"content":{"rendered":"<div class=\"aps-pdp\">\n<section class=\"aps-card\">\n<header class=\"aps-card__head\">\n<h2 class=\"aps-h\">TopCase mit Tastatur f\u00fcr MacBook Pro 13\" A2338 (Late 2020) Space Gray<\/h2>\n<p class=\"aps-sub\">TopCase mit Tastatur im Schweizer Layout (CH) f\u00fcr den vollst\u00e4ndigen Austausch.<\/p>\n<\/header>\n<p>\n      Dieser TopCase mit Tastatur ist ein neues Ersatzteil f\u00fcr MacBook Pro 13\" A2338 (Late 2020) in der Farbe Space Gray und verf\u00fcgt \u00fcber eine Tastatur mit Schweizer Layout (CH). Er ist f\u00fcr den vollst\u00e4ndigen Austausch der Tastatureinheit vorgesehen, wenn im t\u00e4glichen Gebrauch Probleme auftreten. Besonders geeignet bei Tasten, die nicht korrekt reagieren, fehlerhafter oder automatischer Eingabe, doppelten Zeichen, blockierten Tasten, unregelm\u00e4ssiger Funktion der Hintergrundbeleuchtung oder Sch\u00e4den durch Fl\u00fcssigkeiten, St\u00f6sse oder normale Abnutzung im Laufe der Zeit. Die Touch Bar ist nicht enthalten und separat in unserem Shop erh\u00e4ltlich.\n    <\/p>\n<p class=\"aps-note\">\n      <span class=\"aps-note__ico\">!<\/span><br \/>\n      <span class=\"aps-note__txt\"><strong>Nur mit den angegebenen Modellen kompatibel.<\/strong><\/span>\n    <\/p>\n<\/section>\n<section class=\"aps-card\">\n<header class=\"aps-card__head\">\n<h2 class=\"aps-h\">Unterst\u00fctzte Modelle<\/h2>\n<p class=\"aps-sub\">\u00dcberpr\u00fcfen Sie vor dem Kauf die Modellidentifikation.<\/p>\n<\/header>\n<ul class=\"aps-check\">\n<li>\n        <strong>MacBook Pro 13\" A2338 (Late 2020)<\/strong><br \/>\n        <span class=\"aps-badge\">MacBookPro17.1<\/span>\n      <\/li>\n<\/ul>\n<\/section>\n<section class=\"aps-card\">\n<header class=\"aps-card__head\">\n<h2 class=\"aps-h\">Technische Eigenschaften<\/h2>\n<p class=\"aps-sub\">Hauptdaten des Ersatzteils.<\/p>\n<\/header>\n<div class=\"aps-specgrid\">\n<div class=\"aps-spec\">\n<div>\n          <span>Ersatzteiltyp<\/span><br \/>\n          <strong>TopCase mit Tastatur<\/strong>\n        <\/div>\n<\/p><\/div>\n<div class=\"aps-spec\">\n<div>\n          <span>Farbe<\/span><br \/>\n          <strong>Space Gray<\/strong>\n        <\/div>\n<\/p><\/div>\n<div class=\"aps-spec\">\n<div>\n          <span>Tastaturlayout<\/span><br \/>\n          <strong>CH (Schweiz)<\/strong>\n        <\/div>\n<\/p><\/div>\n<div class=\"aps-spec\">\n<div>\n          <span>Touch Bar<\/span><br \/>\n          <strong>Nicht enthalten (separat erh\u00e4ltlich in unserem Shop)<\/strong>\n        <\/div>\n<\/p><\/div>\n<div class=\"aps-spec\">\n<div>\n          <span>Zustand<\/span><br \/>\n          <strong>Neu<\/strong>\n        <\/div>\n<\/p><\/div>\n<\/p><\/div>\n<p>\n      <strong>Nicht enthaltene Elemente:<\/strong><br \/>\n      Akku, Trackpad, Touch ID, Lautsprecher, Mikrofon, Touch Bar.\n    <\/p>\n<\/section>\n<section class=\"aps-card aps-callout aps-callout--warn\">\n<header class=\"aps-card__head\">\n<h2 class=\"aps-h\">Installation und Hinweise<\/h2>\n<p class=\"aps-sub\">Der Eingriff durch einen qualifizierten Techniker wird empfohlen.<\/p>\n<\/header>\n<p>\n      Die Installation des TopCase mit Tastatur erfordert das \u00d6ffnen des Ger\u00e4ts und die Entfernung der unteren Geh\u00e4useabdeckung. Es wird empfohlen, den Austausch von einem qualifizierten Techniker durchf\u00fchren zu lassen, um Sch\u00e4den am Logic Board oder an anderen Komponenten zu vermeiden. Das Ersatzteil ist montagebereit.\n    <\/p>\n<\/section>\n<section class=\"aps-card aps-callout aps-callout--info\">\n<header class=\"aps-card__head\">\n<h2 class=\"aps-h\">Zweifel an der Kompatibilit\u00e4t?<\/h2>\n<p class=\"aps-sub\">Wir helfen Ihnen bei der \u00dcberpr\u00fcfung von Kompatibilit\u00e4t und Version.<\/p>\n<\/header>\n<div class=\"aps-cta\">\n      <a class=\"aps-btn\" href=\"mailto:info@apfelspare.ch\">info@apfelspare.ch<\/a><br \/>\n      <span class=\"aps-cta__hint\"><br \/>\n        Geben Sie das Modell Axxxx und die Kennung an (z. B. MacBookPro17,x).<br \/>\n      <\/span>\n    <\/div>\n<\/section>\n<\/div>","protected":false},"excerpt":{"rendered":"<p>Top Case neu mit CH-Layout f\u00fcr MacBook Pro 13\u2033 A2338 Late 2020 Space Gray, Touch Bar kann separat erworben werden. Kostenloser Versand innerhalb der Schweiz<\/p>","protected":false},"featured_media":16643,"comment_status":"closed","ping_status":"closed","template":"","meta":{"_acf_changed":false,"_et_pb_use_builder":"","_et_pb_old_content":"","_et_gb_content_width":""},"product_brand":[],"product_cat":[184,17,82],"product_tag":[],"class_list":{"0":"post-16645","1":"product","2":"type-product","3":"status-publish","4":"has-post-thumbnail","6":"product_cat-tastiere-top-case","7":"product_cat-category-macbook-pro","8":"product_cat-macbook-pro-13-late-2020-a2338","10":"first","11":"onbackorder","12":"shipping-taxable","13":"purchasable","14":"product-type-simple"},"acf":[],"yoast_head":"<!-- This site is optimized with the Yoast SEO plugin v27.4 - https:\/\/yoast.com\/product\/yoast-seo-wordpress\/ -->\n<title>Tastiera TopCase per MacBook Pro 13&quot; A2338 (Late 2020) Space Gray<\/title>\n<meta name=\"description\" content=\"TopCase nuovo con layout CH per MacBook Pro 13&quot; A2338 Late 2020 Space Gray, Touch Bar acquistabile a parte. Spedizioni gratuite in Svizzera\" \/>\n<meta name=\"robots\" content=\"index, follow, max-snippet:-1, max-image-preview:large, max-video-preview:-1\" \/>\n<link rel=\"canonical\" href=\"https:\/\/tipicino.ch\/apfelspare\/de\/product\/topcase-fur-macbook-pro-13-a2338-late-2020-space-gray\/\" \/>\n<meta property=\"og:locale\" content=\"de_DE\" \/>\n<meta property=\"og:type\" content=\"article\" \/>\n<meta property=\"og:title\" content=\"Tastiera TopCase per MacBook Pro 13&quot; A2338 (Late 2020) Space Gray\" \/>\n<meta property=\"og:description\" content=\"TopCase nuovo con layout CH per MacBook Pro 13&quot; A2338 Late 2020 Space Gray, Touch Bar acquistabile a parte. Spedizioni gratuite in Svizzera\" \/>\n<meta property=\"og:url\" content=\"https:\/\/tipicino.ch\/apfelspare\/de\/product\/topcase-fur-macbook-pro-13-a2338-late-2020-space-gray\/\" \/>\n<meta property=\"og:site_name\" content=\"Ricambi MacBook Pro, MacBook Air e iMac in Svizzera \u2013 Display, Tastiere, Batterie, Trackpad\" \/>\n<meta property=\"article:modified_time\" content=\"2026-03-14T22:13:52+00:00\" \/>\n<meta property=\"og:image\" content=\"https:\/\/tipicino.ch\/apfelspare\/wp-content\/uploads\/2025\/07\/topcase-macbook-pro-13-a2338-space-gray.png\" \/>\n\t<meta property=\"og:image:width\" content=\"1000\" \/>\n\t<meta property=\"og:image:height\" content=\"1000\" \/>\n\t<meta property=\"og:image:type\" content=\"image\/png\" \/>\n<meta name=\"twitter:card\" content=\"summary_large_image\" \/>\n<meta name=\"twitter:label1\" content=\"Gesch\u00e4tzte Lesezeit\" \/>\n\t<meta name=\"twitter:data1\" content=\"2\u00a0Minuten\" \/>\n<!-- \/ Yoast SEO plugin. -->","yoast_head_json":{"title":"TopCase Tastatur f\u00fcr MacBook Pro 13\" A2338 (Late 2020) Space Gray","description":"Neuer TopCase mit CH-Layout f\u00fcr MacBook Pro 13\" A2338 Late 2020 Space Gray, Touch Bar separat erh\u00e4ltlich. Kostenlose Lieferungen in der Schweiz","robots":{"index":"index","follow":"follow","max-snippet":"max-snippet:-1","max-image-preview":"max-image-preview:large","max-video-preview":"max-video-preview:-1"},"canonical":"https:\/\/tipicino.ch\/apfelspare\/de\/product\/topcase-fur-macbook-pro-13-a2338-late-2020-space-gray\/","og_locale":"de_DE","og_type":"article","og_title":"Tastiera TopCase per MacBook Pro 13\" A2338 (Late 2020) Space Gray","og_description":"TopCase nuovo con layout CH per MacBook Pro 13\" A2338 Late 2020 Space Gray, Touch Bar acquistabile a parte. Spedizioni gratuite in Svizzera","og_url":"https:\/\/tipicino.ch\/apfelspare\/de\/product\/topcase-fur-macbook-pro-13-a2338-late-2020-space-gray\/","og_site_name":"Ricambi MacBook Pro, MacBook Air e iMac in Svizzera \u2013 Display, Tastiere, Batterie, Trackpad","article_modified_time":"2026-03-14T22:13:52+00:00","og_image":[{"width":1000,"height":1000,"url":"https:\/\/tipicino.ch\/apfelspare\/wp-content\/uploads\/2025\/07\/topcase-macbook-pro-13-a2338-space-gray.png","type":"image\/png"}],"twitter_card":"summary_large_image","twitter_misc":{"Gesch\u00e4tzte Lesezeit":"2\u00a0Minuten"},"schema":{"@context":"https:\/\/schema.org","@graph":[{"@type":"WebPage","@id":"https:\/\/tipicino.ch\/apfelspare\/de\/prodotto\/top-case-per-macbook-pro-13-a2338-late-2020-space-gray\/","url":"https:\/\/tipicino.ch\/apfelspare\/de\/prodotto\/top-case-per-macbook-pro-13-a2338-late-2020-space-gray\/","name":"TopCase Tastatur f\u00fcr MacBook Pro 13\" A2338 (Late 2020) Space Gray","isPartOf":{"@id":"https:\/\/tipicino.ch\/apfelspare\/de\/#website"},"primaryImageOfPage":{"@id":"https:\/\/tipicino.ch\/apfelspare\/de\/prodotto\/top-case-per-macbook-pro-13-a2338-late-2020-space-gray\/#primaryimage"},"image":{"@id":"https:\/\/tipicino.ch\/apfelspare\/de\/prodotto\/top-case-per-macbook-pro-13-a2338-late-2020-space-gray\/#primaryimage"},"thumbnailUrl":"https:\/\/tipicino.ch\/apfelspare\/wp-content\/uploads\/2025\/07\/topcase-macbook-pro-13-a2338-space-gray.png","datePublished":"2025-07-14T00:14:04+00:00","dateModified":"2026-03-14T22:13:52+00:00","description":"Neuer TopCase mit CH-Layout f\u00fcr MacBook Pro 13\" A2338 Late 2020 Space Gray, Touch Bar separat erh\u00e4ltlich. Kostenlose Lieferungen in der Schweiz","breadcrumb":{"@id":"https:\/\/tipicino.ch\/apfelspare\/de\/prodotto\/top-case-per-macbook-pro-13-a2338-late-2020-space-gray\/#breadcrumb"},"inLanguage":"de-CH","potentialAction":[{"@type":"ReadAction","target":["https:\/\/tipicino.ch\/apfelspare\/de\/prodotto\/top-case-per-macbook-pro-13-a2338-late-2020-space-gray\/"]}]},{"@type":"ImageObject","inLanguage":"de-CH","@id":"https:\/\/tipicino.ch\/apfelspare\/de\/prodotto\/top-case-per-macbook-pro-13-a2338-late-2020-space-gray\/#primaryimage","url":"https:\/\/tipicino.ch\/apfelspare\/wp-content\/uploads\/2025\/07\/topcase-macbook-pro-13-a2338-space-gray.png","contentUrl":"https:\/\/tipicino.ch\/apfelspare\/wp-content\/uploads\/2025\/07\/topcase-macbook-pro-13-a2338-space-gray.png","width":1000,"height":1000,"caption":"topcase macbook pro 13 a2338 mid 2022 Space Gray layout ch"},{"@type":"BreadcrumbList","@id":"https:\/\/tipicino.ch\/apfelspare\/de\/prodotto\/top-case-per-macbook-pro-13-a2338-late-2020-space-gray\/#breadcrumb","itemListElement":[{"@type":"ListItem","position":1,"name":"Home","item":"https:\/\/tipicino.ch\/apfelspare\/de\/"},{"@type":"ListItem","position":2,"name":"Shop","item":"https:\/\/tipicino.ch\/apfelspare\/de\/shop\/"},{"@type":"ListItem","position":3,"name":"Tastiera TopCase per MacBook Pro 13&#8243; A2338 (Late 2020) Space Gray"}]},{"@type":"WebSite","@id":"https:\/\/tipicino.ch\/apfelspare\/de\/#website","url":"https:\/\/tipicino.ch\/apfelspare\/de\/","name":"Ersatzteile f\u00fcr MacBook Pro, MacBook Air und iMac in der Schweiz \u2013 Display, Tastaturen, Batterien, Trackpads","description":"","publisher":{"@id":"https:\/\/tipicino.ch\/apfelspare\/de\/#organization"},"potentialAction":[{"@type":"SearchAction","target":{"@type":"EntryPoint","urlTemplate":"https:\/\/tipicino.ch\/apfelspare\/de\/?s={search_term_string}"},"query-input":{"@type":"PropertyValueSpecification","valueRequired":true,"valueName":"search_term_string"}}],"inLanguage":"de-CH"},{"@type":"Organization","@id":"https:\/\/tipicino.ch\/apfelspare\/de\/#organization","name":"tipicino.ch\/apfelspare","url":"https:\/\/tipicino.ch\/apfelspare\/de\/","logo":{"@type":"ImageObject","inLanguage":"de-CH","@id":"https:\/\/tipicino.ch\/apfelspare\/de\/#\/schema\/logo\/image\/","url":"https:\/\/tipicino.ch\/apfelspare\/wp-content\/uploads\/2025\/08\/cropped-FAVICON-tipicino.ch\/apfelspare_.png","contentUrl":"https:\/\/tipicino.ch\/apfelspare\/wp-content\/uploads\/2025\/08\/cropped-FAVICON-tipicino.ch\/apfelspare_.png","width":512,"height":512,"caption":"tipicino.ch\/apfelspare"},"image":{"@id":"https:\/\/tipicino.ch\/apfelspare\/de\/#\/schema\/logo\/image\/"}}]}},"_links":{"self":[{"href":"https:\/\/tipicino.ch\/apfelspare\/de\/wp-json\/wp\/v2\/product\/16645","targetHints":{"allow":["GET"]}}],"collection":[{"href":"https:\/\/tipicino.ch\/apfelspare\/de\/wp-json\/wp\/v2\/product"}],"about":[{"href":"https:\/\/tipicino.ch\/apfelspare\/de\/wp-json\/wp\/v2\/types\/product"}],"replies":[{"embeddable":true,"href":"https:\/\/tipicino.ch\/apfelspare\/de\/wp-json\/wp\/v2\/comments?post=16645"}],"wp:featuredmedia":[{"embeddable":true,"href":"https:\/\/tipicino.ch\/apfelspare\/de\/wp-json\/wp\/v2\/media\/16643"}],"wp:attachment":[{"href":"https:\/\/tipicino.ch\/apfelspare\/de\/wp-json\/wp\/v2\/media?parent=16645"}],"wp:term":[{"taxonomy":"product_brand","embeddable":true,"href":"https:\/\/tipicino.ch\/apfelspare\/de\/wp-json\/wp\/v2\/product_brand?post=16645"},{"taxonomy":"product_cat","embeddable":true,"href":"https:\/\/tipicino.ch\/apfelspare\/de\/wp-json\/wp\/v2\/product_cat?post=16645"},{"taxonomy":"product_tag","embeddable":true,"href":"https:\/\/tipicino.ch\/apfelspare\/de\/wp-json\/wp\/v2\/product_tag?post=16645"}],"curies":[{"name":"wp","href":"https:\/\/api.w.org\/{rel}","templated":true}]}}