{"id":16695,"date":"2025-07-14T16:34:05","date_gmt":"2025-07-14T16:34:05","guid":{"rendered":"https:\/\/tipicino.ch\/apfelspare\/?post_type=product&#038;p=16695"},"modified":"2026-03-19T12:01:05","modified_gmt":"2026-03-19T12:01:05","slug":"power-button-touch-id-macbook-pro-13-a2159-a1989-a1706-ende-2016-mitte-2019","status":"publish","type":"product","link":"https:\/\/tipicino.ch\/apfelspare\/de\/prodotto\/pulsante-accensione-touch-id-macbook-pro-13-a2159-a1989-a1706-late-2016-mid-2019\/","title":{"rendered":"Touch ID \/ Power-Taste f\u00fcr MacBook Pro 13\u2033 A2159 A1989 A1706 (Late 2016 - Mid 2019)"},"content":{"rendered":"<div class=\"aps-pdp\">\n<section class=\"aps-card\">\n<header class=\"aps-card__head\">\n<h2 class=\"aps-h\">Touch ID \/ Einschaltknopf f\u00fcr MacBook Pro 13\" A1706 A1989 A2159 (Late 2016 \u2013 Mid 2019)<\/h2>\n<p class=\"aps-sub\">Ersatzteil f\u00fcr den Austausch des Ein-\/Ausschalters.<\/p>\n<\/header>\n<p>\n      Dieser Einschaltknopf ist ein Ersatzteil f\u00fcr MacBook Pro 13\" A1706, A1989 und A2159 (Late 2016 \u2013 Mid 2019) und ist geeignet, wenn der Startvorgang unzuverl\u00e4ssig wird oder die Power-Taste nicht mehr korrekt funktioniert. Ein Austausch ist angezeigt, wenn der Knopf nicht auf Druck reagiert, mehrere Versuche zum Einschalten des Mac erforderlich sind, ein intermittierender Kontakt vorliegt oder nach physischen Sch\u00e4den, Abnutzung oder Fl\u00fcssigkeitskontakt, die das Modul beeintr\u00e4chtigen k\u00f6nnen. Das Bauteil integriert den Touch-ID-Sensor physisch, ist jedoch ausschliesslich zur Wiederherstellung der Einschaltfunktion des Ger\u00e4ts vorgesehen und ist nur mit den angegebenen Modellen kompatibel.\n    <\/p>\n<p class=\"aps-note\">\n      <span class=\"aps-note__ico\">!<\/span><br \/>\n      <span class=\"aps-note__txt\"><strong>Achtung:<\/strong> der Touch ID-Sensor <strong>wird nicht funktionieren<\/strong>, da er mit der originalen Logikplatine des Mac gekoppelt ist. Der Knopf funktioniert ausschliesslich als Ein-\/Ausschalter.<\/span>\n    <\/p>\n<\/section>\n<section class=\"aps-card\">\n<header class=\"aps-card__head\">\n<h2 class=\"aps-h\">Unterst\u00fctzte Modelle<\/h2>\n<p class=\"aps-sub\">\u00dcberpr\u00fcfen Sie vor dem Kauf die Modellidentifikation.<\/p>\n<\/header>\n<ul class=\"aps-check\">\n<li><strong>MacBook Pro 13\" A1706 (Late 2016)<\/strong> <span class=\"aps-badge\">MacBookPro13.2<\/span><\/li>\n<li><strong>MacBook Pro 13\" A1706 (Mid 2017)<\/strong> <span class=\"aps-badge\">MacBookPro14.2<\/span><\/li>\n<li><strong>MacBook Pro 13\" A1989 (Mid 2018)<\/strong> <span class=\"aps-badge\">MacBookPro15.2<\/span><\/li>\n<li><strong>MacBook Pro 13\" A1989 (Mid 2019)<\/strong> <span class=\"aps-badge\">MacBookPro15.2<\/span><\/li>\n<li><strong>MacBook Pro 13\" A2159 (Mid 2019)<\/strong> <span class=\"aps-badge\">MacBookPro15.4<\/span><\/li>\n<\/ul>\n<\/section>\n<section class=\"aps-card\">\n<header class=\"aps-card__head\">\n<h2 class=\"aps-h\">Technische Eigenschaften<\/h2>\n<p class=\"aps-sub\">Hauptdaten des Ersatzteils.<\/p>\n<\/header>\n<div class=\"aps-specgrid\">\n<div class=\"aps-spec\">\n<div><span>Ersatzteiltyp<\/span><strong>Touch ID \/ Power-Taste<\/strong><\/div>\n<\/div>\n<div class=\"aps-spec\">\n<div><span>Einschaltfunktion<\/span><strong>Aktiv<\/strong><\/div>\n<\/div>\n<div class=\"aps-spec\">\n<div><span>Touch-ID-Funktion<\/span><strong>Nicht aktiv<\/strong><\/div>\n<\/div>\n<div class=\"aps-spec\">\n<div><span>Zustand<\/span><strong>Neu<\/strong><\/div>\n<\/div><\/div>\n<\/section>\n<section class=\"aps-card aps-callout aps-callout--warn\">\n<header class=\"aps-card__head\">\n<h2 class=\"aps-h\">Installation und Hinweise<\/h2>\n<p class=\"aps-sub\">Der Eingriff durch einen qualifizierten Techniker wird empfohlen.<\/p>\n<\/header>\n<p>\n      Die Installation des Schalters erfordert das \u00d6ffnen des Ger\u00e4ts. Die Durchf\u00fchrung durch einen qualifizierten Techniker wird empfohlen, um Sch\u00e4den an der Hauptplatine oder an anderen Komponenten zu vermeiden. Das Ersatzteil ist montagebereit.\n    <\/p>\n<\/section>\n<section class=\"aps-card aps-callout aps-callout--info\">\n<header class=\"aps-card__head\">\n<h2 class=\"aps-h\">Zweifel an der Kompatibilit\u00e4t?<\/h2>\n<p class=\"aps-sub\">Wir helfen Ihnen bei der \u00dcberpr\u00fcfung von Kompatibilit\u00e4t und Version.<\/p>\n<\/header>\n<div class=\"aps-cta\">\n      <a class=\"aps-btn\" href=\"mailto:info@apfelspare.ch\">info@apfelspare.ch<\/a><br \/>\n      <span class=\"aps-cta__hint\">Gib das Modell Axxxx und den Identifikator an (z. B. MacBookPro15,x).<\/span>\n    <\/div>\n<\/section>\n<\/div>","protected":false},"excerpt":{"rendered":"<p>Touch ID \/ Power-Taste f\u00fcr MacBook Pro 13\u2033 A2159 A1989 A1706 Late 2016 Mid 2019. Touch ID deaktiviert, nur Power-Funktion. Kostenloser Versand innerhalb der Schweiz<\/p>","protected":false},"featured_media":16697,"comment_status":"closed","ping_status":"closed","template":"","meta":{"_acf_changed":false,"_et_pb_use_builder":"","_et_pb_old_content":"","_et_gb_content_width":""},"product_brand":[],"product_cat":[187,17,75,72,333,79,78],"product_tag":[],"class_list":{"0":"post-16695","1":"product","2":"type-product","3":"status-publish","4":"has-post-thumbnail","6":"product_cat-cavi-connettori","7":"product_cat-category-macbook-pro","8":"product_cat-macbook-pro-13-mid-2019-a1989","9":"product_cat-macbook-pro-13-mid-2019-a2159","10":"product_cat-macbook-pro-13-mid-2018-a1989","11":"product_cat-macbook-pro-13-mid-2017-a1706","12":"product_cat-macbook-pro-13-late-2016-a1706","13":"product_shipping_class-1-2-disponibili","15":"first","16":"instock","17":"shipping-taxable","18":"purchasable","19":"product-type-simple"},"acf":[],"yoast_head":"<!-- This site is optimized with the Yoast SEO plugin v27.4 - https:\/\/yoast.com\/product\/yoast-seo-wordpress\/ -->\n<title>Pulsante accensione Touch ID per MacBook Pro 13&quot; A2159 A1989 A1706 (Late 2016 \u2013 Mid 2019)<\/title>\n<meta name=\"description\" content=\"Pulsante accensione per MacBook Pro 13&quot; A2159 A1989 A1706 Late 2016 Mid 2019. Touch ID disattivato, solo funzione accensione. Spedizioni gratuite in Svizzera\" \/>\n<meta name=\"robots\" content=\"index, follow, max-snippet:-1, max-image-preview:large, max-video-preview:-1\" \/>\n<link rel=\"canonical\" href=\"https:\/\/tipicino.ch\/apfelspare\/de\/product\/power-button-touch-id-macbook-pro-13-a2159-a1989-a1706-ende-2016-mitte-2019\/\" \/>\n<meta property=\"og:locale\" content=\"de_DE\" \/>\n<meta property=\"og:type\" content=\"article\" \/>\n<meta property=\"og:title\" content=\"Pulsante accensione Touch ID per MacBook Pro 13&quot; A2159 A1989 A1706 (Late 2016 \u2013 Mid 2019)\" \/>\n<meta property=\"og:description\" content=\"Pulsante accensione per MacBook Pro 13&quot; A2159 A1989 A1706 Late 2016 Mid 2019. Touch ID disattivato, solo funzione accensione. Spedizioni gratuite in Svizzera\" \/>\n<meta property=\"og:url\" content=\"https:\/\/tipicino.ch\/apfelspare\/de\/product\/power-button-touch-id-macbook-pro-13-a2159-a1989-a1706-ende-2016-mitte-2019\/\" \/>\n<meta property=\"og:site_name\" content=\"Ricambi MacBook Pro, MacBook Air e iMac in Svizzera \u2013 Display, Tastiere, Batterie, Trackpad\" \/>\n<meta property=\"article:modified_time\" content=\"2026-03-19T12:01:05+00:00\" \/>\n<meta property=\"og:image\" content=\"https:\/\/tipicino.ch\/apfelspare\/wp-content\/uploads\/2025\/07\/pulsante-accensione-touch-id-macbook-pro-13-a2159-a1989-a1706-late-2016-mid-2019.png\" \/>\n\t<meta property=\"og:image:width\" content=\"1000\" \/>\n\t<meta property=\"og:image:height\" content=\"1000\" \/>\n\t<meta property=\"og:image:type\" content=\"image\/png\" \/>\n<meta name=\"twitter:card\" content=\"summary_large_image\" \/>\n<meta name=\"twitter:label1\" content=\"Gesch\u00e4tzte Lesezeit\" \/>\n\t<meta name=\"twitter:data1\" content=\"2\u00a0Minuten\" \/>\n<!-- \/ Yoast SEO plugin. -->","yoast_head_json":{"title":"Touch ID \/ Power-Taste f\u00fcr MacBook Pro 13\" A2159 A1989 A1706 (Late 2016 - Mid 2019)","description":"Touch ID \/ Power-Taste f\u00fcr MacBook Pro 13\" A2159 A1989 A1706 Late 2016 Mid 2019. Touch ID deaktiviert, nur Power-Funktion. Kostenloser Versand innerhalb der Schweiz","robots":{"index":"index","follow":"follow","max-snippet":"max-snippet:-1","max-image-preview":"max-image-preview:large","max-video-preview":"max-video-preview:-1"},"canonical":"https:\/\/tipicino.ch\/apfelspare\/de\/product\/power-button-touch-id-macbook-pro-13-a2159-a1989-a1706-ende-2016-mitte-2019\/","og_locale":"de_DE","og_type":"article","og_title":"Pulsante accensione Touch ID per MacBook Pro 13\" A2159 A1989 A1706 (Late 2016 \u2013 Mid 2019)","og_description":"Pulsante accensione per MacBook Pro 13\" A2159 A1989 A1706 Late 2016 Mid 2019. Touch ID disattivato, solo funzione accensione. Spedizioni gratuite in Svizzera","og_url":"https:\/\/tipicino.ch\/apfelspare\/de\/product\/power-button-touch-id-macbook-pro-13-a2159-a1989-a1706-ende-2016-mitte-2019\/","og_site_name":"Ricambi MacBook Pro, MacBook Air e iMac in Svizzera \u2013 Display, Tastiere, Batterie, Trackpad","article_modified_time":"2026-03-19T12:01:05+00:00","og_image":[{"width":1000,"height":1000,"url":"https:\/\/tipicino.ch\/apfelspare\/wp-content\/uploads\/2025\/07\/pulsante-accensione-touch-id-macbook-pro-13-a2159-a1989-a1706-late-2016-mid-2019.png","type":"image\/png"}],"twitter_card":"summary_large_image","twitter_misc":{"Gesch\u00e4tzte Lesezeit":"2\u00a0Minuten"},"schema":{"@context":"https:\/\/schema.org","@graph":[{"@type":"WebPage","@id":"https:\/\/tipicino.ch\/apfelspare\/de\/prodotto\/pulsante-accensione-touch-id-macbook-pro-13-a2159-a1989-a1706-late-2016-mid-2019\/","url":"https:\/\/tipicino.ch\/apfelspare\/de\/prodotto\/pulsante-accensione-touch-id-macbook-pro-13-a2159-a1989-a1706-late-2016-mid-2019\/","name":"Touch ID \/ Power-Taste f\u00fcr MacBook Pro 13\" A2159 A1989 A1706 (Late 2016 - Mid 2019)","isPartOf":{"@id":"https:\/\/tipicino.ch\/apfelspare\/de\/#website"},"primaryImageOfPage":{"@id":"https:\/\/tipicino.ch\/apfelspare\/de\/prodotto\/pulsante-accensione-touch-id-macbook-pro-13-a2159-a1989-a1706-late-2016-mid-2019\/#primaryimage"},"image":{"@id":"https:\/\/tipicino.ch\/apfelspare\/de\/prodotto\/pulsante-accensione-touch-id-macbook-pro-13-a2159-a1989-a1706-late-2016-mid-2019\/#primaryimage"},"thumbnailUrl":"https:\/\/tipicino.ch\/apfelspare\/wp-content\/uploads\/2025\/07\/pulsante-accensione-touch-id-macbook-pro-13-a2159-a1989-a1706-late-2016-mid-2019.png","datePublished":"2025-07-14T16:34:05+00:00","dateModified":"2026-03-19T12:01:05+00:00","description":"Touch ID \/ Power-Taste f\u00fcr MacBook Pro 13\" A2159 A1989 A1706 Late 2016 Mid 2019. Touch ID deaktiviert, nur Power-Funktion. Kostenloser Versand innerhalb der Schweiz","breadcrumb":{"@id":"https:\/\/tipicino.ch\/apfelspare\/de\/prodotto\/pulsante-accensione-touch-id-macbook-pro-13-a2159-a1989-a1706-late-2016-mid-2019\/#breadcrumb"},"inLanguage":"de-CH","potentialAction":[{"@type":"ReadAction","target":["https:\/\/tipicino.ch\/apfelspare\/de\/prodotto\/pulsante-accensione-touch-id-macbook-pro-13-a2159-a1989-a1706-late-2016-mid-2019\/"]}]},{"@type":"ImageObject","inLanguage":"de-CH","@id":"https:\/\/tipicino.ch\/apfelspare\/de\/prodotto\/pulsante-accensione-touch-id-macbook-pro-13-a2159-a1989-a1706-late-2016-mid-2019\/#primaryimage","url":"https:\/\/tipicino.ch\/apfelspare\/wp-content\/uploads\/2025\/07\/pulsante-accensione-touch-id-macbook-pro-13-a2159-a1989-a1706-late-2016-mid-2019.png","contentUrl":"https:\/\/tipicino.ch\/apfelspare\/wp-content\/uploads\/2025\/07\/pulsante-accensione-touch-id-macbook-pro-13-a2159-a1989-a1706-late-2016-mid-2019.png","width":1000,"height":1000,"caption":"pulsante accensione touch id macbook pro 13 a2159 a1989 a1706 late 2016 mid 2019"},{"@type":"BreadcrumbList","@id":"https:\/\/tipicino.ch\/apfelspare\/de\/prodotto\/pulsante-accensione-touch-id-macbook-pro-13-a2159-a1989-a1706-late-2016-mid-2019\/#breadcrumb","itemListElement":[{"@type":"ListItem","position":1,"name":"Home","item":"https:\/\/tipicino.ch\/apfelspare\/de\/"},{"@type":"ListItem","position":2,"name":"Shop","item":"https:\/\/tipicino.ch\/apfelspare\/de\/shop\/"},{"@type":"ListItem","position":3,"name":"Pulsante accensione Touch ID per MacBook Pro 13&#8243; A2159 A1989 A1706 (Late 2016 \u2013 Mid 2019)"}]},{"@type":"WebSite","@id":"https:\/\/tipicino.ch\/apfelspare\/de\/#website","url":"https:\/\/tipicino.ch\/apfelspare\/de\/","name":"Ersatzteile f\u00fcr MacBook Pro, MacBook Air und iMac in der Schweiz \u2013 Display, Tastaturen, Batterien, Trackpads","description":"","publisher":{"@id":"https:\/\/tipicino.ch\/apfelspare\/de\/#organization"},"potentialAction":[{"@type":"SearchAction","target":{"@type":"EntryPoint","urlTemplate":"https:\/\/tipicino.ch\/apfelspare\/de\/?s={search_term_string}"},"query-input":{"@type":"PropertyValueSpecification","valueRequired":true,"valueName":"search_term_string"}}],"inLanguage":"de-CH"},{"@type":"Organization","@id":"https:\/\/tipicino.ch\/apfelspare\/de\/#organization","name":"tipicino.ch\/apfelspare","url":"https:\/\/tipicino.ch\/apfelspare\/de\/","logo":{"@type":"ImageObject","inLanguage":"de-CH","@id":"https:\/\/tipicino.ch\/apfelspare\/de\/#\/schema\/logo\/image\/","url":"https:\/\/tipicino.ch\/apfelspare\/wp-content\/uploads\/2025\/08\/cropped-FAVICON-tipicino.ch\/apfelspare_.png","contentUrl":"https:\/\/tipicino.ch\/apfelspare\/wp-content\/uploads\/2025\/08\/cropped-FAVICON-tipicino.ch\/apfelspare_.png","width":512,"height":512,"caption":"tipicino.ch\/apfelspare"},"image":{"@id":"https:\/\/tipicino.ch\/apfelspare\/de\/#\/schema\/logo\/image\/"}}]}},"_links":{"self":[{"href":"https:\/\/tipicino.ch\/apfelspare\/de\/wp-json\/wp\/v2\/product\/16695","targetHints":{"allow":["GET"]}}],"collection":[{"href":"https:\/\/tipicino.ch\/apfelspare\/de\/wp-json\/wp\/v2\/product"}],"about":[{"href":"https:\/\/tipicino.ch\/apfelspare\/de\/wp-json\/wp\/v2\/types\/product"}],"replies":[{"embeddable":true,"href":"https:\/\/tipicino.ch\/apfelspare\/de\/wp-json\/wp\/v2\/comments?post=16695"}],"wp:featuredmedia":[{"embeddable":true,"href":"https:\/\/tipicino.ch\/apfelspare\/de\/wp-json\/wp\/v2\/media\/16697"}],"wp:attachment":[{"href":"https:\/\/tipicino.ch\/apfelspare\/de\/wp-json\/wp\/v2\/media?parent=16695"}],"wp:term":[{"taxonomy":"product_brand","embeddable":true,"href":"https:\/\/tipicino.ch\/apfelspare\/de\/wp-json\/wp\/v2\/product_brand?post=16695"},{"taxonomy":"product_cat","embeddable":true,"href":"https:\/\/tipicino.ch\/apfelspare\/de\/wp-json\/wp\/v2\/product_cat?post=16695"},{"taxonomy":"product_tag","embeddable":true,"href":"https:\/\/tipicino.ch\/apfelspare\/de\/wp-json\/wp\/v2\/product_tag?post=16695"}],"curies":[{"name":"wp","href":"https:\/\/api.w.org\/{rel}","templated":true}]}}