{"id":16700,"date":"2025-07-14T16:51:00","date_gmt":"2025-07-14T16:51:00","guid":{"rendered":"https:\/\/tipicino.ch\/apfelspare\/?post_type=product&#038;p=16700"},"modified":"2026-02-09T06:54:16","modified_gmt":"2026-02-09T06:54:16","slug":"power-button-touch-id-macbook-pro-16-a3186-a2991-a2780-a2485-ende-2021-ende-2024","status":"publish","type":"product","link":"https:\/\/tipicino.ch\/apfelspare\/de\/prodotto\/pulsante-accensione-touch-id-macbook-pro-16-a3186-a2991-a2780-a2485-late-2021-late-2024\/","title":{"rendered":"Touch ID \/ Power Button  f\u00fcr MacBook Pro 16\u2033 A3186 A3403 A2991 A2780 A2485 (Late 2021 - Late 2024)"},"content":{"rendered":"<div class=\"aps-pdp\">\n<section class=\"aps-card\">\n<header class=\"aps-card__head\">\n<h2 class=\"aps-h\">Touch ID \/ Einschaltknopf f\u00fcr MacBook Pro 16\" A2485 A2780 A2991 A3186 A3403 (Late 2021 \u2013 Late 2024)<\/h2>\n<p class=\"aps-sub\">Ersatzteil f\u00fcr den Austausch des Ein-\/Ausschalters.<\/p>\n<\/header>\n<p>\n      Dieser Einschaltknopf ist ein Ersatzteil f\u00fcr MacBook Pro 16\" (Late 2021 \u2013 Late 2024) und ist geeignet, wenn die Power-Taste Funktionsprobleme aufweist, wie fehlende Reaktion, die Notwendigkeit mehrerer Tastendr\u00fccke zum Starten, Kontaktunterbrechungen oder ein intermittierendes Startverhalten des Ger\u00e4ts. Ein Austausch wird auch nach Abnutzung, St\u00f6ssen oder elektrischen Sch\u00e4den empfohlen, die die Zuverl\u00e4ssigkeit der Taste beeintr\u00e4chtigen. Das Modul integriert den Touch-ID-Sensor physisch, wird jedoch ausschliesslich zur Wiederherstellung der Einschaltfunktion des Mac verwendet und ist nur mit den angegebenen Modellen kompatibel.\n    <\/p>\n<p class=\"aps-note\">\n      <span class=\"aps-note__ico\">!<\/span><br \/>\n      <span class=\"aps-note__txt\"><strong>Achtung:<\/strong> der Touch ID-Sensor <strong>wird nicht funktionieren<\/strong>, da er mit der originalen Logikplatine des Mac gekoppelt ist. Der Knopf funktioniert ausschliesslich als Ein-\/Ausschalter.<\/span>\n    <\/p>\n<\/section>\n<section class=\"aps-card\">\n<header class=\"aps-card__head\">\n<h2 class=\"aps-h\">Unterst\u00fctzte Modelle<\/h2>\n<p class=\"aps-sub\">\u00dcberpr\u00fcfen Sie vor dem Kauf die Modellidentifikation.<\/p>\n<\/header>\n<ul class=\"aps-check\">\n<li><strong>MacBook Pro 16\" A3186 (Late 2024)<\/strong> <span class=\"aps-badge\">Mac16.5<\/span><\/li>\n<li><strong>MacBook Pro 16\" A3403 (Late 2024)<\/strong> <span class=\"aps-badge\">Mac16.7<\/span><\/li>\n<li><strong>MacBook Pro 16\" A2991 (Late 2023)<\/strong> <span class=\"aps-badge\">Mac15.7<\/span><\/li>\n<li><strong>MacBook Pro 16\" A2991 (Late 2023)<\/strong> <span class=\"aps-badge\">Mac15.9<\/span><\/li>\n<li><strong>MacBook Pro 16\" A2991 (Late 2023)<\/strong> <span class=\"aps-badge\">Mac15.11<\/span><\/li>\n<li><strong>MacBook Pro 16\" A2780 (Early 2023)<\/strong> <span class=\"aps-badge\">Mac14.6<\/span><\/li>\n<li><strong>MacBook Pro 16\" A2780 (Early 2023)<\/strong> <span class=\"aps-badge\">Mac14.10<\/span><\/li>\n<li><strong>MacBook Pro 16\" A2485 (Late 2021)<\/strong> <span class=\"aps-badge\">MacBookPro18.1<\/span><\/li>\n<li><strong>MacBook Pro 16\" A2485 (Late 2021)<\/strong> <span class=\"aps-badge\">MacBookPro18.2<\/span><\/li>\n<\/ul>\n<\/section>\n<section class=\"aps-card\">\n<header class=\"aps-card__head\">\n<h2 class=\"aps-h\">Technische Eigenschaften<\/h2>\n<p class=\"aps-sub\">Hauptdaten des Ersatzteils.<\/p>\n<\/header>\n<div class=\"aps-specgrid\">\n<div class=\"aps-spec\">\n<div><span>Ersatzteiltyp<\/span><strong>Touch ID \/ Power-Taste<\/strong><\/div>\n<\/div>\n<div class=\"aps-spec\">\n<div><span>Einschaltfunktion<\/span><strong>Aktiv<\/strong><\/div>\n<\/div>\n<div class=\"aps-spec\">\n<div><span>Touch-ID-Funktion<\/span><strong>Nicht aktiv<\/strong><\/div>\n<\/div>\n<div class=\"aps-spec\">\n<div><span>Zustand<\/span><strong>Neu<\/strong><\/div>\n<\/div><\/div>\n<\/section>\n<section class=\"aps-card aps-callout aps-callout--warn\">\n<header class=\"aps-card__head\">\n<h2 class=\"aps-h\">Installation und Hinweise<\/h2>\n<p class=\"aps-sub\">Der Eingriff durch einen qualifizierten Techniker wird empfohlen.<\/p>\n<\/header>\n<p>\n      Die Installation des Schalters erfordert das \u00d6ffnen des Ger\u00e4ts. Die Durchf\u00fchrung durch einen qualifizierten Techniker wird empfohlen, um Sch\u00e4den an der Hauptplatine oder an anderen Komponenten zu vermeiden. Das Ersatzteil ist montagebereit.\n    <\/p>\n<\/section>\n<section class=\"aps-card aps-callout aps-callout--info\">\n<header class=\"aps-card__head\">\n<h2 class=\"aps-h\">Zweifel an der Kompatibilit\u00e4t?<\/h2>\n<p class=\"aps-sub\">Wir helfen Ihnen bei der \u00dcberpr\u00fcfung von Kompatibilit\u00e4t und Version.<\/p>\n<\/header>\n<div class=\"aps-cta\">\n      <a class=\"aps-btn\" href=\"mailto:info@apfelspare.ch\">info@apfelspare.ch<\/a><br \/>\n      <span class=\"aps-cta__hint\">Geben Sie das Modell Axxxx und die Kennung an (z. B. Mac15,x).<\/span>\n    <\/div>\n<\/section>\n<\/div>","protected":false},"excerpt":{"rendered":"<p>Touch ID \/ Power-Taste f\u00fcr MacBook Pro 16\u2033 A3186 A2991 A2780 A2485 Late 2021-2024. Touch ID deaktiviert. Kostenloser Versand innerhalb der Schweiz<\/p>","protected":false},"featured_media":16701,"comment_status":"closed","ping_status":"closed","template":"","meta":{"_acf_changed":false,"_et_pb_use_builder":"","_et_pb_old_content":"","_et_gb_content_width":""},"product_brand":[],"product_cat":[56,57,61,187,64,67,17],"product_tag":[],"class_list":{"0":"post-16700","1":"product","2":"type-product","3":"status-publish","4":"has-post-thumbnail","6":"product_cat-macbook-pro-16-late-2024-a3186","7":"product_cat-macbook-pro-16-late-2024-a3403","8":"product_cat-macbook-pro-16-late-2023-a2991","9":"product_cat-cavi-connettori","10":"product_cat-macbook-pro-16-early-2023-a2780","11":"product_cat-macbook-pro-16-late-2021-a2485","12":"product_cat-category-macbook-pro","13":"product_shipping_class-14-giorni","15":"first","16":"onbackorder","17":"shipping-taxable","18":"purchasable","19":"product-type-simple"},"acf":[],"yoast_head":"<!-- This site is optimized with the Yoast SEO plugin v27.4 - https:\/\/yoast.com\/product\/yoast-seo-wordpress\/ -->\n<title>Pulsante accensione Touch ID per MacBook Pro 16&quot; A3186 A3403 A2991 A2780 A2485 (Late 2021 \u2013 Late 2024)<\/title>\n<meta name=\"description\" content=\"Pulsante accensione per MacBook Pro 16&quot; A3186 A2991 A2780 A2485 Late 2021\u20132024. Touch ID disattivato. Spedizioni gratuite in Svizzera\" \/>\n<meta name=\"robots\" content=\"index, follow, max-snippet:-1, max-image-preview:large, max-video-preview:-1\" \/>\n<link rel=\"canonical\" href=\"https:\/\/tipicino.ch\/apfelspare\/de\/product\/power-button-touch-id-macbook-pro-16-a3186-a2991-a2780-a2485-ende-2021-ende-2024\/\" \/>\n<meta property=\"og:locale\" content=\"de_DE\" \/>\n<meta property=\"og:type\" content=\"article\" \/>\n<meta property=\"og:title\" content=\"Pulsante accensione Touch ID per MacBook Pro 16&quot; A3186 A3403 A2991 A2780 A2485 (Late 2021 \u2013 Late 2024)\" \/>\n<meta property=\"og:description\" content=\"Pulsante accensione per MacBook Pro 16&quot; A3186 A2991 A2780 A2485 Late 2021\u20132024. Touch ID disattivato. Spedizioni gratuite in Svizzera\" \/>\n<meta property=\"og:url\" content=\"https:\/\/tipicino.ch\/apfelspare\/de\/product\/power-button-touch-id-macbook-pro-16-a3186-a2991-a2780-a2485-ende-2021-ende-2024\/\" \/>\n<meta property=\"og:site_name\" content=\"Ricambi MacBook Pro, MacBook Air e iMac in Svizzera \u2013 Display, Tastiere, Batterie, Trackpad\" \/>\n<meta property=\"article:modified_time\" content=\"2026-02-09T06:54:16+00:00\" \/>\n<meta property=\"og:image\" content=\"https:\/\/tipicino.ch\/apfelspare\/wp-content\/uploads\/2025\/07\/pulsante-accensione-touch-id-macbook-pro-16-a3186-a2991-a2780-a2485-late-2021-late-2024.png\" \/>\n\t<meta property=\"og:image:width\" content=\"1000\" \/>\n\t<meta property=\"og:image:height\" content=\"1000\" \/>\n\t<meta property=\"og:image:type\" content=\"image\/png\" \/>\n<meta name=\"twitter:card\" content=\"summary_large_image\" \/>\n<meta name=\"twitter:label1\" content=\"Gesch\u00e4tzte Lesezeit\" \/>\n\t<meta name=\"twitter:data1\" content=\"2\u00a0Minuten\" \/>\n<!-- \/ Yoast SEO plugin. -->","yoast_head_json":{"title":"Touch ID \/ Power-Taste f\u00fcr MacBook Pro 16\" A3186 A3403 A2991 A2780 A2485 (Late 2021 - Late 2024)","description":"Touch ID \/ Power-Taste f\u00fcr MacBook Pro 16\" A3186 A2991 A2780 A2485 Late 2021-2024. Touch ID deaktiviert. Kostenloser Versand innerhalb der Schweiz","robots":{"index":"index","follow":"follow","max-snippet":"max-snippet:-1","max-image-preview":"max-image-preview:large","max-video-preview":"max-video-preview:-1"},"canonical":"https:\/\/tipicino.ch\/apfelspare\/de\/product\/power-button-touch-id-macbook-pro-16-a3186-a2991-a2780-a2485-ende-2021-ende-2024\/","og_locale":"de_DE","og_type":"article","og_title":"Pulsante accensione Touch ID per MacBook Pro 16\" A3186 A3403 A2991 A2780 A2485 (Late 2021 \u2013 Late 2024)","og_description":"Pulsante accensione per MacBook Pro 16\" A3186 A2991 A2780 A2485 Late 2021\u20132024. Touch ID disattivato. Spedizioni gratuite in Svizzera","og_url":"https:\/\/tipicino.ch\/apfelspare\/de\/product\/power-button-touch-id-macbook-pro-16-a3186-a2991-a2780-a2485-ende-2021-ende-2024\/","og_site_name":"Ricambi MacBook Pro, MacBook Air e iMac in Svizzera \u2013 Display, Tastiere, Batterie, Trackpad","article_modified_time":"2026-02-09T06:54:16+00:00","og_image":[{"width":1000,"height":1000,"url":"https:\/\/tipicino.ch\/apfelspare\/wp-content\/uploads\/2025\/07\/pulsante-accensione-touch-id-macbook-pro-16-a3186-a2991-a2780-a2485-late-2021-late-2024.png","type":"image\/png"}],"twitter_card":"summary_large_image","twitter_misc":{"Gesch\u00e4tzte Lesezeit":"2\u00a0Minuten"},"schema":{"@context":"https:\/\/schema.org","@graph":[{"@type":"WebPage","@id":"https:\/\/tipicino.ch\/apfelspare\/de\/prodotto\/pulsante-accensione-touch-id-macbook-pro-16-a3186-a2991-a2780-a2485-late-2021-late-2024\/","url":"https:\/\/tipicino.ch\/apfelspare\/de\/prodotto\/pulsante-accensione-touch-id-macbook-pro-16-a3186-a2991-a2780-a2485-late-2021-late-2024\/","name":"Touch ID \/ Power-Taste f\u00fcr MacBook Pro 16\" A3186 A3403 A2991 A2780 A2485 (Late 2021 - Late 2024)","isPartOf":{"@id":"https:\/\/tipicino.ch\/apfelspare\/de\/#website"},"primaryImageOfPage":{"@id":"https:\/\/tipicino.ch\/apfelspare\/de\/prodotto\/pulsante-accensione-touch-id-macbook-pro-16-a3186-a2991-a2780-a2485-late-2021-late-2024\/#primaryimage"},"image":{"@id":"https:\/\/tipicino.ch\/apfelspare\/de\/prodotto\/pulsante-accensione-touch-id-macbook-pro-16-a3186-a2991-a2780-a2485-late-2021-late-2024\/#primaryimage"},"thumbnailUrl":"https:\/\/tipicino.ch\/apfelspare\/wp-content\/uploads\/2025\/07\/pulsante-accensione-touch-id-macbook-pro-16-a3186-a2991-a2780-a2485-late-2021-late-2024.png","datePublished":"2025-07-14T16:51:00+00:00","dateModified":"2026-02-09T06:54:16+00:00","description":"Touch ID \/ Power-Taste f\u00fcr MacBook Pro 16\" A3186 A2991 A2780 A2485 Late 2021-2024. Touch ID deaktiviert. Kostenloser Versand innerhalb der Schweiz","breadcrumb":{"@id":"https:\/\/tipicino.ch\/apfelspare\/de\/prodotto\/pulsante-accensione-touch-id-macbook-pro-16-a3186-a2991-a2780-a2485-late-2021-late-2024\/#breadcrumb"},"inLanguage":"de-CH","potentialAction":[{"@type":"ReadAction","target":["https:\/\/tipicino.ch\/apfelspare\/de\/prodotto\/pulsante-accensione-touch-id-macbook-pro-16-a3186-a2991-a2780-a2485-late-2021-late-2024\/"]}]},{"@type":"ImageObject","inLanguage":"de-CH","@id":"https:\/\/tipicino.ch\/apfelspare\/de\/prodotto\/pulsante-accensione-touch-id-macbook-pro-16-a3186-a2991-a2780-a2485-late-2021-late-2024\/#primaryimage","url":"https:\/\/tipicino.ch\/apfelspare\/wp-content\/uploads\/2025\/07\/pulsante-accensione-touch-id-macbook-pro-16-a3186-a2991-a2780-a2485-late-2021-late-2024.png","contentUrl":"https:\/\/tipicino.ch\/apfelspare\/wp-content\/uploads\/2025\/07\/pulsante-accensione-touch-id-macbook-pro-16-a3186-a2991-a2780-a2485-late-2021-late-2024.png","width":1000,"height":1000,"caption":"pulsante accensione touch id macbook pro 16 a3186 a2991 a2780 a2485 late 2021 late 2024"},{"@type":"BreadcrumbList","@id":"https:\/\/tipicino.ch\/apfelspare\/de\/prodotto\/pulsante-accensione-touch-id-macbook-pro-16-a3186-a2991-a2780-a2485-late-2021-late-2024\/#breadcrumb","itemListElement":[{"@type":"ListItem","position":1,"name":"Home","item":"https:\/\/tipicino.ch\/apfelspare\/de\/"},{"@type":"ListItem","position":2,"name":"Shop","item":"https:\/\/tipicino.ch\/apfelspare\/de\/shop\/"},{"@type":"ListItem","position":3,"name":"Pulsante accensione Touch ID per MacBook Pro 16&#8243; A3186 A3403 A2991 A2780 A2485 (Late 2021 \u2013 Late 2024)"}]},{"@type":"WebSite","@id":"https:\/\/tipicino.ch\/apfelspare\/de\/#website","url":"https:\/\/tipicino.ch\/apfelspare\/de\/","name":"Ersatzteile f\u00fcr MacBook Pro, MacBook Air und iMac in der Schweiz \u2013 Display, Tastaturen, Batterien, Trackpads","description":"","publisher":{"@id":"https:\/\/tipicino.ch\/apfelspare\/de\/#organization"},"potentialAction":[{"@type":"SearchAction","target":{"@type":"EntryPoint","urlTemplate":"https:\/\/tipicino.ch\/apfelspare\/de\/?s={search_term_string}"},"query-input":{"@type":"PropertyValueSpecification","valueRequired":true,"valueName":"search_term_string"}}],"inLanguage":"de-CH"},{"@type":"Organization","@id":"https:\/\/tipicino.ch\/apfelspare\/de\/#organization","name":"tipicino.ch\/apfelspare","url":"https:\/\/tipicino.ch\/apfelspare\/de\/","logo":{"@type":"ImageObject","inLanguage":"de-CH","@id":"https:\/\/tipicino.ch\/apfelspare\/de\/#\/schema\/logo\/image\/","url":"https:\/\/tipicino.ch\/apfelspare\/wp-content\/uploads\/2025\/08\/cropped-FAVICON-tipicino.ch\/apfelspare_.png","contentUrl":"https:\/\/tipicino.ch\/apfelspare\/wp-content\/uploads\/2025\/08\/cropped-FAVICON-tipicino.ch\/apfelspare_.png","width":512,"height":512,"caption":"tipicino.ch\/apfelspare"},"image":{"@id":"https:\/\/tipicino.ch\/apfelspare\/de\/#\/schema\/logo\/image\/"}}]}},"_links":{"self":[{"href":"https:\/\/tipicino.ch\/apfelspare\/de\/wp-json\/wp\/v2\/product\/16700","targetHints":{"allow":["GET"]}}],"collection":[{"href":"https:\/\/tipicino.ch\/apfelspare\/de\/wp-json\/wp\/v2\/product"}],"about":[{"href":"https:\/\/tipicino.ch\/apfelspare\/de\/wp-json\/wp\/v2\/types\/product"}],"replies":[{"embeddable":true,"href":"https:\/\/tipicino.ch\/apfelspare\/de\/wp-json\/wp\/v2\/comments?post=16700"}],"wp:featuredmedia":[{"embeddable":true,"href":"https:\/\/tipicino.ch\/apfelspare\/de\/wp-json\/wp\/v2\/media\/16701"}],"wp:attachment":[{"href":"https:\/\/tipicino.ch\/apfelspare\/de\/wp-json\/wp\/v2\/media?parent=16700"}],"wp:term":[{"taxonomy":"product_brand","embeddable":true,"href":"https:\/\/tipicino.ch\/apfelspare\/de\/wp-json\/wp\/v2\/product_brand?post=16700"},{"taxonomy":"product_cat","embeddable":true,"href":"https:\/\/tipicino.ch\/apfelspare\/de\/wp-json\/wp\/v2\/product_cat?post=16700"},{"taxonomy":"product_tag","embeddable":true,"href":"https:\/\/tipicino.ch\/apfelspare\/de\/wp-json\/wp\/v2\/product_tag?post=16700"}],"curies":[{"name":"wp","href":"https:\/\/api.w.org\/{rel}","templated":true}]}}