{"id":16702,"date":"2025-07-14T16:58:09","date_gmt":"2025-07-14T16:58:09","guid":{"rendered":"https:\/\/tipicino.ch\/apfelspare\/?post_type=product&#038;p=16702"},"modified":"2026-03-24T10:17:39","modified_gmt":"2026-03-24T10:17:39","slug":"power-button-touch-id-macbook-pro-14-a3185-a2992-a2779-a2442-ende-2021-ende-2024","status":"publish","type":"product","link":"https:\/\/tipicino.ch\/apfelspare\/de\/prodotto\/pulsante-accensione-touch-id-macbook-pro-14-a3185-a2992-a2779-a2442-late-2021-late-2024\/","title":{"rendered":"Touch ID \/ Power Button f\u00fcr MacBook Pro 14\u2033 A3185 A3401 A3112 A2992 A2918 A2779 A2442 (Late 2021 - Late 2024)"},"content":{"rendered":"<div class=\"aps-pdp\">\n<section class=\"aps-card\">\n<header class=\"aps-card__head\">\n<h2 class=\"aps-h\">Touch ID \/ Einschaltknopf f\u00fcr MacBook Pro 14\" A2442 A2779 A2918 A2992 A3112 A3185 A3401 (Late 2021 \u2013 Late 2024)<\/h2>\n<p class=\"aps-sub\">Ersatzteil f\u00fcr den Austausch des Ein-\/Ausschalters.<\/p>\n<\/header>\n<p>\n      Dieser Einschaltknopf ist ein Ersatzteil f\u00fcr MacBook Pro 14\" (Late 2021 \u2013 Late 2024) und eignet sich, wenn die Power-Taste Fehlfunktionen aufweist oder nicht mehr zuverl\u00e4ssig reagiert. Ein Austausch ist angezeigt bei intermittierendem Startverhalten, wenn mehrfaches Dr\u00fccken erforderlich ist, der Druck keinen Kontakt herstellt oder nach physischen Sch\u00e4den, Abnutzung oder Fl\u00fcssigkeitskontakt, die das Modul beeintr\u00e4chtigen k\u00f6nnen. Das Bauteil integriert den Touch-ID-Sensor physisch, ist jedoch ausschliesslich zur Wiederherstellung der Einschaltfunktion des Ger\u00e4ts vorgesehen. Nur mit den angegebenen Modellen kompatibel.\n    <\/p>\n<p class=\"aps-note\">\n      <span class=\"aps-note__ico\">!<\/span><br \/>\n      <span class=\"aps-note__txt\"><strong>Achtung:<\/strong> der Touch ID-Sensor <strong>wird nicht funktionieren<\/strong>, da er mit der originalen Logikplatine des Mac gekoppelt ist. Der Knopf funktioniert ausschliesslich als Ein-\/Ausschalter.<\/span>\n    <\/p>\n<\/section>\n<section class=\"aps-card\">\n<header class=\"aps-card__head\">\n<h2 class=\"aps-h\">Unterst\u00fctzte Modelle<\/h2>\n<p class=\"aps-sub\">\u00dcberpr\u00fcfen Sie vor dem Kauf die Modellidentifikation.<\/p>\n<\/header>\n<ul class=\"aps-check\">\n<li><strong>MacBook Pro 14\" A2442 (Late 2021)<\/strong> <span class=\"aps-badge\">MacBookPro18.3<\/span><\/li>\n<li><strong>MacBook Pro 14\" A2442 (Late 2021)<\/strong> <span class=\"aps-badge\">MacBookPro18.4<\/span><\/li>\n<li><strong>MacBook Pro 14\" A2779 (Early 2023)<\/strong> <span class=\"aps-badge\">Mac14.5<\/span><\/li>\n<li><strong>MacBook Pro 14\" A2779 (Early 2023)<\/strong> <span class=\"aps-badge\">Mac14.9<\/span><\/li>\n<li><strong>MacBook Pro 14\" A2918 (Late 2023)<\/strong> <span class=\"aps-badge\">Mac15.3<\/span><\/li>\n<li><strong>MacBook Pro 14\" A2992 (Late 2023)<\/strong> <span class=\"aps-badge\">Mac15.6<\/span><\/li>\n<li><strong>MacBook Pro 14\" A2992 (Late 2023)<\/strong> <span class=\"aps-badge\">Mac15.8<\/span><\/li>\n<li><strong>MacBook Pro 14\" A2992 (Late 2023)<\/strong> <span class=\"aps-badge\">Mac15.10<\/span><\/li>\n<li><strong>MacBook Pro 14\" A3112 (Late 2024)<\/strong> <span class=\"aps-badge\">Mac16.1<\/span><\/li>\n<li><strong>MacBook Pro 14\" A3185 (Late 2024)<\/strong> <span class=\"aps-badge\">Mac16.6<\/span><\/li>\n<li><strong>MacBook Pro 14\" A3401 (Late 2024)<\/strong> <span class=\"aps-badge\">Mac16.8<\/span><\/li>\n<\/ul>\n<\/section>\n<section class=\"aps-card\">\n<header class=\"aps-card__head\">\n<h2 class=\"aps-h\">Technische Eigenschaften<\/h2>\n<p class=\"aps-sub\">Hauptdaten des Ersatzteils.<\/p>\n<\/header>\n<div class=\"aps-specgrid\">\n<div class=\"aps-spec\">\n<div><span>Ersatzteiltyp<\/span><strong>Touch ID \/ Power-Taste<\/strong><\/div>\n<\/div>\n<div class=\"aps-spec\">\n<div><span>Einschaltfunktion<\/span><strong>Aktiv<\/strong><\/div>\n<\/div>\n<div class=\"aps-spec\">\n<div><span>Touch-ID-Funktion<\/span><strong>Nicht aktiv<\/strong><\/div>\n<\/div>\n<div class=\"aps-spec\">\n<div><span>Zustand<\/span><strong>Neu<\/strong><\/div>\n<\/div><\/div>\n<\/section>\n<section class=\"aps-card aps-callout aps-callout--warn\">\n<header class=\"aps-card__head\">\n<h2 class=\"aps-h\">Installation und Hinweise<\/h2>\n<p class=\"aps-sub\">Der Eingriff durch einen qualifizierten Techniker wird empfohlen.<\/p>\n<\/header>\n<p>\n      Die Installation des Schalters erfordert das \u00d6ffnen des Ger\u00e4ts. Die Durchf\u00fchrung durch einen qualifizierten Techniker wird empfohlen, um Sch\u00e4den an der Hauptplatine oder an anderen Komponenten zu vermeiden. Das Ersatzteil ist montagebereit.\n    <\/p>\n<\/section>\n<section class=\"aps-card aps-callout aps-callout--info\">\n<header class=\"aps-card__head\">\n<h2 class=\"aps-h\">Zweifel an der Kompatibilit\u00e4t?<\/h2>\n<p class=\"aps-sub\">Wir helfen Ihnen bei der \u00dcberpr\u00fcfung von Kompatibilit\u00e4t und Version.<\/p>\n<\/header>\n<div class=\"aps-cta\">\n      <a class=\"aps-btn\" href=\"mailto:info@apfelspare.ch\">info@apfelspare.ch<\/a><br \/>\n      <span class=\"aps-cta__hint\">Geben Sie das Modell Axxxx und die Kennung an (z. B. Mac15,x).<\/span>\n    <\/div>\n<\/section>\n<\/div>","protected":false},"excerpt":{"rendered":"<p>Touch ID \/ Power-Taste f\u00fcr MacBook Pro 14\u2033 A3185 A2992 A2779 A2442 Late 2021-2024. Touch ID deaktiviert. Kostenloser Versand innerhalb der Schweiz<\/p>","protected":false},"featured_media":16703,"comment_status":"closed","ping_status":"closed","template":"","meta":{"_acf_changed":false,"_et_pb_use_builder":"","_et_pb_old_content":"","_et_gb_content_width":""},"product_brand":[],"product_cat":[58,59,60,63,62,187,65,68,17],"product_tag":[],"class_list":{"0":"post-16702","1":"product","2":"type-product","3":"status-publish","4":"has-post-thumbnail","6":"product_cat-macbook-pro-14-late-2024-a3185","7":"product_cat-macbook-pro-14-late-2024-a3401","8":"product_cat-macbook-pro-14-late-2024-a3112","9":"product_cat-macbook-pro-14-late-2023-a2918","10":"product_cat-macbook-pro-14-late-2023-a2992","11":"product_cat-cavi-connettori","12":"product_cat-macbook-pro-14-early-2023-a2779-2","13":"product_cat-macbook-pro-14-late-2021-a2442","14":"product_cat-category-macbook-pro","15":"product_shipping_class-14-giorni","17":"first","18":"onbackorder","19":"shipping-taxable","20":"purchasable","21":"product-type-simple"},"acf":[],"yoast_head":"<!-- This site is optimized with the Yoast SEO plugin v27.4 - https:\/\/yoast.com\/product\/yoast-seo-wordpress\/ -->\n<title>Pulsante accensione Touch ID per MacBook Pro 14&quot; A3185 A3401 A3112 A2992 A2918 A2779 A2442 (Late 2021 \u2013 Late 2024)<\/title>\n<meta name=\"description\" content=\"Pulsante accensione per MacBook Pro 14&quot; A3185 A2992 A2779 A2442 Late 2021\u20132024. Touch ID disattivato. Spedizioni gratuite in Svizzera\" \/>\n<meta name=\"robots\" content=\"index, follow, max-snippet:-1, max-image-preview:large, max-video-preview:-1\" \/>\n<link rel=\"canonical\" href=\"https:\/\/tipicino.ch\/apfelspare\/de\/product\/power-button-touch-id-macbook-pro-14-a3185-a2992-a2779-a2442-ende-2021-ende-2024\/\" \/>\n<meta property=\"og:locale\" content=\"de_DE\" \/>\n<meta property=\"og:type\" content=\"article\" \/>\n<meta property=\"og:title\" content=\"Pulsante accensione Touch ID per MacBook Pro 14&quot; A3185 A3401 A3112 A2992 A2918 A2779 A2442 (Late 2021 \u2013 Late 2024)\" \/>\n<meta property=\"og:description\" content=\"Pulsante accensione per MacBook Pro 14&quot; A3185 A2992 A2779 A2442 Late 2021\u20132024. Touch ID disattivato. Spedizioni gratuite in Svizzera\" \/>\n<meta property=\"og:url\" content=\"https:\/\/tipicino.ch\/apfelspare\/de\/product\/power-button-touch-id-macbook-pro-14-a3185-a2992-a2779-a2442-ende-2021-ende-2024\/\" \/>\n<meta property=\"og:site_name\" content=\"Ricambi MacBook Pro, MacBook Air e iMac in Svizzera \u2013 Display, Tastiere, Batterie, Trackpad\" \/>\n<meta property=\"article:modified_time\" content=\"2026-03-24T10:17:39+00:00\" \/>\n<meta property=\"og:image\" content=\"https:\/\/tipicino.ch\/apfelspare\/wp-content\/uploads\/2025\/07\/pulsante-accensione-touch-id-macbook-pro-14-a3185-a2992-a2779-a2442-late-2021-late-2024.png\" \/>\n\t<meta property=\"og:image:width\" content=\"1000\" \/>\n\t<meta property=\"og:image:height\" content=\"1000\" \/>\n\t<meta property=\"og:image:type\" content=\"image\/png\" \/>\n<meta name=\"twitter:card\" content=\"summary_large_image\" \/>\n<meta name=\"twitter:label1\" content=\"Gesch\u00e4tzte Lesezeit\" \/>\n\t<meta name=\"twitter:data1\" content=\"2\u00a0Minuten\" \/>\n<!-- \/ Yoast SEO plugin. -->","yoast_head_json":{"title":"Touch ID \/ Power-Taste f\u00fcr MacBook Pro 14\" A3185 A3401 A3112 A2992 A2918 A2779 A2442 (Late 2021 - Late 2024)","description":"Touch ID \/ Power-Taste f\u00fcr MacBook Pro 14\" A3185 A2992 A2779 A2442 Late 2021-2024. Touch ID deaktiviert. Kostenloser Versand innerhalb der Schweiz","robots":{"index":"index","follow":"follow","max-snippet":"max-snippet:-1","max-image-preview":"max-image-preview:large","max-video-preview":"max-video-preview:-1"},"canonical":"https:\/\/tipicino.ch\/apfelspare\/de\/product\/power-button-touch-id-macbook-pro-14-a3185-a2992-a2779-a2442-ende-2021-ende-2024\/","og_locale":"de_DE","og_type":"article","og_title":"Pulsante accensione Touch ID per MacBook Pro 14\" A3185 A3401 A3112 A2992 A2918 A2779 A2442 (Late 2021 \u2013 Late 2024)","og_description":"Pulsante accensione per MacBook Pro 14\" A3185 A2992 A2779 A2442 Late 2021\u20132024. Touch ID disattivato. Spedizioni gratuite in Svizzera","og_url":"https:\/\/tipicino.ch\/apfelspare\/de\/product\/power-button-touch-id-macbook-pro-14-a3185-a2992-a2779-a2442-ende-2021-ende-2024\/","og_site_name":"Ricambi MacBook Pro, MacBook Air e iMac in Svizzera \u2013 Display, Tastiere, Batterie, Trackpad","article_modified_time":"2026-03-24T10:17:39+00:00","og_image":[{"width":1000,"height":1000,"url":"https:\/\/tipicino.ch\/apfelspare\/wp-content\/uploads\/2025\/07\/pulsante-accensione-touch-id-macbook-pro-14-a3185-a2992-a2779-a2442-late-2021-late-2024.png","type":"image\/png"}],"twitter_card":"summary_large_image","twitter_misc":{"Gesch\u00e4tzte Lesezeit":"2\u00a0Minuten"},"schema":{"@context":"https:\/\/schema.org","@graph":[{"@type":"WebPage","@id":"https:\/\/tipicino.ch\/apfelspare\/de\/prodotto\/pulsante-accensione-touch-id-macbook-pro-14-a3185-a2992-a2779-a2442-late-2021-late-2024\/","url":"https:\/\/tipicino.ch\/apfelspare\/de\/prodotto\/pulsante-accensione-touch-id-macbook-pro-14-a3185-a2992-a2779-a2442-late-2021-late-2024\/","name":"Touch ID \/ Power-Taste f\u00fcr MacBook Pro 14\" A3185 A3401 A3112 A2992 A2918 A2779 A2442 (Late 2021 - Late 2024)","isPartOf":{"@id":"https:\/\/tipicino.ch\/apfelspare\/de\/#website"},"primaryImageOfPage":{"@id":"https:\/\/tipicino.ch\/apfelspare\/de\/prodotto\/pulsante-accensione-touch-id-macbook-pro-14-a3185-a2992-a2779-a2442-late-2021-late-2024\/#primaryimage"},"image":{"@id":"https:\/\/tipicino.ch\/apfelspare\/de\/prodotto\/pulsante-accensione-touch-id-macbook-pro-14-a3185-a2992-a2779-a2442-late-2021-late-2024\/#primaryimage"},"thumbnailUrl":"https:\/\/tipicino.ch\/apfelspare\/wp-content\/uploads\/2025\/07\/pulsante-accensione-touch-id-macbook-pro-14-a3185-a2992-a2779-a2442-late-2021-late-2024.png","datePublished":"2025-07-14T16:58:09+00:00","dateModified":"2026-03-24T10:17:39+00:00","description":"Touch ID \/ Power-Taste f\u00fcr MacBook Pro 14\" A3185 A2992 A2779 A2442 Late 2021-2024. Touch ID deaktiviert. Kostenloser Versand innerhalb der Schweiz","breadcrumb":{"@id":"https:\/\/tipicino.ch\/apfelspare\/de\/prodotto\/pulsante-accensione-touch-id-macbook-pro-14-a3185-a2992-a2779-a2442-late-2021-late-2024\/#breadcrumb"},"inLanguage":"de-CH","potentialAction":[{"@type":"ReadAction","target":["https:\/\/tipicino.ch\/apfelspare\/de\/prodotto\/pulsante-accensione-touch-id-macbook-pro-14-a3185-a2992-a2779-a2442-late-2021-late-2024\/"]}]},{"@type":"ImageObject","inLanguage":"de-CH","@id":"https:\/\/tipicino.ch\/apfelspare\/de\/prodotto\/pulsante-accensione-touch-id-macbook-pro-14-a3185-a2992-a2779-a2442-late-2021-late-2024\/#primaryimage","url":"https:\/\/tipicino.ch\/apfelspare\/wp-content\/uploads\/2025\/07\/pulsante-accensione-touch-id-macbook-pro-14-a3185-a2992-a2779-a2442-late-2021-late-2024.png","contentUrl":"https:\/\/tipicino.ch\/apfelspare\/wp-content\/uploads\/2025\/07\/pulsante-accensione-touch-id-macbook-pro-14-a3185-a2992-a2779-a2442-late-2021-late-2024.png","width":1000,"height":1000,"caption":"pulsante accensione touch id macbook pro 14 a3185 a2992 a2779 a2442 late 2021 late 2024"},{"@type":"BreadcrumbList","@id":"https:\/\/tipicino.ch\/apfelspare\/de\/prodotto\/pulsante-accensione-touch-id-macbook-pro-14-a3185-a2992-a2779-a2442-late-2021-late-2024\/#breadcrumb","itemListElement":[{"@type":"ListItem","position":1,"name":"Home","item":"https:\/\/tipicino.ch\/apfelspare\/de\/"},{"@type":"ListItem","position":2,"name":"Shop","item":"https:\/\/tipicino.ch\/apfelspare\/de\/shop\/"},{"@type":"ListItem","position":3,"name":"Pulsante accensione Touch ID per MacBook Pro 14&#8243; A3185 A3401 A3112 A2992 A2918 A2779 A2442 (Late 2021 \u2013 Late 2024)"}]},{"@type":"WebSite","@id":"https:\/\/tipicino.ch\/apfelspare\/de\/#website","url":"https:\/\/tipicino.ch\/apfelspare\/de\/","name":"Ersatzteile f\u00fcr MacBook Pro, MacBook Air und iMac in der Schweiz \u2013 Display, Tastaturen, Batterien, Trackpads","description":"","publisher":{"@id":"https:\/\/tipicino.ch\/apfelspare\/de\/#organization"},"potentialAction":[{"@type":"SearchAction","target":{"@type":"EntryPoint","urlTemplate":"https:\/\/tipicino.ch\/apfelspare\/de\/?s={search_term_string}"},"query-input":{"@type":"PropertyValueSpecification","valueRequired":true,"valueName":"search_term_string"}}],"inLanguage":"de-CH"},{"@type":"Organization","@id":"https:\/\/tipicino.ch\/apfelspare\/de\/#organization","name":"tipicino.ch\/apfelspare","url":"https:\/\/tipicino.ch\/apfelspare\/de\/","logo":{"@type":"ImageObject","inLanguage":"de-CH","@id":"https:\/\/tipicino.ch\/apfelspare\/de\/#\/schema\/logo\/image\/","url":"https:\/\/tipicino.ch\/apfelspare\/wp-content\/uploads\/2025\/08\/cropped-FAVICON-tipicino.ch\/apfelspare_.png","contentUrl":"https:\/\/tipicino.ch\/apfelspare\/wp-content\/uploads\/2025\/08\/cropped-FAVICON-tipicino.ch\/apfelspare_.png","width":512,"height":512,"caption":"tipicino.ch\/apfelspare"},"image":{"@id":"https:\/\/tipicino.ch\/apfelspare\/de\/#\/schema\/logo\/image\/"}}]}},"_links":{"self":[{"href":"https:\/\/tipicino.ch\/apfelspare\/de\/wp-json\/wp\/v2\/product\/16702","targetHints":{"allow":["GET"]}}],"collection":[{"href":"https:\/\/tipicino.ch\/apfelspare\/de\/wp-json\/wp\/v2\/product"}],"about":[{"href":"https:\/\/tipicino.ch\/apfelspare\/de\/wp-json\/wp\/v2\/types\/product"}],"replies":[{"embeddable":true,"href":"https:\/\/tipicino.ch\/apfelspare\/de\/wp-json\/wp\/v2\/comments?post=16702"}],"wp:featuredmedia":[{"embeddable":true,"href":"https:\/\/tipicino.ch\/apfelspare\/de\/wp-json\/wp\/v2\/media\/16703"}],"wp:attachment":[{"href":"https:\/\/tipicino.ch\/apfelspare\/de\/wp-json\/wp\/v2\/media?parent=16702"}],"wp:term":[{"taxonomy":"product_brand","embeddable":true,"href":"https:\/\/tipicino.ch\/apfelspare\/de\/wp-json\/wp\/v2\/product_brand?post=16702"},{"taxonomy":"product_cat","embeddable":true,"href":"https:\/\/tipicino.ch\/apfelspare\/de\/wp-json\/wp\/v2\/product_cat?post=16702"},{"taxonomy":"product_tag","embeddable":true,"href":"https:\/\/tipicino.ch\/apfelspare\/de\/wp-json\/wp\/v2\/product_tag?post=16702"}],"curies":[{"name":"wp","href":"https:\/\/api.w.org\/{rel}","templated":true}]}}