{"id":1004,"date":"2025-01-28T18:34:12","date_gmt":"2025-01-28T18:34:12","guid":{"rendered":"https:\/\/tipicino.ch\/apfelspare\/?page_id=1004"},"modified":"2026-04-09T13:56:19","modified_gmt":"2026-04-09T13:56:19","slug":"droit-de-retractation","status":"publish","type":"page","link":"https:\/\/tipicino.ch\/apfelspare\/fr\/diritto-di-recesso\/","title":{"rendered":"Droit de r\u00e9tractation - apfelspare.ch | Pi\u00e8ces d\u00e9tach\u00e9es pour MacBook et iMac"},"content":{"rendered":"<p>[et_pb_section fb_built=&#8221;1&#8243; _builder_version=&#8221;4.27.6&#8243; _module_preset=&#8221;default&#8221; custom_margin=&#8221;0px||0px||true|false&#8221; custom_padding=&#8221;0px||0px||true|false&#8221; locked=&#8221;off&#8221; global_colors_info=&#8221;{}&#8221;][et_pb_row use_custom_gutter=&#8221;on&#8221; make_equal=&#8221;on&#8221; custom_padding_last_edited=&#8221;on|desktop&#8221; _builder_version=&#8221;4.27.6&#8243; _module_preset=&#8221;default&#8221; background_enable_color=&#8221;off&#8221; width=&#8221;75%&#8221; module_alignment=&#8221;center&#8221; custom_padding=&#8221;|0px|||false|false&#8221; custom_padding_tablet=&#8221;|0px|50px||false|false&#8221; custom_padding_phone=&#8221;|0px|50px||false|false&#8221; global_colors_info=&#8221;{}&#8221;][et_pb_column type=&#8221;4_4&#8243; _builder_version=&#8221;4.21.0&#8243; _module_preset=&#8221;default&#8221; custom_css_main_element=&#8221;display: flex;||flex-wrap: wrap;||align-content: center;&#8221; global_colors_info=&#8221;{}&#8221; custom_css_main_element_last_edited=&#8221;on|tablet&#8221; custom_css_main_element_tablet=&#8221;display: inline-block;&#8221; custom_css_main_element_phone=&#8221;display: inline-block;&#8221;][et_pb_code _builder_version=&#8221;4.27.6&#8243; _module_preset=&#8221;default&#8221; module_alignment=&#8221;center&#8221; hover_enabled=&#8221;0&#8243; global_colors_info=&#8221;{}&#8221; sticky_enabled=&#8221;0&#8243;]<\/p>\n<style><!-- [et_pb_line_break_holder] -->.apf-legal h1 {<!-- [et_pb_line_break_holder] -->  font-size: 28px !important;<!-- [et_pb_line_break_holder] -->  font-weight: 900 !important;<!-- [et_pb_line_break_holder] -->  color: #1a2a3a !important;<!-- [et_pb_line_break_holder] -->  text-transform: uppercase !important;<!-- [et_pb_line_break_holder] -->  letter-spacing: 1px !important;<!-- [et_pb_line_break_holder] -->  margin: 0 0 32px !important;<!-- [et_pb_line_break_holder] -->  padding-bottom: 16px !important;<!-- [et_pb_line_break_holder] -->  border-bottom: 2px solid #e4edf6 !important;<!-- [et_pb_line_break_holder] -->}<!-- [et_pb_line_break_holder] -->.apf-legal h2 {<!-- [et_pb_line_break_holder] -->  font-size: 16px !important;<!-- [et_pb_line_break_holder] -->  font-weight: 700 !important;<!-- [et_pb_line_break_holder] -->  color: #1a2a3a !important;<!-- [et_pb_line_break_holder] -->  text-transform: uppercase !important;<!-- [et_pb_line_break_holder] -->  letter-spacing: .5px !important;<!-- [et_pb_line_break_holder] -->  margin: 32px 0 14px !important;<!-- [et_pb_line_break_holder] -->  padding-bottom: 8px !important;<!-- [et_pb_line_break_holder] -->  border-bottom: 1px solid #e4edf6 !important;<!-- [et_pb_line_break_holder] -->}<!-- [et_pb_line_break_holder] -->.apf-legal p,<!-- [et_pb_line_break_holder] -->.apf-legal article > p,<!-- [et_pb_line_break_holder] -->.apf-legal header {<!-- [et_pb_line_break_holder] -->  font-size: 15px !important;<!-- [et_pb_line_break_holder] -->  line-height: 1.75 !important;<!-- [et_pb_line_break_holder] -->  color: #303033 !important;<!-- [et_pb_line_break_holder] -->  margin: 0 0 16px !important;<!-- [et_pb_line_break_holder] -->}<!-- [et_pb_line_break_holder] -->.apf-legal header {<!-- [et_pb_line_break_holder] -->  color: #6b7a8d !important;<!-- [et_pb_line_break_holder] -->  display: block !important;<!-- [et_pb_line_break_holder] -->}<!-- [et_pb_line_break_holder] -->.apf-legal strong {<!-- [et_pb_line_break_holder] -->  color: #1a2a3a !important;<!-- [et_pb_line_break_holder] -->  font-weight: 700 !important;<!-- [et_pb_line_break_holder] -->}<!-- [et_pb_line_break_holder] -->.apf-legal a {<!-- [et_pb_line_break_holder] -->  color: #2c3e50 !important;<!-- [et_pb_line_break_holder] -->  text-decoration: underline !important;<!-- [et_pb_line_break_holder] -->  font-weight: 500 !important;<!-- [et_pb_line_break_holder] -->}<!-- [et_pb_line_break_holder] -->.apf-legal a:hover { color: #e04444 !important; }<!-- [et_pb_line_break_holder] -->.apf-legal ul {<!-- [et_pb_line_break_holder] -->  list-style: none !important;<!-- [et_pb_line_break_holder] -->  padding: 0 !important;<!-- [et_pb_line_break_holder] -->  margin: 12px 0 24px !important;<!-- [et_pb_line_break_holder] -->}<!-- [et_pb_line_break_holder] -->.apf-legal ul li {<!-- [et_pb_line_break_holder] -->  font-size: 15px !important;<!-- [et_pb_line_break_holder] -->  color: #303033 !important;<!-- [et_pb_line_break_holder] -->  padding: 8px 0 8px 20px !important;<!-- [et_pb_line_break_holder] -->  position: relative !important;<!-- [et_pb_line_break_holder] -->  border-bottom: 1px solid #edf2f8 !important;<!-- [et_pb_line_break_holder] -->  line-height: 1.6 !important;<!-- [et_pb_line_break_holder] -->}<!-- [et_pb_line_break_holder] -->.apf-legal ul li:last-child { border-bottom: none !important; }<!-- [et_pb_line_break_holder] -->.apf-legal ul li::before {<!-- [et_pb_line_break_holder] -->  content: '\u2192' !important;<!-- [et_pb_line_break_holder] -->  position: absolute !important;<!-- [et_pb_line_break_holder] -->  left: 0 !important;<!-- [et_pb_line_break_holder] -->  color: #2c3e50 !important;<!-- [et_pb_line_break_holder] -->  font-weight: 700 !important;<!-- [et_pb_line_break_holder] -->}<!-- [et_pb_line_break_holder] -->.apf-legal ul li a { color: #2c3e50 !important; }<!-- [et_pb_line_break_holder] --><\/style>\n<p><!-- [et_pb_line_break_holder] --><!-- [et_pb_line_break_holder] --><\/p>\n<div class=\"apf-legal\"><!-- [et_pb_line_break_holder] --><\/p>\n<section><!-- [et_pb_line_break_holder] --><\/p>\n<header><!-- [et_pb_line_break_holder] --><\/p>\n<h1>Diritto di Recesso &#8211; tipicino.ch di Luca Ingarozza (apfelspare.ch)<\/h1>\n<p><!-- [et_pb_line_break_holder] -->Scopri come richiedere un reso o annullare un ordine con tipicino.ch di Luca Ingarozza operante con il brand apfelspare.ch (di seguito apfelspare.ch) . La nostra politica si basa sulla normativa Svizzera e garantisce massima trasparenza e flessibilit\u00e0.<!-- [et_pb_line_break_holder] --><\/header>\n<p><!-- [et_pb_line_break_holder] --><\/p>\n<article><!-- [et_pb_line_break_holder] --><\/p>\n<h2>1. Politica di Reso<\/h2>\n<p><!-- [et_pb_line_break_holder] -->La legge Svizzera non prevede obblighi di reso per i beni acquistati online. Tuttavia, apfelspare.ch offre ai propri clienti la possibilit\u00e0 di richiedere un reso in alcune circostanze, come descritto di seguito:<!-- [et_pb_line_break_holder] --><\/p>\n<ul><!-- [et_pb_line_break_holder] --><\/p>\n<li>Il reso \u00e8 accettato solo se il prodotto non \u00e8 stato aperto e se \u00e8 in condizioni perfette.<\/li>\n<p><!-- [et_pb_line_break_holder] --><\/p>\n<li>I prodotti gi\u00e0 aperti o utilizzati saranno valutati caso per caso. In questi casi, potrebbe essere applicata una penale del 10% del valore del prodotto.<\/li>\n<p><!-- [et_pb_line_break_holder] --><\/p>\n<li>Le richieste di reso devono essere effettuate entro 14 giorni dalla ricezione dell&#8217;ordine.<\/li>\n<p><!-- [et_pb_line_break_holder] --><\/p>\n<li>Le spese di spedizione per il reso sono a carico di apfelspare.ch. L&#8217;etichetta di reso viene fornita gratuitamente.<\/li>\n<p><!-- [et_pb_line_break_holder] --><\/ul>\n<p><!-- [et_pb_line_break_holder] -->Per avviare una richiesta di reso, contattaci all&#8217;indirizzo <a href=\"mailto:info@apfelspare.ch\">info@apfelspare.ch<\/a>. Ogni richiesta sar\u00e0 valutata individualmente.<!-- [et_pb_line_break_holder] --><\/p>\n<h2>2. Condizioni di Annullamento Ordini<\/h2>\n<p><!-- [et_pb_line_break_holder] -->Gli ordini possono essere annullati senza costi aggiuntivi solo se la merce non \u00e8 stata ancora spedita. Per richiedere l&#8217;annullamento, contattaci tempestivamente tramite:<!-- [et_pb_line_break_holder] --><\/p>\n<ul><!-- [et_pb_line_break_holder] --><\/p>\n<li>Email: <a href=\"mailto:info@apfelspare.ch\">info@apfelspare.ch<\/a><\/li>\n<p><!-- [et_pb_line_break_holder] --><\/p>\n<li>Telefono: <a href=\"tel:+41762454592\">+41 (0)76 245 45 92<\/a> (disponibile solo tramite testo su WhatsApp o Telegram)<\/li>\n<p><!-- [et_pb_line_break_holder] --><\/ul>\n<p><!-- [et_pb_line_break_holder] -->Una volta che l&#8217;ordine \u00e8 stato spedito, non sar\u00e0 pi\u00f9 possibile annullarlo.<!-- [et_pb_line_break_holder] --><\/p>\n<h2>3. Prodotti Esclusi dal Reso<\/h2>\n<p><!-- [et_pb_line_break_holder] -->Alcuni prodotti non possono essere restituiti o rimborsati, come:<!-- [et_pb_line_break_holder] --><\/p>\n<ul><!-- [et_pb_line_break_holder] --><\/p>\n<li>Prodotti danneggiati a causa di un montaggio errato o non professionale.<\/li>\n<p><!-- [et_pb_line_break_holder] --><\/p>\n<li>Prodotti non completi (es. mancanti di componenti o confezione originale).<\/li>\n<p><!-- [et_pb_line_break_holder] --><\/ul>\n<p><!-- [et_pb_line_break_holder] --><\/p>\n<h2>4. Rimborso<\/h2>\n<p><!-- [et_pb_line_break_holder] -->Se il reso viene approvato, il rimborso sar\u00e0 effettuato entro 7 giorni lavorativi dal ricevimento e verifica del prodotto reso. Il rimborso sar\u00e0 accreditato utilizzando lo stesso metodo di pagamento utilizzato per l&#8217;acquisto.<!-- [et_pb_line_break_holder] --><\/p>\n<h2>5. Limitazioni di Responsabilit\u00e0<\/h2>\n<p><!-- [et_pb_line_break_holder] -->apfelspare.ch non si assume responsabilit\u00e0 per:<!-- [et_pb_line_break_holder] --><\/p>\n<ul><!-- [et_pb_line_break_holder] --><\/p>\n<li>Danni causati durante il trasporto del reso (si consiglia di utilizzare spedizioni tracciabili).<\/li>\n<p><!-- [et_pb_line_break_holder] --><\/p>\n<li>Prodotti danneggiati da un uso improprio o non conforme alle istruzioni.<\/li>\n<p><!-- [et_pb_line_break_holder] --><\/ul>\n<p><!-- [et_pb_line_break_holder] --><\/p>\n<h2>6. Foro Competente<\/h2>\n<p><!-- [et_pb_line_break_holder] -->In caso di controversie legali relative ai resi, il foro competente \u00e8 <strong>Bellinzona, Svizzera<\/strong>.<!-- [et_pb_line_break_holder] --><\/p>\n<h2>7. Contatti<\/h2>\n<p><!-- [et_pb_line_break_holder] -->Per ulteriori domande o chiarimenti sulla nostra politica di reso, puoi contattarci tramite:<!-- [et_pb_line_break_holder] --><\/p>\n<ul><!-- [et_pb_line_break_holder] --><\/p>\n<li>Email: <a href=\"mailto:info@apfelspare.ch\">info@apfelspare.ch<\/a><\/li>\n<p><!-- [et_pb_line_break_holder] --><\/p>\n<li>Telefono: <a href=\"tel:+41762454592\">+41 (0)76 245 45 92<\/a> (disponibile solo tramite testo su WhatsApp o Telegram)<\/li>\n<p><!-- [et_pb_line_break_holder] --><\/ul>\n<p><!-- [et_pb_line_break_holder] --><\/article>\n<p><!-- [et_pb_line_break_holder] --><\/section>\n<p><!-- [et_pb_line_break_holder] --><\/div>\n<p>[\/et_pb_code][\/et_pb_column][\/et_pb_row][\/et_pb_section]<\/p>\n","protected":false},"excerpt":{"rendered":"","protected":false},"author":1,"featured_media":0,"parent":0,"menu_order":0,"comment_status":"closed","ping_status":"closed","template":"","meta":{"_acf_changed":false,"_et_pb_use_builder":"on","_et_pb_old_content":"<!-- wp:divi\/placeholder \/-->","_et_gb_content_width":"","footnotes":""},"class_list":["post-1004","page","type-page","status-publish","hentry"],"acf":[],"yoast_head":"<!-- This site is optimized with the Yoast SEO plugin v27.4 - https:\/\/yoast.com\/product\/yoast-seo-wordpress\/ -->\n<title>Diritto di Recesso - apfelspare.ch | Ricambi per MacBook e iMac<\/title>\n<meta name=\"description\" content=\"Consulta la politica di apfelspare.ch sul diritto di recesso: scopri come richiedere resi, condizioni applicabili e procedure per i tuoi ordini. Leggi di pi\u00f9.\" \/>\n<meta name=\"robots\" content=\"index, follow, max-snippet:-1, max-image-preview:large, max-video-preview:-1\" \/>\n<link rel=\"canonical\" href=\"https:\/\/tipicino.ch\/apfelspare\/fr\/droit-de-retractation\/\" \/>\n<meta property=\"og:locale\" content=\"fr_FR\" \/>\n<meta property=\"og:type\" content=\"article\" \/>\n<meta property=\"og:title\" content=\"Diritto di Recesso - apfelspare.ch | Ricambi per MacBook e iMac\" \/>\n<meta property=\"og:description\" content=\"Consulta la politica di apfelspare.ch sul diritto di recesso: scopri come richiedere resi, condizioni applicabili e procedure per i tuoi ordini. Leggi di pi\u00f9.\" \/>\n<meta property=\"og:url\" content=\"https:\/\/tipicino.ch\/apfelspare\/fr\/droit-de-retractation\/\" \/>\n<meta property=\"og:site_name\" content=\"Ricambi MacBook Pro, MacBook Air e iMac in Svizzera \u2013 Display, Tastiere, Batterie, Trackpad\" \/>\n<meta property=\"article:modified_time\" content=\"2026-04-09T13:56:19+00:00\" \/>\n<meta name=\"twitter:card\" content=\"summary_large_image\" \/>\n<meta name=\"twitter:label1\" content=\"Dur\u00e9e de lecture estim\u00e9e\" \/>\n\t<meta name=\"twitter:data1\" content=\"2 minutes\" \/>\n<!-- \/ Yoast SEO plugin. -->","yoast_head_json":{"title":"Droit de r\u00e9tractation - apfelspare.ch | Pi\u00e8ces d\u00e9tach\u00e9es pour MacBook et iMac","description":"Consultez la politique de apfelspare.ch en mati\u00e8re de droit de r\u00e9tractation : d\u00e9couvrez comment demander un retour, les conditions et proc\u00e9dures applicables \u00e0 vos commandes. En savoir plus.","robots":{"index":"index","follow":"follow","max-snippet":"max-snippet:-1","max-image-preview":"max-image-preview:large","max-video-preview":"max-video-preview:-1"},"canonical":"https:\/\/tipicino.ch\/apfelspare\/fr\/droit-de-retractation\/","og_locale":"fr_FR","og_type":"article","og_title":"Diritto di Recesso - apfelspare.ch | Ricambi per MacBook e iMac","og_description":"Consulta la politica di apfelspare.ch sul diritto di recesso: scopri come richiedere resi, condizioni applicabili e procedure per i tuoi ordini. Leggi di pi\u00f9.","og_url":"https:\/\/tipicino.ch\/apfelspare\/fr\/droit-de-retractation\/","og_site_name":"Ricambi MacBook Pro, MacBook Air e iMac in Svizzera \u2013 Display, Tastiere, Batterie, Trackpad","article_modified_time":"2026-04-09T13:56:19+00:00","twitter_card":"summary_large_image","twitter_misc":{"Dur\u00e9e de lecture estim\u00e9e":"2 minutes"},"schema":{"@context":"https:\/\/schema.org","@graph":[{"@type":"WebPage","@id":"https:\/\/tipicino.ch\/apfelspare\/fr\/diritto-di-recesso\/","url":"https:\/\/tipicino.ch\/apfelspare\/fr\/diritto-di-recesso\/","name":"Droit de r\u00e9tractation - apfelspare.ch | Pi\u00e8ces d\u00e9tach\u00e9es pour MacBook et iMac","isPartOf":{"@id":"https:\/\/tipicino.ch\/apfelspare\/fr\/#website"},"datePublished":"2025-01-28T18:34:12+00:00","dateModified":"2026-04-09T13:56:19+00:00","description":"Consultez la politique de apfelspare.ch en mati\u00e8re de droit de r\u00e9tractation : d\u00e9couvrez comment demander un retour, les conditions et proc\u00e9dures applicables \u00e0 vos commandes. En savoir plus.","breadcrumb":{"@id":"https:\/\/tipicino.ch\/apfelspare\/fr\/diritto-di-recesso\/#breadcrumb"},"inLanguage":"fr-CH","potentialAction":[{"@type":"ReadAction","target":["https:\/\/tipicino.ch\/apfelspare\/fr\/diritto-di-recesso\/"]}]},{"@type":"BreadcrumbList","@id":"https:\/\/tipicino.ch\/apfelspare\/fr\/diritto-di-recesso\/#breadcrumb","itemListElement":[{"@type":"ListItem","position":1,"name":"Home","item":"https:\/\/tipicino.ch\/apfelspare\/fr\/"},{"@type":"ListItem","position":2,"name":"Diritto di Recesso &#8211; apfelspare.ch | Ricambi per MacBook e iMac"}]},{"@type":"WebSite","@id":"https:\/\/tipicino.ch\/apfelspare\/fr\/#website","url":"https:\/\/tipicino.ch\/apfelspare\/fr\/","name":"Pi\u00e8ces d\u00e9tach\u00e9es MacBook Pro, MacBook Air et iMac en Suisse \u2013 \u00c9crans, Claviers, Batteries, Trackpads","description":"","publisher":{"@id":"https:\/\/tipicino.ch\/apfelspare\/fr\/#organization"},"potentialAction":[{"@type":"SearchAction","target":{"@type":"EntryPoint","urlTemplate":"https:\/\/tipicino.ch\/apfelspare\/fr\/?s={search_term_string}"},"query-input":{"@type":"PropertyValueSpecification","valueRequired":true,"valueName":"search_term_string"}}],"inLanguage":"fr-CH"},{"@type":"Organization","@id":"https:\/\/tipicino.ch\/apfelspare\/fr\/#organization","name":"tipicino.ch\/apfelspare","url":"https:\/\/tipicino.ch\/apfelspare\/fr\/","logo":{"@type":"ImageObject","inLanguage":"fr-CH","@id":"https:\/\/tipicino.ch\/apfelspare\/fr\/#\/schema\/logo\/image\/","url":"https:\/\/tipicino.ch\/apfelspare\/wp-content\/uploads\/2025\/08\/cropped-FAVICON-tipicino.ch\/apfelspare_.png","contentUrl":"https:\/\/tipicino.ch\/apfelspare\/wp-content\/uploads\/2025\/08\/cropped-FAVICON-tipicino.ch\/apfelspare_.png","width":512,"height":512,"caption":"tipicino.ch\/apfelspare"},"image":{"@id":"https:\/\/tipicino.ch\/apfelspare\/fr\/#\/schema\/logo\/image\/"}}]}},"_links":{"self":[{"href":"https:\/\/tipicino.ch\/apfelspare\/fr\/wp-json\/wp\/v2\/pages\/1004","targetHints":{"allow":["GET"]}}],"collection":[{"href":"https:\/\/tipicino.ch\/apfelspare\/fr\/wp-json\/wp\/v2\/pages"}],"about":[{"href":"https:\/\/tipicino.ch\/apfelspare\/fr\/wp-json\/wp\/v2\/types\/page"}],"author":[{"embeddable":true,"href":"https:\/\/tipicino.ch\/apfelspare\/fr\/wp-json\/wp\/v2\/users\/1"}],"replies":[{"embeddable":true,"href":"https:\/\/tipicino.ch\/apfelspare\/fr\/wp-json\/wp\/v2\/comments?post=1004"}],"version-history":[{"count":1,"href":"https:\/\/tipicino.ch\/apfelspare\/fr\/wp-json\/wp\/v2\/pages\/1004\/revisions"}],"predecessor-version":[{"id":32290,"href":"https:\/\/tipicino.ch\/apfelspare\/fr\/wp-json\/wp\/v2\/pages\/1004\/revisions\/32290"}],"wp:attachment":[{"href":"https:\/\/tipicino.ch\/apfelspare\/fr\/wp-json\/wp\/v2\/media?parent=1004"}],"curies":[{"name":"wp","href":"https:\/\/api.w.org\/{rel}","templated":true}]}}