{"id":1017,"date":"2025-01-28T21:56:57","date_gmt":"2025-01-28T21:56:57","guid":{"rendered":"https:\/\/tipicino.ch\/apfelspare\/?page_id=1017"},"modified":"2026-03-31T22:23:33","modified_gmt":"2026-03-31T22:23:33","slug":"politique-en-matiere-de-cookies","status":"publish","type":"page","link":"https:\/\/tipicino.ch\/apfelspare\/fr\/cookie-policy\/","title":{"rendered":"Cookie Policy - apfelspare.ch | Gestion et utilisation des donn\u00e9es"},"content":{"rendered":"<p>[et_pb_section fb_built=&#8221;1&#8243; _builder_version=&#8221;4.27.6&#8243; _module_preset=&#8221;default&#8221; custom_margin=&#8221;0px||0px||true|false&#8221; custom_padding=&#8221;0px||0px||true|false&#8221; global_colors_info=&#8221;{}&#8221; locked=&#8221;off&#8221;][et_pb_row use_custom_gutter=&#8221;on&#8221; make_equal=&#8221;on&#8221; custom_padding_last_edited=&#8221;on|desktop&#8221; _builder_version=&#8221;4.27.6&#8243; _module_preset=&#8221;default&#8221; background_enable_color=&#8221;off&#8221; width=&#8221;75%&#8221; module_alignment=&#8221;center&#8221; custom_padding=&#8221;|0px|||false|false&#8221; custom_padding_tablet=&#8221;|0px|50px||false|false&#8221; custom_padding_phone=&#8221;|0px|50px||false|false&#8221; global_colors_info=&#8221;{}&#8221;][et_pb_column type=&#8221;4_4&#8243; _builder_version=&#8221;4.21.0&#8243; _module_preset=&#8221;default&#8221; custom_css_main_element=&#8221;display: flex;||flex-wrap: wrap;||align-content: center;&#8221; global_colors_info=&#8221;{}&#8221; custom_css_main_element_last_edited=&#8221;on|tablet&#8221; custom_css_main_element_tablet=&#8221;display: inline-block;&#8221; custom_css_main_element_phone=&#8221;display: inline-block;&#8221;][et_pb_code _builder_version=&#8221;4.27.6&#8243; _module_preset=&#8221;default&#8221; module_alignment=&#8221;center&#8221; hover_enabled=&#8221;0&#8243; global_colors_info=&#8221;{}&#8221; sticky_enabled=&#8221;0&#8243;]<\/p>\n<style><!-- [et_pb_line_break_holder] -->.apf-legal h1 {<!-- [et_pb_line_break_holder] -->  font-size: 28px !important;<!-- [et_pb_line_break_holder] -->  font-weight: 900 !important;<!-- [et_pb_line_break_holder] -->  color: #1a2a3a !important;<!-- [et_pb_line_break_holder] -->  text-transform: uppercase !important;<!-- [et_pb_line_break_holder] -->  letter-spacing: 1px !important;<!-- [et_pb_line_break_holder] -->  margin: 0 0 32px !important;<!-- [et_pb_line_break_holder] -->  padding-bottom: 16px !important;<!-- [et_pb_line_break_holder] -->  border-bottom: 2px solid #e4edf6 !important;<!-- [et_pb_line_break_holder] -->}<!-- [et_pb_line_break_holder] -->.apf-legal h2 {<!-- [et_pb_line_break_holder] -->  font-size: 16px !important;<!-- [et_pb_line_break_holder] -->  font-weight: 700 !important;<!-- [et_pb_line_break_holder] -->  color: #1a2a3a !important;<!-- [et_pb_line_break_holder] -->  text-transform: uppercase !important;<!-- [et_pb_line_break_holder] -->  letter-spacing: .5px !important;<!-- [et_pb_line_break_holder] -->  margin: 32px 0 14px !important;<!-- [et_pb_line_break_holder] -->  padding-bottom: 8px !important;<!-- [et_pb_line_break_holder] -->  border-bottom: 1px solid #e4edf6 !important;<!-- [et_pb_line_break_holder] -->}<!-- [et_pb_line_break_holder] -->.apf-legal p {<!-- [et_pb_line_break_holder] -->  font-size: 15px !important;<!-- [et_pb_line_break_holder] -->  line-height: 1.75 !important;<!-- [et_pb_line_break_holder] -->  color: #303033 !important;<!-- [et_pb_line_break_holder] -->  margin: 0 0 16px !important;<!-- [et_pb_line_break_holder] -->}<!-- [et_pb_line_break_holder] -->.apf-legal header {<!-- [et_pb_line_break_holder] -->  font-size: 15px !important;<!-- [et_pb_line_break_holder] -->  line-height: 1.75 !important;<!-- [et_pb_line_break_holder] -->  color: #6b7a8d !important;<!-- [et_pb_line_break_holder] -->  display: block !important;<!-- [et_pb_line_break_holder] -->  margin: 0 0 32px !important;<!-- [et_pb_line_break_holder] -->}<!-- [et_pb_line_break_holder] -->.apf-legal article > *:not(h2):not(ul):not(p) {<!-- [et_pb_line_break_holder] -->  font-size: 15px !important;<!-- [et_pb_line_break_holder] -->  line-height: 1.75 !important;<!-- [et_pb_line_break_holder] -->  color: #303033 !important;<!-- [et_pb_line_break_holder] -->  display: block !important;<!-- [et_pb_line_break_holder] -->  margin: 0 0 16px !important;<!-- [et_pb_line_break_holder] -->}<!-- [et_pb_line_break_holder] -->.apf-legal strong {<!-- [et_pb_line_break_holder] -->  color: #1a2a3a !important;<!-- [et_pb_line_break_holder] -->  font-weight: 700 !important;<!-- [et_pb_line_break_holder] -->}<!-- [et_pb_line_break_holder] -->.apf-legal a {<!-- [et_pb_line_break_holder] -->  color: #2c3e50 !important;<!-- [et_pb_line_break_holder] -->  text-decoration: underline !important;<!-- [et_pb_line_break_holder] -->  font-weight: 500 !important;<!-- [et_pb_line_break_holder] -->}<!-- [et_pb_line_break_holder] -->.apf-legal a:hover { color: #e04444 !important; }<!-- [et_pb_line_break_holder] -->.apf-legal ul {<!-- [et_pb_line_break_holder] -->  list-style: none !important;<!-- [et_pb_line_break_holder] -->  padding: 0 !important;<!-- [et_pb_line_break_holder] -->  margin: 12px 0 24px !important;<!-- [et_pb_line_break_holder] -->}<!-- [et_pb_line_break_holder] -->.apf-legal ul li {<!-- [et_pb_line_break_holder] -->  font-size: 15px !important;<!-- [et_pb_line_break_holder] -->  color: #303033 !important;<!-- [et_pb_line_break_holder] -->  padding: 8px 0 8px 20px !important;<!-- [et_pb_line_break_holder] -->  position: relative !important;<!-- [et_pb_line_break_holder] -->  border-bottom: 1px solid #edf2f8 !important;<!-- [et_pb_line_break_holder] -->  line-height: 1.6 !important;<!-- [et_pb_line_break_holder] -->}<!-- [et_pb_line_break_holder] -->.apf-legal ul li:last-child { border-bottom: none !important; }<!-- [et_pb_line_break_holder] -->.apf-legal ul li::before {<!-- [et_pb_line_break_holder] -->  content: '\u2192' !important;<!-- [et_pb_line_break_holder] -->  position: absolute !important;<!-- [et_pb_line_break_holder] -->  left: 0 !important;<!-- [et_pb_line_break_holder] -->  color: #2c3e50 !important;<!-- [et_pb_line_break_holder] -->  font-weight: 700 !important;<!-- [et_pb_line_break_holder] -->}<!-- [et_pb_line_break_holder] -->.apf-legal ul li a { color: #2c3e50 !important; }<!-- [et_pb_line_break_holder] --><\/style>\n<p><!-- [et_pb_line_break_holder] --><!-- [et_pb_line_break_holder] --><\/p>\n<div class=\"apf-legal\"><!-- [et_pb_line_break_holder] --><\/p>\n<section><!-- [et_pb_line_break_holder] --><\/p>\n<header><!-- [et_pb_line_break_holder] --><\/p>\n<h1>Informativa sui Cookie &#8211; tipicino.ch di Luca Ingarozza (apfelspare.ch)<\/h1>\n<p><!-- [et_pb_line_break_holder] -->Questa informativa spiega come tipicino.ch di Luca Ingarozza operante con il brand apfelspare.ch (di seguito apfelspare.ch) utilizza i cookie sul nostro sito web e come puoi gestire le tue preferenze.<!-- [et_pb_line_break_holder] -->&nbsp;<!-- [et_pb_line_break_holder] --><\/header>\n<p><!-- [et_pb_line_break_holder] --><\/p>\n<article><!-- [et_pb_line_break_holder] --><\/p>\n<h2>1. Cosa Sono i Cookie?<\/h2>\n<p><!-- [et_pb_line_break_holder] -->I cookie sono piccoli file di testo che i siti web salvano sul tuo dispositivo quando li visiti. Questi file permettono di migliorare l&#8217;esperienza di navigazione, ricordare le preferenze dell&#8217;utente e raccogliere dati anonimi per analisi e miglioramenti del sito.<!-- [et_pb_line_break_holder] --><\/p>\n<h2>2. Tipi di Cookie Utilizzati<\/h2>\n<p><!-- [et_pb_line_break_holder] --><pee>Su apfelspare.ch utilizziamo i seguenti tipi di cookie:<\/pee><!-- [et_pb_line_break_holder] --><\/p>\n<ul><!-- [et_pb_line_break_holder] -->  <\/p>\n<li><strong>Cookie Necessari:<\/strong> essenziali per il corretto funzionamento del sito (ad esempio per la gestione del carrello e il login utenti). Non possono essere disattivati tramite il nostro banner.<\/li>\n<p><!-- [et_pb_line_break_holder] -->  <\/p>\n<li><strong>Cookie di Analisi:<\/strong> utilizzati per raccogliere informazioni anonime o aggregate sul traffico del sito e sul comportamento degli utenti. Ad esempio, usiamo Google Analytics per migliorare la navigazione e i contenuti offerti.<\/li>\n<p><!-- [et_pb_line_break_holder] -->  <\/p>\n<li><strong>Cookie di Funzionalit\u00e0:<\/strong> consentono di ricordare le tue preferenze (ad esempio lingua e alcune impostazioni del sito) per rendere la navigazione pi\u00f9 semplice.<\/li>\n<p><!-- [et_pb_line_break_holder] -->  <\/p>\n<li><strong>Cookie di Marketing:<\/strong> utilizzati, previo tuo consenso, per misurare e migliorare l&#8217;efficacia delle nostre campagne pubblicitarie online e per mostrarti annunci in linea con i tuoi interessi (ad esempio tramite Google Ads).<\/li>\n<p><!-- [et_pb_line_break_holder] --><\/ul>\n<p><!-- [et_pb_line_break_holder] --><\/p>\n<h2>3. Come Gestiamo i Cookie<\/h2>\n<p><!-- [et_pb_line_break_holder] -->Utilizziamo un banner per ottenere il consenso all&#8217;uso dei cookie al tuo primo accesso al sito. Puoi accettare tutti i cookie o personalizzare le tue preferenze tramite il banner di gestione.<!-- [et_pb_line_break_holder] --><\/p>\n<h2>4. Gestione delle Preferenze<\/h2>\n<p><!-- [et_pb_line_break_holder] -->Puoi modificare o revocare il tuo consenso in qualsiasi momento tramite il banner dei cookie presente sul sito. Inoltre, puoi gestire i cookie direttamente dal tuo browser:<!-- [et_pb_line_break_holder] --><\/p>\n<ul><!-- [et_pb_line_break_holder] --><\/p>\n<li><a href=\"https:\/\/support.google.com\/chrome\/answer\/95647?hl=it\" target=\"_blank\" rel=\"noopener\">Google Chrome<\/a><\/li>\n<p><!-- [et_pb_line_break_holder] --><\/p>\n<li><a href=\"https:\/\/support.mozilla.org\/it\/kb\/protezione-antitracciamento-avanzata-firefox-desktop?redirectslug=Attivare+e+disattivare+i+cookie&#038;redirectlocale=it\" target=\"_blank\" rel=\"noopener\">Mozilla Firefox<\/a><\/li>\n<p><!-- [et_pb_line_break_holder] --><\/p>\n<li><a href=\"https:\/\/support.apple.com\/it-it\/guide\/safari\/sfri11471\/mac\" target=\"_blank\" rel=\"noopener\">Safari<\/a><\/li>\n<p><!-- [et_pb_line_break_holder] --><\/p>\n<li><a href=\"https:\/\/support.microsoft.com\/it-it\/help\/17442\/windows-internet-explorer-delete-manage-cookies\" target=\"_blank\" rel=\"noopener\">Internet Explorer<\/a><\/li>\n<p><!-- [et_pb_line_break_holder] --><\/ul>\n<p><!-- [et_pb_line_break_holder] --><\/p>\n<h2>5. Condivisione dei Dati Raccolti<\/h2>\n<p><!-- [et_pb_line_break_holder] -->Non condividiamo i dati raccolti tramite i cookie con terze parti per finalit\u00e0 di marketing. Tuttavia, i dati anonimi raccolti tramite Google Analytics potrebbero essere elaborati da Google per scopi statistici.<!-- [et_pb_line_break_holder] --><\/p>\n<h2>6. Durata dei Cookie<\/h2>\n<p><!-- [et_pb_line_break_holder] -->La durata dei cookie varia a seconda della loro tipologia. Alcuni vengono cancellati automaticamente alla chiusura del browser (cookie di sessione), mentre altri rimangono salvati per un periodo definito (cookie persistenti).<!-- [et_pb_line_break_holder] --><\/p>\n<h2>7. Aggiornamenti all&#8217;Informativa<\/h2>\n<p><!-- [et_pb_line_break_holder] -->Questa informativa potrebbe essere aggiornata periodicamente in base a modifiche legislative o tecniche. La data dell&#8217;ultimo aggiornamento sar\u00e0 sempre indicata in questa pagina.<!-- [et_pb_line_break_holder] --><\/p>\n<h2>8. Contatti<\/h2>\n<p><!-- [et_pb_line_break_holder] -->Per domande o richieste relative ai cookie, puoi contattarci tramite:<!-- [et_pb_line_break_holder] --><\/p>\n<ul><!-- [et_pb_line_break_holder] --><\/p>\n<li>Email: <a href=\"mailto:info@apfelspare.ch\">info@apfelspare.ch<\/a><\/li>\n<p><!-- [et_pb_line_break_holder] --><\/p>\n<li>Telefono: <a href=\"tel:+41762454592\">+41 (0)76 245 45 92<\/a> (disponibile solo tramite testo su WhatsApp o Telegram)<\/li>\n<p><!-- [et_pb_line_break_holder] --><\/ul>\n<p><!-- [et_pb_line_break_holder] --><\/p>\n<h2>9. Maggiori Informazioni<\/h2>\n<p><!-- [et_pb_line_break_holder] -->Puoi consultare maggiori dettagli sui cookie nella nostra pagina dedicata al <a href=\"\/apfelspare\/it\/privacy-policy\/\">Privacy Policy<\/a>.<!-- [et_pb_line_break_holder] --><\/article>\n<p><!-- [et_pb_line_break_holder] --><\/section>\n<p><!-- [et_pb_line_break_holder] --><\/div>\n<p>[\/et_pb_code][\/et_pb_column][\/et_pb_row][\/et_pb_section]<\/p>\n","protected":false},"excerpt":{"rendered":"","protected":false},"author":1,"featured_media":0,"parent":0,"menu_order":0,"comment_status":"closed","ping_status":"closed","template":"","meta":{"_acf_changed":false,"_et_pb_use_builder":"on","_et_pb_old_content":"<!-- wp:divi\/placeholder \/-->","_et_gb_content_width":"","footnotes":""},"class_list":["post-1017","page","type-page","status-publish","hentry"],"acf":[],"yoast_head":"<!-- This site is optimized with the Yoast SEO plugin v27.4 - https:\/\/yoast.com\/product\/yoast-seo-wordpress\/ -->\n<title>Informativa sui Cookie - apfelspare.ch | Gestione e utilizzo dei dati<\/title>\n<meta name=\"description\" content=\"Scopri come apfelspare.ch utilizza i cookie per migliorare la tua esperienza. Leggi la nostra informativa sui cookie e scegli le tue preferenze.`\" \/>\n<meta name=\"robots\" content=\"index, follow, max-snippet:-1, max-image-preview:large, max-video-preview:-1\" \/>\n<link rel=\"canonical\" href=\"https:\/\/tipicino.ch\/apfelspare\/fr\/politique-en-matiere-de-cookies\/\" \/>\n<meta property=\"og:locale\" content=\"fr_FR\" \/>\n<meta property=\"og:type\" content=\"article\" \/>\n<meta property=\"og:title\" content=\"Informativa sui Cookie - apfelspare.ch | Gestione e utilizzo dei dati\" \/>\n<meta property=\"og:description\" content=\"Scopri come apfelspare.ch utilizza i cookie per migliorare la tua esperienza. Leggi la nostra informativa sui cookie e scegli le tue preferenze.`\" \/>\n<meta property=\"og:url\" content=\"https:\/\/tipicino.ch\/apfelspare\/fr\/politique-en-matiere-de-cookies\/\" \/>\n<meta property=\"og:site_name\" content=\"Ricambi MacBook Pro, MacBook Air e iMac in Svizzera \u2013 Display, Tastiere, Batterie, Trackpad\" \/>\n<meta property=\"article:modified_time\" content=\"2026-03-31T22:23:33+00:00\" \/>\n<meta name=\"twitter:card\" content=\"summary_large_image\" \/>\n<meta name=\"twitter:label1\" content=\"Dur\u00e9e de lecture estim\u00e9e\" \/>\n\t<meta name=\"twitter:data1\" content=\"3 minutes\" \/>\n<!-- \/ Yoast SEO plugin. -->","yoast_head_json":{"title":"Cookie Policy - apfelspare.ch | Gestion et utilisation des donn\u00e9es","description":"D\u00e9couvrez comment apfelspare.ch utilise les cookies pour am\u00e9liorer votre exp\u00e9rience. Lisez notre politique en mati\u00e8re de cookies et choisissez vos pr\u00e9f\u00e9rences.","robots":{"index":"index","follow":"follow","max-snippet":"max-snippet:-1","max-image-preview":"max-image-preview:large","max-video-preview":"max-video-preview:-1"},"canonical":"https:\/\/tipicino.ch\/apfelspare\/fr\/politique-en-matiere-de-cookies\/","og_locale":"fr_FR","og_type":"article","og_title":"Informativa sui Cookie - apfelspare.ch | Gestione e utilizzo dei dati","og_description":"Scopri come apfelspare.ch utilizza i cookie per migliorare la tua esperienza. Leggi la nostra informativa sui cookie e scegli le tue preferenze.`","og_url":"https:\/\/tipicino.ch\/apfelspare\/fr\/politique-en-matiere-de-cookies\/","og_site_name":"Ricambi MacBook Pro, MacBook Air e iMac in Svizzera \u2013 Display, Tastiere, Batterie, Trackpad","article_modified_time":"2026-03-31T22:23:33+00:00","twitter_card":"summary_large_image","twitter_misc":{"Dur\u00e9e de lecture estim\u00e9e":"3 minutes"},"schema":{"@context":"https:\/\/schema.org","@graph":[{"@type":"WebPage","@id":"https:\/\/tipicino.ch\/apfelspare\/fr\/cookie-policy\/","url":"https:\/\/tipicino.ch\/apfelspare\/fr\/cookie-policy\/","name":"Cookie Policy - apfelspare.ch | Gestion et utilisation des donn\u00e9es","isPartOf":{"@id":"https:\/\/tipicino.ch\/apfelspare\/fr\/#website"},"datePublished":"2025-01-28T21:56:57+00:00","dateModified":"2026-03-31T22:23:33+00:00","description":"D\u00e9couvrez comment apfelspare.ch utilise les cookies pour am\u00e9liorer votre exp\u00e9rience. Lisez notre politique en mati\u00e8re de cookies et choisissez vos pr\u00e9f\u00e9rences.","breadcrumb":{"@id":"https:\/\/tipicino.ch\/apfelspare\/fr\/cookie-policy\/#breadcrumb"},"inLanguage":"fr-CH","potentialAction":[{"@type":"ReadAction","target":["https:\/\/tipicino.ch\/apfelspare\/fr\/cookie-policy\/"]}]},{"@type":"BreadcrumbList","@id":"https:\/\/tipicino.ch\/apfelspare\/fr\/cookie-policy\/#breadcrumb","itemListElement":[{"@type":"ListItem","position":1,"name":"Home","item":"https:\/\/tipicino.ch\/apfelspare\/fr\/"},{"@type":"ListItem","position":2,"name":"Informativa sui Cookie &#8211; apfelspare.ch | Gestione e utilizzo dei dati"}]},{"@type":"WebSite","@id":"https:\/\/tipicino.ch\/apfelspare\/fr\/#website","url":"https:\/\/tipicino.ch\/apfelspare\/fr\/","name":"Pi\u00e8ces d\u00e9tach\u00e9es MacBook Pro, MacBook Air et iMac en Suisse \u2013 \u00c9crans, Claviers, Batteries, Trackpads","description":"","publisher":{"@id":"https:\/\/tipicino.ch\/apfelspare\/fr\/#organization"},"potentialAction":[{"@type":"SearchAction","target":{"@type":"EntryPoint","urlTemplate":"https:\/\/tipicino.ch\/apfelspare\/fr\/?s={search_term_string}"},"query-input":{"@type":"PropertyValueSpecification","valueRequired":true,"valueName":"search_term_string"}}],"inLanguage":"fr-CH"},{"@type":"Organization","@id":"https:\/\/tipicino.ch\/apfelspare\/fr\/#organization","name":"tipicino.ch\/apfelspare","url":"https:\/\/tipicino.ch\/apfelspare\/fr\/","logo":{"@type":"ImageObject","inLanguage":"fr-CH","@id":"https:\/\/tipicino.ch\/apfelspare\/fr\/#\/schema\/logo\/image\/","url":"https:\/\/tipicino.ch\/apfelspare\/wp-content\/uploads\/2025\/08\/cropped-FAVICON-tipicino.ch\/apfelspare_.png","contentUrl":"https:\/\/tipicino.ch\/apfelspare\/wp-content\/uploads\/2025\/08\/cropped-FAVICON-tipicino.ch\/apfelspare_.png","width":512,"height":512,"caption":"tipicino.ch\/apfelspare"},"image":{"@id":"https:\/\/tipicino.ch\/apfelspare\/fr\/#\/schema\/logo\/image\/"}}]}},"_links":{"self":[{"href":"https:\/\/tipicino.ch\/apfelspare\/fr\/wp-json\/wp\/v2\/pages\/1017","targetHints":{"allow":["GET"]}}],"collection":[{"href":"https:\/\/tipicino.ch\/apfelspare\/fr\/wp-json\/wp\/v2\/pages"}],"about":[{"href":"https:\/\/tipicino.ch\/apfelspare\/fr\/wp-json\/wp\/v2\/types\/page"}],"author":[{"embeddable":true,"href":"https:\/\/tipicino.ch\/apfelspare\/fr\/wp-json\/wp\/v2\/users\/1"}],"replies":[{"embeddable":true,"href":"https:\/\/tipicino.ch\/apfelspare\/fr\/wp-json\/wp\/v2\/comments?post=1017"}],"version-history":[{"count":0,"href":"https:\/\/tipicino.ch\/apfelspare\/fr\/wp-json\/wp\/v2\/pages\/1017\/revisions"}],"wp:attachment":[{"href":"https:\/\/tipicino.ch\/apfelspare\/fr\/wp-json\/wp\/v2\/media?parent=1017"}],"curies":[{"name":"wp","href":"https:\/\/api.w.org\/{rel}","templated":true}]}}