{"id":1036,"date":"2025-01-28T22:32:03","date_gmt":"2025-01-28T22:32:03","guid":{"rendered":"https:\/\/tipicino.ch\/apfelspare\/?page_id=1036"},"modified":"2026-04-09T13:45:57","modified_gmt":"2026-04-09T13:45:57","slug":"envois","status":"publish","type":"page","link":"https:\/\/tipicino.ch\/apfelspare\/fr\/spedizioni\/","title":{"rendered":"Exp\u00e9dition - apfelspare.ch | D\u00e9lais et conditions"},"content":{"rendered":"<p>[et_pb_section fb_built=&#8221;1&#8243; _builder_version=&#8221;4.27.6&#8243; _module_preset=&#8221;default&#8221; custom_margin=&#8221;0px||0px||true|false&#8221; custom_padding=&#8221;0px||0px||true|false&#8221; locked=&#8221;off&#8221; global_colors_info=&#8221;{}&#8221;][et_pb_row use_custom_gutter=&#8221;on&#8221; make_equal=&#8221;on&#8221; custom_padding_last_edited=&#8221;on|desktop&#8221; _builder_version=&#8221;4.27.6&#8243; _module_preset=&#8221;default&#8221; background_enable_color=&#8221;off&#8221; width=&#8221;75%&#8221; module_alignment=&#8221;center&#8221; custom_padding=&#8221;|0px|||false|false&#8221; custom_padding_tablet=&#8221;|0px|50px||false|false&#8221; custom_padding_phone=&#8221;|0px|50px||false|false&#8221; global_colors_info=&#8221;{}&#8221;][et_pb_column type=&#8221;4_4&#8243; _builder_version=&#8221;4.21.0&#8243; _module_preset=&#8221;default&#8221; custom_css_main_element=&#8221;display: flex;||flex-wrap: wrap;||align-content: center;&#8221; global_colors_info=&#8221;{}&#8221; custom_css_main_element_last_edited=&#8221;on|tablet&#8221; custom_css_main_element_tablet=&#8221;display: inline-block;&#8221; custom_css_main_element_phone=&#8221;display: inline-block;&#8221;][et_pb_code _builder_version=&#8221;4.27.6&#8243; _module_preset=&#8221;default&#8221; module_alignment=&#8221;center&#8221; hover_enabled=&#8221;0&#8243; global_colors_info=&#8221;{}&#8221; sticky_enabled=&#8221;0&#8243;]<\/p>\n<style><!-- [et_pb_line_break_holder] -->.apf-legal h1 {<!-- [et_pb_line_break_holder] -->  font-size: 28px !important;<!-- [et_pb_line_break_holder] -->  font-weight: 900 !important;<!-- [et_pb_line_break_holder] -->  color: #1a2a3a !important;<!-- [et_pb_line_break_holder] -->  text-transform: uppercase !important;<!-- [et_pb_line_break_holder] -->  letter-spacing: 1px !important;<!-- [et_pb_line_break_holder] -->  margin: 0 0 32px !important;<!-- [et_pb_line_break_holder] -->  padding-bottom: 16px !important;<!-- [et_pb_line_break_holder] -->  border-bottom: 2px solid #e4edf6 !important;<!-- [et_pb_line_break_holder] -->}<!-- [et_pb_line_break_holder] -->.apf-legal h2 {<!-- [et_pb_line_break_holder] -->  font-size: 16px !important;<!-- [et_pb_line_break_holder] -->  font-weight: 700 !important;<!-- [et_pb_line_break_holder] -->  color: #1a2a3a !important;<!-- [et_pb_line_break_holder] -->  text-transform: uppercase !important;<!-- [et_pb_line_break_holder] -->  letter-spacing: .5px !important;<!-- [et_pb_line_break_holder] -->  margin: 32px 0 14px !important;<!-- [et_pb_line_break_holder] -->  padding-bottom: 8px !important;<!-- [et_pb_line_break_holder] -->  border-bottom: 1px solid #e4edf6 !important;<!-- [et_pb_line_break_holder] -->}<!-- [et_pb_line_break_holder] -->.apf-legal p {<!-- [et_pb_line_break_holder] -->  font-size: 15px !important;<!-- [et_pb_line_break_holder] -->  line-height: 1.75 !important;<!-- [et_pb_line_break_holder] -->  color: #303033 !important;<!-- [et_pb_line_break_holder] -->  margin: 0 0 16px !important;<!-- [et_pb_line_break_holder] -->}<!-- [et_pb_line_break_holder] -->.apf-legal header {<!-- [et_pb_line_break_holder] -->  font-size: 15px !important;<!-- [et_pb_line_break_holder] -->  line-height: 1.75 !important;<!-- [et_pb_line_break_holder] -->  color: #6b7a8d !important;<!-- [et_pb_line_break_holder] -->  display: block !important;<!-- [et_pb_line_break_holder] -->  margin: 0 0 32px !important;<!-- [et_pb_line_break_holder] -->}<!-- [et_pb_line_break_holder] -->.apf-legal article > *:not(h2):not(ul):not(p) {<!-- [et_pb_line_break_holder] -->  font-size: 15px !important;<!-- [et_pb_line_break_holder] -->  line-height: 1.75 !important;<!-- [et_pb_line_break_holder] -->  color: #303033 !important;<!-- [et_pb_line_break_holder] -->  display: block !important;<!-- [et_pb_line_break_holder] -->  margin: 0 0 16px !important;<!-- [et_pb_line_break_holder] -->}<!-- [et_pb_line_break_holder] -->.apf-legal strong {<!-- [et_pb_line_break_holder] -->  color: #1a2a3a !important;<!-- [et_pb_line_break_holder] -->  font-weight: 700 !important;<!-- [et_pb_line_break_holder] -->}<!-- [et_pb_line_break_holder] -->.apf-legal a {<!-- [et_pb_line_break_holder] -->  color: #2c3e50 !important;<!-- [et_pb_line_break_holder] -->  text-decoration: underline !important;<!-- [et_pb_line_break_holder] -->  font-weight: 500 !important;<!-- [et_pb_line_break_holder] -->}<!-- [et_pb_line_break_holder] -->.apf-legal a:hover { color: #e04444 !important; }<!-- [et_pb_line_break_holder] -->.apf-legal ul {<!-- [et_pb_line_break_holder] -->  list-style: none !important;<!-- [et_pb_line_break_holder] -->  padding: 0 !important;<!-- [et_pb_line_break_holder] -->  margin: 12px 0 24px !important;<!-- [et_pb_line_break_holder] -->}<!-- [et_pb_line_break_holder] -->.apf-legal ul li {<!-- [et_pb_line_break_holder] -->  font-size: 15px !important;<!-- [et_pb_line_break_holder] -->  color: #303033 !important;<!-- [et_pb_line_break_holder] -->  padding: 8px 0 8px 20px !important;<!-- [et_pb_line_break_holder] -->  position: relative !important;<!-- [et_pb_line_break_holder] -->  border-bottom: 1px solid #edf2f8 !important;<!-- [et_pb_line_break_holder] -->  line-height: 1.6 !important;<!-- [et_pb_line_break_holder] -->}<!-- [et_pb_line_break_holder] -->.apf-legal ul li:last-child { border-bottom: none !important; }<!-- [et_pb_line_break_holder] -->.apf-legal ul li::before {<!-- [et_pb_line_break_holder] -->  content: '\u2192' !important;<!-- [et_pb_line_break_holder] -->  position: absolute !important;<!-- [et_pb_line_break_holder] -->  left: 0 !important;<!-- [et_pb_line_break_holder] -->  color: #2c3e50 !important;<!-- [et_pb_line_break_holder] -->  font-weight: 700 !important;<!-- [et_pb_line_break_holder] -->}<!-- [et_pb_line_break_holder] -->.apf-legal ul li a { color: #2c3e50 !important; }<!-- [et_pb_line_break_holder] --><\/style>\n<p><!-- [et_pb_line_break_holder] --><!-- [et_pb_line_break_holder] --><\/p>\n<div class=\"apf-legal\"><!-- [et_pb_line_break_holder] --><\/p>\n<section><!-- [et_pb_line_break_holder] --><\/p>\n<header><!-- [et_pb_line_break_holder] --><\/p>\n<h1>Spedizioni &#8211; tipicino.ch di Luca Ingarozza (apfelspare.ch)<\/h1>\n<p><!-- [et_pb_line_break_holder] -->Scopri tutti i dettagli sulle modalit\u00e0 di spedizione, tempi di consegna e condizioni di tipicino.ch di Luca Ingarozza operante con il brand apfelspare.ch (di seguito apfelspare.ch). Garantiamo un servizio affidabile in tutta la Svizzera.<!-- [et_pb_line_break_holder] -->\u00a0<!-- [et_pb_line_break_holder] --><\/header>\n<p><!-- [et_pb_line_break_holder] --><\/p>\n<article><!-- [et_pb_line_break_holder] --><\/p>\n<h2>1. Zone di Consegna<\/h2>\n<p><!-- [et_pb_line_break_holder] -->apfelspare.ch effettua spedizioni esclusivamente in Svizzera e Liechtenstein. Non sono attualmente previste consegne in altre nazioni.<!-- [et_pb_line_break_holder] --><\/p>\n<h2>2. Tempi di Consegna<\/h2>\n<p><!-- [et_pb_line_break_holder] --><\/p>\n<ul><!-- [et_pb_line_break_holder] --><\/p>\n<li>La maggior parte degli ordini viene consegnata entro <strong>1-2 giorni lavorativi<\/strong> dalla conferma del pagamento, per i prodotti non in stock, le spedizioni possono arrivare a <strong>7-14 giorni<\/strong>, i tempi di spedizione saranno opportunamente indicati in fase d&#8217;acquisto.<\/li>\n<p><!-- [et_pb_line_break_holder] --><\/p>\n<li>I tempi di consegna possono variare in base alla disponibilit\u00e0 dei prodotti e alla zona di spedizione.<\/li>\n<p><!-- [et_pb_line_break_holder] --><\/p>\n<li>Eventuali ritardi non comportano responsabilit\u00e0 da parte nostra.<\/li>\n<p><!-- [et_pb_line_break_holder] --><\/ul>\n<p><!-- [et_pb_line_break_holder] --><\/p>\n<h2>3. Costi di Spedizione<\/h2>\n<p><!-- [et_pb_line_break_holder] -->I costi di spedizione sono gratuiti in tutta la Svizzera<!-- [et_pb_line_break_holder] --><\/p>\n<h2>4. Condizioni di Spedizione<\/h2>\n<p><!-- [et_pb_line_break_holder] --><\/p>\n<ul><!-- [et_pb_line_break_holder] --><\/p>\n<li>Una volta spediti, gli ordini non possono essere annullati.<\/li>\n<p><!-- [et_pb_line_break_holder] --><\/p>\n<li>apfelspare.ch non \u00e8 responsabile per eventuali danni causati durante il trasporto. Eventuali reclami dovranno essere presentati direttamente al corriere.<\/li>\n<p><!-- [et_pb_line_break_holder] --><\/p>\n<li>Assicurati che l&#8217;indirizzo fornito durante l&#8217;acquisto sia corretto per evitare ritardi o problemi nella consegna.<\/li>\n<p><!-- [et_pb_line_break_holder] --><\/ul>\n<p><!-- [et_pb_line_break_holder] --><\/p>\n<h2>5. Mancata Consegna<\/h2>\n<p><!-- [et_pb_line_break_holder] -->Nel caso in cui il corriere non riesca a consegnare il pacco, ti invitiamo a contattare direttamente il corriere utilizzando i dettagli forniti nella conferma di spedizione. Apfelspare.ch non \u00e8 responsabile per i pacchi non ritirati o per ulteriori tentativi di consegna.<!-- [et_pb_line_break_holder] --><\/p>\n<h2>6. Contatti<\/h2>\n<p><!-- [et_pb_line_break_holder] -->Per domande o dubbi relativi alle spedizioni, puoi contattarci tramite:<!-- [et_pb_line_break_holder] --><\/p>\n<ul><!-- [et_pb_line_break_holder] --><\/p>\n<li>Email: <a href=\"mailto:info@apfelspare.ch\">info@apfelspare.ch<\/a><\/li>\n<p><!-- [et_pb_line_break_holder] --><\/p>\n<li>Telefono: <a href=\"tel:+41762454592\">+41 (0)76 245 45 92<\/a><\/li>\n<p><!-- [et_pb_line_break_holder] --><\/ul>\n<p><!-- [et_pb_line_break_holder] --><\/p>\n<h2>7. Note Finali<\/h2>\n<p><!-- [et_pb_line_break_holder] -->apfelspare.ch si riserva il diritto di modificare le condizioni di spedizione in qualsiasi momento. Le modifiche saranno applicabili agli ordini effettuati successivamente alla loro pubblicazione su questa pagina.<!-- [et_pb_line_break_holder] --><\/article>\n<p><!-- [et_pb_line_break_holder] --><\/section>\n<p><!-- [et_pb_line_break_holder] --><\/div>\n<p>[\/et_pb_code][\/et_pb_column][\/et_pb_row][\/et_pb_section]<\/p>\n","protected":false},"excerpt":{"rendered":"","protected":false},"author":1,"featured_media":0,"parent":0,"menu_order":0,"comment_status":"closed","ping_status":"closed","template":"","meta":{"_acf_changed":false,"_et_pb_use_builder":"on","_et_pb_old_content":"<!-- wp:divi\/placeholder \/-->","_et_gb_content_width":"","footnotes":""},"class_list":["post-1036","page","type-page","status-publish","hentry"],"acf":[],"yoast_head":"<!-- This site is optimized with the Yoast SEO plugin v27.4 - https:\/\/yoast.com\/product\/yoast-seo-wordpress\/ -->\n<title>Spedizioni - apfelspare.ch | Tempi e Condizioni<\/title>\n<meta name=\"description\" content=\"Scopri i tempi, le modalit\u00e0 e le condizioni di spedizione su apfelspare.ch. Consegne rapide e affidabili in tutta la Svizzera per i tuoi ordini.\" \/>\n<meta name=\"robots\" content=\"index, follow, max-snippet:-1, max-image-preview:large, max-video-preview:-1\" \/>\n<link rel=\"canonical\" href=\"https:\/\/tipicino.ch\/apfelspare\/fr\/envois\/\" \/>\n<meta property=\"og:locale\" content=\"fr_FR\" \/>\n<meta property=\"og:type\" content=\"article\" \/>\n<meta property=\"og:title\" content=\"Spedizioni - apfelspare.ch | Tempi e Condizioni\" \/>\n<meta property=\"og:description\" content=\"Scopri i tempi, le modalit\u00e0 e le condizioni di spedizione su apfelspare.ch. Consegne rapide e affidabili in tutta la Svizzera per i tuoi ordini.\" \/>\n<meta property=\"og:url\" content=\"https:\/\/tipicino.ch\/apfelspare\/fr\/envois\/\" \/>\n<meta property=\"og:site_name\" content=\"Ricambi MacBook Pro, MacBook Air e iMac in Svizzera \u2013 Display, Tastiere, Batterie, Trackpad\" \/>\n<meta property=\"article:modified_time\" content=\"2026-04-09T13:45:57+00:00\" \/>\n<meta name=\"twitter:card\" content=\"summary_large_image\" \/>\n<meta name=\"twitter:label1\" content=\"Dur\u00e9e de lecture estim\u00e9e\" \/>\n\t<meta name=\"twitter:data1\" content=\"2 minutes\" \/>\n<!-- \/ Yoast SEO plugin. -->","yoast_head_json":{"title":"Livraison \u2013 apfelspare.ch | D\u00e9lais et conditions","description":"D\u00e9couvrez les d\u00e9lais de livraison, les conditions et les modalit\u00e9s sur apfelspare.ch. Livraison rapide et fiable de vos commandes dans toute la Suisse.","robots":{"index":"index","follow":"follow","max-snippet":"max-snippet:-1","max-image-preview":"max-image-preview:large","max-video-preview":"max-video-preview:-1"},"canonical":"https:\/\/tipicino.ch\/apfelspare\/fr\/envois\/","og_locale":"fr_FR","og_type":"article","og_title":"Spedizioni - apfelspare.ch | Tempi e Condizioni","og_description":"Scopri i tempi, le modalit\u00e0 e le condizioni di spedizione su apfelspare.ch. Consegne rapide e affidabili in tutta la Svizzera per i tuoi ordini.","og_url":"https:\/\/tipicino.ch\/apfelspare\/fr\/envois\/","og_site_name":"Ricambi MacBook Pro, MacBook Air e iMac in Svizzera \u2013 Display, Tastiere, Batterie, Trackpad","article_modified_time":"2026-04-09T13:45:57+00:00","twitter_card":"summary_large_image","twitter_misc":{"Dur\u00e9e de lecture estim\u00e9e":"2 minutes"},"schema":{"@context":"https:\/\/schema.org","@graph":[{"@type":"WebPage","@id":"https:\/\/tipicino.ch\/apfelspare\/fr\/spedizioni\/","url":"https:\/\/tipicino.ch\/apfelspare\/fr\/spedizioni\/","name":"Livraison \u2013 apfelspare.ch | D\u00e9lais et conditions","isPartOf":{"@id":"https:\/\/tipicino.ch\/apfelspare\/fr\/#website"},"datePublished":"2025-01-28T22:32:03+00:00","dateModified":"2026-04-09T13:45:57+00:00","description":"D\u00e9couvrez les d\u00e9lais de livraison, les conditions et les modalit\u00e9s sur apfelspare.ch. Livraison rapide et fiable de vos commandes dans toute la Suisse.","breadcrumb":{"@id":"https:\/\/tipicino.ch\/apfelspare\/fr\/spedizioni\/#breadcrumb"},"inLanguage":"fr-CH","potentialAction":[{"@type":"ReadAction","target":["https:\/\/tipicino.ch\/apfelspare\/fr\/spedizioni\/"]}]},{"@type":"BreadcrumbList","@id":"https:\/\/tipicino.ch\/apfelspare\/fr\/spedizioni\/#breadcrumb","itemListElement":[{"@type":"ListItem","position":1,"name":"Home","item":"https:\/\/tipicino.ch\/apfelspare\/fr\/"},{"@type":"ListItem","position":2,"name":"Spedizioni &#8211; apfelspare.ch | Tempi e Condizioni"}]},{"@type":"WebSite","@id":"https:\/\/tipicino.ch\/apfelspare\/fr\/#website","url":"https:\/\/tipicino.ch\/apfelspare\/fr\/","name":"Pi\u00e8ces d\u00e9tach\u00e9es MacBook Pro, MacBook Air et iMac en Suisse \u2013 \u00c9crans, Claviers, Batteries, Trackpads","description":"","publisher":{"@id":"https:\/\/tipicino.ch\/apfelspare\/fr\/#organization"},"potentialAction":[{"@type":"SearchAction","target":{"@type":"EntryPoint","urlTemplate":"https:\/\/tipicino.ch\/apfelspare\/fr\/?s={search_term_string}"},"query-input":{"@type":"PropertyValueSpecification","valueRequired":true,"valueName":"search_term_string"}}],"inLanguage":"fr-CH"},{"@type":"Organization","@id":"https:\/\/tipicino.ch\/apfelspare\/fr\/#organization","name":"tipicino.ch\/apfelspare","url":"https:\/\/tipicino.ch\/apfelspare\/fr\/","logo":{"@type":"ImageObject","inLanguage":"fr-CH","@id":"https:\/\/tipicino.ch\/apfelspare\/fr\/#\/schema\/logo\/image\/","url":"https:\/\/tipicino.ch\/apfelspare\/wp-content\/uploads\/2025\/08\/cropped-FAVICON-tipicino.ch\/apfelspare_.png","contentUrl":"https:\/\/tipicino.ch\/apfelspare\/wp-content\/uploads\/2025\/08\/cropped-FAVICON-tipicino.ch\/apfelspare_.png","width":512,"height":512,"caption":"tipicino.ch\/apfelspare"},"image":{"@id":"https:\/\/tipicino.ch\/apfelspare\/fr\/#\/schema\/logo\/image\/"}}]}},"_links":{"self":[{"href":"https:\/\/tipicino.ch\/apfelspare\/fr\/wp-json\/wp\/v2\/pages\/1036","targetHints":{"allow":["GET"]}}],"collection":[{"href":"https:\/\/tipicino.ch\/apfelspare\/fr\/wp-json\/wp\/v2\/pages"}],"about":[{"href":"https:\/\/tipicino.ch\/apfelspare\/fr\/wp-json\/wp\/v2\/types\/page"}],"author":[{"embeddable":true,"href":"https:\/\/tipicino.ch\/apfelspare\/fr\/wp-json\/wp\/v2\/users\/1"}],"replies":[{"embeddable":true,"href":"https:\/\/tipicino.ch\/apfelspare\/fr\/wp-json\/wp\/v2\/comments?post=1036"}],"version-history":[{"count":1,"href":"https:\/\/tipicino.ch\/apfelspare\/fr\/wp-json\/wp\/v2\/pages\/1036\/revisions"}],"predecessor-version":[{"id":32287,"href":"https:\/\/tipicino.ch\/apfelspare\/fr\/wp-json\/wp\/v2\/pages\/1036\/revisions\/32287"}],"wp:attachment":[{"href":"https:\/\/tipicino.ch\/apfelspare\/fr\/wp-json\/wp\/v2\/media?parent=1036"}],"curies":[{"name":"wp","href":"https:\/\/api.w.org\/{rel}","templated":true}]}}