{"id":14279,"date":"2025-05-25T23:05:50","date_gmt":"2025-05-25T23:05:50","guid":{"rendered":"https:\/\/tipicino.ch\/apfelspare\/?post_type=product&#038;p=14279"},"modified":"2026-02-15T07:18:55","modified_gmt":"2026-02-15T07:18:55","slug":"a1382-batterie-pour-macbook-pro-15-a1286-debut-2011-mi-2012","status":"publish","type":"product","link":"https:\/\/tipicino.ch\/apfelspare\/fr\/prodotto\/batteria-a1382-per-macbook-pro-15-a1286-early-2011-mid-2012\/","title":{"rendered":"A1382 Batterie pour MacBook Pro 15\u2033 A1286 (Early 2011 - Mid 2012)"},"content":{"rendered":"<div class=\"aps-pdp\">\n<section class=\"aps-card\">\n<header class=\"aps-card__head\">\n<h2 class=\"aps-h\">A1382 Batterie pour MacBook Pro 15\" A1286 (2011 - 2012)<\/h2>\n<p class=\"aps-sub\">Nouveau remplacement pour r\u00e9tablir l'autonomie de la batterie de votre Mac \u00e0 son niveau initial.<\/p>\n<\/header>\n<p>\n      Si la batterie de votre MacBook Pro 15\u2033 se vide trop rapidement, si elle s'\u00e9teint soudainement ou si l'ordinateur ne fonctionne que lorsqu'il est branch\u00e9, la remplacer par cette nouvelle pi\u00e8ce pourrait \u00eatre le bon choix. Des probl\u00e8mes de ce type surviennent souvent lorsque les cellules vieillissent en raison de la chaleur accumul\u00e9e au fil des ans ou lorsque le nombre maximal de cycles de charge est d\u00e9pass\u00e9. L'installation d'une nouvelle pi\u00e8ce de rechange vous permettra d'utiliser \u00e0 nouveau votre ordinateur aussi librement que lorsque vous l'avez achet\u00e9.\n    <\/p>\n<p class=\"aps-note\">\n      <span class=\"aps-note__ico\">!<\/span><br \/>\n      <span class=\"aps-note__txt\"><strong>Attention \u00e0 la compatibilit\u00e9 :<\/strong> Cette pi\u00e8ce a \u00e9t\u00e9 sp\u00e9cialement fabriqu\u00e9e pour les mod\u00e8les produits entre d\u00e9but 2011 et mi-2012. <strong>Pas bon<\/strong> pour MacBook Pro 15\u2033 fabriqu\u00e9 entre 2008 et 2010 (n\u00e9cessitant A1321).<\/span>\n    <\/p>\n<\/section>\n<section class=\"aps-card\">\n<header class=\"aps-card__head\">\n<h2 class=\"aps-h\">Mod\u00e8les compatibles<\/h2>\n<p class=\"aps-sub\">V\u00e9rifiez l'identifiant de votre mod\u00e8le dans les r\u00e9glages du Mac.<\/p>\n<\/header>\n<ul class=\"aps-check\">\n<li><strong>MacBook Pro 15\" A1286 (Mid 2012)<\/strong><br \/>\n        <span class=\"aps-badge\">MacBookPro9.1<\/span>\n      <\/li>\n<li><strong>MacBook Pro 15\" A1286 (Early \/ Late 2011)<\/strong><br \/>\n        <span class=\"aps-badge\">MacBookPro8.2<\/span>\n      <\/li>\n<\/ul>\n<\/section>\n<section class=\"aps-card\">\n<header class=\"aps-card__head\">\n<h2 class=\"aps-h\">Caract\u00e9ristiques techniques<\/h2>\n<p class=\"aps-sub\">Donn\u00e9es sur les pi\u00e8ces de rechange.<\/p>\n<\/header>\n<div class=\"aps-specgrid\">\n<div class=\"aps-spec\">\n<div><span>Code de la batterie<\/span><strong>A1382<\/strong><\/div>\n<\/div>\n<div class=\"aps-spec\">\n<div><span>Type<\/span><strong>Batterie rechargeable interne<\/strong><\/div>\n<\/div>\n<div class=\"aps-spec\">\n<div><span>Technologie<\/span><strong>Li-Polym\u00e8re (Polym\u00e8re de lithium)<\/strong><\/div>\n<\/div>\n<div class=\"aps-spec\">\n<div><span>\u00c9tat<\/span><strong>Neuf<\/strong><\/div>\n<\/div><\/div>\n<p style=\"margin-top:15px; font-size: 0.85em; color: #555;\">\n      * Note : Nous recommandons d'effectuer un \u00e9talonnage initial (un cycle complet de charge et de d\u00e9charge) apr\u00e8s le montage de la batterie.\n    <\/p>\n<\/section>\n<section class=\"aps-card aps-callout aps-callout--warn\">\n<header class=\"aps-card__head\">\n<h2 class=\"aps-h\">Installation et avertissements<\/h2>\n<p class=\"aps-sub\">Une op\u00e9ration qui demande de l'attention et les bons outils.<\/p>\n<\/header>\n<p>\n      Pour changer la batterie, vous devez ouvrir l'ordinateur et manipuler les connecteurs internes avec pr\u00e9caution. Si vous ne faites pas attention, vous risquez d'endommager les petits connecteurs ou les vis du bo\u00eetier. C'est pourquoi nous vous recommandons de confier cette t\u00e2che \u00e0 un technicien exp\u00e9riment\u00e9, afin d'\u00eatre certain que l'installation sera parfaite et sans danger pour votre appareil.\n    <\/p>\n<\/section>\n<section class=\"aps-card aps-callout aps-callout--info\">\n<header class=\"aps-card__head\">\n<h2 class=\"aps-h\">Avez-vous des doutes sur le remplacement ?<\/h2>\n<p class=\"aps-sub\">\u00c9crivez-nous et nous vous aiderons.<\/p>\n<\/header>\n<div class=\"aps-cta\">\n      <a class=\"aps-btn\" href=\"mailto:info@apfelspare.ch\">info@apfelspare.ch<\/a><br \/>\n      <span class=\"aps-cta__hint\">N'h\u00e9sitez pas \u00e0 envoyer le num\u00e9ro de s\u00e9rie de votre Mac pour une v\u00e9rification \u00e0 la vol\u00e9e.<\/span>\n    <\/div>\n<\/section>\n<\/div>","protected":false},"excerpt":{"rendered":"<p>Batterie interne A1382 compatible avec MacBook Pro 15\u2033 A1286 (Mid 2011 - Mid 2012). Id\u00e9al pour r\u00e9soudre les probl\u00e8mes d'autonomie<\/p>","protected":false},"featured_media":14280,"comment_status":"closed","ping_status":"closed","template":"","meta":{"_acf_changed":false,"_et_pb_use_builder":"","_et_pb_old_content":"","_et_gb_content_width":""},"product_brand":[],"product_cat":[185,17,99,98,97],"product_tag":[],"class_list":{"0":"post-14279","1":"product","2":"type-product","3":"status-publish","4":"has-post-thumbnail","6":"product_cat-batterie","7":"product_cat-category-macbook-pro","8":"product_cat-macbook-pro-15-mid-2012-a1286","9":"product_cat-macbook-pro-15-late-2011-a1286","10":"product_cat-macbook-pro-15-early-2011-a1286","12":"first","13":"instock","14":"shipping-taxable","15":"purchasable","16":"product-type-simple"},"acf":[],"yoast_head":"<!-- This site is optimized with the Yoast SEO plugin v27.4 - https:\/\/yoast.com\/product\/yoast-seo-wordpress\/ -->\n<title>Batteria A1382 per MacBook Pro 15&quot; A1286 (2011\u20132012)<\/title>\n<meta name=\"description\" content=\"Batteria A1382 per MacBook Pro 15&quot; A1286 (2011\u20132012) \u2013 Ricambio per ripristinare l&#039;autonomia del tuo MacBook con spedizione in Svizzera\" \/>\n<meta name=\"robots\" content=\"index, follow, max-snippet:-1, max-image-preview:large, max-video-preview:-1\" \/>\n<link rel=\"canonical\" href=\"https:\/\/tipicino.ch\/apfelspare\/fr\/produit\/a1382-batterie-pour-macbook-pro-15-a1286-debut-2011-mi-2012\/\" \/>\n<meta property=\"og:locale\" content=\"fr_FR\" \/>\n<meta property=\"og:type\" content=\"article\" \/>\n<meta property=\"og:title\" content=\"Batteria A1382 per MacBook Pro 15&quot; A1286 (2011\u20132012)\" \/>\n<meta property=\"og:description\" content=\"Batteria A1382 per MacBook Pro 15&quot; A1286 (2011\u20132012) \u2013 Ricambio per ripristinare l&#039;autonomia del tuo MacBook con spedizione in Svizzera\" \/>\n<meta property=\"og:url\" content=\"https:\/\/tipicino.ch\/apfelspare\/fr\/produit\/a1382-batterie-pour-macbook-pro-15-a1286-debut-2011-mi-2012\/\" \/>\n<meta property=\"og:site_name\" content=\"Ricambi MacBook Pro, MacBook Air e iMac in Svizzera \u2013 Display, Tastiere, Batterie, Trackpad\" \/>\n<meta property=\"article:modified_time\" content=\"2026-02-15T07:18:55+00:00\" \/>\n<meta property=\"og:image\" content=\"https:\/\/tipicino.ch\/apfelspare\/wp-content\/uploads\/2025\/05\/batteria-a1382-macbook-pro-15-a1286.webp\" \/>\n\t<meta property=\"og:image:width\" content=\"1000\" \/>\n\t<meta property=\"og:image:height\" content=\"1000\" \/>\n\t<meta property=\"og:image:type\" content=\"image\/webp\" \/>\n<meta name=\"twitter:card\" content=\"summary_large_image\" \/>\n<meta name=\"twitter:label1\" content=\"Dur\u00e9e de lecture estim\u00e9e\" \/>\n\t<meta name=\"twitter:data1\" content=\"2 minutes\" \/>\n<!-- \/ Yoast SEO plugin. -->","yoast_head_json":{"title":"A1382 Batterie pour MacBook Pro 15\" A1286 (2011-2012)","description":"A1382 Battery for MacBook Pro 15\" A1286 (2011-2012) - Batterie de remplacement pour restaurer l'autonomie de votre MacBook avec envoi en Suisse","robots":{"index":"index","follow":"follow","max-snippet":"max-snippet:-1","max-image-preview":"max-image-preview:large","max-video-preview":"max-video-preview:-1"},"canonical":"https:\/\/tipicino.ch\/apfelspare\/fr\/produit\/a1382-batterie-pour-macbook-pro-15-a1286-debut-2011-mi-2012\/","og_locale":"fr_FR","og_type":"article","og_title":"Batteria A1382 per MacBook Pro 15\" A1286 (2011\u20132012)","og_description":"Batteria A1382 per MacBook Pro 15\" A1286 (2011\u20132012) \u2013 Ricambio per ripristinare l'autonomia del tuo MacBook con spedizione in Svizzera","og_url":"https:\/\/tipicino.ch\/apfelspare\/fr\/produit\/a1382-batterie-pour-macbook-pro-15-a1286-debut-2011-mi-2012\/","og_site_name":"Ricambi MacBook Pro, MacBook Air e iMac in Svizzera \u2013 Display, Tastiere, Batterie, Trackpad","article_modified_time":"2026-02-15T07:18:55+00:00","og_image":[{"width":1000,"height":1000,"url":"https:\/\/tipicino.ch\/apfelspare\/wp-content\/uploads\/2025\/05\/batteria-a1382-macbook-pro-15-a1286.webp","type":"image\/webp"}],"twitter_card":"summary_large_image","twitter_misc":{"Dur\u00e9e de lecture estim\u00e9e":"2 minutes"},"schema":{"@context":"https:\/\/schema.org","@graph":[{"@type":"WebPage","@id":"https:\/\/tipicino.ch\/apfelspare\/fr\/prodotto\/batteria-a1382-per-macbook-pro-15-a1286-early-2011-mid-2012\/","url":"https:\/\/tipicino.ch\/apfelspare\/fr\/prodotto\/batteria-a1382-per-macbook-pro-15-a1286-early-2011-mid-2012\/","name":"A1382 Batterie pour MacBook Pro 15\" A1286 (2011-2012)","isPartOf":{"@id":"https:\/\/tipicino.ch\/apfelspare\/fr\/#website"},"primaryImageOfPage":{"@id":"https:\/\/tipicino.ch\/apfelspare\/fr\/prodotto\/batteria-a1382-per-macbook-pro-15-a1286-early-2011-mid-2012\/#primaryimage"},"image":{"@id":"https:\/\/tipicino.ch\/apfelspare\/fr\/prodotto\/batteria-a1382-per-macbook-pro-15-a1286-early-2011-mid-2012\/#primaryimage"},"thumbnailUrl":"https:\/\/tipicino.ch\/apfelspare\/wp-content\/uploads\/2025\/05\/batteria-a1382-macbook-pro-15-a1286.webp","datePublished":"2025-05-25T23:05:50+00:00","dateModified":"2026-02-15T07:18:55+00:00","description":"A1382 Battery for MacBook Pro 15\" A1286 (2011-2012) - Batterie de remplacement pour restaurer l'autonomie de votre MacBook avec envoi en Suisse","breadcrumb":{"@id":"https:\/\/tipicino.ch\/apfelspare\/fr\/prodotto\/batteria-a1382-per-macbook-pro-15-a1286-early-2011-mid-2012\/#breadcrumb"},"inLanguage":"fr-CH","potentialAction":[{"@type":"ReadAction","target":["https:\/\/tipicino.ch\/apfelspare\/fr\/prodotto\/batteria-a1382-per-macbook-pro-15-a1286-early-2011-mid-2012\/"]}]},{"@type":"ImageObject","inLanguage":"fr-CH","@id":"https:\/\/tipicino.ch\/apfelspare\/fr\/prodotto\/batteria-a1382-per-macbook-pro-15-a1286-early-2011-mid-2012\/#primaryimage","url":"https:\/\/tipicino.ch\/apfelspare\/wp-content\/uploads\/2025\/05\/batteria-a1382-macbook-pro-15-a1286.webp","contentUrl":"https:\/\/tipicino.ch\/apfelspare\/wp-content\/uploads\/2025\/05\/batteria-a1382-macbook-pro-15-a1286.webp","width":1000,"height":1000,"caption":"Batteria A1382 per MacBook Pro 15\" A1286 (2011\u20132012)"},{"@type":"BreadcrumbList","@id":"https:\/\/tipicino.ch\/apfelspare\/fr\/prodotto\/batteria-a1382-per-macbook-pro-15-a1286-early-2011-mid-2012\/#breadcrumb","itemListElement":[{"@type":"ListItem","position":1,"name":"Home","item":"https:\/\/tipicino.ch\/apfelspare\/fr\/"},{"@type":"ListItem","position":2,"name":"Shop","item":"https:\/\/tipicino.ch\/apfelspare\/fr\/shop\/"},{"@type":"ListItem","position":3,"name":"Batteria A1382 per MacBook Pro 15&#8243; A1286 (Early 2011 \u2013 Mid 2012)"}]},{"@type":"WebSite","@id":"https:\/\/tipicino.ch\/apfelspare\/fr\/#website","url":"https:\/\/tipicino.ch\/apfelspare\/fr\/","name":"Pi\u00e8ces d\u00e9tach\u00e9es MacBook Pro, MacBook Air et iMac en Suisse \u2013 \u00c9crans, Claviers, Batteries, Trackpads","description":"","publisher":{"@id":"https:\/\/tipicino.ch\/apfelspare\/fr\/#organization"},"potentialAction":[{"@type":"SearchAction","target":{"@type":"EntryPoint","urlTemplate":"https:\/\/tipicino.ch\/apfelspare\/fr\/?s={search_term_string}"},"query-input":{"@type":"PropertyValueSpecification","valueRequired":true,"valueName":"search_term_string"}}],"inLanguage":"fr-CH"},{"@type":"Organization","@id":"https:\/\/tipicino.ch\/apfelspare\/fr\/#organization","name":"tipicino.ch\/apfelspare","url":"https:\/\/tipicino.ch\/apfelspare\/fr\/","logo":{"@type":"ImageObject","inLanguage":"fr-CH","@id":"https:\/\/tipicino.ch\/apfelspare\/fr\/#\/schema\/logo\/image\/","url":"https:\/\/tipicino.ch\/apfelspare\/wp-content\/uploads\/2025\/08\/cropped-FAVICON-tipicino.ch\/apfelspare_.png","contentUrl":"https:\/\/tipicino.ch\/apfelspare\/wp-content\/uploads\/2025\/08\/cropped-FAVICON-tipicino.ch\/apfelspare_.png","width":512,"height":512,"caption":"tipicino.ch\/apfelspare"},"image":{"@id":"https:\/\/tipicino.ch\/apfelspare\/fr\/#\/schema\/logo\/image\/"}}]}},"_links":{"self":[{"href":"https:\/\/tipicino.ch\/apfelspare\/fr\/wp-json\/wp\/v2\/product\/14279","targetHints":{"allow":["GET"]}}],"collection":[{"href":"https:\/\/tipicino.ch\/apfelspare\/fr\/wp-json\/wp\/v2\/product"}],"about":[{"href":"https:\/\/tipicino.ch\/apfelspare\/fr\/wp-json\/wp\/v2\/types\/product"}],"replies":[{"embeddable":true,"href":"https:\/\/tipicino.ch\/apfelspare\/fr\/wp-json\/wp\/v2\/comments?post=14279"}],"wp:featuredmedia":[{"embeddable":true,"href":"https:\/\/tipicino.ch\/apfelspare\/fr\/wp-json\/wp\/v2\/media\/14280"}],"wp:attachment":[{"href":"https:\/\/tipicino.ch\/apfelspare\/fr\/wp-json\/wp\/v2\/media?parent=14279"}],"wp:term":[{"taxonomy":"product_brand","embeddable":true,"href":"https:\/\/tipicino.ch\/apfelspare\/fr\/wp-json\/wp\/v2\/product_brand?post=14279"},{"taxonomy":"product_cat","embeddable":true,"href":"https:\/\/tipicino.ch\/apfelspare\/fr\/wp-json\/wp\/v2\/product_cat?post=14279"},{"taxonomy":"product_tag","embeddable":true,"href":"https:\/\/tipicino.ch\/apfelspare\/fr\/wp-json\/wp\/v2\/product_tag?post=14279"}],"curies":[{"name":"wp","href":"https:\/\/api.w.org\/{rel}","templated":true}]}}