{"id":14436,"date":"2025-05-29T13:34:17","date_gmt":"2025-05-29T13:34:17","guid":{"rendered":"https:\/\/tipicino.ch\/apfelspare\/?post_type=product&#038;p=14436"},"modified":"2026-03-13T23:38:05","modified_gmt":"2026-03-13T23:38:05","slug":"trackpad-macbook-air-11-a1370-fin-2010-mi-2011","status":"publish","type":"product","link":"https:\/\/tipicino.ch\/apfelspare\/fr\/prodotto\/trackpad-macbook-air-11-a1370-late-2010-mid-2011\/","title":{"rendered":"Trackpad pour MacBook Air 11\u2033 A1370 (Late 2010 - Mid 2011)"},"content":{"rendered":"<div class=\"aps-pdp\">\n<section class=\"aps-card\">\n<header class=\"aps-card__head\">\n<h2 class=\"aps-h\">Trackpad pour MacBook Air 11\" A1370 (2010 - 2011)<\/h2>\n<p class=\"aps-sub\">Nouvelle pi\u00e8ce d\u00e9tach\u00e9e pour r\u00e9parer le pointage de votre MacBook Air compact.<\/p>\n<\/header>\n<p>\n      Ce trackpad est parfait si la vitre de votre MacBook Air 11 pouces est cass\u00e9e ou si le pointeur se d\u00e9place tout seul. En rempla\u00e7ant la pi\u00e8ce, vous pourrez \u00e0 nouveau utiliser votre ordinateur avec la facilit\u00e9 habituelle et profiter \u00e0 nouveau de tous les gestes Multi-Touch de macOS. Il s'agit d'une nouvelle pi\u00e8ce qui fournit une r\u00e9ponse imm\u00e9diate \u00e0 la pression.\n    <\/p>\n<p class=\"aps-note\">\n      <span class=\"aps-note__ico\">!<\/span><br \/>\n      <span class=\"aps-note__txt\"><strong>Note de compatibilit\u00e9 :<\/strong> Ce mod\u00e8le ne convient qu'au MacBook Air 11\u2033 fabriqu\u00e9 entre fin 2010 et mi-2011. Veuillez v\u00e9rifier que votre Mac est un mod\u00e8le A1370 avant d'effectuer votre achat.<\/span>\n    <\/p>\n<\/section>\n<section class=\"aps-card\">\n<header class=\"aps-card__head\">\n<h2 class=\"aps-h\">Mod\u00e8les compatibles<\/h2>\n<p class=\"aps-sub\">V\u00e9rifier l'identifiant du mod\u00e8le pour s'assurer de la compatibilit\u00e9.<\/p>\n<\/header>\n<ul class=\"aps-check\">\n<li><strong>MacBook Air 11\" A1370 (Mid 2011)<\/strong><br \/>\n        <span class=\"aps-badge\">MacBookAir4.1<\/span>\n      <\/li>\n<li><strong>MacBook Air 11\" A1370 (Late 2010)<\/strong><br \/>\n        <span class=\"aps-badge\">MacBookAir3,1<\/span>\n      <\/li>\n<\/ul>\n<\/section>\n<section class=\"aps-card\">\n<header class=\"aps-card__head\">\n<h2 class=\"aps-h\">Caract\u00e9ristiques techniques<\/h2>\n<p class=\"aps-sub\">Donn\u00e9es techniques de la pi\u00e8ce de rechange.<\/p>\n<\/header>\n<div class=\"aps-specgrid\">\n<div class=\"aps-spec\">\n<div><span>Type<\/span><strong>Trackpad<\/strong><\/div>\n<\/div>\n<div class=\"aps-spec\">\n<div><span>\u00c9tat<\/span><strong>Neuf<\/strong><\/div>\n<\/div>\n<div class=\"aps-spec\">\n<div><span>C\u00e2ble de connexion<\/span><strong>NON inclus<\/strong><\/div>\n<\/div><\/div>\n<\/section>\n<section class=\"aps-card aps-callout aps-callout--warn\">\n<header class=\"aps-card__head\">\n<h2 class=\"aps-h\">Installation et avertissements<\/h2>\n<p class=\"aps-sub\">Quelques conseils d'assemblage.<\/p>\n<\/header>\n<p>\n      Pour monter ce trackpad, vous devez ouvrir le bas de l'ordinateur et retirer la batterie interne. Pendant le travail, veillez \u00e0 ne pas endommager les petits c\u00e2bles plats qui relient la pi\u00e8ce \u00e0 la carte. Utilisez les bons tournevis pour ne pas endommager les vis, qui sont tr\u00e8s petites. Si vous n'avez jamais ouvert un Mac auparavant, nous vous recommandons de demander l'aide d'un technicien exp\u00e9riment\u00e9 afin d'\u00e9viter tout dommage accidentel.\n    <\/p>\n<\/section>\n<section class=\"aps-card aps-callout aps-callout--info\">\n<header class=\"aps-card__head\">\n<h2 class=\"aps-h\">Des doutes sur la compatibilit\u00e9 de la pi\u00e8ce ?<\/h2>\n<p class=\"aps-sub\">Contactez-nous pour obtenir de l\u2019aide dans le choix du composant de remplacement adapt\u00e9 \u00e0 votre appareil.<\/p>\n<\/header>\n<div class=\"aps-cta\">\n      <a class=\"aps-btn\" href=\"mailto:info@apfelspare.ch\">info@apfelspare.ch<\/a><br \/>\n      <span class=\"aps-cta__hint\">Envoyez-nous le num\u00e9ro de s\u00e9rie de votre Mac : nous v\u00e9rifierons rapidement la compatibilit\u00e9.<\/span>\n    <\/div>\n<\/section>\n<\/div>","protected":false},"excerpt":{"rendered":"<p>Trackpad pour MacBook Air 11\u2033 A1370 Late 2010 Mid 2011<\/p>","protected":false},"featured_media":14437,"comment_status":"closed","ping_status":"closed","template":"","meta":{"_acf_changed":false,"_et_pb_use_builder":"","_et_pb_old_content":"","_et_gb_content_width":""},"product_brand":[],"product_cat":[180,20,130,129],"product_tag":[],"class_list":{"0":"post-14436","1":"product","2":"type-product","3":"status-publish","4":"has-post-thumbnail","6":"product_cat-trackpad","7":"product_cat-category-macbook-air","8":"product_cat-macbook-air-11-mid-2011-a1370","9":"product_cat-macbook-air-11-late-2010-a1370","11":"first","12":"onbackorder","13":"shipping-taxable","14":"purchasable","15":"product-type-simple"},"acf":[],"yoast_head":"<!-- This site is optimized with the Yoast SEO plugin v27.4 - https:\/\/yoast.com\/product\/yoast-seo-wordpress\/ -->\n<title>Trackpad MacBook Air 11&quot; A1370 (Late 2010 \u2013 Mid 2011)<\/title>\n<meta name=\"description\" content=\"Trackpad per MacBook Air 11&quot; A1370 Late 2010 Mid 2011, compatibile e perfetto per sostituire il componente danneggiato\" \/>\n<meta name=\"robots\" content=\"index, follow, max-snippet:-1, max-image-preview:large, max-video-preview:-1\" \/>\n<link rel=\"canonical\" href=\"https:\/\/tipicino.ch\/apfelspare\/fr\/produit\/trackpad-macbook-air-11-a1370-fin-2010-mi-2011\/\" \/>\n<meta property=\"og:locale\" content=\"fr_FR\" \/>\n<meta property=\"og:type\" content=\"article\" \/>\n<meta property=\"og:title\" content=\"Trackpad MacBook Air 11&quot; A1370 (Late 2010 \u2013 Mid 2011)\" \/>\n<meta property=\"og:description\" content=\"Trackpad per MacBook Air 11&quot; A1370 Late 2010 Mid 2011, compatibile e perfetto per sostituire il componente danneggiato\" \/>\n<meta property=\"og:url\" content=\"https:\/\/tipicino.ch\/apfelspare\/fr\/produit\/trackpad-macbook-air-11-a1370-fin-2010-mi-2011\/\" \/>\n<meta property=\"og:site_name\" content=\"Ricambi MacBook Pro, MacBook Air e iMac in Svizzera \u2013 Display, Tastiere, Batterie, Trackpad\" \/>\n<meta property=\"article:modified_time\" content=\"2026-03-13T23:38:05+00:00\" \/>\n<meta property=\"og:image\" content=\"https:\/\/tipicino.ch\/apfelspare\/wp-content\/uploads\/2025\/05\/trackpad-macbook-air-11-a1370-2010-2011.png\" \/>\n\t<meta property=\"og:image:width\" content=\"1000\" \/>\n\t<meta property=\"og:image:height\" content=\"1000\" \/>\n\t<meta property=\"og:image:type\" content=\"image\/png\" \/>\n<meta name=\"twitter:card\" content=\"summary_large_image\" \/>\n<meta name=\"twitter:label1\" content=\"Dur\u00e9e de lecture estim\u00e9e\" \/>\n\t<meta name=\"twitter:data1\" content=\"2 minutes\" \/>\n<!-- \/ Yoast SEO plugin. -->","yoast_head_json":{"title":"Trackpad MacBook Air 11\" A1370 (Late 2010 - Mid 2011)","description":"Trackpad pour MacBook Air 11\" A1370 Late 2010 Mid 2011, compatible et parfait pour remplacer un composant endommag\u00e9","robots":{"index":"index","follow":"follow","max-snippet":"max-snippet:-1","max-image-preview":"max-image-preview:large","max-video-preview":"max-video-preview:-1"},"canonical":"https:\/\/tipicino.ch\/apfelspare\/fr\/produit\/trackpad-macbook-air-11-a1370-fin-2010-mi-2011\/","og_locale":"fr_FR","og_type":"article","og_title":"Trackpad MacBook Air 11\" A1370 (Late 2010 \u2013 Mid 2011)","og_description":"Trackpad per MacBook Air 11\" A1370 Late 2010 Mid 2011, compatibile e perfetto per sostituire il componente danneggiato","og_url":"https:\/\/tipicino.ch\/apfelspare\/fr\/produit\/trackpad-macbook-air-11-a1370-fin-2010-mi-2011\/","og_site_name":"Ricambi MacBook Pro, MacBook Air e iMac in Svizzera \u2013 Display, Tastiere, Batterie, Trackpad","article_modified_time":"2026-03-13T23:38:05+00:00","og_image":[{"width":1000,"height":1000,"url":"https:\/\/tipicino.ch\/apfelspare\/wp-content\/uploads\/2025\/05\/trackpad-macbook-air-11-a1370-2010-2011.png","type":"image\/png"}],"twitter_card":"summary_large_image","twitter_misc":{"Dur\u00e9e de lecture estim\u00e9e":"2 minutes"},"schema":{"@context":"https:\/\/schema.org","@graph":[{"@type":"WebPage","@id":"https:\/\/tipicino.ch\/apfelspare\/fr\/prodotto\/trackpad-macbook-air-11-a1370-late-2010-mid-2011\/","url":"https:\/\/tipicino.ch\/apfelspare\/fr\/prodotto\/trackpad-macbook-air-11-a1370-late-2010-mid-2011\/","name":"Trackpad MacBook Air 11\" A1370 (Late 2010 - Mid 2011)","isPartOf":{"@id":"https:\/\/tipicino.ch\/apfelspare\/fr\/#website"},"primaryImageOfPage":{"@id":"https:\/\/tipicino.ch\/apfelspare\/fr\/prodotto\/trackpad-macbook-air-11-a1370-late-2010-mid-2011\/#primaryimage"},"image":{"@id":"https:\/\/tipicino.ch\/apfelspare\/fr\/prodotto\/trackpad-macbook-air-11-a1370-late-2010-mid-2011\/#primaryimage"},"thumbnailUrl":"https:\/\/tipicino.ch\/apfelspare\/wp-content\/uploads\/2025\/05\/trackpad-macbook-air-11-a1370-2010-2011.png","datePublished":"2025-05-29T13:34:17+00:00","dateModified":"2026-03-13T23:38:05+00:00","description":"Trackpad pour MacBook Air 11\" A1370 Late 2010 Mid 2011, compatible et parfait pour remplacer un composant endommag\u00e9","breadcrumb":{"@id":"https:\/\/tipicino.ch\/apfelspare\/fr\/prodotto\/trackpad-macbook-air-11-a1370-late-2010-mid-2011\/#breadcrumb"},"inLanguage":"fr-CH","potentialAction":[{"@type":"ReadAction","target":["https:\/\/tipicino.ch\/apfelspare\/fr\/prodotto\/trackpad-macbook-air-11-a1370-late-2010-mid-2011\/"]}]},{"@type":"ImageObject","inLanguage":"fr-CH","@id":"https:\/\/tipicino.ch\/apfelspare\/fr\/prodotto\/trackpad-macbook-air-11-a1370-late-2010-mid-2011\/#primaryimage","url":"https:\/\/tipicino.ch\/apfelspare\/wp-content\/uploads\/2025\/05\/trackpad-macbook-air-11-a1370-2010-2011.png","contentUrl":"https:\/\/tipicino.ch\/apfelspare\/wp-content\/uploads\/2025\/05\/trackpad-macbook-air-11-a1370-2010-2011.png","width":1000,"height":1000,"caption":"Trackpad MacBook Air 11\" A1370 Late 2010 Mid 2011"},{"@type":"BreadcrumbList","@id":"https:\/\/tipicino.ch\/apfelspare\/fr\/prodotto\/trackpad-macbook-air-11-a1370-late-2010-mid-2011\/#breadcrumb","itemListElement":[{"@type":"ListItem","position":1,"name":"Home","item":"https:\/\/tipicino.ch\/apfelspare\/fr\/"},{"@type":"ListItem","position":2,"name":"Shop","item":"https:\/\/tipicino.ch\/apfelspare\/fr\/shop\/"},{"@type":"ListItem","position":3,"name":"Trackpad per MacBook Air 11&#8243; A1370 (Late 2010 \u2013 Mid 2011)"}]},{"@type":"WebSite","@id":"https:\/\/tipicino.ch\/apfelspare\/fr\/#website","url":"https:\/\/tipicino.ch\/apfelspare\/fr\/","name":"Pi\u00e8ces d\u00e9tach\u00e9es MacBook Pro, MacBook Air et iMac en Suisse \u2013 \u00c9crans, Claviers, Batteries, Trackpads","description":"","publisher":{"@id":"https:\/\/tipicino.ch\/apfelspare\/fr\/#organization"},"potentialAction":[{"@type":"SearchAction","target":{"@type":"EntryPoint","urlTemplate":"https:\/\/tipicino.ch\/apfelspare\/fr\/?s={search_term_string}"},"query-input":{"@type":"PropertyValueSpecification","valueRequired":true,"valueName":"search_term_string"}}],"inLanguage":"fr-CH"},{"@type":"Organization","@id":"https:\/\/tipicino.ch\/apfelspare\/fr\/#organization","name":"tipicino.ch\/apfelspare","url":"https:\/\/tipicino.ch\/apfelspare\/fr\/","logo":{"@type":"ImageObject","inLanguage":"fr-CH","@id":"https:\/\/tipicino.ch\/apfelspare\/fr\/#\/schema\/logo\/image\/","url":"https:\/\/tipicino.ch\/apfelspare\/wp-content\/uploads\/2025\/08\/cropped-FAVICON-tipicino.ch\/apfelspare_.png","contentUrl":"https:\/\/tipicino.ch\/apfelspare\/wp-content\/uploads\/2025\/08\/cropped-FAVICON-tipicino.ch\/apfelspare_.png","width":512,"height":512,"caption":"tipicino.ch\/apfelspare"},"image":{"@id":"https:\/\/tipicino.ch\/apfelspare\/fr\/#\/schema\/logo\/image\/"}}]}},"_links":{"self":[{"href":"https:\/\/tipicino.ch\/apfelspare\/fr\/wp-json\/wp\/v2\/product\/14436","targetHints":{"allow":["GET"]}}],"collection":[{"href":"https:\/\/tipicino.ch\/apfelspare\/fr\/wp-json\/wp\/v2\/product"}],"about":[{"href":"https:\/\/tipicino.ch\/apfelspare\/fr\/wp-json\/wp\/v2\/types\/product"}],"replies":[{"embeddable":true,"href":"https:\/\/tipicino.ch\/apfelspare\/fr\/wp-json\/wp\/v2\/comments?post=14436"}],"wp:featuredmedia":[{"embeddable":true,"href":"https:\/\/tipicino.ch\/apfelspare\/fr\/wp-json\/wp\/v2\/media\/14437"}],"wp:attachment":[{"href":"https:\/\/tipicino.ch\/apfelspare\/fr\/wp-json\/wp\/v2\/media?parent=14436"}],"wp:term":[{"taxonomy":"product_brand","embeddable":true,"href":"https:\/\/tipicino.ch\/apfelspare\/fr\/wp-json\/wp\/v2\/product_brand?post=14436"},{"taxonomy":"product_cat","embeddable":true,"href":"https:\/\/tipicino.ch\/apfelspare\/fr\/wp-json\/wp\/v2\/product_cat?post=14436"},{"taxonomy":"product_tag","embeddable":true,"href":"https:\/\/tipicino.ch\/apfelspare\/fr\/wp-json\/wp\/v2\/product_tag?post=14436"}],"curies":[{"name":"wp","href":"https:\/\/api.w.org\/{rel}","templated":true}]}}