{"id":14460,"date":"2025-05-29T18:13:00","date_gmt":"2025-05-29T18:13:00","guid":{"rendered":"https:\/\/tipicino.ch\/apfelspare\/?post_type=product&#038;p=14460"},"modified":"2026-02-15T22:55:11","modified_gmt":"2026-02-15T22:55:11","slug":"trackpad-macbook-pro-15-a1707-a1990-2016-2019-argent","status":"publish","type":"product","link":"https:\/\/tipicino.ch\/apfelspare\/fr\/prodotto\/trackpad-macbook-pro-15-a1707-a1990-2016-2019-silver\/","title":{"rendered":"Trackpad pour MacBook Pro 15\u2033 A1707 A1990 (2016-2019) - Silver"},"content":{"rendered":"<div class=\"aps-pdp\">\n<section class=\"aps-card\">\n<header class=\"aps-card__head\">\n<h2 class=\"aps-h\">Trackpad Force Touch pour MacBook Pro 15\" A1707 \/ A1990 - Silver<\/h2>\n<p class=\"aps-sub\">Nouveau composant pour restaurer la pr\u00e9cision de pointage sur votre silver Pro avec Touch Bar.<\/p>\n<\/header>\n<p>\n      Si vous constatez que le pointeur de votre MacBook Pro 15\u2033 se d\u00e9place de mani\u00e8re saccad\u00e9e, si la grande surface argent\u00e9e pr\u00e9sente des fissures ou si les gestes Multi-Touch ne sont plus re\u00e7us avec la fluidit\u00e9 d'origine, le remplacement de la pi\u00e8ce par cette nouvelle pi\u00e8ce de rechange est le choix id\u00e9al. Compte tenu de la technologie Force Touch pr\u00e9sente dans ces mod\u00e8les, le moindre d\u00e9faut dans les capteurs de pression peut compromettre le retour haptique et la pr\u00e9cision dans le travail quotidien. Souvent, ces d\u00e9faillances sont li\u00e9es \u00e0 des infiltrations accidentelles, \u00e0 des chocs mineurs ou simplement \u00e0 l'usure des circuits internes apr\u00e8s des ann\u00e9es d'utilisation intensive.\n    <\/p>\n<p class=\"aps-note\">\n      <span class=\"aps-note__ico\">!<\/span><br \/>\n      <span class=\"aps-note__txt\"><strong>Note sur la compatibilit\u00e9 :<\/strong> Ce remplacement a \u00e9t\u00e9 sp\u00e9cialement con\u00e7u pour les bo\u00eetiers A1707 et A1990 (2016-2019) dans la finition Silver. Nous vous sugg\u00e9rons de v\u00e9rifier l'identifiant du mod\u00e8le dans les param\u00e8tres de votre Mac pour vous assurer qu'il correspond \u00e0 l'un de ceux r\u00e9pertori\u00e9s.<\/span>\n    <\/p>\n<\/section>\n<section class=\"aps-card\">\n<header class=\"aps-card__head\">\n<h2 class=\"aps-h\">Mod\u00e8les compatibles<\/h2>\n<p class=\"aps-sub\">L'identifiant du mod\u00e8le confirme que la pi\u00e8ce est adapt\u00e9e \u00e0 votre mat\u00e9riel.<\/p>\n<\/header>\n<ul class=\"aps-check\">\n<li><strong>MacBook Pro 15\" A1707 (Late 2016)<\/strong> <span class=\"aps-badge\">MacBookPro13.3<\/span><\/li>\n<li><strong>MacBook Pro 15\" A1707 (Mid 2017)<\/strong> <span class=\"aps-badge\">MacBookPro14.3<\/span><\/li>\n<li><strong>MacBook Pro 15\" A1990 (Mid 2018)<\/strong> <span class=\"aps-badge\">MacBookPro15.1<\/span><\/li>\n<li><strong>MacBook Pro 15\" A1990 (Mid 2018)<\/strong> <span class=\"aps-badge\">MacBookPro15.3<\/span><\/li>\n<li><strong>MacBook Pro 15\" A1990 (Mid 2019)<\/strong> <span class=\"aps-badge\">MacBookPro15.1<\/span><\/li>\n<li><strong>MacBook Pro 15\" A1990 (Mid 2019)<\/strong> <span class=\"aps-badge\">MacBookPro15.3<\/span><\/li>\n<\/ul>\n<\/section>\n<section class=\"aps-card\">\n<header class=\"aps-card__head\">\n<h2 class=\"aps-h\">Caract\u00e9ristiques techniques<\/h2>\n<p class=\"aps-sub\">Donn\u00e9es sur les pi\u00e8ces de rechange.<\/p>\n<\/header>\n<div class=\"aps-specgrid\">\n<div class=\"aps-spec\">\n<div><span>Type<\/span><strong>Trackpad<\/strong><\/div>\n<\/div>\n<div class=\"aps-spec\">\n<div><span>Technologie<\/span><strong>Force Touch<\/strong><\/div>\n<\/div>\n<div class=\"aps-spec\">\n<div><span>Couleur<\/span><strong>Silver (Argent)<\/strong><\/div>\n<\/div>\n<div class=\"aps-spec\">\n<div><span>\u00c9tat<\/span><strong>Neuf<\/strong><\/div>\n<\/div>\n<div class=\"aps-spec\">\n<div><span>C\u00e2ble de connexion<\/span><strong>NON inclus<\/strong><\/div>\n<\/div><\/div>\n<\/section>\n<section class=\"aps-card aps-callout aps-callout--warn\">\n<header class=\"aps-card__head\">\n<h2 class=\"aps-h\">Installation et avertissements<\/h2>\n<p class=\"aps-sub\">Une intervention technique qui n\u00e9cessite une patience et une pr\u00e9cision extr\u00eames.<\/p>\n<\/header>\n<p>\n      Le remplacement du trackpad sur ces mod\u00e8les n\u00e9cessite d'ouvrir l'ordinateur et de d\u00e9connecter la batterie interne, une op\u00e9ration qui doit \u00eatre effectu\u00e9e avec le plus grand soin afin de ne pas percer les cellules ou d'endommager les c\u00e2bles plats fragiles situ\u00e9s en dessous. Les capteurs Force Touch sont extr\u00eamement sensibles et une erreur d'alignement pourrait compromettre le fonctionnement du remplacement. C'est pourquoi nous vous recommandons de confier le travail \u00e0 un technicien sp\u00e9cialis\u00e9, afin de garantir une installation s\u00fbre et sans risque.\n    <\/p>\n<\/section>\n<section class=\"aps-card aps-callout aps-callout--info\">\n<header class=\"aps-card__head\">\n<h2 class=\"aps-h\">Vous n'\u00eates pas s\u00fbr que la pi\u00e8ce d\u00e9tach\u00e9e soit la bonne ?<\/h2>\n<p class=\"aps-sub\">Nous sommes l\u00e0 pour vous aider \u00e0 choisir sans vous tromper.<\/p>\n<\/header>\n<div class=\"aps-cta\">\n      <a class=\"aps-btn\" href=\"mailto:info@apfelspare.ch\">info@apfelspare.ch<\/a><br \/>\n      <span class=\"aps-cta__hint\">Envoyez-nous le num\u00e9ro de s\u00e9rie de votre Mac et nous v\u00e9rifierons la compatibilit\u00e9 dans quelques instants.<\/span>\n    <\/div>\n<\/section>\n<\/div>","protected":false},"excerpt":{"rendered":"<p>Trackpad pour MacBook Pro 15\u2033 (2016-2019), couleur argent<br \/>\n<br \/><em>\u00c9GALEMENT DISPONIBLE EN GRIS SPATIAL<\/em><\/p>","protected":false},"featured_media":14492,"comment_status":"closed","ping_status":"closed","template":"","meta":{"_acf_changed":false,"_et_pb_use_builder":"","_et_pb_old_content":"","_et_gb_content_width":""},"product_brand":[],"product_cat":[180,17,74,73,77,76],"product_tag":[],"class_list":{"0":"post-14460","1":"product","2":"type-product","3":"status-publish","4":"has-post-thumbnail","6":"product_cat-trackpad","7":"product_cat-category-macbook-pro","8":"product_cat-macbook-pro-15-mid-2019-a1990","9":"product_cat-macbook-pro-15-mid-2018-a1990","10":"product_cat-macbook-pro-15-mid-2017-a1707","11":"product_cat-macbook-pro-15-late-2016-a1707","13":"first","14":"onbackorder","15":"shipping-taxable","16":"purchasable","17":"product-type-simple"},"acf":[],"yoast_head":"<!-- This site is optimized with the Yoast SEO plugin v27.4 - https:\/\/yoast.com\/product\/yoast-seo-wordpress\/ -->\n<title>Trackpad MacBook Pro 15&quot; A1707 A1990 (2016\u20132019) Silver<\/title>\n<meta name=\"description\" content=\"Trackpad per MacBook Pro 15&quot; (2016\u20132019), compatibile con A1707, A1990, colore Silver\" \/>\n<meta name=\"robots\" content=\"index, follow, max-snippet:-1, max-image-preview:large, max-video-preview:-1\" \/>\n<link rel=\"canonical\" href=\"https:\/\/tipicino.ch\/apfelspare\/fr\/produit\/trackpad-macbook-pro-15-a1707-a1990-2016-2019-argent\/\" \/>\n<meta property=\"og:locale\" content=\"fr_FR\" \/>\n<meta property=\"og:type\" content=\"article\" \/>\n<meta property=\"og:title\" content=\"Trackpad MacBook Pro 15&quot; A1707 A1990 (2016\u20132019) Silver\" \/>\n<meta property=\"og:description\" content=\"Trackpad per MacBook Pro 15&quot; (2016\u20132019), compatibile con A1707, A1990, colore Silver\" \/>\n<meta property=\"og:url\" content=\"https:\/\/tipicino.ch\/apfelspare\/fr\/produit\/trackpad-macbook-pro-15-a1707-a1990-2016-2019-argent\/\" \/>\n<meta property=\"og:site_name\" content=\"Ricambi MacBook Pro, MacBook Air e iMac in Svizzera \u2013 Display, Tastiere, Batterie, Trackpad\" \/>\n<meta property=\"article:modified_time\" content=\"2026-02-15T22:55:11+00:00\" \/>\n<meta property=\"og:image\" content=\"https:\/\/tipicino.ch\/apfelspare\/wp-content\/uploads\/2025\/05\/trackpad-macbook-pro-15-a1707-a1990-silver1.png\" \/>\n\t<meta property=\"og:image:width\" content=\"1000\" \/>\n\t<meta property=\"og:image:height\" content=\"1000\" \/>\n\t<meta property=\"og:image:type\" content=\"image\/png\" \/>\n<meta name=\"twitter:card\" content=\"summary_large_image\" \/>\n<meta name=\"twitter:label1\" content=\"Dur\u00e9e de lecture estim\u00e9e\" \/>\n\t<meta name=\"twitter:data1\" content=\"2 minutes\" \/>\n<!-- \/ Yoast SEO plugin. -->","yoast_head_json":{"title":"Trackpad MacBook Pro 15\" A1707 A1990 (2016-2019) Silver","description":"Trackpad pour MacBook Pro 15\" (2016-2019), compatible avec A1707, A1990, couleur Silver","robots":{"index":"index","follow":"follow","max-snippet":"max-snippet:-1","max-image-preview":"max-image-preview:large","max-video-preview":"max-video-preview:-1"},"canonical":"https:\/\/tipicino.ch\/apfelspare\/fr\/produit\/trackpad-macbook-pro-15-a1707-a1990-2016-2019-argent\/","og_locale":"fr_FR","og_type":"article","og_title":"Trackpad MacBook Pro 15\" A1707 A1990 (2016\u20132019) Silver","og_description":"Trackpad per MacBook Pro 15\" (2016\u20132019), compatibile con A1707, A1990, colore Silver","og_url":"https:\/\/tipicino.ch\/apfelspare\/fr\/produit\/trackpad-macbook-pro-15-a1707-a1990-2016-2019-argent\/","og_site_name":"Ricambi MacBook Pro, MacBook Air e iMac in Svizzera \u2013 Display, Tastiere, Batterie, Trackpad","article_modified_time":"2026-02-15T22:55:11+00:00","og_image":[{"width":1000,"height":1000,"url":"https:\/\/tipicino.ch\/apfelspare\/wp-content\/uploads\/2025\/05\/trackpad-macbook-pro-15-a1707-a1990-silver1.png","type":"image\/png"}],"twitter_card":"summary_large_image","twitter_misc":{"Dur\u00e9e de lecture estim\u00e9e":"2 minutes"},"schema":{"@context":"https:\/\/schema.org","@graph":[{"@type":"WebPage","@id":"https:\/\/tipicino.ch\/apfelspare\/fr\/prodotto\/trackpad-macbook-pro-15-a1707-a1990-2016-2019-silver\/","url":"https:\/\/tipicino.ch\/apfelspare\/fr\/prodotto\/trackpad-macbook-pro-15-a1707-a1990-2016-2019-silver\/","name":"Trackpad MacBook Pro 15\" A1707 A1990 (2016-2019) Silver","isPartOf":{"@id":"https:\/\/tipicino.ch\/apfelspare\/fr\/#website"},"primaryImageOfPage":{"@id":"https:\/\/tipicino.ch\/apfelspare\/fr\/prodotto\/trackpad-macbook-pro-15-a1707-a1990-2016-2019-silver\/#primaryimage"},"image":{"@id":"https:\/\/tipicino.ch\/apfelspare\/fr\/prodotto\/trackpad-macbook-pro-15-a1707-a1990-2016-2019-silver\/#primaryimage"},"thumbnailUrl":"https:\/\/tipicino.ch\/apfelspare\/wp-content\/uploads\/2025\/05\/trackpad-macbook-pro-15-a1707-a1990-silver1.png","datePublished":"2025-05-29T18:13:00+00:00","dateModified":"2026-02-15T22:55:11+00:00","description":"Trackpad pour MacBook Pro 15\" (2016-2019), compatible avec A1707, A1990, couleur Silver","breadcrumb":{"@id":"https:\/\/tipicino.ch\/apfelspare\/fr\/prodotto\/trackpad-macbook-pro-15-a1707-a1990-2016-2019-silver\/#breadcrumb"},"inLanguage":"fr-CH","potentialAction":[{"@type":"ReadAction","target":["https:\/\/tipicino.ch\/apfelspare\/fr\/prodotto\/trackpad-macbook-pro-15-a1707-a1990-2016-2019-silver\/"]}]},{"@type":"ImageObject","inLanguage":"fr-CH","@id":"https:\/\/tipicino.ch\/apfelspare\/fr\/prodotto\/trackpad-macbook-pro-15-a1707-a1990-2016-2019-silver\/#primaryimage","url":"https:\/\/tipicino.ch\/apfelspare\/wp-content\/uploads\/2025\/05\/trackpad-macbook-pro-15-a1707-a1990-silver1.png","contentUrl":"https:\/\/tipicino.ch\/apfelspare\/wp-content\/uploads\/2025\/05\/trackpad-macbook-pro-15-a1707-a1990-silver1.png","width":1000,"height":1000,"caption":"Trackpad MacBook Pro 15\" A1707 A1990 Silver"},{"@type":"BreadcrumbList","@id":"https:\/\/tipicino.ch\/apfelspare\/fr\/prodotto\/trackpad-macbook-pro-15-a1707-a1990-2016-2019-silver\/#breadcrumb","itemListElement":[{"@type":"ListItem","position":1,"name":"Home","item":"https:\/\/tipicino.ch\/apfelspare\/fr\/"},{"@type":"ListItem","position":2,"name":"Shop","item":"https:\/\/tipicino.ch\/apfelspare\/fr\/shop\/"},{"@type":"ListItem","position":3,"name":"Trackpad per MacBook Pro 15&#8243; A1707 A1990 (2016\u20132019) \u2013 Silver"}]},{"@type":"WebSite","@id":"https:\/\/tipicino.ch\/apfelspare\/fr\/#website","url":"https:\/\/tipicino.ch\/apfelspare\/fr\/","name":"Pi\u00e8ces d\u00e9tach\u00e9es MacBook Pro, MacBook Air et iMac en Suisse \u2013 \u00c9crans, Claviers, Batteries, Trackpads","description":"","publisher":{"@id":"https:\/\/tipicino.ch\/apfelspare\/fr\/#organization"},"potentialAction":[{"@type":"SearchAction","target":{"@type":"EntryPoint","urlTemplate":"https:\/\/tipicino.ch\/apfelspare\/fr\/?s={search_term_string}"},"query-input":{"@type":"PropertyValueSpecification","valueRequired":true,"valueName":"search_term_string"}}],"inLanguage":"fr-CH"},{"@type":"Organization","@id":"https:\/\/tipicino.ch\/apfelspare\/fr\/#organization","name":"tipicino.ch\/apfelspare","url":"https:\/\/tipicino.ch\/apfelspare\/fr\/","logo":{"@type":"ImageObject","inLanguage":"fr-CH","@id":"https:\/\/tipicino.ch\/apfelspare\/fr\/#\/schema\/logo\/image\/","url":"https:\/\/tipicino.ch\/apfelspare\/wp-content\/uploads\/2025\/08\/cropped-FAVICON-tipicino.ch\/apfelspare_.png","contentUrl":"https:\/\/tipicino.ch\/apfelspare\/wp-content\/uploads\/2025\/08\/cropped-FAVICON-tipicino.ch\/apfelspare_.png","width":512,"height":512,"caption":"tipicino.ch\/apfelspare"},"image":{"@id":"https:\/\/tipicino.ch\/apfelspare\/fr\/#\/schema\/logo\/image\/"}}]}},"_links":{"self":[{"href":"https:\/\/tipicino.ch\/apfelspare\/fr\/wp-json\/wp\/v2\/product\/14460","targetHints":{"allow":["GET"]}}],"collection":[{"href":"https:\/\/tipicino.ch\/apfelspare\/fr\/wp-json\/wp\/v2\/product"}],"about":[{"href":"https:\/\/tipicino.ch\/apfelspare\/fr\/wp-json\/wp\/v2\/types\/product"}],"replies":[{"embeddable":true,"href":"https:\/\/tipicino.ch\/apfelspare\/fr\/wp-json\/wp\/v2\/comments?post=14460"}],"wp:featuredmedia":[{"embeddable":true,"href":"https:\/\/tipicino.ch\/apfelspare\/fr\/wp-json\/wp\/v2\/media\/14492"}],"wp:attachment":[{"href":"https:\/\/tipicino.ch\/apfelspare\/fr\/wp-json\/wp\/v2\/media?parent=14460"}],"wp:term":[{"taxonomy":"product_brand","embeddable":true,"href":"https:\/\/tipicino.ch\/apfelspare\/fr\/wp-json\/wp\/v2\/product_brand?post=14460"},{"taxonomy":"product_cat","embeddable":true,"href":"https:\/\/tipicino.ch\/apfelspare\/fr\/wp-json\/wp\/v2\/product_cat?post=14460"},{"taxonomy":"product_tag","embeddable":true,"href":"https:\/\/tipicino.ch\/apfelspare\/fr\/wp-json\/wp\/v2\/product_tag?post=14460"}],"curies":[{"name":"wp","href":"https:\/\/api.w.org\/{rel}","templated":true}]}}