{"id":14566,"date":"2025-05-30T22:45:21","date_gmt":"2025-05-30T22:45:21","guid":{"rendered":"https:\/\/tipicino.ch\/apfelspare\/?post_type=product&#038;p=14566"},"modified":"2026-03-15T06:54:17","modified_gmt":"2026-03-15T06:54:17","slug":"ecran-complet-macbook-pro-13-a1708-late-2016-mid-2017-silver","status":"publish","type":"product","link":"https:\/\/tipicino.ch\/apfelspare\/fr\/prodotto\/display-completo-macbook-pro-13-a1708-late-2016-mid-2017-silver\/","title":{"rendered":"\u00c9cran complet pour MacBook Pro 13\u2033 A1708 A1706 (Late 2016 \u2013 Mid 2017) Silver"},"content":{"rendered":"<div class=\"aps-pdp\">\n<section class=\"aps-card\">\n<header class=\"aps-card__head\">\n<h2 class=\"aps-h\">\u00c9cran complet pour MacBook Pro 13\" A1708 et A1706 (2016 - 2017) - Silver<\/h2>\n<p class=\"aps-sub\">Ensemble \u00e9cran neuf et complet pour restaurer la brillance de votre MacBook Pro en Silver.<\/p>\n<\/header>\n<p>\n      Si l\u2019\u00e9cran de votre MacBook Pro 13\u2033 pr\u00e9sente des lignes, des scintillements ou si le verre est cass\u00e9, ce ricambio \u00ab Assembly \u00bb complet est la solution la plus efficace. Con\u00e7u pour \u00eatre parfaitement compatible aussi bien avec les mod\u00e8les \u00e9quip\u00e9s de la Touch Bar (A1706) qu\u2019avec ceux qui en sont d\u00e9pourvus (A1708), il comprend le panneau LCD Retina, la coque arri\u00e8re Silver, les charni\u00e8res ainsi que la cam\u00e9ra. Le remplacement de l\u2019ensemble garantit une r\u00e9paration propre, en \u00e9liminant en une seule intervention les d\u00e9fauts visuels et les probl\u00e8mes m\u00e9caniques li\u00e9s aux charni\u00e8res.\n    <\/p>\n<p class=\"aps-note\">\n      <span class=\"aps-note__ico\">!<\/span><br \/>\n      <span class=\"aps-note__txt\"><strong>Polyvalence du ricambio :<\/strong> Cet \u00e9cran est compatible avec les g\u00e9n\u00e9rations 2016 et 2017. V\u00e9rifiez l\u2019identifiant du mod\u00e8le (p. ex. MacBookPro14,1) dans les informations syst\u00e8me afin de vous assurer que votre appareil figure parmi ceux list\u00e9s ci-dessous.<\/span>\n    <\/p>\n<\/section>\n<section class=\"aps-card\">\n<header class=\"aps-card__head\">\n<h2 class=\"aps-h\">Mod\u00e8les compatibles<\/h2>\n<p class=\"aps-sub\">L\u2019identifiant du mod\u00e8le confirme la compatibilit\u00e9 technique du composant.<\/p>\n<\/header>\n<ul class=\"aps-check\">\n<li><strong>MacBook Pro 13\" A1708 (Mid 2017)<\/strong> <span class=\"aps-badge\">MacBookPro14.1<\/span><\/li>\n<li><strong>MacBook Pro 13\" A1708 (Late 2016)<\/strong> <span class=\"aps-badge\">MacBookPro13.1<\/span><\/li>\n<li><strong>MacBook Pro 13\" A1706 (Mid 2017)<\/strong> <span class=\"aps-badge\">MacBookPro14.2<\/span><\/li>\n<li><strong>MacBook Pro 13\" A1706 (Late 2016)<\/strong> <span class=\"aps-badge\">MacBookPro13.2<\/span><\/li>\n<\/ul>\n<\/section>\n<section class=\"aps-card\">\n<header class=\"aps-card__head\">\n<h2 class=\"aps-h\">Caract\u00e9ristiques techniques<\/h2>\n<p class=\"aps-sub\">Sp\u00e9cifications du groupe \u00e9cran complet.<\/p>\n<\/header>\n<div class=\"aps-specgrid\">\n<div class=\"aps-spec\">\n<div><span>Type<\/span><strong>Display Assembly complet<\/strong><\/div>\n<\/div>\n<div class=\"aps-spec\">\n<div><span>Technologie<\/span><strong>Retina Display<\/strong><\/div>\n<\/div>\n<div class=\"aps-spec\">\n<div><span>Couleur<\/span><strong>Silver (Argent)<\/strong><\/div>\n<\/div>\n<div class=\"aps-spec\">\n<div><span>\u00c9tat<\/span><strong>Neuf<\/strong><\/div>\n<\/div><\/div>\n<\/section>\n<section class=\"aps-card aps-callout aps-callout--warn\">\n<header class=\"aps-card__head\">\n<h2 class=\"aps-h\">Installation et avertissements<\/h2>\n<p class=\"aps-sub\">Quelques conseils pratiques pour un montage en toute s\u00e9curit\u00e9.<\/p>\n<\/header>\n<p>\n      Le remplacement de cet \u00e9cran demande une bonne dose de calme. Les nappes reliant la vid\u00e9o \u00e0 la carte m\u00e8re sont tr\u00e8s d\u00e9licates et peuvent se rompre facilement si elles sont tir\u00e9es ou pli\u00e9es incorrectement lors du montage. Il est essentiel de d\u00e9connecter la batterie avant de commencer \u00e0 travailler sur les connecteurs afin d\u2019\u00e9viter tout court-circuit. Si vous ne disposez pas des outils ad\u00e9quats ou si vous n\u2019avez jamais ouvert un Mac, nous vous sugg\u00e9rons de faire appel \u00e0 un technicien exp\u00e9riment\u00e9 afin d\u2019\u00e9viter des dommages permanents.\n    <\/p>\n<\/section>\n<section class=\"aps-card aps-callout aps-callout--info\">\n<header class=\"aps-card__head\">\n<h2 class=\"aps-h\">Des doutes sur la compatibilit\u00e9 de la pi\u00e8ce ?<\/h2>\n<p class=\"aps-sub\">Contactez-nous pour obtenir de l\u2019aide dans le choix du composant de remplacement adapt\u00e9 \u00e0 votre appareil.<\/p>\n<\/header>\n<div class=\"aps-cta\">\n      <a class=\"aps-btn\" href=\"mailto:info@apfelspare.ch\">info@apfelspare.ch<\/a><br \/>\n      <span class=\"aps-cta__hint\">Envoyez-nous le num\u00e9ro de s\u00e9rie de votre Mac : nous v\u00e9rifierons rapidement la compatibilit\u00e9.<\/span>\n    <\/div>\n<\/section>\n<\/div>","protected":false},"excerpt":{"rendered":"<p>\u00c9cran complet pour MacBook Pro 13\u2033 A1708 A1706 couleur argent. Comprend l'\u00e9cran, les charni\u00e8res, la cam\u00e9ra et la coque arri\u00e8re.<\/p>","protected":false},"featured_media":14567,"comment_status":"closed","ping_status":"closed","template":"","meta":{"_acf_changed":false,"_et_pb_use_builder":"","_et_pb_old_content":"","_et_gb_content_width":""},"product_brand":[],"product_cat":[179,17,81,79,80,78],"product_tag":[],"class_list":{"0":"post-14566","1":"product","2":"type-product","3":"status-publish","4":"has-post-thumbnail","6":"product_cat-display","7":"product_cat-category-macbook-pro","8":"product_cat-macbook-pro-13-mid-2017-a1708","9":"product_cat-macbook-pro-13-mid-2017-a1706","10":"product_cat-macbook-pro-13-late-2016-a1708","11":"product_cat-macbook-pro-13-late-2016-a1706","12":"product_shipping_class-7-giorni","14":"first","15":"onbackorder","16":"shipping-taxable","17":"purchasable","18":"product-type-simple"},"acf":[],"yoast_head":"<!-- This site is optimized with the Yoast SEO plugin v27.4 - https:\/\/yoast.com\/product\/yoast-seo-wordpress\/ -->\n<title>Display MacBook Pro 13&quot; A1708 A1706 (Late 2016 \u2013 Mid 2017) Silver<\/title>\n<meta name=\"description\" content=\"Display completo per MacBook Pro 13&quot; A1708 A1706 (Late 2016 \u2013 Mid 2017) in colore Silver con cerniere, fotocamera e cover posteriore\" \/>\n<meta name=\"robots\" content=\"index, follow, max-snippet:-1, max-image-preview:large, max-video-preview:-1\" \/>\n<link rel=\"canonical\" href=\"https:\/\/tipicino.ch\/apfelspare\/fr\/produit\/ecran-complet-macbook-pro-13-a1708-late-2016-mid-2017-silver\/\" \/>\n<meta property=\"og:locale\" content=\"fr_FR\" \/>\n<meta property=\"og:type\" content=\"article\" \/>\n<meta property=\"og:title\" content=\"Display MacBook Pro 13&quot; A1708 A1706 (Late 2016 \u2013 Mid 2017) Silver\" \/>\n<meta property=\"og:description\" content=\"Display completo per MacBook Pro 13&quot; A1708 A1706 (Late 2016 \u2013 Mid 2017) in colore Silver con cerniere, fotocamera e cover posteriore\" \/>\n<meta property=\"og:url\" content=\"https:\/\/tipicino.ch\/apfelspare\/fr\/produit\/ecran-complet-macbook-pro-13-a1708-late-2016-mid-2017-silver\/\" \/>\n<meta property=\"og:site_name\" content=\"Ricambi MacBook Pro, MacBook Air e iMac in Svizzera \u2013 Display, Tastiere, Batterie, Trackpad\" \/>\n<meta property=\"article:modified_time\" content=\"2026-03-15T06:54:17+00:00\" \/>\n<meta property=\"og:image\" content=\"https:\/\/tipicino.ch\/apfelspare\/wp-content\/uploads\/2025\/05\/display-a1708-late2016-mid2017-silver.png\" \/>\n\t<meta property=\"og:image:width\" content=\"1000\" \/>\n\t<meta property=\"og:image:height\" content=\"1000\" \/>\n\t<meta property=\"og:image:type\" content=\"image\/png\" \/>\n<meta name=\"twitter:card\" content=\"summary_large_image\" \/>\n<meta name=\"twitter:label1\" content=\"Dur\u00e9e de lecture estim\u00e9e\" \/>\n\t<meta name=\"twitter:data1\" content=\"2 minutes\" \/>\n<!-- \/ Yoast SEO plugin. -->","yoast_head_json":{"title":"\u00c9cran MacBook Pro 13 pouces A1708 A1706 (Late 2016 \u2013 Mid 2017) Silver","description":"\u00c9cran complet pour MacBook Pro 13\" A1708 A1706 (Late 2016 \u2013 Mid 2017) couleur Silver avec charni\u00e8res, cam\u00e9ra et coque arri\u00e8re","robots":{"index":"index","follow":"follow","max-snippet":"max-snippet:-1","max-image-preview":"max-image-preview:large","max-video-preview":"max-video-preview:-1"},"canonical":"https:\/\/tipicino.ch\/apfelspare\/fr\/produit\/ecran-complet-macbook-pro-13-a1708-late-2016-mid-2017-silver\/","og_locale":"fr_FR","og_type":"article","og_title":"Display MacBook Pro 13\" A1708 A1706 (Late 2016 \u2013 Mid 2017) Silver","og_description":"Display completo per MacBook Pro 13\" A1708 A1706 (Late 2016 \u2013 Mid 2017) in colore Silver con cerniere, fotocamera e cover posteriore","og_url":"https:\/\/tipicino.ch\/apfelspare\/fr\/produit\/ecran-complet-macbook-pro-13-a1708-late-2016-mid-2017-silver\/","og_site_name":"Ricambi MacBook Pro, MacBook Air e iMac in Svizzera \u2013 Display, Tastiere, Batterie, Trackpad","article_modified_time":"2026-03-15T06:54:17+00:00","og_image":[{"width":1000,"height":1000,"url":"https:\/\/tipicino.ch\/apfelspare\/wp-content\/uploads\/2025\/05\/display-a1708-late2016-mid2017-silver.png","type":"image\/png"}],"twitter_card":"summary_large_image","twitter_misc":{"Dur\u00e9e de lecture estim\u00e9e":"2 minutes"},"schema":{"@context":"https:\/\/schema.org","@graph":[{"@type":"WebPage","@id":"https:\/\/tipicino.ch\/apfelspare\/fr\/prodotto\/display-completo-macbook-pro-13-a1708-late-2016-mid-2017-silver\/","url":"https:\/\/tipicino.ch\/apfelspare\/fr\/prodotto\/display-completo-macbook-pro-13-a1708-late-2016-mid-2017-silver\/","name":"\u00c9cran MacBook Pro 13 pouces A1708 A1706 (Late 2016 \u2013 Mid 2017) Silver","isPartOf":{"@id":"https:\/\/tipicino.ch\/apfelspare\/fr\/#website"},"primaryImageOfPage":{"@id":"https:\/\/tipicino.ch\/apfelspare\/fr\/prodotto\/display-completo-macbook-pro-13-a1708-late-2016-mid-2017-silver\/#primaryimage"},"image":{"@id":"https:\/\/tipicino.ch\/apfelspare\/fr\/prodotto\/display-completo-macbook-pro-13-a1708-late-2016-mid-2017-silver\/#primaryimage"},"thumbnailUrl":"https:\/\/tipicino.ch\/apfelspare\/wp-content\/uploads\/2025\/05\/display-a1708-late2016-mid2017-silver.png","datePublished":"2025-05-30T22:45:21+00:00","dateModified":"2026-03-15T06:54:17+00:00","description":"\u00c9cran complet pour MacBook Pro 13\" A1708 A1706 (Late 2016 \u2013 Mid 2017) couleur Silver avec charni\u00e8res, cam\u00e9ra et coque arri\u00e8re","breadcrumb":{"@id":"https:\/\/tipicino.ch\/apfelspare\/fr\/prodotto\/display-completo-macbook-pro-13-a1708-late-2016-mid-2017-silver\/#breadcrumb"},"inLanguage":"fr-CH","potentialAction":[{"@type":"ReadAction","target":["https:\/\/tipicino.ch\/apfelspare\/fr\/prodotto\/display-completo-macbook-pro-13-a1708-late-2016-mid-2017-silver\/"]}]},{"@type":"ImageObject","inLanguage":"fr-CH","@id":"https:\/\/tipicino.ch\/apfelspare\/fr\/prodotto\/display-completo-macbook-pro-13-a1708-late-2016-mid-2017-silver\/#primaryimage","url":"https:\/\/tipicino.ch\/apfelspare\/wp-content\/uploads\/2025\/05\/display-a1708-late2016-mid2017-silver.png","contentUrl":"https:\/\/tipicino.ch\/apfelspare\/wp-content\/uploads\/2025\/05\/display-a1708-late2016-mid2017-silver.png","width":1000,"height":1000,"caption":"Display per MacBook Pro 13\" A1708 (Late 2016 \u2013 Mid 2017) \u2013 Silver"},{"@type":"BreadcrumbList","@id":"https:\/\/tipicino.ch\/apfelspare\/fr\/prodotto\/display-completo-macbook-pro-13-a1708-late-2016-mid-2017-silver\/#breadcrumb","itemListElement":[{"@type":"ListItem","position":1,"name":"Home","item":"https:\/\/tipicino.ch\/apfelspare\/fr\/"},{"@type":"ListItem","position":2,"name":"Shop","item":"https:\/\/tipicino.ch\/apfelspare\/fr\/shop\/"},{"@type":"ListItem","position":3,"name":"Display completo per MacBook Pro 13&#8243; A1708 A1706 (Late 2016 \u2013 Mid 2017) Silver"}]},{"@type":"WebSite","@id":"https:\/\/tipicino.ch\/apfelspare\/fr\/#website","url":"https:\/\/tipicino.ch\/apfelspare\/fr\/","name":"Pi\u00e8ces d\u00e9tach\u00e9es MacBook Pro, MacBook Air et iMac en Suisse \u2013 \u00c9crans, Claviers, Batteries, Trackpads","description":"","publisher":{"@id":"https:\/\/tipicino.ch\/apfelspare\/fr\/#organization"},"potentialAction":[{"@type":"SearchAction","target":{"@type":"EntryPoint","urlTemplate":"https:\/\/tipicino.ch\/apfelspare\/fr\/?s={search_term_string}"},"query-input":{"@type":"PropertyValueSpecification","valueRequired":true,"valueName":"search_term_string"}}],"inLanguage":"fr-CH"},{"@type":"Organization","@id":"https:\/\/tipicino.ch\/apfelspare\/fr\/#organization","name":"tipicino.ch\/apfelspare","url":"https:\/\/tipicino.ch\/apfelspare\/fr\/","logo":{"@type":"ImageObject","inLanguage":"fr-CH","@id":"https:\/\/tipicino.ch\/apfelspare\/fr\/#\/schema\/logo\/image\/","url":"https:\/\/tipicino.ch\/apfelspare\/wp-content\/uploads\/2025\/08\/cropped-FAVICON-tipicino.ch\/apfelspare_.png","contentUrl":"https:\/\/tipicino.ch\/apfelspare\/wp-content\/uploads\/2025\/08\/cropped-FAVICON-tipicino.ch\/apfelspare_.png","width":512,"height":512,"caption":"tipicino.ch\/apfelspare"},"image":{"@id":"https:\/\/tipicino.ch\/apfelspare\/fr\/#\/schema\/logo\/image\/"}}]}},"_links":{"self":[{"href":"https:\/\/tipicino.ch\/apfelspare\/fr\/wp-json\/wp\/v2\/product\/14566","targetHints":{"allow":["GET"]}}],"collection":[{"href":"https:\/\/tipicino.ch\/apfelspare\/fr\/wp-json\/wp\/v2\/product"}],"about":[{"href":"https:\/\/tipicino.ch\/apfelspare\/fr\/wp-json\/wp\/v2\/types\/product"}],"replies":[{"embeddable":true,"href":"https:\/\/tipicino.ch\/apfelspare\/fr\/wp-json\/wp\/v2\/comments?post=14566"}],"wp:featuredmedia":[{"embeddable":true,"href":"https:\/\/tipicino.ch\/apfelspare\/fr\/wp-json\/wp\/v2\/media\/14567"}],"wp:attachment":[{"href":"https:\/\/tipicino.ch\/apfelspare\/fr\/wp-json\/wp\/v2\/media?parent=14566"}],"wp:term":[{"taxonomy":"product_brand","embeddable":true,"href":"https:\/\/tipicino.ch\/apfelspare\/fr\/wp-json\/wp\/v2\/product_brand?post=14566"},{"taxonomy":"product_cat","embeddable":true,"href":"https:\/\/tipicino.ch\/apfelspare\/fr\/wp-json\/wp\/v2\/product_cat?post=14566"},{"taxonomy":"product_tag","embeddable":true,"href":"https:\/\/tipicino.ch\/apfelspare\/fr\/wp-json\/wp\/v2\/product_tag?post=14566"}],"curies":[{"name":"wp","href":"https:\/\/api.w.org\/{rel}","templated":true}]}}